{"id":60583,"date":"2022-11-29T22:25:59","date_gmt":"2022-11-29T21:25:59","guid":{"rendered":"https:\/\/www.iskreni.net\/trgovina\/?post_type=product&#038;p=60583"},"modified":"2025-07-09T13:44:22","modified_gmt":"2025-07-09T11:44:22","slug":"zmajcek-iz-zabje-vasi","status":"publish","type":"product","link":"https:\/\/www.iskreni.net\/trgovina\/product\/zmajcek-iz-zabje-vasi\/","title":{"rendered":"Zmaj\u010dek iz \u017eabje vasi"},"content":{"rendered":"<h4>O knjigi <em>Zmaj\u010dek iz \u017eabje vasi<\/em><\/h4>\n<div class=\"categoriesWrapper\">\n<div id=\"categories\" class=\"roundbox\"><\/div>\n<\/div>\n<article class=\"normal-width\">\n<div id=\"longDesc\">\n<div class=\"product-detail-desc\">\n<div>\n<p><b>Zgodba o malem Zmaj\u010dku, ki ga mati Zmajevka odlo\u017ei na njivi v najbolj pode\u017eelskem delu Ljubljane.<\/b> Zmaj\u010dek ne ve, zakaj se je rodil, zato skupaj z va\u0161kimi \u017eivalmi o tem povpra\u0161a Modro \u017eabo, najpametnej\u0161o \u017eabo v \u017dabji vas. Ta mu pove, da so ga \u010dakali tiso\u010d let, da bi \u0161iril ljubezen, ljudem bla\u017eil stiske, jih u\u010dil ljubiti in biti ljubljen ter povezan z naravo.<\/p>\n<p>Odlo\u010di se, da bo \u0161iril ljubezen \u0161e naslednjih tiso\u010d let, da bo zdru\u017eeval dru\u017eine in jih povezoval, tudi tako, da si bodo izdelali male zmaje in tekali po najbli\u017ejih travnikih ter tako krepili medsebojno povezanost, radost in dru\u017eino kot osnovno celico dru\u017ebe.<br \/>\nKnjiga vsebuje tudi Dejstva o \u017eabah in Smernice za izdelavo papirnega zmaja. Slikanico je napisala Anita Hrast, z nenavadnimi kipci pa jo je likovno opremila Nadja Osojnik.<\/p>\n<\/div>\n<\/div>\n<\/div>\n<\/article>\n","protected":false},"excerpt":{"rendered":"<p><strong>Avtor: <\/strong>Anita Hrast<strong><br \/>\nIlustracije:<\/strong> Nadja Osojnik<br \/>\n<strong>Zalo\u017eba: <\/strong>Nabium<br \/>\n<strong>\u0160tevilo strani: <\/strong>24<br \/>\n<strong>Leto izdaje:<\/strong> 2022<br \/>\n<strong>Vezava:<\/strong> trda<br \/>\n<strong>Mere:<\/strong> 24,5 x 24,5 cm<\/p>\n","protected":false},"featured_media":60572,"comment_status":"open","ping_status":"closed","template":"","meta":[],"product_brand":[],"product_cat":[63,135],"product_tag":[1375],"avtor":[],"zalozba":[],"vezava":[],"class_list":{"0":"post-60583","1":"product","2":"type-product","3":"status-publish","4":"has-post-thumbnail","6":"product_cat-knjige","7":"product_cat-za-otroke","8":"product_tag-prijateljstvo","10":"first","11":"onbackorder","12":"taxable","13":"shipping-taxable","14":"purchasable","15":"product-type-simple"},"yoast_head":"<!-- This site is optimized with the Yoast SEO plugin v26.3 - https:\/\/yoast.com\/wordpress\/plugins\/seo\/ -->\n<title>Zmaj\u010dek iz \u017eabje vasi - trgovina Iskreni<\/title>\n<meta name=\"description\" content=\"Zmaj\u010dek iz \u017eabje vasi je zgodba o malem Zmaj\u010dku, ki ga mati Zmajevka odlo\u017ei na njivi v najbolj pode\u017eelskem delu Ljubljane.\" \/>\n<meta name=\"robots\" content=\"index, follow, max-snippet:-1, max-image-preview:large, max-video-preview:-1\" \/>\n<link rel=\"canonical\" href=\"https:\/\/www.iskreni.net\/trgovina\/product\/zmajcek-iz-zabje-vasi\/\" \/>\n<meta property=\"og:locale\" content=\"sl_SI\" \/>\n<meta property=\"og:type\" content=\"article\" \/>\n<meta property=\"og:title\" content=\"Zmaj\u010dek iz \u017eabje vasi\" \/>\n<meta property=\"og:description\" content=\"Zmaj\u010dek iz \u017eabje vasi\" \/>\n<meta property=\"og:url\" content=\"https:\/\/www.iskreni.net\/trgovina\/product\/zmajcek-iz-zabje-vasi\/\" \/>\n<meta property=\"og:site_name\" content=\"Zavod Iskreni\" \/>\n<meta property=\"article:modified_time\" content=\"2025-07-09T11:44:22+00:00\" \/>\n<meta property=\"og:image\" content=\"https:\/\/www.iskreni.net\/trgovina\/wp-content\/uploads\/2022\/11\/2-5.jpg\" \/>\n\t<meta property=\"og:image:width\" content=\"1200\" \/>\n\t<meta property=\"og:image:height\" content=\"674\" \/>\n\t<meta property=\"og:image:type\" content=\"image\/jpeg\" \/>\n<meta name=\"twitter:card\" content=\"summary_large_image\" \/>\n<meta name=\"twitter:label1\" content=\"Est. reading time\" \/>\n\t<meta name=\"twitter:data1\" content=\"1 minuta\" \/>\n<script type=\"application\/ld+json\" class=\"yoast-schema-graph\">{\"@context\":\"https:\/\/schema.org\",\"@graph\":[{\"@type\":\"WebPage\",\"@id\":\"https:\/\/www.iskreni.net\/trgovina\/product\/zmajcek-iz-zabje-vasi\/\",\"url\":\"https:\/\/www.iskreni.net\/trgovina\/product\/zmajcek-iz-zabje-vasi\/\",\"name\":\"Zmaj\u010dek iz \u017eabje vasi - trgovina Iskreni\",\"isPartOf\":{\"@id\":\"https:\/\/www.iskreni.net\/trgovina\/#website\"},\"primaryImageOfPage\":{\"@id\":\"https:\/\/www.iskreni.net\/trgovina\/product\/zmajcek-iz-zabje-vasi\/#primaryimage\"},\"image\":{\"@id\":\"https:\/\/www.iskreni.net\/trgovina\/product\/zmajcek-iz-zabje-vasi\/#primaryimage\"},\"thumbnailUrl\":\"https:\/\/www.iskreni.net\/trgovina\/wp-content\/uploads\/2022\/11\/2-4.jpg\",\"datePublished\":\"2022-11-29T21:25:59+00:00\",\"dateModified\":\"2025-07-09T11:44:22+00:00\",\"description\":\"Zmaj\u010dek iz \u017eabje vasi je zgodba o malem Zmaj\u010dku, ki ga mati Zmajevka odlo\u017ei na njivi v najbolj pode\u017eelskem delu Ljubljane.\",\"breadcrumb\":{\"@id\":\"https:\/\/www.iskreni.net\/trgovina\/product\/zmajcek-iz-zabje-vasi\/#breadcrumb\"},\"inLanguage\":\"sl-SI\",\"potentialAction\":[{\"@type\":\"ReadAction\",\"target\":[\"https:\/\/www.iskreni.net\/trgovina\/product\/zmajcek-iz-zabje-vasi\/\"]}]},{\"@type\":\"ImageObject\",\"inLanguage\":\"sl-SI\",\"@id\":\"https:\/\/www.iskreni.net\/trgovina\/product\/zmajcek-iz-zabje-vasi\/#primaryimage\",\"url\":\"https:\/\/www.iskreni.net\/trgovina\/wp-content\/uploads\/2022\/11\/2-4.jpg\",\"contentUrl\":\"https:\/\/www.iskreni.net\/trgovina\/wp-content\/uploads\/2022\/11\/2-4.jpg\",\"width\":600,\"height\":600},{\"@type\":\"BreadcrumbList\",\"@id\":\"https:\/\/www.iskreni.net\/trgovina\/product\/zmajcek-iz-zabje-vasi\/#breadcrumb\",\"itemListElement\":[{\"@type\":\"ListItem\",\"position\":1,\"name\":\"Home\",\"item\":\"https:\/\/www.iskreni.net\/trgovina\/\"},{\"@type\":\"ListItem\",\"position\":2,\"name\":\"Trgovina\",\"item\":\"https:\/\/www.iskreni.net\/trgovina\/trgovina\/\"},{\"@type\":\"ListItem\",\"position\":3,\"name\":\"Zmaj\u010dek iz \u017eabje vasi\"}]},{\"@type\":\"WebSite\",\"@id\":\"https:\/\/www.iskreni.net\/trgovina\/#website\",\"url\":\"https:\/\/www.iskreni.net\/trgovina\/\",\"name\":\"Zavod Iskreni\",\"description\":\"trgovina\",\"potentialAction\":[{\"@type\":\"SearchAction\",\"target\":{\"@type\":\"EntryPoint\",\"urlTemplate\":\"https:\/\/www.iskreni.net\/trgovina\/?s={search_term_string}\"},\"query-input\":{\"@type\":\"PropertyValueSpecification\",\"valueRequired\":true,\"valueName\":\"search_term_string\"}}],\"inLanguage\":\"sl-SI\"}]}<\/script>\n<!-- \/ Yoast SEO plugin. -->","yoast_head_json":{"title":"Zmaj\u010dek iz \u017eabje vasi - trgovina Iskreni","description":"Zmaj\u010dek iz \u017eabje vasi je zgodba o malem Zmaj\u010dku, ki ga mati Zmajevka odlo\u017ei na njivi v najbolj pode\u017eelskem delu Ljubljane.","robots":{"index":"index","follow":"follow","max-snippet":"max-snippet:-1","max-image-preview":"max-image-preview:large","max-video-preview":"max-video-preview:-1"},"canonical":"https:\/\/www.iskreni.net\/trgovina\/product\/zmajcek-iz-zabje-vasi\/","og_locale":"sl_SI","og_type":"article","og_title":"Zmaj\u010dek iz \u017eabje vasi","og_description":"Zmaj\u010dek iz \u017eabje vasi","og_url":"https:\/\/www.iskreni.net\/trgovina\/product\/zmajcek-iz-zabje-vasi\/","og_site_name":"Zavod Iskreni","article_modified_time":"2025-07-09T11:44:22+00:00","og_image":[{"width":1200,"height":674,"url":"https:\/\/www.iskreni.net\/trgovina\/wp-content\/uploads\/2022\/11\/2-5.jpg","type":"image\/jpeg"}],"twitter_card":"summary_large_image","twitter_misc":{"Est. reading time":"1 minuta"},"schema":{"@context":"https:\/\/schema.org","@graph":[{"@type":"WebPage","@id":"https:\/\/www.iskreni.net\/trgovina\/product\/zmajcek-iz-zabje-vasi\/","url":"https:\/\/www.iskreni.net\/trgovina\/product\/zmajcek-iz-zabje-vasi\/","name":"Zmaj\u010dek iz \u017eabje vasi - trgovina Iskreni","isPartOf":{"@id":"https:\/\/www.iskreni.net\/trgovina\/#website"},"primaryImageOfPage":{"@id":"https:\/\/www.iskreni.net\/trgovina\/product\/zmajcek-iz-zabje-vasi\/#primaryimage"},"image":{"@id":"https:\/\/www.iskreni.net\/trgovina\/product\/zmajcek-iz-zabje-vasi\/#primaryimage"},"thumbnailUrl":"https:\/\/www.iskreni.net\/trgovina\/wp-content\/uploads\/2022\/11\/2-4.jpg","datePublished":"2022-11-29T21:25:59+00:00","dateModified":"2025-07-09T11:44:22+00:00","description":"Zmaj\u010dek iz \u017eabje vasi je zgodba o malem Zmaj\u010dku, ki ga mati Zmajevka odlo\u017ei na njivi v najbolj pode\u017eelskem delu Ljubljane.","breadcrumb":{"@id":"https:\/\/www.iskreni.net\/trgovina\/product\/zmajcek-iz-zabje-vasi\/#breadcrumb"},"inLanguage":"sl-SI","potentialAction":[{"@type":"ReadAction","target":["https:\/\/www.iskreni.net\/trgovina\/product\/zmajcek-iz-zabje-vasi\/"]}]},{"@type":"ImageObject","inLanguage":"sl-SI","@id":"https:\/\/www.iskreni.net\/trgovina\/product\/zmajcek-iz-zabje-vasi\/#primaryimage","url":"https:\/\/www.iskreni.net\/trgovina\/wp-content\/uploads\/2022\/11\/2-4.jpg","contentUrl":"https:\/\/www.iskreni.net\/trgovina\/wp-content\/uploads\/2022\/11\/2-4.jpg","width":600,"height":600},{"@type":"BreadcrumbList","@id":"https:\/\/www.iskreni.net\/trgovina\/product\/zmajcek-iz-zabje-vasi\/#breadcrumb","itemListElement":[{"@type":"ListItem","position":1,"name":"Home","item":"https:\/\/www.iskreni.net\/trgovina\/"},{"@type":"ListItem","position":2,"name":"Trgovina","item":"https:\/\/www.iskreni.net\/trgovina\/trgovina\/"},{"@type":"ListItem","position":3,"name":"Zmaj\u010dek iz \u017eabje vasi"}]},{"@type":"WebSite","@id":"https:\/\/www.iskreni.net\/trgovina\/#website","url":"https:\/\/www.iskreni.net\/trgovina\/","name":"Zavod Iskreni","description":"trgovina","potentialAction":[{"@type":"SearchAction","target":{"@type":"EntryPoint","urlTemplate":"https:\/\/www.iskreni.net\/trgovina\/?s={search_term_string}"},"query-input":{"@type":"PropertyValueSpecification","valueRequired":true,"valueName":"search_term_string"}}],"inLanguage":"sl-SI"}]}},"_links":{"self":[{"href":"https:\/\/www.iskreni.net\/trgovina\/wp-json\/wp\/v2\/product\/60583","targetHints":{"allow":["GET"]}}],"collection":[{"href":"https:\/\/www.iskreni.net\/trgovina\/wp-json\/wp\/v2\/product"}],"about":[{"href":"https:\/\/www.iskreni.net\/trgovina\/wp-json\/wp\/v2\/types\/product"}],"replies":[{"embeddable":true,"href":"https:\/\/www.iskreni.net\/trgovina\/wp-json\/wp\/v2\/comments?post=60583"}],"version-history":[{"count":3,"href":"https:\/\/www.iskreni.net\/trgovina\/wp-json\/wp\/v2\/product\/60583\/revisions"}],"predecessor-version":[{"id":88057,"href":"https:\/\/www.iskreni.net\/trgovina\/wp-json\/wp\/v2\/product\/60583\/revisions\/88057"}],"wp:featuredmedia":[{"embeddable":true,"href":"https:\/\/www.iskreni.net\/trgovina\/wp-json\/wp\/v2\/media\/60572"}],"wp:attachment":[{"href":"https:\/\/www.iskreni.net\/trgovina\/wp-json\/wp\/v2\/media?parent=60583"}],"wp:term":[{"taxonomy":"product_brand","embeddable":true,"href":"https:\/\/www.iskreni.net\/trgovina\/wp-json\/wp\/v2\/product_brand?post=60583"},{"taxonomy":"product_cat","embeddable":true,"href":"https:\/\/www.iskreni.net\/trgovina\/wp-json\/wp\/v2\/product_cat?post=60583"},{"taxonomy":"product_tag","embeddable":true,"href":"https:\/\/www.iskreni.net\/trgovina\/wp-json\/wp\/v2\/product_tag?post=60583"},{"taxonomy":"avtor","embeddable":true,"href":"https:\/\/www.iskreni.net\/trgovina\/wp-json\/wp\/v2\/avtor?post=60583"},{"taxonomy":"zalozba","embeddable":true,"href":"https:\/\/www.iskreni.net\/trgovina\/wp-json\/wp\/v2\/zalozba?post=60583"},{"taxonomy":"vezava","embeddable":true,"href":"https:\/\/www.iskreni.net\/trgovina\/wp-json\/wp\/v2\/vezava?post=60583"}],"curies":[{"name":"wp","href":"https:\/\/api.w.org\/{rel}","templated":true}]}}