{"id":60227,"date":"2022-11-18T21:31:26","date_gmt":"2022-11-18T20:31:26","guid":{"rendered":"https:\/\/www.iskreni.net\/trgovina\/?post_type=product&#038;p=60227"},"modified":"2023-10-19T13:44:51","modified_gmt":"2023-10-19T11:44:51","slug":"pogovori-z-njo","status":"publish","type":"product","link":"https:\/\/www.iskreni.net\/trgovina\/product\/pogovori-z-njo\/","title":{"rendered":"Pogovori z njo"},"content":{"rendered":"<h3 id=\"anchor-o-izdelku\" class=\"title\">O knjigi <em>Pogovori z njo<\/em><\/h3>\n<div id=\"tab-opis_tab\" class=\"tab-pane active\">\n<p>Zamol\u010dana usoda slovenskega vojaka z napa\u010dne strani zgodovine<\/p>\n<p><em>Zgodovinski roman je simpozij pozabljenih zgodb. Med zgodbami, ki v slovenskem prostoru nikoli niso bile zares povedane, so usode slovenskih mobilizirancev v nem\u0161ko vojsko v \u010dasu druge svetovne vojne. Zanje se vojna po kapitulaciji tretjega rajha ne kon\u010da zares. V <\/em>Pogovorih z Njo<em> podo\u017eivimo dramo prisilnega vojaka v tuji vojski, neodgovorjena vpra\u0161anja, ves absurd in tragiko vojnega stanja. Kar so generacije na\u0161ih dedov zakopale vase ali le v prebliskih in \u0161epetu zaupale najbli\u017ejim, je Branko Cestnik sestavil v neminljiv pomnik \u010dasa na trdnih kamnih resni\u010dnih histori\u010dnih dogodkov.<br \/>\n<\/em><br \/>\nJakob \u0160pilek z Dravskega polja je prisilno mobiliziran v nem\u0161ko vojsko. Avgusta 1944 se s svojo razbito enoto umika iz Normandije. V kaoti\u010dnih razmerah poslednjih izbruhov svetovne morije njegovo usodo zaznamujejo tri \u017eenske. V francoskem Amiensu njegovo bit preizpra\u0161uje odlo\u010dna in revolucionarno razpolo\u017eena Fabienne, pri pre\u010dkanju Rena ga pred smrtjo za\u0161\u010diti mrtva nacistka Traudlind, ki mu spregovori skozi blodnjavost obsmrtnega do\u017eivetja, ob koncu vojne pa ga pred najhuj\u0161im re\u0161i kmetica Anna, ki mu ponudi privla\u010den in lep, a tuji povojni svet.<br \/>\nPo dolgi poti z zahodne fronte, polni absurdnosti vojnih politi\u010dnih razmer, se Jakob jeseni 1945 skupaj s \u0161tevilnimi rojaki podobne usode kon\u010dno vrne v domovino. A na Karavankah se njegova kalvarija ne kon\u010da. Vojnega odpadnika z napa\u010dne strani zgodovine obto\u017eijo vohunstva in ga v zaporu izstradajo skoraj do smrti. Ko se kon\u010dno znajde pred Marijino podobo na Ptujski Gori, pod pla\u0161\u010dem spozna sebe in vse svoje tovari\u0161e. Prav Marijin pla\u0161\u010d kot nevidna tkanina pokriva njihove usode in razpleta nitke vse do srebrnih in zlatih nakovalc v doma\u010dem Brun\u0161viku in objemu zvestega dekleta Gere.<\/p>\n<\/div>\n<p>&nbsp;<\/p>\n<h3>Iz knjige<\/h3>\n<p><em>Pljunil ga je.<\/em><br \/>\n<em>Pljunek je priletel Jakobu v o\u010di in desno lice. Prvi\u010d v \u017eivljenju je bilo, da ga je nekdo pljunil v obraz. Niso ga pljunili bahati Staro\u0161in\u010dani, s katerimi se je kot otrok parkrat stepel pri kamniti geodetski piramidi, ki je med drugim zapovedovala mejo med \u0161entjan\u0161ko in cirkov\u0161ko faro ter med mariborskim in ptujskim okrajem. Niso ga pljunili nem\u0161kutarji pred vojno in Nemci med vojno, \u010deprav je bil zanje Vindi\u0161ar, po njihovi teoriji nekak pol\u010dlovek. Niso ga pljunili Francozi, kjer je bil okupator. \u0160e razka\u010dena gospa Fabienne je pljunila v tla, ne vanj, s simbolnim pljunkom, ne s pravo sluzjo. Ruski jetniki, ki jih je stra\u017eil pri flensbur\u0161kih mlinih na veter, so razo\u010darano zmajevali z glavami in mu o\u010ditali, da je slavjanskij brat v nemeckom pla\u0161je, niso pa ga popljuvali. Tudi Ameri\u010dani, ki so ga zasli\u0161evali v Amorbachu, ga niso pljunili v obraz, pa so njegove krogle na fronti zadele kak\u0161nega od pe\u0161akov z one strani Atlantika, verjetno koga poslale pred nebe\u0161ki sodni stol. Tuji svet ga ni pljunil. Repatriiranec se mu je moralo re\u010di, vohunstva je moral biti osumljen, pod Triglavom se je moralo zgoditi, da so njegove veke in lica do\u010dakala topel pljunek.<\/em><br \/>\n(Stran 218)<\/p>\n<p>&nbsp;<\/p>\n","protected":false},"excerpt":{"rendered":"<p><strong>Leto izdaje:<\/strong> 2022<br \/>\n<strong>\u0160tevilo strani:<\/strong> 264<br \/>\n<strong>Format:<\/strong> 135 x 210 mm<\/p>\n<h4>Zamol\u010dana usoda slovenskega vojaka z napa\u010dne strani zgodovine<\/h4>\n","protected":false},"featured_media":60198,"comment_status":"open","ping_status":"closed","template":"","meta":[],"product_brand":[],"product_cat":[2324,63],"product_tag":[],"avtor":[2353],"zalozba":[2337],"vezava":[2307],"class_list":{"0":"post-60227","1":"product","2":"type-product","3":"status-publish","4":"has-post-thumbnail","6":"product_cat-duhovnost-in-osebna-rast","7":"product_cat-knjige","8":"avtor-branko-cestnik","9":"zalozba-celjska-mohorjeva-druzba","10":"vezava-mehka","12":"first","13":"instock","14":"taxable","15":"shipping-taxable","16":"purchasable","17":"product-type-simple"},"yoast_head":"<!-- This site is optimized with the Yoast SEO plugin v26.3 - https:\/\/yoast.com\/wordpress\/plugins\/seo\/ -->\n<title>Pogovori z njo - Branko Cestnik - trgovina Iskreni<\/title>\n<meta name=\"description\" content=\"Pogovori z njo je simpozij pozabljenih zgodb o usodah slovenskih mobilizirancev v nem\u0161ko vojsko v \u010dasu druge svetovne vojne.\" \/>\n<meta name=\"robots\" content=\"index, follow, max-snippet:-1, max-image-preview:large, max-video-preview:-1\" \/>\n<link rel=\"canonical\" href=\"https:\/\/www.iskreni.net\/trgovina\/product\/pogovori-z-njo\/\" \/>\n<meta property=\"og:locale\" content=\"sl_SI\" \/>\n<meta property=\"og:type\" content=\"article\" \/>\n<meta property=\"og:title\" content=\"Pogovori z njo\" \/>\n<meta property=\"og:description\" content=\"Simpozij pozabljenih zgodb o usodah slovenskih mobilizirancev v nem\u0161ko vojsko v \u010dasu druge svetovne vojne.\" \/>\n<meta property=\"og:url\" content=\"https:\/\/www.iskreni.net\/trgovina\/product\/pogovori-z-njo\/\" \/>\n<meta property=\"og:site_name\" content=\"Zavod Iskreni\" \/>\n<meta property=\"article:modified_time\" content=\"2023-10-19T11:44:51+00:00\" \/>\n<meta property=\"og:image\" content=\"https:\/\/www.iskreni.net\/trgovina\/wp-content\/uploads\/2022\/06\/Slike-za-spletno-SOCIAL-7.jpg\" \/>\n\t<meta property=\"og:image:width\" content=\"1200\" \/>\n\t<meta property=\"og:image:height\" content=\"674\" \/>\n\t<meta property=\"og:image:type\" content=\"image\/jpeg\" \/>\n<meta name=\"twitter:card\" content=\"summary_large_image\" \/>\n<meta name=\"twitter:label1\" content=\"Est. reading time\" \/>\n\t<meta name=\"twitter:data1\" content=\"3 minute\" \/>\n<script type=\"application\/ld+json\" class=\"yoast-schema-graph\">{\"@context\":\"https:\/\/schema.org\",\"@graph\":[{\"@type\":\"WebPage\",\"@id\":\"https:\/\/www.iskreni.net\/trgovina\/product\/pogovori-z-njo\/\",\"url\":\"https:\/\/www.iskreni.net\/trgovina\/product\/pogovori-z-njo\/\",\"name\":\"Pogovori z njo - Branko Cestnik - trgovina Iskreni\",\"isPartOf\":{\"@id\":\"https:\/\/www.iskreni.net\/trgovina\/#website\"},\"primaryImageOfPage\":{\"@id\":\"https:\/\/www.iskreni.net\/trgovina\/product\/pogovori-z-njo\/#primaryimage\"},\"image\":{\"@id\":\"https:\/\/www.iskreni.net\/trgovina\/product\/pogovori-z-njo\/#primaryimage\"},\"thumbnailUrl\":\"https:\/\/www.iskreni.net\/trgovina\/wp-content\/uploads\/2022\/11\/2-2.jpg\",\"datePublished\":\"2022-11-18T20:31:26+00:00\",\"dateModified\":\"2023-10-19T11:44:51+00:00\",\"description\":\"Pogovori z njo je simpozij pozabljenih zgodb o usodah slovenskih mobilizirancev v nem\u0161ko vojsko v \u010dasu druge svetovne vojne.\",\"breadcrumb\":{\"@id\":\"https:\/\/www.iskreni.net\/trgovina\/product\/pogovori-z-njo\/#breadcrumb\"},\"inLanguage\":\"sl-SI\",\"potentialAction\":[{\"@type\":\"ReadAction\",\"target\":[\"https:\/\/www.iskreni.net\/trgovina\/product\/pogovori-z-njo\/\"]}]},{\"@type\":\"ImageObject\",\"inLanguage\":\"sl-SI\",\"@id\":\"https:\/\/www.iskreni.net\/trgovina\/product\/pogovori-z-njo\/#primaryimage\",\"url\":\"https:\/\/www.iskreni.net\/trgovina\/wp-content\/uploads\/2022\/11\/2-2.jpg\",\"contentUrl\":\"https:\/\/www.iskreni.net\/trgovina\/wp-content\/uploads\/2022\/11\/2-2.jpg\",\"width\":600,\"height\":600},{\"@type\":\"BreadcrumbList\",\"@id\":\"https:\/\/www.iskreni.net\/trgovina\/product\/pogovori-z-njo\/#breadcrumb\",\"itemListElement\":[{\"@type\":\"ListItem\",\"position\":1,\"name\":\"Home\",\"item\":\"https:\/\/www.iskreni.net\/trgovina\/\"},{\"@type\":\"ListItem\",\"position\":2,\"name\":\"Trgovina\",\"item\":\"https:\/\/www.iskreni.net\/trgovina\/trgovina\/\"},{\"@type\":\"ListItem\",\"position\":3,\"name\":\"Pogovori z njo\"}]},{\"@type\":\"WebSite\",\"@id\":\"https:\/\/www.iskreni.net\/trgovina\/#website\",\"url\":\"https:\/\/www.iskreni.net\/trgovina\/\",\"name\":\"Zavod Iskreni\",\"description\":\"trgovina\",\"potentialAction\":[{\"@type\":\"SearchAction\",\"target\":{\"@type\":\"EntryPoint\",\"urlTemplate\":\"https:\/\/www.iskreni.net\/trgovina\/?s={search_term_string}\"},\"query-input\":{\"@type\":\"PropertyValueSpecification\",\"valueRequired\":true,\"valueName\":\"search_term_string\"}}],\"inLanguage\":\"sl-SI\"}]}<\/script>\n<!-- \/ Yoast SEO plugin. -->","yoast_head_json":{"title":"Pogovori z njo - Branko Cestnik - trgovina Iskreni","description":"Pogovori z njo je simpozij pozabljenih zgodb o usodah slovenskih mobilizirancev v nem\u0161ko vojsko v \u010dasu druge svetovne vojne.","robots":{"index":"index","follow":"follow","max-snippet":"max-snippet:-1","max-image-preview":"max-image-preview:large","max-video-preview":"max-video-preview:-1"},"canonical":"https:\/\/www.iskreni.net\/trgovina\/product\/pogovori-z-njo\/","og_locale":"sl_SI","og_type":"article","og_title":"Pogovori z njo","og_description":"Simpozij pozabljenih zgodb o usodah slovenskih mobilizirancev v nem\u0161ko vojsko v \u010dasu druge svetovne vojne.","og_url":"https:\/\/www.iskreni.net\/trgovina\/product\/pogovori-z-njo\/","og_site_name":"Zavod Iskreni","article_modified_time":"2023-10-19T11:44:51+00:00","og_image":[{"width":1200,"height":674,"url":"https:\/\/www.iskreni.net\/trgovina\/wp-content\/uploads\/2022\/06\/Slike-za-spletno-SOCIAL-7.jpg","type":"image\/jpeg"}],"twitter_card":"summary_large_image","twitter_misc":{"Est. reading time":"3 minute"},"schema":{"@context":"https:\/\/schema.org","@graph":[{"@type":"WebPage","@id":"https:\/\/www.iskreni.net\/trgovina\/product\/pogovori-z-njo\/","url":"https:\/\/www.iskreni.net\/trgovina\/product\/pogovori-z-njo\/","name":"Pogovori z njo - Branko Cestnik - trgovina Iskreni","isPartOf":{"@id":"https:\/\/www.iskreni.net\/trgovina\/#website"},"primaryImageOfPage":{"@id":"https:\/\/www.iskreni.net\/trgovina\/product\/pogovori-z-njo\/#primaryimage"},"image":{"@id":"https:\/\/www.iskreni.net\/trgovina\/product\/pogovori-z-njo\/#primaryimage"},"thumbnailUrl":"https:\/\/www.iskreni.net\/trgovina\/wp-content\/uploads\/2022\/11\/2-2.jpg","datePublished":"2022-11-18T20:31:26+00:00","dateModified":"2023-10-19T11:44:51+00:00","description":"Pogovori z njo je simpozij pozabljenih zgodb o usodah slovenskih mobilizirancev v nem\u0161ko vojsko v \u010dasu druge svetovne vojne.","breadcrumb":{"@id":"https:\/\/www.iskreni.net\/trgovina\/product\/pogovori-z-njo\/#breadcrumb"},"inLanguage":"sl-SI","potentialAction":[{"@type":"ReadAction","target":["https:\/\/www.iskreni.net\/trgovina\/product\/pogovori-z-njo\/"]}]},{"@type":"ImageObject","inLanguage":"sl-SI","@id":"https:\/\/www.iskreni.net\/trgovina\/product\/pogovori-z-njo\/#primaryimage","url":"https:\/\/www.iskreni.net\/trgovina\/wp-content\/uploads\/2022\/11\/2-2.jpg","contentUrl":"https:\/\/www.iskreni.net\/trgovina\/wp-content\/uploads\/2022\/11\/2-2.jpg","width":600,"height":600},{"@type":"BreadcrumbList","@id":"https:\/\/www.iskreni.net\/trgovina\/product\/pogovori-z-njo\/#breadcrumb","itemListElement":[{"@type":"ListItem","position":1,"name":"Home","item":"https:\/\/www.iskreni.net\/trgovina\/"},{"@type":"ListItem","position":2,"name":"Trgovina","item":"https:\/\/www.iskreni.net\/trgovina\/trgovina\/"},{"@type":"ListItem","position":3,"name":"Pogovori z njo"}]},{"@type":"WebSite","@id":"https:\/\/www.iskreni.net\/trgovina\/#website","url":"https:\/\/www.iskreni.net\/trgovina\/","name":"Zavod Iskreni","description":"trgovina","potentialAction":[{"@type":"SearchAction","target":{"@type":"EntryPoint","urlTemplate":"https:\/\/www.iskreni.net\/trgovina\/?s={search_term_string}"},"query-input":{"@type":"PropertyValueSpecification","valueRequired":true,"valueName":"search_term_string"}}],"inLanguage":"sl-SI"}]}},"_links":{"self":[{"href":"https:\/\/www.iskreni.net\/trgovina\/wp-json\/wp\/v2\/product\/60227","targetHints":{"allow":["GET"]}}],"collection":[{"href":"https:\/\/www.iskreni.net\/trgovina\/wp-json\/wp\/v2\/product"}],"about":[{"href":"https:\/\/www.iskreni.net\/trgovina\/wp-json\/wp\/v2\/types\/product"}],"replies":[{"embeddable":true,"href":"https:\/\/www.iskreni.net\/trgovina\/wp-json\/wp\/v2\/comments?post=60227"}],"version-history":[{"count":5,"href":"https:\/\/www.iskreni.net\/trgovina\/wp-json\/wp\/v2\/product\/60227\/revisions"}],"predecessor-version":[{"id":70091,"href":"https:\/\/www.iskreni.net\/trgovina\/wp-json\/wp\/v2\/product\/60227\/revisions\/70091"}],"wp:featuredmedia":[{"embeddable":true,"href":"https:\/\/www.iskreni.net\/trgovina\/wp-json\/wp\/v2\/media\/60198"}],"wp:attachment":[{"href":"https:\/\/www.iskreni.net\/trgovina\/wp-json\/wp\/v2\/media?parent=60227"}],"wp:term":[{"taxonomy":"product_brand","embeddable":true,"href":"https:\/\/www.iskreni.net\/trgovina\/wp-json\/wp\/v2\/product_brand?post=60227"},{"taxonomy":"product_cat","embeddable":true,"href":"https:\/\/www.iskreni.net\/trgovina\/wp-json\/wp\/v2\/product_cat?post=60227"},{"taxonomy":"product_tag","embeddable":true,"href":"https:\/\/www.iskreni.net\/trgovina\/wp-json\/wp\/v2\/product_tag?post=60227"},{"taxonomy":"avtor","embeddable":true,"href":"https:\/\/www.iskreni.net\/trgovina\/wp-json\/wp\/v2\/avtor?post=60227"},{"taxonomy":"zalozba","embeddable":true,"href":"https:\/\/www.iskreni.net\/trgovina\/wp-json\/wp\/v2\/zalozba?post=60227"},{"taxonomy":"vezava","embeddable":true,"href":"https:\/\/www.iskreni.net\/trgovina\/wp-json\/wp\/v2\/vezava?post=60227"}],"curies":[{"name":"wp","href":"https:\/\/api.w.org\/{rel}","templated":true}]}}