{"id":6009,"date":"2019-08-20T12:13:47","date_gmt":"2019-08-20T10:13:47","guid":{"rendered":"https:\/\/www.iskreni.net\/trgovina\/product\/cudovita-princesa\/"},"modified":"2025-12-15T10:57:08","modified_gmt":"2025-12-15T09:57:08","slug":"cudovita-princesa-prva-izdaja","status":"publish","type":"product","link":"https:\/\/www.iskreni.net\/trgovina\/product\/cudovita-princesa-prva-izdaja\/","title":{"rendered":"\u010cudovita princesa &#8211; prva izdaja"},"content":{"rendered":"<h4><\/h4>\n<h4><strong>O knjigi\u00a0<em>\u010cudovita princesa:<\/em><\/strong><\/h4>\n<p>V knjigi\u00a0<strong>\u010cudovita princesa <\/strong>so zbrane vse informacije, ki jih deklice potrebujejo pri soo\u010danju s spremembami, ki jih \u010dakajo v puberteti. Od spremembe postave, telesnega vonja, rasto\u010dih prsi, mozoljev, menstruacije do novih ob\u010dutkov, skrbi zase in \u0161e marsikaj drugega. Napisana je v preprostem jeziku in opremljena s \u010dudovitimi ilustracijami Evgenije Jarc.<\/p>\n<p>Knjiga <strong>\u010c<\/strong><strong>udovita princesa\u00a0<\/strong>je namenjena deklicam 8. in 12. letom. V njej bo deklica na\u0161la odgovore na vsa vpra\u0161anja, ki se ji v tem starostnem obdobju zastavljajo. Ne glede na to, ali gre za vpra\u0161anja telesnega ali \u010dustvenega razvoja, ali pa za povsem prakti\u010dne nasvete, so odgovori zapisani tako, da bo izvedela vse, kar mora vedeti, in to na na\u010din, ki jo bo spodbujal, da bo svoje odra\u0161\u010danje sprejemala z veseljem in hvale\u017enostjo.<\/p>\n<p>&nbsp;<\/p>\n<h4><strong>Odlomek iz knjige:<\/strong><\/h4>\n<p><em>Potem je bilo tu \u0161e telo, ki se je kar naenkrat za\u010delo spreminjati. Jaz pa si tega\u00a0nisem \u017eelela. \u0160e sedaj se spomnim, kako sem pod majico oblekla zgornji del kopalk, da bi z njim prikrila rasto\u010de prsi. \u0160e huj\u0161e je bilo, ko sem dobila menstruacijo. Vlo\u017eki, ki sem jih na\u0161la v mamini omari, so se mi zdeli ogromni. In ker sem\u00a0bila ena izmed tistih nesre\u010dnic, ki je v paketu z menstruacijo dobila tudi bole\u010dine,\u00a0sem si potiho \u017eelela, da bi bila raje fant. Mislila sem si, da bi bilo tako \u017eivljenje\u00a0veliko bolj enostavno, predvsem pa la\u017eje. \u0160ele kasneje sem spoznala, kaj se je z\u00a0mano pravzaprav dogajalo in koliko la\u017ee bi mi bilo, \u010de bi dolo\u010dene stvari vedela in razumela \u017ee takrat.<\/em><\/p>\n<p>&nbsp;<\/p>\n<h4><strong>O avtorju:<\/strong><\/h4>\n<p>Maja Vovk je \u017eena in mama \u0161tirih otrok, od tega dveh deklet. Po izobrazbi je magistra farmacije in svetovalka za plodnost in naravno na\u010drtovanje dru\u017eine pri Zavodu Iskreni. V \u017eelji, da bi \u017ee deklice spoznale skrivnosti svojega telesa in odkrivale lepoto \u017eenskosti, izvaja delavnici <a href=\"https:\/\/www.iskreni.net\/programi\/cudovita-princesa\/\" target=\"_blank\" rel=\"noopener\">\u010cudovita princesa<\/a> in <a href=\"https:\/\/www.iskreni.net\/programi\/skrivnostna-lepotica\/\" target=\"_blank\" rel=\"noopener\">Skrivnostna lepotica<\/a>, ki sta namenjeni odra\u0161\u010dajo\u010dim dekletom in njihovmi mamam. Na podlagi teh delavnic je nastala tudi knjiga \u010cudovita princesa.<\/p>\n<h4><\/h4>\n<p><strong>\u017delite prebrati odlomek iz knjige? <a href=\"https:\/\/www.iskreni.net\/trgovina\/wp-content\/uploads\/2019\/08\/cudovita-princesa-notranjost-1-9.pdf\">Tule je!<\/a><\/strong><\/p>\n","protected":false},"excerpt":{"rendered":"<p><b><\/b><strong>Ilustracije:<\/strong> Evgenija Jarc<br \/>\n<strong>\u0160tevilo strani:<\/strong> 64<\/p>\n<p><em>Vse, kar mora najstnica vedeti o svojem spreminjajo\u010dem se telesu in novih ob\u010dutkih.<\/em><\/p>\n<p><span style=\"font-size: 14pt;\"><strong><a href=\"https:\/\/www.iskreni.net\/trgovina\/wp-content\/uploads\/2019\/08\/cudovita-princesa-notranjost-1-9.pdf\">Prelistaj knjigo<\/a><\/strong><\/span><\/p>\n<p><span style=\"color: #ff0000;\"><b data-stringify-type=\"bold\">Knjiga \u010cudovita princesa je spet v prodaji!<br \/>\n<\/b><\/span><\/p>\n","protected":false},"featured_media":6010,"comment_status":"open","ping_status":"closed","template":"","meta":[],"product_brand":[],"product_cat":[1430,63],"product_tag":[1687,1429],"avtor":[2604],"zalozba":[2305],"vezava":[2307],"class_list":{"0":"post-6009","1":"product","2":"type-product","3":"status-publish","4":"has-post-thumbnail","6":"product_cat-iz-nase-zalozbe","7":"product_cat-knjige","8":"product_tag-rojstni-dan","9":"product_tag-zavod-iskreni","10":"avtor-maja-vovk","11":"zalozba-zavod-iskreni","12":"vezava-mehka","14":"first","15":"instock","16":"taxable","17":"shipping-taxable","18":"purchasable","19":"product-type-simple"},"yoast_head":"<!-- This site is optimized with the Yoast SEO plugin v26.3 - https:\/\/yoast.com\/wordpress\/plugins\/seo\/ -->\n<title>\u010cudovita princesa - trgovina Iskreni<\/title>\n<meta name=\"description\" content=\"\u010cudovita princesa je knjiga za vse deklice, ki vstopajo v puberteto. Priro\u010dno branje za prijetno spoznavanje pubertete in sprememb, ki jih prina\u0161a!\" \/>\n<meta name=\"robots\" content=\"index, follow, max-snippet:-1, max-image-preview:large, max-video-preview:-1\" \/>\n<link rel=\"canonical\" href=\"https:\/\/www.iskreni.net\/trgovina\/product\/cudovita-princesa-prva-izdaja\/\" \/>\n<meta property=\"og:locale\" content=\"sl_SI\" \/>\n<meta property=\"og:type\" content=\"article\" \/>\n<meta property=\"og:title\" content=\"\u010cudovita princesa - trgovina Iskreni\" \/>\n<meta property=\"og:description\" content=\"\u010cudovita princesa je knjiga za vse deklice, ki vstopajo v puberteto. Priro\u010dno branje za prijetno spoznavanje pubertete in sprememb, ki jih prina\u0161a!\" \/>\n<meta property=\"og:url\" content=\"https:\/\/www.iskreni.net\/trgovina\/product\/cudovita-princesa-prva-izdaja\/\" \/>\n<meta property=\"og:site_name\" content=\"Zavod Iskreni\" \/>\n<meta property=\"article:modified_time\" content=\"2025-12-15T09:57:08+00:00\" \/>\n<meta property=\"og:image\" content=\"https:\/\/www.iskreni.net\/trgovina\/wp-content\/uploads\/2019\/08\/Izdelek-brez-naslova-6.jpg\" \/>\n\t<meta property=\"og:image:width\" content=\"600\" \/>\n\t<meta property=\"og:image:height\" content=\"600\" \/>\n\t<meta property=\"og:image:type\" content=\"image\/jpeg\" \/>\n<meta name=\"twitter:card\" content=\"summary_large_image\" \/>\n<meta name=\"twitter:label1\" content=\"Est. reading time\" \/>\n\t<meta name=\"twitter:data1\" content=\"3 minute\" \/>\n<script type=\"application\/ld+json\" class=\"yoast-schema-graph\">{\"@context\":\"https:\/\/schema.org\",\"@graph\":[{\"@type\":\"WebPage\",\"@id\":\"https:\/\/www.iskreni.net\/trgovina\/product\/cudovita-princesa-prva-izdaja\/\",\"url\":\"https:\/\/www.iskreni.net\/trgovina\/product\/cudovita-princesa-prva-izdaja\/\",\"name\":\"\u010cudovita princesa - trgovina Iskreni\",\"isPartOf\":{\"@id\":\"https:\/\/www.iskreni.net\/trgovina\/#website\"},\"primaryImageOfPage\":{\"@id\":\"https:\/\/www.iskreni.net\/trgovina\/product\/cudovita-princesa-prva-izdaja\/#primaryimage\"},\"image\":{\"@id\":\"https:\/\/www.iskreni.net\/trgovina\/product\/cudovita-princesa-prva-izdaja\/#primaryimage\"},\"thumbnailUrl\":\"https:\/\/www.iskreni.net\/trgovina\/wp-content\/uploads\/2019\/08\/Izdelek-brez-naslova-6.jpg\",\"datePublished\":\"2019-08-20T10:13:47+00:00\",\"dateModified\":\"2025-12-15T09:57:08+00:00\",\"description\":\"\u010cudovita princesa je knjiga za vse deklice, ki vstopajo v puberteto. Priro\u010dno branje za prijetno spoznavanje pubertete in sprememb, ki jih prina\u0161a!\",\"breadcrumb\":{\"@id\":\"https:\/\/www.iskreni.net\/trgovina\/product\/cudovita-princesa-prva-izdaja\/#breadcrumb\"},\"inLanguage\":\"sl-SI\",\"potentialAction\":[{\"@type\":\"ReadAction\",\"target\":[\"https:\/\/www.iskreni.net\/trgovina\/product\/cudovita-princesa-prva-izdaja\/\"]}]},{\"@type\":\"ImageObject\",\"inLanguage\":\"sl-SI\",\"@id\":\"https:\/\/www.iskreni.net\/trgovina\/product\/cudovita-princesa-prva-izdaja\/#primaryimage\",\"url\":\"https:\/\/www.iskreni.net\/trgovina\/wp-content\/uploads\/2019\/08\/Izdelek-brez-naslova-6.jpg\",\"contentUrl\":\"https:\/\/www.iskreni.net\/trgovina\/wp-content\/uploads\/2019\/08\/Izdelek-brez-naslova-6.jpg\",\"width\":600,\"height\":600,\"caption\":\"\u010cudovita princesa\"},{\"@type\":\"BreadcrumbList\",\"@id\":\"https:\/\/www.iskreni.net\/trgovina\/product\/cudovita-princesa-prva-izdaja\/#breadcrumb\",\"itemListElement\":[{\"@type\":\"ListItem\",\"position\":1,\"name\":\"Home\",\"item\":\"https:\/\/www.iskreni.net\/trgovina\/\"},{\"@type\":\"ListItem\",\"position\":2,\"name\":\"Trgovina\",\"item\":\"https:\/\/www.iskreni.net\/trgovina\/trgovina\/\"},{\"@type\":\"ListItem\",\"position\":3,\"name\":\"\u010cudovita princesa &#8211; prva izdaja\"}]},{\"@type\":\"WebSite\",\"@id\":\"https:\/\/www.iskreni.net\/trgovina\/#website\",\"url\":\"https:\/\/www.iskreni.net\/trgovina\/\",\"name\":\"Zavod Iskreni\",\"description\":\"trgovina\",\"potentialAction\":[{\"@type\":\"SearchAction\",\"target\":{\"@type\":\"EntryPoint\",\"urlTemplate\":\"https:\/\/www.iskreni.net\/trgovina\/?s={search_term_string}\"},\"query-input\":{\"@type\":\"PropertyValueSpecification\",\"valueRequired\":true,\"valueName\":\"search_term_string\"}}],\"inLanguage\":\"sl-SI\"}]}<\/script>\n<!-- \/ Yoast SEO plugin. -->","yoast_head_json":{"title":"\u010cudovita princesa - trgovina Iskreni","description":"\u010cudovita princesa je knjiga za vse deklice, ki vstopajo v puberteto. Priro\u010dno branje za prijetno spoznavanje pubertete in sprememb, ki jih prina\u0161a!","robots":{"index":"index","follow":"follow","max-snippet":"max-snippet:-1","max-image-preview":"max-image-preview:large","max-video-preview":"max-video-preview:-1"},"canonical":"https:\/\/www.iskreni.net\/trgovina\/product\/cudovita-princesa-prva-izdaja\/","og_locale":"sl_SI","og_type":"article","og_title":"\u010cudovita princesa - trgovina Iskreni","og_description":"\u010cudovita princesa je knjiga za vse deklice, ki vstopajo v puberteto. Priro\u010dno branje za prijetno spoznavanje pubertete in sprememb, ki jih prina\u0161a!","og_url":"https:\/\/www.iskreni.net\/trgovina\/product\/cudovita-princesa-prva-izdaja\/","og_site_name":"Zavod Iskreni","article_modified_time":"2025-12-15T09:57:08+00:00","og_image":[{"width":600,"height":600,"url":"https:\/\/www.iskreni.net\/trgovina\/wp-content\/uploads\/2019\/08\/Izdelek-brez-naslova-6.jpg","type":"image\/jpeg"}],"twitter_card":"summary_large_image","twitter_misc":{"Est. reading time":"3 minute"},"schema":{"@context":"https:\/\/schema.org","@graph":[{"@type":"WebPage","@id":"https:\/\/www.iskreni.net\/trgovina\/product\/cudovita-princesa-prva-izdaja\/","url":"https:\/\/www.iskreni.net\/trgovina\/product\/cudovita-princesa-prva-izdaja\/","name":"\u010cudovita princesa - trgovina Iskreni","isPartOf":{"@id":"https:\/\/www.iskreni.net\/trgovina\/#website"},"primaryImageOfPage":{"@id":"https:\/\/www.iskreni.net\/trgovina\/product\/cudovita-princesa-prva-izdaja\/#primaryimage"},"image":{"@id":"https:\/\/www.iskreni.net\/trgovina\/product\/cudovita-princesa-prva-izdaja\/#primaryimage"},"thumbnailUrl":"https:\/\/www.iskreni.net\/trgovina\/wp-content\/uploads\/2019\/08\/Izdelek-brez-naslova-6.jpg","datePublished":"2019-08-20T10:13:47+00:00","dateModified":"2025-12-15T09:57:08+00:00","description":"\u010cudovita princesa je knjiga za vse deklice, ki vstopajo v puberteto. Priro\u010dno branje za prijetno spoznavanje pubertete in sprememb, ki jih prina\u0161a!","breadcrumb":{"@id":"https:\/\/www.iskreni.net\/trgovina\/product\/cudovita-princesa-prva-izdaja\/#breadcrumb"},"inLanguage":"sl-SI","potentialAction":[{"@type":"ReadAction","target":["https:\/\/www.iskreni.net\/trgovina\/product\/cudovita-princesa-prva-izdaja\/"]}]},{"@type":"ImageObject","inLanguage":"sl-SI","@id":"https:\/\/www.iskreni.net\/trgovina\/product\/cudovita-princesa-prva-izdaja\/#primaryimage","url":"https:\/\/www.iskreni.net\/trgovina\/wp-content\/uploads\/2019\/08\/Izdelek-brez-naslova-6.jpg","contentUrl":"https:\/\/www.iskreni.net\/trgovina\/wp-content\/uploads\/2019\/08\/Izdelek-brez-naslova-6.jpg","width":600,"height":600,"caption":"\u010cudovita princesa"},{"@type":"BreadcrumbList","@id":"https:\/\/www.iskreni.net\/trgovina\/product\/cudovita-princesa-prva-izdaja\/#breadcrumb","itemListElement":[{"@type":"ListItem","position":1,"name":"Home","item":"https:\/\/www.iskreni.net\/trgovina\/"},{"@type":"ListItem","position":2,"name":"Trgovina","item":"https:\/\/www.iskreni.net\/trgovina\/trgovina\/"},{"@type":"ListItem","position":3,"name":"\u010cudovita princesa &#8211; prva izdaja"}]},{"@type":"WebSite","@id":"https:\/\/www.iskreni.net\/trgovina\/#website","url":"https:\/\/www.iskreni.net\/trgovina\/","name":"Zavod Iskreni","description":"trgovina","potentialAction":[{"@type":"SearchAction","target":{"@type":"EntryPoint","urlTemplate":"https:\/\/www.iskreni.net\/trgovina\/?s={search_term_string}"},"query-input":{"@type":"PropertyValueSpecification","valueRequired":true,"valueName":"search_term_string"}}],"inLanguage":"sl-SI"}]}},"_links":{"self":[{"href":"https:\/\/www.iskreni.net\/trgovina\/wp-json\/wp\/v2\/product\/6009","targetHints":{"allow":["GET"]}}],"collection":[{"href":"https:\/\/www.iskreni.net\/trgovina\/wp-json\/wp\/v2\/product"}],"about":[{"href":"https:\/\/www.iskreni.net\/trgovina\/wp-json\/wp\/v2\/types\/product"}],"replies":[{"embeddable":true,"href":"https:\/\/www.iskreni.net\/trgovina\/wp-json\/wp\/v2\/comments?post=6009"}],"version-history":[{"count":26,"href":"https:\/\/www.iskreni.net\/trgovina\/wp-json\/wp\/v2\/product\/6009\/revisions"}],"predecessor-version":[{"id":88183,"href":"https:\/\/www.iskreni.net\/trgovina\/wp-json\/wp\/v2\/product\/6009\/revisions\/88183"}],"wp:featuredmedia":[{"embeddable":true,"href":"https:\/\/www.iskreni.net\/trgovina\/wp-json\/wp\/v2\/media\/6010"}],"wp:attachment":[{"href":"https:\/\/www.iskreni.net\/trgovina\/wp-json\/wp\/v2\/media?parent=6009"}],"wp:term":[{"taxonomy":"product_brand","embeddable":true,"href":"https:\/\/www.iskreni.net\/trgovina\/wp-json\/wp\/v2\/product_brand?post=6009"},{"taxonomy":"product_cat","embeddable":true,"href":"https:\/\/www.iskreni.net\/trgovina\/wp-json\/wp\/v2\/product_cat?post=6009"},{"taxonomy":"product_tag","embeddable":true,"href":"https:\/\/www.iskreni.net\/trgovina\/wp-json\/wp\/v2\/product_tag?post=6009"},{"taxonomy":"avtor","embeddable":true,"href":"https:\/\/www.iskreni.net\/trgovina\/wp-json\/wp\/v2\/avtor?post=6009"},{"taxonomy":"zalozba","embeddable":true,"href":"https:\/\/www.iskreni.net\/trgovina\/wp-json\/wp\/v2\/zalozba?post=6009"},{"taxonomy":"vezava","embeddable":true,"href":"https:\/\/www.iskreni.net\/trgovina\/wp-json\/wp\/v2\/vezava?post=6009"}],"curies":[{"name":"wp","href":"https:\/\/api.w.org\/{rel}","templated":true}]}}