{"id":60002,"date":"2022-11-09T11:53:43","date_gmt":"2022-11-09T10:53:43","guid":{"rendered":"https:\/\/www.iskreni.net\/trgovina\/?post_type=product&#038;p=60002"},"modified":"2025-11-21T09:32:42","modified_gmt":"2025-11-21T08:32:42","slug":"tri-zlata-jabolka","status":"publish","type":"product","link":"https:\/\/www.iskreni.net\/trgovina\/product\/tri-zlata-jabolka\/","title":{"rendered":"Tri zlata jabolka"},"content":{"rendered":"<h4>O knjigi\u00a0<em>Tri zlata jabolka<\/em><\/h4>\n<p>Vesna Radovanovi\u010d je v pravljici Tri zlata jabolka spretno vpletla poznane motive iz legend o sv. Nikolaju ter njegovih atributih (simbolnih predmetih) in o pomenu miklav\u017eevanja. V pravljici je uporabljen poeti\u010den jezik poeti\u010dni jezik, ki mestoma vsebuje kak zanimiv starinski izraz, s tem pa avtorica slogovno pribli\u017ea besedilo zna\u010dilnostim ljudskega slovstva. Tipi\u010dna je tudi tretjeosebna pripoved, ki je \u010dasovno zaporedna, knji\u017eevni prostor je v besedilu le omenjen. Poudarjeno je ljudsko \u0161tevilo tri (tri h\u010dere, tri zlata jabolka, trije razli\u010dni poklici), prav na miklav\u017eevo pa se zgodi \u010dude\u017e, ki pripelje zgodbo do sre\u010dnega konca.<\/p>\n<div id=\"tab-description\" class=\"woocommerce-Tabs-panel woocommerce-Tabs-panel--description panel entry-content wc-tab\" role=\"tabpanel\" aria-labelledby=\"tab-title-description\">\n<p>&nbsp;<\/p>\n<p>&nbsp;<\/p>\n<\/div>\n","protected":false},"excerpt":{"rendered":"<p><strong>Ilustracije:<\/strong> Da\u0161a Sim\u010di\u010d<br \/>\n<strong>\u0160tevilo strani: <\/strong>32<br \/>\n<strong>Leto izdaje:<\/strong> 2022<br \/>\n<strong>Mere:<\/strong> 21,5 x 30,5 cm<\/p>\n","protected":false},"featured_media":59879,"comment_status":"open","ping_status":"closed","template":"","meta":[],"product_brand":[],"product_cat":[63,135],"product_tag":[1344,3227],"avtor":[2449],"zalozba":[2360],"vezava":[2306],"class_list":{"0":"post-60002","1":"product","2":"type-product","3":"status-publish","4":"has-post-thumbnail","6":"product_cat-knjige","7":"product_cat-za-otroke","8":"product_tag-advent-in-bozic","9":"product_tag-miklavz-2025","10":"avtor-vesna-radovanovic","11":"zalozba-morfem","12":"vezava-trda","14":"first","15":"onbackorder","16":"taxable","17":"shipping-taxable","18":"purchasable","19":"product-type-simple"},"yoast_head":"<!-- This site is optimized with the Yoast SEO plugin v26.3 - https:\/\/yoast.com\/wordpress\/plugins\/seo\/ -->\n<title>Tri zlata jabolka - trgovina Iskreni<\/title>\n<meta name=\"description\" content=\"Tri zlata jabolka je zgodba spletena z motivi iz legend o sv. Nikolaju. \u010cude\u017e na miklav\u017eevo zgodbo pripelje do sre\u010dnega konca.\" \/>\n<meta name=\"robots\" content=\"index, follow, max-snippet:-1, max-image-preview:large, max-video-preview:-1\" \/>\n<link rel=\"canonical\" href=\"https:\/\/www.iskreni.net\/trgovina\/product\/tri-zlata-jabolka\/\" \/>\n<meta property=\"og:locale\" content=\"sl_SI\" \/>\n<meta property=\"og:type\" content=\"article\" \/>\n<meta property=\"og:title\" content=\"Tri zlata jabolka\" \/>\n<meta property=\"og:description\" content=\"Zgodba spletena z motivi iz legend o sv. Nikolaju. \u010cude\u017e na miklav\u017eevo zgodbo pripelje do sre\u010dnega konca.\" \/>\n<meta property=\"og:url\" content=\"https:\/\/www.iskreni.net\/trgovina\/product\/tri-zlata-jabolka\/\" \/>\n<meta property=\"og:site_name\" content=\"Zavod Iskreni\" \/>\n<meta property=\"article:modified_time\" content=\"2025-11-21T08:32:42+00:00\" \/>\n<meta property=\"og:image\" content=\"https:\/\/www.iskreni.net\/trgovina\/wp-content\/uploads\/2022\/11\/2-1.jpg\" \/>\n\t<meta property=\"og:image:width\" content=\"1200\" \/>\n\t<meta property=\"og:image:height\" content=\"674\" \/>\n\t<meta property=\"og:image:type\" content=\"image\/jpeg\" \/>\n<meta name=\"twitter:card\" content=\"summary_large_image\" \/>\n<meta name=\"twitter:label1\" content=\"Est. reading time\" \/>\n\t<meta name=\"twitter:data1\" content=\"1 minuta\" \/>\n<script type=\"application\/ld+json\" class=\"yoast-schema-graph\">{\"@context\":\"https:\/\/schema.org\",\"@graph\":[{\"@type\":\"WebPage\",\"@id\":\"https:\/\/www.iskreni.net\/trgovina\/product\/tri-zlata-jabolka\/\",\"url\":\"https:\/\/www.iskreni.net\/trgovina\/product\/tri-zlata-jabolka\/\",\"name\":\"Tri zlata jabolka - trgovina Iskreni\",\"isPartOf\":{\"@id\":\"https:\/\/www.iskreni.net\/trgovina\/#website\"},\"primaryImageOfPage\":{\"@id\":\"https:\/\/www.iskreni.net\/trgovina\/product\/tri-zlata-jabolka\/#primaryimage\"},\"image\":{\"@id\":\"https:\/\/www.iskreni.net\/trgovina\/product\/tri-zlata-jabolka\/#primaryimage\"},\"thumbnailUrl\":\"https:\/\/www.iskreni.net\/trgovina\/wp-content\/uploads\/2022\/11\/9.jpg\",\"datePublished\":\"2022-11-09T10:53:43+00:00\",\"dateModified\":\"2025-11-21T08:32:42+00:00\",\"description\":\"Tri zlata jabolka je zgodba spletena z motivi iz legend o sv. Nikolaju. \u010cude\u017e na miklav\u017eevo zgodbo pripelje do sre\u010dnega konca.\",\"breadcrumb\":{\"@id\":\"https:\/\/www.iskreni.net\/trgovina\/product\/tri-zlata-jabolka\/#breadcrumb\"},\"inLanguage\":\"sl-SI\",\"potentialAction\":[{\"@type\":\"ReadAction\",\"target\":[\"https:\/\/www.iskreni.net\/trgovina\/product\/tri-zlata-jabolka\/\"]}]},{\"@type\":\"ImageObject\",\"inLanguage\":\"sl-SI\",\"@id\":\"https:\/\/www.iskreni.net\/trgovina\/product\/tri-zlata-jabolka\/#primaryimage\",\"url\":\"https:\/\/www.iskreni.net\/trgovina\/wp-content\/uploads\/2022\/11\/9.jpg\",\"contentUrl\":\"https:\/\/www.iskreni.net\/trgovina\/wp-content\/uploads\/2022\/11\/9.jpg\",\"width\":600,\"height\":600},{\"@type\":\"BreadcrumbList\",\"@id\":\"https:\/\/www.iskreni.net\/trgovina\/product\/tri-zlata-jabolka\/#breadcrumb\",\"itemListElement\":[{\"@type\":\"ListItem\",\"position\":1,\"name\":\"Home\",\"item\":\"https:\/\/www.iskreni.net\/trgovina\/\"},{\"@type\":\"ListItem\",\"position\":2,\"name\":\"Trgovina\",\"item\":\"https:\/\/www.iskreni.net\/trgovina\/trgovina\/\"},{\"@type\":\"ListItem\",\"position\":3,\"name\":\"Tri zlata jabolka\"}]},{\"@type\":\"WebSite\",\"@id\":\"https:\/\/www.iskreni.net\/trgovina\/#website\",\"url\":\"https:\/\/www.iskreni.net\/trgovina\/\",\"name\":\"Zavod Iskreni\",\"description\":\"trgovina\",\"potentialAction\":[{\"@type\":\"SearchAction\",\"target\":{\"@type\":\"EntryPoint\",\"urlTemplate\":\"https:\/\/www.iskreni.net\/trgovina\/?s={search_term_string}\"},\"query-input\":{\"@type\":\"PropertyValueSpecification\",\"valueRequired\":true,\"valueName\":\"search_term_string\"}}],\"inLanguage\":\"sl-SI\"}]}<\/script>\n<!-- \/ Yoast SEO plugin. -->","yoast_head_json":{"title":"Tri zlata jabolka - trgovina Iskreni","description":"Tri zlata jabolka je zgodba spletena z motivi iz legend o sv. Nikolaju. \u010cude\u017e na miklav\u017eevo zgodbo pripelje do sre\u010dnega konca.","robots":{"index":"index","follow":"follow","max-snippet":"max-snippet:-1","max-image-preview":"max-image-preview:large","max-video-preview":"max-video-preview:-1"},"canonical":"https:\/\/www.iskreni.net\/trgovina\/product\/tri-zlata-jabolka\/","og_locale":"sl_SI","og_type":"article","og_title":"Tri zlata jabolka","og_description":"Zgodba spletena z motivi iz legend o sv. Nikolaju. \u010cude\u017e na miklav\u017eevo zgodbo pripelje do sre\u010dnega konca.","og_url":"https:\/\/www.iskreni.net\/trgovina\/product\/tri-zlata-jabolka\/","og_site_name":"Zavod Iskreni","article_modified_time":"2025-11-21T08:32:42+00:00","og_image":[{"width":1200,"height":674,"url":"https:\/\/www.iskreni.net\/trgovina\/wp-content\/uploads\/2022\/11\/2-1.jpg","type":"image\/jpeg"}],"twitter_card":"summary_large_image","twitter_misc":{"Est. reading time":"1 minuta"},"schema":{"@context":"https:\/\/schema.org","@graph":[{"@type":"WebPage","@id":"https:\/\/www.iskreni.net\/trgovina\/product\/tri-zlata-jabolka\/","url":"https:\/\/www.iskreni.net\/trgovina\/product\/tri-zlata-jabolka\/","name":"Tri zlata jabolka - trgovina Iskreni","isPartOf":{"@id":"https:\/\/www.iskreni.net\/trgovina\/#website"},"primaryImageOfPage":{"@id":"https:\/\/www.iskreni.net\/trgovina\/product\/tri-zlata-jabolka\/#primaryimage"},"image":{"@id":"https:\/\/www.iskreni.net\/trgovina\/product\/tri-zlata-jabolka\/#primaryimage"},"thumbnailUrl":"https:\/\/www.iskreni.net\/trgovina\/wp-content\/uploads\/2022\/11\/9.jpg","datePublished":"2022-11-09T10:53:43+00:00","dateModified":"2025-11-21T08:32:42+00:00","description":"Tri zlata jabolka je zgodba spletena z motivi iz legend o sv. Nikolaju. \u010cude\u017e na miklav\u017eevo zgodbo pripelje do sre\u010dnega konca.","breadcrumb":{"@id":"https:\/\/www.iskreni.net\/trgovina\/product\/tri-zlata-jabolka\/#breadcrumb"},"inLanguage":"sl-SI","potentialAction":[{"@type":"ReadAction","target":["https:\/\/www.iskreni.net\/trgovina\/product\/tri-zlata-jabolka\/"]}]},{"@type":"ImageObject","inLanguage":"sl-SI","@id":"https:\/\/www.iskreni.net\/trgovina\/product\/tri-zlata-jabolka\/#primaryimage","url":"https:\/\/www.iskreni.net\/trgovina\/wp-content\/uploads\/2022\/11\/9.jpg","contentUrl":"https:\/\/www.iskreni.net\/trgovina\/wp-content\/uploads\/2022\/11\/9.jpg","width":600,"height":600},{"@type":"BreadcrumbList","@id":"https:\/\/www.iskreni.net\/trgovina\/product\/tri-zlata-jabolka\/#breadcrumb","itemListElement":[{"@type":"ListItem","position":1,"name":"Home","item":"https:\/\/www.iskreni.net\/trgovina\/"},{"@type":"ListItem","position":2,"name":"Trgovina","item":"https:\/\/www.iskreni.net\/trgovina\/trgovina\/"},{"@type":"ListItem","position":3,"name":"Tri zlata jabolka"}]},{"@type":"WebSite","@id":"https:\/\/www.iskreni.net\/trgovina\/#website","url":"https:\/\/www.iskreni.net\/trgovina\/","name":"Zavod Iskreni","description":"trgovina","potentialAction":[{"@type":"SearchAction","target":{"@type":"EntryPoint","urlTemplate":"https:\/\/www.iskreni.net\/trgovina\/?s={search_term_string}"},"query-input":{"@type":"PropertyValueSpecification","valueRequired":true,"valueName":"search_term_string"}}],"inLanguage":"sl-SI"}]}},"_links":{"self":[{"href":"https:\/\/www.iskreni.net\/trgovina\/wp-json\/wp\/v2\/product\/60002","targetHints":{"allow":["GET"]}}],"collection":[{"href":"https:\/\/www.iskreni.net\/trgovina\/wp-json\/wp\/v2\/product"}],"about":[{"href":"https:\/\/www.iskreni.net\/trgovina\/wp-json\/wp\/v2\/types\/product"}],"replies":[{"embeddable":true,"href":"https:\/\/www.iskreni.net\/trgovina\/wp-json\/wp\/v2\/comments?post=60002"}],"version-history":[{"count":6,"href":"https:\/\/www.iskreni.net\/trgovina\/wp-json\/wp\/v2\/product\/60002\/revisions"}],"predecessor-version":[{"id":69921,"href":"https:\/\/www.iskreni.net\/trgovina\/wp-json\/wp\/v2\/product\/60002\/revisions\/69921"}],"wp:featuredmedia":[{"embeddable":true,"href":"https:\/\/www.iskreni.net\/trgovina\/wp-json\/wp\/v2\/media\/59879"}],"wp:attachment":[{"href":"https:\/\/www.iskreni.net\/trgovina\/wp-json\/wp\/v2\/media?parent=60002"}],"wp:term":[{"taxonomy":"product_brand","embeddable":true,"href":"https:\/\/www.iskreni.net\/trgovina\/wp-json\/wp\/v2\/product_brand?post=60002"},{"taxonomy":"product_cat","embeddable":true,"href":"https:\/\/www.iskreni.net\/trgovina\/wp-json\/wp\/v2\/product_cat?post=60002"},{"taxonomy":"product_tag","embeddable":true,"href":"https:\/\/www.iskreni.net\/trgovina\/wp-json\/wp\/v2\/product_tag?post=60002"},{"taxonomy":"avtor","embeddable":true,"href":"https:\/\/www.iskreni.net\/trgovina\/wp-json\/wp\/v2\/avtor?post=60002"},{"taxonomy":"zalozba","embeddable":true,"href":"https:\/\/www.iskreni.net\/trgovina\/wp-json\/wp\/v2\/zalozba?post=60002"},{"taxonomy":"vezava","embeddable":true,"href":"https:\/\/www.iskreni.net\/trgovina\/wp-json\/wp\/v2\/vezava?post=60002"}],"curies":[{"name":"wp","href":"https:\/\/api.w.org\/{rel}","templated":true}]}}