{"id":59992,"date":"2022-11-09T08:35:55","date_gmt":"2022-11-09T07:35:55","guid":{"rendered":"https:\/\/www.iskreni.net\/trgovina\/?post_type=product&#038;p=59992"},"modified":"2025-11-28T11:25:36","modified_gmt":"2025-11-28T10:25:36","slug":"pika-pri-bozicku","status":"publish","type":"product","link":"https:\/\/www.iskreni.net\/trgovina\/product\/pika-pri-bozicku\/","title":{"rendered":"Pika pri Bo\u017ei\u010dku"},"content":{"rendered":"<h3><strong>O knjigi:<\/strong><\/h3>\n<p>Pika pri bo\u017ei\u010dku je knjiga o radovedni deklici, ki hodi v 3. c razred. Zelo rada obiskuje zanimive kraje in o njih pripoveduje zgodbe. V svoji prvi knjigi je <a href=\"https:\/\/www.iskreni.net\/trgovina\/product\/pika-pri-piki\/\">obiskala kraje, kjer je \u017eivela Pika nogavi\u010dka<\/a>. Tokrat pa se je s star\u0161i odpravila na Laponsko, kjer so obiskali samega Bo\u017ei\u010dka. V petnajstih zgodbah vam predstavlja, kaj je tam do\u017eivela, koga je sre\u010dala in \u010desa novega se je nau\u010dila.<\/p>\n<blockquote><p>\u0160e kako primerna knjiga za branje in obdarovanje v veselem decembru vse tja do bo\u017ei\u010da in \u0161e \u010dez, razko\u0161na tudi v fotografijah in celotni lepi bo\u017ei\u010dni opremi.<\/p><\/blockquote>\n<p>Bilo je zabavno, zanimivo in pou\u010dno! Sre\u010dala je Samije, lovila ribe, opazovala severni sij, se preva\u017eala z jelen\u010dki in le s te\u017eavo premagovala tremo pred Bo\u017ei\u010dkom. \u0160e dobro, da je tako dobrodu\u0161en &#8230;<\/p>\n<p>&nbsp;<\/p>\n<h3><strong>O avtorju:<\/strong><\/h3>\n<p>Ivan SIVEC je najbolj plodovit slovenski pisatelj. \u017de poldrugo desetletje je vedno med prvimi tremi najbolj branimi avtorji. Rojen je bil 23. maja 1949 v Mostah pri Komendi, \u017eivi in ustvarja v Meng\u0161u. Na ljubljanski Filozofski fakulteti je diplomiral na Oddelku za slovenistiko, na Oddelku za etnologijo in kulturno antropologijo pa si je pridobil naziv magister etnolo\u0161kih znanosti.<\/p>\n<p>Leta 2019 je prejel iz rok predsednika Republike Slovenije Boruta Pahorja visoko dr\u017eavno odlikovanje: red za zasluge za slovenski narod za \u2018izjemno obse\u017een, raznolik in odmeven avtorski opus, ki neguje narodno zavest\u2019.<\/p>\n<p>Pika pri Bo\u017ei\u010dku je druga knjiga iz njegove serije o deklici Piki in skupaj njegova 174. knjiga. (Prva je <a href=\"https:\/\/www.iskreni.net\/trgovina\/product\/pika-pri-piki\/\">Pika pri Piki<\/a>, ki jo lahko prav tako kupite v na\u0161i <a href=\"https:\/\/www.iskreni.net\/trgovina\/product\/pika-pri-piki\/\">trgovini<\/a>.)<\/p>\n<p>&nbsp;<\/p>\n<h3><strong>Odlomek iz knjige:<\/strong><\/h3>\n<p><em>Tako mami kot o\u010di me \u010dez celo leto opominjata, da Bo\u017ei\u010dek otroke ves \u010das pozorno opazuje. Njegovi pomo\u010dniki, \u0161kratje, pa vsa na\u0161a dobra dela zapisujejo v velike, debele knjige. Tako Bo\u017ei\u010dek ob bo\u017ei\u010du ni nikoli v zadregi, koliko in kak\u0161na darila mora komu prinesti.<\/em><br \/>\n<em>Meni \u0161e posebej prisr\u010dne stvari vedno prinese pri babici in dedku. Recimo rokavice, nogavice, \u0161ale, copate \u2026 Same tople in prakti\u010dne stvari. Verjetno zato, ker se jima znam \u017ee med letom lepo prikupiti.<\/em><br \/>\n<em>In kako se d\u00e0 prikupiti babici?<\/em><br \/>\n<em>Preprosto! Ko nas povabi na kosilo ali ko nam spe\u010de pi\u0161kote, jo prisr\u010dno objamem in ji re\u010dem:<\/em><br \/>\n<em>\u00bbBabi, skuhala si najbolj\u0161o juhico na svetu! Babi, tak\u0161nih pi\u0161kotov ne zna spe\u010di nih\u010de drug pod soncem! Babi, ti si najbolj\u0161a babi v vsem vesolju in njegovi okolici!\u00ab<\/em><br \/>\n<em>Babi se ob pohvalah vedno stopi kot majski sneg, potem pa skromno re\u010de:<\/em><br \/>\n<em>\u00bbDanes mi ni povsem uspelo. Prihodnji\u010d bo \u0161e bolj\u0161e.\u00ab<\/em><br \/>\n<em>Mi pa potem planemo na dan z dodatnimi pohvalami. Malce tudi z namenom, da bi nas kaj kmalu spet povabila.<\/em><br \/>\n<em>O, ta na\u0161a zlata babi!<\/em><\/p>\n<p>&nbsp;<\/p>\n<h3><strong>O knjigi <em>Pika pri Bo\u017ei\u010dku<\/em>:<\/strong><\/h3>\n<p>Radovedna Pika je pri\u0161la s pravljico, povezano z Bo\u017ei\u010dkovimi kraji in obi\u010daji, na dan ravno ob pravem \u010dasu. \u0160e kako primerna knjiga za branje in obdarovanje v veselem decembru vse tja do bo\u017ei\u010da in \u0161e \u010dez, razko\u0161na tudi v fotografijah in celotni lepi bo\u017ei\u010dni opremi.<\/p>\n<p style=\"text-align: right;\">(Danica, \u0160entrupert)<\/p>\n","protected":false},"excerpt":{"rendered":"<p><strong>Leto izdaje:<\/strong> 2022<br \/>\n<strong>\u0160tevilo strani:<\/strong> 61<strong><br \/>\n<\/strong><strong>Mere: <\/strong>156 x 217 mm<\/p>\n<p><span style=\"font-size: 14pt;\"><strong>Odli\u010dno darilo za vse mlade bralce od 5. do 10 leta (in tiste, ki se to trudijo postati)!<\/strong><\/span><\/p>\n<p><strong><span style=\"font-size: 14pt;\"><a href=\"https:\/\/www.iskreni.net\/trgovina\/wp-content\/uploads\/2022\/11\/Pika-pri-Bozicku-predogled.pdf\">Prelistajte knjigo<\/a><\/span><\/strong><\/p>\n","protected":false},"featured_media":60031,"comment_status":"open","ping_status":"closed","template":"","meta":[],"product_brand":[],"product_cat":[1430,63,135],"product_tag":[2226],"avtor":[2304],"zalozba":[2305],"vezava":[2306],"class_list":{"0":"post-59992","1":"product","2":"type-product","3":"status-publish","4":"has-post-thumbnail","6":"product_cat-iz-nase-zalozbe","7":"product_cat-knjige","8":"product_cat-za-otroke","9":"product_tag-pika-pri","10":"pa_darilna-embalaza-da","11":"pa_darilna-embalaza-ne","12":"avtor-ivan-sivec","13":"zalozba-zavod-iskreni","14":"vezava-trda","16":"first","17":"instock","18":"taxable","19":"shipping-taxable","20":"purchasable","21":"product-type-simple"},"yoast_head":"<!-- This site is optimized with the Yoast SEO plugin v26.3 - https:\/\/yoast.com\/wordpress\/plugins\/seo\/ -->\n<title>Pika pri Bo\u017ei\u010dku - Ivan Sivec - Iskreni<\/title>\n<meta name=\"description\" content=\"Pika pri Bo\u017ei\u010dku je knjiga o radovedni deklici, ki se je odpravila na Laponsko, kjer je obiskala samega Bo\u017ei\u010dka.\" \/>\n<meta name=\"robots\" content=\"index, follow, max-snippet:-1, max-image-preview:large, max-video-preview:-1\" \/>\n<link rel=\"canonical\" href=\"https:\/\/www.iskreni.net\/trgovina\/product\/pika-pri-bozicku\/\" \/>\n<meta property=\"og:locale\" content=\"sl_SI\" \/>\n<meta property=\"og:type\" content=\"article\" \/>\n<meta property=\"og:title\" content=\"Pika pri Bo\u017ei\u010dku - Ivan Sivec - Iskreni\" \/>\n<meta property=\"og:description\" content=\"Pika pri Bo\u017ei\u010dku je knjiga o radovedni deklici, ki se je odpravila na Laponsko, kjer je obiskala samega Bo\u017ei\u010dka.\" \/>\n<meta property=\"og:url\" content=\"https:\/\/www.iskreni.net\/trgovina\/product\/pika-pri-bozicku\/\" \/>\n<meta property=\"og:site_name\" content=\"Zavod Iskreni\" \/>\n<meta property=\"article:modified_time\" content=\"2025-11-28T10:25:36+00:00\" \/>\n<meta property=\"og:image\" content=\"https:\/\/www.iskreni.net\/trgovina\/wp-content\/uploads\/2022\/11\/Pika-pri-Boz\u030cic\u030cku-3d-s.png\" \/>\n\t<meta property=\"og:image:width\" content=\"1707\" \/>\n\t<meta property=\"og:image:height\" content=\"2000\" \/>\n\t<meta property=\"og:image:type\" content=\"image\/png\" \/>\n<meta name=\"twitter:card\" content=\"summary_large_image\" \/>\n<meta name=\"twitter:label1\" content=\"Est. reading time\" \/>\n\t<meta name=\"twitter:data1\" content=\"3 minute\" \/>\n<script type=\"application\/ld+json\" class=\"yoast-schema-graph\">{\"@context\":\"https:\/\/schema.org\",\"@graph\":[{\"@type\":\"WebPage\",\"@id\":\"https:\/\/www.iskreni.net\/trgovina\/product\/pika-pri-bozicku\/\",\"url\":\"https:\/\/www.iskreni.net\/trgovina\/product\/pika-pri-bozicku\/\",\"name\":\"Pika pri Bo\u017ei\u010dku - Ivan Sivec - Iskreni\",\"isPartOf\":{\"@id\":\"https:\/\/www.iskreni.net\/trgovina\/#website\"},\"primaryImageOfPage\":{\"@id\":\"https:\/\/www.iskreni.net\/trgovina\/product\/pika-pri-bozicku\/#primaryimage\"},\"image\":{\"@id\":\"https:\/\/www.iskreni.net\/trgovina\/product\/pika-pri-bozicku\/#primaryimage\"},\"thumbnailUrl\":\"https:\/\/www.iskreni.net\/trgovina\/wp-content\/uploads\/2022\/11\/Pika-pri-Boz\u030cic\u030cku-3d-s.png\",\"datePublished\":\"2022-11-09T07:35:55+00:00\",\"dateModified\":\"2025-11-28T10:25:36+00:00\",\"description\":\"Pika pri Bo\u017ei\u010dku je knjiga o radovedni deklici, ki se je odpravila na Laponsko, kjer je obiskala samega Bo\u017ei\u010dka.\",\"breadcrumb\":{\"@id\":\"https:\/\/www.iskreni.net\/trgovina\/product\/pika-pri-bozicku\/#breadcrumb\"},\"inLanguage\":\"sl-SI\",\"potentialAction\":[{\"@type\":\"ReadAction\",\"target\":[\"https:\/\/www.iskreni.net\/trgovina\/product\/pika-pri-bozicku\/\"]}]},{\"@type\":\"ImageObject\",\"inLanguage\":\"sl-SI\",\"@id\":\"https:\/\/www.iskreni.net\/trgovina\/product\/pika-pri-bozicku\/#primaryimage\",\"url\":\"https:\/\/www.iskreni.net\/trgovina\/wp-content\/uploads\/2022\/11\/Pika-pri-Boz\u030cic\u030cku-3d-s.png\",\"contentUrl\":\"https:\/\/www.iskreni.net\/trgovina\/wp-content\/uploads\/2022\/11\/Pika-pri-Boz\u030cic\u030cku-3d-s.png\",\"width\":1707,\"height\":2000},{\"@type\":\"BreadcrumbList\",\"@id\":\"https:\/\/www.iskreni.net\/trgovina\/product\/pika-pri-bozicku\/#breadcrumb\",\"itemListElement\":[{\"@type\":\"ListItem\",\"position\":1,\"name\":\"Home\",\"item\":\"https:\/\/www.iskreni.net\/trgovina\/\"},{\"@type\":\"ListItem\",\"position\":2,\"name\":\"Trgovina\",\"item\":\"https:\/\/www.iskreni.net\/trgovina\/trgovina\/\"},{\"@type\":\"ListItem\",\"position\":3,\"name\":\"Pika pri Bo\u017ei\u010dku\"}]},{\"@type\":\"WebSite\",\"@id\":\"https:\/\/www.iskreni.net\/trgovina\/#website\",\"url\":\"https:\/\/www.iskreni.net\/trgovina\/\",\"name\":\"Zavod Iskreni\",\"description\":\"trgovina\",\"potentialAction\":[{\"@type\":\"SearchAction\",\"target\":{\"@type\":\"EntryPoint\",\"urlTemplate\":\"https:\/\/www.iskreni.net\/trgovina\/?s={search_term_string}\"},\"query-input\":{\"@type\":\"PropertyValueSpecification\",\"valueRequired\":true,\"valueName\":\"search_term_string\"}}],\"inLanguage\":\"sl-SI\"}]}<\/script>\n<!-- \/ Yoast SEO plugin. -->","yoast_head_json":{"title":"Pika pri Bo\u017ei\u010dku - Ivan Sivec - Iskreni","description":"Pika pri Bo\u017ei\u010dku je knjiga o radovedni deklici, ki se je odpravila na Laponsko, kjer je obiskala samega Bo\u017ei\u010dka.","robots":{"index":"index","follow":"follow","max-snippet":"max-snippet:-1","max-image-preview":"max-image-preview:large","max-video-preview":"max-video-preview:-1"},"canonical":"https:\/\/www.iskreni.net\/trgovina\/product\/pika-pri-bozicku\/","og_locale":"sl_SI","og_type":"article","og_title":"Pika pri Bo\u017ei\u010dku - Ivan Sivec - Iskreni","og_description":"Pika pri Bo\u017ei\u010dku je knjiga o radovedni deklici, ki se je odpravila na Laponsko, kjer je obiskala samega Bo\u017ei\u010dka.","og_url":"https:\/\/www.iskreni.net\/trgovina\/product\/pika-pri-bozicku\/","og_site_name":"Zavod Iskreni","article_modified_time":"2025-11-28T10:25:36+00:00","og_image":[{"width":1707,"height":2000,"url":"https:\/\/www.iskreni.net\/trgovina\/wp-content\/uploads\/2022\/11\/Pika-pri-Boz\u030cic\u030cku-3d-s.png","type":"image\/png"}],"twitter_card":"summary_large_image","twitter_misc":{"Est. reading time":"3 minute"},"schema":{"@context":"https:\/\/schema.org","@graph":[{"@type":"WebPage","@id":"https:\/\/www.iskreni.net\/trgovina\/product\/pika-pri-bozicku\/","url":"https:\/\/www.iskreni.net\/trgovina\/product\/pika-pri-bozicku\/","name":"Pika pri Bo\u017ei\u010dku - Ivan Sivec - Iskreni","isPartOf":{"@id":"https:\/\/www.iskreni.net\/trgovina\/#website"},"primaryImageOfPage":{"@id":"https:\/\/www.iskreni.net\/trgovina\/product\/pika-pri-bozicku\/#primaryimage"},"image":{"@id":"https:\/\/www.iskreni.net\/trgovina\/product\/pika-pri-bozicku\/#primaryimage"},"thumbnailUrl":"https:\/\/www.iskreni.net\/trgovina\/wp-content\/uploads\/2022\/11\/Pika-pri-Boz\u030cic\u030cku-3d-s.png","datePublished":"2022-11-09T07:35:55+00:00","dateModified":"2025-11-28T10:25:36+00:00","description":"Pika pri Bo\u017ei\u010dku je knjiga o radovedni deklici, ki se je odpravila na Laponsko, kjer je obiskala samega Bo\u017ei\u010dka.","breadcrumb":{"@id":"https:\/\/www.iskreni.net\/trgovina\/product\/pika-pri-bozicku\/#breadcrumb"},"inLanguage":"sl-SI","potentialAction":[{"@type":"ReadAction","target":["https:\/\/www.iskreni.net\/trgovina\/product\/pika-pri-bozicku\/"]}]},{"@type":"ImageObject","inLanguage":"sl-SI","@id":"https:\/\/www.iskreni.net\/trgovina\/product\/pika-pri-bozicku\/#primaryimage","url":"https:\/\/www.iskreni.net\/trgovina\/wp-content\/uploads\/2022\/11\/Pika-pri-Boz\u030cic\u030cku-3d-s.png","contentUrl":"https:\/\/www.iskreni.net\/trgovina\/wp-content\/uploads\/2022\/11\/Pika-pri-Boz\u030cic\u030cku-3d-s.png","width":1707,"height":2000},{"@type":"BreadcrumbList","@id":"https:\/\/www.iskreni.net\/trgovina\/product\/pika-pri-bozicku\/#breadcrumb","itemListElement":[{"@type":"ListItem","position":1,"name":"Home","item":"https:\/\/www.iskreni.net\/trgovina\/"},{"@type":"ListItem","position":2,"name":"Trgovina","item":"https:\/\/www.iskreni.net\/trgovina\/trgovina\/"},{"@type":"ListItem","position":3,"name":"Pika pri Bo\u017ei\u010dku"}]},{"@type":"WebSite","@id":"https:\/\/www.iskreni.net\/trgovina\/#website","url":"https:\/\/www.iskreni.net\/trgovina\/","name":"Zavod Iskreni","description":"trgovina","potentialAction":[{"@type":"SearchAction","target":{"@type":"EntryPoint","urlTemplate":"https:\/\/www.iskreni.net\/trgovina\/?s={search_term_string}"},"query-input":{"@type":"PropertyValueSpecification","valueRequired":true,"valueName":"search_term_string"}}],"inLanguage":"sl-SI"}]}},"_links":{"self":[{"href":"https:\/\/www.iskreni.net\/trgovina\/wp-json\/wp\/v2\/product\/59992","targetHints":{"allow":["GET"]}}],"collection":[{"href":"https:\/\/www.iskreni.net\/trgovina\/wp-json\/wp\/v2\/product"}],"about":[{"href":"https:\/\/www.iskreni.net\/trgovina\/wp-json\/wp\/v2\/types\/product"}],"replies":[{"embeddable":true,"href":"https:\/\/www.iskreni.net\/trgovina\/wp-json\/wp\/v2\/comments?post=59992"}],"version-history":[{"count":18,"href":"https:\/\/www.iskreni.net\/trgovina\/wp-json\/wp\/v2\/product\/59992\/revisions"}],"predecessor-version":[{"id":70544,"href":"https:\/\/www.iskreni.net\/trgovina\/wp-json\/wp\/v2\/product\/59992\/revisions\/70544"}],"wp:featuredmedia":[{"embeddable":true,"href":"https:\/\/www.iskreni.net\/trgovina\/wp-json\/wp\/v2\/media\/60031"}],"wp:attachment":[{"href":"https:\/\/www.iskreni.net\/trgovina\/wp-json\/wp\/v2\/media?parent=59992"}],"wp:term":[{"taxonomy":"product_brand","embeddable":true,"href":"https:\/\/www.iskreni.net\/trgovina\/wp-json\/wp\/v2\/product_brand?post=59992"},{"taxonomy":"product_cat","embeddable":true,"href":"https:\/\/www.iskreni.net\/trgovina\/wp-json\/wp\/v2\/product_cat?post=59992"},{"taxonomy":"product_tag","embeddable":true,"href":"https:\/\/www.iskreni.net\/trgovina\/wp-json\/wp\/v2\/product_tag?post=59992"},{"taxonomy":"avtor","embeddable":true,"href":"https:\/\/www.iskreni.net\/trgovina\/wp-json\/wp\/v2\/avtor?post=59992"},{"taxonomy":"zalozba","embeddable":true,"href":"https:\/\/www.iskreni.net\/trgovina\/wp-json\/wp\/v2\/zalozba?post=59992"},{"taxonomy":"vezava","embeddable":true,"href":"https:\/\/www.iskreni.net\/trgovina\/wp-json\/wp\/v2\/vezava?post=59992"}],"curies":[{"name":"wp","href":"https:\/\/api.w.org\/{rel}","templated":true}]}}