{"id":59927,"date":"2022-11-08T00:01:25","date_gmt":"2022-11-07T23:01:25","guid":{"rendered":"https:\/\/www.iskreni.net\/trgovina\/?post_type=product&#038;p=59927"},"modified":"2024-01-18T15:22:30","modified_gmt":"2024-01-18T14:22:30","slug":"mama-moli","status":"publish","type":"product","link":"https:\/\/www.iskreni.net\/trgovina\/product\/mama-moli\/","title":{"rendered":"Mama moli"},"content":{"rendered":"<h4>O knjigi <em>Mama moli<\/em><\/h4>\n<p>V knjigi so zbrane ideje za neobi\u010dajno, \u017eivo in konkretno molitev, ki postane sestavni del napornega vsakdana.<br \/>\nKnjiga, ki jo boste imele ves \u010das s seboj v torbici. Ker gre dru\u017eini, v kateri mama moli, dobro.<\/p>\n<p>Claire de F\u00e9ligonde z obilo humorja predaja mamam skrivnost, kako se lahko nepopolna in prezaposlena mama neprestano zateka v Bo\u017eji objem. Dnevi, ko gre vse narobe, sanjarjenje o spro\u0161\u010danju na pla\u017ei, telefon, ki ga ne moremo spustiti iz rok \u2026<\/p>\n<p><a href=\"https:\/\/www.iskreni.net\/trgovina\/wp-content\/uploads\/2022\/11\/Mama-moli_www.pdf\">Prelistaj<\/a><\/p>\n<p>&nbsp;<\/p>\n<h4>Bralke o knjigi<\/h4>\n<div><em>&#8220;Priznam, da mi je pri\u0161la knjiga v roke ravno ob pravem \u010dasu (prednost dojenja je v tem, da imam kar naenkrat veliko \u010dasa za branje). V\u0161e\u010d mi je, ker odpira nov, druga\u010den pogled na molitev. Kot zaposlene mamice imamo velikokrat ob\u010dutek, da nam zmanjkuje \u010dasa za Boga. Poglavja, ki zelo pritegnejo s svojimi naslovi (med drugim boste izvedele, kako moliti s \u0161minko, Lucky Luckom in si v najve\u010dji gne\u010di privo\u0161\u010diti pravi wellnes), so kratka ter zelo so\u010dno opisana. Knjigo lahko odprete na kateri koli strani \u2013 vedno boste na\u0161le navdih za tisti dan. Meni se je \u017ee ve\u010dkrat zgodilo, da sem dobila pravo besedo prav za tisti trenutek, v katerem sem se nahajala (ko sem bila raztresena, sem izvedela, kako v vsem direndaju najti ti\u0161ino in prisluhniti Bogu).<\/em><\/div>\n<div><\/div>\n<div><em>Knjiga je lahko \u010dudovito darilo za kak\u0161no mamico, lahko pa tudi za vas same (mo\u017e bo gotovo razumel namig, da ste bolj\u0161e \u017eene, kadar molite). V glavnem, knjigo res priporo\u010dam, sem \u017ee ponosna lastnica enega izvoda, pa tudi podarila sem jo \u017ee naprej.&#8221;<\/em><\/div>\n<div><\/div>\n<div>&#8211; Hana Strajnar<\/div>\n<p>&nbsp;<\/p>\n<p><em>&#8220;Idealna knjiga tako za \u017eenske, ki so z materinstvom na negovanje osebne molitve malce pozabile, kot za tiste, ki bi svojo redno osebno molitev \u017eelele \u0161e poglobiti.&#8221;<\/em><\/p>\n<p>&#8211; Lucija \u010cak\u0161 na <a href=\"https:\/\/www.domovina.je\/lucija-caks-priporoca-knjigo-ki-bo-pri-molitvi-pomagala-mamam\/\" target=\"_blank\" rel=\"noopener\">domovina.je<\/a><\/p>\n","protected":false},"excerpt":{"rendered":"<p><strong>Leto izdaje:<\/strong> 2022<br \/>\n<strong>\u0160tevilo strani:<\/strong> 112<br \/>\n<strong>Format:<\/strong> 14 x 21 cm<br \/>\n<strong>Vezava:<\/strong> ota bind<\/p>\n<h4>Mama moli. Ker si to zaslu\u017ei!<\/h4>\n<p><em>In ker molitev potrebuje vsa njena dru\u017eina.<\/em><\/p>\n<p><a href=\"https:\/\/www.iskreni.net\/trgovina\/wp-content\/uploads\/2022\/11\/Mama-moli_www.pdf\">Pogled v knjigo<\/a><\/p>\n<p>&nbsp;<\/p>\n","protected":false},"featured_media":59877,"comment_status":"open","ping_status":"closed","template":"","meta":[],"product_brand":[],"product_cat":[2324,63],"product_tag":[1061,1321,1896],"avtor":[2726],"zalozba":[2335],"vezava":[],"class_list":{"0":"post-59927","1":"product","2":"type-product","3":"status-publish","4":"has-post-thumbnail","6":"product_cat-duhovnost-in-osebna-rast","7":"product_cat-knjige","8":"product_tag-duhovna-rast","9":"product_tag-materinstvo","10":"product_tag-molitev","11":"avtor-claire-de-feligonde","12":"zalozba-zalozba-emanuel","14":"first","15":"instock","16":"taxable","17":"shipping-taxable","18":"purchasable","19":"product-type-simple"},"yoast_head":"<!-- This site is optimized with the Yoast SEO plugin v26.3 - https:\/\/yoast.com\/wordpress\/plugins\/seo\/ -->\n<title>Mama moli - trgovina Zavod Iskreni<\/title>\n<meta name=\"description\" content=\"Mama moli predaja mamam skrivnost, kako se lahko nepopolna in prezaposlena mama neprestano zateka v Bo\u017eji objem.\" \/>\n<meta name=\"robots\" content=\"index, follow, max-snippet:-1, max-image-preview:large, max-video-preview:-1\" \/>\n<link rel=\"canonical\" href=\"https:\/\/www.iskreni.net\/trgovina\/product\/mama-moli\/\" \/>\n<meta property=\"og:locale\" content=\"sl_SI\" \/>\n<meta property=\"og:type\" content=\"article\" \/>\n<meta property=\"og:title\" content=\"Mama moli\" \/>\n<meta property=\"og:description\" content=\"Mama moli predaja mamam skrivnost, kako se lahko nepopolna in prezaposlena mama neprestano zateka v Bo\u017eji objem.\" \/>\n<meta property=\"og:url\" content=\"https:\/\/www.iskreni.net\/trgovina\/product\/mama-moli\/\" \/>\n<meta property=\"og:site_name\" content=\"Zavod Iskreni\" \/>\n<meta property=\"article:modified_time\" content=\"2024-01-18T14:22:30+00:00\" \/>\n<meta property=\"og:image\" content=\"https:\/\/www.iskreni.net\/trgovina\/wp-content\/uploads\/2022\/11\/7-1.jpg\" \/>\n\t<meta property=\"og:image:width\" content=\"1200\" \/>\n\t<meta property=\"og:image:height\" content=\"674\" \/>\n\t<meta property=\"og:image:type\" content=\"image\/jpeg\" \/>\n<meta name=\"twitter:card\" content=\"summary_large_image\" \/>\n<meta name=\"twitter:label1\" content=\"Est. reading time\" \/>\n\t<meta name=\"twitter:data1\" content=\"2 minuti\" \/>\n<script type=\"application\/ld+json\" class=\"yoast-schema-graph\">{\"@context\":\"https:\/\/schema.org\",\"@graph\":[{\"@type\":\"WebPage\",\"@id\":\"https:\/\/www.iskreni.net\/trgovina\/product\/mama-moli\/\",\"url\":\"https:\/\/www.iskreni.net\/trgovina\/product\/mama-moli\/\",\"name\":\"Mama moli - trgovina Zavod Iskreni\",\"isPartOf\":{\"@id\":\"https:\/\/www.iskreni.net\/trgovina\/#website\"},\"primaryImageOfPage\":{\"@id\":\"https:\/\/www.iskreni.net\/trgovina\/product\/mama-moli\/#primaryimage\"},\"image\":{\"@id\":\"https:\/\/www.iskreni.net\/trgovina\/product\/mama-moli\/#primaryimage\"},\"thumbnailUrl\":\"https:\/\/www.iskreni.net\/trgovina\/wp-content\/uploads\/2022\/11\/7.jpg\",\"datePublished\":\"2022-11-07T23:01:25+00:00\",\"dateModified\":\"2024-01-18T14:22:30+00:00\",\"description\":\"Mama moli predaja mamam skrivnost, kako se lahko nepopolna in prezaposlena mama neprestano zateka v Bo\u017eji objem.\",\"breadcrumb\":{\"@id\":\"https:\/\/www.iskreni.net\/trgovina\/product\/mama-moli\/#breadcrumb\"},\"inLanguage\":\"sl-SI\",\"potentialAction\":[{\"@type\":\"ReadAction\",\"target\":[\"https:\/\/www.iskreni.net\/trgovina\/product\/mama-moli\/\"]}]},{\"@type\":\"ImageObject\",\"inLanguage\":\"sl-SI\",\"@id\":\"https:\/\/www.iskreni.net\/trgovina\/product\/mama-moli\/#primaryimage\",\"url\":\"https:\/\/www.iskreni.net\/trgovina\/wp-content\/uploads\/2022\/11\/7.jpg\",\"contentUrl\":\"https:\/\/www.iskreni.net\/trgovina\/wp-content\/uploads\/2022\/11\/7.jpg\",\"width\":600,\"height\":600},{\"@type\":\"BreadcrumbList\",\"@id\":\"https:\/\/www.iskreni.net\/trgovina\/product\/mama-moli\/#breadcrumb\",\"itemListElement\":[{\"@type\":\"ListItem\",\"position\":1,\"name\":\"Home\",\"item\":\"https:\/\/www.iskreni.net\/trgovina\/\"},{\"@type\":\"ListItem\",\"position\":2,\"name\":\"Trgovina\",\"item\":\"https:\/\/www.iskreni.net\/trgovina\/trgovina\/\"},{\"@type\":\"ListItem\",\"position\":3,\"name\":\"Mama moli\"}]},{\"@type\":\"WebSite\",\"@id\":\"https:\/\/www.iskreni.net\/trgovina\/#website\",\"url\":\"https:\/\/www.iskreni.net\/trgovina\/\",\"name\":\"Zavod Iskreni\",\"description\":\"trgovina\",\"potentialAction\":[{\"@type\":\"SearchAction\",\"target\":{\"@type\":\"EntryPoint\",\"urlTemplate\":\"https:\/\/www.iskreni.net\/trgovina\/?s={search_term_string}\"},\"query-input\":{\"@type\":\"PropertyValueSpecification\",\"valueRequired\":true,\"valueName\":\"search_term_string\"}}],\"inLanguage\":\"sl-SI\"}]}<\/script>\n<!-- \/ Yoast SEO plugin. -->","yoast_head_json":{"title":"Mama moli - trgovina Zavod Iskreni","description":"Mama moli predaja mamam skrivnost, kako se lahko nepopolna in prezaposlena mama neprestano zateka v Bo\u017eji objem.","robots":{"index":"index","follow":"follow","max-snippet":"max-snippet:-1","max-image-preview":"max-image-preview:large","max-video-preview":"max-video-preview:-1"},"canonical":"https:\/\/www.iskreni.net\/trgovina\/product\/mama-moli\/","og_locale":"sl_SI","og_type":"article","og_title":"Mama moli","og_description":"Mama moli predaja mamam skrivnost, kako se lahko nepopolna in prezaposlena mama neprestano zateka v Bo\u017eji objem.","og_url":"https:\/\/www.iskreni.net\/trgovina\/product\/mama-moli\/","og_site_name":"Zavod Iskreni","article_modified_time":"2024-01-18T14:22:30+00:00","og_image":[{"width":1200,"height":674,"url":"https:\/\/www.iskreni.net\/trgovina\/wp-content\/uploads\/2022\/11\/7-1.jpg","type":"image\/jpeg"}],"twitter_card":"summary_large_image","twitter_misc":{"Est. reading time":"2 minuti"},"schema":{"@context":"https:\/\/schema.org","@graph":[{"@type":"WebPage","@id":"https:\/\/www.iskreni.net\/trgovina\/product\/mama-moli\/","url":"https:\/\/www.iskreni.net\/trgovina\/product\/mama-moli\/","name":"Mama moli - trgovina Zavod Iskreni","isPartOf":{"@id":"https:\/\/www.iskreni.net\/trgovina\/#website"},"primaryImageOfPage":{"@id":"https:\/\/www.iskreni.net\/trgovina\/product\/mama-moli\/#primaryimage"},"image":{"@id":"https:\/\/www.iskreni.net\/trgovina\/product\/mama-moli\/#primaryimage"},"thumbnailUrl":"https:\/\/www.iskreni.net\/trgovina\/wp-content\/uploads\/2022\/11\/7.jpg","datePublished":"2022-11-07T23:01:25+00:00","dateModified":"2024-01-18T14:22:30+00:00","description":"Mama moli predaja mamam skrivnost, kako se lahko nepopolna in prezaposlena mama neprestano zateka v Bo\u017eji objem.","breadcrumb":{"@id":"https:\/\/www.iskreni.net\/trgovina\/product\/mama-moli\/#breadcrumb"},"inLanguage":"sl-SI","potentialAction":[{"@type":"ReadAction","target":["https:\/\/www.iskreni.net\/trgovina\/product\/mama-moli\/"]}]},{"@type":"ImageObject","inLanguage":"sl-SI","@id":"https:\/\/www.iskreni.net\/trgovina\/product\/mama-moli\/#primaryimage","url":"https:\/\/www.iskreni.net\/trgovina\/wp-content\/uploads\/2022\/11\/7.jpg","contentUrl":"https:\/\/www.iskreni.net\/trgovina\/wp-content\/uploads\/2022\/11\/7.jpg","width":600,"height":600},{"@type":"BreadcrumbList","@id":"https:\/\/www.iskreni.net\/trgovina\/product\/mama-moli\/#breadcrumb","itemListElement":[{"@type":"ListItem","position":1,"name":"Home","item":"https:\/\/www.iskreni.net\/trgovina\/"},{"@type":"ListItem","position":2,"name":"Trgovina","item":"https:\/\/www.iskreni.net\/trgovina\/trgovina\/"},{"@type":"ListItem","position":3,"name":"Mama moli"}]},{"@type":"WebSite","@id":"https:\/\/www.iskreni.net\/trgovina\/#website","url":"https:\/\/www.iskreni.net\/trgovina\/","name":"Zavod Iskreni","description":"trgovina","potentialAction":[{"@type":"SearchAction","target":{"@type":"EntryPoint","urlTemplate":"https:\/\/www.iskreni.net\/trgovina\/?s={search_term_string}"},"query-input":{"@type":"PropertyValueSpecification","valueRequired":true,"valueName":"search_term_string"}}],"inLanguage":"sl-SI"}]}},"_links":{"self":[{"href":"https:\/\/www.iskreni.net\/trgovina\/wp-json\/wp\/v2\/product\/59927","targetHints":{"allow":["GET"]}}],"collection":[{"href":"https:\/\/www.iskreni.net\/trgovina\/wp-json\/wp\/v2\/product"}],"about":[{"href":"https:\/\/www.iskreni.net\/trgovina\/wp-json\/wp\/v2\/types\/product"}],"replies":[{"embeddable":true,"href":"https:\/\/www.iskreni.net\/trgovina\/wp-json\/wp\/v2\/comments?post=59927"}],"version-history":[{"count":9,"href":"https:\/\/www.iskreni.net\/trgovina\/wp-json\/wp\/v2\/product\/59927\/revisions"}],"predecessor-version":[{"id":72780,"href":"https:\/\/www.iskreni.net\/trgovina\/wp-json\/wp\/v2\/product\/59927\/revisions\/72780"}],"wp:featuredmedia":[{"embeddable":true,"href":"https:\/\/www.iskreni.net\/trgovina\/wp-json\/wp\/v2\/media\/59877"}],"wp:attachment":[{"href":"https:\/\/www.iskreni.net\/trgovina\/wp-json\/wp\/v2\/media?parent=59927"}],"wp:term":[{"taxonomy":"product_brand","embeddable":true,"href":"https:\/\/www.iskreni.net\/trgovina\/wp-json\/wp\/v2\/product_brand?post=59927"},{"taxonomy":"product_cat","embeddable":true,"href":"https:\/\/www.iskreni.net\/trgovina\/wp-json\/wp\/v2\/product_cat?post=59927"},{"taxonomy":"product_tag","embeddable":true,"href":"https:\/\/www.iskreni.net\/trgovina\/wp-json\/wp\/v2\/product_tag?post=59927"},{"taxonomy":"avtor","embeddable":true,"href":"https:\/\/www.iskreni.net\/trgovina\/wp-json\/wp\/v2\/avtor?post=59927"},{"taxonomy":"zalozba","embeddable":true,"href":"https:\/\/www.iskreni.net\/trgovina\/wp-json\/wp\/v2\/zalozba?post=59927"},{"taxonomy":"vezava","embeddable":true,"href":"https:\/\/www.iskreni.net\/trgovina\/wp-json\/wp\/v2\/vezava?post=59927"}],"curies":[{"name":"wp","href":"https:\/\/api.w.org\/{rel}","templated":true}]}}