{"id":59851,"date":"2022-11-05T18:16:50","date_gmt":"2022-11-05T17:16:50","guid":{"rendered":"https:\/\/www.iskreni.net\/trgovina\/?post_type=product&#038;p=59851"},"modified":"2023-11-02T14:57:13","modified_gmt":"2023-11-02T13:57:13","slug":"zivljenje-in-delo-z-lesom-hisa-mandrova","status":"publish","type":"product","link":"https:\/\/www.iskreni.net\/trgovina\/product\/zivljenje-in-delo-z-lesom-hisa-mandrova\/","title":{"rendered":"\u017divljenje in delo z lesom: Hi\u0161a Mandrova"},"content":{"rendered":"<h4 id=\"anchor-o-izdelku\" class=\"title\">O knjigi <em>\u017divljenje in delo z lesom: Hi\u0161a Mandrova<\/em><\/h4>\n<div class=\"tab-description js-tab-singleProduct-description content-tab\">\n<p>V sodobnem svetu si marsikdo \u017eeli bolj trajnostnega na\u010dina bivanja, vendar ne najde prave poti.<\/p>\n<p>Alja\u017e Celarc in Eva Pavli\u010d Seifert sta stopila iz cone udobja in naredila usodni korak, ki jima je spremenil \u017eivljenje. Iz sivega velemesta sta se preselila v zeleno okolje visoke kra\u0161ke planote in notranjskih gozdov. Kupila sta staro poslopje in ga sama obnovila v sodobno, ekolo\u0161ko in trajnostno leseno hi\u0161o, ki zadovoljuje vse potrebe modernega \u010dloveka. Obudila sta starodavne prakse dela z lesom, jih nadgradila z novimi znanji in vzpostavila edinstveni na\u010din sobivanja z naravo.<\/p>\n<p>S tem sta Mandrovo hi\u0161o spremenila v Hi\u0161o Mandrova.<\/p>\n<p>Leta izku\u0161enj in \u010dudovitih zgodb so ju vodila do spoznanja, da morata z ljudmi deliti vse, kar sta se nau\u010dila. Svoje znanje zato predajata naprej z izkustvenimi delavnicami dela z lesom.<\/p>\n<p>\u017divljenje in delo z lesom: od drevesa do izdelka je izviren slovenski vodnik o gradnji z lesom, kot ga \u0161e ni bilo. Hkrati je tudi prakti\u010den u\u010dbenik, ki povezuje trajnostne oblike dela z lesom s sodobnimi metodami, in avtobiografski zapis o ljubezni do narave.<\/p>\n<\/div>\n<p>&nbsp;<\/p>\n","protected":false},"excerpt":{"rendered":"<p><strong>Ilustracije:<\/strong> Alja\u017e Celarc<br \/>\n<strong>Leto izdaje:<\/strong> 2022<br \/>\n<strong>\u0160tevilo strani:<\/strong> 344<\/p>\n","protected":false},"featured_media":59876,"comment_status":"open","ping_status":"closed","template":"","meta":[],"product_brand":[],"product_cat":[2327,63],"product_tag":[],"avtor":[2595,2596],"zalozba":[2365],"vezava":[2306],"class_list":{"0":"post-59851","1":"product","2":"type-product","3":"status-publish","4":"has-post-thumbnail","6":"product_cat-prirocniki-in-vodniki","7":"product_cat-knjige","8":"avtor-aljaz-celarc","9":"avtor-eva-pavlic-seifert","10":"zalozba-vida","11":"vezava-trda","13":"first","14":"instock","15":"taxable","16":"shipping-taxable","17":"purchasable","18":"product-type-simple"},"yoast_head":"<!-- This site is optimized with the Yoast SEO plugin v26.3 - https:\/\/yoast.com\/wordpress\/plugins\/seo\/ -->\n<title>\u017divljenje in delo z lesom: Hi\u0161a Mandrova - Iskreni<\/title>\n<meta name=\"description\" content=\"\u017divljenje in delo z lesom: Hi\u0161a Mandrova je izviren slovenski vodnik o gradnji z lesom, kot ga \u0161e ni bilo ter prakti\u010den trajnostni u\u010dbenik.\" \/>\n<meta name=\"robots\" content=\"index, follow, max-snippet:-1, max-image-preview:large, max-video-preview:-1\" \/>\n<link rel=\"canonical\" href=\"https:\/\/www.iskreni.net\/trgovina\/product\/zivljenje-in-delo-z-lesom-hisa-mandrova\/\" \/>\n<meta property=\"og:locale\" content=\"sl_SI\" \/>\n<meta property=\"og:type\" content=\"article\" \/>\n<meta property=\"og:title\" content=\"\u017divljenje in delo z lesom: Hi\u0161a Mandrova\" \/>\n<meta property=\"og:description\" content=\"\u017divljenje in delo z lesom: Hi\u0161a Mandrova je izviren slovenski vodnik o gradnji z lesom, kot ga \u0161e ni bilo ter prakti\u010den trajnostni u\u010dbenik.\" \/>\n<meta property=\"og:url\" content=\"https:\/\/www.iskreni.net\/trgovina\/product\/zivljenje-in-delo-z-lesom-hisa-mandrova\/\" \/>\n<meta property=\"og:site_name\" content=\"Zavod Iskreni\" \/>\n<meta property=\"article:modified_time\" content=\"2023-11-02T13:57:13+00:00\" \/>\n<meta property=\"og:image\" content=\"https:\/\/www.iskreni.net\/trgovina\/wp-content\/uploads\/2022\/11\/12-1.jpg\" \/>\n\t<meta property=\"og:image:width\" content=\"1200\" \/>\n\t<meta property=\"og:image:height\" content=\"674\" \/>\n\t<meta property=\"og:image:type\" content=\"image\/jpeg\" \/>\n<meta name=\"twitter:card\" content=\"summary_large_image\" \/>\n<meta name=\"twitter:label1\" content=\"Est. reading time\" \/>\n\t<meta name=\"twitter:data1\" content=\"2 minuti\" \/>\n<script type=\"application\/ld+json\" class=\"yoast-schema-graph\">{\"@context\":\"https:\/\/schema.org\",\"@graph\":[{\"@type\":\"WebPage\",\"@id\":\"https:\/\/www.iskreni.net\/trgovina\/product\/zivljenje-in-delo-z-lesom-hisa-mandrova\/\",\"url\":\"https:\/\/www.iskreni.net\/trgovina\/product\/zivljenje-in-delo-z-lesom-hisa-mandrova\/\",\"name\":\"\u017divljenje in delo z lesom: Hi\u0161a Mandrova - Iskreni\",\"isPartOf\":{\"@id\":\"https:\/\/www.iskreni.net\/trgovina\/#website\"},\"primaryImageOfPage\":{\"@id\":\"https:\/\/www.iskreni.net\/trgovina\/product\/zivljenje-in-delo-z-lesom-hisa-mandrova\/#primaryimage\"},\"image\":{\"@id\":\"https:\/\/www.iskreni.net\/trgovina\/product\/zivljenje-in-delo-z-lesom-hisa-mandrova\/#primaryimage\"},\"thumbnailUrl\":\"https:\/\/www.iskreni.net\/trgovina\/wp-content\/uploads\/2022\/11\/6.jpg\",\"datePublished\":\"2022-11-05T17:16:50+00:00\",\"dateModified\":\"2023-11-02T13:57:13+00:00\",\"description\":\"\u017divljenje in delo z lesom: Hi\u0161a Mandrova je izviren slovenski vodnik o gradnji z lesom, kot ga \u0161e ni bilo ter prakti\u010den trajnostni u\u010dbenik.\",\"breadcrumb\":{\"@id\":\"https:\/\/www.iskreni.net\/trgovina\/product\/zivljenje-in-delo-z-lesom-hisa-mandrova\/#breadcrumb\"},\"inLanguage\":\"sl-SI\",\"potentialAction\":[{\"@type\":\"ReadAction\",\"target\":[\"https:\/\/www.iskreni.net\/trgovina\/product\/zivljenje-in-delo-z-lesom-hisa-mandrova\/\"]}]},{\"@type\":\"ImageObject\",\"inLanguage\":\"sl-SI\",\"@id\":\"https:\/\/www.iskreni.net\/trgovina\/product\/zivljenje-in-delo-z-lesom-hisa-mandrova\/#primaryimage\",\"url\":\"https:\/\/www.iskreni.net\/trgovina\/wp-content\/uploads\/2022\/11\/6.jpg\",\"contentUrl\":\"https:\/\/www.iskreni.net\/trgovina\/wp-content\/uploads\/2022\/11\/6.jpg\",\"width\":600,\"height\":600},{\"@type\":\"BreadcrumbList\",\"@id\":\"https:\/\/www.iskreni.net\/trgovina\/product\/zivljenje-in-delo-z-lesom-hisa-mandrova\/#breadcrumb\",\"itemListElement\":[{\"@type\":\"ListItem\",\"position\":1,\"name\":\"Home\",\"item\":\"https:\/\/www.iskreni.net\/trgovina\/\"},{\"@type\":\"ListItem\",\"position\":2,\"name\":\"Trgovina\",\"item\":\"https:\/\/www.iskreni.net\/trgovina\/trgovina\/\"},{\"@type\":\"ListItem\",\"position\":3,\"name\":\"\u017divljenje in delo z lesom: Hi\u0161a Mandrova\"}]},{\"@type\":\"WebSite\",\"@id\":\"https:\/\/www.iskreni.net\/trgovina\/#website\",\"url\":\"https:\/\/www.iskreni.net\/trgovina\/\",\"name\":\"Zavod Iskreni\",\"description\":\"trgovina\",\"potentialAction\":[{\"@type\":\"SearchAction\",\"target\":{\"@type\":\"EntryPoint\",\"urlTemplate\":\"https:\/\/www.iskreni.net\/trgovina\/?s={search_term_string}\"},\"query-input\":{\"@type\":\"PropertyValueSpecification\",\"valueRequired\":true,\"valueName\":\"search_term_string\"}}],\"inLanguage\":\"sl-SI\"}]}<\/script>\n<!-- \/ Yoast SEO plugin. -->","yoast_head_json":{"title":"\u017divljenje in delo z lesom: Hi\u0161a Mandrova - Iskreni","description":"\u017divljenje in delo z lesom: Hi\u0161a Mandrova je izviren slovenski vodnik o gradnji z lesom, kot ga \u0161e ni bilo ter prakti\u010den trajnostni u\u010dbenik.","robots":{"index":"index","follow":"follow","max-snippet":"max-snippet:-1","max-image-preview":"max-image-preview:large","max-video-preview":"max-video-preview:-1"},"canonical":"https:\/\/www.iskreni.net\/trgovina\/product\/zivljenje-in-delo-z-lesom-hisa-mandrova\/","og_locale":"sl_SI","og_type":"article","og_title":"\u017divljenje in delo z lesom: Hi\u0161a Mandrova","og_description":"\u017divljenje in delo z lesom: Hi\u0161a Mandrova je izviren slovenski vodnik o gradnji z lesom, kot ga \u0161e ni bilo ter prakti\u010den trajnostni u\u010dbenik.","og_url":"https:\/\/www.iskreni.net\/trgovina\/product\/zivljenje-in-delo-z-lesom-hisa-mandrova\/","og_site_name":"Zavod Iskreni","article_modified_time":"2023-11-02T13:57:13+00:00","og_image":[{"width":1200,"height":674,"url":"https:\/\/www.iskreni.net\/trgovina\/wp-content\/uploads\/2022\/11\/12-1.jpg","type":"image\/jpeg"}],"twitter_card":"summary_large_image","twitter_misc":{"Est. reading time":"2 minuti"},"schema":{"@context":"https:\/\/schema.org","@graph":[{"@type":"WebPage","@id":"https:\/\/www.iskreni.net\/trgovina\/product\/zivljenje-in-delo-z-lesom-hisa-mandrova\/","url":"https:\/\/www.iskreni.net\/trgovina\/product\/zivljenje-in-delo-z-lesom-hisa-mandrova\/","name":"\u017divljenje in delo z lesom: Hi\u0161a Mandrova - Iskreni","isPartOf":{"@id":"https:\/\/www.iskreni.net\/trgovina\/#website"},"primaryImageOfPage":{"@id":"https:\/\/www.iskreni.net\/trgovina\/product\/zivljenje-in-delo-z-lesom-hisa-mandrova\/#primaryimage"},"image":{"@id":"https:\/\/www.iskreni.net\/trgovina\/product\/zivljenje-in-delo-z-lesom-hisa-mandrova\/#primaryimage"},"thumbnailUrl":"https:\/\/www.iskreni.net\/trgovina\/wp-content\/uploads\/2022\/11\/6.jpg","datePublished":"2022-11-05T17:16:50+00:00","dateModified":"2023-11-02T13:57:13+00:00","description":"\u017divljenje in delo z lesom: Hi\u0161a Mandrova je izviren slovenski vodnik o gradnji z lesom, kot ga \u0161e ni bilo ter prakti\u010den trajnostni u\u010dbenik.","breadcrumb":{"@id":"https:\/\/www.iskreni.net\/trgovina\/product\/zivljenje-in-delo-z-lesom-hisa-mandrova\/#breadcrumb"},"inLanguage":"sl-SI","potentialAction":[{"@type":"ReadAction","target":["https:\/\/www.iskreni.net\/trgovina\/product\/zivljenje-in-delo-z-lesom-hisa-mandrova\/"]}]},{"@type":"ImageObject","inLanguage":"sl-SI","@id":"https:\/\/www.iskreni.net\/trgovina\/product\/zivljenje-in-delo-z-lesom-hisa-mandrova\/#primaryimage","url":"https:\/\/www.iskreni.net\/trgovina\/wp-content\/uploads\/2022\/11\/6.jpg","contentUrl":"https:\/\/www.iskreni.net\/trgovina\/wp-content\/uploads\/2022\/11\/6.jpg","width":600,"height":600},{"@type":"BreadcrumbList","@id":"https:\/\/www.iskreni.net\/trgovina\/product\/zivljenje-in-delo-z-lesom-hisa-mandrova\/#breadcrumb","itemListElement":[{"@type":"ListItem","position":1,"name":"Home","item":"https:\/\/www.iskreni.net\/trgovina\/"},{"@type":"ListItem","position":2,"name":"Trgovina","item":"https:\/\/www.iskreni.net\/trgovina\/trgovina\/"},{"@type":"ListItem","position":3,"name":"\u017divljenje in delo z lesom: Hi\u0161a Mandrova"}]},{"@type":"WebSite","@id":"https:\/\/www.iskreni.net\/trgovina\/#website","url":"https:\/\/www.iskreni.net\/trgovina\/","name":"Zavod Iskreni","description":"trgovina","potentialAction":[{"@type":"SearchAction","target":{"@type":"EntryPoint","urlTemplate":"https:\/\/www.iskreni.net\/trgovina\/?s={search_term_string}"},"query-input":{"@type":"PropertyValueSpecification","valueRequired":true,"valueName":"search_term_string"}}],"inLanguage":"sl-SI"}]}},"_links":{"self":[{"href":"https:\/\/www.iskreni.net\/trgovina\/wp-json\/wp\/v2\/product\/59851","targetHints":{"allow":["GET"]}}],"collection":[{"href":"https:\/\/www.iskreni.net\/trgovina\/wp-json\/wp\/v2\/product"}],"about":[{"href":"https:\/\/www.iskreni.net\/trgovina\/wp-json\/wp\/v2\/types\/product"}],"replies":[{"embeddable":true,"href":"https:\/\/www.iskreni.net\/trgovina\/wp-json\/wp\/v2\/comments?post=59851"}],"version-history":[{"count":3,"href":"https:\/\/www.iskreni.net\/trgovina\/wp-json\/wp\/v2\/product\/59851\/revisions"}],"predecessor-version":[{"id":70534,"href":"https:\/\/www.iskreni.net\/trgovina\/wp-json\/wp\/v2\/product\/59851\/revisions\/70534"}],"wp:featuredmedia":[{"embeddable":true,"href":"https:\/\/www.iskreni.net\/trgovina\/wp-json\/wp\/v2\/media\/59876"}],"wp:attachment":[{"href":"https:\/\/www.iskreni.net\/trgovina\/wp-json\/wp\/v2\/media?parent=59851"}],"wp:term":[{"taxonomy":"product_brand","embeddable":true,"href":"https:\/\/www.iskreni.net\/trgovina\/wp-json\/wp\/v2\/product_brand?post=59851"},{"taxonomy":"product_cat","embeddable":true,"href":"https:\/\/www.iskreni.net\/trgovina\/wp-json\/wp\/v2\/product_cat?post=59851"},{"taxonomy":"product_tag","embeddable":true,"href":"https:\/\/www.iskreni.net\/trgovina\/wp-json\/wp\/v2\/product_tag?post=59851"},{"taxonomy":"avtor","embeddable":true,"href":"https:\/\/www.iskreni.net\/trgovina\/wp-json\/wp\/v2\/avtor?post=59851"},{"taxonomy":"zalozba","embeddable":true,"href":"https:\/\/www.iskreni.net\/trgovina\/wp-json\/wp\/v2\/zalozba?post=59851"},{"taxonomy":"vezava","embeddable":true,"href":"https:\/\/www.iskreni.net\/trgovina\/wp-json\/wp\/v2\/vezava?post=59851"}],"curies":[{"name":"wp","href":"https:\/\/api.w.org\/{rel}","templated":true}]}}