{"id":59850,"date":"2022-11-05T17:51:35","date_gmt":"2022-11-05T16:51:35","guid":{"rendered":"https:\/\/www.iskreni.net\/trgovina\/?post_type=product&#038;p=59850"},"modified":"2023-10-20T15:24:09","modified_gmt":"2023-10-20T13:24:09","slug":"notranji-glas-ljubezni","status":"publish","type":"product","link":"https:\/\/www.iskreni.net\/trgovina\/product\/notranji-glas-ljubezni\/","title":{"rendered":"Notranji glas ljubezni"},"content":{"rendered":"<h4 id=\"anchor-o-izdelku\" class=\"title\">O izdelku <em>Notranji glas ljubezni<\/em><\/h4>\n<div class=\"tab-description js-tab-singleProduct-description content-tab\">\n<p>Ta knjiga je duhovnikov skrivni dnevnik, ki ga je pisal v najte\u017ejem obdobju svojega \u017eivljenja: ko je izgubljal samozavest, veselje do dela in \u017eivljenja, ko ni ve\u010d \u010dutil, da je ljubljen, ko se mu je ru\u0161ilo zaupanje v Boga. Pisanje \u00bbduhovnih napotkov\u00ab samemu sebi mu je pomagalo, da ni utonil v lastnem obupu.<\/p>\n<p>Henri J. M. Nouwen (1932\u20131996) se je rodil na Nizozemskem, kjer je bil leta 1957 posve\u010den v duhovnika. Na univerzi v Nijmegnu je doktoriral iz psihologije in kot profesor pou\u010deval na Yalu in Harvardu v ZDA. Leta 1986 je pri\u0161el v stik s skupnostjo Barka in njenim ustanoviteljem Jeanom Vanierom. Tam je odkril, da je njegovo poslanstvo med osebami z du\u0161evno prizadetostjo, s katerimi je odtlej v tej skupnosti v Torontu v Kanadi tudi \u017eivel. Nouwen je napisal ve\u010d kot 40 knjig o duhovnosti in duhovnem \u017eivljenju. Razlog, zakaj so \u0161e danes tako priljubljene, gre iskati v njegovem slogu, v katerem ne prikriva lastnega hrepenenja in ranljivosti.<\/p>\n<p><a href=\"https:\/\/www.iskreni.net\/trgovina\/wp-content\/uploads\/2023\/10\/Notranji-glas-ljubezni_internet.pdf\">Prelistajte knjigo<\/a><\/p>\n<\/div>\n","protected":false},"excerpt":{"rendered":"<p><strong>Leto izdaje:<\/strong> 2022<br \/>\n<strong>\u0160tevilo strani:<\/strong> 120<br \/>\n<strong>Mere<\/strong>: 120 x 200 mm<\/p>\n<h5>Pot od tesnobe do svobode<\/h5>\n<p><a href=\"https:\/\/www.iskreni.net\/trgovina\/wp-content\/uploads\/2023\/10\/Notranji-glas-ljubezni_internet.pdf\">Prelistajte knjigo<\/a><\/p>\n","protected":false},"featured_media":59875,"comment_status":"open","ping_status":"closed","template":"","meta":[],"product_brand":[],"product_cat":[2324,63],"product_tag":[1061],"avtor":[2559],"zalozba":[2311],"vezava":[2307],"class_list":{"0":"post-59850","1":"product","2":"type-product","3":"status-publish","4":"has-post-thumbnail","6":"product_cat-duhovnost-in-osebna-rast","7":"product_cat-knjige","8":"product_tag-duhovna-rast","9":"avtor-henri-j-m-nouwen","10":"zalozba-druzina","11":"vezava-mehka","13":"first","14":"instock","15":"taxable","16":"shipping-taxable","17":"purchasable","18":"product-type-simple"},"yoast_head":"<!-- This site is optimized with the Yoast SEO plugin v26.3 - https:\/\/yoast.com\/wordpress\/plugins\/seo\/ -->\n<title>Notranji glas ljubezni - trgovina Iskreni<\/title>\n<meta name=\"description\" content=\"Notranji glas ljubezni je duhovnikov skrivni dnevnik, ki ga je pisal v najte\u017ejem obdobju svojega \u017eivljenja.\" \/>\n<meta name=\"robots\" content=\"index, follow, max-snippet:-1, max-image-preview:large, max-video-preview:-1\" \/>\n<link rel=\"canonical\" href=\"https:\/\/www.iskreni.net\/trgovina\/product\/notranji-glas-ljubezni\/\" \/>\n<meta property=\"og:locale\" content=\"sl_SI\" \/>\n<meta property=\"og:type\" content=\"article\" \/>\n<meta property=\"og:title\" content=\"Notranji glas ljubezni\" \/>\n<meta property=\"og:description\" content=\"Notranji glas ljubezni je duhovnikov skrivni dnevnik, ki ga je pisal v najte\u017ejem obdobju svojega \u017eivljenja.\" \/>\n<meta property=\"og:url\" content=\"https:\/\/www.iskreni.net\/trgovina\/product\/notranji-glas-ljubezni\/\" \/>\n<meta property=\"og:site_name\" content=\"Zavod Iskreni\" \/>\n<meta property=\"article:modified_time\" content=\"2023-10-20T13:24:09+00:00\" \/>\n<meta property=\"og:image\" content=\"https:\/\/www.iskreni.net\/trgovina\/wp-content\/uploads\/2022\/11\/14-1.jpg\" \/>\n\t<meta property=\"og:image:width\" content=\"1200\" \/>\n\t<meta property=\"og:image:height\" content=\"674\" \/>\n\t<meta property=\"og:image:type\" content=\"image\/jpeg\" \/>\n<meta name=\"twitter:card\" content=\"summary_large_image\" \/>\n<meta name=\"twitter:label1\" content=\"Est. reading time\" \/>\n\t<meta name=\"twitter:data1\" content=\"1 minuta\" \/>\n<script type=\"application\/ld+json\" class=\"yoast-schema-graph\">{\"@context\":\"https:\/\/schema.org\",\"@graph\":[{\"@type\":\"WebPage\",\"@id\":\"https:\/\/www.iskreni.net\/trgovina\/product\/notranji-glas-ljubezni\/\",\"url\":\"https:\/\/www.iskreni.net\/trgovina\/product\/notranji-glas-ljubezni\/\",\"name\":\"Notranji glas ljubezni - trgovina Iskreni\",\"isPartOf\":{\"@id\":\"https:\/\/www.iskreni.net\/trgovina\/#website\"},\"primaryImageOfPage\":{\"@id\":\"https:\/\/www.iskreni.net\/trgovina\/product\/notranji-glas-ljubezni\/#primaryimage\"},\"image\":{\"@id\":\"https:\/\/www.iskreni.net\/trgovina\/product\/notranji-glas-ljubezni\/#primaryimage\"},\"thumbnailUrl\":\"https:\/\/www.iskreni.net\/trgovina\/wp-content\/uploads\/2022\/11\/5.jpg\",\"datePublished\":\"2022-11-05T16:51:35+00:00\",\"dateModified\":\"2023-10-20T13:24:09+00:00\",\"description\":\"Notranji glas ljubezni je duhovnikov skrivni dnevnik, ki ga je pisal v najte\u017ejem obdobju svojega \u017eivljenja.\",\"breadcrumb\":{\"@id\":\"https:\/\/www.iskreni.net\/trgovina\/product\/notranji-glas-ljubezni\/#breadcrumb\"},\"inLanguage\":\"sl-SI\",\"potentialAction\":[{\"@type\":\"ReadAction\",\"target\":[\"https:\/\/www.iskreni.net\/trgovina\/product\/notranji-glas-ljubezni\/\"]}]},{\"@type\":\"ImageObject\",\"inLanguage\":\"sl-SI\",\"@id\":\"https:\/\/www.iskreni.net\/trgovina\/product\/notranji-glas-ljubezni\/#primaryimage\",\"url\":\"https:\/\/www.iskreni.net\/trgovina\/wp-content\/uploads\/2022\/11\/5.jpg\",\"contentUrl\":\"https:\/\/www.iskreni.net\/trgovina\/wp-content\/uploads\/2022\/11\/5.jpg\",\"width\":600,\"height\":600},{\"@type\":\"BreadcrumbList\",\"@id\":\"https:\/\/www.iskreni.net\/trgovina\/product\/notranji-glas-ljubezni\/#breadcrumb\",\"itemListElement\":[{\"@type\":\"ListItem\",\"position\":1,\"name\":\"Home\",\"item\":\"https:\/\/www.iskreni.net\/trgovina\/\"},{\"@type\":\"ListItem\",\"position\":2,\"name\":\"Trgovina\",\"item\":\"https:\/\/www.iskreni.net\/trgovina\/trgovina\/\"},{\"@type\":\"ListItem\",\"position\":3,\"name\":\"Notranji glas ljubezni\"}]},{\"@type\":\"WebSite\",\"@id\":\"https:\/\/www.iskreni.net\/trgovina\/#website\",\"url\":\"https:\/\/www.iskreni.net\/trgovina\/\",\"name\":\"Zavod Iskreni\",\"description\":\"trgovina\",\"potentialAction\":[{\"@type\":\"SearchAction\",\"target\":{\"@type\":\"EntryPoint\",\"urlTemplate\":\"https:\/\/www.iskreni.net\/trgovina\/?s={search_term_string}\"},\"query-input\":{\"@type\":\"PropertyValueSpecification\",\"valueRequired\":true,\"valueName\":\"search_term_string\"}}],\"inLanguage\":\"sl-SI\"}]}<\/script>\n<!-- \/ Yoast SEO plugin. -->","yoast_head_json":{"title":"Notranji glas ljubezni - trgovina Iskreni","description":"Notranji glas ljubezni je duhovnikov skrivni dnevnik, ki ga je pisal v najte\u017ejem obdobju svojega \u017eivljenja.","robots":{"index":"index","follow":"follow","max-snippet":"max-snippet:-1","max-image-preview":"max-image-preview:large","max-video-preview":"max-video-preview:-1"},"canonical":"https:\/\/www.iskreni.net\/trgovina\/product\/notranji-glas-ljubezni\/","og_locale":"sl_SI","og_type":"article","og_title":"Notranji glas ljubezni","og_description":"Notranji glas ljubezni je duhovnikov skrivni dnevnik, ki ga je pisal v najte\u017ejem obdobju svojega \u017eivljenja.","og_url":"https:\/\/www.iskreni.net\/trgovina\/product\/notranji-glas-ljubezni\/","og_site_name":"Zavod Iskreni","article_modified_time":"2023-10-20T13:24:09+00:00","og_image":[{"width":1200,"height":674,"url":"https:\/\/www.iskreni.net\/trgovina\/wp-content\/uploads\/2022\/11\/14-1.jpg","type":"image\/jpeg"}],"twitter_card":"summary_large_image","twitter_misc":{"Est. reading time":"1 minuta"},"schema":{"@context":"https:\/\/schema.org","@graph":[{"@type":"WebPage","@id":"https:\/\/www.iskreni.net\/trgovina\/product\/notranji-glas-ljubezni\/","url":"https:\/\/www.iskreni.net\/trgovina\/product\/notranji-glas-ljubezni\/","name":"Notranji glas ljubezni - trgovina Iskreni","isPartOf":{"@id":"https:\/\/www.iskreni.net\/trgovina\/#website"},"primaryImageOfPage":{"@id":"https:\/\/www.iskreni.net\/trgovina\/product\/notranji-glas-ljubezni\/#primaryimage"},"image":{"@id":"https:\/\/www.iskreni.net\/trgovina\/product\/notranji-glas-ljubezni\/#primaryimage"},"thumbnailUrl":"https:\/\/www.iskreni.net\/trgovina\/wp-content\/uploads\/2022\/11\/5.jpg","datePublished":"2022-11-05T16:51:35+00:00","dateModified":"2023-10-20T13:24:09+00:00","description":"Notranji glas ljubezni je duhovnikov skrivni dnevnik, ki ga je pisal v najte\u017ejem obdobju svojega \u017eivljenja.","breadcrumb":{"@id":"https:\/\/www.iskreni.net\/trgovina\/product\/notranji-glas-ljubezni\/#breadcrumb"},"inLanguage":"sl-SI","potentialAction":[{"@type":"ReadAction","target":["https:\/\/www.iskreni.net\/trgovina\/product\/notranji-glas-ljubezni\/"]}]},{"@type":"ImageObject","inLanguage":"sl-SI","@id":"https:\/\/www.iskreni.net\/trgovina\/product\/notranji-glas-ljubezni\/#primaryimage","url":"https:\/\/www.iskreni.net\/trgovina\/wp-content\/uploads\/2022\/11\/5.jpg","contentUrl":"https:\/\/www.iskreni.net\/trgovina\/wp-content\/uploads\/2022\/11\/5.jpg","width":600,"height":600},{"@type":"BreadcrumbList","@id":"https:\/\/www.iskreni.net\/trgovina\/product\/notranji-glas-ljubezni\/#breadcrumb","itemListElement":[{"@type":"ListItem","position":1,"name":"Home","item":"https:\/\/www.iskreni.net\/trgovina\/"},{"@type":"ListItem","position":2,"name":"Trgovina","item":"https:\/\/www.iskreni.net\/trgovina\/trgovina\/"},{"@type":"ListItem","position":3,"name":"Notranji glas ljubezni"}]},{"@type":"WebSite","@id":"https:\/\/www.iskreni.net\/trgovina\/#website","url":"https:\/\/www.iskreni.net\/trgovina\/","name":"Zavod Iskreni","description":"trgovina","potentialAction":[{"@type":"SearchAction","target":{"@type":"EntryPoint","urlTemplate":"https:\/\/www.iskreni.net\/trgovina\/?s={search_term_string}"},"query-input":{"@type":"PropertyValueSpecification","valueRequired":true,"valueName":"search_term_string"}}],"inLanguage":"sl-SI"}]}},"_links":{"self":[{"href":"https:\/\/www.iskreni.net\/trgovina\/wp-json\/wp\/v2\/product\/59850","targetHints":{"allow":["GET"]}}],"collection":[{"href":"https:\/\/www.iskreni.net\/trgovina\/wp-json\/wp\/v2\/product"}],"about":[{"href":"https:\/\/www.iskreni.net\/trgovina\/wp-json\/wp\/v2\/types\/product"}],"replies":[{"embeddable":true,"href":"https:\/\/www.iskreni.net\/trgovina\/wp-json\/wp\/v2\/comments?post=59850"}],"version-history":[{"count":5,"href":"https:\/\/www.iskreni.net\/trgovina\/wp-json\/wp\/v2\/product\/59850\/revisions"}],"predecessor-version":[{"id":70286,"href":"https:\/\/www.iskreni.net\/trgovina\/wp-json\/wp\/v2\/product\/59850\/revisions\/70286"}],"wp:featuredmedia":[{"embeddable":true,"href":"https:\/\/www.iskreni.net\/trgovina\/wp-json\/wp\/v2\/media\/59875"}],"wp:attachment":[{"href":"https:\/\/www.iskreni.net\/trgovina\/wp-json\/wp\/v2\/media?parent=59850"}],"wp:term":[{"taxonomy":"product_brand","embeddable":true,"href":"https:\/\/www.iskreni.net\/trgovina\/wp-json\/wp\/v2\/product_brand?post=59850"},{"taxonomy":"product_cat","embeddable":true,"href":"https:\/\/www.iskreni.net\/trgovina\/wp-json\/wp\/v2\/product_cat?post=59850"},{"taxonomy":"product_tag","embeddable":true,"href":"https:\/\/www.iskreni.net\/trgovina\/wp-json\/wp\/v2\/product_tag?post=59850"},{"taxonomy":"avtor","embeddable":true,"href":"https:\/\/www.iskreni.net\/trgovina\/wp-json\/wp\/v2\/avtor?post=59850"},{"taxonomy":"zalozba","embeddable":true,"href":"https:\/\/www.iskreni.net\/trgovina\/wp-json\/wp\/v2\/zalozba?post=59850"},{"taxonomy":"vezava","embeddable":true,"href":"https:\/\/www.iskreni.net\/trgovina\/wp-json\/wp\/v2\/vezava?post=59850"}],"curies":[{"name":"wp","href":"https:\/\/api.w.org\/{rel}","templated":true}]}}