{"id":59848,"date":"2022-11-05T17:34:26","date_gmt":"2022-11-05T16:34:26","guid":{"rendered":"https:\/\/www.iskreni.net\/trgovina\/?post_type=product&#038;p=59848"},"modified":"2024-01-12T11:52:03","modified_gmt":"2024-01-12T10:52:03","slug":"psi-lajajo-nafta-tece-dalje","status":"publish","type":"product","link":"https:\/\/www.iskreni.net\/trgovina\/product\/psi-lajajo-nafta-tece-dalje\/","title":{"rendered":"Psi lajajo, nafta te\u010de dalje"},"content":{"rendered":"<h4>O knjigi <em>Psi lajajo, nafta te\u010de dalje<\/em><\/h4>\n<p><em>Zakaj aforizmi u\u010dinkujejo? Ker v zgo\u0161\u010deni obliki predstavijo algoritem \u017eivljenjskih vzorcev vseh nas. Ker izku\u0161nje, pravila in modrosti izrazijo na izviren ali duhovit na\u010din, ne da bi bili pri tem pokroviteljski. \u010ce pa ta nevarnost grozi, jih avtor umesti v rubriko \u00bbGloblje \u017eivljenjske misli\u00ab. Ker nas presene\u010dajo z besednimi igrami in kak\u0161nim te\u017eavam odvzamejo te\u017eo. In \u010detudi so kdaj prej maksime kot aforizmi, njihovo bistvo vsakega nagovori tam, kjer tudi malo zbode.<\/em><\/p>\n<p>Knjiga aforizmov ne potrebuje vsebinske predstavitve. Preprosto se prepustimo kratkim zapisom, ki zaustavijo na\u0161o misel s svojo zgo\u0161\u010denostjo, presenetljivostjo in miselnimi obrati ali dvoumnostmi. S tem nas v glavnem zabavajo, a iz marsikaterega lahko izlu\u0161\u010dimo tudi zrno resnice.<br \/>\nZato z avtorjevimi besedami:<br \/>\nTa zbirka je zdrava duhovna hrana: vsebuje veliko balastnih snovi in miselne zelenjave, neslanih \u0161al (sol je pa\u010d \u0161kodljiva!) in nekaj tr\u0161ih ore\u0161\u010dkov, vse skupaj dobro preme\u0161ano v lahko duhovno ka\u0161ico. No, tudi taka zdrava ka\u0161ica lahko pri komu povzro\u010di mentalne prebavne probleme, a upam, da se vam to ne zgodi! Pa dober tek!<br \/>\nAforizme in domislice je avtor razvrstil v poglavja: <em>Re\u010denice in rekla<\/em>, <em>Izjave (ne)znanih<\/em>, <em>Slovar,<\/em> <em>Malo (z)me\u0161ano<\/em>, <em>Globlje \u017eivljenjske misli,<\/em> knjigo pa za\u010dne z <em>Zagovorom.<\/em><\/p>\n<h4><a href=\"https:\/\/www.iskreni.net\/trgovina\/wp-content\/uploads\/2022\/11\/Subic-Mark-Psi-lajajo-nafta-tece-dalje_za-prelistaj-knjigo.pdf\">Prelistaj<\/a><\/h4>\n","protected":false},"excerpt":{"rendered":"<p><strong>\u0160tevilo strani:<\/strong> 124<br \/>\n<strong>Leto izdaje:<\/strong> 2022<br \/>\n<strong>Format:<\/strong> 135 x 155 mm<\/p>\n<h4>Kratki zapisi, ki zaustavijo na\u0161o misel s svojo zgo\u0161\u010denostjo, presenetljivostjo in miselnimi obrati ali dvoumnostmi.<\/h4>\n","protected":false},"featured_media":59874,"comment_status":"open","ping_status":"closed","template":"","meta":[],"product_brand":[],"product_cat":[2325,63],"product_tag":[],"avtor":[2492],"zalozba":[2337],"vezava":[2306],"class_list":{"0":"post-59848","1":"product","2":"type-product","3":"status-publish","4":"has-post-thumbnail","6":"product_cat-leposlovje","7":"product_cat-knjige","8":"avtor-marko-subic","9":"zalozba-celjska-mohorjeva-druzba","10":"vezava-trda","12":"first","13":"onbackorder","14":"taxable","15":"shipping-taxable","16":"purchasable","17":"product-type-simple"},"yoast_head":"<!-- This site is optimized with the Yoast SEO plugin v26.3 - https:\/\/yoast.com\/wordpress\/plugins\/seo\/ -->\n<title>Psi lajajo, nafta te\u010de dalje - trgovina Iskreni<\/title>\n<meta name=\"description\" content=\"Psi lajajo, nafta te\u010de dalje je zbirka aforizmov, ki nas presene\u010dajo z besednimi igrami in kak\u0161nim te\u017eavam odvzamejo te\u017eo.\" \/>\n<meta name=\"robots\" content=\"index, follow, max-snippet:-1, max-image-preview:large, max-video-preview:-1\" \/>\n<link rel=\"canonical\" href=\"https:\/\/www.iskreni.net\/trgovina\/product\/psi-lajajo-nafta-tece-dalje\/\" \/>\n<meta property=\"og:locale\" content=\"sl_SI\" \/>\n<meta property=\"og:type\" content=\"article\" \/>\n<meta property=\"og:title\" content=\"Psi lajajo, nafta te\u010de dalje\" \/>\n<meta property=\"og:description\" content=\"Psi lajajo, nafta te\u010de dalje je zbirka aforizmov, ki nas presene\u010dajo z besednimi igrami in kak\u0161nim te\u017eavam odvzamejo te\u017eo.\" \/>\n<meta property=\"og:url\" content=\"https:\/\/www.iskreni.net\/trgovina\/product\/psi-lajajo-nafta-tece-dalje\/\" \/>\n<meta property=\"og:site_name\" content=\"Zavod Iskreni\" \/>\n<meta property=\"article:modified_time\" content=\"2024-01-12T10:52:03+00:00\" \/>\n<meta property=\"og:image\" content=\"https:\/\/www.iskreni.net\/trgovina\/wp-content\/uploads\/2022\/11\/8-1.jpg\" \/>\n\t<meta property=\"og:image:width\" content=\"1200\" \/>\n\t<meta property=\"og:image:height\" content=\"674\" \/>\n\t<meta property=\"og:image:type\" content=\"image\/jpeg\" \/>\n<meta name=\"twitter:card\" content=\"summary_large_image\" \/>\n<meta name=\"twitter:label1\" content=\"Est. reading time\" \/>\n\t<meta name=\"twitter:data1\" content=\"2 minuti\" \/>\n<script type=\"application\/ld+json\" class=\"yoast-schema-graph\">{\"@context\":\"https:\/\/schema.org\",\"@graph\":[{\"@type\":\"WebPage\",\"@id\":\"https:\/\/www.iskreni.net\/trgovina\/product\/psi-lajajo-nafta-tece-dalje\/\",\"url\":\"https:\/\/www.iskreni.net\/trgovina\/product\/psi-lajajo-nafta-tece-dalje\/\",\"name\":\"Psi lajajo, nafta te\u010de dalje - trgovina Iskreni\",\"isPartOf\":{\"@id\":\"https:\/\/www.iskreni.net\/trgovina\/#website\"},\"primaryImageOfPage\":{\"@id\":\"https:\/\/www.iskreni.net\/trgovina\/product\/psi-lajajo-nafta-tece-dalje\/#primaryimage\"},\"image\":{\"@id\":\"https:\/\/www.iskreni.net\/trgovina\/product\/psi-lajajo-nafta-tece-dalje\/#primaryimage\"},\"thumbnailUrl\":\"https:\/\/www.iskreni.net\/trgovina\/wp-content\/uploads\/2022\/11\/4.jpg\",\"datePublished\":\"2022-11-05T16:34:26+00:00\",\"dateModified\":\"2024-01-12T10:52:03+00:00\",\"description\":\"Psi lajajo, nafta te\u010de dalje je zbirka aforizmov, ki nas presene\u010dajo z besednimi igrami in kak\u0161nim te\u017eavam odvzamejo te\u017eo.\",\"breadcrumb\":{\"@id\":\"https:\/\/www.iskreni.net\/trgovina\/product\/psi-lajajo-nafta-tece-dalje\/#breadcrumb\"},\"inLanguage\":\"sl-SI\",\"potentialAction\":[{\"@type\":\"ReadAction\",\"target\":[\"https:\/\/www.iskreni.net\/trgovina\/product\/psi-lajajo-nafta-tece-dalje\/\"]}]},{\"@type\":\"ImageObject\",\"inLanguage\":\"sl-SI\",\"@id\":\"https:\/\/www.iskreni.net\/trgovina\/product\/psi-lajajo-nafta-tece-dalje\/#primaryimage\",\"url\":\"https:\/\/www.iskreni.net\/trgovina\/wp-content\/uploads\/2022\/11\/4.jpg\",\"contentUrl\":\"https:\/\/www.iskreni.net\/trgovina\/wp-content\/uploads\/2022\/11\/4.jpg\",\"width\":600,\"height\":600},{\"@type\":\"BreadcrumbList\",\"@id\":\"https:\/\/www.iskreni.net\/trgovina\/product\/psi-lajajo-nafta-tece-dalje\/#breadcrumb\",\"itemListElement\":[{\"@type\":\"ListItem\",\"position\":1,\"name\":\"Home\",\"item\":\"https:\/\/www.iskreni.net\/trgovina\/\"},{\"@type\":\"ListItem\",\"position\":2,\"name\":\"Trgovina\",\"item\":\"https:\/\/www.iskreni.net\/trgovina\/trgovina\/\"},{\"@type\":\"ListItem\",\"position\":3,\"name\":\"Psi lajajo, nafta te\u010de dalje\"}]},{\"@type\":\"WebSite\",\"@id\":\"https:\/\/www.iskreni.net\/trgovina\/#website\",\"url\":\"https:\/\/www.iskreni.net\/trgovina\/\",\"name\":\"Zavod Iskreni\",\"description\":\"trgovina\",\"potentialAction\":[{\"@type\":\"SearchAction\",\"target\":{\"@type\":\"EntryPoint\",\"urlTemplate\":\"https:\/\/www.iskreni.net\/trgovina\/?s={search_term_string}\"},\"query-input\":{\"@type\":\"PropertyValueSpecification\",\"valueRequired\":true,\"valueName\":\"search_term_string\"}}],\"inLanguage\":\"sl-SI\"}]}<\/script>\n<!-- \/ Yoast SEO plugin. -->","yoast_head_json":{"title":"Psi lajajo, nafta te\u010de dalje - trgovina Iskreni","description":"Psi lajajo, nafta te\u010de dalje je zbirka aforizmov, ki nas presene\u010dajo z besednimi igrami in kak\u0161nim te\u017eavam odvzamejo te\u017eo.","robots":{"index":"index","follow":"follow","max-snippet":"max-snippet:-1","max-image-preview":"max-image-preview:large","max-video-preview":"max-video-preview:-1"},"canonical":"https:\/\/www.iskreni.net\/trgovina\/product\/psi-lajajo-nafta-tece-dalje\/","og_locale":"sl_SI","og_type":"article","og_title":"Psi lajajo, nafta te\u010de dalje","og_description":"Psi lajajo, nafta te\u010de dalje je zbirka aforizmov, ki nas presene\u010dajo z besednimi igrami in kak\u0161nim te\u017eavam odvzamejo te\u017eo.","og_url":"https:\/\/www.iskreni.net\/trgovina\/product\/psi-lajajo-nafta-tece-dalje\/","og_site_name":"Zavod Iskreni","article_modified_time":"2024-01-12T10:52:03+00:00","og_image":[{"width":1200,"height":674,"url":"https:\/\/www.iskreni.net\/trgovina\/wp-content\/uploads\/2022\/11\/8-1.jpg","type":"image\/jpeg"}],"twitter_card":"summary_large_image","twitter_misc":{"Est. reading time":"2 minuti"},"schema":{"@context":"https:\/\/schema.org","@graph":[{"@type":"WebPage","@id":"https:\/\/www.iskreni.net\/trgovina\/product\/psi-lajajo-nafta-tece-dalje\/","url":"https:\/\/www.iskreni.net\/trgovina\/product\/psi-lajajo-nafta-tece-dalje\/","name":"Psi lajajo, nafta te\u010de dalje - trgovina Iskreni","isPartOf":{"@id":"https:\/\/www.iskreni.net\/trgovina\/#website"},"primaryImageOfPage":{"@id":"https:\/\/www.iskreni.net\/trgovina\/product\/psi-lajajo-nafta-tece-dalje\/#primaryimage"},"image":{"@id":"https:\/\/www.iskreni.net\/trgovina\/product\/psi-lajajo-nafta-tece-dalje\/#primaryimage"},"thumbnailUrl":"https:\/\/www.iskreni.net\/trgovina\/wp-content\/uploads\/2022\/11\/4.jpg","datePublished":"2022-11-05T16:34:26+00:00","dateModified":"2024-01-12T10:52:03+00:00","description":"Psi lajajo, nafta te\u010de dalje je zbirka aforizmov, ki nas presene\u010dajo z besednimi igrami in kak\u0161nim te\u017eavam odvzamejo te\u017eo.","breadcrumb":{"@id":"https:\/\/www.iskreni.net\/trgovina\/product\/psi-lajajo-nafta-tece-dalje\/#breadcrumb"},"inLanguage":"sl-SI","potentialAction":[{"@type":"ReadAction","target":["https:\/\/www.iskreni.net\/trgovina\/product\/psi-lajajo-nafta-tece-dalje\/"]}]},{"@type":"ImageObject","inLanguage":"sl-SI","@id":"https:\/\/www.iskreni.net\/trgovina\/product\/psi-lajajo-nafta-tece-dalje\/#primaryimage","url":"https:\/\/www.iskreni.net\/trgovina\/wp-content\/uploads\/2022\/11\/4.jpg","contentUrl":"https:\/\/www.iskreni.net\/trgovina\/wp-content\/uploads\/2022\/11\/4.jpg","width":600,"height":600},{"@type":"BreadcrumbList","@id":"https:\/\/www.iskreni.net\/trgovina\/product\/psi-lajajo-nafta-tece-dalje\/#breadcrumb","itemListElement":[{"@type":"ListItem","position":1,"name":"Home","item":"https:\/\/www.iskreni.net\/trgovina\/"},{"@type":"ListItem","position":2,"name":"Trgovina","item":"https:\/\/www.iskreni.net\/trgovina\/trgovina\/"},{"@type":"ListItem","position":3,"name":"Psi lajajo, nafta te\u010de dalje"}]},{"@type":"WebSite","@id":"https:\/\/www.iskreni.net\/trgovina\/#website","url":"https:\/\/www.iskreni.net\/trgovina\/","name":"Zavod Iskreni","description":"trgovina","potentialAction":[{"@type":"SearchAction","target":{"@type":"EntryPoint","urlTemplate":"https:\/\/www.iskreni.net\/trgovina\/?s={search_term_string}"},"query-input":{"@type":"PropertyValueSpecification","valueRequired":true,"valueName":"search_term_string"}}],"inLanguage":"sl-SI"}]}},"_links":{"self":[{"href":"https:\/\/www.iskreni.net\/trgovina\/wp-json\/wp\/v2\/product\/59848","targetHints":{"allow":["GET"]}}],"collection":[{"href":"https:\/\/www.iskreni.net\/trgovina\/wp-json\/wp\/v2\/product"}],"about":[{"href":"https:\/\/www.iskreni.net\/trgovina\/wp-json\/wp\/v2\/types\/product"}],"replies":[{"embeddable":true,"href":"https:\/\/www.iskreni.net\/trgovina\/wp-json\/wp\/v2\/comments?post=59848"}],"version-history":[{"count":10,"href":"https:\/\/www.iskreni.net\/trgovina\/wp-json\/wp\/v2\/product\/59848\/revisions"}],"predecessor-version":[{"id":72391,"href":"https:\/\/www.iskreni.net\/trgovina\/wp-json\/wp\/v2\/product\/59848\/revisions\/72391"}],"wp:featuredmedia":[{"embeddable":true,"href":"https:\/\/www.iskreni.net\/trgovina\/wp-json\/wp\/v2\/media\/59874"}],"wp:attachment":[{"href":"https:\/\/www.iskreni.net\/trgovina\/wp-json\/wp\/v2\/media?parent=59848"}],"wp:term":[{"taxonomy":"product_brand","embeddable":true,"href":"https:\/\/www.iskreni.net\/trgovina\/wp-json\/wp\/v2\/product_brand?post=59848"},{"taxonomy":"product_cat","embeddable":true,"href":"https:\/\/www.iskreni.net\/trgovina\/wp-json\/wp\/v2\/product_cat?post=59848"},{"taxonomy":"product_tag","embeddable":true,"href":"https:\/\/www.iskreni.net\/trgovina\/wp-json\/wp\/v2\/product_tag?post=59848"},{"taxonomy":"avtor","embeddable":true,"href":"https:\/\/www.iskreni.net\/trgovina\/wp-json\/wp\/v2\/avtor?post=59848"},{"taxonomy":"zalozba","embeddable":true,"href":"https:\/\/www.iskreni.net\/trgovina\/wp-json\/wp\/v2\/zalozba?post=59848"},{"taxonomy":"vezava","embeddable":true,"href":"https:\/\/www.iskreni.net\/trgovina\/wp-json\/wp\/v2\/vezava?post=59848"}],"curies":[{"name":"wp","href":"https:\/\/api.w.org\/{rel}","templated":true}]}}