{"id":59682,"date":"2022-10-27T10:53:00","date_gmt":"2022-10-27T08:53:00","guid":{"rendered":"https:\/\/www.iskreni.net\/trgovina\/?post_type=product&#038;p=59682"},"modified":"2023-07-25T14:30:06","modified_gmt":"2023-07-25T12:30:06","slug":"luka-premaga-zalost","status":"publish","type":"product","link":"https:\/\/www.iskreni.net\/trgovina\/product\/luka-premaga-zalost\/","title":{"rendered":"Luka premaga \u017ealost"},"content":{"rendered":"<h4>O knjigi <em>Luka premaga \u017ealost<\/em><\/h4>\n<p><b>Otroci spremljajo Luko, ki skozi razli\u010dne dogodiv\u0161\u010dine spoznava svet. V tej slikanici spoznajo njegovega hi\u0161nega ljubljen\u010dka, psi\u010dka Rona.\u00a0<\/b>Ta kasneje pogine, otroci pa spremljajo Lukova \u010dustva ob spopadanju z izgubo najbolj\u0161ega \u0161tirino\u017enega prijatelja.<\/p>\n<p><b>Slikanica je namenjena otrokom od tretjega do desetega leta<\/b>, star\u0161em in vzgojiteljem pa slu\u017ei kot vzgojni pripomo\u010dek pri razlaganju pomembnih tematik.<\/p>\n<p>Star\u0161i in vzgojitelji imamo v\u010dasih te\u017eave s pojasnjevanjem dolo\u010denih tem. Nekaterih pogovorov si ne upamo pri\u010deti, ker se bojimo otrokovega odziva ali pa se ne \u010dutimo dovolj pripravljene na pogovor o dolo\u010deni temi. Ena izmed tak\u0161nih tem je izguba. Slikanica pomaga pri odpiranju te teme, kaj to sploh je in katera \u010dustva se ob tem porajajo. Star\u0161em slu\u017ei kot vstopna to\u010dka za pogovor, otrokom pa \u0161iri obzorja in jim odgovarja na vpra\u0161anja, ki se jim pojavljajo.<\/p>\n<p>&nbsp;<\/p>\n<h4>O avtorju<\/h4>\n<div class=\"elementor-element elementor-element-dfbab70 elementor-widget elementor-widget-text-editor\" data-id=\"dfbab70\" data-element_type=\"widget\" data-widget_type=\"text-editor.default\">\n<div class=\"elementor-widget-container\">Jon Kanjir je 19-letni ustvarjalec in vodja projekta Luka bere. Kot vzgojitelj z vso empati\u010dnostjo in zanosom rad ustvarja za otroke. Luka premaga \u017ealost je njegova druga slikanica, s katero si \u017eeli otrokom pomagati pri soo\u010danju z izgubo ljubljene osebe ali \u017eivali, oziroma dojemanja smrti nasploh.<\/div>\n<\/div>\n<h4><\/h4>\n<h4>O ilustratorki<\/h4>\n<div class=\"elementor-element elementor-element-b7524ed elementor-widget elementor-widget-text-editor\" data-id=\"b7524ed\" data-element_type=\"widget\" data-widget_type=\"text-editor.default\">\n<div class=\"elementor-widget-container\">Ma\u0161a \u010cre\u0161nik je 20-letna \u0161tudentka slikarstva na Akademiji za likovno umetnost in oblikovanje. S srcem zgodbam dodaja ilustracije, ki otroku pomagajo pri razumevanju in ozave\u0161\u010danju bistva zgodbe.<\/div>\n<\/div>\n<p>&nbsp;<\/p>\n","protected":false},"excerpt":{"rendered":"<p><strong>Avtor: <\/strong>Jon Kanjir<br \/>\n<strong>Ilustratorka:<\/strong> Ma\u0161a \u010cre\u0161nik<br \/>\n<strong>Zalo\u017eba: <\/strong>Lev\u010dek<br \/>\n<strong>\u0160tevilo strani:<\/strong> 24<br \/>\n<strong>Leto izdaje:<\/strong> 2021<\/p>\n","protected":false},"featured_media":59685,"comment_status":"open","ping_status":"closed","template":"","meta":[],"product_brand":[],"product_cat":[63,135],"product_tag":[1554],"avtor":[2373],"zalozba":[],"vezava":[],"class_list":{"0":"post-59682","1":"product","2":"type-product","3":"status-publish","4":"has-post-thumbnail","6":"product_cat-knjige","7":"product_cat-za-otroke","8":"product_tag-zalovanje","9":"avtor-jon-kanjir","11":"first","12":"instock","13":"taxable","14":"shipping-taxable","15":"purchasable","16":"product-type-simple"},"yoast_head":"<!-- This site is optimized with the Yoast SEO plugin v26.3 - https:\/\/yoast.com\/wordpress\/plugins\/seo\/ -->\n<title>Luka premaga \u017ealost - trgovina Iskreni<\/title>\n<meta name=\"description\" content=\"Otroci spremljajo Luko, ki skozi razli\u010dne dogodiv\u0161\u010dine spoznava svet. V tej slikanici spoznajo njegovega hi\u0161nega ljubljen\u010dka, psi\u010dka Rona.\" \/>\n<meta name=\"robots\" content=\"index, follow, max-snippet:-1, max-image-preview:large, max-video-preview:-1\" \/>\n<link rel=\"canonical\" href=\"https:\/\/www.iskreni.net\/trgovina\/product\/luka-premaga-zalost\/\" \/>\n<meta property=\"og:locale\" content=\"sl_SI\" \/>\n<meta property=\"og:type\" content=\"article\" \/>\n<meta property=\"og:title\" content=\"Gingo v de\u017eeli besed\" \/>\n<meta property=\"og:description\" content=\"Gingo v de\u017eeli besed je otro\u0161ki priro\u010dnik s strokovno logopedsko podlago. Za otroke od 2. do 8. let in njihove star\u0161e, vzgojitelje, u\u010ditelje.\" \/>\n<meta property=\"og:url\" content=\"https:\/\/www.iskreni.net\/trgovina\/product\/luka-premaga-zalost\/\" \/>\n<meta property=\"og:site_name\" content=\"Zavod Iskreni\" \/>\n<meta property=\"article:modified_time\" content=\"2023-07-25T12:30:06+00:00\" \/>\n<meta property=\"og:image\" content=\"https:\/\/www.iskreni.net\/trgovina\/wp-content\/uploads\/2022\/10\/Slike-za-spletno-SOCIAL-23.jpg\" \/>\n\t<meta property=\"og:image:width\" content=\"1200\" \/>\n\t<meta property=\"og:image:height\" content=\"674\" \/>\n\t<meta property=\"og:image:type\" content=\"image\/jpeg\" \/>\n<meta name=\"twitter:card\" content=\"summary_large_image\" \/>\n<meta name=\"twitter:label1\" content=\"Est. reading time\" \/>\n\t<meta name=\"twitter:data1\" content=\"2 minuti\" \/>\n<script type=\"application\/ld+json\" class=\"yoast-schema-graph\">{\"@context\":\"https:\/\/schema.org\",\"@graph\":[{\"@type\":\"WebPage\",\"@id\":\"https:\/\/www.iskreni.net\/trgovina\/product\/luka-premaga-zalost\/\",\"url\":\"https:\/\/www.iskreni.net\/trgovina\/product\/luka-premaga-zalost\/\",\"name\":\"Luka premaga \u017ealost - trgovina Iskreni\",\"isPartOf\":{\"@id\":\"https:\/\/www.iskreni.net\/trgovina\/#website\"},\"primaryImageOfPage\":{\"@id\":\"https:\/\/www.iskreni.net\/trgovina\/product\/luka-premaga-zalost\/#primaryimage\"},\"image\":{\"@id\":\"https:\/\/www.iskreni.net\/trgovina\/product\/luka-premaga-zalost\/#primaryimage\"},\"thumbnailUrl\":\"https:\/\/www.iskreni.net\/trgovina\/wp-content\/uploads\/2022\/10\/Zalost.jpg\",\"datePublished\":\"2022-10-27T08:53:00+00:00\",\"dateModified\":\"2023-07-25T12:30:06+00:00\",\"description\":\"Otroci spremljajo Luko, ki skozi razli\u010dne dogodiv\u0161\u010dine spoznava svet. V tej slikanici spoznajo njegovega hi\u0161nega ljubljen\u010dka, psi\u010dka Rona.\",\"breadcrumb\":{\"@id\":\"https:\/\/www.iskreni.net\/trgovina\/product\/luka-premaga-zalost\/#breadcrumb\"},\"inLanguage\":\"sl-SI\",\"potentialAction\":[{\"@type\":\"ReadAction\",\"target\":[\"https:\/\/www.iskreni.net\/trgovina\/product\/luka-premaga-zalost\/\"]}]},{\"@type\":\"ImageObject\",\"inLanguage\":\"sl-SI\",\"@id\":\"https:\/\/www.iskreni.net\/trgovina\/product\/luka-premaga-zalost\/#primaryimage\",\"url\":\"https:\/\/www.iskreni.net\/trgovina\/wp-content\/uploads\/2022\/10\/Zalost.jpg\",\"contentUrl\":\"https:\/\/www.iskreni.net\/trgovina\/wp-content\/uploads\/2022\/10\/Zalost.jpg\",\"width\":751,\"height\":768},{\"@type\":\"BreadcrumbList\",\"@id\":\"https:\/\/www.iskreni.net\/trgovina\/product\/luka-premaga-zalost\/#breadcrumb\",\"itemListElement\":[{\"@type\":\"ListItem\",\"position\":1,\"name\":\"Home\",\"item\":\"https:\/\/www.iskreni.net\/trgovina\/\"},{\"@type\":\"ListItem\",\"position\":2,\"name\":\"Trgovina\",\"item\":\"https:\/\/www.iskreni.net\/trgovina\/trgovina\/\"},{\"@type\":\"ListItem\",\"position\":3,\"name\":\"Luka premaga \u017ealost\"}]},{\"@type\":\"WebSite\",\"@id\":\"https:\/\/www.iskreni.net\/trgovina\/#website\",\"url\":\"https:\/\/www.iskreni.net\/trgovina\/\",\"name\":\"Zavod Iskreni\",\"description\":\"trgovina\",\"potentialAction\":[{\"@type\":\"SearchAction\",\"target\":{\"@type\":\"EntryPoint\",\"urlTemplate\":\"https:\/\/www.iskreni.net\/trgovina\/?s={search_term_string}\"},\"query-input\":{\"@type\":\"PropertyValueSpecification\",\"valueRequired\":true,\"valueName\":\"search_term_string\"}}],\"inLanguage\":\"sl-SI\"}]}<\/script>\n<!-- \/ Yoast SEO plugin. -->","yoast_head_json":{"title":"Luka premaga \u017ealost - trgovina Iskreni","description":"Otroci spremljajo Luko, ki skozi razli\u010dne dogodiv\u0161\u010dine spoznava svet. V tej slikanici spoznajo njegovega hi\u0161nega ljubljen\u010dka, psi\u010dka Rona.","robots":{"index":"index","follow":"follow","max-snippet":"max-snippet:-1","max-image-preview":"max-image-preview:large","max-video-preview":"max-video-preview:-1"},"canonical":"https:\/\/www.iskreni.net\/trgovina\/product\/luka-premaga-zalost\/","og_locale":"sl_SI","og_type":"article","og_title":"Gingo v de\u017eeli besed","og_description":"Gingo v de\u017eeli besed je otro\u0161ki priro\u010dnik s strokovno logopedsko podlago. Za otroke od 2. do 8. let in njihove star\u0161e, vzgojitelje, u\u010ditelje.","og_url":"https:\/\/www.iskreni.net\/trgovina\/product\/luka-premaga-zalost\/","og_site_name":"Zavod Iskreni","article_modified_time":"2023-07-25T12:30:06+00:00","og_image":[{"width":1200,"height":674,"url":"https:\/\/www.iskreni.net\/trgovina\/wp-content\/uploads\/2022\/10\/Slike-za-spletno-SOCIAL-23.jpg","type":"image\/jpeg"}],"twitter_card":"summary_large_image","twitter_misc":{"Est. reading time":"2 minuti"},"schema":{"@context":"https:\/\/schema.org","@graph":[{"@type":"WebPage","@id":"https:\/\/www.iskreni.net\/trgovina\/product\/luka-premaga-zalost\/","url":"https:\/\/www.iskreni.net\/trgovina\/product\/luka-premaga-zalost\/","name":"Luka premaga \u017ealost - trgovina Iskreni","isPartOf":{"@id":"https:\/\/www.iskreni.net\/trgovina\/#website"},"primaryImageOfPage":{"@id":"https:\/\/www.iskreni.net\/trgovina\/product\/luka-premaga-zalost\/#primaryimage"},"image":{"@id":"https:\/\/www.iskreni.net\/trgovina\/product\/luka-premaga-zalost\/#primaryimage"},"thumbnailUrl":"https:\/\/www.iskreni.net\/trgovina\/wp-content\/uploads\/2022\/10\/Zalost.jpg","datePublished":"2022-10-27T08:53:00+00:00","dateModified":"2023-07-25T12:30:06+00:00","description":"Otroci spremljajo Luko, ki skozi razli\u010dne dogodiv\u0161\u010dine spoznava svet. V tej slikanici spoznajo njegovega hi\u0161nega ljubljen\u010dka, psi\u010dka Rona.","breadcrumb":{"@id":"https:\/\/www.iskreni.net\/trgovina\/product\/luka-premaga-zalost\/#breadcrumb"},"inLanguage":"sl-SI","potentialAction":[{"@type":"ReadAction","target":["https:\/\/www.iskreni.net\/trgovina\/product\/luka-premaga-zalost\/"]}]},{"@type":"ImageObject","inLanguage":"sl-SI","@id":"https:\/\/www.iskreni.net\/trgovina\/product\/luka-premaga-zalost\/#primaryimage","url":"https:\/\/www.iskreni.net\/trgovina\/wp-content\/uploads\/2022\/10\/Zalost.jpg","contentUrl":"https:\/\/www.iskreni.net\/trgovina\/wp-content\/uploads\/2022\/10\/Zalost.jpg","width":751,"height":768},{"@type":"BreadcrumbList","@id":"https:\/\/www.iskreni.net\/trgovina\/product\/luka-premaga-zalost\/#breadcrumb","itemListElement":[{"@type":"ListItem","position":1,"name":"Home","item":"https:\/\/www.iskreni.net\/trgovina\/"},{"@type":"ListItem","position":2,"name":"Trgovina","item":"https:\/\/www.iskreni.net\/trgovina\/trgovina\/"},{"@type":"ListItem","position":3,"name":"Luka premaga \u017ealost"}]},{"@type":"WebSite","@id":"https:\/\/www.iskreni.net\/trgovina\/#website","url":"https:\/\/www.iskreni.net\/trgovina\/","name":"Zavod Iskreni","description":"trgovina","potentialAction":[{"@type":"SearchAction","target":{"@type":"EntryPoint","urlTemplate":"https:\/\/www.iskreni.net\/trgovina\/?s={search_term_string}"},"query-input":{"@type":"PropertyValueSpecification","valueRequired":true,"valueName":"search_term_string"}}],"inLanguage":"sl-SI"}]}},"_links":{"self":[{"href":"https:\/\/www.iskreni.net\/trgovina\/wp-json\/wp\/v2\/product\/59682","targetHints":{"allow":["GET"]}}],"collection":[{"href":"https:\/\/www.iskreni.net\/trgovina\/wp-json\/wp\/v2\/product"}],"about":[{"href":"https:\/\/www.iskreni.net\/trgovina\/wp-json\/wp\/v2\/types\/product"}],"replies":[{"embeddable":true,"href":"https:\/\/www.iskreni.net\/trgovina\/wp-json\/wp\/v2\/comments?post=59682"}],"version-history":[{"count":6,"href":"https:\/\/www.iskreni.net\/trgovina\/wp-json\/wp\/v2\/product\/59682\/revisions"}],"predecessor-version":[{"id":59687,"href":"https:\/\/www.iskreni.net\/trgovina\/wp-json\/wp\/v2\/product\/59682\/revisions\/59687"}],"wp:featuredmedia":[{"embeddable":true,"href":"https:\/\/www.iskreni.net\/trgovina\/wp-json\/wp\/v2\/media\/59685"}],"wp:attachment":[{"href":"https:\/\/www.iskreni.net\/trgovina\/wp-json\/wp\/v2\/media?parent=59682"}],"wp:term":[{"taxonomy":"product_brand","embeddable":true,"href":"https:\/\/www.iskreni.net\/trgovina\/wp-json\/wp\/v2\/product_brand?post=59682"},{"taxonomy":"product_cat","embeddable":true,"href":"https:\/\/www.iskreni.net\/trgovina\/wp-json\/wp\/v2\/product_cat?post=59682"},{"taxonomy":"product_tag","embeddable":true,"href":"https:\/\/www.iskreni.net\/trgovina\/wp-json\/wp\/v2\/product_tag?post=59682"},{"taxonomy":"avtor","embeddable":true,"href":"https:\/\/www.iskreni.net\/trgovina\/wp-json\/wp\/v2\/avtor?post=59682"},{"taxonomy":"zalozba","embeddable":true,"href":"https:\/\/www.iskreni.net\/trgovina\/wp-json\/wp\/v2\/zalozba?post=59682"},{"taxonomy":"vezava","embeddable":true,"href":"https:\/\/www.iskreni.net\/trgovina\/wp-json\/wp\/v2\/vezava?post=59682"}],"curies":[{"name":"wp","href":"https:\/\/api.w.org\/{rel}","templated":true}]}}