{"id":59493,"date":"2022-10-18T09:44:52","date_gmt":"2022-10-18T07:44:52","guid":{"rendered":"https:\/\/www.iskreni.net\/trgovina\/?post_type=product&#038;p=59493"},"modified":"2024-05-15T08:25:40","modified_gmt":"2024-05-15T06:25:40","slug":"otroska-knjiga-gingo-v-dezeli-besed","status":"publish","type":"product","link":"https:\/\/www.iskreni.net\/trgovina\/product\/otroska-knjiga-gingo-v-dezeli-besed\/","title":{"rendered":"Otro\u0161ka knjiga Gingo v de\u017eeli besed"},"content":{"rendered":"<h4>O knjigi <em>Gingo v de\u017eeli besed<\/em><\/h4>\n<p>Pridru\u017ei se dogodiv\u0161\u010dinam malega Ginga, ki se sprehaja v de\u017eeli besed in s tabo odkriva svet. Z njim se bo\u0161 lahko igral, u\u010dil in tudi jezikal. S pomo\u010djo zgodb, logopedskih nasvetov in vaj bodo besede tekle gladko, se prelivale v stavke in odpirale vrata v \u010darobni svet domi\u0161ljije.<\/p>\n<p>Knjiga je namenjena otrokom med 2. in 8. letom, njihovim star\u0161em, vzgojiteljem, u\u010diteljem in vsem, ki \u017eelijo spodbujati otrokov govorno-jezikovni razvoj.<\/p>\n<ul>\n<li>22 zgodb,<\/li>\n<li>64 strani,<\/li>\n<li>trda vezava,<\/li>\n<li>dimenzije: 28\u00a0<span class=\"ILfuVd\"><span class=\"hgKElc\">\u00d7<\/span><\/span>\u00a024 cm<\/li>\n<li>vsebuje dodatne nasvete in ideje za spodbujanje komunikacije, govora in jezika.<\/li>\n<\/ul>\n<p>PREDNOSTI:<\/p>\n<ul>\n<li>pomembna strokovno logopedska podlaga,<\/li>\n<li>vsaka zgodba ima skrbno zastavljen logopedski cilj in nasvet za vaje,<\/li>\n<li>v barvitih obla\u010dkih je besedilo praviloma zapisano tako, kot da govori Gingo, zato lahko knjigo beremo tudi s pomo\u010djo Gingo lutke,<\/li>\n<li>zgodbe so kratke in preproste, primerne tudi za tiste otroke, ki so ob branju manj pozorni ali se te\u017eje umirijo,<\/li>\n<li>v knjigi se izmenjujejo velike in male \u010drke,<\/li>\n<li>posamezna zgodba je prirejena za prepoznavanje ali pridobivanje to\u010dno dolo\u010denega glasu,<\/li>\n<li>zgodbe se lahko berejo po vrsti ali pa glede na cilj, ki ga \u017eelimo dose\u010di.<\/li>\n<\/ul>\n<h4>Kratek opis, kako so ustvarjalci pri\u0161li od ideje do izdelka<\/h4>\n<p>GingoTalk je nastal pod okriljem dveh logopedinj, ki sta v praksi zaznali pomanjkanje usmerjenih logopedskih pripomo\u010dkov, ki bi star\u0161em in otrokom pomagali na poti k pravilnemu razvoju govora in jezika. Povod za prve<br \/>\nslikovne kartice je dal 3-letni de\u010dek, ki ni mogel govoriti. Z obra\u010danjem idej in obilo zanosa je nastala klepetava zelena maskota z imenom Gingo, ki so jo kasneje upodobili tudi v obliki lutke in knjige.<\/p>\n<p>&nbsp;<\/p>\n","protected":false},"excerpt":{"rendered":"<p><strong>Avtorji:\u00a0<\/strong>Dragica \u0160teh, Petra Kav\u0161ek Vrhovec, Meta Dolinar<br \/>\n<strong>Ilustracije:<\/strong> Matja\u017e Dekleva<br \/>\n<strong>Zalo\u017eba: <\/strong>samozalo\u017eba<br \/>\n<strong>\u0160tevilo strani:<\/strong> 61<br \/>\n<strong>Leto izdaje:<\/strong> 2021<\/p>\n","protected":false},"featured_media":59498,"comment_status":"open","ping_status":"closed","template":"","meta":[],"product_brand":[],"product_cat":[1014,63,135],"product_tag":[],"avtor":[],"zalozba":[],"vezava":[],"class_list":{"0":"post-59493","1":"product","2":"type-product","3":"status-publish","4":"has-post-thumbnail","6":"product_cat-ucni-pripomocki","7":"product_cat-knjige","8":"product_cat-za-otroke","10":"first","11":"instock","12":"taxable","13":"shipping-taxable","14":"purchasable","15":"product-type-simple"},"yoast_head":"<!-- This site is optimized with the Yoast SEO plugin v26.3 - https:\/\/yoast.com\/wordpress\/plugins\/seo\/ -->\n<title>Gingo v de\u017eeli besed - trgovina Iskreni<\/title>\n<meta name=\"description\" content=\"Gingo v de\u017eeli besed je otro\u0161ki priro\u010dnik s strokovno logopedsko podlago. Za otroke od 2. do 8. let in njihove star\u0161e, vzgojitelje, u\u010ditelje.\" \/>\n<meta name=\"robots\" content=\"index, follow, max-snippet:-1, max-image-preview:large, max-video-preview:-1\" \/>\n<link rel=\"canonical\" href=\"https:\/\/www.iskreni.net\/trgovina\/product\/otroska-knjiga-gingo-v-dezeli-besed\/\" \/>\n<meta property=\"og:locale\" content=\"sl_SI\" \/>\n<meta property=\"og:type\" content=\"article\" \/>\n<meta property=\"og:title\" content=\"Gingo v de\u017eeli besed\" \/>\n<meta property=\"og:description\" content=\"Gingo v de\u017eeli besed je otro\u0161ki priro\u010dnik s strokovno logopedsko podlago. Za otroke od 2. do 8. let in njihove star\u0161e, vzgojitelje, u\u010ditelje.\" \/>\n<meta property=\"og:url\" content=\"https:\/\/www.iskreni.net\/trgovina\/product\/otroska-knjiga-gingo-v-dezeli-besed\/\" \/>\n<meta property=\"og:site_name\" content=\"Zavod Iskreni\" \/>\n<meta property=\"article:modified_time\" content=\"2024-05-15T06:25:40+00:00\" \/>\n<meta property=\"og:image\" content=\"https:\/\/www.iskreni.net\/trgovina\/wp-content\/uploads\/2022\/10\/Slike-za-spletno-SOCIAL-23.jpg\" \/>\n\t<meta property=\"og:image:width\" content=\"1200\" \/>\n\t<meta property=\"og:image:height\" content=\"674\" \/>\n\t<meta property=\"og:image:type\" content=\"image\/jpeg\" \/>\n<meta name=\"twitter:card\" content=\"summary_large_image\" \/>\n<meta name=\"twitter:label1\" content=\"Est. reading time\" \/>\n\t<meta name=\"twitter:data1\" content=\"2 minuti\" \/>\n<script type=\"application\/ld+json\" class=\"yoast-schema-graph\">{\"@context\":\"https:\/\/schema.org\",\"@graph\":[{\"@type\":\"WebPage\",\"@id\":\"https:\/\/www.iskreni.net\/trgovina\/product\/otroska-knjiga-gingo-v-dezeli-besed\/\",\"url\":\"https:\/\/www.iskreni.net\/trgovina\/product\/otroska-knjiga-gingo-v-dezeli-besed\/\",\"name\":\"Gingo v de\u017eeli besed - trgovina Iskreni\",\"isPartOf\":{\"@id\":\"https:\/\/www.iskreni.net\/trgovina\/#website\"},\"primaryImageOfPage\":{\"@id\":\"https:\/\/www.iskreni.net\/trgovina\/product\/otroska-knjiga-gingo-v-dezeli-besed\/#primaryimage\"},\"image\":{\"@id\":\"https:\/\/www.iskreni.net\/trgovina\/product\/otroska-knjiga-gingo-v-dezeli-besed\/#primaryimage\"},\"thumbnailUrl\":\"https:\/\/www.iskreni.net\/trgovina\/wp-content\/uploads\/2022\/10\/Slike-za-v-spletno-trgovino-31.jpg\",\"datePublished\":\"2022-10-18T07:44:52+00:00\",\"dateModified\":\"2024-05-15T06:25:40+00:00\",\"description\":\"Gingo v de\u017eeli besed je otro\u0161ki priro\u010dnik s strokovno logopedsko podlago. Za otroke od 2. do 8. let in njihove star\u0161e, vzgojitelje, u\u010ditelje.\",\"breadcrumb\":{\"@id\":\"https:\/\/www.iskreni.net\/trgovina\/product\/otroska-knjiga-gingo-v-dezeli-besed\/#breadcrumb\"},\"inLanguage\":\"sl-SI\",\"potentialAction\":[{\"@type\":\"ReadAction\",\"target\":[\"https:\/\/www.iskreni.net\/trgovina\/product\/otroska-knjiga-gingo-v-dezeli-besed\/\"]}]},{\"@type\":\"ImageObject\",\"inLanguage\":\"sl-SI\",\"@id\":\"https:\/\/www.iskreni.net\/trgovina\/product\/otroska-knjiga-gingo-v-dezeli-besed\/#primaryimage\",\"url\":\"https:\/\/www.iskreni.net\/trgovina\/wp-content\/uploads\/2022\/10\/Slike-za-v-spletno-trgovino-31.jpg\",\"contentUrl\":\"https:\/\/www.iskreni.net\/trgovina\/wp-content\/uploads\/2022\/10\/Slike-za-v-spletno-trgovino-31.jpg\",\"width\":600,\"height\":600},{\"@type\":\"BreadcrumbList\",\"@id\":\"https:\/\/www.iskreni.net\/trgovina\/product\/otroska-knjiga-gingo-v-dezeli-besed\/#breadcrumb\",\"itemListElement\":[{\"@type\":\"ListItem\",\"position\":1,\"name\":\"Home\",\"item\":\"https:\/\/www.iskreni.net\/trgovina\/\"},{\"@type\":\"ListItem\",\"position\":2,\"name\":\"Trgovina\",\"item\":\"https:\/\/www.iskreni.net\/trgovina\/trgovina\/\"},{\"@type\":\"ListItem\",\"position\":3,\"name\":\"Otro\u0161ka knjiga Gingo v de\u017eeli besed\"}]},{\"@type\":\"WebSite\",\"@id\":\"https:\/\/www.iskreni.net\/trgovina\/#website\",\"url\":\"https:\/\/www.iskreni.net\/trgovina\/\",\"name\":\"Zavod Iskreni\",\"description\":\"trgovina\",\"potentialAction\":[{\"@type\":\"SearchAction\",\"target\":{\"@type\":\"EntryPoint\",\"urlTemplate\":\"https:\/\/www.iskreni.net\/trgovina\/?s={search_term_string}\"},\"query-input\":{\"@type\":\"PropertyValueSpecification\",\"valueRequired\":true,\"valueName\":\"search_term_string\"}}],\"inLanguage\":\"sl-SI\"}]}<\/script>\n<!-- \/ Yoast SEO plugin. -->","yoast_head_json":{"title":"Gingo v de\u017eeli besed - trgovina Iskreni","description":"Gingo v de\u017eeli besed je otro\u0161ki priro\u010dnik s strokovno logopedsko podlago. Za otroke od 2. do 8. let in njihove star\u0161e, vzgojitelje, u\u010ditelje.","robots":{"index":"index","follow":"follow","max-snippet":"max-snippet:-1","max-image-preview":"max-image-preview:large","max-video-preview":"max-video-preview:-1"},"canonical":"https:\/\/www.iskreni.net\/trgovina\/product\/otroska-knjiga-gingo-v-dezeli-besed\/","og_locale":"sl_SI","og_type":"article","og_title":"Gingo v de\u017eeli besed","og_description":"Gingo v de\u017eeli besed je otro\u0161ki priro\u010dnik s strokovno logopedsko podlago. Za otroke od 2. do 8. let in njihove star\u0161e, vzgojitelje, u\u010ditelje.","og_url":"https:\/\/www.iskreni.net\/trgovina\/product\/otroska-knjiga-gingo-v-dezeli-besed\/","og_site_name":"Zavod Iskreni","article_modified_time":"2024-05-15T06:25:40+00:00","og_image":[{"width":1200,"height":674,"url":"https:\/\/www.iskreni.net\/trgovina\/wp-content\/uploads\/2022\/10\/Slike-za-spletno-SOCIAL-23.jpg","type":"image\/jpeg"}],"twitter_card":"summary_large_image","twitter_misc":{"Est. reading time":"2 minuti"},"schema":{"@context":"https:\/\/schema.org","@graph":[{"@type":"WebPage","@id":"https:\/\/www.iskreni.net\/trgovina\/product\/otroska-knjiga-gingo-v-dezeli-besed\/","url":"https:\/\/www.iskreni.net\/trgovina\/product\/otroska-knjiga-gingo-v-dezeli-besed\/","name":"Gingo v de\u017eeli besed - trgovina Iskreni","isPartOf":{"@id":"https:\/\/www.iskreni.net\/trgovina\/#website"},"primaryImageOfPage":{"@id":"https:\/\/www.iskreni.net\/trgovina\/product\/otroska-knjiga-gingo-v-dezeli-besed\/#primaryimage"},"image":{"@id":"https:\/\/www.iskreni.net\/trgovina\/product\/otroska-knjiga-gingo-v-dezeli-besed\/#primaryimage"},"thumbnailUrl":"https:\/\/www.iskreni.net\/trgovina\/wp-content\/uploads\/2022\/10\/Slike-za-v-spletno-trgovino-31.jpg","datePublished":"2022-10-18T07:44:52+00:00","dateModified":"2024-05-15T06:25:40+00:00","description":"Gingo v de\u017eeli besed je otro\u0161ki priro\u010dnik s strokovno logopedsko podlago. Za otroke od 2. do 8. let in njihove star\u0161e, vzgojitelje, u\u010ditelje.","breadcrumb":{"@id":"https:\/\/www.iskreni.net\/trgovina\/product\/otroska-knjiga-gingo-v-dezeli-besed\/#breadcrumb"},"inLanguage":"sl-SI","potentialAction":[{"@type":"ReadAction","target":["https:\/\/www.iskreni.net\/trgovina\/product\/otroska-knjiga-gingo-v-dezeli-besed\/"]}]},{"@type":"ImageObject","inLanguage":"sl-SI","@id":"https:\/\/www.iskreni.net\/trgovina\/product\/otroska-knjiga-gingo-v-dezeli-besed\/#primaryimage","url":"https:\/\/www.iskreni.net\/trgovina\/wp-content\/uploads\/2022\/10\/Slike-za-v-spletno-trgovino-31.jpg","contentUrl":"https:\/\/www.iskreni.net\/trgovina\/wp-content\/uploads\/2022\/10\/Slike-za-v-spletno-trgovino-31.jpg","width":600,"height":600},{"@type":"BreadcrumbList","@id":"https:\/\/www.iskreni.net\/trgovina\/product\/otroska-knjiga-gingo-v-dezeli-besed\/#breadcrumb","itemListElement":[{"@type":"ListItem","position":1,"name":"Home","item":"https:\/\/www.iskreni.net\/trgovina\/"},{"@type":"ListItem","position":2,"name":"Trgovina","item":"https:\/\/www.iskreni.net\/trgovina\/trgovina\/"},{"@type":"ListItem","position":3,"name":"Otro\u0161ka knjiga Gingo v de\u017eeli besed"}]},{"@type":"WebSite","@id":"https:\/\/www.iskreni.net\/trgovina\/#website","url":"https:\/\/www.iskreni.net\/trgovina\/","name":"Zavod Iskreni","description":"trgovina","potentialAction":[{"@type":"SearchAction","target":{"@type":"EntryPoint","urlTemplate":"https:\/\/www.iskreni.net\/trgovina\/?s={search_term_string}"},"query-input":{"@type":"PropertyValueSpecification","valueRequired":true,"valueName":"search_term_string"}}],"inLanguage":"sl-SI"}]}},"_links":{"self":[{"href":"https:\/\/www.iskreni.net\/trgovina\/wp-json\/wp\/v2\/product\/59493","targetHints":{"allow":["GET"]}}],"collection":[{"href":"https:\/\/www.iskreni.net\/trgovina\/wp-json\/wp\/v2\/product"}],"about":[{"href":"https:\/\/www.iskreni.net\/trgovina\/wp-json\/wp\/v2\/types\/product"}],"replies":[{"embeddable":true,"href":"https:\/\/www.iskreni.net\/trgovina\/wp-json\/wp\/v2\/comments?post=59493"}],"version-history":[{"count":4,"href":"https:\/\/www.iskreni.net\/trgovina\/wp-json\/wp\/v2\/product\/59493\/revisions"}],"predecessor-version":[{"id":59544,"href":"https:\/\/www.iskreni.net\/trgovina\/wp-json\/wp\/v2\/product\/59493\/revisions\/59544"}],"wp:featuredmedia":[{"embeddable":true,"href":"https:\/\/www.iskreni.net\/trgovina\/wp-json\/wp\/v2\/media\/59498"}],"wp:attachment":[{"href":"https:\/\/www.iskreni.net\/trgovina\/wp-json\/wp\/v2\/media?parent=59493"}],"wp:term":[{"taxonomy":"product_brand","embeddable":true,"href":"https:\/\/www.iskreni.net\/trgovina\/wp-json\/wp\/v2\/product_brand?post=59493"},{"taxonomy":"product_cat","embeddable":true,"href":"https:\/\/www.iskreni.net\/trgovina\/wp-json\/wp\/v2\/product_cat?post=59493"},{"taxonomy":"product_tag","embeddable":true,"href":"https:\/\/www.iskreni.net\/trgovina\/wp-json\/wp\/v2\/product_tag?post=59493"},{"taxonomy":"avtor","embeddable":true,"href":"https:\/\/www.iskreni.net\/trgovina\/wp-json\/wp\/v2\/avtor?post=59493"},{"taxonomy":"zalozba","embeddable":true,"href":"https:\/\/www.iskreni.net\/trgovina\/wp-json\/wp\/v2\/zalozba?post=59493"},{"taxonomy":"vezava","embeddable":true,"href":"https:\/\/www.iskreni.net\/trgovina\/wp-json\/wp\/v2\/vezava?post=59493"}],"curies":[{"name":"wp","href":"https:\/\/api.w.org\/{rel}","templated":true}]}}