{"id":5903,"date":"2019-04-15T11:57:15","date_gmt":"2019-04-15T09:57:15","guid":{"rendered":"https:\/\/www.iskreni.net\/trgovina\/product\/krog-zivljenja\/"},"modified":"2024-01-18T14:20:37","modified_gmt":"2024-01-18T13:20:37","slug":"krog-zivljenja","status":"publish","type":"product","link":"https:\/\/www.iskreni.net\/trgovina\/product\/krog-zivljenja\/","title":{"rendered":"Krog \u017eivljenja, glasbeni CD"},"content":{"rendered":"<p>CD Krog \u017eivljenja, na katerem je 12 pesmi, ki so jih zapeli otroci, stari od 6 do 12 let iz Rakovni\u0161ke \u017eupnije. Pesmi so namenjene otro\u0161kim in mladinskim pevskim zborom ter drugim glasbenim zasedbam.<\/p>\n<h4>Seznam pesmi na zgo\u0161\u010denki\u00a0<strong>Krog \u017eivljenja:<\/strong><\/h4>\n<ol>\n<li style=\"text-align: left;\">Z don Boskom do nebese (3.13)<\/li>\n<li style=\"text-align: left;\">Sprejmi na\u0161a srca (Abba, O\u010de) (3.20)<\/li>\n<li style=\"text-align: left;\">Krog \u017eivljenja\u00a0(3.13)<\/li>\n<li style=\"text-align: left;\">Molitev\u00a0(3.14)<\/li>\n<li style=\"text-align: left;\">Ave, Marija\u00a0(2.38)<\/li>\n<li style=\"text-align: left;\">Vedno\u00a0(5.16)<\/li>\n<li style=\"text-align: left;\">Zaupajmo v Boga\u00a0(4.20)<\/li>\n<li style=\"text-align: left;\">Ko hodi\u0161, pojdi zmeraj do konca\u00a0(2.40)<\/li>\n<li style=\"text-align: left;\">Navodila za lep dan\u00a0(2.18)<\/li>\n<li style=\"text-align: left;\">Na\u0161e zgodbe\u00a0(3.56)<\/li>\n<li style=\"text-align: left;\">Pridi, Sveti Miklav\u017e\u00a0(2.55)<\/li>\n<li style=\"text-align: left;\">Bo\u017ei\u010d za vse\u00a0(3.12)<\/li>\n<\/ol>\n","protected":false},"excerpt":{"rendered":"<p><strong>Besedila pesmi:<\/strong>\u00a0Ur\u0161a Remic<br \/>\n<strong>Glasba:<\/strong>\u00a0Ajda Ra\u010di\u010d in Ur\u0161a Remic<br \/>\n<strong>Zborovodkinja:<\/strong>\u00a0Ur\u0161a Remic<br \/>\n<strong>Zajem in oblikovanje zvoka:<\/strong>\u00a0Jure Mihevec<\/p>\n<p>CD z duhovnimi pesmimi za otroke in mladino, ki so ga posneli mladi pevci \u017eupnije Rakovnik.<\/p>\n","protected":false},"featured_media":5904,"comment_status":"open","ping_status":"closed","template":"","meta":[],"product_brand":[255],"product_cat":[2321,428],"product_tag":[],"avtor":[],"zalozba":[2336],"vezava":[],"class_list":{"0":"post-5903","1":"product","2":"type-product","3":"status-publish","4":"has-post-thumbnail","6":"product_brand-zalozba-emanuel","7":"product_cat-glasba-in-filmi","8":"product_cat-glasba","9":"zalozba-salve","11":"first","12":"instock","13":"taxable","14":"shipping-taxable","15":"purchasable","16":"product-type-simple"},"yoast_head":"<!-- This site is optimized with the Yoast SEO plugin v26.3 - https:\/\/yoast.com\/wordpress\/plugins\/seo\/ -->\n<title>Otro\u0161ki pevski zbor \u017eupnije Rakovnik: Krog \u017eivljenja - trgovina Iskreni<\/title>\n<meta name=\"description\" content=\"CD z duhovnimi pesmimi za otroke in mladino, ki so ga posneli mladi pevci \u017eupnije Rakovnik.\" \/>\n<meta name=\"robots\" content=\"index, follow, max-snippet:-1, max-image-preview:large, max-video-preview:-1\" \/>\n<link rel=\"canonical\" href=\"https:\/\/www.iskreni.net\/trgovina\/product\/krog-zivljenja\/\" \/>\n<meta property=\"og:locale\" content=\"sl_SI\" \/>\n<meta property=\"og:type\" content=\"article\" \/>\n<meta property=\"og:title\" content=\"Otro\u0161ki pevski zbor \u017eupnije Rakovnik: Krog \u017eivljenja - trgovina Iskreni\" \/>\n<meta property=\"og:description\" content=\"CD z duhovnimi pesmimi za otroke in mladino, ki so ga posneli mladi pevci \u017eupnije Rakovnik.\" \/>\n<meta property=\"og:url\" content=\"https:\/\/www.iskreni.net\/trgovina\/product\/krog-zivljenja\/\" \/>\n<meta property=\"og:site_name\" content=\"Zavod Iskreni\" \/>\n<meta property=\"article:modified_time\" content=\"2024-01-18T13:20:37+00:00\" \/>\n<meta property=\"og:image\" content=\"https:\/\/www.iskreni.net\/trgovina\/wp-content\/uploads\/2019\/04\/krog-zivljenja.jpg\" \/>\n\t<meta property=\"og:image:width\" content=\"1122\" \/>\n\t<meta property=\"og:image:height\" content=\"1036\" \/>\n\t<meta property=\"og:image:type\" content=\"image\/jpeg\" \/>\n<meta name=\"twitter:card\" content=\"summary_large_image\" \/>\n<meta name=\"twitter:label1\" content=\"Est. reading time\" \/>\n\t<meta name=\"twitter:data1\" content=\"1 minuta\" \/>\n<script type=\"application\/ld+json\" class=\"yoast-schema-graph\">{\"@context\":\"https:\/\/schema.org\",\"@graph\":[{\"@type\":\"WebPage\",\"@id\":\"https:\/\/www.iskreni.net\/trgovina\/product\/krog-zivljenja\/\",\"url\":\"https:\/\/www.iskreni.net\/trgovina\/product\/krog-zivljenja\/\",\"name\":\"Otro\u0161ki pevski zbor \u017eupnije Rakovnik: Krog \u017eivljenja - trgovina Iskreni\",\"isPartOf\":{\"@id\":\"https:\/\/www.iskreni.net\/trgovina\/#website\"},\"primaryImageOfPage\":{\"@id\":\"https:\/\/www.iskreni.net\/trgovina\/product\/krog-zivljenja\/#primaryimage\"},\"image\":{\"@id\":\"https:\/\/www.iskreni.net\/trgovina\/product\/krog-zivljenja\/#primaryimage\"},\"thumbnailUrl\":\"https:\/\/www.iskreni.net\/trgovina\/wp-content\/uploads\/2019\/04\/krog-zivljenja.jpg\",\"datePublished\":\"2019-04-15T09:57:15+00:00\",\"dateModified\":\"2024-01-18T13:20:37+00:00\",\"description\":\"CD z duhovnimi pesmimi za otroke in mladino, ki so ga posneli mladi pevci \u017eupnije Rakovnik.\",\"breadcrumb\":{\"@id\":\"https:\/\/www.iskreni.net\/trgovina\/product\/krog-zivljenja\/#breadcrumb\"},\"inLanguage\":\"sl-SI\",\"potentialAction\":[{\"@type\":\"ReadAction\",\"target\":[\"https:\/\/www.iskreni.net\/trgovina\/product\/krog-zivljenja\/\"]}]},{\"@type\":\"ImageObject\",\"inLanguage\":\"sl-SI\",\"@id\":\"https:\/\/www.iskreni.net\/trgovina\/product\/krog-zivljenja\/#primaryimage\",\"url\":\"https:\/\/www.iskreni.net\/trgovina\/wp-content\/uploads\/2019\/04\/krog-zivljenja.jpg\",\"contentUrl\":\"https:\/\/www.iskreni.net\/trgovina\/wp-content\/uploads\/2019\/04\/krog-zivljenja.jpg\",\"width\":1122,\"height\":1036,\"caption\":\"Krog \u017eivljenja\"},{\"@type\":\"BreadcrumbList\",\"@id\":\"https:\/\/www.iskreni.net\/trgovina\/product\/krog-zivljenja\/#breadcrumb\",\"itemListElement\":[{\"@type\":\"ListItem\",\"position\":1,\"name\":\"Home\",\"item\":\"https:\/\/www.iskreni.net\/trgovina\/\"},{\"@type\":\"ListItem\",\"position\":2,\"name\":\"Trgovina\",\"item\":\"https:\/\/www.iskreni.net\/trgovina\/trgovina\/\"},{\"@type\":\"ListItem\",\"position\":3,\"name\":\"Krog \u017eivljenja, glasbeni CD\"}]},{\"@type\":\"WebSite\",\"@id\":\"https:\/\/www.iskreni.net\/trgovina\/#website\",\"url\":\"https:\/\/www.iskreni.net\/trgovina\/\",\"name\":\"Zavod Iskreni\",\"description\":\"trgovina\",\"potentialAction\":[{\"@type\":\"SearchAction\",\"target\":{\"@type\":\"EntryPoint\",\"urlTemplate\":\"https:\/\/www.iskreni.net\/trgovina\/?s={search_term_string}\"},\"query-input\":{\"@type\":\"PropertyValueSpecification\",\"valueRequired\":true,\"valueName\":\"search_term_string\"}}],\"inLanguage\":\"sl-SI\"}]}<\/script>\n<!-- \/ Yoast SEO plugin. -->","yoast_head_json":{"title":"Otro\u0161ki pevski zbor \u017eupnije Rakovnik: Krog \u017eivljenja - trgovina Iskreni","description":"CD z duhovnimi pesmimi za otroke in mladino, ki so ga posneli mladi pevci \u017eupnije Rakovnik.","robots":{"index":"index","follow":"follow","max-snippet":"max-snippet:-1","max-image-preview":"max-image-preview:large","max-video-preview":"max-video-preview:-1"},"canonical":"https:\/\/www.iskreni.net\/trgovina\/product\/krog-zivljenja\/","og_locale":"sl_SI","og_type":"article","og_title":"Otro\u0161ki pevski zbor \u017eupnije Rakovnik: Krog \u017eivljenja - trgovina Iskreni","og_description":"CD z duhovnimi pesmimi za otroke in mladino, ki so ga posneli mladi pevci \u017eupnije Rakovnik.","og_url":"https:\/\/www.iskreni.net\/trgovina\/product\/krog-zivljenja\/","og_site_name":"Zavod Iskreni","article_modified_time":"2024-01-18T13:20:37+00:00","og_image":[{"width":1122,"height":1036,"url":"https:\/\/www.iskreni.net\/trgovina\/wp-content\/uploads\/2019\/04\/krog-zivljenja.jpg","type":"image\/jpeg"}],"twitter_card":"summary_large_image","twitter_misc":{"Est. reading time":"1 minuta"},"schema":{"@context":"https:\/\/schema.org","@graph":[{"@type":"WebPage","@id":"https:\/\/www.iskreni.net\/trgovina\/product\/krog-zivljenja\/","url":"https:\/\/www.iskreni.net\/trgovina\/product\/krog-zivljenja\/","name":"Otro\u0161ki pevski zbor \u017eupnije Rakovnik: Krog \u017eivljenja - trgovina Iskreni","isPartOf":{"@id":"https:\/\/www.iskreni.net\/trgovina\/#website"},"primaryImageOfPage":{"@id":"https:\/\/www.iskreni.net\/trgovina\/product\/krog-zivljenja\/#primaryimage"},"image":{"@id":"https:\/\/www.iskreni.net\/trgovina\/product\/krog-zivljenja\/#primaryimage"},"thumbnailUrl":"https:\/\/www.iskreni.net\/trgovina\/wp-content\/uploads\/2019\/04\/krog-zivljenja.jpg","datePublished":"2019-04-15T09:57:15+00:00","dateModified":"2024-01-18T13:20:37+00:00","description":"CD z duhovnimi pesmimi za otroke in mladino, ki so ga posneli mladi pevci \u017eupnije Rakovnik.","breadcrumb":{"@id":"https:\/\/www.iskreni.net\/trgovina\/product\/krog-zivljenja\/#breadcrumb"},"inLanguage":"sl-SI","potentialAction":[{"@type":"ReadAction","target":["https:\/\/www.iskreni.net\/trgovina\/product\/krog-zivljenja\/"]}]},{"@type":"ImageObject","inLanguage":"sl-SI","@id":"https:\/\/www.iskreni.net\/trgovina\/product\/krog-zivljenja\/#primaryimage","url":"https:\/\/www.iskreni.net\/trgovina\/wp-content\/uploads\/2019\/04\/krog-zivljenja.jpg","contentUrl":"https:\/\/www.iskreni.net\/trgovina\/wp-content\/uploads\/2019\/04\/krog-zivljenja.jpg","width":1122,"height":1036,"caption":"Krog \u017eivljenja"},{"@type":"BreadcrumbList","@id":"https:\/\/www.iskreni.net\/trgovina\/product\/krog-zivljenja\/#breadcrumb","itemListElement":[{"@type":"ListItem","position":1,"name":"Home","item":"https:\/\/www.iskreni.net\/trgovina\/"},{"@type":"ListItem","position":2,"name":"Trgovina","item":"https:\/\/www.iskreni.net\/trgovina\/trgovina\/"},{"@type":"ListItem","position":3,"name":"Krog \u017eivljenja, glasbeni CD"}]},{"@type":"WebSite","@id":"https:\/\/www.iskreni.net\/trgovina\/#website","url":"https:\/\/www.iskreni.net\/trgovina\/","name":"Zavod Iskreni","description":"trgovina","potentialAction":[{"@type":"SearchAction","target":{"@type":"EntryPoint","urlTemplate":"https:\/\/www.iskreni.net\/trgovina\/?s={search_term_string}"},"query-input":{"@type":"PropertyValueSpecification","valueRequired":true,"valueName":"search_term_string"}}],"inLanguage":"sl-SI"}]}},"_links":{"self":[{"href":"https:\/\/www.iskreni.net\/trgovina\/wp-json\/wp\/v2\/product\/5903","targetHints":{"allow":["GET"]}}],"collection":[{"href":"https:\/\/www.iskreni.net\/trgovina\/wp-json\/wp\/v2\/product"}],"about":[{"href":"https:\/\/www.iskreni.net\/trgovina\/wp-json\/wp\/v2\/types\/product"}],"replies":[{"embeddable":true,"href":"https:\/\/www.iskreni.net\/trgovina\/wp-json\/wp\/v2\/comments?post=5903"}],"version-history":[{"count":3,"href":"https:\/\/www.iskreni.net\/trgovina\/wp-json\/wp\/v2\/product\/5903\/revisions"}],"predecessor-version":[{"id":72722,"href":"https:\/\/www.iskreni.net\/trgovina\/wp-json\/wp\/v2\/product\/5903\/revisions\/72722"}],"wp:featuredmedia":[{"embeddable":true,"href":"https:\/\/www.iskreni.net\/trgovina\/wp-json\/wp\/v2\/media\/5904"}],"wp:attachment":[{"href":"https:\/\/www.iskreni.net\/trgovina\/wp-json\/wp\/v2\/media?parent=5903"}],"wp:term":[{"taxonomy":"product_brand","embeddable":true,"href":"https:\/\/www.iskreni.net\/trgovina\/wp-json\/wp\/v2\/product_brand?post=5903"},{"taxonomy":"product_cat","embeddable":true,"href":"https:\/\/www.iskreni.net\/trgovina\/wp-json\/wp\/v2\/product_cat?post=5903"},{"taxonomy":"product_tag","embeddable":true,"href":"https:\/\/www.iskreni.net\/trgovina\/wp-json\/wp\/v2\/product_tag?post=5903"},{"taxonomy":"avtor","embeddable":true,"href":"https:\/\/www.iskreni.net\/trgovina\/wp-json\/wp\/v2\/avtor?post=5903"},{"taxonomy":"zalozba","embeddable":true,"href":"https:\/\/www.iskreni.net\/trgovina\/wp-json\/wp\/v2\/zalozba?post=5903"},{"taxonomy":"vezava","embeddable":true,"href":"https:\/\/www.iskreni.net\/trgovina\/wp-json\/wp\/v2\/vezava?post=5903"}],"curies":[{"name":"wp","href":"https:\/\/api.w.org\/{rel}","templated":true}]}}