{"id":5901,"date":"2019-04-15T11:28:28","date_gmt":"2019-04-15T09:28:28","guid":{"rendered":"https:\/\/www.iskreni.net\/trgovina\/product\/samo-ljubezen-ustvarja\/"},"modified":"2023-11-02T16:13:18","modified_gmt":"2023-11-02T15:13:18","slug":"samo-ljubezen-ustvarja","status":"publish","type":"product","link":"https:\/\/www.iskreni.net\/trgovina\/product\/samo-ljubezen-ustvarja\/","title":{"rendered":"Samo ljubezen ustvarja"},"content":{"rendered":"<h4>Vsebina<\/h4>\n<p>Bi znali na\u0161teti sedem duhovnih del usmiljenja? In \u0161e te\u017eje, kaj sploh pomenijo? Fabio Rosini, duhovni u\u010denec p. Marka Rupnika in po besedah slednjega<i>\u00a0\u201ceden najbolj poznanih oznanjevalcev evangelija ne le v Italiji, ampak po vsej Evropi\u201d,<\/i>\u00a0je o tej temi govoril na vatikanskem radiu in hkrati enkrat mese\u010dno na pro\u0161njo dolo\u010denih kaplanov tudi mladim iz rimske \u0161kofije. Ne\u0161teti ljudje so ga vztrajno prigovarjali in trmasto sitnarili, naj napi\u0161e tudi knjigo. In res jo je. Zato je knjiga\u00a0<strong>Samo ljubezen ustvarja\u00a0<\/strong>napisana tako, kot bi ga poslu\u0161ali v \u017eivo (in vedeti moramo, da je izredno sve\u017e in prepri\u010dljiv govornik). Temeljito raz\u010dleni vsako od duhovnih del usmiljenja, predstavi njegove nadomestke in resnico o vsakem delu. Ki pa v temelju preprosto pomeni, da vse, \u010disto vse, izvira iz na\u0161ega odnosa z Bogom.<\/p>\n<p>*<\/p>\n<p>Danes smo tako zastrupljeni s kli\u0161eji o dobroti, z nadomestki in karikaturami dobrih \u010dustev, da ne vemo ve\u010d, kaj je pravo usmiljenje. Prepogosto ga zamenjamo s pieteto, odpu\u0161\u010danjem in gostoljubnostjo, ki se pojavljajo in izginjajo glede na na\u0161e razpolo\u017eenje. Ta knjiga, bogata z Bo\u017ejo besedo in \u010dlove\u010dnostjo, dokazuje, da je usmiljenje nekaj ve\u010d. To je gesta, delo, modrost, skrb, sad odnosa, ki ga imamo z bli\u017enjim. Ne rojeva se iz \u010dloveka, temve\u010d iz odnosa z Bogom. Gre za delo Boga v \u010dloveku. Ko se don Fabio ustavi ob vsakem od posameznih duhovnih del usmiljenja, ki so nelo\u010dljiva tudi od telesnih, nam pomaga razumeti, da brez usmiljenja ni mogo\u010de \u017eiveti. V \u017eivljenju do\u017eivimo najglobljo sre\u010do takrat, ko za nekoga poskrbimo. Samo ljubezen nam da resni\u010dno sre\u010do. Tako, kakor je dejal sveti Maksimiljan Kolbe, preden so ga v Auschwitzu umorili, \u00bbSamo ljubezen ustvarja!\u00ab Samo ljubezen daje \u010dudovito obliko vsemu, kar delamo. Na\u0161a dejanja so lahko tudi majhna, toda \u010de se rodijo od Boga, re\u0161ujejo svet, saj mu dajejo okus.<\/p>\n<p>&nbsp;<\/p>\n<h4>O\u00a0avtorju<\/h4>\n<p>Fabio Rosini je rimski duhovnik, odgovoren za Center za duhovne poklice v rimski \u0161kofiji. Bil je tudi kaplan na italijanski radioteleviziji (RAI). Pred vstopom v bogoslovje se je ukvarjal z glasbo. Nato je pridobil licenco iz Svetega pisma na Pape\u0161kem bibli\u010dnem in\u0161titutu. Z mladimi in za mlade, ki mu jih je poslala Bo\u017eja previdnost, je leta 1993 osnoval skupine o desetih Bo\u017ejih zapovedih in nato o sedmih znamenjih v Janezovem evangeliju.\u00a0<em>10 zapovedi<\/em>in\u00a0<em>7 znamenj<\/em>\u00a0sta dve nerazdru\u017eljivi poti, zelo u\u010dinkoviti za ljudi na poti iskanja ali ponovnega odkrivanja vere. Don Fabio \u017ee kako desetletje redno razlaga nedeljski evangelij za vatikanski radio. Imel je ve\u010d radijskih serij o svetopisemskih in duhovnih tematikah, ki so jih razli\u010dne cerkvene skupine oblikovale in uporabile kot poti za rast v kr\u0161\u010danskem \u017eivljenju.<\/p>\n<p>Je duhovni u\u010denec p. Marka Rupnika. Ta je o njem zapisal:\u00a0<em>\u00bbFabio Rosini je gotovo eden najbolj poznanih oznanjevalcev evangelija ne le v Italiji, ampak po vsej Evropi. Njegove nagovore spremlja samo v Italiji ve\u010d kot sto tiso\u010d ljudi. Je izredno spreten, prepri\u010dljiv in globok pridigar. (\u2026) Rosini je \u017eiva pri\u010da, ki potrjuje, da je danes izredno ugoden \u010das za resni\u010dno versko in duhovno globoko oznanilo. Ob njegovih nagovorih prihaja do resni\u010dnih spreobrnjenj. Fabio nagovori ljudi, ki \u0161e nikoli niso stopili v cerkev.\u00ab<\/em><\/p>\n<p><a href=\"https:\/\/www.iskreni.net\/trgovina\/wp-content\/uploads\/2023\/11\/Samo-ljubezen-ustvarja_1-11.pdf\">Prelistajte knjigo<\/a><\/p>\n<h4><strong>Odlomek iz knjige\u00a0<em>Samo ljubezen ustvarja<\/em><\/strong><\/h4>\n<p><em>\u00bbDela usmiljenja se v dana\u0161njem \u010dasu zdijo vpra\u0161ljiva, brezplodna, skoraj obto\u017ebe vredna tema. \u017divimo v \u010dasu prakse, u\u010dinkovitosti, storilnosti, neprofitnih in nevladnih organizacij, prostovoljstva, rezultatov, statistike \u2026 Morda lahko te ostanke duhovnosti \u010disto mirno pospravimo globoko v klet, na odlo\u017ei\u0161\u010de z napisom &#8216;religija&#8217;, saj jih svet, zavezan socialnemu aktivizmu, prav ni\u010d ne pogre\u0161a.<\/em><\/p>\n<p><em>Prijatelj mi je pravil, da je na sveti ve\u010der sodeloval kot prostovoljec pri razna\u0161anju paketov rimskim brezdomcem, ob njem pa je bilo tudi ve\u010d odraslih, ki so simpatizirali z nekim katoli\u0161kim gibanjem. Po kon\u010danem delu je opazil, da je ostalo \u0161e dovolj \u010dasa za polno\u010dnico, in je izbrbljal: &#8216;Lepo, \u0161e na polno\u010dnico bomo pri\u0161li!&#8217; Ostala \u010detverica v avtu se je osuplo obrnila proti njemu: &#8216;Kak\u0161no polno\u010dnico?!&#8217; Ni bila v programu. Ni jih zanimala. V\u0161e\u010d jim je bilo to katoli\u0161ko gibanje, niso pa hodili k ma\u0161i. Tudi za bo\u017ei\u010d ne. Njihov bo\u017ei\u010d je bil v tem, da so obiskali brezdomce in se odpovedali ve\u010derji z dru\u017eino.<\/em><\/p>\n<p><em>Morda imajo prav. Morda za bo\u017ei\u010d ni potrebno prav nobeno duhovno delo usmiljenja niti molitev niti polno\u010dnica. Morda pa to ne dr\u017ei.\u00ab<\/em><\/p>\n<p>&nbsp;<\/p>\n","protected":false},"excerpt":{"rendered":"<p><strong>Prevod:<\/strong>\u00a0Marija \u0160imenc<br \/>\n<strong>\u0160tevilo strani:<\/strong>\u00a0193<br \/>\n<strong>Leto izdaje:<\/strong> 2018<\/p>\n<h3>Duhovna dela usmiljenja<\/h3>\n<p><strong>Samo ljubezen ustvarja<\/strong> je globoka in izvirna razprava o duhovnih delih usmiljenja izpod peresa enega najbolj gore\u010dih oznanjevalcev na\u0161ega \u010dasa, rimskega duhovnika Fabia Rosinija.<\/p>\n<p><a href=\"https:\/\/www.iskreni.net\/trgovina\/wp-content\/uploads\/2023\/11\/Samo-ljubezen-ustvarja_1-11.pdf\">Prelistajte knjigo<\/a><\/p>\n","protected":false},"featured_media":5902,"comment_status":"open","ping_status":"closed","template":"","meta":[],"product_brand":[255],"product_cat":[2324,63],"product_tag":[],"avtor":[2614],"zalozba":[2335],"vezava":[2307],"class_list":{"0":"post-5901","1":"product","2":"type-product","3":"status-publish","4":"has-post-thumbnail","6":"product_brand-zalozba-emanuel","7":"product_cat-duhovnost-in-osebna-rast","8":"product_cat-knjige","9":"avtor-fabio-rosini","10":"zalozba-zalozba-emanuel","11":"vezava-mehka","13":"first","14":"instock","15":"taxable","16":"shipping-taxable","17":"purchasable","18":"product-type-simple"},"yoast_head":"<!-- This site is optimized with the Yoast SEO plugin v26.3 - https:\/\/yoast.com\/wordpress\/plugins\/seo\/ -->\n<title>Samo ljubezen ustvarja - Duhovna dela usmiljenja - trgovina Iskreni<\/title>\n<meta name=\"description\" content=\"Samo ljubezen ustvarja je globoka in izvirna razprava o duhovnih delih usmiljenja izpod peresa rimskega duhovnika Fabia Rosinija.\" \/>\n<meta name=\"robots\" content=\"index, follow, max-snippet:-1, max-image-preview:large, max-video-preview:-1\" \/>\n<link rel=\"canonical\" href=\"https:\/\/www.iskreni.net\/trgovina\/product\/samo-ljubezen-ustvarja\/\" \/>\n<meta property=\"og:locale\" content=\"sl_SI\" \/>\n<meta property=\"og:type\" content=\"article\" \/>\n<meta property=\"og:title\" content=\"Samo ljubezen ustvarja - Duhovna dela usmiljenja - trgovina Iskreni\" \/>\n<meta property=\"og:description\" content=\"Samo ljubezen ustvarja je globoka in izvirna razprava o duhovnih delih usmiljenja izpod peresa rimskega duhovnika Fabia Rosinija.\" \/>\n<meta property=\"og:url\" content=\"https:\/\/www.iskreni.net\/trgovina\/product\/samo-ljubezen-ustvarja\/\" \/>\n<meta property=\"og:site_name\" content=\"Zavod Iskreni\" \/>\n<meta property=\"article:modified_time\" content=\"2023-11-02T15:13:18+00:00\" \/>\n<meta property=\"og:image\" content=\"https:\/\/www.iskreni.net\/trgovina\/wp-content\/uploads\/2019\/04\/Samo-ljubezen-ustvarja-kvadrat.jpg\" \/>\n\t<meta property=\"og:image:width\" content=\"960\" \/>\n\t<meta property=\"og:image:height\" content=\"960\" \/>\n\t<meta property=\"og:image:type\" content=\"image\/jpeg\" \/>\n<meta name=\"twitter:card\" content=\"summary_large_image\" \/>\n<meta name=\"twitter:label1\" content=\"Est. reading time\" \/>\n\t<meta name=\"twitter:data1\" content=\"4 minute\" \/>\n<script type=\"application\/ld+json\" class=\"yoast-schema-graph\">{\"@context\":\"https:\/\/schema.org\",\"@graph\":[{\"@type\":\"WebPage\",\"@id\":\"https:\/\/www.iskreni.net\/trgovina\/product\/samo-ljubezen-ustvarja\/\",\"url\":\"https:\/\/www.iskreni.net\/trgovina\/product\/samo-ljubezen-ustvarja\/\",\"name\":\"Samo ljubezen ustvarja - Duhovna dela usmiljenja - trgovina Iskreni\",\"isPartOf\":{\"@id\":\"https:\/\/www.iskreni.net\/trgovina\/#website\"},\"primaryImageOfPage\":{\"@id\":\"https:\/\/www.iskreni.net\/trgovina\/product\/samo-ljubezen-ustvarja\/#primaryimage\"},\"image\":{\"@id\":\"https:\/\/www.iskreni.net\/trgovina\/product\/samo-ljubezen-ustvarja\/#primaryimage\"},\"thumbnailUrl\":\"https:\/\/www.iskreni.net\/trgovina\/wp-content\/uploads\/2019\/04\/Samo-ljubezen-ustvarja-kvadrat.jpg\",\"datePublished\":\"2019-04-15T09:28:28+00:00\",\"dateModified\":\"2023-11-02T15:13:18+00:00\",\"description\":\"Samo ljubezen ustvarja je globoka in izvirna razprava o duhovnih delih usmiljenja izpod peresa rimskega duhovnika Fabia Rosinija.\",\"breadcrumb\":{\"@id\":\"https:\/\/www.iskreni.net\/trgovina\/product\/samo-ljubezen-ustvarja\/#breadcrumb\"},\"inLanguage\":\"sl-SI\",\"potentialAction\":[{\"@type\":\"ReadAction\",\"target\":[\"https:\/\/www.iskreni.net\/trgovina\/product\/samo-ljubezen-ustvarja\/\"]}]},{\"@type\":\"ImageObject\",\"inLanguage\":\"sl-SI\",\"@id\":\"https:\/\/www.iskreni.net\/trgovina\/product\/samo-ljubezen-ustvarja\/#primaryimage\",\"url\":\"https:\/\/www.iskreni.net\/trgovina\/wp-content\/uploads\/2019\/04\/Samo-ljubezen-ustvarja-kvadrat.jpg\",\"contentUrl\":\"https:\/\/www.iskreni.net\/trgovina\/wp-content\/uploads\/2019\/04\/Samo-ljubezen-ustvarja-kvadrat.jpg\",\"width\":960,\"height\":960,\"caption\":\"Samo ljubezen ustvarja\"},{\"@type\":\"BreadcrumbList\",\"@id\":\"https:\/\/www.iskreni.net\/trgovina\/product\/samo-ljubezen-ustvarja\/#breadcrumb\",\"itemListElement\":[{\"@type\":\"ListItem\",\"position\":1,\"name\":\"Home\",\"item\":\"https:\/\/www.iskreni.net\/trgovina\/\"},{\"@type\":\"ListItem\",\"position\":2,\"name\":\"Trgovina\",\"item\":\"https:\/\/www.iskreni.net\/trgovina\/trgovina\/\"},{\"@type\":\"ListItem\",\"position\":3,\"name\":\"Samo ljubezen ustvarja\"}]},{\"@type\":\"WebSite\",\"@id\":\"https:\/\/www.iskreni.net\/trgovina\/#website\",\"url\":\"https:\/\/www.iskreni.net\/trgovina\/\",\"name\":\"Zavod Iskreni\",\"description\":\"trgovina\",\"potentialAction\":[{\"@type\":\"SearchAction\",\"target\":{\"@type\":\"EntryPoint\",\"urlTemplate\":\"https:\/\/www.iskreni.net\/trgovina\/?s={search_term_string}\"},\"query-input\":{\"@type\":\"PropertyValueSpecification\",\"valueRequired\":true,\"valueName\":\"search_term_string\"}}],\"inLanguage\":\"sl-SI\"}]}<\/script>\n<!-- \/ Yoast SEO plugin. -->","yoast_head_json":{"title":"Samo ljubezen ustvarja - Duhovna dela usmiljenja - trgovina Iskreni","description":"Samo ljubezen ustvarja je globoka in izvirna razprava o duhovnih delih usmiljenja izpod peresa rimskega duhovnika Fabia Rosinija.","robots":{"index":"index","follow":"follow","max-snippet":"max-snippet:-1","max-image-preview":"max-image-preview:large","max-video-preview":"max-video-preview:-1"},"canonical":"https:\/\/www.iskreni.net\/trgovina\/product\/samo-ljubezen-ustvarja\/","og_locale":"sl_SI","og_type":"article","og_title":"Samo ljubezen ustvarja - Duhovna dela usmiljenja - trgovina Iskreni","og_description":"Samo ljubezen ustvarja je globoka in izvirna razprava o duhovnih delih usmiljenja izpod peresa rimskega duhovnika Fabia Rosinija.","og_url":"https:\/\/www.iskreni.net\/trgovina\/product\/samo-ljubezen-ustvarja\/","og_site_name":"Zavod Iskreni","article_modified_time":"2023-11-02T15:13:18+00:00","og_image":[{"width":960,"height":960,"url":"https:\/\/www.iskreni.net\/trgovina\/wp-content\/uploads\/2019\/04\/Samo-ljubezen-ustvarja-kvadrat.jpg","type":"image\/jpeg"}],"twitter_card":"summary_large_image","twitter_misc":{"Est. reading time":"4 minute"},"schema":{"@context":"https:\/\/schema.org","@graph":[{"@type":"WebPage","@id":"https:\/\/www.iskreni.net\/trgovina\/product\/samo-ljubezen-ustvarja\/","url":"https:\/\/www.iskreni.net\/trgovina\/product\/samo-ljubezen-ustvarja\/","name":"Samo ljubezen ustvarja - Duhovna dela usmiljenja - trgovina Iskreni","isPartOf":{"@id":"https:\/\/www.iskreni.net\/trgovina\/#website"},"primaryImageOfPage":{"@id":"https:\/\/www.iskreni.net\/trgovina\/product\/samo-ljubezen-ustvarja\/#primaryimage"},"image":{"@id":"https:\/\/www.iskreni.net\/trgovina\/product\/samo-ljubezen-ustvarja\/#primaryimage"},"thumbnailUrl":"https:\/\/www.iskreni.net\/trgovina\/wp-content\/uploads\/2019\/04\/Samo-ljubezen-ustvarja-kvadrat.jpg","datePublished":"2019-04-15T09:28:28+00:00","dateModified":"2023-11-02T15:13:18+00:00","description":"Samo ljubezen ustvarja je globoka in izvirna razprava o duhovnih delih usmiljenja izpod peresa rimskega duhovnika Fabia Rosinija.","breadcrumb":{"@id":"https:\/\/www.iskreni.net\/trgovina\/product\/samo-ljubezen-ustvarja\/#breadcrumb"},"inLanguage":"sl-SI","potentialAction":[{"@type":"ReadAction","target":["https:\/\/www.iskreni.net\/trgovina\/product\/samo-ljubezen-ustvarja\/"]}]},{"@type":"ImageObject","inLanguage":"sl-SI","@id":"https:\/\/www.iskreni.net\/trgovina\/product\/samo-ljubezen-ustvarja\/#primaryimage","url":"https:\/\/www.iskreni.net\/trgovina\/wp-content\/uploads\/2019\/04\/Samo-ljubezen-ustvarja-kvadrat.jpg","contentUrl":"https:\/\/www.iskreni.net\/trgovina\/wp-content\/uploads\/2019\/04\/Samo-ljubezen-ustvarja-kvadrat.jpg","width":960,"height":960,"caption":"Samo ljubezen ustvarja"},{"@type":"BreadcrumbList","@id":"https:\/\/www.iskreni.net\/trgovina\/product\/samo-ljubezen-ustvarja\/#breadcrumb","itemListElement":[{"@type":"ListItem","position":1,"name":"Home","item":"https:\/\/www.iskreni.net\/trgovina\/"},{"@type":"ListItem","position":2,"name":"Trgovina","item":"https:\/\/www.iskreni.net\/trgovina\/trgovina\/"},{"@type":"ListItem","position":3,"name":"Samo ljubezen ustvarja"}]},{"@type":"WebSite","@id":"https:\/\/www.iskreni.net\/trgovina\/#website","url":"https:\/\/www.iskreni.net\/trgovina\/","name":"Zavod Iskreni","description":"trgovina","potentialAction":[{"@type":"SearchAction","target":{"@type":"EntryPoint","urlTemplate":"https:\/\/www.iskreni.net\/trgovina\/?s={search_term_string}"},"query-input":{"@type":"PropertyValueSpecification","valueRequired":true,"valueName":"search_term_string"}}],"inLanguage":"sl-SI"}]}},"_links":{"self":[{"href":"https:\/\/www.iskreni.net\/trgovina\/wp-json\/wp\/v2\/product\/5901","targetHints":{"allow":["GET"]}}],"collection":[{"href":"https:\/\/www.iskreni.net\/trgovina\/wp-json\/wp\/v2\/product"}],"about":[{"href":"https:\/\/www.iskreni.net\/trgovina\/wp-json\/wp\/v2\/types\/product"}],"replies":[{"embeddable":true,"href":"https:\/\/www.iskreni.net\/trgovina\/wp-json\/wp\/v2\/comments?post=5901"}],"version-history":[{"count":3,"href":"https:\/\/www.iskreni.net\/trgovina\/wp-json\/wp\/v2\/product\/5901\/revisions"}],"predecessor-version":[{"id":70572,"href":"https:\/\/www.iskreni.net\/trgovina\/wp-json\/wp\/v2\/product\/5901\/revisions\/70572"}],"wp:featuredmedia":[{"embeddable":true,"href":"https:\/\/www.iskreni.net\/trgovina\/wp-json\/wp\/v2\/media\/5902"}],"wp:attachment":[{"href":"https:\/\/www.iskreni.net\/trgovina\/wp-json\/wp\/v2\/media?parent=5901"}],"wp:term":[{"taxonomy":"product_brand","embeddable":true,"href":"https:\/\/www.iskreni.net\/trgovina\/wp-json\/wp\/v2\/product_brand?post=5901"},{"taxonomy":"product_cat","embeddable":true,"href":"https:\/\/www.iskreni.net\/trgovina\/wp-json\/wp\/v2\/product_cat?post=5901"},{"taxonomy":"product_tag","embeddable":true,"href":"https:\/\/www.iskreni.net\/trgovina\/wp-json\/wp\/v2\/product_tag?post=5901"},{"taxonomy":"avtor","embeddable":true,"href":"https:\/\/www.iskreni.net\/trgovina\/wp-json\/wp\/v2\/avtor?post=5901"},{"taxonomy":"zalozba","embeddable":true,"href":"https:\/\/www.iskreni.net\/trgovina\/wp-json\/wp\/v2\/zalozba?post=5901"},{"taxonomy":"vezava","embeddable":true,"href":"https:\/\/www.iskreni.net\/trgovina\/wp-json\/wp\/v2\/vezava?post=5901"}],"curies":[{"name":"wp","href":"https:\/\/api.w.org\/{rel}","templated":true}]}}