{"id":5897,"date":"2019-04-15T09:40:23","date_gmt":"2019-04-15T07:40:23","guid":{"rendered":"https:\/\/www.iskreni.net\/trgovina\/product\/jezusovo-zivljenje\/"},"modified":"2023-10-20T10:21:31","modified_gmt":"2023-10-20T08:21:31","slug":"jezusovo-zivljenje","status":"publish","type":"product","link":"https:\/\/www.iskreni.net\/trgovina\/product\/jezusovo-zivljenje\/","title":{"rendered":"Jezusovo \u017eivljenje"},"content":{"rendered":"<h4>Vsebina<\/h4>\n<p>Zakrament prvega sv. obhajila izhaja iz dogodka pri Zadnji ve\u010derji: Medtem ko so u\u010denci jedli, je Jezus vzel kruh, ga blagoslovil, razlomil, jim ga dal in rekel: &#8220;Vzemite, to je moje telo.&#8221; Nato je vzel kelih, se zahvalil, jim ga dal in vsi so pili iz njega. In rekel jim je: &#8220;To je moja kri zaveze, ki se preliva za mnoge.&#8221; (Mr 14, 22\u201325.)<\/p>\n<p>Zato je knjiga\u00a0Jezusovo \u017eivljenje\u00a0primeren dar za prvoobhajanca, ki bo ob prebiranju njegove zgodbe \u0161e bolje spoznal Jezusa, njegovo \u017eivljenje, besede in \u010dude\u017ee.<\/p>\n<p>Jezusovo \u017eivljenje so v Svetem pismu opisali \u0161tirje evangelisti: Matej, Marko, Luka in Janez. Najbolj podrobno je Jezusovo \u017eivljenje opisoval Luka in prav tega povzema knjiga Jezusovo \u017eivljenje. Spremljajo jih pisane ilustracije in kratke razlage, ki bodo pomagale bolje razumeti Jezusove besede in dejanja.<\/p>\n<p>Jezusu smo najbli\u017eje, kadar ga prejmemo v ko\u0161\u010dku kruha v sveti evharistiji. V\u0161e\u010d pa mu je tudi, \u010de o njegovih \u010dude\u017eih in spodbudnih besedah spregovorimo svojim otrokom, ti pa svojim vrstnikom.<\/p>\n<p>&nbsp;<\/p>\n<p><strong>Odprite to knjigo in spoznajte Jezusovo \u017eivljenje, njegove pou\u010dne zgodbe, kak\u0161ne \u010dude\u017ee je naredil in kdo so bili njegovi u\u010denci. Tako boste tudi vi lahko odgovorili na vpra\u0161anje, kdo je Jezus. Kako \u010dudovito je oznanilo, da je Jezus vstal od mrtvih in se nam podarja v ko\u0161\u010dku kruha!\u00a0<\/strong><\/p>\n<p><strong>Skozi pripoved o njegovem \u017eivljenju in razlage, ki so v tej knjigi, se boste pripravili na sre\u010danje z njim v molitvi in pri sveti ma\u0161i. Za\u010dutili boste, da je Jezus zares va\u0161 prijatelj. Kot je bil \u017eiv in resni\u010den pred dva tiso\u010d leti, je \u017eiv in resni\u010den tudi danes. Naj vas ta knjiga opogumi v va\u0161i veri!<\/strong><\/p>\n<p>&nbsp;<\/p>\n<h4>O\u00a0knjigi<\/h4>\n<p><em>\u00bbSeveda si jo lahko vzamemo tudi kot samostojno branje, a \u0161e bolj\u0161a se mi zdi kot dopolnilo k bolj do\u017eiveti\u00a0ma\u0161i \u2013 da recimo \u017ee ve\u010der prej z otroki preberem svetopisemski odlomek, ki se bo bral pri nedeljskem evangeliju, le da tu prirejen za otro\u0161ka u\u0161esa. Ali pa kot dodatno gradivo pri verouku. Lahko je tudi opora najstniku, ki se prvi\u010d spopada z branjem Svetega Pisma, pa marsi\u010desa v njem ne razume dobro. Zlahka bo v knjigi na\u0161el odgovor na kako vpra\u0161anje, ki se mu zastavlja.\u00ab<\/em><br \/>\n\u2013Lucija \u010cak\u0161: Knjiga Jezusovo \u017eivljenje, portal iskreni.net<\/p>\n<p>&nbsp;<\/p>\n","protected":false},"excerpt":{"rendered":"<p>&nbsp;<\/p>\n<p><strong>Avtorji:<\/strong> Sophie de Mullenheim, Fabienne Py-Renaudie, Francois Campagnac, Christophe Raimbault<br \/>\n<strong>Prevod:<\/strong> Irena Modrijan<br \/>\n<strong>\u0160tevilo strani:<\/strong> 96<br \/>\n<strong>Leto izdaje:<\/strong> 2018<\/p>\n<p><strong>Evangelij po Luku z razlagami<\/strong><\/p>\n<p><em>Jezus je svoje u\u010dence vpra\u0161al: \u00bbKaj pa vi pravite, kdo sem?\u00ab\u00a0<\/em><\/p>\n","protected":false},"featured_media":5900,"comment_status":"open","ping_status":"closed","template":"","meta":[],"product_brand":[253],"product_cat":[2324,63,135],"product_tag":[391,390],"avtor":[],"zalozba":[2311],"vezava":[2306],"class_list":{"0":"post-5897","1":"product","2":"type-product","3":"status-publish","4":"has-post-thumbnail","6":"product_brand-druzina","7":"product_cat-duhovnost-in-osebna-rast","8":"product_cat-knjige","9":"product_cat-za-otroke","10":"product_tag-jezus","11":"product_tag-sveto-pismo","12":"zalozba-druzina","13":"vezava-trda","15":"first","16":"instock","17":"taxable","18":"shipping-taxable","19":"purchasable","20":"product-type-simple"},"yoast_head":"<!-- This site is optimized with the Yoast SEO plugin v26.3 - https:\/\/yoast.com\/wordpress\/plugins\/seo\/ -->\n<title>Jezusovo \u017eivljenje - Evangelij po Luku z razlagami za mlade bralce - trgovina Iskreni<\/title>\n<meta name=\"description\" content=\"Odprite to knjigo in spoznajte Jezusovo \u017eivljenje, njegove pou\u010dne zgodbe, kak\u0161ne \u010dude\u017ee je naredil in kdo so bili njegovi u\u010denci.\" \/>\n<meta name=\"robots\" content=\"index, follow, max-snippet:-1, max-image-preview:large, max-video-preview:-1\" \/>\n<link rel=\"canonical\" href=\"https:\/\/www.iskreni.net\/trgovina\/product\/jezusovo-zivljenje\/\" \/>\n<meta property=\"og:locale\" content=\"sl_SI\" \/>\n<meta property=\"og:type\" content=\"article\" \/>\n<meta property=\"og:title\" content=\"Jezusovo \u017eivljenje - Evangelij po Luku z razlagami za mlade bralce - trgovina Iskreni\" \/>\n<meta property=\"og:description\" content=\"Odprite to knjigo in spoznajte Jezusovo \u017eivljenje, njegove pou\u010dne zgodbe, kak\u0161ne \u010dude\u017ee je naredil in kdo so bili njegovi u\u010denci.\" \/>\n<meta property=\"og:url\" content=\"https:\/\/www.iskreni.net\/trgovina\/product\/jezusovo-zivljenje\/\" \/>\n<meta property=\"og:site_name\" content=\"Zavod Iskreni\" \/>\n<meta property=\"article:modified_time\" content=\"2023-10-20T08:21:31+00:00\" \/>\n<meta property=\"og:image\" content=\"https:\/\/www.iskreni.net\/trgovina\/wp-content\/uploads\/2019\/04\/Jezusovo-\u017eivljenje-na-belo.jpg\" \/>\n\t<meta property=\"og:image:width\" content=\"756\" \/>\n\t<meta property=\"og:image:height\" content=\"756\" \/>\n\t<meta property=\"og:image:type\" content=\"image\/jpeg\" \/>\n<meta name=\"twitter:card\" content=\"summary_large_image\" \/>\n<meta name=\"twitter:label1\" content=\"Est. reading time\" \/>\n\t<meta name=\"twitter:data1\" content=\"3 minute\" \/>\n<script type=\"application\/ld+json\" class=\"yoast-schema-graph\">{\"@context\":\"https:\/\/schema.org\",\"@graph\":[{\"@type\":\"WebPage\",\"@id\":\"https:\/\/www.iskreni.net\/trgovina\/product\/jezusovo-zivljenje\/\",\"url\":\"https:\/\/www.iskreni.net\/trgovina\/product\/jezusovo-zivljenje\/\",\"name\":\"Jezusovo \u017eivljenje - Evangelij po Luku z razlagami za mlade bralce - trgovina Iskreni\",\"isPartOf\":{\"@id\":\"https:\/\/www.iskreni.net\/trgovina\/#website\"},\"primaryImageOfPage\":{\"@id\":\"https:\/\/www.iskreni.net\/trgovina\/product\/jezusovo-zivljenje\/#primaryimage\"},\"image\":{\"@id\":\"https:\/\/www.iskreni.net\/trgovina\/product\/jezusovo-zivljenje\/#primaryimage\"},\"thumbnailUrl\":\"https:\/\/www.iskreni.net\/trgovina\/wp-content\/uploads\/2019\/04\/Jezusovo-\u017eivljenje-na-belo.jpg\",\"datePublished\":\"2019-04-15T07:40:23+00:00\",\"dateModified\":\"2023-10-20T08:21:31+00:00\",\"description\":\"Odprite to knjigo in spoznajte Jezusovo \u017eivljenje, njegove pou\u010dne zgodbe, kak\u0161ne \u010dude\u017ee je naredil in kdo so bili njegovi u\u010denci.\",\"breadcrumb\":{\"@id\":\"https:\/\/www.iskreni.net\/trgovina\/product\/jezusovo-zivljenje\/#breadcrumb\"},\"inLanguage\":\"sl-SI\",\"potentialAction\":[{\"@type\":\"ReadAction\",\"target\":[\"https:\/\/www.iskreni.net\/trgovina\/product\/jezusovo-zivljenje\/\"]}]},{\"@type\":\"ImageObject\",\"inLanguage\":\"sl-SI\",\"@id\":\"https:\/\/www.iskreni.net\/trgovina\/product\/jezusovo-zivljenje\/#primaryimage\",\"url\":\"https:\/\/www.iskreni.net\/trgovina\/wp-content\/uploads\/2019\/04\/Jezusovo-\u017eivljenje-na-belo.jpg\",\"contentUrl\":\"https:\/\/www.iskreni.net\/trgovina\/wp-content\/uploads\/2019\/04\/Jezusovo-\u017eivljenje-na-belo.jpg\",\"width\":756,\"height\":756,\"caption\":\"Jezusovo \u017eivljenje\"},{\"@type\":\"BreadcrumbList\",\"@id\":\"https:\/\/www.iskreni.net\/trgovina\/product\/jezusovo-zivljenje\/#breadcrumb\",\"itemListElement\":[{\"@type\":\"ListItem\",\"position\":1,\"name\":\"Home\",\"item\":\"https:\/\/www.iskreni.net\/trgovina\/\"},{\"@type\":\"ListItem\",\"position\":2,\"name\":\"Trgovina\",\"item\":\"https:\/\/www.iskreni.net\/trgovina\/trgovina\/\"},{\"@type\":\"ListItem\",\"position\":3,\"name\":\"Jezusovo \u017eivljenje\"}]},{\"@type\":\"WebSite\",\"@id\":\"https:\/\/www.iskreni.net\/trgovina\/#website\",\"url\":\"https:\/\/www.iskreni.net\/trgovina\/\",\"name\":\"Zavod Iskreni\",\"description\":\"trgovina\",\"potentialAction\":[{\"@type\":\"SearchAction\",\"target\":{\"@type\":\"EntryPoint\",\"urlTemplate\":\"https:\/\/www.iskreni.net\/trgovina\/?s={search_term_string}\"},\"query-input\":{\"@type\":\"PropertyValueSpecification\",\"valueRequired\":true,\"valueName\":\"search_term_string\"}}],\"inLanguage\":\"sl-SI\"}]}<\/script>\n<!-- \/ Yoast SEO plugin. -->","yoast_head_json":{"title":"Jezusovo \u017eivljenje - Evangelij po Luku z razlagami za mlade bralce - trgovina Iskreni","description":"Odprite to knjigo in spoznajte Jezusovo \u017eivljenje, njegove pou\u010dne zgodbe, kak\u0161ne \u010dude\u017ee je naredil in kdo so bili njegovi u\u010denci.","robots":{"index":"index","follow":"follow","max-snippet":"max-snippet:-1","max-image-preview":"max-image-preview:large","max-video-preview":"max-video-preview:-1"},"canonical":"https:\/\/www.iskreni.net\/trgovina\/product\/jezusovo-zivljenje\/","og_locale":"sl_SI","og_type":"article","og_title":"Jezusovo \u017eivljenje - Evangelij po Luku z razlagami za mlade bralce - trgovina Iskreni","og_description":"Odprite to knjigo in spoznajte Jezusovo \u017eivljenje, njegove pou\u010dne zgodbe, kak\u0161ne \u010dude\u017ee je naredil in kdo so bili njegovi u\u010denci.","og_url":"https:\/\/www.iskreni.net\/trgovina\/product\/jezusovo-zivljenje\/","og_site_name":"Zavod Iskreni","article_modified_time":"2023-10-20T08:21:31+00:00","og_image":[{"width":756,"height":756,"url":"https:\/\/www.iskreni.net\/trgovina\/wp-content\/uploads\/2019\/04\/Jezusovo-\u017eivljenje-na-belo.jpg","type":"image\/jpeg"}],"twitter_card":"summary_large_image","twitter_misc":{"Est. reading time":"3 minute"},"schema":{"@context":"https:\/\/schema.org","@graph":[{"@type":"WebPage","@id":"https:\/\/www.iskreni.net\/trgovina\/product\/jezusovo-zivljenje\/","url":"https:\/\/www.iskreni.net\/trgovina\/product\/jezusovo-zivljenje\/","name":"Jezusovo \u017eivljenje - Evangelij po Luku z razlagami za mlade bralce - trgovina Iskreni","isPartOf":{"@id":"https:\/\/www.iskreni.net\/trgovina\/#website"},"primaryImageOfPage":{"@id":"https:\/\/www.iskreni.net\/trgovina\/product\/jezusovo-zivljenje\/#primaryimage"},"image":{"@id":"https:\/\/www.iskreni.net\/trgovina\/product\/jezusovo-zivljenje\/#primaryimage"},"thumbnailUrl":"https:\/\/www.iskreni.net\/trgovina\/wp-content\/uploads\/2019\/04\/Jezusovo-\u017eivljenje-na-belo.jpg","datePublished":"2019-04-15T07:40:23+00:00","dateModified":"2023-10-20T08:21:31+00:00","description":"Odprite to knjigo in spoznajte Jezusovo \u017eivljenje, njegove pou\u010dne zgodbe, kak\u0161ne \u010dude\u017ee je naredil in kdo so bili njegovi u\u010denci.","breadcrumb":{"@id":"https:\/\/www.iskreni.net\/trgovina\/product\/jezusovo-zivljenje\/#breadcrumb"},"inLanguage":"sl-SI","potentialAction":[{"@type":"ReadAction","target":["https:\/\/www.iskreni.net\/trgovina\/product\/jezusovo-zivljenje\/"]}]},{"@type":"ImageObject","inLanguage":"sl-SI","@id":"https:\/\/www.iskreni.net\/trgovina\/product\/jezusovo-zivljenje\/#primaryimage","url":"https:\/\/www.iskreni.net\/trgovina\/wp-content\/uploads\/2019\/04\/Jezusovo-\u017eivljenje-na-belo.jpg","contentUrl":"https:\/\/www.iskreni.net\/trgovina\/wp-content\/uploads\/2019\/04\/Jezusovo-\u017eivljenje-na-belo.jpg","width":756,"height":756,"caption":"Jezusovo \u017eivljenje"},{"@type":"BreadcrumbList","@id":"https:\/\/www.iskreni.net\/trgovina\/product\/jezusovo-zivljenje\/#breadcrumb","itemListElement":[{"@type":"ListItem","position":1,"name":"Home","item":"https:\/\/www.iskreni.net\/trgovina\/"},{"@type":"ListItem","position":2,"name":"Trgovina","item":"https:\/\/www.iskreni.net\/trgovina\/trgovina\/"},{"@type":"ListItem","position":3,"name":"Jezusovo \u017eivljenje"}]},{"@type":"WebSite","@id":"https:\/\/www.iskreni.net\/trgovina\/#website","url":"https:\/\/www.iskreni.net\/trgovina\/","name":"Zavod Iskreni","description":"trgovina","potentialAction":[{"@type":"SearchAction","target":{"@type":"EntryPoint","urlTemplate":"https:\/\/www.iskreni.net\/trgovina\/?s={search_term_string}"},"query-input":{"@type":"PropertyValueSpecification","valueRequired":true,"valueName":"search_term_string"}}],"inLanguage":"sl-SI"}]}},"_links":{"self":[{"href":"https:\/\/www.iskreni.net\/trgovina\/wp-json\/wp\/v2\/product\/5897","targetHints":{"allow":["GET"]}}],"collection":[{"href":"https:\/\/www.iskreni.net\/trgovina\/wp-json\/wp\/v2\/product"}],"about":[{"href":"https:\/\/www.iskreni.net\/trgovina\/wp-json\/wp\/v2\/types\/product"}],"replies":[{"embeddable":true,"href":"https:\/\/www.iskreni.net\/trgovina\/wp-json\/wp\/v2\/comments?post=5897"}],"version-history":[{"count":3,"href":"https:\/\/www.iskreni.net\/trgovina\/wp-json\/wp\/v2\/product\/5897\/revisions"}],"predecessor-version":[{"id":70179,"href":"https:\/\/www.iskreni.net\/trgovina\/wp-json\/wp\/v2\/product\/5897\/revisions\/70179"}],"wp:featuredmedia":[{"embeddable":true,"href":"https:\/\/www.iskreni.net\/trgovina\/wp-json\/wp\/v2\/media\/5900"}],"wp:attachment":[{"href":"https:\/\/www.iskreni.net\/trgovina\/wp-json\/wp\/v2\/media?parent=5897"}],"wp:term":[{"taxonomy":"product_brand","embeddable":true,"href":"https:\/\/www.iskreni.net\/trgovina\/wp-json\/wp\/v2\/product_brand?post=5897"},{"taxonomy":"product_cat","embeddable":true,"href":"https:\/\/www.iskreni.net\/trgovina\/wp-json\/wp\/v2\/product_cat?post=5897"},{"taxonomy":"product_tag","embeddable":true,"href":"https:\/\/www.iskreni.net\/trgovina\/wp-json\/wp\/v2\/product_tag?post=5897"},{"taxonomy":"avtor","embeddable":true,"href":"https:\/\/www.iskreni.net\/trgovina\/wp-json\/wp\/v2\/avtor?post=5897"},{"taxonomy":"zalozba","embeddable":true,"href":"https:\/\/www.iskreni.net\/trgovina\/wp-json\/wp\/v2\/zalozba?post=5897"},{"taxonomy":"vezava","embeddable":true,"href":"https:\/\/www.iskreni.net\/trgovina\/wp-json\/wp\/v2\/vezava?post=5897"}],"curies":[{"name":"wp","href":"https:\/\/api.w.org\/{rel}","templated":true}]}}