{"id":58635,"date":"2022-09-07T14:22:41","date_gmt":"2022-09-07T12:22:41","guid":{"rendered":"https:\/\/www.iskreni.net\/trgovina\/?post_type=product&#038;p=58635"},"modified":"2023-10-19T14:14:55","modified_gmt":"2023-10-19T12:14:55","slug":"berem-z-vidom-1","status":"publish","type":"product","link":"https:\/\/www.iskreni.net\/trgovina\/product\/berem-z-vidom-1\/","title":{"rendered":"Berem z Vidom 1"},"content":{"rendered":"<h3>O knjigi <em>Berem z Vidom 1<\/em><\/h3>\n<p>Nih\u010de naj ne bo prikraj\u0161an za supermo\u010d branja!<\/p>\n<p><em>U\u010dinkovito branje je eno najpomembnej\u0161ih orodij v \u017eivljenju. A se mnogim otrokom iz razli\u010dnih razlogov pri tem zatika. Vaje vidnega zaznavanja so ena naju\u010dinkovitej\u0161ih poti napredovanja. Berem z Vidom je priro\u010dnik in delovni zvezek v enem. Ponuja strokovno podprt sistemski okvir, hkrati pa je dovolj enostaven, da ga lahko uporablja prav vsak.<\/em><\/p>\n<p><em>Berem z Vidom 1<\/em>\u00a0je prvi v nizu treh tovrstnih priro\u010dnikov oziroma delovnih zvezkov. Namenjen je otrokom v prvem triletju osnovne \u0161ole, ve\u010dina vaj je primerna tudi za pred\u0161olske otroke. \u0160e posebej pa bo \u2013 ne glede na starost \u2013 koristil otrokom z disleksijo in drugimi te\u017eavami pri u\u010denju branja. U\u010dinkovit in strokovno zasnovan koncept bo v pomo\u010d tako specialnim pedagogom kot star\u0161em in u\u010diteljem. V zvezku je deset nalog s po \u0161estimi vajami. Domi\u0161ljeno so zastavljene in zahtevnostno stopnjevane. Med njimi otroka vodi in spodbuja mali superjunak Vid.<br \/>\nZ Vidom bodo najmlaj\u0161i igrivo razvijali predbralne in predpisalne sposobnosti, starej\u0161i otroci z najrazli\u010dnej\u0161imi primanjkljaji pri branju pa na strukturiran in u\u010dinkovit na\u010din krepili svojo bralno ve\u0161\u010dino. Naj gre za dodatne ure strokovne pomo\u010di ali neobvezno doma\u010do spodbudo \u2013 Berem z Vidom bo v otroku okrepil supermo\u010d u\u010dinkovitega branja.<\/p>\n<h4><\/h4>\n<h3><\/h3>\n","protected":false},"excerpt":{"rendered":"<p><strong>Drugi sodelujo\u010di avtorji: <\/strong>Marija Kavkler<br \/>\n<strong>\u0160tevilo strani:<\/strong> 92<br \/>\n<strong>Leto izdaje:<\/strong> 2021<br \/>\n<strong>Vezava:<\/strong> spiralna<br \/>\n<strong>Format:<\/strong> 297 x 210 mm<\/p>\n<h4>Z vajami vidnega zaznavanja \u010dez igrive izzive do teko\u010dega branja<\/h4>\n<h5><\/h5>\n","protected":false},"featured_media":58637,"comment_status":"open","ping_status":"closed","template":"","meta":[],"product_brand":[],"product_cat":[1014,63,135],"product_tag":[715],"avtor":[2491],"zalozba":[2337],"vezava":[2307],"class_list":{"0":"post-58635","1":"product","2":"type-product","3":"status-publish","4":"has-post-thumbnail","6":"product_cat-ucni-pripomocki","7":"product_cat-knjige","8":"product_cat-za-otroke","9":"product_tag-delovni-zvezek","10":"avtor-mateja-cvet","11":"zalozba-celjska-mohorjeva-druzba","12":"vezava-mehka","14":"first","15":"instock","16":"taxable","17":"shipping-taxable","18":"purchasable","19":"product-type-simple"},"yoast_head":"<!-- This site is optimized with the Yoast SEO plugin v26.3 - https:\/\/yoast.com\/wordpress\/plugins\/seo\/ -->\n<title>Berem z Vidom 1 - trgovina Iskreni<\/title>\n<meta name=\"description\" content=\"Berem z Vidom 1 je priro\u010dnik in delovni zvezek v enem, ki otroke spodbuja k u\u010dinkovitemu branju z vajami vidnega zaznavanja.\" \/>\n<meta name=\"robots\" content=\"index, follow, max-snippet:-1, max-image-preview:large, max-video-preview:-1\" \/>\n<link rel=\"canonical\" href=\"https:\/\/www.iskreni.net\/trgovina\/product\/berem-z-vidom-1\/\" \/>\n<meta property=\"og:locale\" content=\"sl_SI\" \/>\n<meta property=\"og:type\" content=\"article\" \/>\n<meta property=\"og:title\" content=\"Berem z Vidom 1\" \/>\n<meta property=\"og:description\" content=\"Berem z Vidom 1 je priro\u010dnik in delovni zvezek v enem, ki otroke spodbuja k u\u010dinkovitemu branju z vajami vidnega zaznavanja.\" \/>\n<meta property=\"og:url\" content=\"https:\/\/www.iskreni.net\/trgovina\/product\/berem-z-vidom-1\/\" \/>\n<meta property=\"og:site_name\" content=\"Zavod Iskreni\" \/>\n<meta property=\"article:modified_time\" content=\"2023-10-19T12:14:55+00:00\" \/>\n<meta property=\"og:image\" content=\"https:\/\/www.iskreni.net\/trgovina\/wp-content\/uploads\/2022\/09\/Slike-za-spletno-SOCIAL-5.jpg\" \/>\n\t<meta property=\"og:image:width\" content=\"1200\" \/>\n\t<meta property=\"og:image:height\" content=\"674\" \/>\n\t<meta property=\"og:image:type\" content=\"image\/jpeg\" \/>\n<meta name=\"twitter:card\" content=\"summary_large_image\" \/>\n<meta name=\"twitter:label1\" content=\"Est. reading time\" \/>\n\t<meta name=\"twitter:data1\" content=\"2 minuti\" \/>\n<script type=\"application\/ld+json\" class=\"yoast-schema-graph\">{\"@context\":\"https:\/\/schema.org\",\"@graph\":[{\"@type\":\"WebPage\",\"@id\":\"https:\/\/www.iskreni.net\/trgovina\/product\/berem-z-vidom-1\/\",\"url\":\"https:\/\/www.iskreni.net\/trgovina\/product\/berem-z-vidom-1\/\",\"name\":\"Berem z Vidom 1 - trgovina Iskreni\",\"isPartOf\":{\"@id\":\"https:\/\/www.iskreni.net\/trgovina\/#website\"},\"primaryImageOfPage\":{\"@id\":\"https:\/\/www.iskreni.net\/trgovina\/product\/berem-z-vidom-1\/#primaryimage\"},\"image\":{\"@id\":\"https:\/\/www.iskreni.net\/trgovina\/product\/berem-z-vidom-1\/#primaryimage\"},\"thumbnailUrl\":\"https:\/\/www.iskreni.net\/trgovina\/wp-content\/uploads\/2022\/09\/3-6.jpg\",\"datePublished\":\"2022-09-07T12:22:41+00:00\",\"dateModified\":\"2023-10-19T12:14:55+00:00\",\"description\":\"Berem z Vidom 1 je priro\u010dnik in delovni zvezek v enem, ki otroke spodbuja k u\u010dinkovitemu branju z vajami vidnega zaznavanja.\",\"breadcrumb\":{\"@id\":\"https:\/\/www.iskreni.net\/trgovina\/product\/berem-z-vidom-1\/#breadcrumb\"},\"inLanguage\":\"sl-SI\",\"potentialAction\":[{\"@type\":\"ReadAction\",\"target\":[\"https:\/\/www.iskreni.net\/trgovina\/product\/berem-z-vidom-1\/\"]}]},{\"@type\":\"ImageObject\",\"inLanguage\":\"sl-SI\",\"@id\":\"https:\/\/www.iskreni.net\/trgovina\/product\/berem-z-vidom-1\/#primaryimage\",\"url\":\"https:\/\/www.iskreni.net\/trgovina\/wp-content\/uploads\/2022\/09\/3-6.jpg\",\"contentUrl\":\"https:\/\/www.iskreni.net\/trgovina\/wp-content\/uploads\/2022\/09\/3-6.jpg\",\"width\":600,\"height\":600},{\"@type\":\"BreadcrumbList\",\"@id\":\"https:\/\/www.iskreni.net\/trgovina\/product\/berem-z-vidom-1\/#breadcrumb\",\"itemListElement\":[{\"@type\":\"ListItem\",\"position\":1,\"name\":\"Home\",\"item\":\"https:\/\/www.iskreni.net\/trgovina\/\"},{\"@type\":\"ListItem\",\"position\":2,\"name\":\"Trgovina\",\"item\":\"https:\/\/www.iskreni.net\/trgovina\/trgovina\/\"},{\"@type\":\"ListItem\",\"position\":3,\"name\":\"Berem z Vidom 1\"}]},{\"@type\":\"WebSite\",\"@id\":\"https:\/\/www.iskreni.net\/trgovina\/#website\",\"url\":\"https:\/\/www.iskreni.net\/trgovina\/\",\"name\":\"Zavod Iskreni\",\"description\":\"trgovina\",\"potentialAction\":[{\"@type\":\"SearchAction\",\"target\":{\"@type\":\"EntryPoint\",\"urlTemplate\":\"https:\/\/www.iskreni.net\/trgovina\/?s={search_term_string}\"},\"query-input\":{\"@type\":\"PropertyValueSpecification\",\"valueRequired\":true,\"valueName\":\"search_term_string\"}}],\"inLanguage\":\"sl-SI\"}]}<\/script>\n<!-- \/ Yoast SEO plugin. -->","yoast_head_json":{"title":"Berem z Vidom 1 - trgovina Iskreni","description":"Berem z Vidom 1 je priro\u010dnik in delovni zvezek v enem, ki otroke spodbuja k u\u010dinkovitemu branju z vajami vidnega zaznavanja.","robots":{"index":"index","follow":"follow","max-snippet":"max-snippet:-1","max-image-preview":"max-image-preview:large","max-video-preview":"max-video-preview:-1"},"canonical":"https:\/\/www.iskreni.net\/trgovina\/product\/berem-z-vidom-1\/","og_locale":"sl_SI","og_type":"article","og_title":"Berem z Vidom 1","og_description":"Berem z Vidom 1 je priro\u010dnik in delovni zvezek v enem, ki otroke spodbuja k u\u010dinkovitemu branju z vajami vidnega zaznavanja.","og_url":"https:\/\/www.iskreni.net\/trgovina\/product\/berem-z-vidom-1\/","og_site_name":"Zavod Iskreni","article_modified_time":"2023-10-19T12:14:55+00:00","og_image":[{"width":1200,"height":674,"url":"https:\/\/www.iskreni.net\/trgovina\/wp-content\/uploads\/2022\/09\/Slike-za-spletno-SOCIAL-5.jpg","type":"image\/jpeg"}],"twitter_card":"summary_large_image","twitter_misc":{"Est. reading time":"2 minuti"},"schema":{"@context":"https:\/\/schema.org","@graph":[{"@type":"WebPage","@id":"https:\/\/www.iskreni.net\/trgovina\/product\/berem-z-vidom-1\/","url":"https:\/\/www.iskreni.net\/trgovina\/product\/berem-z-vidom-1\/","name":"Berem z Vidom 1 - trgovina Iskreni","isPartOf":{"@id":"https:\/\/www.iskreni.net\/trgovina\/#website"},"primaryImageOfPage":{"@id":"https:\/\/www.iskreni.net\/trgovina\/product\/berem-z-vidom-1\/#primaryimage"},"image":{"@id":"https:\/\/www.iskreni.net\/trgovina\/product\/berem-z-vidom-1\/#primaryimage"},"thumbnailUrl":"https:\/\/www.iskreni.net\/trgovina\/wp-content\/uploads\/2022\/09\/3-6.jpg","datePublished":"2022-09-07T12:22:41+00:00","dateModified":"2023-10-19T12:14:55+00:00","description":"Berem z Vidom 1 je priro\u010dnik in delovni zvezek v enem, ki otroke spodbuja k u\u010dinkovitemu branju z vajami vidnega zaznavanja.","breadcrumb":{"@id":"https:\/\/www.iskreni.net\/trgovina\/product\/berem-z-vidom-1\/#breadcrumb"},"inLanguage":"sl-SI","potentialAction":[{"@type":"ReadAction","target":["https:\/\/www.iskreni.net\/trgovina\/product\/berem-z-vidom-1\/"]}]},{"@type":"ImageObject","inLanguage":"sl-SI","@id":"https:\/\/www.iskreni.net\/trgovina\/product\/berem-z-vidom-1\/#primaryimage","url":"https:\/\/www.iskreni.net\/trgovina\/wp-content\/uploads\/2022\/09\/3-6.jpg","contentUrl":"https:\/\/www.iskreni.net\/trgovina\/wp-content\/uploads\/2022\/09\/3-6.jpg","width":600,"height":600},{"@type":"BreadcrumbList","@id":"https:\/\/www.iskreni.net\/trgovina\/product\/berem-z-vidom-1\/#breadcrumb","itemListElement":[{"@type":"ListItem","position":1,"name":"Home","item":"https:\/\/www.iskreni.net\/trgovina\/"},{"@type":"ListItem","position":2,"name":"Trgovina","item":"https:\/\/www.iskreni.net\/trgovina\/trgovina\/"},{"@type":"ListItem","position":3,"name":"Berem z Vidom 1"}]},{"@type":"WebSite","@id":"https:\/\/www.iskreni.net\/trgovina\/#website","url":"https:\/\/www.iskreni.net\/trgovina\/","name":"Zavod Iskreni","description":"trgovina","potentialAction":[{"@type":"SearchAction","target":{"@type":"EntryPoint","urlTemplate":"https:\/\/www.iskreni.net\/trgovina\/?s={search_term_string}"},"query-input":{"@type":"PropertyValueSpecification","valueRequired":true,"valueName":"search_term_string"}}],"inLanguage":"sl-SI"}]}},"_links":{"self":[{"href":"https:\/\/www.iskreni.net\/trgovina\/wp-json\/wp\/v2\/product\/58635","targetHints":{"allow":["GET"]}}],"collection":[{"href":"https:\/\/www.iskreni.net\/trgovina\/wp-json\/wp\/v2\/product"}],"about":[{"href":"https:\/\/www.iskreni.net\/trgovina\/wp-json\/wp\/v2\/types\/product"}],"replies":[{"embeddable":true,"href":"https:\/\/www.iskreni.net\/trgovina\/wp-json\/wp\/v2\/comments?post=58635"}],"version-history":[{"count":4,"href":"https:\/\/www.iskreni.net\/trgovina\/wp-json\/wp\/v2\/product\/58635\/revisions"}],"predecessor-version":[{"id":70101,"href":"https:\/\/www.iskreni.net\/trgovina\/wp-json\/wp\/v2\/product\/58635\/revisions\/70101"}],"wp:featuredmedia":[{"embeddable":true,"href":"https:\/\/www.iskreni.net\/trgovina\/wp-json\/wp\/v2\/media\/58637"}],"wp:attachment":[{"href":"https:\/\/www.iskreni.net\/trgovina\/wp-json\/wp\/v2\/media?parent=58635"}],"wp:term":[{"taxonomy":"product_brand","embeddable":true,"href":"https:\/\/www.iskreni.net\/trgovina\/wp-json\/wp\/v2\/product_brand?post=58635"},{"taxonomy":"product_cat","embeddable":true,"href":"https:\/\/www.iskreni.net\/trgovina\/wp-json\/wp\/v2\/product_cat?post=58635"},{"taxonomy":"product_tag","embeddable":true,"href":"https:\/\/www.iskreni.net\/trgovina\/wp-json\/wp\/v2\/product_tag?post=58635"},{"taxonomy":"avtor","embeddable":true,"href":"https:\/\/www.iskreni.net\/trgovina\/wp-json\/wp\/v2\/avtor?post=58635"},{"taxonomy":"zalozba","embeddable":true,"href":"https:\/\/www.iskreni.net\/trgovina\/wp-json\/wp\/v2\/zalozba?post=58635"},{"taxonomy":"vezava","embeddable":true,"href":"https:\/\/www.iskreni.net\/trgovina\/wp-json\/wp\/v2\/vezava?post=58635"}],"curies":[{"name":"wp","href":"https:\/\/api.w.org\/{rel}","templated":true}]}}