{"id":58629,"date":"2022-09-07T13:47:45","date_gmt":"2022-09-07T11:47:45","guid":{"rendered":"https:\/\/www.iskreni.net\/trgovina\/?post_type=product&#038;p=58629"},"modified":"2025-11-21T09:32:42","modified_gmt":"2025-11-21T08:32:42","slug":"miklavzeva-zlata-palica","status":"publish","type":"product","link":"https:\/\/www.iskreni.net\/trgovina\/product\/miklavzeva-zlata-palica\/","title":{"rendered":"Miklav\u017eeva zlata palica"},"content":{"rendered":"<h3>O knjigi <em>Miklav\u017eeva zlata palica<\/em><\/h3>\n<p>Zgled dobrote za vse \u010dase<\/p>\n<p><em>Avtorica ob toplih in barvitih ilustracijah v dramati\u010dni pripovedi spretno pove\u017ee dve zgodbi o svetem Miklav\u017eu kot velikem zgledu dobrote in zavetniku mornarjev. Najprej spomni na legendo o Miklav\u017eevi dobroti do treh revnih mladenk, nato pa<\/em><br \/>\n<em>\u0161e na manj znano legendo o Miklav\u017eevi pomo\u010di mornarjem.<\/em><\/p>\n<p>Sveti Miklav\u017e je bil dober mo\u017e in je velik svetnik. V neizmerni dobroti se je odpovedal svoji zlati palici in s tem priskrbel doto trem revnim mladenkam, da niso padle v sramoto, temve\u010d so se lahko poro\u010dile. Prisluhnil je tudi angelom varuhom, naj prisko\u010di na pomo\u010d mornarjem. Podal se je v neurje in jih re\u0161il pred brodolomom. Njegova dobrota se mu je povrnila: spet je dobil palico, s katero je lahko obiskal otroke in jih obdaril z Miklav\u017eevimi dobrotami. Sveti Miklav\u017e \u0161e danes spodbuja k dobrodelnosti in pom\u00f4\u010di bli\u017enjim.<\/p>\n<h4><a href=\"https:\/\/www.iskreni.net\/trgovina\/wp-content\/uploads\/2022\/09\/Devjak-Stanka-2022-Miklavzeva-zlata-palica_prelistaj-knjigo.pdf\">Prelistaj<\/a><\/h4>\n<h3><\/h3>\n","protected":false},"excerpt":{"rendered":"<p><strong>\u0160tevilo strani:<\/strong> 24<br \/>\n<strong>Leto izdaje:<\/strong> 2022<br \/>\n<strong>Format:<\/strong> 165 x 235 mm<\/p>\n<h4><a href=\"https:\/\/www.iskreni.net\/trgovina\/wp-content\/uploads\/2022\/09\/Devjak-Stanka-2022-Miklavzeva-zlata-palica_prelistaj-knjigo.pdf\">Prelistaj<\/a><\/h4>\n<h5><\/h5>\n","protected":false},"featured_media":58595,"comment_status":"open","ping_status":"closed","template":"","meta":[],"product_brand":[],"product_cat":[63,135],"product_tag":[1344,3227,1776,1619],"avtor":[2490],"zalozba":[2337],"vezava":[2307],"class_list":{"0":"post-58629","1":"product","2":"type-product","3":"status-publish","4":"has-post-thumbnail","6":"product_cat-knjige","7":"product_cat-za-otroke","8":"product_tag-advent-in-bozic","9":"product_tag-miklavz-2025","10":"product_tag-sveti-miklavz","11":"product_tag-svetniki","12":"avtor-stanka-devjak","13":"zalozba-celjska-mohorjeva-druzba","14":"vezava-mehka","16":"first","17":"instock","18":"taxable","19":"shipping-taxable","20":"purchasable","21":"product-type-simple"},"yoast_head":"<!-- This site is optimized with the Yoast SEO plugin v26.3 - https:\/\/yoast.com\/wordpress\/plugins\/seo\/ -->\n<title>Miklav\u017eeva zlata palica - trgovina Iskreni<\/title>\n<meta name=\"description\" content=\"Miklav\u017eeva zlata palica spretno pove\u017ee dve zgodbi o svetem Miklav\u017eu kot velikem zgledu dobrote in zavetniku mornarjev.\" \/>\n<meta name=\"robots\" content=\"index, follow, max-snippet:-1, max-image-preview:large, max-video-preview:-1\" \/>\n<link rel=\"canonical\" href=\"https:\/\/www.iskreni.net\/trgovina\/product\/miklavzeva-zlata-palica\/\" \/>\n<meta property=\"og:locale\" content=\"sl_SI\" \/>\n<meta property=\"og:type\" content=\"article\" \/>\n<meta property=\"og:title\" content=\"Miklav\u017eeva zlata palica\" \/>\n<meta property=\"og:description\" content=\"Miklav\u017eeva zlata palica spretno pove\u017ee dve zgodbi o svetem Miklav\u017eu kot velikem zgledu dobrote in zavetniku mornarjev.\" \/>\n<meta property=\"og:url\" content=\"https:\/\/www.iskreni.net\/trgovina\/product\/miklavzeva-zlata-palica\/\" \/>\n<meta property=\"og:site_name\" content=\"Zavod Iskreni\" \/>\n<meta property=\"article:modified_time\" content=\"2025-11-21T08:32:42+00:00\" \/>\n<meta property=\"og:image\" content=\"https:\/\/www.iskreni.net\/trgovina\/wp-content\/uploads\/2022\/09\/4-3.jpg\" \/>\n\t<meta property=\"og:image:width\" content=\"1200\" \/>\n\t<meta property=\"og:image:height\" content=\"674\" \/>\n\t<meta property=\"og:image:type\" content=\"image\/jpeg\" \/>\n<meta name=\"twitter:card\" content=\"summary_large_image\" \/>\n<meta name=\"twitter:label1\" content=\"Est. reading time\" \/>\n\t<meta name=\"twitter:data1\" content=\"1 minuta\" \/>\n<script type=\"application\/ld+json\" class=\"yoast-schema-graph\">{\"@context\":\"https:\/\/schema.org\",\"@graph\":[{\"@type\":\"WebPage\",\"@id\":\"https:\/\/www.iskreni.net\/trgovina\/product\/miklavzeva-zlata-palica\/\",\"url\":\"https:\/\/www.iskreni.net\/trgovina\/product\/miklavzeva-zlata-palica\/\",\"name\":\"Miklav\u017eeva zlata palica - trgovina Iskreni\",\"isPartOf\":{\"@id\":\"https:\/\/www.iskreni.net\/trgovina\/#website\"},\"primaryImageOfPage\":{\"@id\":\"https:\/\/www.iskreni.net\/trgovina\/product\/miklavzeva-zlata-palica\/#primaryimage\"},\"image\":{\"@id\":\"https:\/\/www.iskreni.net\/trgovina\/product\/miklavzeva-zlata-palica\/#primaryimage\"},\"thumbnailUrl\":\"https:\/\/www.iskreni.net\/trgovina\/wp-content\/uploads\/2022\/09\/4-2.jpg\",\"datePublished\":\"2022-09-07T11:47:45+00:00\",\"dateModified\":\"2025-11-21T08:32:42+00:00\",\"description\":\"Miklav\u017eeva zlata palica spretno pove\u017ee dve zgodbi o svetem Miklav\u017eu kot velikem zgledu dobrote in zavetniku mornarjev.\",\"breadcrumb\":{\"@id\":\"https:\/\/www.iskreni.net\/trgovina\/product\/miklavzeva-zlata-palica\/#breadcrumb\"},\"inLanguage\":\"sl-SI\",\"potentialAction\":[{\"@type\":\"ReadAction\",\"target\":[\"https:\/\/www.iskreni.net\/trgovina\/product\/miklavzeva-zlata-palica\/\"]}]},{\"@type\":\"ImageObject\",\"inLanguage\":\"sl-SI\",\"@id\":\"https:\/\/www.iskreni.net\/trgovina\/product\/miklavzeva-zlata-palica\/#primaryimage\",\"url\":\"https:\/\/www.iskreni.net\/trgovina\/wp-content\/uploads\/2022\/09\/4-2.jpg\",\"contentUrl\":\"https:\/\/www.iskreni.net\/trgovina\/wp-content\/uploads\/2022\/09\/4-2.jpg\",\"width\":600,\"height\":600},{\"@type\":\"BreadcrumbList\",\"@id\":\"https:\/\/www.iskreni.net\/trgovina\/product\/miklavzeva-zlata-palica\/#breadcrumb\",\"itemListElement\":[{\"@type\":\"ListItem\",\"position\":1,\"name\":\"Home\",\"item\":\"https:\/\/www.iskreni.net\/trgovina\/\"},{\"@type\":\"ListItem\",\"position\":2,\"name\":\"Trgovina\",\"item\":\"https:\/\/www.iskreni.net\/trgovina\/trgovina\/\"},{\"@type\":\"ListItem\",\"position\":3,\"name\":\"Miklav\u017eeva zlata palica\"}]},{\"@type\":\"WebSite\",\"@id\":\"https:\/\/www.iskreni.net\/trgovina\/#website\",\"url\":\"https:\/\/www.iskreni.net\/trgovina\/\",\"name\":\"Zavod Iskreni\",\"description\":\"trgovina\",\"potentialAction\":[{\"@type\":\"SearchAction\",\"target\":{\"@type\":\"EntryPoint\",\"urlTemplate\":\"https:\/\/www.iskreni.net\/trgovina\/?s={search_term_string}\"},\"query-input\":{\"@type\":\"PropertyValueSpecification\",\"valueRequired\":true,\"valueName\":\"search_term_string\"}}],\"inLanguage\":\"sl-SI\"}]}<\/script>\n<!-- \/ Yoast SEO plugin. -->","yoast_head_json":{"title":"Miklav\u017eeva zlata palica - trgovina Iskreni","description":"Miklav\u017eeva zlata palica spretno pove\u017ee dve zgodbi o svetem Miklav\u017eu kot velikem zgledu dobrote in zavetniku mornarjev.","robots":{"index":"index","follow":"follow","max-snippet":"max-snippet:-1","max-image-preview":"max-image-preview:large","max-video-preview":"max-video-preview:-1"},"canonical":"https:\/\/www.iskreni.net\/trgovina\/product\/miklavzeva-zlata-palica\/","og_locale":"sl_SI","og_type":"article","og_title":"Miklav\u017eeva zlata palica","og_description":"Miklav\u017eeva zlata palica spretno pove\u017ee dve zgodbi o svetem Miklav\u017eu kot velikem zgledu dobrote in zavetniku mornarjev.","og_url":"https:\/\/www.iskreni.net\/trgovina\/product\/miklavzeva-zlata-palica\/","og_site_name":"Zavod Iskreni","article_modified_time":"2025-11-21T08:32:42+00:00","og_image":[{"width":1200,"height":674,"url":"https:\/\/www.iskreni.net\/trgovina\/wp-content\/uploads\/2022\/09\/4-3.jpg","type":"image\/jpeg"}],"twitter_card":"summary_large_image","twitter_misc":{"Est. reading time":"1 minuta"},"schema":{"@context":"https:\/\/schema.org","@graph":[{"@type":"WebPage","@id":"https:\/\/www.iskreni.net\/trgovina\/product\/miklavzeva-zlata-palica\/","url":"https:\/\/www.iskreni.net\/trgovina\/product\/miklavzeva-zlata-palica\/","name":"Miklav\u017eeva zlata palica - trgovina Iskreni","isPartOf":{"@id":"https:\/\/www.iskreni.net\/trgovina\/#website"},"primaryImageOfPage":{"@id":"https:\/\/www.iskreni.net\/trgovina\/product\/miklavzeva-zlata-palica\/#primaryimage"},"image":{"@id":"https:\/\/www.iskreni.net\/trgovina\/product\/miklavzeva-zlata-palica\/#primaryimage"},"thumbnailUrl":"https:\/\/www.iskreni.net\/trgovina\/wp-content\/uploads\/2022\/09\/4-2.jpg","datePublished":"2022-09-07T11:47:45+00:00","dateModified":"2025-11-21T08:32:42+00:00","description":"Miklav\u017eeva zlata palica spretno pove\u017ee dve zgodbi o svetem Miklav\u017eu kot velikem zgledu dobrote in zavetniku mornarjev.","breadcrumb":{"@id":"https:\/\/www.iskreni.net\/trgovina\/product\/miklavzeva-zlata-palica\/#breadcrumb"},"inLanguage":"sl-SI","potentialAction":[{"@type":"ReadAction","target":["https:\/\/www.iskreni.net\/trgovina\/product\/miklavzeva-zlata-palica\/"]}]},{"@type":"ImageObject","inLanguage":"sl-SI","@id":"https:\/\/www.iskreni.net\/trgovina\/product\/miklavzeva-zlata-palica\/#primaryimage","url":"https:\/\/www.iskreni.net\/trgovina\/wp-content\/uploads\/2022\/09\/4-2.jpg","contentUrl":"https:\/\/www.iskreni.net\/trgovina\/wp-content\/uploads\/2022\/09\/4-2.jpg","width":600,"height":600},{"@type":"BreadcrumbList","@id":"https:\/\/www.iskreni.net\/trgovina\/product\/miklavzeva-zlata-palica\/#breadcrumb","itemListElement":[{"@type":"ListItem","position":1,"name":"Home","item":"https:\/\/www.iskreni.net\/trgovina\/"},{"@type":"ListItem","position":2,"name":"Trgovina","item":"https:\/\/www.iskreni.net\/trgovina\/trgovina\/"},{"@type":"ListItem","position":3,"name":"Miklav\u017eeva zlata palica"}]},{"@type":"WebSite","@id":"https:\/\/www.iskreni.net\/trgovina\/#website","url":"https:\/\/www.iskreni.net\/trgovina\/","name":"Zavod Iskreni","description":"trgovina","potentialAction":[{"@type":"SearchAction","target":{"@type":"EntryPoint","urlTemplate":"https:\/\/www.iskreni.net\/trgovina\/?s={search_term_string}"},"query-input":{"@type":"PropertyValueSpecification","valueRequired":true,"valueName":"search_term_string"}}],"inLanguage":"sl-SI"}]}},"_links":{"self":[{"href":"https:\/\/www.iskreni.net\/trgovina\/wp-json\/wp\/v2\/product\/58629","targetHints":{"allow":["GET"]}}],"collection":[{"href":"https:\/\/www.iskreni.net\/trgovina\/wp-json\/wp\/v2\/product"}],"about":[{"href":"https:\/\/www.iskreni.net\/trgovina\/wp-json\/wp\/v2\/types\/product"}],"replies":[{"embeddable":true,"href":"https:\/\/www.iskreni.net\/trgovina\/wp-json\/wp\/v2\/comments?post=58629"}],"version-history":[{"count":4,"href":"https:\/\/www.iskreni.net\/trgovina\/wp-json\/wp\/v2\/product\/58629\/revisions"}],"predecessor-version":[{"id":70100,"href":"https:\/\/www.iskreni.net\/trgovina\/wp-json\/wp\/v2\/product\/58629\/revisions\/70100"}],"wp:featuredmedia":[{"embeddable":true,"href":"https:\/\/www.iskreni.net\/trgovina\/wp-json\/wp\/v2\/media\/58595"}],"wp:attachment":[{"href":"https:\/\/www.iskreni.net\/trgovina\/wp-json\/wp\/v2\/media?parent=58629"}],"wp:term":[{"taxonomy":"product_brand","embeddable":true,"href":"https:\/\/www.iskreni.net\/trgovina\/wp-json\/wp\/v2\/product_brand?post=58629"},{"taxonomy":"product_cat","embeddable":true,"href":"https:\/\/www.iskreni.net\/trgovina\/wp-json\/wp\/v2\/product_cat?post=58629"},{"taxonomy":"product_tag","embeddable":true,"href":"https:\/\/www.iskreni.net\/trgovina\/wp-json\/wp\/v2\/product_tag?post=58629"},{"taxonomy":"avtor","embeddable":true,"href":"https:\/\/www.iskreni.net\/trgovina\/wp-json\/wp\/v2\/avtor?post=58629"},{"taxonomy":"zalozba","embeddable":true,"href":"https:\/\/www.iskreni.net\/trgovina\/wp-json\/wp\/v2\/zalozba?post=58629"},{"taxonomy":"vezava","embeddable":true,"href":"https:\/\/www.iskreni.net\/trgovina\/wp-json\/wp\/v2\/vezava?post=58629"}],"curies":[{"name":"wp","href":"https:\/\/api.w.org\/{rel}","templated":true}]}}