{"id":58612,"date":"2022-09-07T11:23:11","date_gmt":"2022-09-07T09:23:11","guid":{"rendered":"https:\/\/www.iskreni.net\/trgovina\/?post_type=product&#038;p=58612"},"modified":"2023-10-19T13:49:44","modified_gmt":"2023-10-19T11:49:44","slug":"cesta-do-proge","status":"publish","type":"product","link":"https:\/\/www.iskreni.net\/trgovina\/product\/cesta-do-proge\/","title":{"rendered":"Cesta do proge"},"content":{"rendered":"<h3>O knjigi <em>Cesta do proge<\/em><\/h3>\n<p>Po istih cestah hodimo skupaj, a je vsak zase sam<\/p>\n<p><em>Tri \u017eenske, tri usode. Tri \u017eivljenjske zgodbe iz mesta ob cesti, ki vodi do \u017eelezni\u0161ke proge, rahlo zadenejo druga ob drugo. Marina, Katja in Veronika se morajo vsaka zase v Ibsnovi maniri soo\u010diti z usodnim dogodkom iz svoje preteklosti. V inventuri svojih frustriranih in zapletenih \u017eivljenj se spopadajo s travmati\u010dni vojnimi izku\u0161njami, odsotnimi o\u010detovskimi figurami in fatalnimi materami. Pritegnejo s svojo danes vse pomembnej\u0161o problematiko staranja in osamljenosti ter analizo odnosov med \u017eensko in mo\u0161kim. Vanje je vsajen globok humanizem. Nekoliko pozen, a vsekakor uspe\u0161en literarni debi dramske igralke Brede Pugelj.\u00a0<\/em>(Tone Partlji\u010d)<\/p>\n<p>Vse se za\u010dne s prepirom v avtori\u010dini glavi. Tam se rodijo tri \u017eenske, preproste in vsakdanje, pa vendar tako zapletene in ujete v mre\u017ee svojih usodnih dogodkov iz preteklosti. Marina, zdravnikova h\u010di, je bila plesalka, ki se je odlikovala kot partizanska bolni\u010darka. Po vojni je bila vzorna mama samohranilka, vse do nekega nerazumljivega trenutka, ko se je popolnoma spremenila. Otroka je poslala v rejo k sestri, se zaprla med \u0161tiri stene in s kupovanjem velikih koli\u010din alkohola spodbujala ne prav laskave govorice. Ko se veliko pozneje na njenih vratih prika\u017ee odrasel sin s svojo partnerko, je kon\u010dno \u010das za odkrite karte.<br \/>\nTudi u\u010diteljica Katja je po invalidski upokojitvi svojo bole\u010dino zaprla med \u0161tiri stene. Ko je nepojasnjeno in nenadoma umrla njuna dojen\u010dica, sta z mo\u017eem vsak zase in vsak po svoje pestovala bole\u010dino. Ko nekega dne na njuna vrata potrka mlado dekle z otrokom v naro\u010dju, vanjo zreta dva odtujena sostanovalca brez vsake iskre \u017eivljenja. Bo otro\u010di\u010dek, ki kljub njunemu odporu za ve\u010d dni ostane v njunem varstvu, zmogel razbiti led v njunih du\u0161ah ter ozdraviti bole\u010dino, ki se je za\u017erla vanju?<br \/>\nVeronika je ostarela knji\u017eni\u010darka z odtujenim sinom edincem, ki \u017eivi na drugem koncu sveta. Ob napredovali Parkinsonovi bolezni jo ujamemo med natan\u010dnimi pripravami na zadnji dan njenega \u017eivljenja. Kako se bo kon\u010dala njena zadnja pot do proge?<br \/>\nV zgodbah treh \u017eensk avtorica naniza celo vrsto motivov, ki nam vedno znova globoko zare\u017eejo v \u017eivljenje, pa se o njih tako redko pogovarjamo. Zdaj je prilo\u017enost \u2026<\/p>\n<h4><a href=\"https:\/\/www.iskreni.net\/trgovina\/wp-content\/uploads\/2022\/09\/Pugelj-Breda-2022-Cesta-do-proge-prelistaj-knjigo.pdf\">Prelistaj<\/a><\/h4>\n<p>&nbsp;<\/p>\n<h3>Odlomek iz knjige:<\/h3>\n<p>Marina za trenutek mol\u010di, potem se zasmeje. Sprva tiho, skoraj hlipaje, potem vedno glasneje. Ne more se ve\u010d ustaviti.<br \/>\nVsi trije strmijo vanjo. Ne razumejo. Njen smeh jih bega. Prva se spet znajde Barba. \u00bbZakaj je to tako sme\u0161no? Saj ni ne prvi ne zadnji.\u00ab<br \/>\nMarinin smeh pojenjuje. Potem tiho, po\u010dasi, skoraj zlog za zlogom re\u010de: \u00bbMoj otrok ho\u010de v Nem\u010dijo! In vse se je zgodilo samo zato, da moj otrok ne bi \u0161el \u2026\u00ab Spet se tiho zasmeje. Kratko, bridko. Potem dolgo, zelo dolgo spet nih\u010de ne re\u010de ni\u010d. Mrak se gosti. Lojz ves \u010das mol\u010di. Zaveda se, da k temu dru\u017einskemu obra\u010dunu ne spada, in nekako \u010duti, da bi moral Marini stati ob strani. Ampak zdaj \u2026 zdaj ne more ve\u010d \u2026 No\u010de ve\u010d sli\u0161ati tistega, kar bo sledilo. Zravna se na stolu in tiho re\u010de: \u00bbMarina, jaz bi zdaj \u0161el. Jutri \u2026 zaradi hi\u0161e \u2026 se bom oglasil.\u00ab Vstane.<br \/>\nMarina ga pogleda: \u00bbProsim, Lojz, ostani!\u00ab\u00bbPoglej, Marina, to so vajini problemi. Najino staro tovari\u0161tvo sodi v neko drugo poglavje.\u00ab<br \/>\nMarina ga s komaj opaznim nasmehom prekine: \u00bbProsim te, Lojz, sedi spet. Ne bo dolgo trajalo. Moj prijatelj si, rekla bi, da edini. In glede hi\u0161e \u2026 Ko jo boste podrli, bo tako vse pri\u0161lo na dan.\u00ab<br \/>\nLojz za\u010duti, kako stiska v njem nara\u0161\u010da, a kljub temu sede. Tudi v Matja\u017eu se nemir stopnjuje: \u00bbO \u010dem pa pravzaprav govori\u0161?\u00ab<br \/>\n\u00bbO \u010dem govorim?\u00ab Marina se be\u017eno nasmehne. Njen glas je miren, brez napetosti ali zadrege, kot da ji je v olaj\u0161anje, ker je kon\u010dno pri\u0161el trenutek, za katerega je vedela, da bo neko\u010d moral priti. \u00bbO tem, da ti tvoj o\u010de v Nem\u010diji ne bo pomagal.\u00ab<br \/>\n\u00bbIn zakaj ne? Saj ne more\u0161 vedeti \u2026\u00ab<br \/>\n\u00bbVem. Ker ga ni tam.\u00ab<br \/>\n\u00bbTorej ve\u0161, kje je?\u00ab<br \/>\nMarina povsem mirno odgovori: \u00bbTukaj.\u00ab<br \/>\n(Stran 81)<\/p>\n<p>&nbsp;<\/p>\n","protected":false},"excerpt":{"rendered":"<p><strong>\u0160tevilo strani:<\/strong> 304<br \/>\n<strong>Leto izdaje:<\/strong> 2022<br \/>\n<strong>Format:<\/strong> 135 x 210 mm<\/p>\n<h5><a href=\"https:\/\/www.iskreni.net\/trgovina\/wp-content\/uploads\/2022\/09\/Pugelj-Breda-2022-Cesta-do-proge-prelistaj-knjigo.pdf\">Prelistaj<\/a><\/h5>\n<h5><\/h5>\n","protected":false},"featured_media":58600,"comment_status":"open","ping_status":"closed","template":"","meta":[],"product_brand":[],"product_cat":[2325,63],"product_tag":[734],"avtor":[2488],"zalozba":[2337],"vezava":[2306],"class_list":{"0":"post-58612","1":"product","2":"type-product","3":"status-publish","4":"has-post-thumbnail","6":"product_cat-leposlovje","7":"product_cat-knjige","8":"product_tag-roman","9":"avtor-breda-pugelj","10":"zalozba-celjska-mohorjeva-druzba","11":"vezava-trda","13":"first","14":"instock","15":"taxable","16":"shipping-taxable","17":"purchasable","18":"product-type-simple"},"yoast_head":"<!-- This site is optimized with the Yoast SEO plugin v26.3 - https:\/\/yoast.com\/wordpress\/plugins\/seo\/ -->\n<title>Cesta do proge - trgovina Iskreni<\/title>\n<meta name=\"description\" content=\"Cesta do proge prika\u017ee \u017eivljenjske zgodbe treh \u017eensk, ki ob cesti, ki vodi do \u017eelezni\u0161ke proge, rahlo zadenejo ena ob drugo.\" \/>\n<meta name=\"robots\" content=\"index, follow, max-snippet:-1, max-image-preview:large, max-video-preview:-1\" \/>\n<link rel=\"canonical\" href=\"https:\/\/www.iskreni.net\/trgovina\/product\/cesta-do-proge\/\" \/>\n<meta property=\"og:locale\" content=\"sl_SI\" \/>\n<meta property=\"og:type\" content=\"article\" \/>\n<meta property=\"og:title\" content=\"Cesta do proge\" \/>\n<meta property=\"og:description\" content=\"Cesta do proge prika\u017ee \u017eivljenjske zgodbe treh \u017eensk, ki ob cesti, ki vodi do \u017eelezni\u0161ke proge, rahlo zadenejo ena ob drugo.\" \/>\n<meta property=\"og:url\" content=\"https:\/\/www.iskreni.net\/trgovina\/product\/cesta-do-proge\/\" \/>\n<meta property=\"og:site_name\" content=\"Zavod Iskreni\" \/>\n<meta property=\"article:modified_time\" content=\"2023-10-19T11:49:44+00:00\" \/>\n<meta property=\"og:image\" content=\"https:\/\/www.iskreni.net\/trgovina\/wp-content\/uploads\/2022\/09\/2-5.jpg\" \/>\n\t<meta property=\"og:image:width\" content=\"1200\" \/>\n\t<meta property=\"og:image:height\" content=\"674\" \/>\n\t<meta property=\"og:image:type\" content=\"image\/jpeg\" \/>\n<meta name=\"twitter:card\" content=\"summary_large_image\" \/>\n<meta name=\"twitter:label1\" content=\"Est. reading time\" \/>\n\t<meta name=\"twitter:data1\" content=\"4 minute\" \/>\n<script type=\"application\/ld+json\" class=\"yoast-schema-graph\">{\"@context\":\"https:\/\/schema.org\",\"@graph\":[{\"@type\":\"WebPage\",\"@id\":\"https:\/\/www.iskreni.net\/trgovina\/product\/cesta-do-proge\/\",\"url\":\"https:\/\/www.iskreni.net\/trgovina\/product\/cesta-do-proge\/\",\"name\":\"Cesta do proge - trgovina Iskreni\",\"isPartOf\":{\"@id\":\"https:\/\/www.iskreni.net\/trgovina\/#website\"},\"primaryImageOfPage\":{\"@id\":\"https:\/\/www.iskreni.net\/trgovina\/product\/cesta-do-proge\/#primaryimage\"},\"image\":{\"@id\":\"https:\/\/www.iskreni.net\/trgovina\/product\/cesta-do-proge\/#primaryimage\"},\"thumbnailUrl\":\"https:\/\/www.iskreni.net\/trgovina\/wp-content\/uploads\/2022\/09\/9.jpg\",\"datePublished\":\"2022-09-07T09:23:11+00:00\",\"dateModified\":\"2023-10-19T11:49:44+00:00\",\"description\":\"Cesta do proge prika\u017ee \u017eivljenjske zgodbe treh \u017eensk, ki ob cesti, ki vodi do \u017eelezni\u0161ke proge, rahlo zadenejo ena ob drugo.\",\"breadcrumb\":{\"@id\":\"https:\/\/www.iskreni.net\/trgovina\/product\/cesta-do-proge\/#breadcrumb\"},\"inLanguage\":\"sl-SI\",\"potentialAction\":[{\"@type\":\"ReadAction\",\"target\":[\"https:\/\/www.iskreni.net\/trgovina\/product\/cesta-do-proge\/\"]}]},{\"@type\":\"ImageObject\",\"inLanguage\":\"sl-SI\",\"@id\":\"https:\/\/www.iskreni.net\/trgovina\/product\/cesta-do-proge\/#primaryimage\",\"url\":\"https:\/\/www.iskreni.net\/trgovina\/wp-content\/uploads\/2022\/09\/9.jpg\",\"contentUrl\":\"https:\/\/www.iskreni.net\/trgovina\/wp-content\/uploads\/2022\/09\/9.jpg\",\"width\":600,\"height\":600},{\"@type\":\"BreadcrumbList\",\"@id\":\"https:\/\/www.iskreni.net\/trgovina\/product\/cesta-do-proge\/#breadcrumb\",\"itemListElement\":[{\"@type\":\"ListItem\",\"position\":1,\"name\":\"Home\",\"item\":\"https:\/\/www.iskreni.net\/trgovina\/\"},{\"@type\":\"ListItem\",\"position\":2,\"name\":\"Trgovina\",\"item\":\"https:\/\/www.iskreni.net\/trgovina\/trgovina\/\"},{\"@type\":\"ListItem\",\"position\":3,\"name\":\"Cesta do proge\"}]},{\"@type\":\"WebSite\",\"@id\":\"https:\/\/www.iskreni.net\/trgovina\/#website\",\"url\":\"https:\/\/www.iskreni.net\/trgovina\/\",\"name\":\"Zavod Iskreni\",\"description\":\"trgovina\",\"potentialAction\":[{\"@type\":\"SearchAction\",\"target\":{\"@type\":\"EntryPoint\",\"urlTemplate\":\"https:\/\/www.iskreni.net\/trgovina\/?s={search_term_string}\"},\"query-input\":{\"@type\":\"PropertyValueSpecification\",\"valueRequired\":true,\"valueName\":\"search_term_string\"}}],\"inLanguage\":\"sl-SI\"}]}<\/script>\n<!-- \/ Yoast SEO plugin. -->","yoast_head_json":{"title":"Cesta do proge - trgovina Iskreni","description":"Cesta do proge prika\u017ee \u017eivljenjske zgodbe treh \u017eensk, ki ob cesti, ki vodi do \u017eelezni\u0161ke proge, rahlo zadenejo ena ob drugo.","robots":{"index":"index","follow":"follow","max-snippet":"max-snippet:-1","max-image-preview":"max-image-preview:large","max-video-preview":"max-video-preview:-1"},"canonical":"https:\/\/www.iskreni.net\/trgovina\/product\/cesta-do-proge\/","og_locale":"sl_SI","og_type":"article","og_title":"Cesta do proge","og_description":"Cesta do proge prika\u017ee \u017eivljenjske zgodbe treh \u017eensk, ki ob cesti, ki vodi do \u017eelezni\u0161ke proge, rahlo zadenejo ena ob drugo.","og_url":"https:\/\/www.iskreni.net\/trgovina\/product\/cesta-do-proge\/","og_site_name":"Zavod Iskreni","article_modified_time":"2023-10-19T11:49:44+00:00","og_image":[{"width":1200,"height":674,"url":"https:\/\/www.iskreni.net\/trgovina\/wp-content\/uploads\/2022\/09\/2-5.jpg","type":"image\/jpeg"}],"twitter_card":"summary_large_image","twitter_misc":{"Est. reading time":"4 minute"},"schema":{"@context":"https:\/\/schema.org","@graph":[{"@type":"WebPage","@id":"https:\/\/www.iskreni.net\/trgovina\/product\/cesta-do-proge\/","url":"https:\/\/www.iskreni.net\/trgovina\/product\/cesta-do-proge\/","name":"Cesta do proge - trgovina Iskreni","isPartOf":{"@id":"https:\/\/www.iskreni.net\/trgovina\/#website"},"primaryImageOfPage":{"@id":"https:\/\/www.iskreni.net\/trgovina\/product\/cesta-do-proge\/#primaryimage"},"image":{"@id":"https:\/\/www.iskreni.net\/trgovina\/product\/cesta-do-proge\/#primaryimage"},"thumbnailUrl":"https:\/\/www.iskreni.net\/trgovina\/wp-content\/uploads\/2022\/09\/9.jpg","datePublished":"2022-09-07T09:23:11+00:00","dateModified":"2023-10-19T11:49:44+00:00","description":"Cesta do proge prika\u017ee \u017eivljenjske zgodbe treh \u017eensk, ki ob cesti, ki vodi do \u017eelezni\u0161ke proge, rahlo zadenejo ena ob drugo.","breadcrumb":{"@id":"https:\/\/www.iskreni.net\/trgovina\/product\/cesta-do-proge\/#breadcrumb"},"inLanguage":"sl-SI","potentialAction":[{"@type":"ReadAction","target":["https:\/\/www.iskreni.net\/trgovina\/product\/cesta-do-proge\/"]}]},{"@type":"ImageObject","inLanguage":"sl-SI","@id":"https:\/\/www.iskreni.net\/trgovina\/product\/cesta-do-proge\/#primaryimage","url":"https:\/\/www.iskreni.net\/trgovina\/wp-content\/uploads\/2022\/09\/9.jpg","contentUrl":"https:\/\/www.iskreni.net\/trgovina\/wp-content\/uploads\/2022\/09\/9.jpg","width":600,"height":600},{"@type":"BreadcrumbList","@id":"https:\/\/www.iskreni.net\/trgovina\/product\/cesta-do-proge\/#breadcrumb","itemListElement":[{"@type":"ListItem","position":1,"name":"Home","item":"https:\/\/www.iskreni.net\/trgovina\/"},{"@type":"ListItem","position":2,"name":"Trgovina","item":"https:\/\/www.iskreni.net\/trgovina\/trgovina\/"},{"@type":"ListItem","position":3,"name":"Cesta do proge"}]},{"@type":"WebSite","@id":"https:\/\/www.iskreni.net\/trgovina\/#website","url":"https:\/\/www.iskreni.net\/trgovina\/","name":"Zavod Iskreni","description":"trgovina","potentialAction":[{"@type":"SearchAction","target":{"@type":"EntryPoint","urlTemplate":"https:\/\/www.iskreni.net\/trgovina\/?s={search_term_string}"},"query-input":{"@type":"PropertyValueSpecification","valueRequired":true,"valueName":"search_term_string"}}],"inLanguage":"sl-SI"}]}},"_links":{"self":[{"href":"https:\/\/www.iskreni.net\/trgovina\/wp-json\/wp\/v2\/product\/58612","targetHints":{"allow":["GET"]}}],"collection":[{"href":"https:\/\/www.iskreni.net\/trgovina\/wp-json\/wp\/v2\/product"}],"about":[{"href":"https:\/\/www.iskreni.net\/trgovina\/wp-json\/wp\/v2\/types\/product"}],"replies":[{"embeddable":true,"href":"https:\/\/www.iskreni.net\/trgovina\/wp-json\/wp\/v2\/comments?post=58612"}],"version-history":[{"count":6,"href":"https:\/\/www.iskreni.net\/trgovina\/wp-json\/wp\/v2\/product\/58612\/revisions"}],"predecessor-version":[{"id":70098,"href":"https:\/\/www.iskreni.net\/trgovina\/wp-json\/wp\/v2\/product\/58612\/revisions\/70098"}],"wp:featuredmedia":[{"embeddable":true,"href":"https:\/\/www.iskreni.net\/trgovina\/wp-json\/wp\/v2\/media\/58600"}],"wp:attachment":[{"href":"https:\/\/www.iskreni.net\/trgovina\/wp-json\/wp\/v2\/media?parent=58612"}],"wp:term":[{"taxonomy":"product_brand","embeddable":true,"href":"https:\/\/www.iskreni.net\/trgovina\/wp-json\/wp\/v2\/product_brand?post=58612"},{"taxonomy":"product_cat","embeddable":true,"href":"https:\/\/www.iskreni.net\/trgovina\/wp-json\/wp\/v2\/product_cat?post=58612"},{"taxonomy":"product_tag","embeddable":true,"href":"https:\/\/www.iskreni.net\/trgovina\/wp-json\/wp\/v2\/product_tag?post=58612"},{"taxonomy":"avtor","embeddable":true,"href":"https:\/\/www.iskreni.net\/trgovina\/wp-json\/wp\/v2\/avtor?post=58612"},{"taxonomy":"zalozba","embeddable":true,"href":"https:\/\/www.iskreni.net\/trgovina\/wp-json\/wp\/v2\/zalozba?post=58612"},{"taxonomy":"vezava","embeddable":true,"href":"https:\/\/www.iskreni.net\/trgovina\/wp-json\/wp\/v2\/vezava?post=58612"}],"curies":[{"name":"wp","href":"https:\/\/api.w.org\/{rel}","templated":true}]}}