{"id":58590,"date":"2022-09-07T11:22:19","date_gmt":"2022-09-07T09:22:19","guid":{"rendered":"https:\/\/www.iskreni.net\/trgovina\/?post_type=product&#038;p=58590"},"modified":"2023-10-20T14:12:18","modified_gmt":"2023-10-20T12:12:18","slug":"skrivnost-mojega-sina","status":"publish","type":"product","link":"https:\/\/www.iskreni.net\/trgovina\/product\/skrivnost-mojega-sina\/","title":{"rendered":"Skrivnost mojega sina"},"content":{"rendered":"<h4>O knjigi <em>Skrivnost mojega sina<\/em>:<\/h4>\n<p>Carlo Acutis je petnajstletnik, ki je leta 2006 umrl za levkemijo, nato pa je Cerkev zanj spro\u017eila postopek kanonizacije. Za bla\u017eenega je bil razgla\u0161en leta 2020, ko je pape\u017e Fran\u010di\u0161ek priznal \u010dude\u017eno ozdravitev na njegovo pripro\u0161njo. O prvem milenijskem svetni\u0161kem kandidatu so pisali \u017ee mnogi, tokrat pa nam o njegovem \u017eivljenju spregovori oseba, ki ga je poznala najbolje: njegova mati. Antonia Salzano Acutis se je zahvaljujo\u010d Carlu ponovno zbli\u017eala z vero in se celo vpisala na \u0161tudij teologije. V ganljivi in navdihujo\u010di prvoosebni pripovedi se bole\u010dina ob izgubi sina prepleta s hvale\u017enostjo, upanjem in novo vero v ve\u010dno \u017eivljenje.<\/p>\n<p>Antonia Salzano Acutis je mati bla\u017eenega Carla Acutisa. Knjigo o svojem sinu je napisala v sodelovanju s Paolom Rodarijem, vatikanistom in novinarjem \u010dasopisa la Repubblica.<\/p>\n<p><a href=\"https:\/\/www.iskreni.net\/trgovina\/wp-content\/uploads\/2023\/10\/Skrivnost-mojega-sina_internet.pdf\">Prelistajte knjigo<\/a><\/p>\n","protected":false},"excerpt":{"rendered":"<p><strong>Avtor prevoda:<\/strong> Andrej Turk<br \/>\n<strong>Leto izdaje:<\/strong> 2022<br \/>\n<strong>\u0160tevilo strani:<\/strong> 248<br \/>\n<strong>Mere:<\/strong> 140 x 210 mm<\/p>\n<h4><strong>Prvi svetni\u0161ki kandidat milenijske generacije!<\/strong><\/h4>\n<p><a href=\"https:\/\/www.iskreni.net\/trgovina\/wp-content\/uploads\/2023\/10\/Skrivnost-mojega-sina_internet.pdf\">Prelistajte knjigo<\/a><\/p>\n<p>&nbsp;<\/p>\n","protected":false},"featured_media":58602,"comment_status":"open","ping_status":"closed","template":"","meta":[],"product_brand":[],"product_cat":[2324,63],"product_tag":[1318,1619],"avtor":[2553,2554],"zalozba":[2311],"vezava":[2307],"class_list":{"0":"post-58590","1":"product","2":"type-product","3":"status-publish","4":"has-post-thumbnail","6":"product_cat-duhovnost-in-osebna-rast","7":"product_cat-knjige","8":"product_tag-birma","9":"product_tag-svetniki","10":"avtor-antonia-salzano-acutis","11":"avtor-paolo-rodari","12":"zalozba-druzina","13":"vezava-mehka","15":"first","16":"instock","17":"taxable","18":"shipping-taxable","19":"purchasable","20":"product-type-simple"},"yoast_head":"<!-- This site is optimized with the Yoast SEO plugin v26.3 - https:\/\/yoast.com\/wordpress\/plugins\/seo\/ -->\n<title>Skrivnost mojega sina - trgovina Iskreni<\/title>\n<meta name=\"description\" content=\"Skrivnost mojega sina je navdihujo\u010de pri\u010devanje matere bla\u017eenega Carla Acutisa, prvega svetni\u0161kega kandidata milenijske generacije.\" \/>\n<meta name=\"robots\" content=\"index, follow, max-snippet:-1, max-image-preview:large, max-video-preview:-1\" \/>\n<link rel=\"canonical\" href=\"https:\/\/www.iskreni.net\/trgovina\/product\/skrivnost-mojega-sina\/\" \/>\n<meta property=\"og:locale\" content=\"sl_SI\" \/>\n<meta property=\"og:type\" content=\"article\" \/>\n<meta property=\"og:title\" content=\"Skrivnost mojega sina\" \/>\n<meta property=\"og:description\" content=\"Skrivnost mojega sina je navdihujo\u010de pri\u010devanje matere bla\u017eenega Carla Acutisa, prvega svetni\u0161kega kandidata milenijske generacije.\" \/>\n<meta property=\"og:url\" content=\"https:\/\/www.iskreni.net\/trgovina\/product\/skrivnost-mojega-sina\/\" \/>\n<meta property=\"og:site_name\" content=\"Zavod Iskreni\" \/>\n<meta property=\"article:modified_time\" content=\"2023-10-20T12:12:18+00:00\" \/>\n<meta property=\"og:image\" content=\"https:\/\/www.iskreni.net\/trgovina\/wp-content\/uploads\/2022\/09\/5-1.jpg\" \/>\n\t<meta property=\"og:image:width\" content=\"1200\" \/>\n\t<meta property=\"og:image:height\" content=\"674\" \/>\n\t<meta property=\"og:image:type\" content=\"image\/jpeg\" \/>\n<meta name=\"twitter:card\" content=\"summary_large_image\" \/>\n<meta name=\"twitter:label1\" content=\"Est. reading time\" \/>\n\t<meta name=\"twitter:data1\" content=\"1 minuta\" \/>\n<script type=\"application\/ld+json\" class=\"yoast-schema-graph\">{\"@context\":\"https:\/\/schema.org\",\"@graph\":[{\"@type\":\"WebPage\",\"@id\":\"https:\/\/www.iskreni.net\/trgovina\/product\/skrivnost-mojega-sina\/\",\"url\":\"https:\/\/www.iskreni.net\/trgovina\/product\/skrivnost-mojega-sina\/\",\"name\":\"Skrivnost mojega sina - trgovina Iskreni\",\"isPartOf\":{\"@id\":\"https:\/\/www.iskreni.net\/trgovina\/#website\"},\"primaryImageOfPage\":{\"@id\":\"https:\/\/www.iskreni.net\/trgovina\/product\/skrivnost-mojega-sina\/#primaryimage\"},\"image\":{\"@id\":\"https:\/\/www.iskreni.net\/trgovina\/product\/skrivnost-mojega-sina\/#primaryimage\"},\"thumbnailUrl\":\"https:\/\/www.iskreni.net\/trgovina\/wp-content\/uploads\/2022\/09\/11.jpg\",\"datePublished\":\"2022-09-07T09:22:19+00:00\",\"dateModified\":\"2023-10-20T12:12:18+00:00\",\"description\":\"Skrivnost mojega sina je navdihujo\u010de pri\u010devanje matere bla\u017eenega Carla Acutisa, prvega svetni\u0161kega kandidata milenijske generacije.\",\"breadcrumb\":{\"@id\":\"https:\/\/www.iskreni.net\/trgovina\/product\/skrivnost-mojega-sina\/#breadcrumb\"},\"inLanguage\":\"sl-SI\",\"potentialAction\":[{\"@type\":\"ReadAction\",\"target\":[\"https:\/\/www.iskreni.net\/trgovina\/product\/skrivnost-mojega-sina\/\"]}]},{\"@type\":\"ImageObject\",\"inLanguage\":\"sl-SI\",\"@id\":\"https:\/\/www.iskreni.net\/trgovina\/product\/skrivnost-mojega-sina\/#primaryimage\",\"url\":\"https:\/\/www.iskreni.net\/trgovina\/wp-content\/uploads\/2022\/09\/11.jpg\",\"contentUrl\":\"https:\/\/www.iskreni.net\/trgovina\/wp-content\/uploads\/2022\/09\/11.jpg\",\"width\":600,\"height\":600},{\"@type\":\"BreadcrumbList\",\"@id\":\"https:\/\/www.iskreni.net\/trgovina\/product\/skrivnost-mojega-sina\/#breadcrumb\",\"itemListElement\":[{\"@type\":\"ListItem\",\"position\":1,\"name\":\"Home\",\"item\":\"https:\/\/www.iskreni.net\/trgovina\/\"},{\"@type\":\"ListItem\",\"position\":2,\"name\":\"Trgovina\",\"item\":\"https:\/\/www.iskreni.net\/trgovina\/trgovina\/\"},{\"@type\":\"ListItem\",\"position\":3,\"name\":\"Skrivnost mojega sina\"}]},{\"@type\":\"WebSite\",\"@id\":\"https:\/\/www.iskreni.net\/trgovina\/#website\",\"url\":\"https:\/\/www.iskreni.net\/trgovina\/\",\"name\":\"Zavod Iskreni\",\"description\":\"trgovina\",\"potentialAction\":[{\"@type\":\"SearchAction\",\"target\":{\"@type\":\"EntryPoint\",\"urlTemplate\":\"https:\/\/www.iskreni.net\/trgovina\/?s={search_term_string}\"},\"query-input\":{\"@type\":\"PropertyValueSpecification\",\"valueRequired\":true,\"valueName\":\"search_term_string\"}}],\"inLanguage\":\"sl-SI\"}]}<\/script>\n<!-- \/ Yoast SEO plugin. -->","yoast_head_json":{"title":"Skrivnost mojega sina - trgovina Iskreni","description":"Skrivnost mojega sina je navdihujo\u010de pri\u010devanje matere bla\u017eenega Carla Acutisa, prvega svetni\u0161kega kandidata milenijske generacije.","robots":{"index":"index","follow":"follow","max-snippet":"max-snippet:-1","max-image-preview":"max-image-preview:large","max-video-preview":"max-video-preview:-1"},"canonical":"https:\/\/www.iskreni.net\/trgovina\/product\/skrivnost-mojega-sina\/","og_locale":"sl_SI","og_type":"article","og_title":"Skrivnost mojega sina","og_description":"Skrivnost mojega sina je navdihujo\u010de pri\u010devanje matere bla\u017eenega Carla Acutisa, prvega svetni\u0161kega kandidata milenijske generacije.","og_url":"https:\/\/www.iskreni.net\/trgovina\/product\/skrivnost-mojega-sina\/","og_site_name":"Zavod Iskreni","article_modified_time":"2023-10-20T12:12:18+00:00","og_image":[{"width":1200,"height":674,"url":"https:\/\/www.iskreni.net\/trgovina\/wp-content\/uploads\/2022\/09\/5-1.jpg","type":"image\/jpeg"}],"twitter_card":"summary_large_image","twitter_misc":{"Est. reading time":"1 minuta"},"schema":{"@context":"https:\/\/schema.org","@graph":[{"@type":"WebPage","@id":"https:\/\/www.iskreni.net\/trgovina\/product\/skrivnost-mojega-sina\/","url":"https:\/\/www.iskreni.net\/trgovina\/product\/skrivnost-mojega-sina\/","name":"Skrivnost mojega sina - trgovina Iskreni","isPartOf":{"@id":"https:\/\/www.iskreni.net\/trgovina\/#website"},"primaryImageOfPage":{"@id":"https:\/\/www.iskreni.net\/trgovina\/product\/skrivnost-mojega-sina\/#primaryimage"},"image":{"@id":"https:\/\/www.iskreni.net\/trgovina\/product\/skrivnost-mojega-sina\/#primaryimage"},"thumbnailUrl":"https:\/\/www.iskreni.net\/trgovina\/wp-content\/uploads\/2022\/09\/11.jpg","datePublished":"2022-09-07T09:22:19+00:00","dateModified":"2023-10-20T12:12:18+00:00","description":"Skrivnost mojega sina je navdihujo\u010de pri\u010devanje matere bla\u017eenega Carla Acutisa, prvega svetni\u0161kega kandidata milenijske generacije.","breadcrumb":{"@id":"https:\/\/www.iskreni.net\/trgovina\/product\/skrivnost-mojega-sina\/#breadcrumb"},"inLanguage":"sl-SI","potentialAction":[{"@type":"ReadAction","target":["https:\/\/www.iskreni.net\/trgovina\/product\/skrivnost-mojega-sina\/"]}]},{"@type":"ImageObject","inLanguage":"sl-SI","@id":"https:\/\/www.iskreni.net\/trgovina\/product\/skrivnost-mojega-sina\/#primaryimage","url":"https:\/\/www.iskreni.net\/trgovina\/wp-content\/uploads\/2022\/09\/11.jpg","contentUrl":"https:\/\/www.iskreni.net\/trgovina\/wp-content\/uploads\/2022\/09\/11.jpg","width":600,"height":600},{"@type":"BreadcrumbList","@id":"https:\/\/www.iskreni.net\/trgovina\/product\/skrivnost-mojega-sina\/#breadcrumb","itemListElement":[{"@type":"ListItem","position":1,"name":"Home","item":"https:\/\/www.iskreni.net\/trgovina\/"},{"@type":"ListItem","position":2,"name":"Trgovina","item":"https:\/\/www.iskreni.net\/trgovina\/trgovina\/"},{"@type":"ListItem","position":3,"name":"Skrivnost mojega sina"}]},{"@type":"WebSite","@id":"https:\/\/www.iskreni.net\/trgovina\/#website","url":"https:\/\/www.iskreni.net\/trgovina\/","name":"Zavod Iskreni","description":"trgovina","potentialAction":[{"@type":"SearchAction","target":{"@type":"EntryPoint","urlTemplate":"https:\/\/www.iskreni.net\/trgovina\/?s={search_term_string}"},"query-input":{"@type":"PropertyValueSpecification","valueRequired":true,"valueName":"search_term_string"}}],"inLanguage":"sl-SI"}]}},"_links":{"self":[{"href":"https:\/\/www.iskreni.net\/trgovina\/wp-json\/wp\/v2\/product\/58590","targetHints":{"allow":["GET"]}}],"collection":[{"href":"https:\/\/www.iskreni.net\/trgovina\/wp-json\/wp\/v2\/product"}],"about":[{"href":"https:\/\/www.iskreni.net\/trgovina\/wp-json\/wp\/v2\/types\/product"}],"replies":[{"embeddable":true,"href":"https:\/\/www.iskreni.net\/trgovina\/wp-json\/wp\/v2\/comments?post=58590"}],"version-history":[{"count":6,"href":"https:\/\/www.iskreni.net\/trgovina\/wp-json\/wp\/v2\/product\/58590\/revisions"}],"predecessor-version":[{"id":70275,"href":"https:\/\/www.iskreni.net\/trgovina\/wp-json\/wp\/v2\/product\/58590\/revisions\/70275"}],"wp:featuredmedia":[{"embeddable":true,"href":"https:\/\/www.iskreni.net\/trgovina\/wp-json\/wp\/v2\/media\/58602"}],"wp:attachment":[{"href":"https:\/\/www.iskreni.net\/trgovina\/wp-json\/wp\/v2\/media?parent=58590"}],"wp:term":[{"taxonomy":"product_brand","embeddable":true,"href":"https:\/\/www.iskreni.net\/trgovina\/wp-json\/wp\/v2\/product_brand?post=58590"},{"taxonomy":"product_cat","embeddable":true,"href":"https:\/\/www.iskreni.net\/trgovina\/wp-json\/wp\/v2\/product_cat?post=58590"},{"taxonomy":"product_tag","embeddable":true,"href":"https:\/\/www.iskreni.net\/trgovina\/wp-json\/wp\/v2\/product_tag?post=58590"},{"taxonomy":"avtor","embeddable":true,"href":"https:\/\/www.iskreni.net\/trgovina\/wp-json\/wp\/v2\/avtor?post=58590"},{"taxonomy":"zalozba","embeddable":true,"href":"https:\/\/www.iskreni.net\/trgovina\/wp-json\/wp\/v2\/zalozba?post=58590"},{"taxonomy":"vezava","embeddable":true,"href":"https:\/\/www.iskreni.net\/trgovina\/wp-json\/wp\/v2\/vezava?post=58590"}],"curies":[{"name":"wp","href":"https:\/\/api.w.org\/{rel}","templated":true}]}}