{"id":58507,"date":"2022-09-02T10:56:54","date_gmt":"2022-09-02T08:56:54","guid":{"rendered":"https:\/\/www.iskreni.net\/trgovina\/?post_type=product&#038;p=58507"},"modified":"2023-07-21T14:39:40","modified_gmt":"2023-07-21T12:39:40","slug":"kriz-petslojni-krizani-visec","status":"publish","type":"product","link":"https:\/\/www.iskreni.net\/trgovina\/product\/kriz-petslojni-krizani-visec\/","title":{"rendered":"Kri\u017e &#8211; petslojni, &#8216;Kri\u017eani&#8217;, vise\u010d"},"content":{"rendered":"<p>Lepo oblikovan petslojni kri\u017e s podobo Kri\u017eanega. Stenski oz. vise\u010d.<\/p>\n<p>&#8211; Velikost: 15 x 20 cm.<br \/>\n&#8211; Material: les, barva na vodni osnovi.<br \/>\n&#8211; Ustvarjeno v Sloveniji.<br \/>\n&#8211; Pakirano v polodprti kartonski embala\u017ei, izdelani po meri.<\/p>\n<p>&#8211; Opomba: Ker je les naravni material, lahko izgled posami\u010dnega izdelka malenkost odstopa od vzor\u010dnega, v \u010demer je tudi poseben \u010dar lesa.<\/p>\n","protected":false},"excerpt":{"rendered":"<p>&nbsp;<\/p>\n<p>&#8211; Velikost: 15 x 20 cm.<br \/>\n&#8211; Material: les, barva na vodni osnovi.<br \/>\n&#8211; Ustvarjeno v Sloveniji.<br \/>\n&#8211; Pakirano v polodprti kartonski embala\u017ei, izdelani po meri.<\/p>\n","protected":false},"featured_media":58510,"comment_status":"open","ping_status":"closed","template":"","meta":[],"product_brand":[],"product_cat":[668,421],"product_tag":[1318,1347,1342],"avtor":[],"zalozba":[],"vezava":[],"class_list":{"0":"post-58507","1":"product","2":"type-product","3":"status-publish","4":"has-post-thumbnail","6":"product_cat-darilni-program","7":"product_cat-spominki-in-drobni-predmeti","8":"product_tag-birma","9":"product_tag-kriz","10":"product_tag-leseni-izdelki","12":"first","13":"instock","14":"taxable","15":"shipping-taxable","16":"purchasable","17":"product-type-simple"},"yoast_head":"<!-- This site is optimized with the Yoast SEO plugin v26.3 - https:\/\/yoast.com\/wordpress\/plugins\/seo\/ -->\n<title>Kri\u017e - petslojni, &#039;Kri\u017eani&#039;, vise\u010d - trgovina Iskreni<\/title>\n<meta name=\"description\" content=\"Lepo oblikovan petslojni kri\u017e s podobo Kri\u017eanega. Stenski oz. vise\u010d.\" \/>\n<meta name=\"robots\" content=\"index, follow, max-snippet:-1, max-image-preview:large, max-video-preview:-1\" \/>\n<link rel=\"canonical\" href=\"https:\/\/www.iskreni.net\/trgovina\/product\/kriz-petslojni-krizani-visec\/\" \/>\n<meta property=\"og:locale\" content=\"sl_SI\" \/>\n<meta property=\"og:type\" content=\"article\" \/>\n<meta property=\"og:title\" content=\"Kri\u017e - petslojni, &#039;Kri\u017eani&#039;, vise\u010d\" \/>\n<meta property=\"og:description\" content=\"Lepo oblikovan petslojni kri\u017e s podobo Kri\u017eanega. Stenski oz. vise\u010d.\" \/>\n<meta property=\"og:url\" content=\"https:\/\/www.iskreni.net\/trgovina\/product\/kriz-petslojni-krizani-visec\/\" \/>\n<meta property=\"og:site_name\" content=\"Zavod Iskreni\" \/>\n<meta property=\"article:modified_time\" content=\"2023-07-21T12:39:40+00:00\" \/>\n<meta property=\"og:image\" content=\"https:\/\/www.iskreni.net\/trgovina\/wp-content\/uploads\/2022\/09\/kriz-petslojni-senca-600px-1.jpg\" \/>\n\t<meta property=\"og:image:width\" content=\"600\" \/>\n\t<meta property=\"og:image:height\" content=\"600\" \/>\n\t<meta property=\"og:image:type\" content=\"image\/jpeg\" \/>\n<meta name=\"twitter:card\" content=\"summary_large_image\" \/>\n<meta name=\"twitter:label1\" content=\"Est. reading time\" \/>\n\t<meta name=\"twitter:data1\" content=\"1 minuta\" \/>\n<script type=\"application\/ld+json\" class=\"yoast-schema-graph\">{\"@context\":\"https:\/\/schema.org\",\"@graph\":[{\"@type\":\"WebPage\",\"@id\":\"https:\/\/www.iskreni.net\/trgovina\/product\/kriz-petslojni-krizani-visec\/\",\"url\":\"https:\/\/www.iskreni.net\/trgovina\/product\/kriz-petslojni-krizani-visec\/\",\"name\":\"Kri\u017e - petslojni, 'Kri\u017eani', vise\u010d - trgovina Iskreni\",\"isPartOf\":{\"@id\":\"https:\/\/www.iskreni.net\/trgovina\/#website\"},\"primaryImageOfPage\":{\"@id\":\"https:\/\/www.iskreni.net\/trgovina\/product\/kriz-petslojni-krizani-visec\/#primaryimage\"},\"image\":{\"@id\":\"https:\/\/www.iskreni.net\/trgovina\/product\/kriz-petslojni-krizani-visec\/#primaryimage\"},\"thumbnailUrl\":\"https:\/\/www.iskreni.net\/trgovina\/wp-content\/uploads\/2022\/09\/kriz-petslojni-senca-600px.jpg\",\"datePublished\":\"2022-09-02T08:56:54+00:00\",\"dateModified\":\"2023-07-21T12:39:40+00:00\",\"description\":\"Lepo oblikovan petslojni kri\u017e s podobo Kri\u017eanega. Stenski oz. vise\u010d.\",\"breadcrumb\":{\"@id\":\"https:\/\/www.iskreni.net\/trgovina\/product\/kriz-petslojni-krizani-visec\/#breadcrumb\"},\"inLanguage\":\"sl-SI\",\"potentialAction\":[{\"@type\":\"ReadAction\",\"target\":[\"https:\/\/www.iskreni.net\/trgovina\/product\/kriz-petslojni-krizani-visec\/\"]}]},{\"@type\":\"ImageObject\",\"inLanguage\":\"sl-SI\",\"@id\":\"https:\/\/www.iskreni.net\/trgovina\/product\/kriz-petslojni-krizani-visec\/#primaryimage\",\"url\":\"https:\/\/www.iskreni.net\/trgovina\/wp-content\/uploads\/2022\/09\/kriz-petslojni-senca-600px.jpg\",\"contentUrl\":\"https:\/\/www.iskreni.net\/trgovina\/wp-content\/uploads\/2022\/09\/kriz-petslojni-senca-600px.jpg\",\"width\":600,\"height\":600},{\"@type\":\"BreadcrumbList\",\"@id\":\"https:\/\/www.iskreni.net\/trgovina\/product\/kriz-petslojni-krizani-visec\/#breadcrumb\",\"itemListElement\":[{\"@type\":\"ListItem\",\"position\":1,\"name\":\"Home\",\"item\":\"https:\/\/www.iskreni.net\/trgovina\/\"},{\"@type\":\"ListItem\",\"position\":2,\"name\":\"Trgovina\",\"item\":\"https:\/\/www.iskreni.net\/trgovina\/trgovina\/\"},{\"@type\":\"ListItem\",\"position\":3,\"name\":\"Kri\u017e &#8211; petslojni, &#8216;Kri\u017eani&#8217;, vise\u010d\"}]},{\"@type\":\"WebSite\",\"@id\":\"https:\/\/www.iskreni.net\/trgovina\/#website\",\"url\":\"https:\/\/www.iskreni.net\/trgovina\/\",\"name\":\"Zavod Iskreni\",\"description\":\"trgovina\",\"potentialAction\":[{\"@type\":\"SearchAction\",\"target\":{\"@type\":\"EntryPoint\",\"urlTemplate\":\"https:\/\/www.iskreni.net\/trgovina\/?s={search_term_string}\"},\"query-input\":{\"@type\":\"PropertyValueSpecification\",\"valueRequired\":true,\"valueName\":\"search_term_string\"}}],\"inLanguage\":\"sl-SI\"}]}<\/script>\n<!-- \/ Yoast SEO plugin. -->","yoast_head_json":{"title":"Kri\u017e - petslojni, 'Kri\u017eani', vise\u010d - trgovina Iskreni","description":"Lepo oblikovan petslojni kri\u017e s podobo Kri\u017eanega. Stenski oz. vise\u010d.","robots":{"index":"index","follow":"follow","max-snippet":"max-snippet:-1","max-image-preview":"max-image-preview:large","max-video-preview":"max-video-preview:-1"},"canonical":"https:\/\/www.iskreni.net\/trgovina\/product\/kriz-petslojni-krizani-visec\/","og_locale":"sl_SI","og_type":"article","og_title":"Kri\u017e - petslojni, 'Kri\u017eani', vise\u010d","og_description":"Lepo oblikovan petslojni kri\u017e s podobo Kri\u017eanega. Stenski oz. vise\u010d.","og_url":"https:\/\/www.iskreni.net\/trgovina\/product\/kriz-petslojni-krizani-visec\/","og_site_name":"Zavod Iskreni","article_modified_time":"2023-07-21T12:39:40+00:00","og_image":[{"width":600,"height":600,"url":"https:\/\/www.iskreni.net\/trgovina\/wp-content\/uploads\/2022\/09\/kriz-petslojni-senca-600px-1.jpg","type":"image\/jpeg"}],"twitter_card":"summary_large_image","twitter_misc":{"Est. reading time":"1 minuta"},"schema":{"@context":"https:\/\/schema.org","@graph":[{"@type":"WebPage","@id":"https:\/\/www.iskreni.net\/trgovina\/product\/kriz-petslojni-krizani-visec\/","url":"https:\/\/www.iskreni.net\/trgovina\/product\/kriz-petslojni-krizani-visec\/","name":"Kri\u017e - petslojni, 'Kri\u017eani', vise\u010d - trgovina Iskreni","isPartOf":{"@id":"https:\/\/www.iskreni.net\/trgovina\/#website"},"primaryImageOfPage":{"@id":"https:\/\/www.iskreni.net\/trgovina\/product\/kriz-petslojni-krizani-visec\/#primaryimage"},"image":{"@id":"https:\/\/www.iskreni.net\/trgovina\/product\/kriz-petslojni-krizani-visec\/#primaryimage"},"thumbnailUrl":"https:\/\/www.iskreni.net\/trgovina\/wp-content\/uploads\/2022\/09\/kriz-petslojni-senca-600px.jpg","datePublished":"2022-09-02T08:56:54+00:00","dateModified":"2023-07-21T12:39:40+00:00","description":"Lepo oblikovan petslojni kri\u017e s podobo Kri\u017eanega. Stenski oz. vise\u010d.","breadcrumb":{"@id":"https:\/\/www.iskreni.net\/trgovina\/product\/kriz-petslojni-krizani-visec\/#breadcrumb"},"inLanguage":"sl-SI","potentialAction":[{"@type":"ReadAction","target":["https:\/\/www.iskreni.net\/trgovina\/product\/kriz-petslojni-krizani-visec\/"]}]},{"@type":"ImageObject","inLanguage":"sl-SI","@id":"https:\/\/www.iskreni.net\/trgovina\/product\/kriz-petslojni-krizani-visec\/#primaryimage","url":"https:\/\/www.iskreni.net\/trgovina\/wp-content\/uploads\/2022\/09\/kriz-petslojni-senca-600px.jpg","contentUrl":"https:\/\/www.iskreni.net\/trgovina\/wp-content\/uploads\/2022\/09\/kriz-petslojni-senca-600px.jpg","width":600,"height":600},{"@type":"BreadcrumbList","@id":"https:\/\/www.iskreni.net\/trgovina\/product\/kriz-petslojni-krizani-visec\/#breadcrumb","itemListElement":[{"@type":"ListItem","position":1,"name":"Home","item":"https:\/\/www.iskreni.net\/trgovina\/"},{"@type":"ListItem","position":2,"name":"Trgovina","item":"https:\/\/www.iskreni.net\/trgovina\/trgovina\/"},{"@type":"ListItem","position":3,"name":"Kri\u017e &#8211; petslojni, &#8216;Kri\u017eani&#8217;, vise\u010d"}]},{"@type":"WebSite","@id":"https:\/\/www.iskreni.net\/trgovina\/#website","url":"https:\/\/www.iskreni.net\/trgovina\/","name":"Zavod Iskreni","description":"trgovina","potentialAction":[{"@type":"SearchAction","target":{"@type":"EntryPoint","urlTemplate":"https:\/\/www.iskreni.net\/trgovina\/?s={search_term_string}"},"query-input":{"@type":"PropertyValueSpecification","valueRequired":true,"valueName":"search_term_string"}}],"inLanguage":"sl-SI"}]}},"_links":{"self":[{"href":"https:\/\/www.iskreni.net\/trgovina\/wp-json\/wp\/v2\/product\/58507","targetHints":{"allow":["GET"]}}],"collection":[{"href":"https:\/\/www.iskreni.net\/trgovina\/wp-json\/wp\/v2\/product"}],"about":[{"href":"https:\/\/www.iskreni.net\/trgovina\/wp-json\/wp\/v2\/types\/product"}],"replies":[{"embeddable":true,"href":"https:\/\/www.iskreni.net\/trgovina\/wp-json\/wp\/v2\/comments?post=58507"}],"version-history":[{"count":2,"href":"https:\/\/www.iskreni.net\/trgovina\/wp-json\/wp\/v2\/product\/58507\/revisions"}],"predecessor-version":[{"id":58511,"href":"https:\/\/www.iskreni.net\/trgovina\/wp-json\/wp\/v2\/product\/58507\/revisions\/58511"}],"wp:featuredmedia":[{"embeddable":true,"href":"https:\/\/www.iskreni.net\/trgovina\/wp-json\/wp\/v2\/media\/58510"}],"wp:attachment":[{"href":"https:\/\/www.iskreni.net\/trgovina\/wp-json\/wp\/v2\/media?parent=58507"}],"wp:term":[{"taxonomy":"product_brand","embeddable":true,"href":"https:\/\/www.iskreni.net\/trgovina\/wp-json\/wp\/v2\/product_brand?post=58507"},{"taxonomy":"product_cat","embeddable":true,"href":"https:\/\/www.iskreni.net\/trgovina\/wp-json\/wp\/v2\/product_cat?post=58507"},{"taxonomy":"product_tag","embeddable":true,"href":"https:\/\/www.iskreni.net\/trgovina\/wp-json\/wp\/v2\/product_tag?post=58507"},{"taxonomy":"avtor","embeddable":true,"href":"https:\/\/www.iskreni.net\/trgovina\/wp-json\/wp\/v2\/avtor?post=58507"},{"taxonomy":"zalozba","embeddable":true,"href":"https:\/\/www.iskreni.net\/trgovina\/wp-json\/wp\/v2\/zalozba?post=58507"},{"taxonomy":"vezava","embeddable":true,"href":"https:\/\/www.iskreni.net\/trgovina\/wp-json\/wp\/v2\/vezava?post=58507"}],"curies":[{"name":"wp","href":"https:\/\/api.w.org\/{rel}","templated":true}]}}