{"id":57940,"date":"2022-08-04T10:12:39","date_gmt":"2022-08-04T08:12:39","guid":{"rendered":"https:\/\/www.iskreni.net\/trgovina\/?post_type=product&#038;p=57940"},"modified":"2023-10-20T14:04:42","modified_gmt":"2023-10-20T12:04:42","slug":"onkraj-mavrice","status":"publish","type":"product","link":"https:\/\/www.iskreni.net\/trgovina\/product\/onkraj-mavrice\/","title":{"rendered":"Onkraj mavrice"},"content":{"rendered":"<h4>O knjigi:<\/h4>\n<p>Ali je starost res le pe\u0161anje \u017eivljenjskih mo\u010di, \u010das bolezni in nesmiselnega trpljenja? In dom za ostarele hiralnica, kjer le \u0161e \u010daka\u0161 na neizbe\u017eno smrt? Osamljen, s prgi\u0161\u010dem lepih trenutkov in kopico nepredelanih spominov in travm. Lahko je tako.<\/p>\n<p>Lahko pa se odlo\u010di\u0161 tudi druga\u010de. In sprejme\u0161 izziv, morda enega najve\u010djih v \u017eivljenju &#8211; da se soo\u010di\u0161 s seboj, svojimi bli\u017enjimi, svojo preteklostjo &#8230;<\/p>\n<p>Nu\u0161a in Martin nam v tej zgodbi povesta nekaj bistvenega o staranju: je \u010das, ko lahko \u0161e marsikaj spremeni\u0161, prevrednoti\u0161 in oplemeniti\u0161. Ne, ne more\u0161 spremeniti preteklosti, izgubljenih prilo\u017enosti, odnosov &#8230; lahko pa jih sprejme\u0161, jim da\u0161 ime, jih pobo\u017ea\u0161, se ob njih zjo\u010de\u0161 ter jih nato z blagoslovom na ustih izpusti\u0161. &#8211; In spet zadiha\u0161.<\/p>\n<p><a href=\"https:\/\/www.iskreni.net\/trgovina\/wp-content\/uploads\/2023\/10\/Onkraj-mavrice_internet.pdf\">Prelistaj knjigo<\/a><\/p>\n<p>&nbsp;<\/p>\n","protected":false},"excerpt":{"rendered":"<p><strong>Leto izdaje:<\/strong> 2022<br \/>\n<strong>\u0160tevilo strani:<\/strong> 288<br \/>\n<strong>Mere:<\/strong> 140 x 210 mm<\/p>\n<h4>Ko zmore\u0161 \u017eivljenju re\u010di da<\/h4>\n<p><a href=\"https:\/\/www.iskreni.net\/trgovina\/wp-content\/uploads\/2023\/10\/Onkraj-mavrice_internet.pdf\">Prelistaj knjigo<\/a><\/p>\n<p>&nbsp;<\/p>\n","protected":false},"featured_media":57946,"comment_status":"open","ping_status":"closed","template":"","meta":[],"product_brand":[],"product_cat":[2325,63],"product_tag":[],"avtor":[],"zalozba":[2311],"vezava":[2307],"class_list":{"0":"post-57940","1":"product","2":"type-product","3":"status-publish","4":"has-post-thumbnail","6":"product_cat-leposlovje","7":"product_cat-knjige","8":"zalozba-druzina","9":"vezava-mehka","11":"first","12":"instock","13":"taxable","14":"shipping-taxable","15":"purchasable","16":"product-type-simple"},"yoast_head":"<!-- This site is optimized with the Yoast SEO plugin v26.3 - https:\/\/yoast.com\/wordpress\/plugins\/seo\/ -->\n<title>Onkraj mavrice - trgovina Iskreni<\/title>\n<meta name=\"description\" content=\"Onkraj mavrice se osredoto\u010da na bistveno o staranju: ovrednotiti, oplemenititi, sprejeti, blagosloviti - in spet zadihati.\" \/>\n<meta name=\"robots\" content=\"index, follow, max-snippet:-1, max-image-preview:large, max-video-preview:-1\" \/>\n<link rel=\"canonical\" href=\"https:\/\/www.iskreni.net\/trgovina\/product\/onkraj-mavrice\/\" \/>\n<meta property=\"og:locale\" content=\"sl_SI\" \/>\n<meta property=\"og:type\" content=\"article\" \/>\n<meta property=\"og:title\" content=\"Onkraj mavrice\" \/>\n<meta property=\"og:description\" content=\"Onkraj mavrice se osredoto\u010da na bistveno o staranju: ovrednotiti, oplemenititi, sprejeti, blagosloviti - in spet zadihati. star\u0161ev.\" \/>\n<meta property=\"og:url\" content=\"https:\/\/www.iskreni.net\/trgovina\/product\/onkraj-mavrice\/\" \/>\n<meta property=\"og:site_name\" content=\"Zavod Iskreni\" \/>\n<meta property=\"article:modified_time\" content=\"2023-10-20T12:04:42+00:00\" \/>\n<meta property=\"og:image\" content=\"https:\/\/www.iskreni.net\/trgovina\/wp-content\/uploads\/2022\/08\/4.jpg\" \/>\n\t<meta property=\"og:image:width\" content=\"1200\" \/>\n\t<meta property=\"og:image:height\" content=\"674\" \/>\n\t<meta property=\"og:image:type\" content=\"image\/jpeg\" \/>\n<meta name=\"twitter:card\" content=\"summary_large_image\" \/>\n<meta name=\"twitter:label1\" content=\"Est. reading time\" \/>\n\t<meta name=\"twitter:data1\" content=\"1 minuta\" \/>\n<script type=\"application\/ld+json\" class=\"yoast-schema-graph\">{\"@context\":\"https:\/\/schema.org\",\"@graph\":[{\"@type\":\"WebPage\",\"@id\":\"https:\/\/www.iskreni.net\/trgovina\/product\/onkraj-mavrice\/\",\"url\":\"https:\/\/www.iskreni.net\/trgovina\/product\/onkraj-mavrice\/\",\"name\":\"Onkraj mavrice - trgovina Iskreni\",\"isPartOf\":{\"@id\":\"https:\/\/www.iskreni.net\/trgovina\/#website\"},\"primaryImageOfPage\":{\"@id\":\"https:\/\/www.iskreni.net\/trgovina\/product\/onkraj-mavrice\/#primaryimage\"},\"image\":{\"@id\":\"https:\/\/www.iskreni.net\/trgovina\/product\/onkraj-mavrice\/#primaryimage\"},\"thumbnailUrl\":\"https:\/\/www.iskreni.net\/trgovina\/wp-content\/uploads\/2022\/08\/Slike-za-v-spletno-trgovino-5.jpg\",\"datePublished\":\"2022-08-04T08:12:39+00:00\",\"dateModified\":\"2023-10-20T12:04:42+00:00\",\"description\":\"Onkraj mavrice se osredoto\u010da na bistveno o staranju: ovrednotiti, oplemenititi, sprejeti, blagosloviti - in spet zadihati.\",\"breadcrumb\":{\"@id\":\"https:\/\/www.iskreni.net\/trgovina\/product\/onkraj-mavrice\/#breadcrumb\"},\"inLanguage\":\"sl-SI\",\"potentialAction\":[{\"@type\":\"ReadAction\",\"target\":[\"https:\/\/www.iskreni.net\/trgovina\/product\/onkraj-mavrice\/\"]}]},{\"@type\":\"ImageObject\",\"inLanguage\":\"sl-SI\",\"@id\":\"https:\/\/www.iskreni.net\/trgovina\/product\/onkraj-mavrice\/#primaryimage\",\"url\":\"https:\/\/www.iskreni.net\/trgovina\/wp-content\/uploads\/2022\/08\/Slike-za-v-spletno-trgovino-5.jpg\",\"contentUrl\":\"https:\/\/www.iskreni.net\/trgovina\/wp-content\/uploads\/2022\/08\/Slike-za-v-spletno-trgovino-5.jpg\",\"width\":600,\"height\":600},{\"@type\":\"BreadcrumbList\",\"@id\":\"https:\/\/www.iskreni.net\/trgovina\/product\/onkraj-mavrice\/#breadcrumb\",\"itemListElement\":[{\"@type\":\"ListItem\",\"position\":1,\"name\":\"Home\",\"item\":\"https:\/\/www.iskreni.net\/trgovina\/\"},{\"@type\":\"ListItem\",\"position\":2,\"name\":\"Trgovina\",\"item\":\"https:\/\/www.iskreni.net\/trgovina\/trgovina\/\"},{\"@type\":\"ListItem\",\"position\":3,\"name\":\"Onkraj mavrice\"}]},{\"@type\":\"WebSite\",\"@id\":\"https:\/\/www.iskreni.net\/trgovina\/#website\",\"url\":\"https:\/\/www.iskreni.net\/trgovina\/\",\"name\":\"Zavod Iskreni\",\"description\":\"trgovina\",\"potentialAction\":[{\"@type\":\"SearchAction\",\"target\":{\"@type\":\"EntryPoint\",\"urlTemplate\":\"https:\/\/www.iskreni.net\/trgovina\/?s={search_term_string}\"},\"query-input\":{\"@type\":\"PropertyValueSpecification\",\"valueRequired\":true,\"valueName\":\"search_term_string\"}}],\"inLanguage\":\"sl-SI\"}]}<\/script>\n<!-- \/ Yoast SEO plugin. -->","yoast_head_json":{"title":"Onkraj mavrice - trgovina Iskreni","description":"Onkraj mavrice se osredoto\u010da na bistveno o staranju: ovrednotiti, oplemenititi, sprejeti, blagosloviti - in spet zadihati.","robots":{"index":"index","follow":"follow","max-snippet":"max-snippet:-1","max-image-preview":"max-image-preview:large","max-video-preview":"max-video-preview:-1"},"canonical":"https:\/\/www.iskreni.net\/trgovina\/product\/onkraj-mavrice\/","og_locale":"sl_SI","og_type":"article","og_title":"Onkraj mavrice","og_description":"Onkraj mavrice se osredoto\u010da na bistveno o staranju: ovrednotiti, oplemenititi, sprejeti, blagosloviti - in spet zadihati. star\u0161ev.","og_url":"https:\/\/www.iskreni.net\/trgovina\/product\/onkraj-mavrice\/","og_site_name":"Zavod Iskreni","article_modified_time":"2023-10-20T12:04:42+00:00","og_image":[{"width":1200,"height":674,"url":"https:\/\/www.iskreni.net\/trgovina\/wp-content\/uploads\/2022\/08\/4.jpg","type":"image\/jpeg"}],"twitter_card":"summary_large_image","twitter_misc":{"Est. reading time":"1 minuta"},"schema":{"@context":"https:\/\/schema.org","@graph":[{"@type":"WebPage","@id":"https:\/\/www.iskreni.net\/trgovina\/product\/onkraj-mavrice\/","url":"https:\/\/www.iskreni.net\/trgovina\/product\/onkraj-mavrice\/","name":"Onkraj mavrice - trgovina Iskreni","isPartOf":{"@id":"https:\/\/www.iskreni.net\/trgovina\/#website"},"primaryImageOfPage":{"@id":"https:\/\/www.iskreni.net\/trgovina\/product\/onkraj-mavrice\/#primaryimage"},"image":{"@id":"https:\/\/www.iskreni.net\/trgovina\/product\/onkraj-mavrice\/#primaryimage"},"thumbnailUrl":"https:\/\/www.iskreni.net\/trgovina\/wp-content\/uploads\/2022\/08\/Slike-za-v-spletno-trgovino-5.jpg","datePublished":"2022-08-04T08:12:39+00:00","dateModified":"2023-10-20T12:04:42+00:00","description":"Onkraj mavrice se osredoto\u010da na bistveno o staranju: ovrednotiti, oplemenititi, sprejeti, blagosloviti - in spet zadihati.","breadcrumb":{"@id":"https:\/\/www.iskreni.net\/trgovina\/product\/onkraj-mavrice\/#breadcrumb"},"inLanguage":"sl-SI","potentialAction":[{"@type":"ReadAction","target":["https:\/\/www.iskreni.net\/trgovina\/product\/onkraj-mavrice\/"]}]},{"@type":"ImageObject","inLanguage":"sl-SI","@id":"https:\/\/www.iskreni.net\/trgovina\/product\/onkraj-mavrice\/#primaryimage","url":"https:\/\/www.iskreni.net\/trgovina\/wp-content\/uploads\/2022\/08\/Slike-za-v-spletno-trgovino-5.jpg","contentUrl":"https:\/\/www.iskreni.net\/trgovina\/wp-content\/uploads\/2022\/08\/Slike-za-v-spletno-trgovino-5.jpg","width":600,"height":600},{"@type":"BreadcrumbList","@id":"https:\/\/www.iskreni.net\/trgovina\/product\/onkraj-mavrice\/#breadcrumb","itemListElement":[{"@type":"ListItem","position":1,"name":"Home","item":"https:\/\/www.iskreni.net\/trgovina\/"},{"@type":"ListItem","position":2,"name":"Trgovina","item":"https:\/\/www.iskreni.net\/trgovina\/trgovina\/"},{"@type":"ListItem","position":3,"name":"Onkraj mavrice"}]},{"@type":"WebSite","@id":"https:\/\/www.iskreni.net\/trgovina\/#website","url":"https:\/\/www.iskreni.net\/trgovina\/","name":"Zavod Iskreni","description":"trgovina","potentialAction":[{"@type":"SearchAction","target":{"@type":"EntryPoint","urlTemplate":"https:\/\/www.iskreni.net\/trgovina\/?s={search_term_string}"},"query-input":{"@type":"PropertyValueSpecification","valueRequired":true,"valueName":"search_term_string"}}],"inLanguage":"sl-SI"}]}},"_links":{"self":[{"href":"https:\/\/www.iskreni.net\/trgovina\/wp-json\/wp\/v2\/product\/57940","targetHints":{"allow":["GET"]}}],"collection":[{"href":"https:\/\/www.iskreni.net\/trgovina\/wp-json\/wp\/v2\/product"}],"about":[{"href":"https:\/\/www.iskreni.net\/trgovina\/wp-json\/wp\/v2\/types\/product"}],"replies":[{"embeddable":true,"href":"https:\/\/www.iskreni.net\/trgovina\/wp-json\/wp\/v2\/comments?post=57940"}],"version-history":[{"count":5,"href":"https:\/\/www.iskreni.net\/trgovina\/wp-json\/wp\/v2\/product\/57940\/revisions"}],"predecessor-version":[{"id":70270,"href":"https:\/\/www.iskreni.net\/trgovina\/wp-json\/wp\/v2\/product\/57940\/revisions\/70270"}],"wp:featuredmedia":[{"embeddable":true,"href":"https:\/\/www.iskreni.net\/trgovina\/wp-json\/wp\/v2\/media\/57946"}],"wp:attachment":[{"href":"https:\/\/www.iskreni.net\/trgovina\/wp-json\/wp\/v2\/media?parent=57940"}],"wp:term":[{"taxonomy":"product_brand","embeddable":true,"href":"https:\/\/www.iskreni.net\/trgovina\/wp-json\/wp\/v2\/product_brand?post=57940"},{"taxonomy":"product_cat","embeddable":true,"href":"https:\/\/www.iskreni.net\/trgovina\/wp-json\/wp\/v2\/product_cat?post=57940"},{"taxonomy":"product_tag","embeddable":true,"href":"https:\/\/www.iskreni.net\/trgovina\/wp-json\/wp\/v2\/product_tag?post=57940"},{"taxonomy":"avtor","embeddable":true,"href":"https:\/\/www.iskreni.net\/trgovina\/wp-json\/wp\/v2\/avtor?post=57940"},{"taxonomy":"zalozba","embeddable":true,"href":"https:\/\/www.iskreni.net\/trgovina\/wp-json\/wp\/v2\/zalozba?post=57940"},{"taxonomy":"vezava","embeddable":true,"href":"https:\/\/www.iskreni.net\/trgovina\/wp-json\/wp\/v2\/vezava?post=57940"}],"curies":[{"name":"wp","href":"https:\/\/api.w.org\/{rel}","templated":true}]}}