{"id":57483,"date":"2022-07-20T14:17:10","date_gmt":"2022-07-20T12:17:10","guid":{"rendered":"https:\/\/www.iskreni.net\/trgovina\/?post_type=product&#038;p=57483"},"modified":"2025-05-06T10:44:09","modified_gmt":"2025-05-06T08:44:09","slug":"sledi-sveta","status":"publish","type":"product","link":"https:\/\/www.iskreni.net\/trgovina\/product\/sledi-sveta\/","title":{"rendered":"Veliki komplet Sledi sveta"},"content":{"rendered":"<h5>SLEDI SVETA<\/h5>\n<p>Zabavno pustolovska ter pou\u010dna dru\u017eabna igra za vse<\/p>\n<p>\u017divali iz razli\u010dnih celin so se odpravile raziskovat \u0161irni svet. Pri tem potrebujejo tvojo pomo\u010d. Pomagaj jim osvojiti celine z odgovori na vpra\u0161anja in nalogami, ki te \u010dakajo na poti. Dru\u017eabna igra s podigrami spodbuja razmi\u0161ljanje, motori\u010dne spretnosti, spomin, koordinacijo, domi\u0161ljijo, bogati besedni zaklad in odpira nove teme za pogovor.<\/p>\n<p>Na poti te \u010dakajo razli\u010dne naloge. Tekmuj, sodeluj in zbiraj \u017eige celin in diamante vse do konca poti. Za opravljeno nalogo dobi\u0161 diamant. Ko zbere\u0161 3 diamante (opravi\u0161 3 naloge \u2013 pravilno odgovori\u0161 na vpra\u0161anja ali zaigra\u0161 podigro), lahko le te zamenja\u0161 za \u017eig celine, ki ti manjka. Zmagovalec je tisti, ki zbere do cilja najve\u010d \u017eigov oziroma vse \u017eige celin. Del dru\u017eabne igre so podigre, ki jih lahko igra\u0161 tudi samostojno, neodvisno od celotne igre.<\/p>\n<p>Igra ne vklju\u010duje odgovorov na vpra\u0161anja, ker je njen namen raziskovanje. \u010ce nih\u010de ne pozna odgovora, pobrskajte po knjigah, atlasu ali po internetu. Internet ni pripomo\u010dek za re\u0161itve, je le pomo\u010d, ko odgovora ne pozna nih\u010de od igralcev.<\/p>\n<p>Za za\u010detek igre postavite figure na polje start. Igro za\u010dnete z metom kocke (za za\u010detek igre ne potrebujete met kocke 6). Potujete lahko v razli\u010dne smeri, po najkraj\u0161i poti ali izberete najdalj\u0161o pot. Lahko potujete naprej ali nazaj, levo ali desno \u2026 Sami se lahko odlo\u010dite, na kak\u0161en na\u010din boste dobili \u010dim ve\u010d \u017eigov ali diamantov, s katerimi boste kupili \u017eige manjkajo\u010dih celin. Cilj igre je pripotovati do cilja in hkrati zbrati \u010dim ve\u010d \u017eigov oziroma \u017eige vseh celin. \u017delimo vam prijetno zabavo.<\/p>\n<p>Sestava kompleta<br \/>\nKomplet je sestavljen iz podlage 60 x 45 cm, igralnih figur (41 \u017eivali), diamantov (60 kosov), \u017eigov (50 kosov) igralne kocke, karton\u010dkov z nalogami in navodili, 10 praznih kart, 15 +5 podiger z navodili v mo\u0161nji\u010dku, 10 listov A4, 2 svin\u010dnikov. Dru\u017eabna igra je shranjena v leseni \u0161katli.<br \/>\n1 SPOMIN LISTI DREVES: 45 x 45 mm, 13 parov<br \/>\n2 SESTAVI SRCE: 151 x 154 mm, 9 kosov (za starej\u0161e), 4 kosi (za najmlaj\u0161e)<br \/>\n3 ABECEDA \u2013 \u010cRKE (za starej\u0161e): 20 x 20 mm, 3 x 25 \u010drk + dodatno 2 x samoglasniki (85 kosov)<br \/>\n3 LABIRINT (za najmlaj\u0161e): 270 x 200 mm, podlaga in kroglica<br \/>\n4 DOMINE LIKI: 70 x 35 mm, 28 kosov<br \/>\n5 LA\u010cNI \u010cRVI (za najmlaj\u0161e): podlaga 140 x 140 mm, 6 kosov in podlaga<br \/>\n6 HANOJSKI STOLP: 275 x 100 mm, podlaga in 4 diski (dve varianti: za starej\u0161e in najmlaj\u0161e)<br \/>\n7 \u017dIVALI V VRSTI &#8211; RAZVRSTI: 41 kos, 20\u201360 mm<br \/>\n8 PRESKOK (za starej\u0161e): 180 x 155 mm, 15 moznikov<br \/>\n8 RIBOLOV (za najmlaj\u0161e): 200 x 200 mm, palica z vrvico, magneti, ribice in smeti 10 kosov, cca 40 mm<br \/>\n9 KRI\u017dCI IN KRO\u017dCI: 180 x 180 mm, igralne figure 30 x 30 mm (10 kosov, prevozna sredstva)<br \/>\n10 MISELNA KOCKA (za starej\u0161e): sestavljena kocka 55 x 55 x 55 mm, 7 kosov<br \/>\n10 SESTAVI \u017dIVALI (za najmlaj\u0161e): 4 \u017eivali velikosti cca 150 mm (razrez vsake na 4 kose)<br \/>\n11 VOLKALCA (za starej\u0161e): podlaga 200 x 200 mm, 22 igralnih figur (krogci, 20 ovc, 2 volka (\u010drna))<br \/>\n11 \u0160IVANJE (za najmlaj\u0161e): 200 x 200 mm, podlaga in 11 kosov, \u0161ivanka z vrvico<br \/>\n12 METULJ: 50 x 50 mm, 9 kosov<br \/>\n13 PREMETENKA: podlaga 121 x 121 mm, 25 kosov (dve varianti: za starej\u0161e in najmlaj\u0161e)<br \/>\n14 SESTAVI DRU\u017dINO: 4 sestavljanke, 18 kos, 160\u2013200 mm<br \/>\n15 ZGODBA: 85 x 50 mm, 20 kosov<\/p>\n<p>Rok dobave 5-10 delovnih dni.<\/p>\n","protected":false},"excerpt":{"rendered":"<p>\u017divali iz razli\u010dnih celin so se odpravile raziskovat \u0161irni svet. Pri tem potrebujejo tvojo pomo\u010d. Pomagaj jim osvojiti celine z odgovori na vpra\u0161anja in nalogami, ki te \u010dakajo na poti. Dru\u017eabna igra s podigrami spodbuja razmi\u0161ljanje, motori\u010dne spretnosti, spomin, koordinacijo, domi\u0161ljijo, bogati besedni zaklad in odpira nove teme za pogovor.<\/p>\n<p><strong>Sestava kompleta<\/strong><br \/>\nKomplet je sestavljen iz podlage 60 x 45 cm, igralnih figur (41 \u017eivali), diamantov (60 kosov), \u017eigov (50 kosov) igralne kocke, karton\u010dkov z nalogami in navodili, 10 praznih kart, 15 +5 podiger z navodili v mo\u0161nji\u010dku, 10 listov A4, 2 svin\u010dnikov. Dru\u017eabna igra je shranjena v leseni \u0161katli.<\/p>\n<h5>Rok dobave 5-10 delovnih dni.<\/h5>\n","protected":false},"featured_media":57609,"comment_status":"open","ping_status":"closed","template":"","meta":[],"product_brand":[],"product_cat":[323],"product_tag":[578,1342],"avtor":[],"zalozba":[],"vezava":[],"class_list":{"0":"post-57483","1":"product","2":"type-product","3":"status-publish","4":"has-post-thumbnail","6":"product_cat-lesene-didakticne-igrace","7":"product_tag-druzabna-igra","8":"product_tag-leseni-izdelki","10":"first","11":"onbackorder","12":"sale","13":"taxable","14":"shipping-taxable","15":"purchasable","16":"product-type-simple"},"yoast_head":"<!-- This site is optimized with the Yoast SEO plugin v26.3 - https:\/\/yoast.com\/wordpress\/plugins\/seo\/ -->\n<title>Sledi sveta - trgovina Iskreni<\/title>\n<meta name=\"description\" content=\"Sledi sveta je pustolovska ter pou\u010dna dru\u017eabna igra za vse. \u017divali iz razli\u010dnih celin so se odpravile raziskovat \u0161irni svet in potrebujejo pomo\u010d.\" \/>\n<meta name=\"robots\" content=\"index, follow, max-snippet:-1, max-image-preview:large, max-video-preview:-1\" \/>\n<link rel=\"canonical\" href=\"https:\/\/www.iskreni.net\/trgovina\/product\/sledi-sveta\/\" \/>\n<meta property=\"og:locale\" content=\"sl_SI\" \/>\n<meta property=\"og:type\" content=\"article\" \/>\n<meta property=\"og:title\" content=\"Sledi sveta - trgovina Iskreni\" \/>\n<meta property=\"og:description\" content=\"Sledi sveta je pustolovska ter pou\u010dna dru\u017eabna igra za vse. \u017divali iz razli\u010dnih celin so se odpravile raziskovat \u0161irni svet in potrebujejo pomo\u010d.\" \/>\n<meta property=\"og:url\" content=\"https:\/\/www.iskreni.net\/trgovina\/product\/sledi-sveta\/\" \/>\n<meta property=\"og:site_name\" content=\"Zavod Iskreni\" \/>\n<meta property=\"article:modified_time\" content=\"2025-05-06T08:44:09+00:00\" \/>\n<meta property=\"og:image\" content=\"https:\/\/www.iskreni.net\/trgovina\/wp-content\/uploads\/2022\/07\/image.jpg\" \/>\n\t<meta property=\"og:image:width\" content=\"1024\" \/>\n\t<meta property=\"og:image:height\" content=\"1024\" \/>\n\t<meta property=\"og:image:type\" content=\"image\/jpeg\" \/>\n<meta name=\"twitter:card\" content=\"summary_large_image\" \/>\n<meta name=\"twitter:label1\" content=\"Est. reading time\" \/>\n\t<meta name=\"twitter:data1\" content=\"4 minute\" \/>\n<script type=\"application\/ld+json\" class=\"yoast-schema-graph\">{\"@context\":\"https:\/\/schema.org\",\"@graph\":[{\"@type\":\"WebPage\",\"@id\":\"https:\/\/www.iskreni.net\/trgovina\/product\/sledi-sveta\/\",\"url\":\"https:\/\/www.iskreni.net\/trgovina\/product\/sledi-sveta\/\",\"name\":\"Sledi sveta - trgovina Iskreni\",\"isPartOf\":{\"@id\":\"https:\/\/www.iskreni.net\/trgovina\/#website\"},\"primaryImageOfPage\":{\"@id\":\"https:\/\/www.iskreni.net\/trgovina\/product\/sledi-sveta\/#primaryimage\"},\"image\":{\"@id\":\"https:\/\/www.iskreni.net\/trgovina\/product\/sledi-sveta\/#primaryimage\"},\"thumbnailUrl\":\"https:\/\/www.iskreni.net\/trgovina\/wp-content\/uploads\/2022\/07\/image.jpg\",\"datePublished\":\"2022-07-20T12:17:10+00:00\",\"dateModified\":\"2025-05-06T08:44:09+00:00\",\"description\":\"Sledi sveta je pustolovska ter pou\u010dna dru\u017eabna igra za vse. \u017divali iz razli\u010dnih celin so se odpravile raziskovat \u0161irni svet in potrebujejo pomo\u010d.\",\"breadcrumb\":{\"@id\":\"https:\/\/www.iskreni.net\/trgovina\/product\/sledi-sveta\/#breadcrumb\"},\"inLanguage\":\"sl-SI\",\"potentialAction\":[{\"@type\":\"ReadAction\",\"target\":[\"https:\/\/www.iskreni.net\/trgovina\/product\/sledi-sveta\/\"]}]},{\"@type\":\"ImageObject\",\"inLanguage\":\"sl-SI\",\"@id\":\"https:\/\/www.iskreni.net\/trgovina\/product\/sledi-sveta\/#primaryimage\",\"url\":\"https:\/\/www.iskreni.net\/trgovina\/wp-content\/uploads\/2022\/07\/image.jpg\",\"contentUrl\":\"https:\/\/www.iskreni.net\/trgovina\/wp-content\/uploads\/2022\/07\/image.jpg\",\"width\":1024,\"height\":1024},{\"@type\":\"BreadcrumbList\",\"@id\":\"https:\/\/www.iskreni.net\/trgovina\/product\/sledi-sveta\/#breadcrumb\",\"itemListElement\":[{\"@type\":\"ListItem\",\"position\":1,\"name\":\"Home\",\"item\":\"https:\/\/www.iskreni.net\/trgovina\/\"},{\"@type\":\"ListItem\",\"position\":2,\"name\":\"Trgovina\",\"item\":\"https:\/\/www.iskreni.net\/trgovina\/trgovina\/\"},{\"@type\":\"ListItem\",\"position\":3,\"name\":\"Veliki komplet Sledi sveta\"}]},{\"@type\":\"WebSite\",\"@id\":\"https:\/\/www.iskreni.net\/trgovina\/#website\",\"url\":\"https:\/\/www.iskreni.net\/trgovina\/\",\"name\":\"Zavod Iskreni\",\"description\":\"trgovina\",\"potentialAction\":[{\"@type\":\"SearchAction\",\"target\":{\"@type\":\"EntryPoint\",\"urlTemplate\":\"https:\/\/www.iskreni.net\/trgovina\/?s={search_term_string}\"},\"query-input\":{\"@type\":\"PropertyValueSpecification\",\"valueRequired\":true,\"valueName\":\"search_term_string\"}}],\"inLanguage\":\"sl-SI\"}]}<\/script>\n<!-- \/ Yoast SEO plugin. -->","yoast_head_json":{"title":"Sledi sveta - trgovina Iskreni","description":"Sledi sveta je pustolovska ter pou\u010dna dru\u017eabna igra za vse. \u017divali iz razli\u010dnih celin so se odpravile raziskovat \u0161irni svet in potrebujejo pomo\u010d.","robots":{"index":"index","follow":"follow","max-snippet":"max-snippet:-1","max-image-preview":"max-image-preview:large","max-video-preview":"max-video-preview:-1"},"canonical":"https:\/\/www.iskreni.net\/trgovina\/product\/sledi-sveta\/","og_locale":"sl_SI","og_type":"article","og_title":"Sledi sveta - trgovina Iskreni","og_description":"Sledi sveta je pustolovska ter pou\u010dna dru\u017eabna igra za vse. \u017divali iz razli\u010dnih celin so se odpravile raziskovat \u0161irni svet in potrebujejo pomo\u010d.","og_url":"https:\/\/www.iskreni.net\/trgovina\/product\/sledi-sveta\/","og_site_name":"Zavod Iskreni","article_modified_time":"2025-05-06T08:44:09+00:00","og_image":[{"width":1024,"height":1024,"url":"https:\/\/www.iskreni.net\/trgovina\/wp-content\/uploads\/2022\/07\/image.jpg","type":"image\/jpeg"}],"twitter_card":"summary_large_image","twitter_misc":{"Est. reading time":"4 minute"},"schema":{"@context":"https:\/\/schema.org","@graph":[{"@type":"WebPage","@id":"https:\/\/www.iskreni.net\/trgovina\/product\/sledi-sveta\/","url":"https:\/\/www.iskreni.net\/trgovina\/product\/sledi-sveta\/","name":"Sledi sveta - trgovina Iskreni","isPartOf":{"@id":"https:\/\/www.iskreni.net\/trgovina\/#website"},"primaryImageOfPage":{"@id":"https:\/\/www.iskreni.net\/trgovina\/product\/sledi-sveta\/#primaryimage"},"image":{"@id":"https:\/\/www.iskreni.net\/trgovina\/product\/sledi-sveta\/#primaryimage"},"thumbnailUrl":"https:\/\/www.iskreni.net\/trgovina\/wp-content\/uploads\/2022\/07\/image.jpg","datePublished":"2022-07-20T12:17:10+00:00","dateModified":"2025-05-06T08:44:09+00:00","description":"Sledi sveta je pustolovska ter pou\u010dna dru\u017eabna igra za vse. \u017divali iz razli\u010dnih celin so se odpravile raziskovat \u0161irni svet in potrebujejo pomo\u010d.","breadcrumb":{"@id":"https:\/\/www.iskreni.net\/trgovina\/product\/sledi-sveta\/#breadcrumb"},"inLanguage":"sl-SI","potentialAction":[{"@type":"ReadAction","target":["https:\/\/www.iskreni.net\/trgovina\/product\/sledi-sveta\/"]}]},{"@type":"ImageObject","inLanguage":"sl-SI","@id":"https:\/\/www.iskreni.net\/trgovina\/product\/sledi-sveta\/#primaryimage","url":"https:\/\/www.iskreni.net\/trgovina\/wp-content\/uploads\/2022\/07\/image.jpg","contentUrl":"https:\/\/www.iskreni.net\/trgovina\/wp-content\/uploads\/2022\/07\/image.jpg","width":1024,"height":1024},{"@type":"BreadcrumbList","@id":"https:\/\/www.iskreni.net\/trgovina\/product\/sledi-sveta\/#breadcrumb","itemListElement":[{"@type":"ListItem","position":1,"name":"Home","item":"https:\/\/www.iskreni.net\/trgovina\/"},{"@type":"ListItem","position":2,"name":"Trgovina","item":"https:\/\/www.iskreni.net\/trgovina\/trgovina\/"},{"@type":"ListItem","position":3,"name":"Veliki komplet Sledi sveta"}]},{"@type":"WebSite","@id":"https:\/\/www.iskreni.net\/trgovina\/#website","url":"https:\/\/www.iskreni.net\/trgovina\/","name":"Zavod Iskreni","description":"trgovina","potentialAction":[{"@type":"SearchAction","target":{"@type":"EntryPoint","urlTemplate":"https:\/\/www.iskreni.net\/trgovina\/?s={search_term_string}"},"query-input":{"@type":"PropertyValueSpecification","valueRequired":true,"valueName":"search_term_string"}}],"inLanguage":"sl-SI"}]}},"_links":{"self":[{"href":"https:\/\/www.iskreni.net\/trgovina\/wp-json\/wp\/v2\/product\/57483","targetHints":{"allow":["GET"]}}],"collection":[{"href":"https:\/\/www.iskreni.net\/trgovina\/wp-json\/wp\/v2\/product"}],"about":[{"href":"https:\/\/www.iskreni.net\/trgovina\/wp-json\/wp\/v2\/types\/product"}],"replies":[{"embeddable":true,"href":"https:\/\/www.iskreni.net\/trgovina\/wp-json\/wp\/v2\/comments?post=57483"}],"version-history":[{"count":6,"href":"https:\/\/www.iskreni.net\/trgovina\/wp-json\/wp\/v2\/product\/57483\/revisions"}],"predecessor-version":[{"id":57616,"href":"https:\/\/www.iskreni.net\/trgovina\/wp-json\/wp\/v2\/product\/57483\/revisions\/57616"}],"wp:featuredmedia":[{"embeddable":true,"href":"https:\/\/www.iskreni.net\/trgovina\/wp-json\/wp\/v2\/media\/57609"}],"wp:attachment":[{"href":"https:\/\/www.iskreni.net\/trgovina\/wp-json\/wp\/v2\/media?parent=57483"}],"wp:term":[{"taxonomy":"product_brand","embeddable":true,"href":"https:\/\/www.iskreni.net\/trgovina\/wp-json\/wp\/v2\/product_brand?post=57483"},{"taxonomy":"product_cat","embeddable":true,"href":"https:\/\/www.iskreni.net\/trgovina\/wp-json\/wp\/v2\/product_cat?post=57483"},{"taxonomy":"product_tag","embeddable":true,"href":"https:\/\/www.iskreni.net\/trgovina\/wp-json\/wp\/v2\/product_tag?post=57483"},{"taxonomy":"avtor","embeddable":true,"href":"https:\/\/www.iskreni.net\/trgovina\/wp-json\/wp\/v2\/avtor?post=57483"},{"taxonomy":"zalozba","embeddable":true,"href":"https:\/\/www.iskreni.net\/trgovina\/wp-json\/wp\/v2\/zalozba?post=57483"},{"taxonomy":"vezava","embeddable":true,"href":"https:\/\/www.iskreni.net\/trgovina\/wp-json\/wp\/v2\/vezava?post=57483"}],"curies":[{"name":"wp","href":"https:\/\/api.w.org\/{rel}","templated":true}]}}