{"id":57482,"date":"2022-07-20T14:07:55","date_gmt":"2022-07-20T12:07:55","guid":{"rendered":"https:\/\/www.iskreni.net\/trgovina\/?post_type=product&#038;p=57482"},"modified":"2024-02-01T14:10:41","modified_gmt":"2024-02-01T13:10:41","slug":"mini-komplet-sledi-sveta","status":"publish","type":"product","link":"https:\/\/www.iskreni.net\/trgovina\/product\/mini-komplet-sledi-sveta\/","title":{"rendered":"Mini komplet Sledi sveta"},"content":{"rendered":"<h5 class=\"te_product_name\">Mini komplet Sledi sveta<\/h5>\n<div class=\"o_not_editable\">\n<p class=\"te_prod_desc\">Zabavno pustolovska ter pou\u010dna dru\u017eabna igra za vse<\/p>\n<p>\u017divali iz razli\u010dnih celin so se odpravile raziskovat \u0161irni svet. Pri tem potrebujejo tvojo pomo\u010d. Pomagaj jim osvojiti celine z odgovori na vpra\u0161anja in nalogami, ki te \u010dakajo na poti. Dru\u017eabna igra s podigrami spodbuja razmi\u0161ljanje, motori\u010dne spretnosti, spomin, koordinacijo, domi\u0161ljijo, bogati besedni zaklad in odpira nove teme za pogovor.<\/p>\n<p>Na poti te \u010dakajo razli\u010dne naloge. Tekmuj, sodeluj in zbiraj \u017eige celin in diamante vse do konca poti. Za opravljeno nalogo dobi\u0161 diamant. Ko zbere\u0161 3 diamante (opravi\u0161 3 naloge \u2013 pravilno odgovori\u0161 na vpra\u0161anja ali zaigra\u0161 podigro), lahko le te zamenja\u0161 za \u017eig celine, ki ti manjka. Zmagovalec je tisti, ki zbere do cilja najve\u010d \u017eigov oziroma vse \u017eige celin. Del dru\u017eabne igre so podigre, ki jih lahko igra\u0161 tudi samostojno, neodvisno od celotne igre.<\/p>\n<p>Igra ne vklju\u010duje odgovorov na vpra\u0161anja, ker je njen namen raziskovanje. \u010ce nih\u010de ne pozna odgovora, pobrskajte po knjigah, atlasu ali po internetu. Internet ni pripomo\u010dek za re\u0161itve, je le pomo\u010d, ko odgovora ne pozna nih\u010de od igralcev.<\/p>\n<p>Za za\u010detek igre postavite figure na polje start. Igro za\u010dnete z metom kocke (za za\u010detek igre ne potrebujete met kocke 6). Potujete lahko v razli\u010dne smeri, po najkraj\u0161i poti ali izberete najdalj\u0161o pot. Lahko potujete naprej ali nazaj, levo ali desno \u2026 Sami se lahko odlo\u010dite, na kak\u0161en na\u010din boste dobili \u010dim ve\u010d \u017eigov ali diamantov, s katerimi boste kupili \u017eige manjkajo\u010dih celin. Cilj igre je pripotovati do cilja in hkrati zbrati \u010dim ve\u010d \u017eigov oziroma \u017eige vseh celin. \u017delimo vam prijetno zabavo.<\/p>\n<p>Mini komplet je sestavljen iz podlage 60 x 45 cm, igralnih figur (20 \u017eivali), diamantov (60 kosov), \u017eigov (50 kosov) igralne kocke, karton\u010dkov z nalogami in navodili, 5 podiger z navodili v mo\u0161nji\u010dku, 10 listov A4, 2 svin\u010dnikov. Dru\u017eabna igra je shranjena v leseni \u0161katli.<br \/>\n1 SESTAVI DRU\u017dINO: 4 sestavljanke, 18 kos, 160\u2013200 mm<br \/>\n2 RIBOLOV: 200 x 200 mm, palica z vrvico, magneti, ribice in smeti 10 kosov, cca 40 mm<br \/>\n3 SPOMIN LISTI DREVES: 45 x 45 mm, 13 parov<br \/>\n4 LA\u010cNI \u010cRVI: podlaga 150 x 150 mm, 6 kosov in podlaga<br \/>\n5 VOLKALCA: podlaga 200 x 200 mm, 22 igralnih figur (krogci, 20 ovc, 2 volka (\u010drna))<\/p>\n<p>Kadarkoli lahko mini paket spremenite v max paket, tako da dokupite posami\u010dne podigre in sestavite celoto.<\/p>\n<p>Rok dobave 5-10 delovnih dni.<\/p>\n<\/div>\n","protected":false},"excerpt":{"rendered":"<h5>Zabavno pustolovska ter pou\u010dna dru\u017eabna igra za vse<\/h5>\n<p>\u017divali iz razli\u010dnih celin so se odpravile raziskovat \u0161irni svet. Pri tem potrebujejo tvojo pomo\u010d. Pomagaj jim osvojiti celine z odgovori na vpra\u0161anja in nalogami, ki te \u010dakajo na poti. Dru\u017eabna igra s podigrami spodbuja razmi\u0161ljanje, motori\u010dne spretnosti, spomin, koordinacijo, domi\u0161ljijo, bogati besedni zaklad in odpira nove teme za pogovor.<\/p>\n<p>Mini komplet je sestavljen iz podlage 60 x 45 cm, igralnih figur (20 \u017eivali), diamantov (60 kosov), \u017eigov (50 kosov) igralne kocke, karton\u010dkov z nalogami in navodili, 5 podiger z navodili v mo\u0161nji\u010dku, 10 listov A4, 2 svin\u010dnikov. Dru\u017eabna igra je shranjena v leseni \u0161katli.<br \/>\n1 SESTAVI DRU\u017dINO: 4 sestavljanke, 18 kos, 160\u2013200 mm<br \/>\n2 RIBOLOV: 200 x 200 mm, palica z vrvico, magneti, ribice in smeti 10 kosov, cca 40 mm<br \/>\n3 SPOMIN LISTI DREVES: 45 x 45 mm, 13 parov<br \/>\n4 LA\u010cNI \u010cRVI: podlaga 150 x 150 mm, 6 kosov in podlaga<br \/>\n5 VOLKALCA: podlaga 200 x 200 mm, 22 igralnih figur (krogci, 20 ovc, 2 volka (\u010drna))<\/p>\n<p>Kadarkoli lahko mini paket spremenite v max paket, tako da dokupite posami\u010dne podigre in sestavite celoto.<\/p>\n<h5>Rok dobave 5-10 delovnih dni.<\/h5>\n","protected":false},"featured_media":57606,"comment_status":"open","ping_status":"closed","template":"","meta":[],"product_brand":[],"product_cat":[323],"product_tag":[578,1342],"avtor":[],"zalozba":[],"vezava":[],"class_list":{"0":"post-57482","1":"product","2":"type-product","3":"status-publish","4":"has-post-thumbnail","6":"product_cat-lesene-didakticne-igrace","7":"product_tag-druzabna-igra","8":"product_tag-leseni-izdelki","10":"first","11":"onbackorder","12":"taxable","13":"shipping-taxable","14":"purchasable","15":"product-type-simple"},"yoast_head":"<!-- This site is optimized with the Yoast SEO plugin v26.3 - https:\/\/yoast.com\/wordpress\/plugins\/seo\/ -->\n<title>Mini komplet Sledi sveta - trgovina Iskreni<\/title>\n<meta name=\"description\" content=\"Mini komplet Sledi sveta je dru\u017eabna igra, kjer so se \u017eivali iz razli\u010dnih celin odpravile raziskovat \u0161irni svet. Pri tem potrebujejo tvojo pomo\u010d.\" \/>\n<meta name=\"robots\" content=\"index, follow, max-snippet:-1, max-image-preview:large, max-video-preview:-1\" \/>\n<link rel=\"canonical\" href=\"https:\/\/www.iskreni.net\/trgovina\/product\/mini-komplet-sledi-sveta\/\" \/>\n<meta property=\"og:locale\" content=\"sl_SI\" \/>\n<meta property=\"og:type\" content=\"article\" \/>\n<meta property=\"og:title\" content=\"min komplet Sledi sveta\" \/>\n<meta property=\"og:description\" content=\"Mini komplet Sledi sveta je dru\u017eabna igra, kjer so se \u017eivali iz razli\u010dnih celin odpravile raziskovat \u0161irni svet. Pri tem potrebujejo tvojo pomo\u010d.\" \/>\n<meta property=\"og:url\" content=\"https:\/\/www.iskreni.net\/trgovina\/product\/mini-komplet-sledi-sveta\/\" \/>\n<meta property=\"og:site_name\" content=\"Zavod Iskreni\" \/>\n<meta property=\"article:modified_time\" content=\"2024-02-01T13:10:41+00:00\" \/>\n<meta property=\"og:image\" content=\"https:\/\/www.iskreni.net\/trgovina\/wp-content\/uploads\/2022\/07\/Slike-za-spletno-SOCIAL.jpg\" \/>\n\t<meta property=\"og:image:width\" content=\"1200\" \/>\n\t<meta property=\"og:image:height\" content=\"674\" \/>\n\t<meta property=\"og:image:type\" content=\"image\/jpeg\" \/>\n<meta name=\"twitter:card\" content=\"summary_large_image\" \/>\n<meta name=\"twitter:label1\" content=\"Est. reading time\" \/>\n\t<meta name=\"twitter:data1\" content=\"3 minute\" \/>\n<script type=\"application\/ld+json\" class=\"yoast-schema-graph\">{\"@context\":\"https:\/\/schema.org\",\"@graph\":[{\"@type\":\"WebPage\",\"@id\":\"https:\/\/www.iskreni.net\/trgovina\/product\/mini-komplet-sledi-sveta\/\",\"url\":\"https:\/\/www.iskreni.net\/trgovina\/product\/mini-komplet-sledi-sveta\/\",\"name\":\"Mini komplet Sledi sveta - trgovina Iskreni\",\"isPartOf\":{\"@id\":\"https:\/\/www.iskreni.net\/trgovina\/#website\"},\"primaryImageOfPage\":{\"@id\":\"https:\/\/www.iskreni.net\/trgovina\/product\/mini-komplet-sledi-sveta\/#primaryimage\"},\"image\":{\"@id\":\"https:\/\/www.iskreni.net\/trgovina\/product\/mini-komplet-sledi-sveta\/#primaryimage\"},\"thumbnailUrl\":\"https:\/\/www.iskreni.net\/trgovina\/wp-content\/uploads\/2022\/07\/mini-SLedi-sveta.jpg\",\"datePublished\":\"2022-07-20T12:07:55+00:00\",\"dateModified\":\"2024-02-01T13:10:41+00:00\",\"description\":\"Mini komplet Sledi sveta je dru\u017eabna igra, kjer so se \u017eivali iz razli\u010dnih celin odpravile raziskovat \u0161irni svet. Pri tem potrebujejo tvojo pomo\u010d.\",\"breadcrumb\":{\"@id\":\"https:\/\/www.iskreni.net\/trgovina\/product\/mini-komplet-sledi-sveta\/#breadcrumb\"},\"inLanguage\":\"sl-SI\",\"potentialAction\":[{\"@type\":\"ReadAction\",\"target\":[\"https:\/\/www.iskreni.net\/trgovina\/product\/mini-komplet-sledi-sveta\/\"]}]},{\"@type\":\"ImageObject\",\"inLanguage\":\"sl-SI\",\"@id\":\"https:\/\/www.iskreni.net\/trgovina\/product\/mini-komplet-sledi-sveta\/#primaryimage\",\"url\":\"https:\/\/www.iskreni.net\/trgovina\/wp-content\/uploads\/2022\/07\/mini-SLedi-sveta.jpg\",\"contentUrl\":\"https:\/\/www.iskreni.net\/trgovina\/wp-content\/uploads\/2022\/07\/mini-SLedi-sveta.jpg\",\"width\":1024,\"height\":1024},{\"@type\":\"BreadcrumbList\",\"@id\":\"https:\/\/www.iskreni.net\/trgovina\/product\/mini-komplet-sledi-sveta\/#breadcrumb\",\"itemListElement\":[{\"@type\":\"ListItem\",\"position\":1,\"name\":\"Home\",\"item\":\"https:\/\/www.iskreni.net\/trgovina\/\"},{\"@type\":\"ListItem\",\"position\":2,\"name\":\"Trgovina\",\"item\":\"https:\/\/www.iskreni.net\/trgovina\/trgovina\/\"},{\"@type\":\"ListItem\",\"position\":3,\"name\":\"Mini komplet Sledi sveta\"}]},{\"@type\":\"WebSite\",\"@id\":\"https:\/\/www.iskreni.net\/trgovina\/#website\",\"url\":\"https:\/\/www.iskreni.net\/trgovina\/\",\"name\":\"Zavod Iskreni\",\"description\":\"trgovina\",\"potentialAction\":[{\"@type\":\"SearchAction\",\"target\":{\"@type\":\"EntryPoint\",\"urlTemplate\":\"https:\/\/www.iskreni.net\/trgovina\/?s={search_term_string}\"},\"query-input\":{\"@type\":\"PropertyValueSpecification\",\"valueRequired\":true,\"valueName\":\"search_term_string\"}}],\"inLanguage\":\"sl-SI\"}]}<\/script>\n<!-- \/ Yoast SEO plugin. -->","yoast_head_json":{"title":"Mini komplet Sledi sveta - trgovina Iskreni","description":"Mini komplet Sledi sveta je dru\u017eabna igra, kjer so se \u017eivali iz razli\u010dnih celin odpravile raziskovat \u0161irni svet. Pri tem potrebujejo tvojo pomo\u010d.","robots":{"index":"index","follow":"follow","max-snippet":"max-snippet:-1","max-image-preview":"max-image-preview:large","max-video-preview":"max-video-preview:-1"},"canonical":"https:\/\/www.iskreni.net\/trgovina\/product\/mini-komplet-sledi-sveta\/","og_locale":"sl_SI","og_type":"article","og_title":"min komplet Sledi sveta","og_description":"Mini komplet Sledi sveta je dru\u017eabna igra, kjer so se \u017eivali iz razli\u010dnih celin odpravile raziskovat \u0161irni svet. Pri tem potrebujejo tvojo pomo\u010d.","og_url":"https:\/\/www.iskreni.net\/trgovina\/product\/mini-komplet-sledi-sveta\/","og_site_name":"Zavod Iskreni","article_modified_time":"2024-02-01T13:10:41+00:00","og_image":[{"width":1200,"height":674,"url":"https:\/\/www.iskreni.net\/trgovina\/wp-content\/uploads\/2022\/07\/Slike-za-spletno-SOCIAL.jpg","type":"image\/jpeg"}],"twitter_card":"summary_large_image","twitter_misc":{"Est. reading time":"3 minute"},"schema":{"@context":"https:\/\/schema.org","@graph":[{"@type":"WebPage","@id":"https:\/\/www.iskreni.net\/trgovina\/product\/mini-komplet-sledi-sveta\/","url":"https:\/\/www.iskreni.net\/trgovina\/product\/mini-komplet-sledi-sveta\/","name":"Mini komplet Sledi sveta - trgovina Iskreni","isPartOf":{"@id":"https:\/\/www.iskreni.net\/trgovina\/#website"},"primaryImageOfPage":{"@id":"https:\/\/www.iskreni.net\/trgovina\/product\/mini-komplet-sledi-sveta\/#primaryimage"},"image":{"@id":"https:\/\/www.iskreni.net\/trgovina\/product\/mini-komplet-sledi-sveta\/#primaryimage"},"thumbnailUrl":"https:\/\/www.iskreni.net\/trgovina\/wp-content\/uploads\/2022\/07\/mini-SLedi-sveta.jpg","datePublished":"2022-07-20T12:07:55+00:00","dateModified":"2024-02-01T13:10:41+00:00","description":"Mini komplet Sledi sveta je dru\u017eabna igra, kjer so se \u017eivali iz razli\u010dnih celin odpravile raziskovat \u0161irni svet. Pri tem potrebujejo tvojo pomo\u010d.","breadcrumb":{"@id":"https:\/\/www.iskreni.net\/trgovina\/product\/mini-komplet-sledi-sveta\/#breadcrumb"},"inLanguage":"sl-SI","potentialAction":[{"@type":"ReadAction","target":["https:\/\/www.iskreni.net\/trgovina\/product\/mini-komplet-sledi-sveta\/"]}]},{"@type":"ImageObject","inLanguage":"sl-SI","@id":"https:\/\/www.iskreni.net\/trgovina\/product\/mini-komplet-sledi-sveta\/#primaryimage","url":"https:\/\/www.iskreni.net\/trgovina\/wp-content\/uploads\/2022\/07\/mini-SLedi-sveta.jpg","contentUrl":"https:\/\/www.iskreni.net\/trgovina\/wp-content\/uploads\/2022\/07\/mini-SLedi-sveta.jpg","width":1024,"height":1024},{"@type":"BreadcrumbList","@id":"https:\/\/www.iskreni.net\/trgovina\/product\/mini-komplet-sledi-sveta\/#breadcrumb","itemListElement":[{"@type":"ListItem","position":1,"name":"Home","item":"https:\/\/www.iskreni.net\/trgovina\/"},{"@type":"ListItem","position":2,"name":"Trgovina","item":"https:\/\/www.iskreni.net\/trgovina\/trgovina\/"},{"@type":"ListItem","position":3,"name":"Mini komplet Sledi sveta"}]},{"@type":"WebSite","@id":"https:\/\/www.iskreni.net\/trgovina\/#website","url":"https:\/\/www.iskreni.net\/trgovina\/","name":"Zavod Iskreni","description":"trgovina","potentialAction":[{"@type":"SearchAction","target":{"@type":"EntryPoint","urlTemplate":"https:\/\/www.iskreni.net\/trgovina\/?s={search_term_string}"},"query-input":{"@type":"PropertyValueSpecification","valueRequired":true,"valueName":"search_term_string"}}],"inLanguage":"sl-SI"}]}},"_links":{"self":[{"href":"https:\/\/www.iskreni.net\/trgovina\/wp-json\/wp\/v2\/product\/57482","targetHints":{"allow":["GET"]}}],"collection":[{"href":"https:\/\/www.iskreni.net\/trgovina\/wp-json\/wp\/v2\/product"}],"about":[{"href":"https:\/\/www.iskreni.net\/trgovina\/wp-json\/wp\/v2\/types\/product"}],"replies":[{"embeddable":true,"href":"https:\/\/www.iskreni.net\/trgovina\/wp-json\/wp\/v2\/comments?post=57482"}],"version-history":[{"count":6,"href":"https:\/\/www.iskreni.net\/trgovina\/wp-json\/wp\/v2\/product\/57482\/revisions"}],"predecessor-version":[{"id":57617,"href":"https:\/\/www.iskreni.net\/trgovina\/wp-json\/wp\/v2\/product\/57482\/revisions\/57617"}],"wp:featuredmedia":[{"embeddable":true,"href":"https:\/\/www.iskreni.net\/trgovina\/wp-json\/wp\/v2\/media\/57606"}],"wp:attachment":[{"href":"https:\/\/www.iskreni.net\/trgovina\/wp-json\/wp\/v2\/media?parent=57482"}],"wp:term":[{"taxonomy":"product_brand","embeddable":true,"href":"https:\/\/www.iskreni.net\/trgovina\/wp-json\/wp\/v2\/product_brand?post=57482"},{"taxonomy":"product_cat","embeddable":true,"href":"https:\/\/www.iskreni.net\/trgovina\/wp-json\/wp\/v2\/product_cat?post=57482"},{"taxonomy":"product_tag","embeddable":true,"href":"https:\/\/www.iskreni.net\/trgovina\/wp-json\/wp\/v2\/product_tag?post=57482"},{"taxonomy":"avtor","embeddable":true,"href":"https:\/\/www.iskreni.net\/trgovina\/wp-json\/wp\/v2\/avtor?post=57482"},{"taxonomy":"zalozba","embeddable":true,"href":"https:\/\/www.iskreni.net\/trgovina\/wp-json\/wp\/v2\/zalozba?post=57482"},{"taxonomy":"vezava","embeddable":true,"href":"https:\/\/www.iskreni.net\/trgovina\/wp-json\/wp\/v2\/vezava?post=57482"}],"curies":[{"name":"wp","href":"https:\/\/api.w.org\/{rel}","templated":true}]}}