{"id":57196,"date":"2022-06-30T10:49:18","date_gmt":"2022-06-30T08:49:18","guid":{"rendered":"https:\/\/www.iskreni.net\/trgovina\/?post_type=product&#038;p=57196"},"modified":"2023-10-20T12:07:31","modified_gmt":"2023-10-20T10:07:31","slug":"visnjin-dnevnik-okameneli-zivalski-vrt","status":"publish","type":"product","link":"https:\/\/www.iskreni.net\/trgovina\/product\/visnjin-dnevnik-okameneli-zivalski-vrt\/","title":{"rendered":"Vi\u0161njin dnevnik: Okameneli \u017eivalski vrt"},"content":{"rendered":"<h4>O knjigi Vi\u0161njin dnevnik: Okameneli \u017eivalski vrt:<\/h4>\n<p>Vi\u0161nja je 11-letna deklica, ki \u017eivi sama z mamo. Sanja o tem, da bi postala romanopiska. Njena najljub\u0161a tema: ljudje in \u0161e posebej odrasli. Rada jih opazuje, da bi posku\u0161ala uganiti njihove skrivnosti. Kot na primer skrivnostnega Michela&#8230; Vsako nedeljo ta nenavadni starec hiti v gozd in nosi s seboj v roki velike lonce barve. Kaj po\u010dne tam cel dan? In zakaj je videti tako \u017ealosten, ko se pono\u010di vrne domov? Sledite Vi\u0161nji v osr\u010dje gozda, kjer se odvija njena prva preiskava.<\/p>\n<p><a href=\"https:\/\/www.iskreni.net\/trgovina\/wp-content\/uploads\/2023\/10\/Visnjin-dnevnik_internet_opt.pdf\">Prelistajte knjigo<\/a><\/p>\n","protected":false},"excerpt":{"rendered":"<p><strong>Prevod: <\/strong>Sonja Ben\u010dina<br \/>\n<strong>\u0160tevilo strani:<\/strong> 80<br \/>\n<strong>Leto izdaje:<\/strong> 2022<br \/>\n<strong>Mere:<\/strong> 220 x 294 mm<\/p>\n<h5>Vi\u0161njin dnevnik: Okameneli \u017eivalski vrt je prva pustolov\u0161\u010dina 11-letne Vi\u0161nje, ki \u017eeli postati romanopiska.<\/h5>\n<p><a href=\"https:\/\/www.iskreni.net\/trgovina\/wp-content\/uploads\/2023\/10\/Visnjin-dnevnik_internet_opt.pdf\">Prelistajte knjigo<\/a><\/p>\n","protected":false},"featured_media":57161,"comment_status":"open","ping_status":"closed","template":"","meta":[],"product_brand":[],"product_cat":[63,135],"product_tag":[],"avtor":[2549,2548],"zalozba":[2311],"vezava":[2306],"class_list":{"0":"post-57196","1":"product","2":"type-product","3":"status-publish","4":"has-post-thumbnail","6":"product_cat-knjige","7":"product_cat-za-otroke","8":"avtor-aurelie-neyret","9":"avtor-joris-chamblain","10":"zalozba-druzina","11":"vezava-trda","13":"first","14":"instock","15":"taxable","16":"shipping-taxable","17":"purchasable","18":"product-type-simple"},"yoast_head":"<!-- This site is optimized with the Yoast SEO plugin v26.3 - https:\/\/yoast.com\/wordpress\/plugins\/seo\/ -->\n<title>Vi\u0161njin dnevnik: Okameneli \u017eivalski vrt - trgovina Iskreni<\/title>\n<meta name=\"description\" content=\"Vi\u0161njin dnevnik: Okameneli \u017eivalski vrt je prva pustolov\u0161\u010dina 11-letne Vi\u0161nje, ki \u017eeli postati romanopiska.\" \/>\n<meta name=\"robots\" content=\"index, follow, max-snippet:-1, max-image-preview:large, max-video-preview:-1\" \/>\n<link rel=\"canonical\" href=\"https:\/\/www.iskreni.net\/trgovina\/product\/visnjin-dnevnik-okameneli-zivalski-vrt\/\" \/>\n<meta property=\"og:locale\" content=\"sl_SI\" \/>\n<meta property=\"og:type\" content=\"article\" \/>\n<meta property=\"og:title\" content=\"Vi\u0161njin dnevnik: Okameneli \u017eivalski vrt\" \/>\n<meta property=\"og:description\" content=\"Vi\u0161njin dnevnik: Okameneli \u017eivalski vrt je prva pustolov\u0161\u010dina 11-letne Vi\u0161nje, ki \u017eeli postati romanopiska.\" \/>\n<meta property=\"og:url\" content=\"https:\/\/www.iskreni.net\/trgovina\/product\/visnjin-dnevnik-okameneli-zivalski-vrt\/\" \/>\n<meta property=\"og:site_name\" content=\"Zavod Iskreni\" \/>\n<meta property=\"article:modified_time\" content=\"2023-10-20T10:07:31+00:00\" \/>\n<meta property=\"og:image\" content=\"https:\/\/www.iskreni.net\/trgovina\/wp-content\/uploads\/2022\/06\/1.jpg\" \/>\n\t<meta property=\"og:image:width\" content=\"1200\" \/>\n\t<meta property=\"og:image:height\" content=\"674\" \/>\n\t<meta property=\"og:image:type\" content=\"image\/jpeg\" \/>\n<meta name=\"twitter:card\" content=\"summary_large_image\" \/>\n<meta name=\"twitter:label1\" content=\"Est. reading time\" \/>\n\t<meta name=\"twitter:data1\" content=\"1 minuta\" \/>\n<script type=\"application\/ld+json\" class=\"yoast-schema-graph\">{\"@context\":\"https:\/\/schema.org\",\"@graph\":[{\"@type\":\"WebPage\",\"@id\":\"https:\/\/www.iskreni.net\/trgovina\/product\/visnjin-dnevnik-okameneli-zivalski-vrt\/\",\"url\":\"https:\/\/www.iskreni.net\/trgovina\/product\/visnjin-dnevnik-okameneli-zivalski-vrt\/\",\"name\":\"Vi\u0161njin dnevnik: Okameneli \u017eivalski vrt - trgovina Iskreni\",\"isPartOf\":{\"@id\":\"https:\/\/www.iskreni.net\/trgovina\/#website\"},\"primaryImageOfPage\":{\"@id\":\"https:\/\/www.iskreni.net\/trgovina\/product\/visnjin-dnevnik-okameneli-zivalski-vrt\/#primaryimage\"},\"image\":{\"@id\":\"https:\/\/www.iskreni.net\/trgovina\/product\/visnjin-dnevnik-okameneli-zivalski-vrt\/#primaryimage\"},\"thumbnailUrl\":\"https:\/\/www.iskreni.net\/trgovina\/wp-content\/uploads\/2022\/06\/4-3.jpg\",\"datePublished\":\"2022-06-30T08:49:18+00:00\",\"dateModified\":\"2023-10-20T10:07:31+00:00\",\"description\":\"Vi\u0161njin dnevnik: Okameneli \u017eivalski vrt je prva pustolov\u0161\u010dina 11-letne Vi\u0161nje, ki \u017eeli postati romanopiska.\",\"breadcrumb\":{\"@id\":\"https:\/\/www.iskreni.net\/trgovina\/product\/visnjin-dnevnik-okameneli-zivalski-vrt\/#breadcrumb\"},\"inLanguage\":\"sl-SI\",\"potentialAction\":[{\"@type\":\"ReadAction\",\"target\":[\"https:\/\/www.iskreni.net\/trgovina\/product\/visnjin-dnevnik-okameneli-zivalski-vrt\/\"]}]},{\"@type\":\"ImageObject\",\"inLanguage\":\"sl-SI\",\"@id\":\"https:\/\/www.iskreni.net\/trgovina\/product\/visnjin-dnevnik-okameneli-zivalski-vrt\/#primaryimage\",\"url\":\"https:\/\/www.iskreni.net\/trgovina\/wp-content\/uploads\/2022\/06\/4-3.jpg\",\"contentUrl\":\"https:\/\/www.iskreni.net\/trgovina\/wp-content\/uploads\/2022\/06\/4-3.jpg\",\"width\":600,\"height\":600},{\"@type\":\"BreadcrumbList\",\"@id\":\"https:\/\/www.iskreni.net\/trgovina\/product\/visnjin-dnevnik-okameneli-zivalski-vrt\/#breadcrumb\",\"itemListElement\":[{\"@type\":\"ListItem\",\"position\":1,\"name\":\"Home\",\"item\":\"https:\/\/www.iskreni.net\/trgovina\/\"},{\"@type\":\"ListItem\",\"position\":2,\"name\":\"Trgovina\",\"item\":\"https:\/\/www.iskreni.net\/trgovina\/trgovina\/\"},{\"@type\":\"ListItem\",\"position\":3,\"name\":\"Vi\u0161njin dnevnik: Okameneli \u017eivalski vrt\"}]},{\"@type\":\"WebSite\",\"@id\":\"https:\/\/www.iskreni.net\/trgovina\/#website\",\"url\":\"https:\/\/www.iskreni.net\/trgovina\/\",\"name\":\"Zavod Iskreni\",\"description\":\"trgovina\",\"potentialAction\":[{\"@type\":\"SearchAction\",\"target\":{\"@type\":\"EntryPoint\",\"urlTemplate\":\"https:\/\/www.iskreni.net\/trgovina\/?s={search_term_string}\"},\"query-input\":{\"@type\":\"PropertyValueSpecification\",\"valueRequired\":true,\"valueName\":\"search_term_string\"}}],\"inLanguage\":\"sl-SI\"}]}<\/script>\n<!-- \/ Yoast SEO plugin. -->","yoast_head_json":{"title":"Vi\u0161njin dnevnik: Okameneli \u017eivalski vrt - trgovina Iskreni","description":"Vi\u0161njin dnevnik: Okameneli \u017eivalski vrt je prva pustolov\u0161\u010dina 11-letne Vi\u0161nje, ki \u017eeli postati romanopiska.","robots":{"index":"index","follow":"follow","max-snippet":"max-snippet:-1","max-image-preview":"max-image-preview:large","max-video-preview":"max-video-preview:-1"},"canonical":"https:\/\/www.iskreni.net\/trgovina\/product\/visnjin-dnevnik-okameneli-zivalski-vrt\/","og_locale":"sl_SI","og_type":"article","og_title":"Vi\u0161njin dnevnik: Okameneli \u017eivalski vrt","og_description":"Vi\u0161njin dnevnik: Okameneli \u017eivalski vrt je prva pustolov\u0161\u010dina 11-letne Vi\u0161nje, ki \u017eeli postati romanopiska.","og_url":"https:\/\/www.iskreni.net\/trgovina\/product\/visnjin-dnevnik-okameneli-zivalski-vrt\/","og_site_name":"Zavod Iskreni","article_modified_time":"2023-10-20T10:07:31+00:00","og_image":[{"width":1200,"height":674,"url":"https:\/\/www.iskreni.net\/trgovina\/wp-content\/uploads\/2022\/06\/1.jpg","type":"image\/jpeg"}],"twitter_card":"summary_large_image","twitter_misc":{"Est. reading time":"1 minuta"},"schema":{"@context":"https:\/\/schema.org","@graph":[{"@type":"WebPage","@id":"https:\/\/www.iskreni.net\/trgovina\/product\/visnjin-dnevnik-okameneli-zivalski-vrt\/","url":"https:\/\/www.iskreni.net\/trgovina\/product\/visnjin-dnevnik-okameneli-zivalski-vrt\/","name":"Vi\u0161njin dnevnik: Okameneli \u017eivalski vrt - trgovina Iskreni","isPartOf":{"@id":"https:\/\/www.iskreni.net\/trgovina\/#website"},"primaryImageOfPage":{"@id":"https:\/\/www.iskreni.net\/trgovina\/product\/visnjin-dnevnik-okameneli-zivalski-vrt\/#primaryimage"},"image":{"@id":"https:\/\/www.iskreni.net\/trgovina\/product\/visnjin-dnevnik-okameneli-zivalski-vrt\/#primaryimage"},"thumbnailUrl":"https:\/\/www.iskreni.net\/trgovina\/wp-content\/uploads\/2022\/06\/4-3.jpg","datePublished":"2022-06-30T08:49:18+00:00","dateModified":"2023-10-20T10:07:31+00:00","description":"Vi\u0161njin dnevnik: Okameneli \u017eivalski vrt je prva pustolov\u0161\u010dina 11-letne Vi\u0161nje, ki \u017eeli postati romanopiska.","breadcrumb":{"@id":"https:\/\/www.iskreni.net\/trgovina\/product\/visnjin-dnevnik-okameneli-zivalski-vrt\/#breadcrumb"},"inLanguage":"sl-SI","potentialAction":[{"@type":"ReadAction","target":["https:\/\/www.iskreni.net\/trgovina\/product\/visnjin-dnevnik-okameneli-zivalski-vrt\/"]}]},{"@type":"ImageObject","inLanguage":"sl-SI","@id":"https:\/\/www.iskreni.net\/trgovina\/product\/visnjin-dnevnik-okameneli-zivalski-vrt\/#primaryimage","url":"https:\/\/www.iskreni.net\/trgovina\/wp-content\/uploads\/2022\/06\/4-3.jpg","contentUrl":"https:\/\/www.iskreni.net\/trgovina\/wp-content\/uploads\/2022\/06\/4-3.jpg","width":600,"height":600},{"@type":"BreadcrumbList","@id":"https:\/\/www.iskreni.net\/trgovina\/product\/visnjin-dnevnik-okameneli-zivalski-vrt\/#breadcrumb","itemListElement":[{"@type":"ListItem","position":1,"name":"Home","item":"https:\/\/www.iskreni.net\/trgovina\/"},{"@type":"ListItem","position":2,"name":"Trgovina","item":"https:\/\/www.iskreni.net\/trgovina\/trgovina\/"},{"@type":"ListItem","position":3,"name":"Vi\u0161njin dnevnik: Okameneli \u017eivalski vrt"}]},{"@type":"WebSite","@id":"https:\/\/www.iskreni.net\/trgovina\/#website","url":"https:\/\/www.iskreni.net\/trgovina\/","name":"Zavod Iskreni","description":"trgovina","potentialAction":[{"@type":"SearchAction","target":{"@type":"EntryPoint","urlTemplate":"https:\/\/www.iskreni.net\/trgovina\/?s={search_term_string}"},"query-input":{"@type":"PropertyValueSpecification","valueRequired":true,"valueName":"search_term_string"}}],"inLanguage":"sl-SI"}]}},"_links":{"self":[{"href":"https:\/\/www.iskreni.net\/trgovina\/wp-json\/wp\/v2\/product\/57196","targetHints":{"allow":["GET"]}}],"collection":[{"href":"https:\/\/www.iskreni.net\/trgovina\/wp-json\/wp\/v2\/product"}],"about":[{"href":"https:\/\/www.iskreni.net\/trgovina\/wp-json\/wp\/v2\/types\/product"}],"replies":[{"embeddable":true,"href":"https:\/\/www.iskreni.net\/trgovina\/wp-json\/wp\/v2\/comments?post=57196"}],"version-history":[{"count":5,"href":"https:\/\/www.iskreni.net\/trgovina\/wp-json\/wp\/v2\/product\/57196\/revisions"}],"predecessor-version":[{"id":70263,"href":"https:\/\/www.iskreni.net\/trgovina\/wp-json\/wp\/v2\/product\/57196\/revisions\/70263"}],"wp:featuredmedia":[{"embeddable":true,"href":"https:\/\/www.iskreni.net\/trgovina\/wp-json\/wp\/v2\/media\/57161"}],"wp:attachment":[{"href":"https:\/\/www.iskreni.net\/trgovina\/wp-json\/wp\/v2\/media?parent=57196"}],"wp:term":[{"taxonomy":"product_brand","embeddable":true,"href":"https:\/\/www.iskreni.net\/trgovina\/wp-json\/wp\/v2\/product_brand?post=57196"},{"taxonomy":"product_cat","embeddable":true,"href":"https:\/\/www.iskreni.net\/trgovina\/wp-json\/wp\/v2\/product_cat?post=57196"},{"taxonomy":"product_tag","embeddable":true,"href":"https:\/\/www.iskreni.net\/trgovina\/wp-json\/wp\/v2\/product_tag?post=57196"},{"taxonomy":"avtor","embeddable":true,"href":"https:\/\/www.iskreni.net\/trgovina\/wp-json\/wp\/v2\/avtor?post=57196"},{"taxonomy":"zalozba","embeddable":true,"href":"https:\/\/www.iskreni.net\/trgovina\/wp-json\/wp\/v2\/zalozba?post=57196"},{"taxonomy":"vezava","embeddable":true,"href":"https:\/\/www.iskreni.net\/trgovina\/wp-json\/wp\/v2\/vezava?post=57196"}],"curies":[{"name":"wp","href":"https:\/\/api.w.org\/{rel}","templated":true}]}}