{"id":57191,"date":"2022-06-30T10:42:48","date_gmt":"2022-06-30T08:42:48","guid":{"rendered":"https:\/\/www.iskreni.net\/trgovina\/?post_type=product&#038;p=57191"},"modified":"2023-07-21T14:44:16","modified_gmt":"2023-07-21T12:44:16","slug":"bombazna-vrecka-iskreni","status":"publish","type":"product","link":"https:\/\/www.iskreni.net\/trgovina\/product\/bombazna-vrecka-iskreni\/","title":{"rendered":"Bomba\u017ena vre\u010dka Iskreni"},"content":{"rendered":"","protected":false},"excerpt":{"rendered":"<p>Bomba\u017ena vre\u010dka Iskreni je namenjena za ve\u010dkratno uporabo in primerna tudi za vsakdanje nakupe, prina\u0161anje malice na delovno mesto ipd.<\/p>\n","protected":false},"featured_media":57194,"comment_status":"open","ping_status":"closed","template":"","meta":[],"product_brand":[],"product_cat":[2320],"product_tag":[],"avtor":[],"zalozba":[2305],"vezava":[],"class_list":{"0":"post-57191","1":"product","2":"type-product","3":"status-publish","4":"has-post-thumbnail","6":"product_cat-dodatna-ponudba","7":"zalozba-zavod-iskreni","9":"first","10":"instock","11":"taxable","12":"shipping-taxable","13":"purchasable","14":"product-type-simple"},"yoast_head":"<!-- This site is optimized with the Yoast SEO plugin v26.3 - https:\/\/yoast.com\/wordpress\/plugins\/seo\/ -->\n<title>Bomba\u017ena vre\u010dka Iskreni - Zavod Iskreni<\/title>\n<meta name=\"description\" content=\"Bomba\u017ena vre\u010dka Iskreni je namenjena za ve\u010dkratno uporabo in primerna tudi za vsakdanje nakupe, prina\u0161anje malice na delovno mesto ipd.\" \/>\n<meta name=\"robots\" content=\"index, follow, max-snippet:-1, max-image-preview:large, max-video-preview:-1\" \/>\n<link rel=\"canonical\" href=\"https:\/\/www.iskreni.net\/trgovina\/product\/bombazna-vrecka-iskreni\/\" \/>\n<meta property=\"og:locale\" content=\"sl_SI\" \/>\n<meta property=\"og:type\" content=\"article\" \/>\n<meta property=\"og:title\" content=\"Bomba\u017ena vre\u010dka Iskreni - Zavod Iskreni\" \/>\n<meta property=\"og:description\" content=\"Bomba\u017ena vre\u010dka Iskreni je namenjena za ve\u010dkratno uporabo in primerna tudi za vsakdanje nakupe, prina\u0161anje malice na delovno mesto ipd.\" \/>\n<meta property=\"og:url\" content=\"https:\/\/www.iskreni.net\/trgovina\/product\/bombazna-vrecka-iskreni\/\" \/>\n<meta property=\"og:site_name\" content=\"Zavod Iskreni\" \/>\n<meta property=\"article:modified_time\" content=\"2023-07-21T12:44:16+00:00\" \/>\n<meta property=\"og:image\" content=\"https:\/\/www.iskreni.net\/trgovina\/wp-content\/uploads\/2022\/06\/vrecka-spletna.png\" \/>\n\t<meta property=\"og:image:width\" content=\"788\" \/>\n\t<meta property=\"og:image:height\" content=\"788\" \/>\n\t<meta property=\"og:image:type\" content=\"image\/png\" \/>\n<meta name=\"twitter:card\" content=\"summary_large_image\" \/>\n<script type=\"application\/ld+json\" class=\"yoast-schema-graph\">{\"@context\":\"https:\/\/schema.org\",\"@graph\":[{\"@type\":\"WebPage\",\"@id\":\"https:\/\/www.iskreni.net\/trgovina\/product\/bombazna-vrecka-iskreni\/\",\"url\":\"https:\/\/www.iskreni.net\/trgovina\/product\/bombazna-vrecka-iskreni\/\",\"name\":\"Bomba\u017ena vre\u010dka Iskreni - Zavod Iskreni\",\"isPartOf\":{\"@id\":\"https:\/\/www.iskreni.net\/trgovina\/#website\"},\"primaryImageOfPage\":{\"@id\":\"https:\/\/www.iskreni.net\/trgovina\/product\/bombazna-vrecka-iskreni\/#primaryimage\"},\"image\":{\"@id\":\"https:\/\/www.iskreni.net\/trgovina\/product\/bombazna-vrecka-iskreni\/#primaryimage\"},\"thumbnailUrl\":\"https:\/\/www.iskreni.net\/trgovina\/wp-content\/uploads\/2022\/06\/vrecka-spletna.png\",\"datePublished\":\"2022-06-30T08:42:48+00:00\",\"dateModified\":\"2023-07-21T12:44:16+00:00\",\"description\":\"Bomba\u017ena vre\u010dka Iskreni je namenjena za ve\u010dkratno uporabo in primerna tudi za vsakdanje nakupe, prina\u0161anje malice na delovno mesto ipd.\",\"breadcrumb\":{\"@id\":\"https:\/\/www.iskreni.net\/trgovina\/product\/bombazna-vrecka-iskreni\/#breadcrumb\"},\"inLanguage\":\"sl-SI\",\"potentialAction\":[{\"@type\":\"ReadAction\",\"target\":[\"https:\/\/www.iskreni.net\/trgovina\/product\/bombazna-vrecka-iskreni\/\"]}]},{\"@type\":\"ImageObject\",\"inLanguage\":\"sl-SI\",\"@id\":\"https:\/\/www.iskreni.net\/trgovina\/product\/bombazna-vrecka-iskreni\/#primaryimage\",\"url\":\"https:\/\/www.iskreni.net\/trgovina\/wp-content\/uploads\/2022\/06\/vrecka-spletna.png\",\"contentUrl\":\"https:\/\/www.iskreni.net\/trgovina\/wp-content\/uploads\/2022\/06\/vrecka-spletna.png\",\"width\":788,\"height\":788},{\"@type\":\"BreadcrumbList\",\"@id\":\"https:\/\/www.iskreni.net\/trgovina\/product\/bombazna-vrecka-iskreni\/#breadcrumb\",\"itemListElement\":[{\"@type\":\"ListItem\",\"position\":1,\"name\":\"Home\",\"item\":\"https:\/\/www.iskreni.net\/trgovina\/\"},{\"@type\":\"ListItem\",\"position\":2,\"name\":\"Trgovina\",\"item\":\"https:\/\/www.iskreni.net\/trgovina\/trgovina\/\"},{\"@type\":\"ListItem\",\"position\":3,\"name\":\"Bomba\u017ena vre\u010dka Iskreni\"}]},{\"@type\":\"WebSite\",\"@id\":\"https:\/\/www.iskreni.net\/trgovina\/#website\",\"url\":\"https:\/\/www.iskreni.net\/trgovina\/\",\"name\":\"Zavod Iskreni\",\"description\":\"trgovina\",\"potentialAction\":[{\"@type\":\"SearchAction\",\"target\":{\"@type\":\"EntryPoint\",\"urlTemplate\":\"https:\/\/www.iskreni.net\/trgovina\/?s={search_term_string}\"},\"query-input\":{\"@type\":\"PropertyValueSpecification\",\"valueRequired\":true,\"valueName\":\"search_term_string\"}}],\"inLanguage\":\"sl-SI\"}]}<\/script>\n<!-- \/ Yoast SEO plugin. -->","yoast_head_json":{"title":"Bomba\u017ena vre\u010dka Iskreni - Zavod Iskreni","description":"Bomba\u017ena vre\u010dka Iskreni je namenjena za ve\u010dkratno uporabo in primerna tudi za vsakdanje nakupe, prina\u0161anje malice na delovno mesto ipd.","robots":{"index":"index","follow":"follow","max-snippet":"max-snippet:-1","max-image-preview":"max-image-preview:large","max-video-preview":"max-video-preview:-1"},"canonical":"https:\/\/www.iskreni.net\/trgovina\/product\/bombazna-vrecka-iskreni\/","og_locale":"sl_SI","og_type":"article","og_title":"Bomba\u017ena vre\u010dka Iskreni - Zavod Iskreni","og_description":"Bomba\u017ena vre\u010dka Iskreni je namenjena za ve\u010dkratno uporabo in primerna tudi za vsakdanje nakupe, prina\u0161anje malice na delovno mesto ipd.","og_url":"https:\/\/www.iskreni.net\/trgovina\/product\/bombazna-vrecka-iskreni\/","og_site_name":"Zavod Iskreni","article_modified_time":"2023-07-21T12:44:16+00:00","og_image":[{"width":788,"height":788,"url":"https:\/\/www.iskreni.net\/trgovina\/wp-content\/uploads\/2022\/06\/vrecka-spletna.png","type":"image\/png"}],"twitter_card":"summary_large_image","schema":{"@context":"https:\/\/schema.org","@graph":[{"@type":"WebPage","@id":"https:\/\/www.iskreni.net\/trgovina\/product\/bombazna-vrecka-iskreni\/","url":"https:\/\/www.iskreni.net\/trgovina\/product\/bombazna-vrecka-iskreni\/","name":"Bomba\u017ena vre\u010dka Iskreni - Zavod Iskreni","isPartOf":{"@id":"https:\/\/www.iskreni.net\/trgovina\/#website"},"primaryImageOfPage":{"@id":"https:\/\/www.iskreni.net\/trgovina\/product\/bombazna-vrecka-iskreni\/#primaryimage"},"image":{"@id":"https:\/\/www.iskreni.net\/trgovina\/product\/bombazna-vrecka-iskreni\/#primaryimage"},"thumbnailUrl":"https:\/\/www.iskreni.net\/trgovina\/wp-content\/uploads\/2022\/06\/vrecka-spletna.png","datePublished":"2022-06-30T08:42:48+00:00","dateModified":"2023-07-21T12:44:16+00:00","description":"Bomba\u017ena vre\u010dka Iskreni je namenjena za ve\u010dkratno uporabo in primerna tudi za vsakdanje nakupe, prina\u0161anje malice na delovno mesto ipd.","breadcrumb":{"@id":"https:\/\/www.iskreni.net\/trgovina\/product\/bombazna-vrecka-iskreni\/#breadcrumb"},"inLanguage":"sl-SI","potentialAction":[{"@type":"ReadAction","target":["https:\/\/www.iskreni.net\/trgovina\/product\/bombazna-vrecka-iskreni\/"]}]},{"@type":"ImageObject","inLanguage":"sl-SI","@id":"https:\/\/www.iskreni.net\/trgovina\/product\/bombazna-vrecka-iskreni\/#primaryimage","url":"https:\/\/www.iskreni.net\/trgovina\/wp-content\/uploads\/2022\/06\/vrecka-spletna.png","contentUrl":"https:\/\/www.iskreni.net\/trgovina\/wp-content\/uploads\/2022\/06\/vrecka-spletna.png","width":788,"height":788},{"@type":"BreadcrumbList","@id":"https:\/\/www.iskreni.net\/trgovina\/product\/bombazna-vrecka-iskreni\/#breadcrumb","itemListElement":[{"@type":"ListItem","position":1,"name":"Home","item":"https:\/\/www.iskreni.net\/trgovina\/"},{"@type":"ListItem","position":2,"name":"Trgovina","item":"https:\/\/www.iskreni.net\/trgovina\/trgovina\/"},{"@type":"ListItem","position":3,"name":"Bomba\u017ena vre\u010dka Iskreni"}]},{"@type":"WebSite","@id":"https:\/\/www.iskreni.net\/trgovina\/#website","url":"https:\/\/www.iskreni.net\/trgovina\/","name":"Zavod Iskreni","description":"trgovina","potentialAction":[{"@type":"SearchAction","target":{"@type":"EntryPoint","urlTemplate":"https:\/\/www.iskreni.net\/trgovina\/?s={search_term_string}"},"query-input":{"@type":"PropertyValueSpecification","valueRequired":true,"valueName":"search_term_string"}}],"inLanguage":"sl-SI"}]}},"_links":{"self":[{"href":"https:\/\/www.iskreni.net\/trgovina\/wp-json\/wp\/v2\/product\/57191","targetHints":{"allow":["GET"]}}],"collection":[{"href":"https:\/\/www.iskreni.net\/trgovina\/wp-json\/wp\/v2\/product"}],"about":[{"href":"https:\/\/www.iskreni.net\/trgovina\/wp-json\/wp\/v2\/types\/product"}],"replies":[{"embeddable":true,"href":"https:\/\/www.iskreni.net\/trgovina\/wp-json\/wp\/v2\/comments?post=57191"}],"version-history":[{"count":2,"href":"https:\/\/www.iskreni.net\/trgovina\/wp-json\/wp\/v2\/product\/57191\/revisions"}],"predecessor-version":[{"id":57195,"href":"https:\/\/www.iskreni.net\/trgovina\/wp-json\/wp\/v2\/product\/57191\/revisions\/57195"}],"wp:featuredmedia":[{"embeddable":true,"href":"https:\/\/www.iskreni.net\/trgovina\/wp-json\/wp\/v2\/media\/57194"}],"wp:attachment":[{"href":"https:\/\/www.iskreni.net\/trgovina\/wp-json\/wp\/v2\/media?parent=57191"}],"wp:term":[{"taxonomy":"product_brand","embeddable":true,"href":"https:\/\/www.iskreni.net\/trgovina\/wp-json\/wp\/v2\/product_brand?post=57191"},{"taxonomy":"product_cat","embeddable":true,"href":"https:\/\/www.iskreni.net\/trgovina\/wp-json\/wp\/v2\/product_cat?post=57191"},{"taxonomy":"product_tag","embeddable":true,"href":"https:\/\/www.iskreni.net\/trgovina\/wp-json\/wp\/v2\/product_tag?post=57191"},{"taxonomy":"avtor","embeddable":true,"href":"https:\/\/www.iskreni.net\/trgovina\/wp-json\/wp\/v2\/avtor?post=57191"},{"taxonomy":"zalozba","embeddable":true,"href":"https:\/\/www.iskreni.net\/trgovina\/wp-json\/wp\/v2\/zalozba?post=57191"},{"taxonomy":"vezava","embeddable":true,"href":"https:\/\/www.iskreni.net\/trgovina\/wp-json\/wp\/v2\/vezava?post=57191"}],"curies":[{"name":"wp","href":"https:\/\/api.w.org\/{rel}","templated":true}]}}