{"id":57169,"date":"2022-06-30T10:21:28","date_gmt":"2022-06-30T08:21:28","guid":{"rendered":"https:\/\/www.iskreni.net\/trgovina\/?post_type=product&#038;p=57169"},"modified":"2023-10-20T11:59:05","modified_gmt":"2023-10-20T09:59:05","slug":"tatica-iz-korinta","status":"publish","type":"product","link":"https:\/\/www.iskreni.net\/trgovina\/product\/tatica-iz-korinta\/","title":{"rendered":"Tatica iz Korinta"},"content":{"rendered":"<h4>O knjigi:<\/h4>\n<p>Gr\u0161ko mesto Korint je bilo v prvem stoletju izjemno bogato in priljubljeno med trgovci ter tujci. Seveda pa so v njem cveteli tudi kriminal, korupcija, pokvarjenost \u2013 to nevarno okolje je bilo popolno za Ariadnino najve\u010djo avanturo.<br \/>\nAriadna je k o\u010detu v Korint zbe\u017eala iz Aten, iz materine in dedkove hi\u0161e, da bi odkrila skrivnost, ki je uni\u010dila zakon njenih star\u0161ev. \u010ceprav Galen pripada vi\u0161jemu sloju, se pono\u010di prelevi v skrivnostnega tatu, ki si za \u017ertve izbira najbolj pokvarjene bogata\u0161e v mestu.<br \/>\nAriadna ga \u017eeli obvarovati, zato postane njegova pomo\u010dnica in s tem tvega dobro ime, svobodo in ljubezen mo\u0161kega, ki ga obo\u017euje. Ko pa ju nekdo odkrije, se njuna prihodnost znajde v veliki nevarnosti. V tem \u010dasu spoznata judovskega u\u010ditelja Pavla \u2013 njegovo oznanilo ju mo\u010dno izziva, a obenem ponuja nekaj, o \u010demer si nista drznila niti sanjati.<\/p>\n<h4>O avtorici:<\/h4>\n<p><strong>Tessa Afshar<\/strong>\u00a0se je rodila v Iranu v muslimanski dru\u017eini. Ko so se njeni star\u0161i lo\u010dili, se je pri \u0161tirinajstih letih preselila v Anglijo. \u0160tudij je nadaljevala v ZDA, ki so kasneje postale tudi njen dom. Pri dvajsetih se je spreobrnila v kr\u0161\u010danstvo in \u0161tudirala teologijo. Svoje znanje zdaj uporablja kot voditeljica bibli\u010dnih skupin za \u017eenske. V sloven\u0161\u010dini so \u017ee iz\u0161li njeni romani Dragulj v pesku, Na polju milosti, Zaklad rubinov, Pravi zaklad, Kraj ti\u0161ine in Kruh mo\u010dnih.<\/p>\n<p><a href=\"https:\/\/www.iskreni.net\/trgovina\/wp-content\/uploads\/2022\/06\/tatica-iz-korinta.pdf\">Prelistaj knjigo<\/a><\/p>\n","protected":false},"excerpt":{"rendered":"<p><strong>Prevod:<\/strong> Irena Modrijan<br \/>\n<strong>\u0160tevilo strani:<\/strong> 312<br \/>\n<strong>Leto izdaje:<\/strong> 2020<br \/>\n<strong>Mere:<\/strong> 140 x 210 mm<\/p>\n<p><a href=\"https:\/\/www.iskreni.net\/trgovina\/wp-content\/uploads\/2022\/06\/tatica-iz-korinta.pdf\">Prelistaj knjigo<\/a><\/p>\n","protected":false},"featured_media":57172,"comment_status":"open","ping_status":"closed","template":"","meta":[],"product_brand":[],"product_cat":[2325,63],"product_tag":[],"avtor":[2333],"zalozba":[2311],"vezava":[2307],"class_list":{"0":"post-57169","1":"product","2":"type-product","3":"status-publish","4":"has-post-thumbnail","6":"product_cat-leposlovje","7":"product_cat-knjige","8":"avtor-tessa-afshar","9":"zalozba-druzina","10":"vezava-mehka","12":"first","13":"instock","14":"taxable","15":"shipping-taxable","16":"purchasable","17":"product-type-simple"},"yoast_head":"<!-- This site is optimized with the Yoast SEO plugin v26.3 - https:\/\/yoast.com\/wordpress\/plugins\/seo\/ -->\n<title>Tatica iz Korinta - trgovina Iskreni<\/title>\n<meta name=\"description\" content=\"Tatica iz Korinta pripoveduje o Ariadni, ki je iz Aten zbe\u017eala k o\u010detu v Korint, da bi odkrila skrivnost, ki je uni\u010dila zakon njenih star\u0161ev.\" \/>\n<meta name=\"robots\" content=\"index, follow, max-snippet:-1, max-image-preview:large, max-video-preview:-1\" \/>\n<link rel=\"canonical\" href=\"https:\/\/www.iskreni.net\/trgovina\/product\/tatica-iz-korinta\/\" \/>\n<meta property=\"og:locale\" content=\"sl_SI\" \/>\n<meta property=\"og:type\" content=\"article\" \/>\n<meta property=\"og:title\" content=\"Tatica iz Korinta\" \/>\n<meta property=\"og:description\" content=\"Tatica iz Korinta pripoveduje o Ariadni, ki je iz Aten zbe\u017eala k o\u010detu v Korint, da bi odkrila skrivnost, ki je uni\u010dila zakon njenih star\u0161ev.\" \/>\n<meta property=\"og:url\" content=\"https:\/\/www.iskreni.net\/trgovina\/product\/tatica-iz-korinta\/\" \/>\n<meta property=\"og:site_name\" content=\"Zavod Iskreni\" \/>\n<meta property=\"article:modified_time\" content=\"2023-10-20T09:59:05+00:00\" \/>\n<meta property=\"og:image\" content=\"https:\/\/www.iskreni.net\/trgovina\/wp-content\/uploads\/2022\/06\/4-2.jpg\" \/>\n\t<meta property=\"og:image:width\" content=\"1200\" \/>\n\t<meta property=\"og:image:height\" content=\"674\" \/>\n\t<meta property=\"og:image:type\" content=\"image\/jpeg\" \/>\n<meta name=\"twitter:card\" content=\"summary_large_image\" \/>\n<meta name=\"twitter:label1\" content=\"Est. reading time\" \/>\n\t<meta name=\"twitter:data1\" content=\"2 minuti\" \/>\n<script type=\"application\/ld+json\" class=\"yoast-schema-graph\">{\"@context\":\"https:\/\/schema.org\",\"@graph\":[{\"@type\":\"WebPage\",\"@id\":\"https:\/\/www.iskreni.net\/trgovina\/product\/tatica-iz-korinta\/\",\"url\":\"https:\/\/www.iskreni.net\/trgovina\/product\/tatica-iz-korinta\/\",\"name\":\"Tatica iz Korinta - trgovina Iskreni\",\"isPartOf\":{\"@id\":\"https:\/\/www.iskreni.net\/trgovina\/#website\"},\"primaryImageOfPage\":{\"@id\":\"https:\/\/www.iskreni.net\/trgovina\/product\/tatica-iz-korinta\/#primaryimage\"},\"image\":{\"@id\":\"https:\/\/www.iskreni.net\/trgovina\/product\/tatica-iz-korinta\/#primaryimage\"},\"thumbnailUrl\":\"https:\/\/www.iskreni.net\/trgovina\/wp-content\/uploads\/2022\/06\/3-4.jpg\",\"datePublished\":\"2022-06-30T08:21:28+00:00\",\"dateModified\":\"2023-10-20T09:59:05+00:00\",\"description\":\"Tatica iz Korinta pripoveduje o Ariadni, ki je iz Aten zbe\u017eala k o\u010detu v Korint, da bi odkrila skrivnost, ki je uni\u010dila zakon njenih star\u0161ev.\",\"breadcrumb\":{\"@id\":\"https:\/\/www.iskreni.net\/trgovina\/product\/tatica-iz-korinta\/#breadcrumb\"},\"inLanguage\":\"sl-SI\",\"potentialAction\":[{\"@type\":\"ReadAction\",\"target\":[\"https:\/\/www.iskreni.net\/trgovina\/product\/tatica-iz-korinta\/\"]}]},{\"@type\":\"ImageObject\",\"inLanguage\":\"sl-SI\",\"@id\":\"https:\/\/www.iskreni.net\/trgovina\/product\/tatica-iz-korinta\/#primaryimage\",\"url\":\"https:\/\/www.iskreni.net\/trgovina\/wp-content\/uploads\/2022\/06\/3-4.jpg\",\"contentUrl\":\"https:\/\/www.iskreni.net\/trgovina\/wp-content\/uploads\/2022\/06\/3-4.jpg\",\"width\":600,\"height\":600},{\"@type\":\"BreadcrumbList\",\"@id\":\"https:\/\/www.iskreni.net\/trgovina\/product\/tatica-iz-korinta\/#breadcrumb\",\"itemListElement\":[{\"@type\":\"ListItem\",\"position\":1,\"name\":\"Home\",\"item\":\"https:\/\/www.iskreni.net\/trgovina\/\"},{\"@type\":\"ListItem\",\"position\":2,\"name\":\"Trgovina\",\"item\":\"https:\/\/www.iskreni.net\/trgovina\/trgovina\/\"},{\"@type\":\"ListItem\",\"position\":3,\"name\":\"Tatica iz Korinta\"}]},{\"@type\":\"WebSite\",\"@id\":\"https:\/\/www.iskreni.net\/trgovina\/#website\",\"url\":\"https:\/\/www.iskreni.net\/trgovina\/\",\"name\":\"Zavod Iskreni\",\"description\":\"trgovina\",\"potentialAction\":[{\"@type\":\"SearchAction\",\"target\":{\"@type\":\"EntryPoint\",\"urlTemplate\":\"https:\/\/www.iskreni.net\/trgovina\/?s={search_term_string}\"},\"query-input\":{\"@type\":\"PropertyValueSpecification\",\"valueRequired\":true,\"valueName\":\"search_term_string\"}}],\"inLanguage\":\"sl-SI\"}]}<\/script>\n<!-- \/ Yoast SEO plugin. -->","yoast_head_json":{"title":"Tatica iz Korinta - trgovina Iskreni","description":"Tatica iz Korinta pripoveduje o Ariadni, ki je iz Aten zbe\u017eala k o\u010detu v Korint, da bi odkrila skrivnost, ki je uni\u010dila zakon njenih star\u0161ev.","robots":{"index":"index","follow":"follow","max-snippet":"max-snippet:-1","max-image-preview":"max-image-preview:large","max-video-preview":"max-video-preview:-1"},"canonical":"https:\/\/www.iskreni.net\/trgovina\/product\/tatica-iz-korinta\/","og_locale":"sl_SI","og_type":"article","og_title":"Tatica iz Korinta","og_description":"Tatica iz Korinta pripoveduje o Ariadni, ki je iz Aten zbe\u017eala k o\u010detu v Korint, da bi odkrila skrivnost, ki je uni\u010dila zakon njenih star\u0161ev.","og_url":"https:\/\/www.iskreni.net\/trgovina\/product\/tatica-iz-korinta\/","og_site_name":"Zavod Iskreni","article_modified_time":"2023-10-20T09:59:05+00:00","og_image":[{"width":1200,"height":674,"url":"https:\/\/www.iskreni.net\/trgovina\/wp-content\/uploads\/2022\/06\/4-2.jpg","type":"image\/jpeg"}],"twitter_card":"summary_large_image","twitter_misc":{"Est. reading time":"2 minuti"},"schema":{"@context":"https:\/\/schema.org","@graph":[{"@type":"WebPage","@id":"https:\/\/www.iskreni.net\/trgovina\/product\/tatica-iz-korinta\/","url":"https:\/\/www.iskreni.net\/trgovina\/product\/tatica-iz-korinta\/","name":"Tatica iz Korinta - trgovina Iskreni","isPartOf":{"@id":"https:\/\/www.iskreni.net\/trgovina\/#website"},"primaryImageOfPage":{"@id":"https:\/\/www.iskreni.net\/trgovina\/product\/tatica-iz-korinta\/#primaryimage"},"image":{"@id":"https:\/\/www.iskreni.net\/trgovina\/product\/tatica-iz-korinta\/#primaryimage"},"thumbnailUrl":"https:\/\/www.iskreni.net\/trgovina\/wp-content\/uploads\/2022\/06\/3-4.jpg","datePublished":"2022-06-30T08:21:28+00:00","dateModified":"2023-10-20T09:59:05+00:00","description":"Tatica iz Korinta pripoveduje o Ariadni, ki je iz Aten zbe\u017eala k o\u010detu v Korint, da bi odkrila skrivnost, ki je uni\u010dila zakon njenih star\u0161ev.","breadcrumb":{"@id":"https:\/\/www.iskreni.net\/trgovina\/product\/tatica-iz-korinta\/#breadcrumb"},"inLanguage":"sl-SI","potentialAction":[{"@type":"ReadAction","target":["https:\/\/www.iskreni.net\/trgovina\/product\/tatica-iz-korinta\/"]}]},{"@type":"ImageObject","inLanguage":"sl-SI","@id":"https:\/\/www.iskreni.net\/trgovina\/product\/tatica-iz-korinta\/#primaryimage","url":"https:\/\/www.iskreni.net\/trgovina\/wp-content\/uploads\/2022\/06\/3-4.jpg","contentUrl":"https:\/\/www.iskreni.net\/trgovina\/wp-content\/uploads\/2022\/06\/3-4.jpg","width":600,"height":600},{"@type":"BreadcrumbList","@id":"https:\/\/www.iskreni.net\/trgovina\/product\/tatica-iz-korinta\/#breadcrumb","itemListElement":[{"@type":"ListItem","position":1,"name":"Home","item":"https:\/\/www.iskreni.net\/trgovina\/"},{"@type":"ListItem","position":2,"name":"Trgovina","item":"https:\/\/www.iskreni.net\/trgovina\/trgovina\/"},{"@type":"ListItem","position":3,"name":"Tatica iz Korinta"}]},{"@type":"WebSite","@id":"https:\/\/www.iskreni.net\/trgovina\/#website","url":"https:\/\/www.iskreni.net\/trgovina\/","name":"Zavod Iskreni","description":"trgovina","potentialAction":[{"@type":"SearchAction","target":{"@type":"EntryPoint","urlTemplate":"https:\/\/www.iskreni.net\/trgovina\/?s={search_term_string}"},"query-input":{"@type":"PropertyValueSpecification","valueRequired":true,"valueName":"search_term_string"}}],"inLanguage":"sl-SI"}]}},"_links":{"self":[{"href":"https:\/\/www.iskreni.net\/trgovina\/wp-json\/wp\/v2\/product\/57169","targetHints":{"allow":["GET"]}}],"collection":[{"href":"https:\/\/www.iskreni.net\/trgovina\/wp-json\/wp\/v2\/product"}],"about":[{"href":"https:\/\/www.iskreni.net\/trgovina\/wp-json\/wp\/v2\/types\/product"}],"replies":[{"embeddable":true,"href":"https:\/\/www.iskreni.net\/trgovina\/wp-json\/wp\/v2\/comments?post=57169"}],"version-history":[{"count":8,"href":"https:\/\/www.iskreni.net\/trgovina\/wp-json\/wp\/v2\/product\/57169\/revisions"}],"predecessor-version":[{"id":70256,"href":"https:\/\/www.iskreni.net\/trgovina\/wp-json\/wp\/v2\/product\/57169\/revisions\/70256"}],"wp:featuredmedia":[{"embeddable":true,"href":"https:\/\/www.iskreni.net\/trgovina\/wp-json\/wp\/v2\/media\/57172"}],"wp:attachment":[{"href":"https:\/\/www.iskreni.net\/trgovina\/wp-json\/wp\/v2\/media?parent=57169"}],"wp:term":[{"taxonomy":"product_brand","embeddable":true,"href":"https:\/\/www.iskreni.net\/trgovina\/wp-json\/wp\/v2\/product_brand?post=57169"},{"taxonomy":"product_cat","embeddable":true,"href":"https:\/\/www.iskreni.net\/trgovina\/wp-json\/wp\/v2\/product_cat?post=57169"},{"taxonomy":"product_tag","embeddable":true,"href":"https:\/\/www.iskreni.net\/trgovina\/wp-json\/wp\/v2\/product_tag?post=57169"},{"taxonomy":"avtor","embeddable":true,"href":"https:\/\/www.iskreni.net\/trgovina\/wp-json\/wp\/v2\/avtor?post=57169"},{"taxonomy":"zalozba","embeddable":true,"href":"https:\/\/www.iskreni.net\/trgovina\/wp-json\/wp\/v2\/zalozba?post=57169"},{"taxonomy":"vezava","embeddable":true,"href":"https:\/\/www.iskreni.net\/trgovina\/wp-json\/wp\/v2\/vezava?post=57169"}],"curies":[{"name":"wp","href":"https:\/\/api.w.org\/{rel}","templated":true}]}}