{"id":57147,"date":"2022-06-29T16:05:00","date_gmt":"2022-06-29T14:05:00","guid":{"rendered":"https:\/\/www.iskreni.net\/trgovina\/?post_type=product&#038;p=57147"},"modified":"2026-02-20T10:46:07","modified_gmt":"2026-02-20T09:46:07","slug":"plasticus","status":"publish","type":"product","link":"https:\/\/www.iskreni.net\/trgovina\/product\/plasticus\/","title":{"rendered":"Plasticus"},"content":{"rendered":"<h3 id=\"anchor-o-izdelku\" class=\"title\">O knjigi <i>Plasticus:<\/i><\/h3>\n<div class=\"tab-description js-tab-singleProduct-description content-tab\">\n<p>Aill je ime majhnega irskega mesteca, v katerem \u017eivijo malo nenavadni prebivalci. Brian Mcneill je tipi\u010den predstavnik va\u0161\u010danov. Star je dvanajst let in ima oran\u017ene lase, ostri\u017eene na gobico. In Aspergerjev sindrom. Aspergerjev sindrom je razvojna motnja, ki sodi v skupino motenj avtisti\u010dnega spektra. Vsega skupaj v vasi Aill \u017eivi petdeset prebivalcev. Deluje kot vasica, v kateri se nikoli ne zgodi ni\u010d nenavadnega.<br \/>\nA resnica je ravno nasprotna. Pod pe\u010dinami, ki obkro\u017eajo to malo vas, je na pla\u017ei Brian Mcneill na enem od svojih vsakodnevnih sprehodov odkril truplo gospe Reilly, zavzete okoljevarstvenice. In tako se za\u010dne pustolov\u0161\u010dina Plasticus.<br \/>\nPlasticus je namre\u010d najve\u010dje mednarodno podjetje za proizvodnjo industrijske plastike. Pred nekaj leti so svojo tovarno odprli le pet kilometrov od te idili\u010dne vasice. Prav gospa Reilly je obto\u017eila tovarno Plasticus, da njihova \u010distilna naprava ne deluje in da spu\u0161\u010dajo v morje neomejene koli\u010dine odpadkov.<\/p>\n<\/div>\n","protected":false},"excerpt":{"rendered":"<p><strong>Ilustracije: <\/strong>Monica Arminio<br \/>\n<strong>Leto izdaje:<\/strong> 2022<br \/>\n<strong>\u0160tevilo strani:<\/strong> 120 strani<br \/>\n<strong>Mere:<\/strong> 119 x 130 mm<\/p>\n<p>Aill je ime majhnega irskega mesteca, v katerem \u017eivijo malo nenavadni prebivalci. Brian Mcneill je tipi\u010den predstavnik va\u0161\u010danov. Star je dvanajst let in ima oran\u017ene lase, ostri\u017eene na gobico in Aspergerjev sindrom.<\/p>\n<h4><a href=\"https:\/\/www.iskreni.net\/trgovina\/wp-content\/uploads\/2022\/06\/SALVE_-Plasticus_vsebina-1-10-strani.pdf\">Prelistaj<\/a><\/h4>\n<p>&nbsp;<\/p>\n","protected":false},"featured_media":57150,"comment_status":"open","ping_status":"closed","template":"","meta":[],"product_brand":[],"product_cat":[2350,63],"product_tag":[2133,2419],"avtor":[2397],"zalozba":[2336],"vezava":[2307],"class_list":{"0":"post-57147","1":"product","2":"type-product","3":"status-publish","4":"has-post-thumbnail","6":"product_cat-za-mlade","7":"product_cat-knjige","8":"product_tag-avtizem","9":"product_tag-otroci-s-posebnimi-potrebami","10":"avtor-beatriz-oses","11":"zalozba-salve","12":"vezava-mehka","14":"first","15":"instock","16":"taxable","17":"shipping-taxable","18":"purchasable","19":"product-type-simple"},"yoast_head":"<!-- This site is optimized with the Yoast SEO plugin v26.3 - https:\/\/yoast.com\/wordpress\/plugins\/seo\/ -->\n<title>Plasticus - trgovina Iskreni<\/title>\n<meta name=\"description\" content=\"Plasticus je pustolovska knjiga z okoljevarstvenim pridihom, ki skriva obilico humorja in cel kup zapletov za de\u010dka Briana Mcneilla.\" \/>\n<meta name=\"robots\" content=\"index, follow, max-snippet:-1, max-image-preview:large, max-video-preview:-1\" \/>\n<link rel=\"canonical\" href=\"https:\/\/www.iskreni.net\/trgovina\/product\/plasticus\/\" \/>\n<meta property=\"og:locale\" content=\"sl_SI\" \/>\n<meta property=\"og:type\" content=\"article\" \/>\n<meta property=\"og:title\" content=\"Plasticus\" \/>\n<meta property=\"og:description\" content=\"Plasticus je pustolovska knjiga z okoljevarstvenim pridihom, ki skriva obilico humorja in cel kup zapletov za de\u010dka Briana Mcneilla.\" \/>\n<meta property=\"og:url\" content=\"https:\/\/www.iskreni.net\/trgovina\/product\/plasticus\/\" \/>\n<meta property=\"og:site_name\" content=\"Zavod Iskreni\" \/>\n<meta property=\"article:modified_time\" content=\"2026-02-20T09:46:07+00:00\" \/>\n<meta property=\"og:image\" content=\"https:\/\/www.iskreni.net\/trgovina\/wp-content\/uploads\/2022\/06\/Slike-za-spletno-SOCIAL-14.jpg\" \/>\n\t<meta property=\"og:image:width\" content=\"1200\" \/>\n\t<meta property=\"og:image:height\" content=\"674\" \/>\n\t<meta property=\"og:image:type\" content=\"image\/jpeg\" \/>\n<meta name=\"twitter:card\" content=\"summary_large_image\" \/>\n<meta name=\"twitter:label1\" content=\"Est. reading time\" \/>\n\t<meta name=\"twitter:data1\" content=\"2 minuti\" \/>\n<script type=\"application\/ld+json\" class=\"yoast-schema-graph\">{\"@context\":\"https:\/\/schema.org\",\"@graph\":[{\"@type\":\"WebPage\",\"@id\":\"https:\/\/www.iskreni.net\/trgovina\/product\/plasticus\/\",\"url\":\"https:\/\/www.iskreni.net\/trgovina\/product\/plasticus\/\",\"name\":\"Plasticus - trgovina Iskreni\",\"isPartOf\":{\"@id\":\"https:\/\/www.iskreni.net\/trgovina\/#website\"},\"primaryImageOfPage\":{\"@id\":\"https:\/\/www.iskreni.net\/trgovina\/product\/plasticus\/#primaryimage\"},\"image\":{\"@id\":\"https:\/\/www.iskreni.net\/trgovina\/product\/plasticus\/#primaryimage\"},\"thumbnailUrl\":\"https:\/\/www.iskreni.net\/trgovina\/wp-content\/uploads\/2022\/06\/Slike-za-v-spletno-trgovino-21.jpg\",\"datePublished\":\"2022-06-29T14:05:00+00:00\",\"dateModified\":\"2026-02-20T09:46:07+00:00\",\"description\":\"Plasticus je pustolovska knjiga z okoljevarstvenim pridihom, ki skriva obilico humorja in cel kup zapletov za de\u010dka Briana Mcneilla.\",\"breadcrumb\":{\"@id\":\"https:\/\/www.iskreni.net\/trgovina\/product\/plasticus\/#breadcrumb\"},\"inLanguage\":\"sl-SI\",\"potentialAction\":[{\"@type\":\"ReadAction\",\"target\":[\"https:\/\/www.iskreni.net\/trgovina\/product\/plasticus\/\"]}]},{\"@type\":\"ImageObject\",\"inLanguage\":\"sl-SI\",\"@id\":\"https:\/\/www.iskreni.net\/trgovina\/product\/plasticus\/#primaryimage\",\"url\":\"https:\/\/www.iskreni.net\/trgovina\/wp-content\/uploads\/2022\/06\/Slike-za-v-spletno-trgovino-21.jpg\",\"contentUrl\":\"https:\/\/www.iskreni.net\/trgovina\/wp-content\/uploads\/2022\/06\/Slike-za-v-spletno-trgovino-21.jpg\",\"width\":600,\"height\":600},{\"@type\":\"BreadcrumbList\",\"@id\":\"https:\/\/www.iskreni.net\/trgovina\/product\/plasticus\/#breadcrumb\",\"itemListElement\":[{\"@type\":\"ListItem\",\"position\":1,\"name\":\"Home\",\"item\":\"https:\/\/www.iskreni.net\/trgovina\/\"},{\"@type\":\"ListItem\",\"position\":2,\"name\":\"Trgovina\",\"item\":\"https:\/\/www.iskreni.net\/trgovina\/trgovina\/\"},{\"@type\":\"ListItem\",\"position\":3,\"name\":\"Plasticus\"}]},{\"@type\":\"WebSite\",\"@id\":\"https:\/\/www.iskreni.net\/trgovina\/#website\",\"url\":\"https:\/\/www.iskreni.net\/trgovina\/\",\"name\":\"Zavod Iskreni\",\"description\":\"trgovina\",\"potentialAction\":[{\"@type\":\"SearchAction\",\"target\":{\"@type\":\"EntryPoint\",\"urlTemplate\":\"https:\/\/www.iskreni.net\/trgovina\/?s={search_term_string}\"},\"query-input\":{\"@type\":\"PropertyValueSpecification\",\"valueRequired\":true,\"valueName\":\"search_term_string\"}}],\"inLanguage\":\"sl-SI\"}]}<\/script>\n<!-- \/ Yoast SEO plugin. -->","yoast_head_json":{"title":"Plasticus - trgovina Iskreni","description":"Plasticus je pustolovska knjiga z okoljevarstvenim pridihom, ki skriva obilico humorja in cel kup zapletov za de\u010dka Briana Mcneilla.","robots":{"index":"index","follow":"follow","max-snippet":"max-snippet:-1","max-image-preview":"max-image-preview:large","max-video-preview":"max-video-preview:-1"},"canonical":"https:\/\/www.iskreni.net\/trgovina\/product\/plasticus\/","og_locale":"sl_SI","og_type":"article","og_title":"Plasticus","og_description":"Plasticus je pustolovska knjiga z okoljevarstvenim pridihom, ki skriva obilico humorja in cel kup zapletov za de\u010dka Briana Mcneilla.","og_url":"https:\/\/www.iskreni.net\/trgovina\/product\/plasticus\/","og_site_name":"Zavod Iskreni","article_modified_time":"2026-02-20T09:46:07+00:00","og_image":[{"width":1200,"height":674,"url":"https:\/\/www.iskreni.net\/trgovina\/wp-content\/uploads\/2022\/06\/Slike-za-spletno-SOCIAL-14.jpg","type":"image\/jpeg"}],"twitter_card":"summary_large_image","twitter_misc":{"Est. reading time":"2 minuti"},"schema":{"@context":"https:\/\/schema.org","@graph":[{"@type":"WebPage","@id":"https:\/\/www.iskreni.net\/trgovina\/product\/plasticus\/","url":"https:\/\/www.iskreni.net\/trgovina\/product\/plasticus\/","name":"Plasticus - trgovina Iskreni","isPartOf":{"@id":"https:\/\/www.iskreni.net\/trgovina\/#website"},"primaryImageOfPage":{"@id":"https:\/\/www.iskreni.net\/trgovina\/product\/plasticus\/#primaryimage"},"image":{"@id":"https:\/\/www.iskreni.net\/trgovina\/product\/plasticus\/#primaryimage"},"thumbnailUrl":"https:\/\/www.iskreni.net\/trgovina\/wp-content\/uploads\/2022\/06\/Slike-za-v-spletno-trgovino-21.jpg","datePublished":"2022-06-29T14:05:00+00:00","dateModified":"2026-02-20T09:46:07+00:00","description":"Plasticus je pustolovska knjiga z okoljevarstvenim pridihom, ki skriva obilico humorja in cel kup zapletov za de\u010dka Briana Mcneilla.","breadcrumb":{"@id":"https:\/\/www.iskreni.net\/trgovina\/product\/plasticus\/#breadcrumb"},"inLanguage":"sl-SI","potentialAction":[{"@type":"ReadAction","target":["https:\/\/www.iskreni.net\/trgovina\/product\/plasticus\/"]}]},{"@type":"ImageObject","inLanguage":"sl-SI","@id":"https:\/\/www.iskreni.net\/trgovina\/product\/plasticus\/#primaryimage","url":"https:\/\/www.iskreni.net\/trgovina\/wp-content\/uploads\/2022\/06\/Slike-za-v-spletno-trgovino-21.jpg","contentUrl":"https:\/\/www.iskreni.net\/trgovina\/wp-content\/uploads\/2022\/06\/Slike-za-v-spletno-trgovino-21.jpg","width":600,"height":600},{"@type":"BreadcrumbList","@id":"https:\/\/www.iskreni.net\/trgovina\/product\/plasticus\/#breadcrumb","itemListElement":[{"@type":"ListItem","position":1,"name":"Home","item":"https:\/\/www.iskreni.net\/trgovina\/"},{"@type":"ListItem","position":2,"name":"Trgovina","item":"https:\/\/www.iskreni.net\/trgovina\/trgovina\/"},{"@type":"ListItem","position":3,"name":"Plasticus"}]},{"@type":"WebSite","@id":"https:\/\/www.iskreni.net\/trgovina\/#website","url":"https:\/\/www.iskreni.net\/trgovina\/","name":"Zavod Iskreni","description":"trgovina","potentialAction":[{"@type":"SearchAction","target":{"@type":"EntryPoint","urlTemplate":"https:\/\/www.iskreni.net\/trgovina\/?s={search_term_string}"},"query-input":{"@type":"PropertyValueSpecification","valueRequired":true,"valueName":"search_term_string"}}],"inLanguage":"sl-SI"}]}},"_links":{"self":[{"href":"https:\/\/www.iskreni.net\/trgovina\/wp-json\/wp\/v2\/product\/57147","targetHints":{"allow":["GET"]}}],"collection":[{"href":"https:\/\/www.iskreni.net\/trgovina\/wp-json\/wp\/v2\/product"}],"about":[{"href":"https:\/\/www.iskreni.net\/trgovina\/wp-json\/wp\/v2\/types\/product"}],"replies":[{"embeddable":true,"href":"https:\/\/www.iskreni.net\/trgovina\/wp-json\/wp\/v2\/comments?post=57147"}],"version-history":[{"count":3,"href":"https:\/\/www.iskreni.net\/trgovina\/wp-json\/wp\/v2\/product\/57147\/revisions"}],"predecessor-version":[{"id":72741,"href":"https:\/\/www.iskreni.net\/trgovina\/wp-json\/wp\/v2\/product\/57147\/revisions\/72741"}],"wp:featuredmedia":[{"embeddable":true,"href":"https:\/\/www.iskreni.net\/trgovina\/wp-json\/wp\/v2\/media\/57150"}],"wp:attachment":[{"href":"https:\/\/www.iskreni.net\/trgovina\/wp-json\/wp\/v2\/media?parent=57147"}],"wp:term":[{"taxonomy":"product_brand","embeddable":true,"href":"https:\/\/www.iskreni.net\/trgovina\/wp-json\/wp\/v2\/product_brand?post=57147"},{"taxonomy":"product_cat","embeddable":true,"href":"https:\/\/www.iskreni.net\/trgovina\/wp-json\/wp\/v2\/product_cat?post=57147"},{"taxonomy":"product_tag","embeddable":true,"href":"https:\/\/www.iskreni.net\/trgovina\/wp-json\/wp\/v2\/product_tag?post=57147"},{"taxonomy":"avtor","embeddable":true,"href":"https:\/\/www.iskreni.net\/trgovina\/wp-json\/wp\/v2\/avtor?post=57147"},{"taxonomy":"zalozba","embeddable":true,"href":"https:\/\/www.iskreni.net\/trgovina\/wp-json\/wp\/v2\/zalozba?post=57147"},{"taxonomy":"vezava","embeddable":true,"href":"https:\/\/www.iskreni.net\/trgovina\/wp-json\/wp\/v2\/vezava?post=57147"}],"curies":[{"name":"wp","href":"https:\/\/api.w.org\/{rel}","templated":true}]}}