{"id":57125,"date":"2022-06-29T14:54:29","date_gmt":"2022-06-29T12:54:29","guid":{"rendered":"https:\/\/www.iskreni.net\/trgovina\/?post_type=product&#038;p=57125"},"modified":"2024-01-18T15:20:18","modified_gmt":"2024-01-18T14:20:18","slug":"presenecenje-za-rojstni-dan","status":"publish","type":"product","link":"https:\/\/www.iskreni.net\/trgovina\/product\/presenecenje-za-rojstni-dan\/","title":{"rendered":"Presene\u010denje za rojstni dan"},"content":{"rendered":"<h4>O knjigi Presene\u010denje za rojstni dan<\/h4>\n<div id=\"m_-2634153154648413019gmail-meta-dodatno\">Akcija! Tinkara je potisnila mizo k steni, obesila verige\u00a0iz papirja, napolnila posodice s sladkarijami. Stanovanje\u00a0svoje prijateljice Klare je spremenila v pala\u010do iz Tiso\u010d in<br \/>\nene no\u010di. Praznovanje bo polno presene\u010denj! Toda zakaj\u00a0gostov ni in ni?<\/div>\n<div><\/div>\n<div id=\"m_-2634153154648413019gmail-meta-dodatno\">Z dvanajstim mini romanom Presene\u010denje za rojstni dan nas zbirka Dogodiv\u0161\u010dine\u00a0Pepija in Tinkare povabi na nepri\u010dakovano sre\u010danje.\u00a0Z veliko mero rahlo\u010dutnosti nam zgodba razkrije zaklad,\u00a0ki se skriva v deklici s posebnimi potrebami. Na koncu\u00a0knjige nas izmenjava vpra\u0161anj in odgovorov napoti nazaj\u00a0k dogodkom in osvetli njihov pomen. Pri\u010dujo\u010da knji\u017eica\u00a0je pomembna lekcija o \u010dlove\u010dnosti.<\/div>\n<h4>Opis zbirke<\/h4>\n<div>Dogodiv\u0161\u010dine Pepija in Tinkare\u00a0so mini romani izpod peresa Oliviera Bonnewijna, duhovnika Skupnosti Emanuel, ilustrirala jih je Amandine Wanert, namenjene pa so otrokom med\u00a0sedmim\u00a0in enajstim\u00a0letom starosti.<\/div>\n<div>\n<p>Glavna junaka\u00a0zbirke\u00a0sta dvoj\u010dka Pepi in Tinkara. V svojih obi\u010dajnih dogodiv\u0161\u010dinah s pridihom neobi\u010dajnega se morata soo\u010diti\u00a0 z marsikatero preizku\u0161njo, konflikti in \u017eivljenjskimi vpra\u0161anji, ob tem pa postopoma odkrivata osebni odnos z Jezusom in zaupanje vanj. Avtor se v zgodbah loteva pomembnih \u017eivljenjskih tem, kot so npr. prijateljstvo, prepiri star\u0161ev, molitev, neozdravljiva bolezen otroka, praznovanje bo\u017ei\u010da, \u017ealost, ipd. Na koncu vsake zgodbe so dodana vpra\u0161anja, ki pomagajo k njenemu bolj\u0161emu razumevanju.<\/p>\n<h4>O avtorju<\/h4>\n<p>Olivier Bonnewijn je od leta 1993 duhovnik v mechelensko-bruseljski \u0161kofiji. Je tudi \u010dlan skupnosti Emanuel. V semeni\u0161\u010du Na\u0161e Gospe upanja je rektor, na in\u0161titutu za teolo\u0161ke \u0161tudije v Bruslju pa pou\u010duje teologijo.<\/p>\n<p>Dogodiv\u0161\u010dine Pepija in Tinkare so nastale \u201cpo naklju\u010dju\u201d, iz prekipevajo\u010dega veselja med ve\u010ddnevnimi sre\u010danji za otroke. Napisane so po resni\u010dnih dogodkih, ki jim je bil avtor ve\u010dkrat o\u010darana pri\u010da.<\/p>\n<\/div>\n","protected":false},"excerpt":{"rendered":"<p><strong>Ilustracije: <\/strong>Amandine Wanert<br \/>\n<strong>\u0160tevilo strani:<\/strong> 48<br \/>\n<strong>Leto izdaje:<\/strong> 2022<\/p>\n<p>Akcija! Tinkara je potisnila mizo k steni, obesila verige\u00a0iz papirja, napolnila posodice s sladkarijami. Stanovanje\u00a0svoje prijateljice Klare je spremenila v pala\u010do iz Tiso\u010d in\u00a0ene no\u010di. Praznovanje bo polno presene\u010denj! Toda zakaj\u00a0gostov ni in ni?<\/p>\n<h4><a href=\"https:\/\/www.iskreni.net\/trgovina\/wp-content\/uploads\/2022\/06\/Presenecenje-za-rojstni-dan-odlomek.pdf\">Prelistaj<\/a><\/h4>\n","protected":false},"featured_media":57134,"comment_status":"open","ping_status":"closed","template":"","meta":[],"product_brand":[],"product_cat":[63,135],"product_tag":[1738,1687],"avtor":[2380],"zalozba":[2335],"vezava":[2307],"class_list":{"0":"post-57125","1":"product","2":"type-product","3":"status-publish","4":"has-post-thumbnail","6":"product_cat-knjige","7":"product_cat-za-otroke","8":"product_tag-dogodivscine-pepija-in-tinkare","9":"product_tag-rojstni-dan","10":"avtor-olivier-bonnewijn","11":"zalozba-zalozba-emanuel","12":"vezava-mehka","14":"first","15":"instock","16":"taxable","17":"shipping-taxable","18":"purchasable","19":"product-type-simple"},"yoast_head":"<!-- This site is optimized with the Yoast SEO plugin v26.3 - https:\/\/yoast.com\/wordpress\/plugins\/seo\/ -->\n<title>Presene\u010denje za rojstni dan - trgovina Iskreni<\/title>\n<meta name=\"description\" content=\"Presene\u010denje za rojstni dan nas povabi na nepri\u010dakovano sre\u010danje z zakladom, ki se skriva v deklici s posebnimi potrebami.\" \/>\n<meta name=\"robots\" content=\"index, follow, max-snippet:-1, max-image-preview:large, max-video-preview:-1\" \/>\n<link rel=\"canonical\" href=\"https:\/\/www.iskreni.net\/trgovina\/product\/presenecenje-za-rojstni-dan\/\" \/>\n<meta property=\"og:locale\" content=\"sl_SI\" \/>\n<meta property=\"og:type\" content=\"article\" \/>\n<meta property=\"og:title\" content=\"Presene\u010denje za rojstni dan\" \/>\n<meta property=\"og:description\" content=\"Presene\u010denje za rojstni dan nas povabi na nepri\u010dakovano sre\u010danje z zakladom, ki se skriva v deklici s posebnimi potrebami.\" \/>\n<meta property=\"og:url\" content=\"https:\/\/www.iskreni.net\/trgovina\/product\/presenecenje-za-rojstni-dan\/\" \/>\n<meta property=\"og:site_name\" content=\"Zavod Iskreni\" \/>\n<meta property=\"article:modified_time\" content=\"2024-01-18T14:20:18+00:00\" \/>\n<meta property=\"og:image\" content=\"https:\/\/www.iskreni.net\/trgovina\/wp-content\/uploads\/2022\/06\/Slike-za-v-spletno-trgovino-18-1.jpg\" \/>\n\t<meta property=\"og:image:width\" content=\"600\" \/>\n\t<meta property=\"og:image:height\" content=\"600\" \/>\n\t<meta property=\"og:image:type\" content=\"image\/jpeg\" \/>\n<meta name=\"twitter:card\" content=\"summary_large_image\" \/>\n<meta name=\"twitter:label1\" content=\"Est. reading time\" \/>\n\t<meta name=\"twitter:data1\" content=\"2 minuti\" \/>\n<script type=\"application\/ld+json\" class=\"yoast-schema-graph\">{\"@context\":\"https:\/\/schema.org\",\"@graph\":[{\"@type\":\"WebPage\",\"@id\":\"https:\/\/www.iskreni.net\/trgovina\/product\/presenecenje-za-rojstni-dan\/\",\"url\":\"https:\/\/www.iskreni.net\/trgovina\/product\/presenecenje-za-rojstni-dan\/\",\"name\":\"Presene\u010denje za rojstni dan - trgovina Iskreni\",\"isPartOf\":{\"@id\":\"https:\/\/www.iskreni.net\/trgovina\/#website\"},\"primaryImageOfPage\":{\"@id\":\"https:\/\/www.iskreni.net\/trgovina\/product\/presenecenje-za-rojstni-dan\/#primaryimage\"},\"image\":{\"@id\":\"https:\/\/www.iskreni.net\/trgovina\/product\/presenecenje-za-rojstni-dan\/#primaryimage\"},\"thumbnailUrl\":\"https:\/\/www.iskreni.net\/trgovina\/wp-content\/uploads\/2022\/06\/Slike-za-v-spletno-trgovino-18-1.jpg\",\"datePublished\":\"2022-06-29T12:54:29+00:00\",\"dateModified\":\"2024-01-18T14:20:18+00:00\",\"description\":\"Presene\u010denje za rojstni dan nas povabi na nepri\u010dakovano sre\u010danje z zakladom, ki se skriva v deklici s posebnimi potrebami.\",\"breadcrumb\":{\"@id\":\"https:\/\/www.iskreni.net\/trgovina\/product\/presenecenje-za-rojstni-dan\/#breadcrumb\"},\"inLanguage\":\"sl-SI\",\"potentialAction\":[{\"@type\":\"ReadAction\",\"target\":[\"https:\/\/www.iskreni.net\/trgovina\/product\/presenecenje-za-rojstni-dan\/\"]}]},{\"@type\":\"ImageObject\",\"inLanguage\":\"sl-SI\",\"@id\":\"https:\/\/www.iskreni.net\/trgovina\/product\/presenecenje-za-rojstni-dan\/#primaryimage\",\"url\":\"https:\/\/www.iskreni.net\/trgovina\/wp-content\/uploads\/2022\/06\/Slike-za-v-spletno-trgovino-18-1.jpg\",\"contentUrl\":\"https:\/\/www.iskreni.net\/trgovina\/wp-content\/uploads\/2022\/06\/Slike-za-v-spletno-trgovino-18-1.jpg\",\"width\":600,\"height\":600},{\"@type\":\"BreadcrumbList\",\"@id\":\"https:\/\/www.iskreni.net\/trgovina\/product\/presenecenje-za-rojstni-dan\/#breadcrumb\",\"itemListElement\":[{\"@type\":\"ListItem\",\"position\":1,\"name\":\"Home\",\"item\":\"https:\/\/www.iskreni.net\/trgovina\/\"},{\"@type\":\"ListItem\",\"position\":2,\"name\":\"Trgovina\",\"item\":\"https:\/\/www.iskreni.net\/trgovina\/trgovina\/\"},{\"@type\":\"ListItem\",\"position\":3,\"name\":\"Presene\u010denje za rojstni dan\"}]},{\"@type\":\"WebSite\",\"@id\":\"https:\/\/www.iskreni.net\/trgovina\/#website\",\"url\":\"https:\/\/www.iskreni.net\/trgovina\/\",\"name\":\"Zavod Iskreni\",\"description\":\"trgovina\",\"potentialAction\":[{\"@type\":\"SearchAction\",\"target\":{\"@type\":\"EntryPoint\",\"urlTemplate\":\"https:\/\/www.iskreni.net\/trgovina\/?s={search_term_string}\"},\"query-input\":{\"@type\":\"PropertyValueSpecification\",\"valueRequired\":true,\"valueName\":\"search_term_string\"}}],\"inLanguage\":\"sl-SI\"}]}<\/script>\n<!-- \/ Yoast SEO plugin. -->","yoast_head_json":{"title":"Presene\u010denje za rojstni dan - trgovina Iskreni","description":"Presene\u010denje za rojstni dan nas povabi na nepri\u010dakovano sre\u010danje z zakladom, ki se skriva v deklici s posebnimi potrebami.","robots":{"index":"index","follow":"follow","max-snippet":"max-snippet:-1","max-image-preview":"max-image-preview:large","max-video-preview":"max-video-preview:-1"},"canonical":"https:\/\/www.iskreni.net\/trgovina\/product\/presenecenje-za-rojstni-dan\/","og_locale":"sl_SI","og_type":"article","og_title":"Presene\u010denje za rojstni dan","og_description":"Presene\u010denje za rojstni dan nas povabi na nepri\u010dakovano sre\u010danje z zakladom, ki se skriva v deklici s posebnimi potrebami.","og_url":"https:\/\/www.iskreni.net\/trgovina\/product\/presenecenje-za-rojstni-dan\/","og_site_name":"Zavod Iskreni","article_modified_time":"2024-01-18T14:20:18+00:00","og_image":[{"width":600,"height":600,"url":"https:\/\/www.iskreni.net\/trgovina\/wp-content\/uploads\/2022\/06\/Slike-za-v-spletno-trgovino-18-1.jpg","type":"image\/jpeg"}],"twitter_card":"summary_large_image","twitter_misc":{"Est. reading time":"2 minuti"},"schema":{"@context":"https:\/\/schema.org","@graph":[{"@type":"WebPage","@id":"https:\/\/www.iskreni.net\/trgovina\/product\/presenecenje-za-rojstni-dan\/","url":"https:\/\/www.iskreni.net\/trgovina\/product\/presenecenje-za-rojstni-dan\/","name":"Presene\u010denje za rojstni dan - trgovina Iskreni","isPartOf":{"@id":"https:\/\/www.iskreni.net\/trgovina\/#website"},"primaryImageOfPage":{"@id":"https:\/\/www.iskreni.net\/trgovina\/product\/presenecenje-za-rojstni-dan\/#primaryimage"},"image":{"@id":"https:\/\/www.iskreni.net\/trgovina\/product\/presenecenje-za-rojstni-dan\/#primaryimage"},"thumbnailUrl":"https:\/\/www.iskreni.net\/trgovina\/wp-content\/uploads\/2022\/06\/Slike-za-v-spletno-trgovino-18-1.jpg","datePublished":"2022-06-29T12:54:29+00:00","dateModified":"2024-01-18T14:20:18+00:00","description":"Presene\u010denje za rojstni dan nas povabi na nepri\u010dakovano sre\u010danje z zakladom, ki se skriva v deklici s posebnimi potrebami.","breadcrumb":{"@id":"https:\/\/www.iskreni.net\/trgovina\/product\/presenecenje-za-rojstni-dan\/#breadcrumb"},"inLanguage":"sl-SI","potentialAction":[{"@type":"ReadAction","target":["https:\/\/www.iskreni.net\/trgovina\/product\/presenecenje-za-rojstni-dan\/"]}]},{"@type":"ImageObject","inLanguage":"sl-SI","@id":"https:\/\/www.iskreni.net\/trgovina\/product\/presenecenje-za-rojstni-dan\/#primaryimage","url":"https:\/\/www.iskreni.net\/trgovina\/wp-content\/uploads\/2022\/06\/Slike-za-v-spletno-trgovino-18-1.jpg","contentUrl":"https:\/\/www.iskreni.net\/trgovina\/wp-content\/uploads\/2022\/06\/Slike-za-v-spletno-trgovino-18-1.jpg","width":600,"height":600},{"@type":"BreadcrumbList","@id":"https:\/\/www.iskreni.net\/trgovina\/product\/presenecenje-za-rojstni-dan\/#breadcrumb","itemListElement":[{"@type":"ListItem","position":1,"name":"Home","item":"https:\/\/www.iskreni.net\/trgovina\/"},{"@type":"ListItem","position":2,"name":"Trgovina","item":"https:\/\/www.iskreni.net\/trgovina\/trgovina\/"},{"@type":"ListItem","position":3,"name":"Presene\u010denje za rojstni dan"}]},{"@type":"WebSite","@id":"https:\/\/www.iskreni.net\/trgovina\/#website","url":"https:\/\/www.iskreni.net\/trgovina\/","name":"Zavod Iskreni","description":"trgovina","potentialAction":[{"@type":"SearchAction","target":{"@type":"EntryPoint","urlTemplate":"https:\/\/www.iskreni.net\/trgovina\/?s={search_term_string}"},"query-input":{"@type":"PropertyValueSpecification","valueRequired":true,"valueName":"search_term_string"}}],"inLanguage":"sl-SI"}]}},"_links":{"self":[{"href":"https:\/\/www.iskreni.net\/trgovina\/wp-json\/wp\/v2\/product\/57125","targetHints":{"allow":["GET"]}}],"collection":[{"href":"https:\/\/www.iskreni.net\/trgovina\/wp-json\/wp\/v2\/product"}],"about":[{"href":"https:\/\/www.iskreni.net\/trgovina\/wp-json\/wp\/v2\/types\/product"}],"replies":[{"embeddable":true,"href":"https:\/\/www.iskreni.net\/trgovina\/wp-json\/wp\/v2\/comments?post=57125"}],"version-history":[{"count":4,"href":"https:\/\/www.iskreni.net\/trgovina\/wp-json\/wp\/v2\/product\/57125\/revisions"}],"predecessor-version":[{"id":72777,"href":"https:\/\/www.iskreni.net\/trgovina\/wp-json\/wp\/v2\/product\/57125\/revisions\/72777"}],"wp:featuredmedia":[{"embeddable":true,"href":"https:\/\/www.iskreni.net\/trgovina\/wp-json\/wp\/v2\/media\/57134"}],"wp:attachment":[{"href":"https:\/\/www.iskreni.net\/trgovina\/wp-json\/wp\/v2\/media?parent=57125"}],"wp:term":[{"taxonomy":"product_brand","embeddable":true,"href":"https:\/\/www.iskreni.net\/trgovina\/wp-json\/wp\/v2\/product_brand?post=57125"},{"taxonomy":"product_cat","embeddable":true,"href":"https:\/\/www.iskreni.net\/trgovina\/wp-json\/wp\/v2\/product_cat?post=57125"},{"taxonomy":"product_tag","embeddable":true,"href":"https:\/\/www.iskreni.net\/trgovina\/wp-json\/wp\/v2\/product_tag?post=57125"},{"taxonomy":"avtor","embeddable":true,"href":"https:\/\/www.iskreni.net\/trgovina\/wp-json\/wp\/v2\/avtor?post=57125"},{"taxonomy":"zalozba","embeddable":true,"href":"https:\/\/www.iskreni.net\/trgovina\/wp-json\/wp\/v2\/zalozba?post=57125"},{"taxonomy":"vezava","embeddable":true,"href":"https:\/\/www.iskreni.net\/trgovina\/wp-json\/wp\/v2\/vezava?post=57125"}],"curies":[{"name":"wp","href":"https:\/\/api.w.org\/{rel}","templated":true}]}}