{"id":57123,"date":"2022-06-29T14:54:03","date_gmt":"2022-06-29T12:54:03","guid":{"rendered":"https:\/\/www.iskreni.net\/trgovina\/?post_type=product&#038;p=57123"},"modified":"2024-01-18T15:19:11","modified_gmt":"2024-01-18T14:19:11","slug":"skrivnostne-zareze","status":"publish","type":"product","link":"https:\/\/www.iskreni.net\/trgovina\/product\/skrivnostne-zareze\/","title":{"rendered":"Skrivnostne zareze"},"content":{"rendered":"<h4>O knjigi Skrivnostne zareze<\/h4>\n<p>Zadnje \u010dase se Pepi po\u010duti grozno. Posledice tega morajo prena\u0161ati vsi okoli njega. Tobi jo\u010de. Varu\u0161ka si puli lase. Vol\u010di\u010di se re\u017eijo med ma\u0161o. Tudi Pepi sam se ne po\u010duti prav dobro. V njegovi sobi so se pojavile nenavadne zareze.<\/p>\n<p>Skrivnostne zareze, deveta\u00a0knji\u017eica iz zbirke\u00a0<i>Dogodiv\u0161\u010dine Pepija in Tinkare\u00a0<\/i>se dotika svetlobe in teme, pre\u010dka dolino greha in se \u0161e posebej ustavi ob zakramentu svete spovedi. Na koncu knjige nas izmenjava vpra\u0161anj in odgovorov napoti nazaj k zgodbi in izpostavi njeno duhovno razse\u017enost.<\/p>\n<h3>Opis zbirke<\/h3>\n<div>Dogodiv\u0161\u010dine Pepija in Tinkare\u00a0so mini romani izpod peresa Oliviera Bonnewijna, duhovnika Skupnosti Emanuel, ilustrirala jih je Amandine Wanert, namenjene pa so otrokom med\u00a0sedmim\u00a0in enajstim\u00a0letom starosti.<\/div>\n<div>\n<p>Glavna junaka\u00a0zbirke\u00a0sta dvoj\u010dka Pepi in Tinkara. V svojih obi\u010dajnih dogodiv\u0161\u010dinah s pridihom neobi\u010dajnega se morata soo\u010diti\u00a0 z marsikatero preizku\u0161njo, konflikti in \u017eivljenjskimi vpra\u0161anji, ob tem pa postopoma odkrivata osebni odnos z Jezusom in zaupanje vanj. Avtor se v zgodbah loteva pomembnih \u017eivljenjskih tem, kot so npr. prijateljstvo, prepiri star\u0161ev, molitev, neozdravljiva bolezen otroka, praznovanje bo\u017ei\u010da, \u017ealost, ipd. Na koncu vsake zgodbe so dodana vpra\u0161anja, ki pomagajo k njenemu bolj\u0161emu razumevanju.<\/p>\n<h3>O avtorju<\/h3>\n<p>Olivier Bonnewijn je od leta 1993 duhovnik v mechelensko-bruseljski \u0161kofiji. Je tudi \u010dlan skupnosti Emanuel. V semeni\u0161\u010du Na\u0161e Gospe upanja je rektor, na in\u0161titutu za teolo\u0161ke \u0161tudije v Bruslju pa pou\u010duje teologijo.<\/p>\n<p>Dogodiv\u0161\u010dine Pepija in Tinkare so nastale \u201cpo naklju\u010dju\u201d, iz prekipevajo\u010dega veselja med ve\u010ddnevnimi sre\u010danji za otroke. Napisane so po resni\u010dnih dogodkih, ki jim je bil avtor ve\u010dkrat o\u010darana pri\u010da.<\/p>\n<\/div>\n","protected":false},"excerpt":{"rendered":"<p><strong>Ilustracije: <\/strong>Amandine Wanert<br \/>\n<strong>\u0160tevilo strani:<\/strong> 48<br \/>\n<strong>Leto izdaje:<\/strong> 2016<\/p>\n<p>Pepi se po\u010duti grozno, prepisuje v \u0161oli, ne uboga varu\u0161ke, gleda film, ki ga ne bi smel. Hkrati pa opa\u017ea, da se na ikoni, ki jo ima v sobi pojavljajo skrivnostne zareze. Le kako se bo to izteklo?<\/p>\n<h4><a href=\"https:\/\/www.iskreni.net\/trgovina\/wp-content\/uploads\/2022\/06\/SKRIVNOSTNE-ZAREZE_odlomek_1-8.compressed.pdf\">Prelistaj<\/a><\/h4>\n","protected":false},"featured_media":57132,"comment_status":"open","ping_status":"closed","template":"","meta":[],"product_brand":[],"product_cat":[63,135],"product_tag":[1738],"avtor":[2380],"zalozba":[2335],"vezava":[2307],"class_list":{"0":"post-57123","1":"product","2":"type-product","3":"status-publish","4":"has-post-thumbnail","6":"product_cat-knjige","7":"product_cat-za-otroke","8":"product_tag-dogodivscine-pepija-in-tinkare","9":"avtor-olivier-bonnewijn","10":"zalozba-zalozba-emanuel","11":"vezava-mehka","13":"first","14":"instock","15":"taxable","16":"shipping-taxable","17":"purchasable","18":"product-type-simple"},"yoast_head":"<!-- This site is optimized with the Yoast SEO plugin v26.3 - https:\/\/yoast.com\/wordpress\/plugins\/seo\/ -->\n<title>Skrivnostne zareze - trgovina Iskreni<\/title>\n<meta name=\"description\" content=\"Knji\u017eica Skrivnostne zareze nam ori\u0161e Pepijevo po\u010dutje, ki je zadnje \u010dase grozno, posledice pa \u010dutijo prav vsi okrog njega.\" \/>\n<meta name=\"robots\" content=\"index, follow, max-snippet:-1, max-image-preview:large, max-video-preview:-1\" \/>\n<link rel=\"canonical\" href=\"https:\/\/www.iskreni.net\/trgovina\/product\/skrivnostne-zareze\/\" \/>\n<meta property=\"og:locale\" content=\"sl_SI\" \/>\n<meta property=\"og:type\" content=\"article\" \/>\n<meta property=\"og:title\" content=\"Skrivnostne zareze\" \/>\n<meta property=\"og:description\" content=\"Knji\u017eica Skrivnostne zareze nam ori\u0161e Pepijevo po\u010dutje, ki je zadnje \u010dase grozno, posledice pa \u010dutijo prav vsi okrog njega.\" \/>\n<meta property=\"og:url\" content=\"https:\/\/www.iskreni.net\/trgovina\/product\/skrivnostne-zareze\/\" \/>\n<meta property=\"og:site_name\" content=\"Zavod Iskreni\" \/>\n<meta property=\"article:modified_time\" content=\"2024-01-18T14:19:11+00:00\" \/>\n<meta property=\"og:image\" content=\"https:\/\/www.iskreni.net\/trgovina\/wp-content\/uploads\/2022\/06\/Slike-za-spletno-SOCIAL-12.jpg\" \/>\n\t<meta property=\"og:image:width\" content=\"1200\" \/>\n\t<meta property=\"og:image:height\" content=\"674\" \/>\n\t<meta property=\"og:image:type\" content=\"image\/jpeg\" \/>\n<meta name=\"twitter:card\" content=\"summary_large_image\" \/>\n<meta name=\"twitter:label1\" content=\"Est. reading time\" \/>\n\t<meta name=\"twitter:data1\" content=\"2 minuti\" \/>\n<script type=\"application\/ld+json\" class=\"yoast-schema-graph\">{\"@context\":\"https:\/\/schema.org\",\"@graph\":[{\"@type\":\"WebPage\",\"@id\":\"https:\/\/www.iskreni.net\/trgovina\/product\/skrivnostne-zareze\/\",\"url\":\"https:\/\/www.iskreni.net\/trgovina\/product\/skrivnostne-zareze\/\",\"name\":\"Skrivnostne zareze - trgovina Iskreni\",\"isPartOf\":{\"@id\":\"https:\/\/www.iskreni.net\/trgovina\/#website\"},\"primaryImageOfPage\":{\"@id\":\"https:\/\/www.iskreni.net\/trgovina\/product\/skrivnostne-zareze\/#primaryimage\"},\"image\":{\"@id\":\"https:\/\/www.iskreni.net\/trgovina\/product\/skrivnostne-zareze\/#primaryimage\"},\"thumbnailUrl\":\"https:\/\/www.iskreni.net\/trgovina\/wp-content\/uploads\/2022\/06\/Slike-za-v-spletno-trgovino-19.jpg\",\"datePublished\":\"2022-06-29T12:54:03+00:00\",\"dateModified\":\"2024-01-18T14:19:11+00:00\",\"description\":\"Knji\u017eica Skrivnostne zareze nam ori\u0161e Pepijevo po\u010dutje, ki je zadnje \u010dase grozno, posledice pa \u010dutijo prav vsi okrog njega.\",\"breadcrumb\":{\"@id\":\"https:\/\/www.iskreni.net\/trgovina\/product\/skrivnostne-zareze\/#breadcrumb\"},\"inLanguage\":\"sl-SI\",\"potentialAction\":[{\"@type\":\"ReadAction\",\"target\":[\"https:\/\/www.iskreni.net\/trgovina\/product\/skrivnostne-zareze\/\"]}]},{\"@type\":\"ImageObject\",\"inLanguage\":\"sl-SI\",\"@id\":\"https:\/\/www.iskreni.net\/trgovina\/product\/skrivnostne-zareze\/#primaryimage\",\"url\":\"https:\/\/www.iskreni.net\/trgovina\/wp-content\/uploads\/2022\/06\/Slike-za-v-spletno-trgovino-19.jpg\",\"contentUrl\":\"https:\/\/www.iskreni.net\/trgovina\/wp-content\/uploads\/2022\/06\/Slike-za-v-spletno-trgovino-19.jpg\",\"width\":600,\"height\":600},{\"@type\":\"BreadcrumbList\",\"@id\":\"https:\/\/www.iskreni.net\/trgovina\/product\/skrivnostne-zareze\/#breadcrumb\",\"itemListElement\":[{\"@type\":\"ListItem\",\"position\":1,\"name\":\"Home\",\"item\":\"https:\/\/www.iskreni.net\/trgovina\/\"},{\"@type\":\"ListItem\",\"position\":2,\"name\":\"Trgovina\",\"item\":\"https:\/\/www.iskreni.net\/trgovina\/trgovina\/\"},{\"@type\":\"ListItem\",\"position\":3,\"name\":\"Skrivnostne zareze\"}]},{\"@type\":\"WebSite\",\"@id\":\"https:\/\/www.iskreni.net\/trgovina\/#website\",\"url\":\"https:\/\/www.iskreni.net\/trgovina\/\",\"name\":\"Zavod Iskreni\",\"description\":\"trgovina\",\"potentialAction\":[{\"@type\":\"SearchAction\",\"target\":{\"@type\":\"EntryPoint\",\"urlTemplate\":\"https:\/\/www.iskreni.net\/trgovina\/?s={search_term_string}\"},\"query-input\":{\"@type\":\"PropertyValueSpecification\",\"valueRequired\":true,\"valueName\":\"search_term_string\"}}],\"inLanguage\":\"sl-SI\"}]}<\/script>\n<!-- \/ Yoast SEO plugin. -->","yoast_head_json":{"title":"Skrivnostne zareze - trgovina Iskreni","description":"Knji\u017eica Skrivnostne zareze nam ori\u0161e Pepijevo po\u010dutje, ki je zadnje \u010dase grozno, posledice pa \u010dutijo prav vsi okrog njega.","robots":{"index":"index","follow":"follow","max-snippet":"max-snippet:-1","max-image-preview":"max-image-preview:large","max-video-preview":"max-video-preview:-1"},"canonical":"https:\/\/www.iskreni.net\/trgovina\/product\/skrivnostne-zareze\/","og_locale":"sl_SI","og_type":"article","og_title":"Skrivnostne zareze","og_description":"Knji\u017eica Skrivnostne zareze nam ori\u0161e Pepijevo po\u010dutje, ki je zadnje \u010dase grozno, posledice pa \u010dutijo prav vsi okrog njega.","og_url":"https:\/\/www.iskreni.net\/trgovina\/product\/skrivnostne-zareze\/","og_site_name":"Zavod Iskreni","article_modified_time":"2024-01-18T14:19:11+00:00","og_image":[{"width":1200,"height":674,"url":"https:\/\/www.iskreni.net\/trgovina\/wp-content\/uploads\/2022\/06\/Slike-za-spletno-SOCIAL-12.jpg","type":"image\/jpeg"}],"twitter_card":"summary_large_image","twitter_misc":{"Est. reading time":"2 minuti"},"schema":{"@context":"https:\/\/schema.org","@graph":[{"@type":"WebPage","@id":"https:\/\/www.iskreni.net\/trgovina\/product\/skrivnostne-zareze\/","url":"https:\/\/www.iskreni.net\/trgovina\/product\/skrivnostne-zareze\/","name":"Skrivnostne zareze - trgovina Iskreni","isPartOf":{"@id":"https:\/\/www.iskreni.net\/trgovina\/#website"},"primaryImageOfPage":{"@id":"https:\/\/www.iskreni.net\/trgovina\/product\/skrivnostne-zareze\/#primaryimage"},"image":{"@id":"https:\/\/www.iskreni.net\/trgovina\/product\/skrivnostne-zareze\/#primaryimage"},"thumbnailUrl":"https:\/\/www.iskreni.net\/trgovina\/wp-content\/uploads\/2022\/06\/Slike-za-v-spletno-trgovino-19.jpg","datePublished":"2022-06-29T12:54:03+00:00","dateModified":"2024-01-18T14:19:11+00:00","description":"Knji\u017eica Skrivnostne zareze nam ori\u0161e Pepijevo po\u010dutje, ki je zadnje \u010dase grozno, posledice pa \u010dutijo prav vsi okrog njega.","breadcrumb":{"@id":"https:\/\/www.iskreni.net\/trgovina\/product\/skrivnostne-zareze\/#breadcrumb"},"inLanguage":"sl-SI","potentialAction":[{"@type":"ReadAction","target":["https:\/\/www.iskreni.net\/trgovina\/product\/skrivnostne-zareze\/"]}]},{"@type":"ImageObject","inLanguage":"sl-SI","@id":"https:\/\/www.iskreni.net\/trgovina\/product\/skrivnostne-zareze\/#primaryimage","url":"https:\/\/www.iskreni.net\/trgovina\/wp-content\/uploads\/2022\/06\/Slike-za-v-spletno-trgovino-19.jpg","contentUrl":"https:\/\/www.iskreni.net\/trgovina\/wp-content\/uploads\/2022\/06\/Slike-za-v-spletno-trgovino-19.jpg","width":600,"height":600},{"@type":"BreadcrumbList","@id":"https:\/\/www.iskreni.net\/trgovina\/product\/skrivnostne-zareze\/#breadcrumb","itemListElement":[{"@type":"ListItem","position":1,"name":"Home","item":"https:\/\/www.iskreni.net\/trgovina\/"},{"@type":"ListItem","position":2,"name":"Trgovina","item":"https:\/\/www.iskreni.net\/trgovina\/trgovina\/"},{"@type":"ListItem","position":3,"name":"Skrivnostne zareze"}]},{"@type":"WebSite","@id":"https:\/\/www.iskreni.net\/trgovina\/#website","url":"https:\/\/www.iskreni.net\/trgovina\/","name":"Zavod Iskreni","description":"trgovina","potentialAction":[{"@type":"SearchAction","target":{"@type":"EntryPoint","urlTemplate":"https:\/\/www.iskreni.net\/trgovina\/?s={search_term_string}"},"query-input":{"@type":"PropertyValueSpecification","valueRequired":true,"valueName":"search_term_string"}}],"inLanguage":"sl-SI"}]}},"_links":{"self":[{"href":"https:\/\/www.iskreni.net\/trgovina\/wp-json\/wp\/v2\/product\/57123","targetHints":{"allow":["GET"]}}],"collection":[{"href":"https:\/\/www.iskreni.net\/trgovina\/wp-json\/wp\/v2\/product"}],"about":[{"href":"https:\/\/www.iskreni.net\/trgovina\/wp-json\/wp\/v2\/types\/product"}],"replies":[{"embeddable":true,"href":"https:\/\/www.iskreni.net\/trgovina\/wp-json\/wp\/v2\/comments?post=57123"}],"version-history":[{"count":6,"href":"https:\/\/www.iskreni.net\/trgovina\/wp-json\/wp\/v2\/product\/57123\/revisions"}],"predecessor-version":[{"id":72775,"href":"https:\/\/www.iskreni.net\/trgovina\/wp-json\/wp\/v2\/product\/57123\/revisions\/72775"}],"wp:featuredmedia":[{"embeddable":true,"href":"https:\/\/www.iskreni.net\/trgovina\/wp-json\/wp\/v2\/media\/57132"}],"wp:attachment":[{"href":"https:\/\/www.iskreni.net\/trgovina\/wp-json\/wp\/v2\/media?parent=57123"}],"wp:term":[{"taxonomy":"product_brand","embeddable":true,"href":"https:\/\/www.iskreni.net\/trgovina\/wp-json\/wp\/v2\/product_brand?post=57123"},{"taxonomy":"product_cat","embeddable":true,"href":"https:\/\/www.iskreni.net\/trgovina\/wp-json\/wp\/v2\/product_cat?post=57123"},{"taxonomy":"product_tag","embeddable":true,"href":"https:\/\/www.iskreni.net\/trgovina\/wp-json\/wp\/v2\/product_tag?post=57123"},{"taxonomy":"avtor","embeddable":true,"href":"https:\/\/www.iskreni.net\/trgovina\/wp-json\/wp\/v2\/avtor?post=57123"},{"taxonomy":"zalozba","embeddable":true,"href":"https:\/\/www.iskreni.net\/trgovina\/wp-json\/wp\/v2\/zalozba?post=57123"},{"taxonomy":"vezava","embeddable":true,"href":"https:\/\/www.iskreni.net\/trgovina\/wp-json\/wp\/v2\/vezava?post=57123"}],"curies":[{"name":"wp","href":"https:\/\/api.w.org\/{rel}","templated":true}]}}