{"id":57015,"date":"2022-06-29T10:17:32","date_gmt":"2022-06-29T08:17:32","guid":{"rendered":"https:\/\/www.iskreni.net\/trgovina\/?post_type=product&#038;p=57015"},"modified":"2025-07-09T13:29:53","modified_gmt":"2025-07-09T11:29:53","slug":"vrata-evrope","status":"publish","type":"product","link":"https:\/\/www.iskreni.net\/trgovina\/product\/vrata-evrope\/","title":{"rendered":"Vrata Evrope"},"content":{"rendered":"<h3 id=\"anchor-o-izdelku\" class=\"title\">O izdelku<\/h3>\n<p><em>Vrata Evrope<\/em>, delo Serhiija Plokhyja, uglednega ukrajinskega zgodovinarja in profesorja zgodovine Ukrajine na znameniti Harvardski univerzi, znanega po svojih mnogo\u0161tevilnih strokovnih \u0161tudijah, velja za referen\u010dno in natan\u010dno zgodovino te najve\u010dje in najmanj poznane evropske dr\u017eave vse od antike do dana\u0161njih dni. V sloven\u0161\u010dini izhaja posodobljena izdaja te eminentne zgodovinske monografije iz leta 2021, opremljene tudi s kartografskim materialom, ki pregledno predstavi ukrajinsko preteklost vse do dana\u0161njih dni.<\/p>\n<p>Knjiga nas \u017ee na za\u010detku seznani z dejstvom, da je bil prvi zgodovinar Ukrajine sam Herodot. Boj za njeno ozemeljsko integriteto in politi\u010dno neodvisnost je (bil) dolg in mukotrpen, zato je sedanja invazija Rusije na njenih tleh samo eden v nizu dolgih bojev. Avtor vztrajno zagovarja misel, da je zavoljo razumevanja polo\u017eaja te dr\u017eave nujno potrebno poznavanje njene preteklosti.<\/p>\n<p>Spri\u010do te misli ne presene\u010da poglobljena in dosledna analiza zgodovinskih dejstev, ki zajemajo klju\u010dne prelomnice, pri \u010demer Plokhy svoje raziskovalno popotovanje za\u010dne \u017ee v 5. stoletju pr. n. \u0161., raziskuje izvor Slovanov in se pomika k preostalim fazam v razvoju Ukrajine, ki je ve\u010dkrat padla pod oblast raznolikih politi\u010dnih entitet: tu najdemo denimo Vikinge, Bizantinsko cesarstvo, Mongole, Rusko carstvo, Sovjetsko zvezo, kar je nenazadnje pripeljalo do neodvisne in samostojne dr\u017eavne ureditve. Ravno njen geografski polo\u017eaj, ki jo ume\u0161\u010da na razpotje dr\u017eav Centralne Evrope, Rusije in Srednjega vzhoda, je poskrbel, da so jo v vseh teh letih zaznamovali in soblikovali \u0161tevilni vzhodni kot tudi zahodni imperiji, sama pa je postala svojevrstno sti\u010di\u0161\u010de kultur in religij.<\/p>\n<h3><\/h3>\n<h3 id=\"anchor-o-izdelku\" class=\"title\">O avtorju<\/h3>\n<p><strong>Serhii Plokhy<\/strong> (1957) je profesor ukrajinske zgodovine na Harvardski univerzi in direktor ukrajinskega raziskovalnega in\u0161tituta Harvard. Polje njegovega raziskovanja zajema intelektualno, kulturno in mednarodno zgodovino Vzhodne Evrope. Kot vodilna avtoriteta pri\u010dujo\u010dega podro\u010dja objavlja v angle\u0161\u010dini, ukrajin\u0161\u010dini in ru\u0161\u010dini.<\/p>\n<p>&nbsp;<\/p>\n","protected":false},"excerpt":{"rendered":"<h4>Zgodovina Ukrajine<\/h4>\n<p><strong>Avtor:\u00a0<\/strong>Serhii Plokhy<br \/>\n<strong>Prevod:\u00a0<\/strong>Niki Neubauer<br \/>\n<strong>Zalo\u017eba: <\/strong>UMco<br \/>\n<strong>Leto izdaje:<\/strong> 2022<br \/>\n<strong>\u0160tevilo strani:<\/strong> 500<br \/>\n<strong>Vezava:<\/strong> mehka<br \/>\n<strong>Format:<\/strong> 210 x 150 mm<\/p>\n<h5><\/h5>\n","protected":false},"featured_media":57017,"comment_status":"open","ping_status":"closed","template":"","meta":[],"product_brand":[],"product_cat":[2326,63],"product_tag":[1675],"avtor":[],"zalozba":[],"vezava":[],"class_list":{"0":"post-57015","1":"product","2":"type-product","3":"status-publish","4":"has-post-thumbnail","6":"product_cat-druzbena-vprasanja-in-humanistika","7":"product_cat-knjige","8":"product_tag-ukrajina","10":"first","11":"onbackorder","12":"taxable","13":"shipping-taxable","14":"purchasable","15":"product-type-simple"},"yoast_head":"<!-- This site is optimized with the Yoast SEO plugin v26.3 - https:\/\/yoast.com\/wordpress\/plugins\/seo\/ -->\n<title>Vrata Evrope - trgovina Iskreni<\/title>\n<meta name=\"description\" content=\"Vrata Evrope, delo uglednega ukrajinskega zgodovinarja Serhiija Plokhyja, opisuje zgodovino Ukrajine od \u010dasa popisa Herodota do danes.\" \/>\n<meta name=\"robots\" content=\"index, follow, max-snippet:-1, max-image-preview:large, max-video-preview:-1\" \/>\n<link rel=\"canonical\" href=\"https:\/\/www.iskreni.net\/trgovina\/product\/vrata-evrope\/\" \/>\n<meta property=\"og:locale\" content=\"sl_SI\" \/>\n<meta property=\"og:type\" content=\"article\" \/>\n<meta property=\"og:title\" content=\"Vrata Evrope\" \/>\n<meta property=\"og:description\" content=\"Vrata Evrope, delo uglednega ukrajinskega zgodovinarja Serhiija Plokhyja, opisuje zgodovino Ukrajine od \u010dasa popisa Herodota do danes.\" \/>\n<meta property=\"og:url\" content=\"https:\/\/www.iskreni.net\/trgovina\/product\/vrata-evrope\/\" \/>\n<meta property=\"og:site_name\" content=\"Zavod Iskreni\" \/>\n<meta property=\"article:modified_time\" content=\"2025-07-09T11:29:53+00:00\" \/>\n<meta property=\"og:image\" content=\"https:\/\/www.iskreni.net\/trgovina\/wp-content\/uploads\/2022\/06\/Slike-za-spletno-SOCIAL-8.jpg\" \/>\n\t<meta property=\"og:image:width\" content=\"1200\" \/>\n\t<meta property=\"og:image:height\" content=\"674\" \/>\n\t<meta property=\"og:image:type\" content=\"image\/jpeg\" \/>\n<meta name=\"twitter:card\" content=\"summary_large_image\" \/>\n<meta name=\"twitter:label1\" content=\"Est. reading time\" \/>\n\t<meta name=\"twitter:data1\" content=\"2 minuti\" \/>\n<script type=\"application\/ld+json\" class=\"yoast-schema-graph\">{\"@context\":\"https:\/\/schema.org\",\"@graph\":[{\"@type\":\"WebPage\",\"@id\":\"https:\/\/www.iskreni.net\/trgovina\/product\/vrata-evrope\/\",\"url\":\"https:\/\/www.iskreni.net\/trgovina\/product\/vrata-evrope\/\",\"name\":\"Vrata Evrope - trgovina Iskreni\",\"isPartOf\":{\"@id\":\"https:\/\/www.iskreni.net\/trgovina\/#website\"},\"primaryImageOfPage\":{\"@id\":\"https:\/\/www.iskreni.net\/trgovina\/product\/vrata-evrope\/#primaryimage\"},\"image\":{\"@id\":\"https:\/\/www.iskreni.net\/trgovina\/product\/vrata-evrope\/#primaryimage\"},\"thumbnailUrl\":\"https:\/\/www.iskreni.net\/trgovina\/wp-content\/uploads\/2022\/06\/Slike-za-v-spletno-trgovino-16.jpg\",\"datePublished\":\"2022-06-29T08:17:32+00:00\",\"dateModified\":\"2025-07-09T11:29:53+00:00\",\"description\":\"Vrata Evrope, delo uglednega ukrajinskega zgodovinarja Serhiija Plokhyja, opisuje zgodovino Ukrajine od \u010dasa popisa Herodota do danes.\",\"breadcrumb\":{\"@id\":\"https:\/\/www.iskreni.net\/trgovina\/product\/vrata-evrope\/#breadcrumb\"},\"inLanguage\":\"sl-SI\",\"potentialAction\":[{\"@type\":\"ReadAction\",\"target\":[\"https:\/\/www.iskreni.net\/trgovina\/product\/vrata-evrope\/\"]}]},{\"@type\":\"ImageObject\",\"inLanguage\":\"sl-SI\",\"@id\":\"https:\/\/www.iskreni.net\/trgovina\/product\/vrata-evrope\/#primaryimage\",\"url\":\"https:\/\/www.iskreni.net\/trgovina\/wp-content\/uploads\/2022\/06\/Slike-za-v-spletno-trgovino-16.jpg\",\"contentUrl\":\"https:\/\/www.iskreni.net\/trgovina\/wp-content\/uploads\/2022\/06\/Slike-za-v-spletno-trgovino-16.jpg\",\"width\":600,\"height\":600},{\"@type\":\"BreadcrumbList\",\"@id\":\"https:\/\/www.iskreni.net\/trgovina\/product\/vrata-evrope\/#breadcrumb\",\"itemListElement\":[{\"@type\":\"ListItem\",\"position\":1,\"name\":\"Home\",\"item\":\"https:\/\/www.iskreni.net\/trgovina\/\"},{\"@type\":\"ListItem\",\"position\":2,\"name\":\"Trgovina\",\"item\":\"https:\/\/www.iskreni.net\/trgovina\/trgovina\/\"},{\"@type\":\"ListItem\",\"position\":3,\"name\":\"Vrata Evrope\"}]},{\"@type\":\"WebSite\",\"@id\":\"https:\/\/www.iskreni.net\/trgovina\/#website\",\"url\":\"https:\/\/www.iskreni.net\/trgovina\/\",\"name\":\"Zavod Iskreni\",\"description\":\"trgovina\",\"potentialAction\":[{\"@type\":\"SearchAction\",\"target\":{\"@type\":\"EntryPoint\",\"urlTemplate\":\"https:\/\/www.iskreni.net\/trgovina\/?s={search_term_string}\"},\"query-input\":{\"@type\":\"PropertyValueSpecification\",\"valueRequired\":true,\"valueName\":\"search_term_string\"}}],\"inLanguage\":\"sl-SI\"}]}<\/script>\n<!-- \/ Yoast SEO plugin. -->","yoast_head_json":{"title":"Vrata Evrope - trgovina Iskreni","description":"Vrata Evrope, delo uglednega ukrajinskega zgodovinarja Serhiija Plokhyja, opisuje zgodovino Ukrajine od \u010dasa popisa Herodota do danes.","robots":{"index":"index","follow":"follow","max-snippet":"max-snippet:-1","max-image-preview":"max-image-preview:large","max-video-preview":"max-video-preview:-1"},"canonical":"https:\/\/www.iskreni.net\/trgovina\/product\/vrata-evrope\/","og_locale":"sl_SI","og_type":"article","og_title":"Vrata Evrope","og_description":"Vrata Evrope, delo uglednega ukrajinskega zgodovinarja Serhiija Plokhyja, opisuje zgodovino Ukrajine od \u010dasa popisa Herodota do danes.","og_url":"https:\/\/www.iskreni.net\/trgovina\/product\/vrata-evrope\/","og_site_name":"Zavod Iskreni","article_modified_time":"2025-07-09T11:29:53+00:00","og_image":[{"width":1200,"height":674,"url":"https:\/\/www.iskreni.net\/trgovina\/wp-content\/uploads\/2022\/06\/Slike-za-spletno-SOCIAL-8.jpg","type":"image\/jpeg"}],"twitter_card":"summary_large_image","twitter_misc":{"Est. reading time":"2 minuti"},"schema":{"@context":"https:\/\/schema.org","@graph":[{"@type":"WebPage","@id":"https:\/\/www.iskreni.net\/trgovina\/product\/vrata-evrope\/","url":"https:\/\/www.iskreni.net\/trgovina\/product\/vrata-evrope\/","name":"Vrata Evrope - trgovina Iskreni","isPartOf":{"@id":"https:\/\/www.iskreni.net\/trgovina\/#website"},"primaryImageOfPage":{"@id":"https:\/\/www.iskreni.net\/trgovina\/product\/vrata-evrope\/#primaryimage"},"image":{"@id":"https:\/\/www.iskreni.net\/trgovina\/product\/vrata-evrope\/#primaryimage"},"thumbnailUrl":"https:\/\/www.iskreni.net\/trgovina\/wp-content\/uploads\/2022\/06\/Slike-za-v-spletno-trgovino-16.jpg","datePublished":"2022-06-29T08:17:32+00:00","dateModified":"2025-07-09T11:29:53+00:00","description":"Vrata Evrope, delo uglednega ukrajinskega zgodovinarja Serhiija Plokhyja, opisuje zgodovino Ukrajine od \u010dasa popisa Herodota do danes.","breadcrumb":{"@id":"https:\/\/www.iskreni.net\/trgovina\/product\/vrata-evrope\/#breadcrumb"},"inLanguage":"sl-SI","potentialAction":[{"@type":"ReadAction","target":["https:\/\/www.iskreni.net\/trgovina\/product\/vrata-evrope\/"]}]},{"@type":"ImageObject","inLanguage":"sl-SI","@id":"https:\/\/www.iskreni.net\/trgovina\/product\/vrata-evrope\/#primaryimage","url":"https:\/\/www.iskreni.net\/trgovina\/wp-content\/uploads\/2022\/06\/Slike-za-v-spletno-trgovino-16.jpg","contentUrl":"https:\/\/www.iskreni.net\/trgovina\/wp-content\/uploads\/2022\/06\/Slike-za-v-spletno-trgovino-16.jpg","width":600,"height":600},{"@type":"BreadcrumbList","@id":"https:\/\/www.iskreni.net\/trgovina\/product\/vrata-evrope\/#breadcrumb","itemListElement":[{"@type":"ListItem","position":1,"name":"Home","item":"https:\/\/www.iskreni.net\/trgovina\/"},{"@type":"ListItem","position":2,"name":"Trgovina","item":"https:\/\/www.iskreni.net\/trgovina\/trgovina\/"},{"@type":"ListItem","position":3,"name":"Vrata Evrope"}]},{"@type":"WebSite","@id":"https:\/\/www.iskreni.net\/trgovina\/#website","url":"https:\/\/www.iskreni.net\/trgovina\/","name":"Zavod Iskreni","description":"trgovina","potentialAction":[{"@type":"SearchAction","target":{"@type":"EntryPoint","urlTemplate":"https:\/\/www.iskreni.net\/trgovina\/?s={search_term_string}"},"query-input":{"@type":"PropertyValueSpecification","valueRequired":true,"valueName":"search_term_string"}}],"inLanguage":"sl-SI"}]}},"_links":{"self":[{"href":"https:\/\/www.iskreni.net\/trgovina\/wp-json\/wp\/v2\/product\/57015","targetHints":{"allow":["GET"]}}],"collection":[{"href":"https:\/\/www.iskreni.net\/trgovina\/wp-json\/wp\/v2\/product"}],"about":[{"href":"https:\/\/www.iskreni.net\/trgovina\/wp-json\/wp\/v2\/types\/product"}],"replies":[{"embeddable":true,"href":"https:\/\/www.iskreni.net\/trgovina\/wp-json\/wp\/v2\/comments?post=57015"}],"version-history":[{"count":3,"href":"https:\/\/www.iskreni.net\/trgovina\/wp-json\/wp\/v2\/product\/57015\/revisions"}],"predecessor-version":[{"id":57020,"href":"https:\/\/www.iskreni.net\/trgovina\/wp-json\/wp\/v2\/product\/57015\/revisions\/57020"}],"wp:featuredmedia":[{"embeddable":true,"href":"https:\/\/www.iskreni.net\/trgovina\/wp-json\/wp\/v2\/media\/57017"}],"wp:attachment":[{"href":"https:\/\/www.iskreni.net\/trgovina\/wp-json\/wp\/v2\/media?parent=57015"}],"wp:term":[{"taxonomy":"product_brand","embeddable":true,"href":"https:\/\/www.iskreni.net\/trgovina\/wp-json\/wp\/v2\/product_brand?post=57015"},{"taxonomy":"product_cat","embeddable":true,"href":"https:\/\/www.iskreni.net\/trgovina\/wp-json\/wp\/v2\/product_cat?post=57015"},{"taxonomy":"product_tag","embeddable":true,"href":"https:\/\/www.iskreni.net\/trgovina\/wp-json\/wp\/v2\/product_tag?post=57015"},{"taxonomy":"avtor","embeddable":true,"href":"https:\/\/www.iskreni.net\/trgovina\/wp-json\/wp\/v2\/avtor?post=57015"},{"taxonomy":"zalozba","embeddable":true,"href":"https:\/\/www.iskreni.net\/trgovina\/wp-json\/wp\/v2\/zalozba?post=57015"},{"taxonomy":"vezava","embeddable":true,"href":"https:\/\/www.iskreni.net\/trgovina\/wp-json\/wp\/v2\/vezava?post=57015"}],"curies":[{"name":"wp","href":"https:\/\/api.w.org\/{rel}","templated":true}]}}