{"id":56234,"date":"2022-06-06T14:09:53","date_gmt":"2022-06-06T12:09:53","guid":{"rendered":"https:\/\/www.iskreni.net\/trgovina\/?post_type=product&#038;p=56234"},"modified":"2024-03-22T15:45:36","modified_gmt":"2024-03-22T14:45:36","slug":"kuharske-prismodarije-za-pobalincke-in-babice","status":"publish","type":"product","link":"https:\/\/www.iskreni.net\/trgovina\/product\/kuharske-prismodarije-za-pobalincke-in-babice\/","title":{"rendered":"Kuharske prismodarije za pobalin\u010dke in babice"},"content":{"rendered":"<h3 id=\"anchor-o-izdelku\" class=\"title\">O izdelku:<\/h3>\n<p>Milena Miklav\u010di\u010d: &#8216;\u017de od nekdaj sem sanjala, da bi napisala kuharsko knjigo. A ne za kogar koli. Zlasti ne za tistih 1.915.234 Slovencev, ki kuhalnico su\u010dejo bolje od mene.<br \/>\nKar so prijokali na svet vnuki, sem razmi\u0161ljala, bom zmogla, kot se \u0161ika, opravljati najlep\u0161e poslanstvo pod soncem?<br \/>\nNa skrivaj sem se trudila, tako kot prefrigane babice znamo, da iz njih naredim prvovrstne kuharje.<br \/>\nNeko\u010d sem si rekla: \u00abKaj, \u010de jim &#8211; namesto nepotrebnih pridig, ki gredo skozi eno uho noter, skozi drugega pa ven &#8211; raje podarim knjigo zgodb o na\u0161ih skupnih do\u017eivetjih?\u00ab<br \/>\nJa, \u010dudovita ideja!<br \/>\nIz razli\u010dnih, na videz celo neopaznih kuhinjskih dogodkov so nastale zgodbe.<br \/>\nSkrbno smo zapisali tudi recepte, ki smo jih preizku\u0161ali.<br \/>\nVas zanima, kako se vnuki u\u010dijo pomembnih vrednot in \u017eivljenjskih modrosti, ki jim pomagajo, da v \u010dasu odra\u0161\u010danja bolje razumejo sebe in tudi druge?<br \/>\nVzemite v roke knjigo, v njej boste na\u0161li namige, ki jih je vredno posnemati!&#8217;<\/p>\n<h3>O avtorici:<\/h3>\n<p>MILENA MIKLAV\u010cI\u010c je slovenska pisateljica, novinarka in ljubiteljska raziskovalka preteklosti. Je \u0161tirikrat mama in \u0161tirikrat babica, dru\u017eino pa si je ustvarila v \u017direh. Ve\u010d kot 20 let je oblikovala kulturne in otro\u0161ke oddaje na Radiu Sora, nato je pisala zgodbe za Gorenjski glas, \u0161e danes pa pi\u0161e za razli\u010dne medije. Je tudi dobitnica razli\u010dnih literarnih nagrad in priznanj, predvsem pa je oseba z velikim srcem, ki ji je \u017eivljenje namenilo veliko lepih in tudi te\u017ekih trenutkov.<\/p>\n","protected":false},"excerpt":{"rendered":"<h4><\/h4>\n<p><strong>Avtor:<\/strong> Milena Miklav\u010di\u010d<br \/>\n<strong>Ilustracije:<\/strong> Karin Berce<br \/>\n<strong>Zalo\u017eba:\u00a0<\/strong>Jutri2052, \u017diri<br \/>\n<strong>Leto izdaje:<\/strong> 2021<br \/>\n<strong>\u0160tevilo strani:<\/strong> 127<br \/>\n<strong>Vezava:<\/strong> mehka<br \/>\n<strong>Dimenzije<\/strong>: 210 x 210 mm<\/p>\n","protected":false},"featured_media":56239,"comment_status":"open","ping_status":"closed","template":"","meta":[],"product_brand":[],"product_cat":[2327,63],"product_tag":[1663],"avtor":[],"zalozba":[],"vezava":[],"class_list":{"0":"post-56234","1":"product","2":"type-product","3":"status-publish","4":"has-post-thumbnail","6":"product_cat-prirocniki-in-vodniki","7":"product_cat-knjige","8":"product_tag-recepti","10":"first","11":"instock","12":"sale","13":"taxable","14":"shipping-taxable","15":"purchasable","16":"product-type-simple"},"yoast_head":"<!-- This site is optimized with the Yoast SEO plugin v26.3 - https:\/\/yoast.com\/wordpress\/plugins\/seo\/ -->\n<title>Kuharske prismodarije za pobalin\u010dke in babice - trgovina Iskreni<\/title>\n<meta name=\"description\" content=\"Knjiga Kuharske prismodarije za pobalin\u010dke in babice vsebuje kuhinjske prigode z dodanimi recepti in \u0161\u010depci \u017eivljenjske modrosti.\" \/>\n<meta name=\"robots\" content=\"index, follow, max-snippet:-1, max-image-preview:large, max-video-preview:-1\" \/>\n<link rel=\"canonical\" href=\"https:\/\/www.iskreni.net\/trgovina\/product\/kuharske-prismodarije-za-pobalincke-in-babice\/\" \/>\n<meta property=\"og:locale\" content=\"sl_SI\" \/>\n<meta property=\"og:type\" content=\"article\" \/>\n<meta property=\"og:title\" content=\"Kuharske prismodarije za pobalin\u010dke in babice\" \/>\n<meta property=\"og:description\" content=\"Knjiga Kuharske prismodarije za pobalin\u010dke in babice vsebuje kuhinjske prigode z dodanimi recepti in \u0161\u010depci \u017eivljenjske modrosti.\" \/>\n<meta property=\"og:url\" content=\"https:\/\/www.iskreni.net\/trgovina\/product\/kuharske-prismodarije-za-pobalincke-in-babice\/\" \/>\n<meta property=\"og:site_name\" content=\"Zavod Iskreni\" \/>\n<meta property=\"article:modified_time\" content=\"2024-03-22T14:45:36+00:00\" \/>\n<meta property=\"og:image\" content=\"https:\/\/www.iskreni.net\/trgovina\/wp-content\/uploads\/2022\/06\/Slike-za-spletno-SOCIAL-5.jpg\" \/>\n\t<meta property=\"og:image:width\" content=\"1200\" \/>\n\t<meta property=\"og:image:height\" content=\"674\" \/>\n\t<meta property=\"og:image:type\" content=\"image\/jpeg\" \/>\n<meta name=\"twitter:card\" content=\"summary_large_image\" \/>\n<meta name=\"twitter:label1\" content=\"Est. reading time\" \/>\n\t<meta name=\"twitter:data1\" content=\"2 minuti\" \/>\n<script type=\"application\/ld+json\" class=\"yoast-schema-graph\">{\"@context\":\"https:\/\/schema.org\",\"@graph\":[{\"@type\":\"WebPage\",\"@id\":\"https:\/\/www.iskreni.net\/trgovina\/product\/kuharske-prismodarije-za-pobalincke-in-babice\/\",\"url\":\"https:\/\/www.iskreni.net\/trgovina\/product\/kuharske-prismodarije-za-pobalincke-in-babice\/\",\"name\":\"Kuharske prismodarije za pobalin\u010dke in babice - trgovina Iskreni\",\"isPartOf\":{\"@id\":\"https:\/\/www.iskreni.net\/trgovina\/#website\"},\"primaryImageOfPage\":{\"@id\":\"https:\/\/www.iskreni.net\/trgovina\/product\/kuharske-prismodarije-za-pobalincke-in-babice\/#primaryimage\"},\"image\":{\"@id\":\"https:\/\/www.iskreni.net\/trgovina\/product\/kuharske-prismodarije-za-pobalincke-in-babice\/#primaryimage\"},\"thumbnailUrl\":\"https:\/\/www.iskreni.net\/trgovina\/wp-content\/uploads\/2022\/06\/Slike-za-v-spletno-trgovino-13.jpg\",\"datePublished\":\"2022-06-06T12:09:53+00:00\",\"dateModified\":\"2024-03-22T14:45:36+00:00\",\"description\":\"Knjiga Kuharske prismodarije za pobalin\u010dke in babice vsebuje kuhinjske prigode z dodanimi recepti in \u0161\u010depci \u017eivljenjske modrosti.\",\"breadcrumb\":{\"@id\":\"https:\/\/www.iskreni.net\/trgovina\/product\/kuharske-prismodarije-za-pobalincke-in-babice\/#breadcrumb\"},\"inLanguage\":\"sl-SI\",\"potentialAction\":[{\"@type\":\"ReadAction\",\"target\":[\"https:\/\/www.iskreni.net\/trgovina\/product\/kuharske-prismodarije-za-pobalincke-in-babice\/\"]}]},{\"@type\":\"ImageObject\",\"inLanguage\":\"sl-SI\",\"@id\":\"https:\/\/www.iskreni.net\/trgovina\/product\/kuharske-prismodarije-za-pobalincke-in-babice\/#primaryimage\",\"url\":\"https:\/\/www.iskreni.net\/trgovina\/wp-content\/uploads\/2022\/06\/Slike-za-v-spletno-trgovino-13.jpg\",\"contentUrl\":\"https:\/\/www.iskreni.net\/trgovina\/wp-content\/uploads\/2022\/06\/Slike-za-v-spletno-trgovino-13.jpg\",\"width\":600,\"height\":600},{\"@type\":\"BreadcrumbList\",\"@id\":\"https:\/\/www.iskreni.net\/trgovina\/product\/kuharske-prismodarije-za-pobalincke-in-babice\/#breadcrumb\",\"itemListElement\":[{\"@type\":\"ListItem\",\"position\":1,\"name\":\"Home\",\"item\":\"https:\/\/www.iskreni.net\/trgovina\/\"},{\"@type\":\"ListItem\",\"position\":2,\"name\":\"Trgovina\",\"item\":\"https:\/\/www.iskreni.net\/trgovina\/trgovina\/\"},{\"@type\":\"ListItem\",\"position\":3,\"name\":\"Kuharske prismodarije za pobalin\u010dke in babice\"}]},{\"@type\":\"WebSite\",\"@id\":\"https:\/\/www.iskreni.net\/trgovina\/#website\",\"url\":\"https:\/\/www.iskreni.net\/trgovina\/\",\"name\":\"Zavod Iskreni\",\"description\":\"trgovina\",\"potentialAction\":[{\"@type\":\"SearchAction\",\"target\":{\"@type\":\"EntryPoint\",\"urlTemplate\":\"https:\/\/www.iskreni.net\/trgovina\/?s={search_term_string}\"},\"query-input\":{\"@type\":\"PropertyValueSpecification\",\"valueRequired\":true,\"valueName\":\"search_term_string\"}}],\"inLanguage\":\"sl-SI\"}]}<\/script>\n<!-- \/ Yoast SEO plugin. -->","yoast_head_json":{"title":"Kuharske prismodarije za pobalin\u010dke in babice - trgovina Iskreni","description":"Knjiga Kuharske prismodarije za pobalin\u010dke in babice vsebuje kuhinjske prigode z dodanimi recepti in \u0161\u010depci \u017eivljenjske modrosti.","robots":{"index":"index","follow":"follow","max-snippet":"max-snippet:-1","max-image-preview":"max-image-preview:large","max-video-preview":"max-video-preview:-1"},"canonical":"https:\/\/www.iskreni.net\/trgovina\/product\/kuharske-prismodarije-za-pobalincke-in-babice\/","og_locale":"sl_SI","og_type":"article","og_title":"Kuharske prismodarije za pobalin\u010dke in babice","og_description":"Knjiga Kuharske prismodarije za pobalin\u010dke in babice vsebuje kuhinjske prigode z dodanimi recepti in \u0161\u010depci \u017eivljenjske modrosti.","og_url":"https:\/\/www.iskreni.net\/trgovina\/product\/kuharske-prismodarije-za-pobalincke-in-babice\/","og_site_name":"Zavod Iskreni","article_modified_time":"2024-03-22T14:45:36+00:00","og_image":[{"width":1200,"height":674,"url":"https:\/\/www.iskreni.net\/trgovina\/wp-content\/uploads\/2022\/06\/Slike-za-spletno-SOCIAL-5.jpg","type":"image\/jpeg"}],"twitter_card":"summary_large_image","twitter_misc":{"Est. reading time":"2 minuti"},"schema":{"@context":"https:\/\/schema.org","@graph":[{"@type":"WebPage","@id":"https:\/\/www.iskreni.net\/trgovina\/product\/kuharske-prismodarije-za-pobalincke-in-babice\/","url":"https:\/\/www.iskreni.net\/trgovina\/product\/kuharske-prismodarije-za-pobalincke-in-babice\/","name":"Kuharske prismodarije za pobalin\u010dke in babice - trgovina Iskreni","isPartOf":{"@id":"https:\/\/www.iskreni.net\/trgovina\/#website"},"primaryImageOfPage":{"@id":"https:\/\/www.iskreni.net\/trgovina\/product\/kuharske-prismodarije-za-pobalincke-in-babice\/#primaryimage"},"image":{"@id":"https:\/\/www.iskreni.net\/trgovina\/product\/kuharske-prismodarije-za-pobalincke-in-babice\/#primaryimage"},"thumbnailUrl":"https:\/\/www.iskreni.net\/trgovina\/wp-content\/uploads\/2022\/06\/Slike-za-v-spletno-trgovino-13.jpg","datePublished":"2022-06-06T12:09:53+00:00","dateModified":"2024-03-22T14:45:36+00:00","description":"Knjiga Kuharske prismodarije za pobalin\u010dke in babice vsebuje kuhinjske prigode z dodanimi recepti in \u0161\u010depci \u017eivljenjske modrosti.","breadcrumb":{"@id":"https:\/\/www.iskreni.net\/trgovina\/product\/kuharske-prismodarije-za-pobalincke-in-babice\/#breadcrumb"},"inLanguage":"sl-SI","potentialAction":[{"@type":"ReadAction","target":["https:\/\/www.iskreni.net\/trgovina\/product\/kuharske-prismodarije-za-pobalincke-in-babice\/"]}]},{"@type":"ImageObject","inLanguage":"sl-SI","@id":"https:\/\/www.iskreni.net\/trgovina\/product\/kuharske-prismodarije-za-pobalincke-in-babice\/#primaryimage","url":"https:\/\/www.iskreni.net\/trgovina\/wp-content\/uploads\/2022\/06\/Slike-za-v-spletno-trgovino-13.jpg","contentUrl":"https:\/\/www.iskreni.net\/trgovina\/wp-content\/uploads\/2022\/06\/Slike-za-v-spletno-trgovino-13.jpg","width":600,"height":600},{"@type":"BreadcrumbList","@id":"https:\/\/www.iskreni.net\/trgovina\/product\/kuharske-prismodarije-za-pobalincke-in-babice\/#breadcrumb","itemListElement":[{"@type":"ListItem","position":1,"name":"Home","item":"https:\/\/www.iskreni.net\/trgovina\/"},{"@type":"ListItem","position":2,"name":"Trgovina","item":"https:\/\/www.iskreni.net\/trgovina\/trgovina\/"},{"@type":"ListItem","position":3,"name":"Kuharske prismodarije za pobalin\u010dke in babice"}]},{"@type":"WebSite","@id":"https:\/\/www.iskreni.net\/trgovina\/#website","url":"https:\/\/www.iskreni.net\/trgovina\/","name":"Zavod Iskreni","description":"trgovina","potentialAction":[{"@type":"SearchAction","target":{"@type":"EntryPoint","urlTemplate":"https:\/\/www.iskreni.net\/trgovina\/?s={search_term_string}"},"query-input":{"@type":"PropertyValueSpecification","valueRequired":true,"valueName":"search_term_string"}}],"inLanguage":"sl-SI"}]}},"_links":{"self":[{"href":"https:\/\/www.iskreni.net\/trgovina\/wp-json\/wp\/v2\/product\/56234","targetHints":{"allow":["GET"]}}],"collection":[{"href":"https:\/\/www.iskreni.net\/trgovina\/wp-json\/wp\/v2\/product"}],"about":[{"href":"https:\/\/www.iskreni.net\/trgovina\/wp-json\/wp\/v2\/types\/product"}],"replies":[{"embeddable":true,"href":"https:\/\/www.iskreni.net\/trgovina\/wp-json\/wp\/v2\/comments?post=56234"}],"version-history":[{"count":6,"href":"https:\/\/www.iskreni.net\/trgovina\/wp-json\/wp\/v2\/product\/56234\/revisions"}],"predecessor-version":[{"id":56243,"href":"https:\/\/www.iskreni.net\/trgovina\/wp-json\/wp\/v2\/product\/56234\/revisions\/56243"}],"wp:featuredmedia":[{"embeddable":true,"href":"https:\/\/www.iskreni.net\/trgovina\/wp-json\/wp\/v2\/media\/56239"}],"wp:attachment":[{"href":"https:\/\/www.iskreni.net\/trgovina\/wp-json\/wp\/v2\/media?parent=56234"}],"wp:term":[{"taxonomy":"product_brand","embeddable":true,"href":"https:\/\/www.iskreni.net\/trgovina\/wp-json\/wp\/v2\/product_brand?post=56234"},{"taxonomy":"product_cat","embeddable":true,"href":"https:\/\/www.iskreni.net\/trgovina\/wp-json\/wp\/v2\/product_cat?post=56234"},{"taxonomy":"product_tag","embeddable":true,"href":"https:\/\/www.iskreni.net\/trgovina\/wp-json\/wp\/v2\/product_tag?post=56234"},{"taxonomy":"avtor","embeddable":true,"href":"https:\/\/www.iskreni.net\/trgovina\/wp-json\/wp\/v2\/avtor?post=56234"},{"taxonomy":"zalozba","embeddable":true,"href":"https:\/\/www.iskreni.net\/trgovina\/wp-json\/wp\/v2\/zalozba?post=56234"},{"taxonomy":"vezava","embeddable":true,"href":"https:\/\/www.iskreni.net\/trgovina\/wp-json\/wp\/v2\/vezava?post=56234"}],"curies":[{"name":"wp","href":"https:\/\/api.w.org\/{rel}","templated":true}]}}