{"id":54363,"date":"2022-05-18T14:54:20","date_gmt":"2022-05-18T12:54:20","guid":{"rendered":"https:\/\/www.iskreni.net\/trgovina\/?post_type=product&#038;p=54363"},"modified":"2023-10-19T11:00:33","modified_gmt":"2023-10-19T09:00:33","slug":"jaz","status":"publish","type":"product","link":"https:\/\/www.iskreni.net\/trgovina\/product\/jaz\/","title":{"rendered":"Jaz"},"content":{"rendered":"<h3 class=\"title\">O izdelku:<\/h3>\n<p><em>Velike smo \u017ee in zelo zaposlene. Spodobi se, da smo resne in pou\u010dene. Kar naprej hitimo in kar naprej se ure dr\u017eimo. Na\u010drtujemo in lovimo roke. Delamo za udobje, za odmaknjene \u017eelje. Sledimo pri\u010dakovanjem na zemljevidih uspeha. Vse vemo in zmoremo. Odrasle smo in pametne. Kdo je torej to bitje \u0161irokih o\u010di, ki nas navznoter cuka za rokav, se nam \u010dudi in smeji?<\/em><\/p>\n<p>V navdihujo\u010di slikanici se z umetni\u0161kimi ilustracijami prepletata dve zgodbi. Rado\u017eiva in vesela deklica odgovarja resni in zreli \u017eenski. Opominja jo, kako naj v sebi obudi igrivost, kako naj za\u010duti svobodo in se prepusti lepoti \u017eivljenja. Skupno branje za objem mame in h\u010dere, \u0161e verjetneje pa bo knjigo vsaka \u017eenska prebirala v dru\u017ebi notranjega dekletca, kakr\u0161na je bila neko\u010d v otro\u0161tvu. Slikanica globokih uvidov, ki jo bo vsaka generacija do\u017eivela po svoje, nobena pa ne bo ostala ravnodu\u0161na. Mali u\u010dbenik preprostih resnic, da smo vse, kar je v \u017eivljenju res pomembno, neko\u010d davno pravzaprav \u017ee vedeli.<\/p>\n<h5><a href=\"https:\/\/www.iskreni.net\/trgovina\/wp-content\/uploads\/2022\/05\/Pavlek-Danijela-Jaz-prelistaj-knjigo.pdf\">Prelistaj knjigo<\/a><\/h5>\n","protected":false},"excerpt":{"rendered":"<p><strong>Ilustracije: <\/strong>Vane Kosturanov<strong><br \/>\n<\/strong><strong>Prevod: <\/strong>Tja\u0161a Mohar<br \/>\n<strong>Leto izdaje:<\/strong> 2022<br \/>\n<strong>Format: <\/strong>200 x 200 mm<\/p>\n<h4><strong>V vsaki odrasli \u017eenski \u0161e vedno \u017eivi majhna deklica &#8230;\u00a0<\/strong><\/h4>\n<h5><a href=\"https:\/\/www.iskreni.net\/trgovina\/wp-content\/uploads\/2022\/05\/Pavlek-Danijela-Jaz-prelistaj-knjigo.pdf\">Prelistaj knjigo<\/a><\/h5>\n","protected":false},"featured_media":54428,"comment_status":"open","ping_status":"closed","template":"","meta":[],"product_brand":[],"product_cat":[63,135],"product_tag":[],"avtor":[2478],"zalozba":[2337],"vezava":[2306],"class_list":{"0":"post-54363","1":"product","2":"type-product","3":"status-publish","4":"has-post-thumbnail","6":"product_cat-knjige","7":"product_cat-za-otroke","8":"avtor-danijela-pavlek","9":"zalozba-celjska-mohorjeva-druzba","10":"vezava-trda","12":"first","13":"instock","14":"taxable","15":"shipping-taxable","16":"purchasable","17":"product-type-simple"},"yoast_head":"<!-- This site is optimized with the Yoast SEO plugin v26.3 - https:\/\/yoast.com\/wordpress\/plugins\/seo\/ -->\n<title>Jaz - Iskreni<\/title>\n<meta name=\"description\" content=\"Jaz je navdihujo\u010da slikanica, v kateri se prepletata zgodbi rado\u017eive in vesele deklice in resne, zrele \u017eenske.\" \/>\n<meta name=\"robots\" content=\"index, follow, max-snippet:-1, max-image-preview:large, max-video-preview:-1\" \/>\n<link rel=\"canonical\" href=\"https:\/\/www.iskreni.net\/trgovina\/product\/jaz\/\" \/>\n<meta property=\"og:locale\" content=\"sl_SI\" \/>\n<meta property=\"og:type\" content=\"article\" \/>\n<meta property=\"og:title\" content=\"Jaz\" \/>\n<meta property=\"og:description\" content=\"Jaz je navdihujo\u010da slikanica, v kateri se prepletata zgodbi rado\u017eive in vesele deklice in resne, zrele \u017eenske.\" \/>\n<meta property=\"og:url\" content=\"https:\/\/www.iskreni.net\/trgovina\/product\/jaz\/\" \/>\n<meta property=\"og:site_name\" content=\"Zavod Iskreni\" \/>\n<meta property=\"article:modified_time\" content=\"2023-10-19T09:00:33+00:00\" \/>\n<meta property=\"og:image\" content=\"https:\/\/www.iskreni.net\/trgovina\/wp-content\/uploads\/2022\/05\/Slike-za-spletno-SOCIAL.jpg\" \/>\n\t<meta property=\"og:image:width\" content=\"1200\" \/>\n\t<meta property=\"og:image:height\" content=\"674\" \/>\n\t<meta property=\"og:image:type\" content=\"image\/jpeg\" \/>\n<meta name=\"twitter:card\" content=\"summary_large_image\" \/>\n<meta name=\"twitter:label1\" content=\"Est. reading time\" \/>\n\t<meta name=\"twitter:data1\" content=\"1 minuta\" \/>\n<script type=\"application\/ld+json\" class=\"yoast-schema-graph\">{\"@context\":\"https:\/\/schema.org\",\"@graph\":[{\"@type\":\"WebPage\",\"@id\":\"https:\/\/www.iskreni.net\/trgovina\/product\/jaz\/\",\"url\":\"https:\/\/www.iskreni.net\/trgovina\/product\/jaz\/\",\"name\":\"Jaz - Iskreni\",\"isPartOf\":{\"@id\":\"https:\/\/www.iskreni.net\/trgovina\/#website\"},\"primaryImageOfPage\":{\"@id\":\"https:\/\/www.iskreni.net\/trgovina\/product\/jaz\/#primaryimage\"},\"image\":{\"@id\":\"https:\/\/www.iskreni.net\/trgovina\/product\/jaz\/#primaryimage\"},\"thumbnailUrl\":\"https:\/\/www.iskreni.net\/trgovina\/wp-content\/uploads\/2022\/05\/Jaz-1.jpg\",\"datePublished\":\"2022-05-18T12:54:20+00:00\",\"dateModified\":\"2023-10-19T09:00:33+00:00\",\"description\":\"Jaz je navdihujo\u010da slikanica, v kateri se prepletata zgodbi rado\u017eive in vesele deklice in resne, zrele \u017eenske.\",\"breadcrumb\":{\"@id\":\"https:\/\/www.iskreni.net\/trgovina\/product\/jaz\/#breadcrumb\"},\"inLanguage\":\"sl-SI\",\"potentialAction\":[{\"@type\":\"ReadAction\",\"target\":[\"https:\/\/www.iskreni.net\/trgovina\/product\/jaz\/\"]}]},{\"@type\":\"ImageObject\",\"inLanguage\":\"sl-SI\",\"@id\":\"https:\/\/www.iskreni.net\/trgovina\/product\/jaz\/#primaryimage\",\"url\":\"https:\/\/www.iskreni.net\/trgovina\/wp-content\/uploads\/2022\/05\/Jaz-1.jpg\",\"contentUrl\":\"https:\/\/www.iskreni.net\/trgovina\/wp-content\/uploads\/2022\/05\/Jaz-1.jpg\",\"width\":600,\"height\":600},{\"@type\":\"BreadcrumbList\",\"@id\":\"https:\/\/www.iskreni.net\/trgovina\/product\/jaz\/#breadcrumb\",\"itemListElement\":[{\"@type\":\"ListItem\",\"position\":1,\"name\":\"Home\",\"item\":\"https:\/\/www.iskreni.net\/trgovina\/\"},{\"@type\":\"ListItem\",\"position\":2,\"name\":\"Trgovina\",\"item\":\"https:\/\/www.iskreni.net\/trgovina\/trgovina\/\"},{\"@type\":\"ListItem\",\"position\":3,\"name\":\"Jaz\"}]},{\"@type\":\"WebSite\",\"@id\":\"https:\/\/www.iskreni.net\/trgovina\/#website\",\"url\":\"https:\/\/www.iskreni.net\/trgovina\/\",\"name\":\"Zavod Iskreni\",\"description\":\"trgovina\",\"potentialAction\":[{\"@type\":\"SearchAction\",\"target\":{\"@type\":\"EntryPoint\",\"urlTemplate\":\"https:\/\/www.iskreni.net\/trgovina\/?s={search_term_string}\"},\"query-input\":{\"@type\":\"PropertyValueSpecification\",\"valueRequired\":true,\"valueName\":\"search_term_string\"}}],\"inLanguage\":\"sl-SI\"}]}<\/script>\n<!-- \/ Yoast SEO plugin. -->","yoast_head_json":{"title":"Jaz - Iskreni","description":"Jaz je navdihujo\u010da slikanica, v kateri se prepletata zgodbi rado\u017eive in vesele deklice in resne, zrele \u017eenske.","robots":{"index":"index","follow":"follow","max-snippet":"max-snippet:-1","max-image-preview":"max-image-preview:large","max-video-preview":"max-video-preview:-1"},"canonical":"https:\/\/www.iskreni.net\/trgovina\/product\/jaz\/","og_locale":"sl_SI","og_type":"article","og_title":"Jaz","og_description":"Jaz je navdihujo\u010da slikanica, v kateri se prepletata zgodbi rado\u017eive in vesele deklice in resne, zrele \u017eenske.","og_url":"https:\/\/www.iskreni.net\/trgovina\/product\/jaz\/","og_site_name":"Zavod Iskreni","article_modified_time":"2023-10-19T09:00:33+00:00","og_image":[{"width":1200,"height":674,"url":"https:\/\/www.iskreni.net\/trgovina\/wp-content\/uploads\/2022\/05\/Slike-za-spletno-SOCIAL.jpg","type":"image\/jpeg"}],"twitter_card":"summary_large_image","twitter_misc":{"Est. reading time":"1 minuta"},"schema":{"@context":"https:\/\/schema.org","@graph":[{"@type":"WebPage","@id":"https:\/\/www.iskreni.net\/trgovina\/product\/jaz\/","url":"https:\/\/www.iskreni.net\/trgovina\/product\/jaz\/","name":"Jaz - Iskreni","isPartOf":{"@id":"https:\/\/www.iskreni.net\/trgovina\/#website"},"primaryImageOfPage":{"@id":"https:\/\/www.iskreni.net\/trgovina\/product\/jaz\/#primaryimage"},"image":{"@id":"https:\/\/www.iskreni.net\/trgovina\/product\/jaz\/#primaryimage"},"thumbnailUrl":"https:\/\/www.iskreni.net\/trgovina\/wp-content\/uploads\/2022\/05\/Jaz-1.jpg","datePublished":"2022-05-18T12:54:20+00:00","dateModified":"2023-10-19T09:00:33+00:00","description":"Jaz je navdihujo\u010da slikanica, v kateri se prepletata zgodbi rado\u017eive in vesele deklice in resne, zrele \u017eenske.","breadcrumb":{"@id":"https:\/\/www.iskreni.net\/trgovina\/product\/jaz\/#breadcrumb"},"inLanguage":"sl-SI","potentialAction":[{"@type":"ReadAction","target":["https:\/\/www.iskreni.net\/trgovina\/product\/jaz\/"]}]},{"@type":"ImageObject","inLanguage":"sl-SI","@id":"https:\/\/www.iskreni.net\/trgovina\/product\/jaz\/#primaryimage","url":"https:\/\/www.iskreni.net\/trgovina\/wp-content\/uploads\/2022\/05\/Jaz-1.jpg","contentUrl":"https:\/\/www.iskreni.net\/trgovina\/wp-content\/uploads\/2022\/05\/Jaz-1.jpg","width":600,"height":600},{"@type":"BreadcrumbList","@id":"https:\/\/www.iskreni.net\/trgovina\/product\/jaz\/#breadcrumb","itemListElement":[{"@type":"ListItem","position":1,"name":"Home","item":"https:\/\/www.iskreni.net\/trgovina\/"},{"@type":"ListItem","position":2,"name":"Trgovina","item":"https:\/\/www.iskreni.net\/trgovina\/trgovina\/"},{"@type":"ListItem","position":3,"name":"Jaz"}]},{"@type":"WebSite","@id":"https:\/\/www.iskreni.net\/trgovina\/#website","url":"https:\/\/www.iskreni.net\/trgovina\/","name":"Zavod Iskreni","description":"trgovina","potentialAction":[{"@type":"SearchAction","target":{"@type":"EntryPoint","urlTemplate":"https:\/\/www.iskreni.net\/trgovina\/?s={search_term_string}"},"query-input":{"@type":"PropertyValueSpecification","valueRequired":true,"valueName":"search_term_string"}}],"inLanguage":"sl-SI"}]}},"_links":{"self":[{"href":"https:\/\/www.iskreni.net\/trgovina\/wp-json\/wp\/v2\/product\/54363","targetHints":{"allow":["GET"]}}],"collection":[{"href":"https:\/\/www.iskreni.net\/trgovina\/wp-json\/wp\/v2\/product"}],"about":[{"href":"https:\/\/www.iskreni.net\/trgovina\/wp-json\/wp\/v2\/types\/product"}],"replies":[{"embeddable":true,"href":"https:\/\/www.iskreni.net\/trgovina\/wp-json\/wp\/v2\/comments?post=54363"}],"version-history":[{"count":15,"href":"https:\/\/www.iskreni.net\/trgovina\/wp-json\/wp\/v2\/product\/54363\/revisions"}],"predecessor-version":[{"id":70075,"href":"https:\/\/www.iskreni.net\/trgovina\/wp-json\/wp\/v2\/product\/54363\/revisions\/70075"}],"wp:featuredmedia":[{"embeddable":true,"href":"https:\/\/www.iskreni.net\/trgovina\/wp-json\/wp\/v2\/media\/54428"}],"wp:attachment":[{"href":"https:\/\/www.iskreni.net\/trgovina\/wp-json\/wp\/v2\/media?parent=54363"}],"wp:term":[{"taxonomy":"product_brand","embeddable":true,"href":"https:\/\/www.iskreni.net\/trgovina\/wp-json\/wp\/v2\/product_brand?post=54363"},{"taxonomy":"product_cat","embeddable":true,"href":"https:\/\/www.iskreni.net\/trgovina\/wp-json\/wp\/v2\/product_cat?post=54363"},{"taxonomy":"product_tag","embeddable":true,"href":"https:\/\/www.iskreni.net\/trgovina\/wp-json\/wp\/v2\/product_tag?post=54363"},{"taxonomy":"avtor","embeddable":true,"href":"https:\/\/www.iskreni.net\/trgovina\/wp-json\/wp\/v2\/avtor?post=54363"},{"taxonomy":"zalozba","embeddable":true,"href":"https:\/\/www.iskreni.net\/trgovina\/wp-json\/wp\/v2\/zalozba?post=54363"},{"taxonomy":"vezava","embeddable":true,"href":"https:\/\/www.iskreni.net\/trgovina\/wp-json\/wp\/v2\/vezava?post=54363"}],"curies":[{"name":"wp","href":"https:\/\/api.w.org\/{rel}","templated":true}]}}