{"id":5418,"date":"2018-11-20T15:23:44","date_gmt":"2018-11-20T14:23:44","guid":{"rendered":"https:\/\/www.iskreni.net\/trgovina\/product\/moja-prva-bozicna-pobarvanka\/"},"modified":"2023-10-20T10:16:41","modified_gmt":"2023-10-20T08:16:41","slug":"moja-prva-bozicna-pobarvanka","status":"publish","type":"product","link":"https:\/\/www.iskreni.net\/trgovina\/product\/moja-prva-bozicna-pobarvanka\/","title":{"rendered":"Moja prva bo\u017ei\u010dna pobarvanka"},"content":{"rendered":"<h4>O knjigi:<\/h4>\n<p>Moja prva bo\u017ei\u010dna pobarvanka je knjiga, ob kateri otroci spoznavajo zgodbo o prvem bo\u017ei\u010du. Z barvanjem se sre\u010dujejo z dogodki od angelovega obiska pri Mariji do treh kraljev. Preko preproste dejavnosti tako otroci razmi\u0161ljajo o skrivnosti Bo\u017ejega u\u010dlove\u010denja.<\/p>\n","protected":false},"excerpt":{"rendered":"<p><strong>Ilustracije: <\/strong>Frank Endersby<br \/>\n<strong>Prevod:\u00a0<\/strong>David Aha\u010di\u010d<br \/>\n<strong>Leto izdaje:<\/strong> 2018<br \/>\n<strong>\u0160tevilo strani:<\/strong> 16<\/p>\n<p>&nbsp;<\/p>\n<p>Veliko zabave pri ustvarjanju!<\/p>\n","protected":false},"featured_media":5430,"comment_status":"open","ping_status":"closed","template":"","meta":[],"product_brand":[253],"product_cat":[63,135],"product_tag":[726],"avtor":[2516],"zalozba":[2311],"vezava":[2307],"class_list":{"0":"post-5418","1":"product","2":"type-product","3":"status-publish","4":"has-post-thumbnail","6":"product_brand-druzina","7":"product_cat-knjige","8":"product_cat-za-otroke","9":"product_tag-pobarvanka","10":"avtor-bethan-james","11":"zalozba-druzina","12":"vezava-mehka","14":"first","15":"instock","16":"taxable","17":"shipping-taxable","18":"purchasable","19":"product-type-simple"},"yoast_head":"<!-- This site is optimized with the Yoast SEO plugin v26.3 - https:\/\/yoast.com\/wordpress\/plugins\/seo\/ -->\n<title>Moja prva bo\u017ei\u010dna pobarvanka - trgovina Iskreni<\/title>\n<meta name=\"description\" content=\"Moja prva bo\u017ei\u010dna pobarvanka je preprosta pobarvanka, ob kateri otroci spoznavajo zgodbo o prvem bo\u017ei\u010du od angelovega obiska pri Mariji do treh kraljev.\" \/>\n<meta name=\"robots\" content=\"index, follow, max-snippet:-1, max-image-preview:large, max-video-preview:-1\" \/>\n<link rel=\"canonical\" href=\"https:\/\/www.iskreni.net\/trgovina\/product\/moja-prva-bozicna-pobarvanka\/\" \/>\n<meta property=\"og:locale\" content=\"sl_SI\" \/>\n<meta property=\"og:type\" content=\"article\" \/>\n<meta property=\"og:title\" content=\"Moja prva bo\u017ei\u010dna pobarvanka - trgovina Iskreni\" \/>\n<meta property=\"og:description\" content=\"Moja prva bo\u017ei\u010dna pobarvanka je preprosta pobarvanka, ob kateri otroci spoznavajo zgodbo o prvem bo\u017ei\u010du od angelovega obiska pri Mariji do treh kraljev.\" \/>\n<meta property=\"og:url\" content=\"https:\/\/www.iskreni.net\/trgovina\/product\/moja-prva-bozicna-pobarvanka\/\" \/>\n<meta property=\"og:site_name\" content=\"Zavod Iskreni\" \/>\n<meta property=\"article:modified_time\" content=\"2023-10-20T08:16:41+00:00\" \/>\n<meta property=\"og:image\" content=\"https:\/\/www.iskreni.net\/trgovina\/wp-content\/uploads\/2018\/11\/1bozicnapobarvanka4.jpg\" \/>\n\t<meta property=\"og:image:width\" content=\"1204\" \/>\n\t<meta property=\"og:image:height\" content=\"1204\" \/>\n\t<meta property=\"og:image:type\" content=\"image\/jpeg\" \/>\n<meta name=\"twitter:card\" content=\"summary_large_image\" \/>\n<meta name=\"twitter:label1\" content=\"Est. reading time\" \/>\n\t<meta name=\"twitter:data1\" content=\"1 minuta\" \/>\n<script type=\"application\/ld+json\" class=\"yoast-schema-graph\">{\"@context\":\"https:\/\/schema.org\",\"@graph\":[{\"@type\":\"WebPage\",\"@id\":\"https:\/\/www.iskreni.net\/trgovina\/product\/moja-prva-bozicna-pobarvanka\/\",\"url\":\"https:\/\/www.iskreni.net\/trgovina\/product\/moja-prva-bozicna-pobarvanka\/\",\"name\":\"Moja prva bo\u017ei\u010dna pobarvanka - trgovina Iskreni\",\"isPartOf\":{\"@id\":\"https:\/\/www.iskreni.net\/trgovina\/#website\"},\"primaryImageOfPage\":{\"@id\":\"https:\/\/www.iskreni.net\/trgovina\/product\/moja-prva-bozicna-pobarvanka\/#primaryimage\"},\"image\":{\"@id\":\"https:\/\/www.iskreni.net\/trgovina\/product\/moja-prva-bozicna-pobarvanka\/#primaryimage\"},\"thumbnailUrl\":\"https:\/\/www.iskreni.net\/trgovina\/wp-content\/uploads\/2018\/11\/1bozicnapobarvanka4.jpg\",\"datePublished\":\"2018-11-20T14:23:44+00:00\",\"dateModified\":\"2023-10-20T08:16:41+00:00\",\"description\":\"Moja prva bo\u017ei\u010dna pobarvanka je preprosta pobarvanka, ob kateri otroci spoznavajo zgodbo o prvem bo\u017ei\u010du od angelovega obiska pri Mariji do treh kraljev.\",\"breadcrumb\":{\"@id\":\"https:\/\/www.iskreni.net\/trgovina\/product\/moja-prva-bozicna-pobarvanka\/#breadcrumb\"},\"inLanguage\":\"sl-SI\",\"potentialAction\":[{\"@type\":\"ReadAction\",\"target\":[\"https:\/\/www.iskreni.net\/trgovina\/product\/moja-prva-bozicna-pobarvanka\/\"]}]},{\"@type\":\"ImageObject\",\"inLanguage\":\"sl-SI\",\"@id\":\"https:\/\/www.iskreni.net\/trgovina\/product\/moja-prva-bozicna-pobarvanka\/#primaryimage\",\"url\":\"https:\/\/www.iskreni.net\/trgovina\/wp-content\/uploads\/2018\/11\/1bozicnapobarvanka4.jpg\",\"contentUrl\":\"https:\/\/www.iskreni.net\/trgovina\/wp-content\/uploads\/2018\/11\/1bozicnapobarvanka4.jpg\",\"width\":1204,\"height\":1204,\"caption\":\"Moja prva bo\u017ei\u010dna pobarvanka\"},{\"@type\":\"BreadcrumbList\",\"@id\":\"https:\/\/www.iskreni.net\/trgovina\/product\/moja-prva-bozicna-pobarvanka\/#breadcrumb\",\"itemListElement\":[{\"@type\":\"ListItem\",\"position\":1,\"name\":\"Home\",\"item\":\"https:\/\/www.iskreni.net\/trgovina\/\"},{\"@type\":\"ListItem\",\"position\":2,\"name\":\"Trgovina\",\"item\":\"https:\/\/www.iskreni.net\/trgovina\/trgovina\/\"},{\"@type\":\"ListItem\",\"position\":3,\"name\":\"Moja prva bo\u017ei\u010dna pobarvanka\"}]},{\"@type\":\"WebSite\",\"@id\":\"https:\/\/www.iskreni.net\/trgovina\/#website\",\"url\":\"https:\/\/www.iskreni.net\/trgovina\/\",\"name\":\"Zavod Iskreni\",\"description\":\"trgovina\",\"potentialAction\":[{\"@type\":\"SearchAction\",\"target\":{\"@type\":\"EntryPoint\",\"urlTemplate\":\"https:\/\/www.iskreni.net\/trgovina\/?s={search_term_string}\"},\"query-input\":{\"@type\":\"PropertyValueSpecification\",\"valueRequired\":true,\"valueName\":\"search_term_string\"}}],\"inLanguage\":\"sl-SI\"}]}<\/script>\n<!-- \/ Yoast SEO plugin. -->","yoast_head_json":{"title":"Moja prva bo\u017ei\u010dna pobarvanka - trgovina Iskreni","description":"Moja prva bo\u017ei\u010dna pobarvanka je preprosta pobarvanka, ob kateri otroci spoznavajo zgodbo o prvem bo\u017ei\u010du od angelovega obiska pri Mariji do treh kraljev.","robots":{"index":"index","follow":"follow","max-snippet":"max-snippet:-1","max-image-preview":"max-image-preview:large","max-video-preview":"max-video-preview:-1"},"canonical":"https:\/\/www.iskreni.net\/trgovina\/product\/moja-prva-bozicna-pobarvanka\/","og_locale":"sl_SI","og_type":"article","og_title":"Moja prva bo\u017ei\u010dna pobarvanka - trgovina Iskreni","og_description":"Moja prva bo\u017ei\u010dna pobarvanka je preprosta pobarvanka, ob kateri otroci spoznavajo zgodbo o prvem bo\u017ei\u010du od angelovega obiska pri Mariji do treh kraljev.","og_url":"https:\/\/www.iskreni.net\/trgovina\/product\/moja-prva-bozicna-pobarvanka\/","og_site_name":"Zavod Iskreni","article_modified_time":"2023-10-20T08:16:41+00:00","og_image":[{"width":1204,"height":1204,"url":"https:\/\/www.iskreni.net\/trgovina\/wp-content\/uploads\/2018\/11\/1bozicnapobarvanka4.jpg","type":"image\/jpeg"}],"twitter_card":"summary_large_image","twitter_misc":{"Est. reading time":"1 minuta"},"schema":{"@context":"https:\/\/schema.org","@graph":[{"@type":"WebPage","@id":"https:\/\/www.iskreni.net\/trgovina\/product\/moja-prva-bozicna-pobarvanka\/","url":"https:\/\/www.iskreni.net\/trgovina\/product\/moja-prva-bozicna-pobarvanka\/","name":"Moja prva bo\u017ei\u010dna pobarvanka - trgovina Iskreni","isPartOf":{"@id":"https:\/\/www.iskreni.net\/trgovina\/#website"},"primaryImageOfPage":{"@id":"https:\/\/www.iskreni.net\/trgovina\/product\/moja-prva-bozicna-pobarvanka\/#primaryimage"},"image":{"@id":"https:\/\/www.iskreni.net\/trgovina\/product\/moja-prva-bozicna-pobarvanka\/#primaryimage"},"thumbnailUrl":"https:\/\/www.iskreni.net\/trgovina\/wp-content\/uploads\/2018\/11\/1bozicnapobarvanka4.jpg","datePublished":"2018-11-20T14:23:44+00:00","dateModified":"2023-10-20T08:16:41+00:00","description":"Moja prva bo\u017ei\u010dna pobarvanka je preprosta pobarvanka, ob kateri otroci spoznavajo zgodbo o prvem bo\u017ei\u010du od angelovega obiska pri Mariji do treh kraljev.","breadcrumb":{"@id":"https:\/\/www.iskreni.net\/trgovina\/product\/moja-prva-bozicna-pobarvanka\/#breadcrumb"},"inLanguage":"sl-SI","potentialAction":[{"@type":"ReadAction","target":["https:\/\/www.iskreni.net\/trgovina\/product\/moja-prva-bozicna-pobarvanka\/"]}]},{"@type":"ImageObject","inLanguage":"sl-SI","@id":"https:\/\/www.iskreni.net\/trgovina\/product\/moja-prva-bozicna-pobarvanka\/#primaryimage","url":"https:\/\/www.iskreni.net\/trgovina\/wp-content\/uploads\/2018\/11\/1bozicnapobarvanka4.jpg","contentUrl":"https:\/\/www.iskreni.net\/trgovina\/wp-content\/uploads\/2018\/11\/1bozicnapobarvanka4.jpg","width":1204,"height":1204,"caption":"Moja prva bo\u017ei\u010dna pobarvanka"},{"@type":"BreadcrumbList","@id":"https:\/\/www.iskreni.net\/trgovina\/product\/moja-prva-bozicna-pobarvanka\/#breadcrumb","itemListElement":[{"@type":"ListItem","position":1,"name":"Home","item":"https:\/\/www.iskreni.net\/trgovina\/"},{"@type":"ListItem","position":2,"name":"Trgovina","item":"https:\/\/www.iskreni.net\/trgovina\/trgovina\/"},{"@type":"ListItem","position":3,"name":"Moja prva bo\u017ei\u010dna pobarvanka"}]},{"@type":"WebSite","@id":"https:\/\/www.iskreni.net\/trgovina\/#website","url":"https:\/\/www.iskreni.net\/trgovina\/","name":"Zavod Iskreni","description":"trgovina","potentialAction":[{"@type":"SearchAction","target":{"@type":"EntryPoint","urlTemplate":"https:\/\/www.iskreni.net\/trgovina\/?s={search_term_string}"},"query-input":{"@type":"PropertyValueSpecification","valueRequired":true,"valueName":"search_term_string"}}],"inLanguage":"sl-SI"}]}},"_links":{"self":[{"href":"https:\/\/www.iskreni.net\/trgovina\/wp-json\/wp\/v2\/product\/5418","targetHints":{"allow":["GET"]}}],"collection":[{"href":"https:\/\/www.iskreni.net\/trgovina\/wp-json\/wp\/v2\/product"}],"about":[{"href":"https:\/\/www.iskreni.net\/trgovina\/wp-json\/wp\/v2\/types\/product"}],"replies":[{"embeddable":true,"href":"https:\/\/www.iskreni.net\/trgovina\/wp-json\/wp\/v2\/comments?post=5418"}],"version-history":[{"count":3,"href":"https:\/\/www.iskreni.net\/trgovina\/wp-json\/wp\/v2\/product\/5418\/revisions"}],"predecessor-version":[{"id":70175,"href":"https:\/\/www.iskreni.net\/trgovina\/wp-json\/wp\/v2\/product\/5418\/revisions\/70175"}],"wp:featuredmedia":[{"embeddable":true,"href":"https:\/\/www.iskreni.net\/trgovina\/wp-json\/wp\/v2\/media\/5430"}],"wp:attachment":[{"href":"https:\/\/www.iskreni.net\/trgovina\/wp-json\/wp\/v2\/media?parent=5418"}],"wp:term":[{"taxonomy":"product_brand","embeddable":true,"href":"https:\/\/www.iskreni.net\/trgovina\/wp-json\/wp\/v2\/product_brand?post=5418"},{"taxonomy":"product_cat","embeddable":true,"href":"https:\/\/www.iskreni.net\/trgovina\/wp-json\/wp\/v2\/product_cat?post=5418"},{"taxonomy":"product_tag","embeddable":true,"href":"https:\/\/www.iskreni.net\/trgovina\/wp-json\/wp\/v2\/product_tag?post=5418"},{"taxonomy":"avtor","embeddable":true,"href":"https:\/\/www.iskreni.net\/trgovina\/wp-json\/wp\/v2\/avtor?post=5418"},{"taxonomy":"zalozba","embeddable":true,"href":"https:\/\/www.iskreni.net\/trgovina\/wp-json\/wp\/v2\/zalozba?post=5418"},{"taxonomy":"vezava","embeddable":true,"href":"https:\/\/www.iskreni.net\/trgovina\/wp-json\/wp\/v2\/vezava?post=5418"}],"curies":[{"name":"wp","href":"https:\/\/api.w.org\/{rel}","templated":true}]}}