{"id":53996,"date":"2022-05-04T09:17:41","date_gmt":"2022-05-04T07:17:41","guid":{"rendered":"https:\/\/www.iskreni.net\/trgovina\/?post_type=product&#038;p=53996"},"modified":"2024-04-17T17:44:06","modified_gmt":"2024-04-17T15:44:06","slug":"darilni-bon-za-nakup-v-spletni-trgovini-iskreni","status":"publish","type":"product","link":"https:\/\/www.iskreni.net\/trgovina\/product\/darilni-bon-za-nakup-v-spletni-trgovini-iskreni\/","title":{"rendered":"Darilni bon za nakup v spletni trgovini Iskreni"},"content":{"rendered":"<h2>Podarite kakovostno darilo po meri<\/h2>\n<p>Nimate ideje, kaj bi radi podarili \u017eeni, mo\u017eu, mami, o\u010detu, babici, otrokom &#8230;? Ali pa niste povsem prepri\u010dani, da bo va\u0161 izbor po okusu obdarovanca oz. obdarovanke? Morda pa to knjigo \u017ee ima?<\/p>\n<h2>Darila za vse generacije in prilo\u017enosti<\/h2>\n<p>Z darilnim bonom za nakup v na\u0161i spletni trgovini ne boste zgre\u0161ili. Ne glede na to, za katero prilo\u017enost gre ali koliko je oseba stara, bo v trgovini Iskreni zagotovo na\u0161la nekaj zase:<\/p>\n<ul>\n<li>kakovostne knjige za velike in male,<\/li>\n<li><strong>zanimive in pou\u010dne programe in delavnice:<\/strong> delavnici za mlaj\u0161a in starej\u0161a dekleta ter njihove mame <em><strong>\u010cudovita princesa<\/strong><\/em> in <em><strong>Skrivnostna lepotica<\/strong><\/em>, delavnico za fante in njihove o\u010dete <em><strong>Divji bojevnik<\/strong><\/em>, <strong>Fertility<em>Care<\/em><\/strong>.<\/li>\n<li>e-pripravo na zakon.<\/li>\n<\/ul>\n<h2>Darilni bon: na voljo razli\u010dne vrednosti<\/h2>\n<p>Na voljo so vam razli\u010dne vrednosti darilnega bona, ki jih lahko poljubno kombinirate, da dobite \u017eeleno vsoto. Izbirate lahko med naslednjimi vrednostmi darilnega bona:<\/p>\n<ul>\n<li><strong>20 \u20ac,<\/strong><\/li>\n<li><strong>30 \u20ac,<\/strong><\/li>\n<li><strong>40 \u20ac,<\/strong><\/li>\n<li><strong>50 \u20ac.<\/strong><\/li>\n<\/ul>\n<p><em>Posamezni darilni bon je treba izkoristiti v celoti z enkratnim nakupom. Ob zaklju\u010dku nakupa vpi\u0161ite kodo, ki je natisnjena na darilnem bonu, in znesek bona se vam avtomati\u010dno od\u0161teje od nakupa<\/em>. <i data-stringify-type=\"italic\">Za bon lahko kupite katerikoli izdelek ali program, ki je na voljo v na\u0161i spletni trgovini.<\/i><\/p>\n<p>&nbsp;<\/p>\n<p><strong>Prosimo vas, da ob nakupu v komentar vpi\u0161ete ime obdarovanca.<\/strong><\/p>\n<p>&nbsp;<\/p>\n","protected":false},"excerpt":{"rendered":"<p>Razveselite svoje najdra\u017eje z darilnim bonom za nakup v trgovini Iskreni.<\/p>\n","protected":false},"featured_media":54331,"comment_status":"open","ping_status":"closed","template":"","meta":[],"product_brand":[],"product_cat":[1628,668],"product_tag":[1318,2303,410,1687],"avtor":[],"zalozba":[],"vezava":[],"class_list":{"0":"post-53996","1":"product","2":"type-product","3":"status-publish","4":"has-post-thumbnail","6":"product_cat-darilni-bon","7":"product_cat-darilni-program","8":"product_tag-birma","9":"product_tag-obhajilo","10":"product_tag-poroka","11":"product_tag-rojstni-dan","13":"first","14":"instock","15":"taxable","16":"shipping-taxable","17":"purchasable","18":"product-type-variable","19":"has-default-attributes"},"yoast_head":"<!-- This site is optimized with the Yoast SEO plugin v26.3 - https:\/\/yoast.com\/wordpress\/plugins\/seo\/ -->\n<title>Darilni bon za nakup v spletni trgovini Iskreni - Zavod Iskreni<\/title>\n<meta name=\"description\" content=\"Darilni bon je odli\u010dna ideja, ko niste prepri\u010dani, kaj podariti. Tako prepustite izbiro obdarovancu, da bo darilo povsem po njegovem okusu.\" \/>\n<meta name=\"robots\" content=\"index, follow, max-snippet:-1, max-image-preview:large, max-video-preview:-1\" \/>\n<link rel=\"canonical\" href=\"https:\/\/www.iskreni.net\/trgovina\/product\/darilni-bon-za-nakup-v-spletni-trgovini-iskreni\/\" \/>\n<meta property=\"og:locale\" content=\"sl_SI\" \/>\n<meta property=\"og:type\" content=\"article\" \/>\n<meta property=\"og:title\" content=\"Darilni bon za nakup v spletni trgovini Iskreni - Zavod Iskreni\" \/>\n<meta property=\"og:description\" content=\"Darilni bon je odli\u010dna ideja, ko niste prepri\u010dani, kaj podariti. Tako prepustite izbiro obdarovancu, da bo darilo povsem po njegovem okusu.\" \/>\n<meta property=\"og:url\" content=\"https:\/\/www.iskreni.net\/trgovina\/product\/darilni-bon-za-nakup-v-spletni-trgovini-iskreni\/\" \/>\n<meta property=\"og:site_name\" content=\"Zavod Iskreni\" \/>\n<meta property=\"article:modified_time\" content=\"2024-04-17T15:44:06+00:00\" \/>\n<meta property=\"og:image\" content=\"https:\/\/www.iskreni.net\/trgovina\/wp-content\/uploads\/2022\/05\/Darilni-bon-3-scaled.jpg\" \/>\n\t<meta property=\"og:image:width\" content=\"2560\" \/>\n\t<meta property=\"og:image:height\" content=\"2560\" \/>\n\t<meta property=\"og:image:type\" content=\"image\/jpeg\" \/>\n<meta name=\"twitter:card\" content=\"summary_large_image\" \/>\n<meta name=\"twitter:label1\" content=\"Est. reading time\" \/>\n\t<meta name=\"twitter:data1\" content=\"2 minuti\" \/>\n<script type=\"application\/ld+json\" class=\"yoast-schema-graph\">{\"@context\":\"https:\/\/schema.org\",\"@graph\":[{\"@type\":\"WebPage\",\"@id\":\"https:\/\/www.iskreni.net\/trgovina\/product\/darilni-bon-za-nakup-v-spletni-trgovini-iskreni\/\",\"url\":\"https:\/\/www.iskreni.net\/trgovina\/product\/darilni-bon-za-nakup-v-spletni-trgovini-iskreni\/\",\"name\":\"Darilni bon za nakup v spletni trgovini Iskreni - Zavod Iskreni\",\"isPartOf\":{\"@id\":\"https:\/\/www.iskreni.net\/trgovina\/#website\"},\"primaryImageOfPage\":{\"@id\":\"https:\/\/www.iskreni.net\/trgovina\/product\/darilni-bon-za-nakup-v-spletni-trgovini-iskreni\/#primaryimage\"},\"image\":{\"@id\":\"https:\/\/www.iskreni.net\/trgovina\/product\/darilni-bon-za-nakup-v-spletni-trgovini-iskreni\/#primaryimage\"},\"thumbnailUrl\":\"https:\/\/www.iskreni.net\/trgovina\/wp-content\/uploads\/2022\/05\/Darilni-bon-3-scaled.jpg\",\"datePublished\":\"2022-05-04T07:17:41+00:00\",\"dateModified\":\"2024-04-17T15:44:06+00:00\",\"description\":\"Darilni bon je odli\u010dna ideja, ko niste prepri\u010dani, kaj podariti. Tako prepustite izbiro obdarovancu, da bo darilo povsem po njegovem okusu.\",\"breadcrumb\":{\"@id\":\"https:\/\/www.iskreni.net\/trgovina\/product\/darilni-bon-za-nakup-v-spletni-trgovini-iskreni\/#breadcrumb\"},\"inLanguage\":\"sl-SI\",\"potentialAction\":[{\"@type\":\"ReadAction\",\"target\":[\"https:\/\/www.iskreni.net\/trgovina\/product\/darilni-bon-za-nakup-v-spletni-trgovini-iskreni\/\"]}]},{\"@type\":\"ImageObject\",\"inLanguage\":\"sl-SI\",\"@id\":\"https:\/\/www.iskreni.net\/trgovina\/product\/darilni-bon-za-nakup-v-spletni-trgovini-iskreni\/#primaryimage\",\"url\":\"https:\/\/www.iskreni.net\/trgovina\/wp-content\/uploads\/2022\/05\/Darilni-bon-3-scaled.jpg\",\"contentUrl\":\"https:\/\/www.iskreni.net\/trgovina\/wp-content\/uploads\/2022\/05\/Darilni-bon-3-scaled.jpg\",\"width\":2560,\"height\":2560},{\"@type\":\"BreadcrumbList\",\"@id\":\"https:\/\/www.iskreni.net\/trgovina\/product\/darilni-bon-za-nakup-v-spletni-trgovini-iskreni\/#breadcrumb\",\"itemListElement\":[{\"@type\":\"ListItem\",\"position\":1,\"name\":\"Home\",\"item\":\"https:\/\/www.iskreni.net\/trgovina\/\"},{\"@type\":\"ListItem\",\"position\":2,\"name\":\"Trgovina\",\"item\":\"https:\/\/www.iskreni.net\/trgovina\/trgovina\/\"},{\"@type\":\"ListItem\",\"position\":3,\"name\":\"Darilni bon za nakup v spletni trgovini Iskreni\"}]},{\"@type\":\"WebSite\",\"@id\":\"https:\/\/www.iskreni.net\/trgovina\/#website\",\"url\":\"https:\/\/www.iskreni.net\/trgovina\/\",\"name\":\"Zavod Iskreni\",\"description\":\"trgovina\",\"potentialAction\":[{\"@type\":\"SearchAction\",\"target\":{\"@type\":\"EntryPoint\",\"urlTemplate\":\"https:\/\/www.iskreni.net\/trgovina\/?s={search_term_string}\"},\"query-input\":{\"@type\":\"PropertyValueSpecification\",\"valueRequired\":true,\"valueName\":\"search_term_string\"}}],\"inLanguage\":\"sl-SI\"}]}<\/script>\n<!-- \/ Yoast SEO plugin. -->","yoast_head_json":{"title":"Darilni bon za nakup v spletni trgovini Iskreni - Zavod Iskreni","description":"Darilni bon je odli\u010dna ideja, ko niste prepri\u010dani, kaj podariti. Tako prepustite izbiro obdarovancu, da bo darilo povsem po njegovem okusu.","robots":{"index":"index","follow":"follow","max-snippet":"max-snippet:-1","max-image-preview":"max-image-preview:large","max-video-preview":"max-video-preview:-1"},"canonical":"https:\/\/www.iskreni.net\/trgovina\/product\/darilni-bon-za-nakup-v-spletni-trgovini-iskreni\/","og_locale":"sl_SI","og_type":"article","og_title":"Darilni bon za nakup v spletni trgovini Iskreni - Zavod Iskreni","og_description":"Darilni bon je odli\u010dna ideja, ko niste prepri\u010dani, kaj podariti. Tako prepustite izbiro obdarovancu, da bo darilo povsem po njegovem okusu.","og_url":"https:\/\/www.iskreni.net\/trgovina\/product\/darilni-bon-za-nakup-v-spletni-trgovini-iskreni\/","og_site_name":"Zavod Iskreni","article_modified_time":"2024-04-17T15:44:06+00:00","og_image":[{"width":2560,"height":2560,"url":"https:\/\/www.iskreni.net\/trgovina\/wp-content\/uploads\/2022\/05\/Darilni-bon-3-scaled.jpg","type":"image\/jpeg"}],"twitter_card":"summary_large_image","twitter_misc":{"Est. reading time":"2 minuti"},"schema":{"@context":"https:\/\/schema.org","@graph":[{"@type":"WebPage","@id":"https:\/\/www.iskreni.net\/trgovina\/product\/darilni-bon-za-nakup-v-spletni-trgovini-iskreni\/","url":"https:\/\/www.iskreni.net\/trgovina\/product\/darilni-bon-za-nakup-v-spletni-trgovini-iskreni\/","name":"Darilni bon za nakup v spletni trgovini Iskreni - Zavod Iskreni","isPartOf":{"@id":"https:\/\/www.iskreni.net\/trgovina\/#website"},"primaryImageOfPage":{"@id":"https:\/\/www.iskreni.net\/trgovina\/product\/darilni-bon-za-nakup-v-spletni-trgovini-iskreni\/#primaryimage"},"image":{"@id":"https:\/\/www.iskreni.net\/trgovina\/product\/darilni-bon-za-nakup-v-spletni-trgovini-iskreni\/#primaryimage"},"thumbnailUrl":"https:\/\/www.iskreni.net\/trgovina\/wp-content\/uploads\/2022\/05\/Darilni-bon-3-scaled.jpg","datePublished":"2022-05-04T07:17:41+00:00","dateModified":"2024-04-17T15:44:06+00:00","description":"Darilni bon je odli\u010dna ideja, ko niste prepri\u010dani, kaj podariti. Tako prepustite izbiro obdarovancu, da bo darilo povsem po njegovem okusu.","breadcrumb":{"@id":"https:\/\/www.iskreni.net\/trgovina\/product\/darilni-bon-za-nakup-v-spletni-trgovini-iskreni\/#breadcrumb"},"inLanguage":"sl-SI","potentialAction":[{"@type":"ReadAction","target":["https:\/\/www.iskreni.net\/trgovina\/product\/darilni-bon-za-nakup-v-spletni-trgovini-iskreni\/"]}]},{"@type":"ImageObject","inLanguage":"sl-SI","@id":"https:\/\/www.iskreni.net\/trgovina\/product\/darilni-bon-za-nakup-v-spletni-trgovini-iskreni\/#primaryimage","url":"https:\/\/www.iskreni.net\/trgovina\/wp-content\/uploads\/2022\/05\/Darilni-bon-3-scaled.jpg","contentUrl":"https:\/\/www.iskreni.net\/trgovina\/wp-content\/uploads\/2022\/05\/Darilni-bon-3-scaled.jpg","width":2560,"height":2560},{"@type":"BreadcrumbList","@id":"https:\/\/www.iskreni.net\/trgovina\/product\/darilni-bon-za-nakup-v-spletni-trgovini-iskreni\/#breadcrumb","itemListElement":[{"@type":"ListItem","position":1,"name":"Home","item":"https:\/\/www.iskreni.net\/trgovina\/"},{"@type":"ListItem","position":2,"name":"Trgovina","item":"https:\/\/www.iskreni.net\/trgovina\/trgovina\/"},{"@type":"ListItem","position":3,"name":"Darilni bon za nakup v spletni trgovini Iskreni"}]},{"@type":"WebSite","@id":"https:\/\/www.iskreni.net\/trgovina\/#website","url":"https:\/\/www.iskreni.net\/trgovina\/","name":"Zavod Iskreni","description":"trgovina","potentialAction":[{"@type":"SearchAction","target":{"@type":"EntryPoint","urlTemplate":"https:\/\/www.iskreni.net\/trgovina\/?s={search_term_string}"},"query-input":{"@type":"PropertyValueSpecification","valueRequired":true,"valueName":"search_term_string"}}],"inLanguage":"sl-SI"}]}},"_links":{"self":[{"href":"https:\/\/www.iskreni.net\/trgovina\/wp-json\/wp\/v2\/product\/53996","targetHints":{"allow":["GET"]}}],"collection":[{"href":"https:\/\/www.iskreni.net\/trgovina\/wp-json\/wp\/v2\/product"}],"about":[{"href":"https:\/\/www.iskreni.net\/trgovina\/wp-json\/wp\/v2\/types\/product"}],"replies":[{"embeddable":true,"href":"https:\/\/www.iskreni.net\/trgovina\/wp-json\/wp\/v2\/comments?post=53996"}],"version-history":[{"count":12,"href":"https:\/\/www.iskreni.net\/trgovina\/wp-json\/wp\/v2\/product\/53996\/revisions"}],"predecessor-version":[{"id":74523,"href":"https:\/\/www.iskreni.net\/trgovina\/wp-json\/wp\/v2\/product\/53996\/revisions\/74523"}],"wp:featuredmedia":[{"embeddable":true,"href":"https:\/\/www.iskreni.net\/trgovina\/wp-json\/wp\/v2\/media\/54331"}],"wp:attachment":[{"href":"https:\/\/www.iskreni.net\/trgovina\/wp-json\/wp\/v2\/media?parent=53996"}],"wp:term":[{"taxonomy":"product_brand","embeddable":true,"href":"https:\/\/www.iskreni.net\/trgovina\/wp-json\/wp\/v2\/product_brand?post=53996"},{"taxonomy":"product_cat","embeddable":true,"href":"https:\/\/www.iskreni.net\/trgovina\/wp-json\/wp\/v2\/product_cat?post=53996"},{"taxonomy":"product_tag","embeddable":true,"href":"https:\/\/www.iskreni.net\/trgovina\/wp-json\/wp\/v2\/product_tag?post=53996"},{"taxonomy":"avtor","embeddable":true,"href":"https:\/\/www.iskreni.net\/trgovina\/wp-json\/wp\/v2\/avtor?post=53996"},{"taxonomy":"zalozba","embeddable":true,"href":"https:\/\/www.iskreni.net\/trgovina\/wp-json\/wp\/v2\/zalozba?post=53996"},{"taxonomy":"vezava","embeddable":true,"href":"https:\/\/www.iskreni.net\/trgovina\/wp-json\/wp\/v2\/vezava?post=53996"}],"curies":[{"name":"wp","href":"https:\/\/api.w.org\/{rel}","templated":true}]}}