{"id":53985,"date":"2022-05-03T10:24:21","date_gmt":"2022-05-03T08:24:21","guid":{"rendered":"https:\/\/www.iskreni.net\/trgovina\/?post_type=product&#038;p=53985"},"modified":"2023-12-12T10:31:42","modified_gmt":"2023-12-12T09:31:42","slug":"komplet-tukaj-sem-zate-in-to-je-zgodba-mojega-zivljenja-pobarvanka","status":"publish","type":"product","link":"https:\/\/www.iskreni.net\/trgovina\/product\/komplet-tukaj-sem-zate-in-to-je-zgodba-mojega-zivljenja-pobarvanka\/","title":{"rendered":"Komplet: Tukaj sem zate &#8230; in to je zgodba mojega \u017eivljenja + pobarvanka"},"content":{"rendered":"<h3><strong>O knjigi:<\/strong><\/h3>\n<div>Komplet pobarvanke in slikanice je lahko prisr\u010dno darilo ob kakr\u0161nem koli praznovanju. Posebej primerno je za Sveto obhajilo, god ali ob vstopu v \u0161olo.<\/div>\n<div>Slikanica zajema Jezusovo \u017eivljenje &#8211; od Njegovega rojstva do prihoda Svetega Duha. Je polna nagovorov in \u010dudovitih ilustracij. V pobarvanki pa so spodbude, ki lahko otroku pomagajo premostiti marsikatero\u00a0stisko. Izhajajo iz svetega pisma in dobro je, da se otroci \u010dim prej nau\u010dijo v Bo\u017eji Besedi \u010drpati svojo mo\u010d.<\/div>\n<h3><strong>O pobarvanki:<\/strong><\/h3>\n<p>Pred vami je knjiga v pobarvanki in pobarvanka v knjigi \u2026 za vse tiste, ki radi barvate in se ob tem dru\u017eite z Jezusom. Vsako risbo, ki jo lahko pobarvate, spremlja Jezusov nagovor. Vsak nagovor temelji na Bo\u017eji Besedi. Pisan je preprosto in spodbuja k popolnemu zaupanju Vanj.<\/p>\n<p>Ta pobarvanka je resni\u010dno nekaj posebnega. Zakaj? Ker jo lahko pobarvate in ker jo lahko berete!<\/p>\n<p>Pobarvanka je tiskana na 170 gramskem, kvalitetnem brezlesnem papirju in je primerna za razli\u010dne tehnike barvanja.<\/p>\n<h3><strong>O avtorici:<\/strong><\/h3>\n<p style=\"font-weight: 400;\">Nata\u0161a Rupena je na akademiji Belle Arti v Benetkah do\u0161tudirala oblikovanje. Med \u0161tudijem je do\u017eivela spreobrnjenje v kr\u0161\u010dansko (katoli\u0161ko) vero, ki je mo\u010dno preobrnil njeno \u017eivljenjsko pot. Spoznala je, da jo \u017eivljenje kot umetnice ne osre\u010duje, zato je zapustila okolje galerij in ateljeja ter se poglobila v \u0161tudij teologije. Zaljubljena v Jezusa in njegove prijatelje v nebesih je Bogu izro\u010dila vse svoje talente in dolga leta v svojem delu ni na\u0161la pravega miru.<\/p>\n<p style=\"font-weight: 400;\">Njeno \u017eivljenje je bilo duhovno vseskozi nadvse pestro in bogato: globoko do\u017eivljanje Boga in Njegove navzo\u010dnosti jo je vedno znova spodbujalo k pisanju in tako so nastajale molitve, zapiski in \u010dlanki, objavljeni v katoli\u0161kih medijih. Po bolezni, zaradi katere je za ve\u010d mesecev oble\u017eala in hudem duhovnem boju, je nastala njena prva knjiga \u00bbVsega hudega \u2013 re\u0161i nas, o Gospod!\u00ab. Kmalu za tem so za\u010dela nastajati \u0161e besedila in ilustracije za otro\u0161ke knjige.<\/p>\n","protected":false},"excerpt":{"rendered":"<p>Komplet pobarvanke in slikanice je lahko prisr\u010dno darilo ob kakr\u0161nem koli praznovanju. Posebej primerno je za Sveto obhajilo, god ali ob vstopu v \u0161olo.<\/p>\n<p><span style=\"font-size: 18pt;\"><strong><span style=\"color: #ff0000;\">Darilo za prvo sveto obhajilo!<\/span><\/strong><\/span><\/p>\n","protected":false},"featured_media":53987,"comment_status":"open","ping_status":"closed","template":"","meta":[],"product_brand":[],"product_cat":[63,135],"product_tag":[391,2303,726,2634],"avtor":[2369],"zalozba":[2346],"vezava":[],"class_list":{"0":"post-53985","1":"product","2":"type-product","3":"status-publish","4":"has-post-thumbnail","6":"product_cat-knjige","7":"product_cat-za-otroke","8":"product_tag-jezus","9":"product_tag-obhajilo","10":"product_tag-pobarvanka","11":"product_tag-tukaj-sem-zate","12":"avtor-natasa-rupena","13":"zalozba-samozalozba-fede-natasa-rupena-s-p","15":"first","16":"instock","17":"sale","18":"taxable","19":"shipping-taxable","20":"purchasable","21":"product-type-simple"},"yoast_head":"<!-- This site is optimized with the Yoast SEO plugin v26.3 - https:\/\/yoast.com\/wordpress\/plugins\/seo\/ -->\n<title>Tukaj sem zate ... in to je zgodba mojega \u017eivljenja - trgovina Iskreni<\/title>\n<meta name=\"description\" content=\"Knjiga je pisana za deklice, \u017eenske, mamice \u2013 saj v vsaki od nas \u017eivi ta mala deklica, ki \u010daka na tola\u017ebo. Zgodbo pripoveduje Jezus sam, v ospredju pa je odnos med deklico in Jezusom.\" \/>\n<meta name=\"robots\" content=\"index, follow, max-snippet:-1, max-image-preview:large, max-video-preview:-1\" \/>\n<link rel=\"canonical\" href=\"https:\/\/www.iskreni.net\/trgovina\/product\/komplet-tukaj-sem-zate-in-to-je-zgodba-mojega-zivljenja-pobarvanka\/\" \/>\n<meta property=\"og:locale\" content=\"sl_SI\" \/>\n<meta property=\"og:type\" content=\"article\" \/>\n<meta property=\"og:title\" content=\"Tukaj sem zate ... in to je zgodba mojega \u017eivljenja - trgovina Iskreni\" \/>\n<meta property=\"og:description\" content=\"Knjiga je pisana za deklice, \u017eenske, mamice \u2013 saj v vsaki od nas \u017eivi ta mala deklica, ki \u010daka na tola\u017ebo. Zgodbo pripoveduje Jezus sam, v ospredju pa je odnos med deklico in Jezusom.\" \/>\n<meta property=\"og:url\" content=\"https:\/\/www.iskreni.net\/trgovina\/product\/komplet-tukaj-sem-zate-in-to-je-zgodba-mojega-zivljenja-pobarvanka\/\" \/>\n<meta property=\"og:site_name\" content=\"Zavod Iskreni\" \/>\n<meta property=\"article:modified_time\" content=\"2023-12-12T09:31:42+00:00\" \/>\n<meta property=\"og:image\" content=\"https:\/\/www.iskreni.net\/trgovina\/wp-content\/uploads\/2022\/05\/Knjiga-pobarvanka-novo.png\" \/>\n\t<meta property=\"og:image:width\" content=\"940\" \/>\n\t<meta property=\"og:image:height\" content=\"788\" \/>\n\t<meta property=\"og:image:type\" content=\"image\/png\" \/>\n<meta name=\"twitter:card\" content=\"summary_large_image\" \/>\n<meta name=\"twitter:label1\" content=\"Est. reading time\" \/>\n\t<meta name=\"twitter:data1\" content=\"2 minuti\" \/>\n<script type=\"application\/ld+json\" class=\"yoast-schema-graph\">{\"@context\":\"https:\/\/schema.org\",\"@graph\":[{\"@type\":\"WebPage\",\"@id\":\"https:\/\/www.iskreni.net\/trgovina\/product\/komplet-tukaj-sem-zate-in-to-je-zgodba-mojega-zivljenja-pobarvanka\/\",\"url\":\"https:\/\/www.iskreni.net\/trgovina\/product\/komplet-tukaj-sem-zate-in-to-je-zgodba-mojega-zivljenja-pobarvanka\/\",\"name\":\"Tukaj sem zate ... in to je zgodba mojega \u017eivljenja - trgovina Iskreni\",\"isPartOf\":{\"@id\":\"https:\/\/www.iskreni.net\/trgovina\/#website\"},\"primaryImageOfPage\":{\"@id\":\"https:\/\/www.iskreni.net\/trgovina\/product\/komplet-tukaj-sem-zate-in-to-je-zgodba-mojega-zivljenja-pobarvanka\/#primaryimage\"},\"image\":{\"@id\":\"https:\/\/www.iskreni.net\/trgovina\/product\/komplet-tukaj-sem-zate-in-to-je-zgodba-mojega-zivljenja-pobarvanka\/#primaryimage\"},\"thumbnailUrl\":\"https:\/\/www.iskreni.net\/trgovina\/wp-content\/uploads\/2022\/05\/Knjiga-pobarvanka-novo.png\",\"datePublished\":\"2022-05-03T08:24:21+00:00\",\"dateModified\":\"2023-12-12T09:31:42+00:00\",\"description\":\"Knjiga je pisana za deklice, \u017eenske, mamice \u2013 saj v vsaki od nas \u017eivi ta mala deklica, ki \u010daka na tola\u017ebo. Zgodbo pripoveduje Jezus sam, v ospredju pa je odnos med deklico in Jezusom.\",\"breadcrumb\":{\"@id\":\"https:\/\/www.iskreni.net\/trgovina\/product\/komplet-tukaj-sem-zate-in-to-je-zgodba-mojega-zivljenja-pobarvanka\/#breadcrumb\"},\"inLanguage\":\"sl-SI\",\"potentialAction\":[{\"@type\":\"ReadAction\",\"target\":[\"https:\/\/www.iskreni.net\/trgovina\/product\/komplet-tukaj-sem-zate-in-to-je-zgodba-mojega-zivljenja-pobarvanka\/\"]}]},{\"@type\":\"ImageObject\",\"inLanguage\":\"sl-SI\",\"@id\":\"https:\/\/www.iskreni.net\/trgovina\/product\/komplet-tukaj-sem-zate-in-to-je-zgodba-mojega-zivljenja-pobarvanka\/#primaryimage\",\"url\":\"https:\/\/www.iskreni.net\/trgovina\/wp-content\/uploads\/2022\/05\/Knjiga-pobarvanka-novo.png\",\"contentUrl\":\"https:\/\/www.iskreni.net\/trgovina\/wp-content\/uploads\/2022\/05\/Knjiga-pobarvanka-novo.png\",\"width\":940,\"height\":788},{\"@type\":\"BreadcrumbList\",\"@id\":\"https:\/\/www.iskreni.net\/trgovina\/product\/komplet-tukaj-sem-zate-in-to-je-zgodba-mojega-zivljenja-pobarvanka\/#breadcrumb\",\"itemListElement\":[{\"@type\":\"ListItem\",\"position\":1,\"name\":\"Home\",\"item\":\"https:\/\/www.iskreni.net\/trgovina\/\"},{\"@type\":\"ListItem\",\"position\":2,\"name\":\"Trgovina\",\"item\":\"https:\/\/www.iskreni.net\/trgovina\/trgovina\/\"},{\"@type\":\"ListItem\",\"position\":3,\"name\":\"Komplet: Tukaj sem zate &#8230; in to je zgodba mojega \u017eivljenja + pobarvanka\"}]},{\"@type\":\"WebSite\",\"@id\":\"https:\/\/www.iskreni.net\/trgovina\/#website\",\"url\":\"https:\/\/www.iskreni.net\/trgovina\/\",\"name\":\"Zavod Iskreni\",\"description\":\"trgovina\",\"potentialAction\":[{\"@type\":\"SearchAction\",\"target\":{\"@type\":\"EntryPoint\",\"urlTemplate\":\"https:\/\/www.iskreni.net\/trgovina\/?s={search_term_string}\"},\"query-input\":{\"@type\":\"PropertyValueSpecification\",\"valueRequired\":true,\"valueName\":\"search_term_string\"}}],\"inLanguage\":\"sl-SI\"}]}<\/script>\n<!-- \/ Yoast SEO plugin. -->","yoast_head_json":{"title":"Tukaj sem zate ... in to je zgodba mojega \u017eivljenja - trgovina Iskreni","description":"Knjiga je pisana za deklice, \u017eenske, mamice \u2013 saj v vsaki od nas \u017eivi ta mala deklica, ki \u010daka na tola\u017ebo. Zgodbo pripoveduje Jezus sam, v ospredju pa je odnos med deklico in Jezusom.","robots":{"index":"index","follow":"follow","max-snippet":"max-snippet:-1","max-image-preview":"max-image-preview:large","max-video-preview":"max-video-preview:-1"},"canonical":"https:\/\/www.iskreni.net\/trgovina\/product\/komplet-tukaj-sem-zate-in-to-je-zgodba-mojega-zivljenja-pobarvanka\/","og_locale":"sl_SI","og_type":"article","og_title":"Tukaj sem zate ... in to je zgodba mojega \u017eivljenja - trgovina Iskreni","og_description":"Knjiga je pisana za deklice, \u017eenske, mamice \u2013 saj v vsaki od nas \u017eivi ta mala deklica, ki \u010daka na tola\u017ebo. Zgodbo pripoveduje Jezus sam, v ospredju pa je odnos med deklico in Jezusom.","og_url":"https:\/\/www.iskreni.net\/trgovina\/product\/komplet-tukaj-sem-zate-in-to-je-zgodba-mojega-zivljenja-pobarvanka\/","og_site_name":"Zavod Iskreni","article_modified_time":"2023-12-12T09:31:42+00:00","og_image":[{"width":940,"height":788,"url":"https:\/\/www.iskreni.net\/trgovina\/wp-content\/uploads\/2022\/05\/Knjiga-pobarvanka-novo.png","type":"image\/png"}],"twitter_card":"summary_large_image","twitter_misc":{"Est. reading time":"2 minuti"},"schema":{"@context":"https:\/\/schema.org","@graph":[{"@type":"WebPage","@id":"https:\/\/www.iskreni.net\/trgovina\/product\/komplet-tukaj-sem-zate-in-to-je-zgodba-mojega-zivljenja-pobarvanka\/","url":"https:\/\/www.iskreni.net\/trgovina\/product\/komplet-tukaj-sem-zate-in-to-je-zgodba-mojega-zivljenja-pobarvanka\/","name":"Tukaj sem zate ... in to je zgodba mojega \u017eivljenja - trgovina Iskreni","isPartOf":{"@id":"https:\/\/www.iskreni.net\/trgovina\/#website"},"primaryImageOfPage":{"@id":"https:\/\/www.iskreni.net\/trgovina\/product\/komplet-tukaj-sem-zate-in-to-je-zgodba-mojega-zivljenja-pobarvanka\/#primaryimage"},"image":{"@id":"https:\/\/www.iskreni.net\/trgovina\/product\/komplet-tukaj-sem-zate-in-to-je-zgodba-mojega-zivljenja-pobarvanka\/#primaryimage"},"thumbnailUrl":"https:\/\/www.iskreni.net\/trgovina\/wp-content\/uploads\/2022\/05\/Knjiga-pobarvanka-novo.png","datePublished":"2022-05-03T08:24:21+00:00","dateModified":"2023-12-12T09:31:42+00:00","description":"Knjiga je pisana za deklice, \u017eenske, mamice \u2013 saj v vsaki od nas \u017eivi ta mala deklica, ki \u010daka na tola\u017ebo. Zgodbo pripoveduje Jezus sam, v ospredju pa je odnos med deklico in Jezusom.","breadcrumb":{"@id":"https:\/\/www.iskreni.net\/trgovina\/product\/komplet-tukaj-sem-zate-in-to-je-zgodba-mojega-zivljenja-pobarvanka\/#breadcrumb"},"inLanguage":"sl-SI","potentialAction":[{"@type":"ReadAction","target":["https:\/\/www.iskreni.net\/trgovina\/product\/komplet-tukaj-sem-zate-in-to-je-zgodba-mojega-zivljenja-pobarvanka\/"]}]},{"@type":"ImageObject","inLanguage":"sl-SI","@id":"https:\/\/www.iskreni.net\/trgovina\/product\/komplet-tukaj-sem-zate-in-to-je-zgodba-mojega-zivljenja-pobarvanka\/#primaryimage","url":"https:\/\/www.iskreni.net\/trgovina\/wp-content\/uploads\/2022\/05\/Knjiga-pobarvanka-novo.png","contentUrl":"https:\/\/www.iskreni.net\/trgovina\/wp-content\/uploads\/2022\/05\/Knjiga-pobarvanka-novo.png","width":940,"height":788},{"@type":"BreadcrumbList","@id":"https:\/\/www.iskreni.net\/trgovina\/product\/komplet-tukaj-sem-zate-in-to-je-zgodba-mojega-zivljenja-pobarvanka\/#breadcrumb","itemListElement":[{"@type":"ListItem","position":1,"name":"Home","item":"https:\/\/www.iskreni.net\/trgovina\/"},{"@type":"ListItem","position":2,"name":"Trgovina","item":"https:\/\/www.iskreni.net\/trgovina\/trgovina\/"},{"@type":"ListItem","position":3,"name":"Komplet: Tukaj sem zate &#8230; in to je zgodba mojega \u017eivljenja + pobarvanka"}]},{"@type":"WebSite","@id":"https:\/\/www.iskreni.net\/trgovina\/#website","url":"https:\/\/www.iskreni.net\/trgovina\/","name":"Zavod Iskreni","description":"trgovina","potentialAction":[{"@type":"SearchAction","target":{"@type":"EntryPoint","urlTemplate":"https:\/\/www.iskreni.net\/trgovina\/?s={search_term_string}"},"query-input":{"@type":"PropertyValueSpecification","valueRequired":true,"valueName":"search_term_string"}}],"inLanguage":"sl-SI"}]}},"_links":{"self":[{"href":"https:\/\/www.iskreni.net\/trgovina\/wp-json\/wp\/v2\/product\/53985","targetHints":{"allow":["GET"]}}],"collection":[{"href":"https:\/\/www.iskreni.net\/trgovina\/wp-json\/wp\/v2\/product"}],"about":[{"href":"https:\/\/www.iskreni.net\/trgovina\/wp-json\/wp\/v2\/types\/product"}],"replies":[{"embeddable":true,"href":"https:\/\/www.iskreni.net\/trgovina\/wp-json\/wp\/v2\/comments?post=53985"}],"version-history":[{"count":5,"href":"https:\/\/www.iskreni.net\/trgovina\/wp-json\/wp\/v2\/product\/53985\/revisions"}],"predecessor-version":[{"id":69410,"href":"https:\/\/www.iskreni.net\/trgovina\/wp-json\/wp\/v2\/product\/53985\/revisions\/69410"}],"wp:featuredmedia":[{"embeddable":true,"href":"https:\/\/www.iskreni.net\/trgovina\/wp-json\/wp\/v2\/media\/53987"}],"wp:attachment":[{"href":"https:\/\/www.iskreni.net\/trgovina\/wp-json\/wp\/v2\/media?parent=53985"}],"wp:term":[{"taxonomy":"product_brand","embeddable":true,"href":"https:\/\/www.iskreni.net\/trgovina\/wp-json\/wp\/v2\/product_brand?post=53985"},{"taxonomy":"product_cat","embeddable":true,"href":"https:\/\/www.iskreni.net\/trgovina\/wp-json\/wp\/v2\/product_cat?post=53985"},{"taxonomy":"product_tag","embeddable":true,"href":"https:\/\/www.iskreni.net\/trgovina\/wp-json\/wp\/v2\/product_tag?post=53985"},{"taxonomy":"avtor","embeddable":true,"href":"https:\/\/www.iskreni.net\/trgovina\/wp-json\/wp\/v2\/avtor?post=53985"},{"taxonomy":"zalozba","embeddable":true,"href":"https:\/\/www.iskreni.net\/trgovina\/wp-json\/wp\/v2\/zalozba?post=53985"},{"taxonomy":"vezava","embeddable":true,"href":"https:\/\/www.iskreni.net\/trgovina\/wp-json\/wp\/v2\/vezava?post=53985"}],"curies":[{"name":"wp","href":"https:\/\/api.w.org\/{rel}","templated":true}]}}