{"id":53797,"date":"2022-04-25T14:31:00","date_gmt":"2022-04-25T12:31:00","guid":{"rendered":"https:\/\/www.iskreni.net\/trgovina\/?post_type=product&#038;p=53797"},"modified":"2026-02-20T10:38:04","modified_gmt":"2026-02-20T09:38:04","slug":"dedkova-ocala","status":"publish","type":"product","link":"https:\/\/www.iskreni.net\/trgovina\/product\/dedkova-ocala\/","title":{"rendered":"Dedkova o\u010dala"},"content":{"rendered":"<h3 id=\"anchor-o-izdelku\" class=\"title\">O knjigi <em>Dedkova o\u010dala<\/em>:<\/h3>\n<div class=\"tab-description js-tab-singleProduct-description content-tab\">\n<p><em>Moj dedek ima ogromna o\u010dala, ki mu kar osemintridesetkrat pove\u010dajo stvari. Ker so stekla o\u010dal tako zelo debela, so njegove o\u010di videti \u010disto majhne, kot o\u010di li\u0161\u010dka. Dedkova o\u010dala so \u010dudovita, ker jih uporablja za vse in celo spreminjajo obliko in barvo re\u010di.\u00a0<\/em><\/p>\n<p>Knjiga, primerna za pred\u0161olske otroke, s prikupno pripovedjo vnuka o tem, kako vnuk vidi dedka z o\u010dali &#8211; kaj vse dedek z o\u010dali vidi, kaj vse vnuk vidi v njih in kaj se zgodi, ko dedek o\u010dala odlo\u017ei.<\/p>\n<\/div>\n<p>&nbsp;<\/p>\n","protected":false},"excerpt":{"rendered":"<p><strong>Ilustracije:<\/strong> Miguel Cerro<br \/>\n<strong>Leto izdaje:<\/strong> 2022<br \/>\n<strong>\u0160tevilo strani:<\/strong> 30 strani<br \/>\n<strong>Mere:<\/strong> 225 x 215 mm<\/p>\n<p>&nbsp;<\/p>\n","protected":false},"featured_media":53799,"comment_status":"open","ping_status":"closed","template":"","meta":[],"product_brand":[],"product_cat":[63,135],"product_tag":[],"avtor":[2707],"zalozba":[2336],"vezava":[2306],"class_list":{"0":"post-53797","1":"product","2":"type-product","3":"status-publish","4":"has-post-thumbnail","6":"product_cat-knjige","7":"product_cat-za-otroke","8":"avtor-roberto-aliaga","9":"zalozba-salve","10":"vezava-trda","12":"first","13":"instock","14":"taxable","15":"shipping-taxable","16":"purchasable","17":"product-type-simple"},"yoast_head":"<!-- This site is optimized with the Yoast SEO plugin v26.3 - https:\/\/yoast.com\/wordpress\/plugins\/seo\/ -->\n<title>Dedkova o\u010dala - Iskreni<\/title>\n<meta name=\"description\" content=\"Moj dedek ima ogromna o\u010dala, ki mu kar osemintridesetkrat pove\u010dajo stvari. O\u010dala so \u010dudovita, ker jih uporablja za vse in celo spreminjajo obliko in barvo re\u010di.\u00a0\" \/>\n<meta name=\"robots\" content=\"index, follow, max-snippet:-1, max-image-preview:large, max-video-preview:-1\" \/>\n<link rel=\"canonical\" href=\"https:\/\/www.iskreni.net\/trgovina\/product\/dedkova-ocala\/\" \/>\n<meta property=\"og:locale\" content=\"sl_SI\" \/>\n<meta property=\"og:type\" content=\"article\" \/>\n<meta property=\"og:title\" content=\"Dedkova o\u010dala - Iskreni\" \/>\n<meta property=\"og:description\" content=\"Moj dedek ima ogromna o\u010dala, ki mu kar osemintridesetkrat pove\u010dajo stvari. O\u010dala so \u010dudovita, ker jih uporablja za vse in celo spreminjajo obliko in barvo re\u010di.\u00a0\" \/>\n<meta property=\"og:url\" content=\"https:\/\/www.iskreni.net\/trgovina\/product\/dedkova-ocala\/\" \/>\n<meta property=\"og:site_name\" content=\"Zavod Iskreni\" \/>\n<meta property=\"article:modified_time\" content=\"2026-02-20T09:38:04+00:00\" \/>\n<meta property=\"og:image\" content=\"https:\/\/www.iskreni.net\/trgovina\/wp-content\/uploads\/2022\/04\/Dedkova-ocala-NASLOVNICA.jpg\" \/>\n\t<meta property=\"og:image:width\" content=\"1605\" \/>\n\t<meta property=\"og:image:height\" content=\"1701\" \/>\n\t<meta property=\"og:image:type\" content=\"image\/jpeg\" \/>\n<meta name=\"twitter:card\" content=\"summary_large_image\" \/>\n<meta name=\"twitter:label1\" content=\"Est. reading time\" \/>\n\t<meta name=\"twitter:data1\" content=\"1 minuta\" \/>\n<script type=\"application\/ld+json\" class=\"yoast-schema-graph\">{\"@context\":\"https:\/\/schema.org\",\"@graph\":[{\"@type\":\"WebPage\",\"@id\":\"https:\/\/www.iskreni.net\/trgovina\/product\/dedkova-ocala\/\",\"url\":\"https:\/\/www.iskreni.net\/trgovina\/product\/dedkova-ocala\/\",\"name\":\"Dedkova o\u010dala - Iskreni\",\"isPartOf\":{\"@id\":\"https:\/\/www.iskreni.net\/trgovina\/#website\"},\"primaryImageOfPage\":{\"@id\":\"https:\/\/www.iskreni.net\/trgovina\/product\/dedkova-ocala\/#primaryimage\"},\"image\":{\"@id\":\"https:\/\/www.iskreni.net\/trgovina\/product\/dedkova-ocala\/#primaryimage\"},\"thumbnailUrl\":\"https:\/\/www.iskreni.net\/trgovina\/wp-content\/uploads\/2022\/04\/Dedkova-ocala-NASLOVNICA.jpg\",\"datePublished\":\"2022-04-25T12:31:00+00:00\",\"dateModified\":\"2026-02-20T09:38:04+00:00\",\"description\":\"Moj dedek ima ogromna o\u010dala, ki mu kar osemintridesetkrat pove\u010dajo stvari. O\u010dala so \u010dudovita, ker jih uporablja za vse in celo spreminjajo obliko in barvo re\u010di.\u00a0\",\"breadcrumb\":{\"@id\":\"https:\/\/www.iskreni.net\/trgovina\/product\/dedkova-ocala\/#breadcrumb\"},\"inLanguage\":\"sl-SI\",\"potentialAction\":[{\"@type\":\"ReadAction\",\"target\":[\"https:\/\/www.iskreni.net\/trgovina\/product\/dedkova-ocala\/\"]}]},{\"@type\":\"ImageObject\",\"inLanguage\":\"sl-SI\",\"@id\":\"https:\/\/www.iskreni.net\/trgovina\/product\/dedkova-ocala\/#primaryimage\",\"url\":\"https:\/\/www.iskreni.net\/trgovina\/wp-content\/uploads\/2022\/04\/Dedkova-ocala-NASLOVNICA.jpg\",\"contentUrl\":\"https:\/\/www.iskreni.net\/trgovina\/wp-content\/uploads\/2022\/04\/Dedkova-ocala-NASLOVNICA.jpg\",\"width\":1605,\"height\":1701},{\"@type\":\"BreadcrumbList\",\"@id\":\"https:\/\/www.iskreni.net\/trgovina\/product\/dedkova-ocala\/#breadcrumb\",\"itemListElement\":[{\"@type\":\"ListItem\",\"position\":1,\"name\":\"Home\",\"item\":\"https:\/\/www.iskreni.net\/trgovina\/\"},{\"@type\":\"ListItem\",\"position\":2,\"name\":\"Trgovina\",\"item\":\"https:\/\/www.iskreni.net\/trgovina\/trgovina\/\"},{\"@type\":\"ListItem\",\"position\":3,\"name\":\"Dedkova o\u010dala\"}]},{\"@type\":\"WebSite\",\"@id\":\"https:\/\/www.iskreni.net\/trgovina\/#website\",\"url\":\"https:\/\/www.iskreni.net\/trgovina\/\",\"name\":\"Zavod Iskreni\",\"description\":\"trgovina\",\"potentialAction\":[{\"@type\":\"SearchAction\",\"target\":{\"@type\":\"EntryPoint\",\"urlTemplate\":\"https:\/\/www.iskreni.net\/trgovina\/?s={search_term_string}\"},\"query-input\":{\"@type\":\"PropertyValueSpecification\",\"valueRequired\":true,\"valueName\":\"search_term_string\"}}],\"inLanguage\":\"sl-SI\"}]}<\/script>\n<!-- \/ Yoast SEO plugin. -->","yoast_head_json":{"title":"Dedkova o\u010dala - Iskreni","description":"Moj dedek ima ogromna o\u010dala, ki mu kar osemintridesetkrat pove\u010dajo stvari. O\u010dala so \u010dudovita, ker jih uporablja za vse in celo spreminjajo obliko in barvo re\u010di.\u00a0","robots":{"index":"index","follow":"follow","max-snippet":"max-snippet:-1","max-image-preview":"max-image-preview:large","max-video-preview":"max-video-preview:-1"},"canonical":"https:\/\/www.iskreni.net\/trgovina\/product\/dedkova-ocala\/","og_locale":"sl_SI","og_type":"article","og_title":"Dedkova o\u010dala - Iskreni","og_description":"Moj dedek ima ogromna o\u010dala, ki mu kar osemintridesetkrat pove\u010dajo stvari. O\u010dala so \u010dudovita, ker jih uporablja za vse in celo spreminjajo obliko in barvo re\u010di.\u00a0","og_url":"https:\/\/www.iskreni.net\/trgovina\/product\/dedkova-ocala\/","og_site_name":"Zavod Iskreni","article_modified_time":"2026-02-20T09:38:04+00:00","og_image":[{"width":1605,"height":1701,"url":"https:\/\/www.iskreni.net\/trgovina\/wp-content\/uploads\/2022\/04\/Dedkova-ocala-NASLOVNICA.jpg","type":"image\/jpeg"}],"twitter_card":"summary_large_image","twitter_misc":{"Est. reading time":"1 minuta"},"schema":{"@context":"https:\/\/schema.org","@graph":[{"@type":"WebPage","@id":"https:\/\/www.iskreni.net\/trgovina\/product\/dedkova-ocala\/","url":"https:\/\/www.iskreni.net\/trgovina\/product\/dedkova-ocala\/","name":"Dedkova o\u010dala - Iskreni","isPartOf":{"@id":"https:\/\/www.iskreni.net\/trgovina\/#website"},"primaryImageOfPage":{"@id":"https:\/\/www.iskreni.net\/trgovina\/product\/dedkova-ocala\/#primaryimage"},"image":{"@id":"https:\/\/www.iskreni.net\/trgovina\/product\/dedkova-ocala\/#primaryimage"},"thumbnailUrl":"https:\/\/www.iskreni.net\/trgovina\/wp-content\/uploads\/2022\/04\/Dedkova-ocala-NASLOVNICA.jpg","datePublished":"2022-04-25T12:31:00+00:00","dateModified":"2026-02-20T09:38:04+00:00","description":"Moj dedek ima ogromna o\u010dala, ki mu kar osemintridesetkrat pove\u010dajo stvari. O\u010dala so \u010dudovita, ker jih uporablja za vse in celo spreminjajo obliko in barvo re\u010di.\u00a0","breadcrumb":{"@id":"https:\/\/www.iskreni.net\/trgovina\/product\/dedkova-ocala\/#breadcrumb"},"inLanguage":"sl-SI","potentialAction":[{"@type":"ReadAction","target":["https:\/\/www.iskreni.net\/trgovina\/product\/dedkova-ocala\/"]}]},{"@type":"ImageObject","inLanguage":"sl-SI","@id":"https:\/\/www.iskreni.net\/trgovina\/product\/dedkova-ocala\/#primaryimage","url":"https:\/\/www.iskreni.net\/trgovina\/wp-content\/uploads\/2022\/04\/Dedkova-ocala-NASLOVNICA.jpg","contentUrl":"https:\/\/www.iskreni.net\/trgovina\/wp-content\/uploads\/2022\/04\/Dedkova-ocala-NASLOVNICA.jpg","width":1605,"height":1701},{"@type":"BreadcrumbList","@id":"https:\/\/www.iskreni.net\/trgovina\/product\/dedkova-ocala\/#breadcrumb","itemListElement":[{"@type":"ListItem","position":1,"name":"Home","item":"https:\/\/www.iskreni.net\/trgovina\/"},{"@type":"ListItem","position":2,"name":"Trgovina","item":"https:\/\/www.iskreni.net\/trgovina\/trgovina\/"},{"@type":"ListItem","position":3,"name":"Dedkova o\u010dala"}]},{"@type":"WebSite","@id":"https:\/\/www.iskreni.net\/trgovina\/#website","url":"https:\/\/www.iskreni.net\/trgovina\/","name":"Zavod Iskreni","description":"trgovina","potentialAction":[{"@type":"SearchAction","target":{"@type":"EntryPoint","urlTemplate":"https:\/\/www.iskreni.net\/trgovina\/?s={search_term_string}"},"query-input":{"@type":"PropertyValueSpecification","valueRequired":true,"valueName":"search_term_string"}}],"inLanguage":"sl-SI"}]}},"_links":{"self":[{"href":"https:\/\/www.iskreni.net\/trgovina\/wp-json\/wp\/v2\/product\/53797","targetHints":{"allow":["GET"]}}],"collection":[{"href":"https:\/\/www.iskreni.net\/trgovina\/wp-json\/wp\/v2\/product"}],"about":[{"href":"https:\/\/www.iskreni.net\/trgovina\/wp-json\/wp\/v2\/types\/product"}],"replies":[{"embeddable":true,"href":"https:\/\/www.iskreni.net\/trgovina\/wp-json\/wp\/v2\/comments?post=53797"}],"version-history":[{"count":4,"href":"https:\/\/www.iskreni.net\/trgovina\/wp-json\/wp\/v2\/product\/53797\/revisions"}],"predecessor-version":[{"id":72737,"href":"https:\/\/www.iskreni.net\/trgovina\/wp-json\/wp\/v2\/product\/53797\/revisions\/72737"}],"wp:featuredmedia":[{"embeddable":true,"href":"https:\/\/www.iskreni.net\/trgovina\/wp-json\/wp\/v2\/media\/53799"}],"wp:attachment":[{"href":"https:\/\/www.iskreni.net\/trgovina\/wp-json\/wp\/v2\/media?parent=53797"}],"wp:term":[{"taxonomy":"product_brand","embeddable":true,"href":"https:\/\/www.iskreni.net\/trgovina\/wp-json\/wp\/v2\/product_brand?post=53797"},{"taxonomy":"product_cat","embeddable":true,"href":"https:\/\/www.iskreni.net\/trgovina\/wp-json\/wp\/v2\/product_cat?post=53797"},{"taxonomy":"product_tag","embeddable":true,"href":"https:\/\/www.iskreni.net\/trgovina\/wp-json\/wp\/v2\/product_tag?post=53797"},{"taxonomy":"avtor","embeddable":true,"href":"https:\/\/www.iskreni.net\/trgovina\/wp-json\/wp\/v2\/avtor?post=53797"},{"taxonomy":"zalozba","embeddable":true,"href":"https:\/\/www.iskreni.net\/trgovina\/wp-json\/wp\/v2\/zalozba?post=53797"},{"taxonomy":"vezava","embeddable":true,"href":"https:\/\/www.iskreni.net\/trgovina\/wp-json\/wp\/v2\/vezava?post=53797"}],"curies":[{"name":"wp","href":"https:\/\/api.w.org\/{rel}","templated":true}]}}