{"id":53504,"date":"2022-04-08T14:02:47","date_gmt":"2022-04-08T12:02:47","guid":{"rendered":"https:\/\/www.iskreni.net\/trgovina\/?post_type=product&#038;p=53504"},"modified":"2023-10-20T11:49:04","modified_gmt":"2023-10-20T09:49:04","slug":"dojencek-nasveti-za-uporabo","status":"publish","type":"product","link":"https:\/\/www.iskreni.net\/trgovina\/product\/dojencek-nasveti-za-uporabo\/","title":{"rendered":"Dojen\u010dek: nasveti za uporabo"},"content":{"rendered":"<h3 id=\"anchor-o-izdelku\" class=\"title\">O izdelku<\/h3>\n<div class=\"tab-description js-tab-singleProduct-description content-tab\">\n<p><strong>Od dojenja in kopanja do uvajanja goste hrane\u00a0<\/strong><\/p>\n<p>Vsaka odlo\u010ditev o skrbi za dojen\u010dke in mal\u010dke star\u0161e postavi pred paleto vpra\u0161anj, o katerih ne vedo veliko ali pa se ujamejo v zanko \u0161tevilnih nasprotujo\u010dih si mnenj.<\/p>\n<p>Dr. Tina Payne Bryson je opravila pomembno delo: spopadla se je z najpogostej\u0161imi, najbolj kriti\u010dnimi, spornimi in begajo\u010dimi vpra\u0161anji, s katerimi se soo\u010dajo mladi star\u0161i \u2013 povezani z dojenjem, urnikom spanja, disciplino in vsem, o \u010demer se \u0161e spra\u0161ujete in vas skrbi.<\/p>\n<p>V tem izvirnem priro\u010dniku tako na enem mestu zbrane izpolnjujejo zanesljive raziskave in vzgojne izku\u0161nje starej\u0161ih generacij, ki vam bodo pomagale izlu\u0161\u010diti bistvene informacije v kakofoniji hrume\u010dih glasov in odgovoriti na ve\u010d kot \u0161estdeset pogostih pomislekov v dilemah. Z vsako dilemo se soo\u010di na tri na\u010dine: z nasprotujo\u010dimi si mnenji, pogledi znanosti in povzetkom, pri \u0161ir\u0161ih temah pa dodajajo tudi zadnje izku\u0161nje.<\/p>\n<p><a href=\"https:\/\/www.iskreni.net\/trgovina\/wp-content\/uploads\/2023\/10\/WEB_Dojencek.pdf\">Prelistajte knjigo<\/a><\/p>\n<\/div>\n<p><strong>O avtorici\u00a0<\/strong><\/p>\n<p>Dr. Tina Payne Bryson je psihoterapevtka in ustanoviteljica Centra za povezovanje, multidisciplinarno klini\u010dno prakso s sede\u017eem v Pasadeni. Doktorirala je iz otro\u0161ke razvojne teorije in nastajajo\u010de vede medosebne nevrobiologije. Specializirana je tudi za igralno terapijo s poudarkom na mo\u017eganih in odnosih, svoje znanje pa \u0161iri z razli\u010dnimi delavnicami za otroke, vzgojitelje, in v industriji po vsem svetu. Je soavtorica dveh mednarodnih uspe\u0161nic <a href=\"https:\/\/www.iskreni.net\/trgovina\/product\/celostni-razvoj-otroskih-mozganov\/\"><strong>Celostni razvoj otro\u0161kih mo\u017eganov<\/strong><\/a> (2011) in <a href=\"https:\/\/www.iskreni.net\/trgovina\/product\/vzgoja-brez-drame\/\"><strong>Vzgoja brez drame<\/strong><\/a> (2014). Dr. Tina Bryson poudarja, da je bolj\u0161a kot znanstvenica in raziskovalka predvsem mama. To svoje znanje in izku\u0161nje je strnila v knjigi Dojen\u010dek: nasveti za uporabo.<\/p>\n","protected":false},"excerpt":{"rendered":"<p><strong>Avtor prevoda:<\/strong> Katja Jen\u010di\u010d<br \/>\n<strong>Leto izdaje:<\/strong> 2022<br \/>\n<strong>\u0160tevilo strani:<\/strong> 304<br \/>\n<strong>Vezava:<\/strong> mehka z zavitki (soft touch)<\/p>\n<p><a href=\"https:\/\/www.iskreni.net\/trgovina\/wp-content\/uploads\/2023\/10\/WEB_Dojencek.pdf\">Prelistajte knjigo<\/a><\/p>\n","protected":false},"featured_media":53507,"comment_status":"open","ping_status":"closed","template":"","meta":[],"product_brand":[],"product_cat":[2327,63],"product_tag":[1321,1383],"avtor":[2541],"zalozba":[2311],"vezava":[2307],"class_list":{"0":"post-53504","1":"product","2":"type-product","3":"status-publish","4":"has-post-thumbnail","6":"product_cat-prirocniki-in-vodniki","7":"product_cat-knjige","8":"product_tag-materinstvo","9":"product_tag-nosecnost-in-dojenje","10":"avtor-tina-payne-bryson","11":"zalozba-druzina","12":"vezava-mehka","14":"first","15":"instock","16":"taxable","17":"shipping-taxable","18":"purchasable","19":"product-type-simple"},"yoast_head":"<!-- This site is optimized with the Yoast SEO plugin v26.3 - https:\/\/yoast.com\/wordpress\/plugins\/seo\/ -->\n<title>Dojen\u010dek: nasveti za uporabo - trgovina Iskreni<\/title>\n<meta name=\"description\" content=\"Knjiga, ki se spopada z najpogostej\u0161imi, najbolj spornimi in in z najbolj begajo\u010dimi vpra\u0161anji, s katerimi se soo\u010dajo mladi star\u0161i.\" \/>\n<meta name=\"robots\" content=\"index, follow, max-snippet:-1, max-image-preview:large, max-video-preview:-1\" \/>\n<link rel=\"canonical\" href=\"https:\/\/www.iskreni.net\/trgovina\/product\/dojencek-nasveti-za-uporabo\/\" \/>\n<meta property=\"og:locale\" content=\"sl_SI\" \/>\n<meta property=\"og:type\" content=\"article\" \/>\n<meta property=\"og:title\" content=\"Dojen\u010dek: nasveti za uporabo - trgovina Iskreni\" \/>\n<meta property=\"og:description\" content=\"Knjiga, ki se spopada z najpogostej\u0161imi, najbolj spornimi in in z najbolj begajo\u010dimi vpra\u0161anji, s katerimi se soo\u010dajo mladi star\u0161i.\" \/>\n<meta property=\"og:url\" content=\"https:\/\/www.iskreni.net\/trgovina\/product\/dojencek-nasveti-za-uporabo\/\" \/>\n<meta property=\"og:site_name\" content=\"Zavod Iskreni\" \/>\n<meta property=\"article:modified_time\" content=\"2023-10-20T09:49:04+00:00\" \/>\n<meta property=\"og:image\" content=\"https:\/\/www.iskreni.net\/trgovina\/wp-content\/uploads\/2022\/04\/Slike-za-v-spletno-trgovino-4.jpg\" \/>\n\t<meta property=\"og:image:width\" content=\"600\" \/>\n\t<meta property=\"og:image:height\" content=\"600\" \/>\n\t<meta property=\"og:image:type\" content=\"image\/jpeg\" \/>\n<meta name=\"twitter:card\" content=\"summary_large_image\" \/>\n<meta name=\"twitter:label1\" content=\"Est. reading time\" \/>\n\t<meta name=\"twitter:data1\" content=\"2 minuti\" \/>\n<script type=\"application\/ld+json\" class=\"yoast-schema-graph\">{\"@context\":\"https:\/\/schema.org\",\"@graph\":[{\"@type\":\"WebPage\",\"@id\":\"https:\/\/www.iskreni.net\/trgovina\/product\/dojencek-nasveti-za-uporabo\/\",\"url\":\"https:\/\/www.iskreni.net\/trgovina\/product\/dojencek-nasveti-za-uporabo\/\",\"name\":\"Dojen\u010dek: nasveti za uporabo - trgovina Iskreni\",\"isPartOf\":{\"@id\":\"https:\/\/www.iskreni.net\/trgovina\/#website\"},\"primaryImageOfPage\":{\"@id\":\"https:\/\/www.iskreni.net\/trgovina\/product\/dojencek-nasveti-za-uporabo\/#primaryimage\"},\"image\":{\"@id\":\"https:\/\/www.iskreni.net\/trgovina\/product\/dojencek-nasveti-za-uporabo\/#primaryimage\"},\"thumbnailUrl\":\"https:\/\/www.iskreni.net\/trgovina\/wp-content\/uploads\/2022\/04\/Slike-za-v-spletno-trgovino-4.jpg\",\"datePublished\":\"2022-04-08T12:02:47+00:00\",\"dateModified\":\"2023-10-20T09:49:04+00:00\",\"description\":\"Knjiga, ki se spopada z najpogostej\u0161imi, najbolj spornimi in in z najbolj begajo\u010dimi vpra\u0161anji, s katerimi se soo\u010dajo mladi star\u0161i.\",\"breadcrumb\":{\"@id\":\"https:\/\/www.iskreni.net\/trgovina\/product\/dojencek-nasveti-za-uporabo\/#breadcrumb\"},\"inLanguage\":\"sl-SI\",\"potentialAction\":[{\"@type\":\"ReadAction\",\"target\":[\"https:\/\/www.iskreni.net\/trgovina\/product\/dojencek-nasveti-za-uporabo\/\"]}]},{\"@type\":\"ImageObject\",\"inLanguage\":\"sl-SI\",\"@id\":\"https:\/\/www.iskreni.net\/trgovina\/product\/dojencek-nasveti-za-uporabo\/#primaryimage\",\"url\":\"https:\/\/www.iskreni.net\/trgovina\/wp-content\/uploads\/2022\/04\/Slike-za-v-spletno-trgovino-4.jpg\",\"contentUrl\":\"https:\/\/www.iskreni.net\/trgovina\/wp-content\/uploads\/2022\/04\/Slike-za-v-spletno-trgovino-4.jpg\",\"width\":600,\"height\":600},{\"@type\":\"BreadcrumbList\",\"@id\":\"https:\/\/www.iskreni.net\/trgovina\/product\/dojencek-nasveti-za-uporabo\/#breadcrumb\",\"itemListElement\":[{\"@type\":\"ListItem\",\"position\":1,\"name\":\"Home\",\"item\":\"https:\/\/www.iskreni.net\/trgovina\/\"},{\"@type\":\"ListItem\",\"position\":2,\"name\":\"Trgovina\",\"item\":\"https:\/\/www.iskreni.net\/trgovina\/trgovina\/\"},{\"@type\":\"ListItem\",\"position\":3,\"name\":\"Dojen\u010dek: nasveti za uporabo\"}]},{\"@type\":\"WebSite\",\"@id\":\"https:\/\/www.iskreni.net\/trgovina\/#website\",\"url\":\"https:\/\/www.iskreni.net\/trgovina\/\",\"name\":\"Zavod Iskreni\",\"description\":\"trgovina\",\"potentialAction\":[{\"@type\":\"SearchAction\",\"target\":{\"@type\":\"EntryPoint\",\"urlTemplate\":\"https:\/\/www.iskreni.net\/trgovina\/?s={search_term_string}\"},\"query-input\":{\"@type\":\"PropertyValueSpecification\",\"valueRequired\":true,\"valueName\":\"search_term_string\"}}],\"inLanguage\":\"sl-SI\"}]}<\/script>\n<!-- \/ Yoast SEO plugin. -->","yoast_head_json":{"title":"Dojen\u010dek: nasveti za uporabo - trgovina Iskreni","description":"Knjiga, ki se spopada z najpogostej\u0161imi, najbolj spornimi in in z najbolj begajo\u010dimi vpra\u0161anji, s katerimi se soo\u010dajo mladi star\u0161i.","robots":{"index":"index","follow":"follow","max-snippet":"max-snippet:-1","max-image-preview":"max-image-preview:large","max-video-preview":"max-video-preview:-1"},"canonical":"https:\/\/www.iskreni.net\/trgovina\/product\/dojencek-nasveti-za-uporabo\/","og_locale":"sl_SI","og_type":"article","og_title":"Dojen\u010dek: nasveti za uporabo - trgovina Iskreni","og_description":"Knjiga, ki se spopada z najpogostej\u0161imi, najbolj spornimi in in z najbolj begajo\u010dimi vpra\u0161anji, s katerimi se soo\u010dajo mladi star\u0161i.","og_url":"https:\/\/www.iskreni.net\/trgovina\/product\/dojencek-nasveti-za-uporabo\/","og_site_name":"Zavod Iskreni","article_modified_time":"2023-10-20T09:49:04+00:00","og_image":[{"width":600,"height":600,"url":"https:\/\/www.iskreni.net\/trgovina\/wp-content\/uploads\/2022\/04\/Slike-za-v-spletno-trgovino-4.jpg","type":"image\/jpeg"}],"twitter_card":"summary_large_image","twitter_misc":{"Est. reading time":"2 minuti"},"schema":{"@context":"https:\/\/schema.org","@graph":[{"@type":"WebPage","@id":"https:\/\/www.iskreni.net\/trgovina\/product\/dojencek-nasveti-za-uporabo\/","url":"https:\/\/www.iskreni.net\/trgovina\/product\/dojencek-nasveti-za-uporabo\/","name":"Dojen\u010dek: nasveti za uporabo - trgovina Iskreni","isPartOf":{"@id":"https:\/\/www.iskreni.net\/trgovina\/#website"},"primaryImageOfPage":{"@id":"https:\/\/www.iskreni.net\/trgovina\/product\/dojencek-nasveti-za-uporabo\/#primaryimage"},"image":{"@id":"https:\/\/www.iskreni.net\/trgovina\/product\/dojencek-nasveti-za-uporabo\/#primaryimage"},"thumbnailUrl":"https:\/\/www.iskreni.net\/trgovina\/wp-content\/uploads\/2022\/04\/Slike-za-v-spletno-trgovino-4.jpg","datePublished":"2022-04-08T12:02:47+00:00","dateModified":"2023-10-20T09:49:04+00:00","description":"Knjiga, ki se spopada z najpogostej\u0161imi, najbolj spornimi in in z najbolj begajo\u010dimi vpra\u0161anji, s katerimi se soo\u010dajo mladi star\u0161i.","breadcrumb":{"@id":"https:\/\/www.iskreni.net\/trgovina\/product\/dojencek-nasveti-za-uporabo\/#breadcrumb"},"inLanguage":"sl-SI","potentialAction":[{"@type":"ReadAction","target":["https:\/\/www.iskreni.net\/trgovina\/product\/dojencek-nasveti-za-uporabo\/"]}]},{"@type":"ImageObject","inLanguage":"sl-SI","@id":"https:\/\/www.iskreni.net\/trgovina\/product\/dojencek-nasveti-za-uporabo\/#primaryimage","url":"https:\/\/www.iskreni.net\/trgovina\/wp-content\/uploads\/2022\/04\/Slike-za-v-spletno-trgovino-4.jpg","contentUrl":"https:\/\/www.iskreni.net\/trgovina\/wp-content\/uploads\/2022\/04\/Slike-za-v-spletno-trgovino-4.jpg","width":600,"height":600},{"@type":"BreadcrumbList","@id":"https:\/\/www.iskreni.net\/trgovina\/product\/dojencek-nasveti-za-uporabo\/#breadcrumb","itemListElement":[{"@type":"ListItem","position":1,"name":"Home","item":"https:\/\/www.iskreni.net\/trgovina\/"},{"@type":"ListItem","position":2,"name":"Trgovina","item":"https:\/\/www.iskreni.net\/trgovina\/trgovina\/"},{"@type":"ListItem","position":3,"name":"Dojen\u010dek: nasveti za uporabo"}]},{"@type":"WebSite","@id":"https:\/\/www.iskreni.net\/trgovina\/#website","url":"https:\/\/www.iskreni.net\/trgovina\/","name":"Zavod Iskreni","description":"trgovina","potentialAction":[{"@type":"SearchAction","target":{"@type":"EntryPoint","urlTemplate":"https:\/\/www.iskreni.net\/trgovina\/?s={search_term_string}"},"query-input":{"@type":"PropertyValueSpecification","valueRequired":true,"valueName":"search_term_string"}}],"inLanguage":"sl-SI"}]}},"_links":{"self":[{"href":"https:\/\/www.iskreni.net\/trgovina\/wp-json\/wp\/v2\/product\/53504","targetHints":{"allow":["GET"]}}],"collection":[{"href":"https:\/\/www.iskreni.net\/trgovina\/wp-json\/wp\/v2\/product"}],"about":[{"href":"https:\/\/www.iskreni.net\/trgovina\/wp-json\/wp\/v2\/types\/product"}],"replies":[{"embeddable":true,"href":"https:\/\/www.iskreni.net\/trgovina\/wp-json\/wp\/v2\/comments?post=53504"}],"version-history":[{"count":5,"href":"https:\/\/www.iskreni.net\/trgovina\/wp-json\/wp\/v2\/product\/53504\/revisions"}],"predecessor-version":[{"id":53509,"href":"https:\/\/www.iskreni.net\/trgovina\/wp-json\/wp\/v2\/product\/53504\/revisions\/53509"}],"wp:featuredmedia":[{"embeddable":true,"href":"https:\/\/www.iskreni.net\/trgovina\/wp-json\/wp\/v2\/media\/53507"}],"wp:attachment":[{"href":"https:\/\/www.iskreni.net\/trgovina\/wp-json\/wp\/v2\/media?parent=53504"}],"wp:term":[{"taxonomy":"product_brand","embeddable":true,"href":"https:\/\/www.iskreni.net\/trgovina\/wp-json\/wp\/v2\/product_brand?post=53504"},{"taxonomy":"product_cat","embeddable":true,"href":"https:\/\/www.iskreni.net\/trgovina\/wp-json\/wp\/v2\/product_cat?post=53504"},{"taxonomy":"product_tag","embeddable":true,"href":"https:\/\/www.iskreni.net\/trgovina\/wp-json\/wp\/v2\/product_tag?post=53504"},{"taxonomy":"avtor","embeddable":true,"href":"https:\/\/www.iskreni.net\/trgovina\/wp-json\/wp\/v2\/avtor?post=53504"},{"taxonomy":"zalozba","embeddable":true,"href":"https:\/\/www.iskreni.net\/trgovina\/wp-json\/wp\/v2\/zalozba?post=53504"},{"taxonomy":"vezava","embeddable":true,"href":"https:\/\/www.iskreni.net\/trgovina\/wp-json\/wp\/v2\/vezava?post=53504"}],"curies":[{"name":"wp","href":"https:\/\/api.w.org\/{rel}","templated":true}]}}