{"id":53203,"date":"2022-04-01T14:14:07","date_gmt":"2022-04-01T12:14:07","guid":{"rendered":"https:\/\/www.iskreni.net\/trgovina\/?post_type=product&#038;p=53203"},"modified":"2025-05-06T10:35:06","modified_gmt":"2025-05-06T08:35:06","slug":"jezek-siva","status":"publish","type":"product","link":"https:\/\/www.iskreni.net\/trgovina\/product\/jezek-siva\/","title":{"rendered":"Je\u017eek \u0161iva"},"content":{"rendered":"<p>U\u010dni pripomo\u010dki otroku in celi dru\u017eini omogo\u010dajo zabavo. Otrok se pri igri u\u010di in spoznava nove podobe, like, barve, \u2026 Hkrati se u\u010di emocij kot je zmaga ali izguba ter razvija motori\u010dne spretnosti, koncentracijo.<\/p>\n<p>Izdelek ima mednarodni varnostni certifikat CE- varno za dojen\u010dke in otroke iz materialov prijaznim okolju in va\u0161em otroku.<\/p>\n","protected":false},"excerpt":{"rendered":"<p>Leseni je\u017eek za uvajanje v u\u010denje \u0161ivanja. Naj otrok poprime za \u0161ivanko in naredi prve \u0161ive na prikupnem je\u017eku.<\/p>\n<form class=\"cart\" action=\"https:\/\/www.iskreni.net\/trgovina\/product\/srajcka-sivanje\/\" enctype=\"multipart\/form-data\" method=\"post\">\n<div class=\"wcpa_form_outer\"><\/div>\n<div class=\"quantity\"><\/div>\n<\/form>\n","protected":false},"featured_media":53205,"comment_status":"open","ping_status":"closed","template":"","meta":[],"product_brand":[],"product_cat":[1014],"product_tag":[1342,868],"avtor":[],"zalozba":[],"vezava":[],"class_list":{"0":"post-53203","1":"product","2":"type-product","3":"status-publish","4":"has-post-thumbnail","6":"product_cat-ucni-pripomocki","7":"product_tag-leseni-izdelki","8":"product_tag-ucni-pripomocek","10":"first","11":"instock","12":"taxable","13":"shipping-taxable","14":"purchasable","15":"product-type-simple"},"yoast_head":"<!-- This site is optimized with the Yoast SEO plugin v26.3 - https:\/\/yoast.com\/wordpress\/plugins\/seo\/ -->\n<title>Je\u017eek \u0161iva - trgovina Iskreni<\/title>\n<meta name=\"description\" content=\"Lesen je\u017eek za uvajanje v u\u010denje \u0161ivanja. Naj otrok poprime za \u0161ivanko in naredi prve \u0161ive na prikupnem je\u017eku.\" \/>\n<meta name=\"robots\" content=\"index, follow, max-snippet:-1, max-image-preview:large, max-video-preview:-1\" \/>\n<link rel=\"canonical\" href=\"https:\/\/www.iskreni.net\/trgovina\/product\/jezek-siva\/\" \/>\n<meta property=\"og:locale\" content=\"sl_SI\" \/>\n<meta property=\"og:type\" content=\"article\" \/>\n<meta property=\"og:title\" content=\"Je\u017eek \u0161iva - trgovina Iskreni\" \/>\n<meta property=\"og:description\" content=\"Lesen je\u017eek za uvajanje v u\u010denje \u0161ivanja. Naj otrok poprime za \u0161ivanko in naredi prve \u0161ive na prikupnem je\u017eku.\" \/>\n<meta property=\"og:url\" content=\"https:\/\/www.iskreni.net\/trgovina\/product\/jezek-siva\/\" \/>\n<meta property=\"og:site_name\" content=\"Zavod Iskreni\" \/>\n<meta property=\"article:modified_time\" content=\"2025-05-06T08:35:06+00:00\" \/>\n<meta property=\"og:image\" content=\"https:\/\/www.iskreni.net\/trgovina\/wp-content\/uploads\/2022\/04\/Jezek-siva.jpg\" \/>\n\t<meta property=\"og:image:width\" content=\"1024\" \/>\n\t<meta property=\"og:image:height\" content=\"1024\" \/>\n\t<meta property=\"og:image:type\" content=\"image\/jpeg\" \/>\n<meta name=\"twitter:card\" content=\"summary_large_image\" \/>\n<meta name=\"twitter:label1\" content=\"Est. reading time\" \/>\n\t<meta name=\"twitter:data1\" content=\"1 minuta\" \/>\n<script type=\"application\/ld+json\" class=\"yoast-schema-graph\">{\"@context\":\"https:\/\/schema.org\",\"@graph\":[{\"@type\":\"WebPage\",\"@id\":\"https:\/\/www.iskreni.net\/trgovina\/product\/jezek-siva\/\",\"url\":\"https:\/\/www.iskreni.net\/trgovina\/product\/jezek-siva\/\",\"name\":\"Je\u017eek \u0161iva - trgovina Iskreni\",\"isPartOf\":{\"@id\":\"https:\/\/www.iskreni.net\/trgovina\/#website\"},\"primaryImageOfPage\":{\"@id\":\"https:\/\/www.iskreni.net\/trgovina\/product\/jezek-siva\/#primaryimage\"},\"image\":{\"@id\":\"https:\/\/www.iskreni.net\/trgovina\/product\/jezek-siva\/#primaryimage\"},\"thumbnailUrl\":\"https:\/\/www.iskreni.net\/trgovina\/wp-content\/uploads\/2022\/04\/Jezek-siva.jpg\",\"datePublished\":\"2022-04-01T12:14:07+00:00\",\"dateModified\":\"2025-05-06T08:35:06+00:00\",\"description\":\"Lesen je\u017eek za uvajanje v u\u010denje \u0161ivanja. Naj otrok poprime za \u0161ivanko in naredi prve \u0161ive na prikupnem je\u017eku.\",\"breadcrumb\":{\"@id\":\"https:\/\/www.iskreni.net\/trgovina\/product\/jezek-siva\/#breadcrumb\"},\"inLanguage\":\"sl-SI\",\"potentialAction\":[{\"@type\":\"ReadAction\",\"target\":[\"https:\/\/www.iskreni.net\/trgovina\/product\/jezek-siva\/\"]}]},{\"@type\":\"ImageObject\",\"inLanguage\":\"sl-SI\",\"@id\":\"https:\/\/www.iskreni.net\/trgovina\/product\/jezek-siva\/#primaryimage\",\"url\":\"https:\/\/www.iskreni.net\/trgovina\/wp-content\/uploads\/2022\/04\/Jezek-siva.jpg\",\"contentUrl\":\"https:\/\/www.iskreni.net\/trgovina\/wp-content\/uploads\/2022\/04\/Jezek-siva.jpg\",\"width\":1024,\"height\":1024},{\"@type\":\"BreadcrumbList\",\"@id\":\"https:\/\/www.iskreni.net\/trgovina\/product\/jezek-siva\/#breadcrumb\",\"itemListElement\":[{\"@type\":\"ListItem\",\"position\":1,\"name\":\"Home\",\"item\":\"https:\/\/www.iskreni.net\/trgovina\/\"},{\"@type\":\"ListItem\",\"position\":2,\"name\":\"Trgovina\",\"item\":\"https:\/\/www.iskreni.net\/trgovina\/trgovina\/\"},{\"@type\":\"ListItem\",\"position\":3,\"name\":\"Je\u017eek \u0161iva\"}]},{\"@type\":\"WebSite\",\"@id\":\"https:\/\/www.iskreni.net\/trgovina\/#website\",\"url\":\"https:\/\/www.iskreni.net\/trgovina\/\",\"name\":\"Zavod Iskreni\",\"description\":\"trgovina\",\"potentialAction\":[{\"@type\":\"SearchAction\",\"target\":{\"@type\":\"EntryPoint\",\"urlTemplate\":\"https:\/\/www.iskreni.net\/trgovina\/?s={search_term_string}\"},\"query-input\":{\"@type\":\"PropertyValueSpecification\",\"valueRequired\":true,\"valueName\":\"search_term_string\"}}],\"inLanguage\":\"sl-SI\"}]}<\/script>\n<!-- \/ Yoast SEO plugin. -->","yoast_head_json":{"title":"Je\u017eek \u0161iva - trgovina Iskreni","description":"Lesen je\u017eek za uvajanje v u\u010denje \u0161ivanja. Naj otrok poprime za \u0161ivanko in naredi prve \u0161ive na prikupnem je\u017eku.","robots":{"index":"index","follow":"follow","max-snippet":"max-snippet:-1","max-image-preview":"max-image-preview:large","max-video-preview":"max-video-preview:-1"},"canonical":"https:\/\/www.iskreni.net\/trgovina\/product\/jezek-siva\/","og_locale":"sl_SI","og_type":"article","og_title":"Je\u017eek \u0161iva - trgovina Iskreni","og_description":"Lesen je\u017eek za uvajanje v u\u010denje \u0161ivanja. Naj otrok poprime za \u0161ivanko in naredi prve \u0161ive na prikupnem je\u017eku.","og_url":"https:\/\/www.iskreni.net\/trgovina\/product\/jezek-siva\/","og_site_name":"Zavod Iskreni","article_modified_time":"2025-05-06T08:35:06+00:00","og_image":[{"width":1024,"height":1024,"url":"https:\/\/www.iskreni.net\/trgovina\/wp-content\/uploads\/2022\/04\/Jezek-siva.jpg","type":"image\/jpeg"}],"twitter_card":"summary_large_image","twitter_misc":{"Est. reading time":"1 minuta"},"schema":{"@context":"https:\/\/schema.org","@graph":[{"@type":"WebPage","@id":"https:\/\/www.iskreni.net\/trgovina\/product\/jezek-siva\/","url":"https:\/\/www.iskreni.net\/trgovina\/product\/jezek-siva\/","name":"Je\u017eek \u0161iva - trgovina Iskreni","isPartOf":{"@id":"https:\/\/www.iskreni.net\/trgovina\/#website"},"primaryImageOfPage":{"@id":"https:\/\/www.iskreni.net\/trgovina\/product\/jezek-siva\/#primaryimage"},"image":{"@id":"https:\/\/www.iskreni.net\/trgovina\/product\/jezek-siva\/#primaryimage"},"thumbnailUrl":"https:\/\/www.iskreni.net\/trgovina\/wp-content\/uploads\/2022\/04\/Jezek-siva.jpg","datePublished":"2022-04-01T12:14:07+00:00","dateModified":"2025-05-06T08:35:06+00:00","description":"Lesen je\u017eek za uvajanje v u\u010denje \u0161ivanja. Naj otrok poprime za \u0161ivanko in naredi prve \u0161ive na prikupnem je\u017eku.","breadcrumb":{"@id":"https:\/\/www.iskreni.net\/trgovina\/product\/jezek-siva\/#breadcrumb"},"inLanguage":"sl-SI","potentialAction":[{"@type":"ReadAction","target":["https:\/\/www.iskreni.net\/trgovina\/product\/jezek-siva\/"]}]},{"@type":"ImageObject","inLanguage":"sl-SI","@id":"https:\/\/www.iskreni.net\/trgovina\/product\/jezek-siva\/#primaryimage","url":"https:\/\/www.iskreni.net\/trgovina\/wp-content\/uploads\/2022\/04\/Jezek-siva.jpg","contentUrl":"https:\/\/www.iskreni.net\/trgovina\/wp-content\/uploads\/2022\/04\/Jezek-siva.jpg","width":1024,"height":1024},{"@type":"BreadcrumbList","@id":"https:\/\/www.iskreni.net\/trgovina\/product\/jezek-siva\/#breadcrumb","itemListElement":[{"@type":"ListItem","position":1,"name":"Home","item":"https:\/\/www.iskreni.net\/trgovina\/"},{"@type":"ListItem","position":2,"name":"Trgovina","item":"https:\/\/www.iskreni.net\/trgovina\/trgovina\/"},{"@type":"ListItem","position":3,"name":"Je\u017eek \u0161iva"}]},{"@type":"WebSite","@id":"https:\/\/www.iskreni.net\/trgovina\/#website","url":"https:\/\/www.iskreni.net\/trgovina\/","name":"Zavod Iskreni","description":"trgovina","potentialAction":[{"@type":"SearchAction","target":{"@type":"EntryPoint","urlTemplate":"https:\/\/www.iskreni.net\/trgovina\/?s={search_term_string}"},"query-input":{"@type":"PropertyValueSpecification","valueRequired":true,"valueName":"search_term_string"}}],"inLanguage":"sl-SI"}]}},"_links":{"self":[{"href":"https:\/\/www.iskreni.net\/trgovina\/wp-json\/wp\/v2\/product\/53203","targetHints":{"allow":["GET"]}}],"collection":[{"href":"https:\/\/www.iskreni.net\/trgovina\/wp-json\/wp\/v2\/product"}],"about":[{"href":"https:\/\/www.iskreni.net\/trgovina\/wp-json\/wp\/v2\/types\/product"}],"replies":[{"embeddable":true,"href":"https:\/\/www.iskreni.net\/trgovina\/wp-json\/wp\/v2\/comments?post=53203"}],"version-history":[{"count":3,"href":"https:\/\/www.iskreni.net\/trgovina\/wp-json\/wp\/v2\/product\/53203\/revisions"}],"predecessor-version":[{"id":53207,"href":"https:\/\/www.iskreni.net\/trgovina\/wp-json\/wp\/v2\/product\/53203\/revisions\/53207"}],"wp:featuredmedia":[{"embeddable":true,"href":"https:\/\/www.iskreni.net\/trgovina\/wp-json\/wp\/v2\/media\/53205"}],"wp:attachment":[{"href":"https:\/\/www.iskreni.net\/trgovina\/wp-json\/wp\/v2\/media?parent=53203"}],"wp:term":[{"taxonomy":"product_brand","embeddable":true,"href":"https:\/\/www.iskreni.net\/trgovina\/wp-json\/wp\/v2\/product_brand?post=53203"},{"taxonomy":"product_cat","embeddable":true,"href":"https:\/\/www.iskreni.net\/trgovina\/wp-json\/wp\/v2\/product_cat?post=53203"},{"taxonomy":"product_tag","embeddable":true,"href":"https:\/\/www.iskreni.net\/trgovina\/wp-json\/wp\/v2\/product_tag?post=53203"},{"taxonomy":"avtor","embeddable":true,"href":"https:\/\/www.iskreni.net\/trgovina\/wp-json\/wp\/v2\/avtor?post=53203"},{"taxonomy":"zalozba","embeddable":true,"href":"https:\/\/www.iskreni.net\/trgovina\/wp-json\/wp\/v2\/zalozba?post=53203"},{"taxonomy":"vezava","embeddable":true,"href":"https:\/\/www.iskreni.net\/trgovina\/wp-json\/wp\/v2\/vezava?post=53203"}],"curies":[{"name":"wp","href":"https:\/\/api.w.org\/{rel}","templated":true}]}}