{"id":53193,"date":"2022-04-01T14:06:29","date_gmt":"2022-04-01T12:06:29","guid":{"rendered":"https:\/\/www.iskreni.net\/trgovina\/?post_type=product&#038;p=53193"},"modified":"2026-01-14T11:01:31","modified_gmt":"2026-01-14T10:01:31","slug":"spoznavanje-oblik","status":"publish","type":"product","link":"https:\/\/www.iskreni.net\/trgovina\/product\/spoznavanje-oblik\/","title":{"rendered":"Spoznavanje oblik"},"content":{"rendered":"<p>U\u010dni pripomo\u010dki otroku in celi dru\u017eini omogo\u010dajo zabavo. Otrok se pri igri u\u010di in spoznava nove podobe, like, barve, \u2026 Hkrati se u\u010di emocij kot je zmaga ali izguba ter razvija motori\u010dne spretnosti, koncentracijo.<\/p>\n<p>Izdelek ima mednarodni varnostni certifikat CE- varno za dojen\u010dke in otroke iz materialov prijaznim okolju in va\u0161em otroku.<\/p>\n<p>Dimenzija: igralna ploskev 80&#215;100 mm, deli vstavljanke cca 45&#215;45 mm, 22 kos<br \/>\nMaterial: vezana plo\u0161\u010da topol debeline 3 in 4 mm igralna podlaga, vezana plo\u0161\u010da 4 mm deli vstavljanke, lepilo, barve.<\/p>\n<p>Otrok s pomo\u010djo u\u010dnega pripomo\u010dka spozna oblike (geometrijske like) v obliki vstavljanke. Komplet vsebuje 11 likov (22 kos).<\/p>\n","protected":false},"excerpt":{"rendered":"<p>Otrok s pomo\u010djo u\u010dnega pripomo\u010dka spozna oblike (geometrijske like) v obliki vstavljanke. Komplet vsebuje 11 likov (22 kos).<\/p>\n","protected":false},"featured_media":53195,"comment_status":"open","ping_status":"closed","template":"","meta":[],"product_brand":[],"product_cat":[1014,1015],"product_tag":[868,1002],"avtor":[],"zalozba":[],"vezava":[],"class_list":{"0":"post-53193","1":"product","2":"type-product","3":"status-publish","4":"has-post-thumbnail","6":"product_cat-ucni-pripomocki","7":"product_cat-matematika","8":"product_tag-ucni-pripomocek","9":"product_tag-vstavljanka","11":"first","12":"onbackorder","13":"taxable","14":"shipping-taxable","15":"purchasable","16":"product-type-simple"},"yoast_head":"<!-- This site is optimized with the Yoast SEO plugin v26.3 - https:\/\/yoast.com\/wordpress\/plugins\/seo\/ -->\n<title>Spoznavanje oblik - trgovina Iskreni<\/title>\n<meta name=\"description\" content=\"Otrok s pomo\u010djo u\u010dnega pripomo\u010dka spozna oblike (geometrijske like) v obliki vstavljanke. Komplet vsebuje 11 likov (22 kos).\" \/>\n<meta name=\"robots\" content=\"index, follow, max-snippet:-1, max-image-preview:large, max-video-preview:-1\" \/>\n<link rel=\"canonical\" href=\"https:\/\/www.iskreni.net\/trgovina\/product\/spoznavanje-oblik\/\" \/>\n<meta property=\"og:locale\" content=\"sl_SI\" \/>\n<meta property=\"og:type\" content=\"article\" \/>\n<meta property=\"og:title\" content=\"Spoznavanje oblik - trgovina Iskreni\" \/>\n<meta property=\"og:description\" content=\"Otrok s pomo\u010djo u\u010dnega pripomo\u010dka spozna oblike (geometrijske like) v obliki vstavljanke. Komplet vsebuje 11 likov (22 kos).\" \/>\n<meta property=\"og:url\" content=\"https:\/\/www.iskreni.net\/trgovina\/product\/spoznavanje-oblik\/\" \/>\n<meta property=\"og:site_name\" content=\"Zavod Iskreni\" \/>\n<meta property=\"article:modified_time\" content=\"2026-01-14T10:01:31+00:00\" \/>\n<meta property=\"og:image\" content=\"https:\/\/www.iskreni.net\/trgovina\/wp-content\/uploads\/2022\/04\/Spoznavanje-oblik.jpg\" \/>\n\t<meta property=\"og:image:width\" content=\"1024\" \/>\n\t<meta property=\"og:image:height\" content=\"1024\" \/>\n\t<meta property=\"og:image:type\" content=\"image\/jpeg\" \/>\n<meta name=\"twitter:card\" content=\"summary_large_image\" \/>\n<meta name=\"twitter:label1\" content=\"Est. reading time\" \/>\n\t<meta name=\"twitter:data1\" content=\"1 minuta\" \/>\n<script type=\"application\/ld+json\" class=\"yoast-schema-graph\">{\"@context\":\"https:\/\/schema.org\",\"@graph\":[{\"@type\":\"WebPage\",\"@id\":\"https:\/\/www.iskreni.net\/trgovina\/product\/spoznavanje-oblik\/\",\"url\":\"https:\/\/www.iskreni.net\/trgovina\/product\/spoznavanje-oblik\/\",\"name\":\"Spoznavanje oblik - trgovina Iskreni\",\"isPartOf\":{\"@id\":\"https:\/\/www.iskreni.net\/trgovina\/#website\"},\"primaryImageOfPage\":{\"@id\":\"https:\/\/www.iskreni.net\/trgovina\/product\/spoznavanje-oblik\/#primaryimage\"},\"image\":{\"@id\":\"https:\/\/www.iskreni.net\/trgovina\/product\/spoznavanje-oblik\/#primaryimage\"},\"thumbnailUrl\":\"https:\/\/www.iskreni.net\/trgovina\/wp-content\/uploads\/2022\/04\/Spoznavanje-oblik.jpg\",\"datePublished\":\"2022-04-01T12:06:29+00:00\",\"dateModified\":\"2026-01-14T10:01:31+00:00\",\"description\":\"Otrok s pomo\u010djo u\u010dnega pripomo\u010dka spozna oblike (geometrijske like) v obliki vstavljanke. Komplet vsebuje 11 likov (22 kos).\",\"breadcrumb\":{\"@id\":\"https:\/\/www.iskreni.net\/trgovina\/product\/spoznavanje-oblik\/#breadcrumb\"},\"inLanguage\":\"sl-SI\",\"potentialAction\":[{\"@type\":\"ReadAction\",\"target\":[\"https:\/\/www.iskreni.net\/trgovina\/product\/spoznavanje-oblik\/\"]}]},{\"@type\":\"ImageObject\",\"inLanguage\":\"sl-SI\",\"@id\":\"https:\/\/www.iskreni.net\/trgovina\/product\/spoznavanje-oblik\/#primaryimage\",\"url\":\"https:\/\/www.iskreni.net\/trgovina\/wp-content\/uploads\/2022\/04\/Spoznavanje-oblik.jpg\",\"contentUrl\":\"https:\/\/www.iskreni.net\/trgovina\/wp-content\/uploads\/2022\/04\/Spoznavanje-oblik.jpg\",\"width\":1024,\"height\":1024},{\"@type\":\"BreadcrumbList\",\"@id\":\"https:\/\/www.iskreni.net\/trgovina\/product\/spoznavanje-oblik\/#breadcrumb\",\"itemListElement\":[{\"@type\":\"ListItem\",\"position\":1,\"name\":\"Home\",\"item\":\"https:\/\/www.iskreni.net\/trgovina\/\"},{\"@type\":\"ListItem\",\"position\":2,\"name\":\"Trgovina\",\"item\":\"https:\/\/www.iskreni.net\/trgovina\/trgovina\/\"},{\"@type\":\"ListItem\",\"position\":3,\"name\":\"Spoznavanje oblik\"}]},{\"@type\":\"WebSite\",\"@id\":\"https:\/\/www.iskreni.net\/trgovina\/#website\",\"url\":\"https:\/\/www.iskreni.net\/trgovina\/\",\"name\":\"Zavod Iskreni\",\"description\":\"trgovina\",\"potentialAction\":[{\"@type\":\"SearchAction\",\"target\":{\"@type\":\"EntryPoint\",\"urlTemplate\":\"https:\/\/www.iskreni.net\/trgovina\/?s={search_term_string}\"},\"query-input\":{\"@type\":\"PropertyValueSpecification\",\"valueRequired\":true,\"valueName\":\"search_term_string\"}}],\"inLanguage\":\"sl-SI\"}]}<\/script>\n<!-- \/ Yoast SEO plugin. -->","yoast_head_json":{"title":"Spoznavanje oblik - trgovina Iskreni","description":"Otrok s pomo\u010djo u\u010dnega pripomo\u010dka spozna oblike (geometrijske like) v obliki vstavljanke. Komplet vsebuje 11 likov (22 kos).","robots":{"index":"index","follow":"follow","max-snippet":"max-snippet:-1","max-image-preview":"max-image-preview:large","max-video-preview":"max-video-preview:-1"},"canonical":"https:\/\/www.iskreni.net\/trgovina\/product\/spoznavanje-oblik\/","og_locale":"sl_SI","og_type":"article","og_title":"Spoznavanje oblik - trgovina Iskreni","og_description":"Otrok s pomo\u010djo u\u010dnega pripomo\u010dka spozna oblike (geometrijske like) v obliki vstavljanke. Komplet vsebuje 11 likov (22 kos).","og_url":"https:\/\/www.iskreni.net\/trgovina\/product\/spoznavanje-oblik\/","og_site_name":"Zavod Iskreni","article_modified_time":"2026-01-14T10:01:31+00:00","og_image":[{"width":1024,"height":1024,"url":"https:\/\/www.iskreni.net\/trgovina\/wp-content\/uploads\/2022\/04\/Spoznavanje-oblik.jpg","type":"image\/jpeg"}],"twitter_card":"summary_large_image","twitter_misc":{"Est. reading time":"1 minuta"},"schema":{"@context":"https:\/\/schema.org","@graph":[{"@type":"WebPage","@id":"https:\/\/www.iskreni.net\/trgovina\/product\/spoznavanje-oblik\/","url":"https:\/\/www.iskreni.net\/trgovina\/product\/spoznavanje-oblik\/","name":"Spoznavanje oblik - trgovina Iskreni","isPartOf":{"@id":"https:\/\/www.iskreni.net\/trgovina\/#website"},"primaryImageOfPage":{"@id":"https:\/\/www.iskreni.net\/trgovina\/product\/spoznavanje-oblik\/#primaryimage"},"image":{"@id":"https:\/\/www.iskreni.net\/trgovina\/product\/spoznavanje-oblik\/#primaryimage"},"thumbnailUrl":"https:\/\/www.iskreni.net\/trgovina\/wp-content\/uploads\/2022\/04\/Spoznavanje-oblik.jpg","datePublished":"2022-04-01T12:06:29+00:00","dateModified":"2026-01-14T10:01:31+00:00","description":"Otrok s pomo\u010djo u\u010dnega pripomo\u010dka spozna oblike (geometrijske like) v obliki vstavljanke. Komplet vsebuje 11 likov (22 kos).","breadcrumb":{"@id":"https:\/\/www.iskreni.net\/trgovina\/product\/spoznavanje-oblik\/#breadcrumb"},"inLanguage":"sl-SI","potentialAction":[{"@type":"ReadAction","target":["https:\/\/www.iskreni.net\/trgovina\/product\/spoznavanje-oblik\/"]}]},{"@type":"ImageObject","inLanguage":"sl-SI","@id":"https:\/\/www.iskreni.net\/trgovina\/product\/spoznavanje-oblik\/#primaryimage","url":"https:\/\/www.iskreni.net\/trgovina\/wp-content\/uploads\/2022\/04\/Spoznavanje-oblik.jpg","contentUrl":"https:\/\/www.iskreni.net\/trgovina\/wp-content\/uploads\/2022\/04\/Spoznavanje-oblik.jpg","width":1024,"height":1024},{"@type":"BreadcrumbList","@id":"https:\/\/www.iskreni.net\/trgovina\/product\/spoznavanje-oblik\/#breadcrumb","itemListElement":[{"@type":"ListItem","position":1,"name":"Home","item":"https:\/\/www.iskreni.net\/trgovina\/"},{"@type":"ListItem","position":2,"name":"Trgovina","item":"https:\/\/www.iskreni.net\/trgovina\/trgovina\/"},{"@type":"ListItem","position":3,"name":"Spoznavanje oblik"}]},{"@type":"WebSite","@id":"https:\/\/www.iskreni.net\/trgovina\/#website","url":"https:\/\/www.iskreni.net\/trgovina\/","name":"Zavod Iskreni","description":"trgovina","potentialAction":[{"@type":"SearchAction","target":{"@type":"EntryPoint","urlTemplate":"https:\/\/www.iskreni.net\/trgovina\/?s={search_term_string}"},"query-input":{"@type":"PropertyValueSpecification","valueRequired":true,"valueName":"search_term_string"}}],"inLanguage":"sl-SI"}]}},"_links":{"self":[{"href":"https:\/\/www.iskreni.net\/trgovina\/wp-json\/wp\/v2\/product\/53193","targetHints":{"allow":["GET"]}}],"collection":[{"href":"https:\/\/www.iskreni.net\/trgovina\/wp-json\/wp\/v2\/product"}],"about":[{"href":"https:\/\/www.iskreni.net\/trgovina\/wp-json\/wp\/v2\/types\/product"}],"replies":[{"embeddable":true,"href":"https:\/\/www.iskreni.net\/trgovina\/wp-json\/wp\/v2\/comments?post=53193"}],"version-history":[{"count":2,"href":"https:\/\/www.iskreni.net\/trgovina\/wp-json\/wp\/v2\/product\/53193\/revisions"}],"predecessor-version":[{"id":53196,"href":"https:\/\/www.iskreni.net\/trgovina\/wp-json\/wp\/v2\/product\/53193\/revisions\/53196"}],"wp:featuredmedia":[{"embeddable":true,"href":"https:\/\/www.iskreni.net\/trgovina\/wp-json\/wp\/v2\/media\/53195"}],"wp:attachment":[{"href":"https:\/\/www.iskreni.net\/trgovina\/wp-json\/wp\/v2\/media?parent=53193"}],"wp:term":[{"taxonomy":"product_brand","embeddable":true,"href":"https:\/\/www.iskreni.net\/trgovina\/wp-json\/wp\/v2\/product_brand?post=53193"},{"taxonomy":"product_cat","embeddable":true,"href":"https:\/\/www.iskreni.net\/trgovina\/wp-json\/wp\/v2\/product_cat?post=53193"},{"taxonomy":"product_tag","embeddable":true,"href":"https:\/\/www.iskreni.net\/trgovina\/wp-json\/wp\/v2\/product_tag?post=53193"},{"taxonomy":"avtor","embeddable":true,"href":"https:\/\/www.iskreni.net\/trgovina\/wp-json\/wp\/v2\/avtor?post=53193"},{"taxonomy":"zalozba","embeddable":true,"href":"https:\/\/www.iskreni.net\/trgovina\/wp-json\/wp\/v2\/zalozba?post=53193"},{"taxonomy":"vezava","embeddable":true,"href":"https:\/\/www.iskreni.net\/trgovina\/wp-json\/wp\/v2\/vezava?post=53193"}],"curies":[{"name":"wp","href":"https:\/\/api.w.org\/{rel}","templated":true}]}}