{"id":53173,"date":"2022-04-01T13:23:32","date_gmt":"2022-04-01T11:23:32","guid":{"rendered":"https:\/\/www.iskreni.net\/trgovina\/?post_type=product&#038;p=53173"},"modified":"2026-01-14T11:00:53","modified_gmt":"2026-01-14T10:00:53","slug":"mreza-listi-dreves","status":"publish","type":"product","link":"https:\/\/www.iskreni.net\/trgovina\/product\/mreza-listi-dreves\/","title":{"rendered":"Mre\u017ea listi dreves"},"content":{"rendered":"<p>U\u010dni pripomo\u010dki otroku in celi dru\u017eini omogo\u010dajo zabavo. Otrok se pri igri u\u010di in spoznava nove podobe, like, barve, \u2026 Hkrati se u\u010di emocij kot je zmaga ali izguba ter razvija motori\u010dne spretnosti, koncentracijo.<\/p>\n<p>Izdelek ima mednarodni varnostni certifikat CE- varno za dojen\u010dke in otroke iz materialov prijaznim okolju in va\u0161em otroku.<\/p>\n<p>Dimenzija: osnovna ploskev 264&#215;264 mm, 14 kos<br \/>\nMaterial: vezana plo\u0161\u010da topol debeline 3 mm igralna podlaga, vezana plo\u0161\u010da 3 mm deli vstavljanke, lepilo, barve.<\/p>\n<p>Pod vstavljanko je napisano ime drevesa.<\/p>\n","protected":false},"excerpt":{"rendered":"<p>Lesena vstavljanka z listi dreves, s pomo\u010djo katere otrok spoznava razli\u010dna drevesa. Pod vstavljanko je napisano ime drevesa.<\/p>\n","protected":false},"featured_media":53175,"comment_status":"open","ping_status":"closed","template":"","meta":[],"product_brand":[],"product_cat":[1014,1017],"product_tag":[1342,868,1002],"avtor":[],"zalozba":[],"vezava":[],"class_list":{"0":"post-53173","1":"product","2":"type-product","3":"status-publish","4":"has-post-thumbnail","6":"product_cat-ucni-pripomocki","7":"product_cat-naravoslovje","8":"product_tag-leseni-izdelki","9":"product_tag-ucni-pripomocek","10":"product_tag-vstavljanka","12":"first","13":"onbackorder","14":"taxable","15":"shipping-taxable","16":"purchasable","17":"product-type-simple"},"yoast_head":"<!-- This site is optimized with the Yoast SEO plugin v26.3 - https:\/\/yoast.com\/wordpress\/plugins\/seo\/ -->\n<title>Mre\u017ea listi dreves - trgovina Iskreni<\/title>\n<meta name=\"description\" content=\"Lesena vstavljanka z listi dreves, s pomo\u010djo katere otrok spoznava razli\u010dna drevesa. Pod vstavljanko je napisano ime drevesa.\" \/>\n<meta name=\"robots\" content=\"index, follow, max-snippet:-1, max-image-preview:large, max-video-preview:-1\" \/>\n<link rel=\"canonical\" href=\"https:\/\/www.iskreni.net\/trgovina\/product\/mreza-listi-dreves\/\" \/>\n<meta property=\"og:locale\" content=\"sl_SI\" \/>\n<meta property=\"og:type\" content=\"article\" \/>\n<meta property=\"og:title\" content=\"Mre\u017ea listi dreves - trgovina Iskreni\" \/>\n<meta property=\"og:description\" content=\"Lesena vstavljanka z listi dreves, s pomo\u010djo katere otrok spoznava razli\u010dna drevesa. Pod vstavljanko je napisano ime drevesa.\" \/>\n<meta property=\"og:url\" content=\"https:\/\/www.iskreni.net\/trgovina\/product\/mreza-listi-dreves\/\" \/>\n<meta property=\"og:site_name\" content=\"Zavod Iskreni\" \/>\n<meta property=\"article:modified_time\" content=\"2026-01-14T10:00:53+00:00\" \/>\n<meta property=\"og:image\" content=\"https:\/\/www.iskreni.net\/trgovina\/wp-content\/uploads\/2022\/04\/Listi-dreves-1.jpg\" \/>\n\t<meta property=\"og:image:width\" content=\"1024\" \/>\n\t<meta property=\"og:image:height\" content=\"1024\" \/>\n\t<meta property=\"og:image:type\" content=\"image\/jpeg\" \/>\n<meta name=\"twitter:card\" content=\"summary_large_image\" \/>\n<meta name=\"twitter:label1\" content=\"Est. reading time\" \/>\n\t<meta name=\"twitter:data1\" content=\"1 minuta\" \/>\n<script type=\"application\/ld+json\" class=\"yoast-schema-graph\">{\"@context\":\"https:\/\/schema.org\",\"@graph\":[{\"@type\":\"WebPage\",\"@id\":\"https:\/\/www.iskreni.net\/trgovina\/product\/mreza-listi-dreves\/\",\"url\":\"https:\/\/www.iskreni.net\/trgovina\/product\/mreza-listi-dreves\/\",\"name\":\"Mre\u017ea listi dreves - trgovina Iskreni\",\"isPartOf\":{\"@id\":\"https:\/\/www.iskreni.net\/trgovina\/#website\"},\"primaryImageOfPage\":{\"@id\":\"https:\/\/www.iskreni.net\/trgovina\/product\/mreza-listi-dreves\/#primaryimage\"},\"image\":{\"@id\":\"https:\/\/www.iskreni.net\/trgovina\/product\/mreza-listi-dreves\/#primaryimage\"},\"thumbnailUrl\":\"https:\/\/www.iskreni.net\/trgovina\/wp-content\/uploads\/2022\/04\/Listi-dreves-1.jpg\",\"datePublished\":\"2022-04-01T11:23:32+00:00\",\"dateModified\":\"2026-01-14T10:00:53+00:00\",\"description\":\"Lesena vstavljanka z listi dreves, s pomo\u010djo katere otrok spoznava razli\u010dna drevesa. Pod vstavljanko je napisano ime drevesa.\",\"breadcrumb\":{\"@id\":\"https:\/\/www.iskreni.net\/trgovina\/product\/mreza-listi-dreves\/#breadcrumb\"},\"inLanguage\":\"sl-SI\",\"potentialAction\":[{\"@type\":\"ReadAction\",\"target\":[\"https:\/\/www.iskreni.net\/trgovina\/product\/mreza-listi-dreves\/\"]}]},{\"@type\":\"ImageObject\",\"inLanguage\":\"sl-SI\",\"@id\":\"https:\/\/www.iskreni.net\/trgovina\/product\/mreza-listi-dreves\/#primaryimage\",\"url\":\"https:\/\/www.iskreni.net\/trgovina\/wp-content\/uploads\/2022\/04\/Listi-dreves-1.jpg\",\"contentUrl\":\"https:\/\/www.iskreni.net\/trgovina\/wp-content\/uploads\/2022\/04\/Listi-dreves-1.jpg\",\"width\":1024,\"height\":1024},{\"@type\":\"BreadcrumbList\",\"@id\":\"https:\/\/www.iskreni.net\/trgovina\/product\/mreza-listi-dreves\/#breadcrumb\",\"itemListElement\":[{\"@type\":\"ListItem\",\"position\":1,\"name\":\"Home\",\"item\":\"https:\/\/www.iskreni.net\/trgovina\/\"},{\"@type\":\"ListItem\",\"position\":2,\"name\":\"Trgovina\",\"item\":\"https:\/\/www.iskreni.net\/trgovina\/trgovina\/\"},{\"@type\":\"ListItem\",\"position\":3,\"name\":\"Mre\u017ea listi dreves\"}]},{\"@type\":\"WebSite\",\"@id\":\"https:\/\/www.iskreni.net\/trgovina\/#website\",\"url\":\"https:\/\/www.iskreni.net\/trgovina\/\",\"name\":\"Zavod Iskreni\",\"description\":\"trgovina\",\"potentialAction\":[{\"@type\":\"SearchAction\",\"target\":{\"@type\":\"EntryPoint\",\"urlTemplate\":\"https:\/\/www.iskreni.net\/trgovina\/?s={search_term_string}\"},\"query-input\":{\"@type\":\"PropertyValueSpecification\",\"valueRequired\":true,\"valueName\":\"search_term_string\"}}],\"inLanguage\":\"sl-SI\"}]}<\/script>\n<!-- \/ Yoast SEO plugin. -->","yoast_head_json":{"title":"Mre\u017ea listi dreves - trgovina Iskreni","description":"Lesena vstavljanka z listi dreves, s pomo\u010djo katere otrok spoznava razli\u010dna drevesa. Pod vstavljanko je napisano ime drevesa.","robots":{"index":"index","follow":"follow","max-snippet":"max-snippet:-1","max-image-preview":"max-image-preview:large","max-video-preview":"max-video-preview:-1"},"canonical":"https:\/\/www.iskreni.net\/trgovina\/product\/mreza-listi-dreves\/","og_locale":"sl_SI","og_type":"article","og_title":"Mre\u017ea listi dreves - trgovina Iskreni","og_description":"Lesena vstavljanka z listi dreves, s pomo\u010djo katere otrok spoznava razli\u010dna drevesa. Pod vstavljanko je napisano ime drevesa.","og_url":"https:\/\/www.iskreni.net\/trgovina\/product\/mreza-listi-dreves\/","og_site_name":"Zavod Iskreni","article_modified_time":"2026-01-14T10:00:53+00:00","og_image":[{"width":1024,"height":1024,"url":"https:\/\/www.iskreni.net\/trgovina\/wp-content\/uploads\/2022\/04\/Listi-dreves-1.jpg","type":"image\/jpeg"}],"twitter_card":"summary_large_image","twitter_misc":{"Est. reading time":"1 minuta"},"schema":{"@context":"https:\/\/schema.org","@graph":[{"@type":"WebPage","@id":"https:\/\/www.iskreni.net\/trgovina\/product\/mreza-listi-dreves\/","url":"https:\/\/www.iskreni.net\/trgovina\/product\/mreza-listi-dreves\/","name":"Mre\u017ea listi dreves - trgovina Iskreni","isPartOf":{"@id":"https:\/\/www.iskreni.net\/trgovina\/#website"},"primaryImageOfPage":{"@id":"https:\/\/www.iskreni.net\/trgovina\/product\/mreza-listi-dreves\/#primaryimage"},"image":{"@id":"https:\/\/www.iskreni.net\/trgovina\/product\/mreza-listi-dreves\/#primaryimage"},"thumbnailUrl":"https:\/\/www.iskreni.net\/trgovina\/wp-content\/uploads\/2022\/04\/Listi-dreves-1.jpg","datePublished":"2022-04-01T11:23:32+00:00","dateModified":"2026-01-14T10:00:53+00:00","description":"Lesena vstavljanka z listi dreves, s pomo\u010djo katere otrok spoznava razli\u010dna drevesa. Pod vstavljanko je napisano ime drevesa.","breadcrumb":{"@id":"https:\/\/www.iskreni.net\/trgovina\/product\/mreza-listi-dreves\/#breadcrumb"},"inLanguage":"sl-SI","potentialAction":[{"@type":"ReadAction","target":["https:\/\/www.iskreni.net\/trgovina\/product\/mreza-listi-dreves\/"]}]},{"@type":"ImageObject","inLanguage":"sl-SI","@id":"https:\/\/www.iskreni.net\/trgovina\/product\/mreza-listi-dreves\/#primaryimage","url":"https:\/\/www.iskreni.net\/trgovina\/wp-content\/uploads\/2022\/04\/Listi-dreves-1.jpg","contentUrl":"https:\/\/www.iskreni.net\/trgovina\/wp-content\/uploads\/2022\/04\/Listi-dreves-1.jpg","width":1024,"height":1024},{"@type":"BreadcrumbList","@id":"https:\/\/www.iskreni.net\/trgovina\/product\/mreza-listi-dreves\/#breadcrumb","itemListElement":[{"@type":"ListItem","position":1,"name":"Home","item":"https:\/\/www.iskreni.net\/trgovina\/"},{"@type":"ListItem","position":2,"name":"Trgovina","item":"https:\/\/www.iskreni.net\/trgovina\/trgovina\/"},{"@type":"ListItem","position":3,"name":"Mre\u017ea listi dreves"}]},{"@type":"WebSite","@id":"https:\/\/www.iskreni.net\/trgovina\/#website","url":"https:\/\/www.iskreni.net\/trgovina\/","name":"Zavod Iskreni","description":"trgovina","potentialAction":[{"@type":"SearchAction","target":{"@type":"EntryPoint","urlTemplate":"https:\/\/www.iskreni.net\/trgovina\/?s={search_term_string}"},"query-input":{"@type":"PropertyValueSpecification","valueRequired":true,"valueName":"search_term_string"}}],"inLanguage":"sl-SI"}]}},"_links":{"self":[{"href":"https:\/\/www.iskreni.net\/trgovina\/wp-json\/wp\/v2\/product\/53173","targetHints":{"allow":["GET"]}}],"collection":[{"href":"https:\/\/www.iskreni.net\/trgovina\/wp-json\/wp\/v2\/product"}],"about":[{"href":"https:\/\/www.iskreni.net\/trgovina\/wp-json\/wp\/v2\/types\/product"}],"replies":[{"embeddable":true,"href":"https:\/\/www.iskreni.net\/trgovina\/wp-json\/wp\/v2\/comments?post=53173"}],"version-history":[{"count":3,"href":"https:\/\/www.iskreni.net\/trgovina\/wp-json\/wp\/v2\/product\/53173\/revisions"}],"predecessor-version":[{"id":53178,"href":"https:\/\/www.iskreni.net\/trgovina\/wp-json\/wp\/v2\/product\/53173\/revisions\/53178"}],"wp:featuredmedia":[{"embeddable":true,"href":"https:\/\/www.iskreni.net\/trgovina\/wp-json\/wp\/v2\/media\/53175"}],"wp:attachment":[{"href":"https:\/\/www.iskreni.net\/trgovina\/wp-json\/wp\/v2\/media?parent=53173"}],"wp:term":[{"taxonomy":"product_brand","embeddable":true,"href":"https:\/\/www.iskreni.net\/trgovina\/wp-json\/wp\/v2\/product_brand?post=53173"},{"taxonomy":"product_cat","embeddable":true,"href":"https:\/\/www.iskreni.net\/trgovina\/wp-json\/wp\/v2\/product_cat?post=53173"},{"taxonomy":"product_tag","embeddable":true,"href":"https:\/\/www.iskreni.net\/trgovina\/wp-json\/wp\/v2\/product_tag?post=53173"},{"taxonomy":"avtor","embeddable":true,"href":"https:\/\/www.iskreni.net\/trgovina\/wp-json\/wp\/v2\/avtor?post=53173"},{"taxonomy":"zalozba","embeddable":true,"href":"https:\/\/www.iskreni.net\/trgovina\/wp-json\/wp\/v2\/zalozba?post=53173"},{"taxonomy":"vezava","embeddable":true,"href":"https:\/\/www.iskreni.net\/trgovina\/wp-json\/wp\/v2\/vezava?post=53173"}],"curies":[{"name":"wp","href":"https:\/\/api.w.org\/{rel}","templated":true}]}}