{"id":53036,"date":"2022-03-30T12:01:03","date_gmt":"2022-03-30T10:01:03","guid":{"rendered":"https:\/\/www.iskreni.net\/trgovina\/?post_type=product&#038;p=53036"},"modified":"2026-01-16T11:39:34","modified_gmt":"2026-01-16T10:39:34","slug":"zascitne-hlacke-lalipanties-crne","status":"publish","type":"product","link":"https:\/\/www.iskreni.net\/trgovina\/product\/zascitne-hlacke-lalipanties-crne\/","title":{"rendered":"Za\u0161\u010ditne hla\u010dke LaliPanties &#8211; \u010drne"},"content":{"rendered":"<h4>O \u010drnih za\u0161\u010ditnih hla\u010dkah LaliPanties z dodatno absorbcijo:<\/h4>\n<p>Bo kri pu\u0161\u010dala \u010dez robove?<br \/>\n4 dodatne za\u0161\u010ditne plasti narejene iz posebnega vpojnega so v\u0161ite v celoten zadnji del in segajo vse do ___, tako da se bo\u0161 lahko po\u010dutila varno in za\u0161\u010diteno vse dni cikla.<br \/>\nRes niso kot plenice za odrasle?<br \/>\nTudi s \u0161tirimi dodatnimi za\u0161\u010ditnimi sloji so narejene tako, da izgledajo kot obi\u010dajno spodnje perilo in niso neprijetne.<\/p>\n<p>Ali jih moram zamenjati ve\u010dkrat na dan?<br \/>\nGlede na tvoj menstrualni tok, jih lahko nosi\u0161 tudi cel dan (npr. zadnje dni cikla), med najmo\u010dnej\u0161imi dnevi pa ene hla\u010dke mogo\u010de ne bodo dovolj.<\/p>\n<p>\u0160e vedno okleva\u0161 s prehodom na menstrualno spodnje perilo?<br \/>\nOdli\u010den na\u010din, da poizkusi\u0161 na\u0161e \u010drne menstrualen hla\u010dke, je, da jih ima\u0161 za za\u010detek oble\u010dene \u010dez no\u010d (proti koncu cikla) ali pa kot dodatno za\u0161\u010dito pri menstrualni skodelici.<\/p>\n<p>Zakaj bi sploh uporabljala menstrualno spodnje perilo?<br \/>\nPoleg faktorja udobja in neprepustnostim menstrualne hla\u010dke postajajo vedno bolj popularni alternativa tudi zaradi trajnostnega in ekonomskega dejavnika.<\/p>\n<p>Ali jih moram uporabljati samo, ko imam menstruacijo?<br \/>\n\u010ce trenutno nima\u0161 menstruacije, LaliPanties zagotavljajo za\u0161\u010dito tudi pred belim tokom in rahlo inkontinenco.<\/p>\n","protected":false},"excerpt":{"rendered":"<p>\u010crne menstrualne hla\u010dke s \u010dipko, ki imajo 4 za\u0161\u010ditne plasti in izgledajo fantasti\u010dno &lt;3<\/p>\n<p>Spro\u0161\u010denost je zagotovljena!<\/p>\n<p>LaliPanties so izdelane tako, da izgledajo kot obi\u010dajne spodnje perilo, a naj te videz ne zavede, saj so narejene iz \u0161tirih dodatnih absorpcijskih plasti posebnega vpojnega materiala , kar ti bo omogo\u010dilo, da se bo\u0161 med menstruacijo po\u010dutila samozavestno, brez nenehnega pogledovanja za potencialnimi krvavimi made\u017ei.<\/p>\n<p>Elegantna planetu prijazna nadgradnja spodnjega perila.<\/p>\n<p>&nbsp;<\/p>\n","protected":false},"featured_media":53049,"comment_status":"open","ping_status":"closed","template":"","meta":[],"product_brand":[],"product_cat":[83,956],"product_tag":[452],"avtor":[],"zalozba":[],"vezava":[],"class_list":{"0":"post-53036","1":"product","2":"type-product","3":"status-publish","4":"has-post-thumbnail","6":"product_cat-izdelki-za-menstruacijo","7":"product_cat-dodatki-izdelki-za-menstruacijo","8":"product_tag-zascitne-hlacke","9":"pa_velikost-l","10":"pa_velikost-m","11":"pa_velikost-s","12":"pa_velikost-xl","13":"pa_velikost-xxl","14":"pa_velikost-xxxl","16":"first","17":"instock","18":"taxable","19":"shipping-taxable","20":"purchasable","21":"product-type-variable"},"yoast_head":"<!-- This site is optimized with the Yoast SEO plugin v26.3 - https:\/\/yoast.com\/wordpress\/plugins\/seo\/ -->\n<title>Za\u0161\u010ditne hla\u010dke LaliPanties - \u010drne - trgovina Iskreni<\/title>\n<meta name=\"description\" content=\"\u010crne menstrualne hla\u010dke s \u010dipko, ki imajo 4 za\u0161\u010ditne plasti in izgledajo fantasti\u010dno &lt;3\" \/>\n<meta name=\"robots\" content=\"index, follow, max-snippet:-1, max-image-preview:large, max-video-preview:-1\" \/>\n<link rel=\"canonical\" href=\"https:\/\/www.iskreni.net\/trgovina\/product\/zascitne-hlacke-lalipanties-crne\/\" \/>\n<meta property=\"og:locale\" content=\"sl_SI\" \/>\n<meta property=\"og:type\" content=\"article\" \/>\n<meta property=\"og:title\" content=\"Za\u0161\u010ditne hla\u010dke LaliPanties - \u010drne - trgovina Iskreni\" \/>\n<meta property=\"og:description\" content=\"\u010crne menstrualne hla\u010dke s \u010dipko, ki imajo 4 za\u0161\u010ditne plasti in izgledajo fantasti\u010dno &lt;3\" \/>\n<meta property=\"og:url\" content=\"https:\/\/www.iskreni.net\/trgovina\/product\/zascitne-hlacke-lalipanties-crne\/\" \/>\n<meta property=\"og:site_name\" content=\"Zavod Iskreni\" \/>\n<meta property=\"article:modified_time\" content=\"2026-01-16T10:39:34+00:00\" \/>\n<meta property=\"og:image\" content=\"https:\/\/www.iskreni.net\/trgovina\/wp-content\/uploads\/2022\/03\/Lali-crne-1.jpg\" \/>\n\t<meta property=\"og:image:width\" content=\"600\" \/>\n\t<meta property=\"og:image:height\" content=\"600\" \/>\n\t<meta property=\"og:image:type\" content=\"image\/jpeg\" \/>\n<meta name=\"twitter:card\" content=\"summary_large_image\" \/>\n<meta name=\"twitter:label1\" content=\"Est. reading time\" \/>\n\t<meta name=\"twitter:data1\" content=\"2 minuti\" \/>\n<script type=\"application\/ld+json\" class=\"yoast-schema-graph\">{\"@context\":\"https:\/\/schema.org\",\"@graph\":[{\"@type\":\"WebPage\",\"@id\":\"https:\/\/www.iskreni.net\/trgovina\/product\/zascitne-hlacke-lalipanties-crne\/\",\"url\":\"https:\/\/www.iskreni.net\/trgovina\/product\/zascitne-hlacke-lalipanties-crne\/\",\"name\":\"Za\u0161\u010ditne hla\u010dke LaliPanties - \u010drne - trgovina Iskreni\",\"isPartOf\":{\"@id\":\"https:\/\/www.iskreni.net\/trgovina\/#website\"},\"primaryImageOfPage\":{\"@id\":\"https:\/\/www.iskreni.net\/trgovina\/product\/zascitne-hlacke-lalipanties-crne\/#primaryimage\"},\"image\":{\"@id\":\"https:\/\/www.iskreni.net\/trgovina\/product\/zascitne-hlacke-lalipanties-crne\/#primaryimage\"},\"thumbnailUrl\":\"https:\/\/www.iskreni.net\/trgovina\/wp-content\/uploads\/2022\/03\/Lali-crne-1.jpg\",\"datePublished\":\"2022-03-30T10:01:03+00:00\",\"dateModified\":\"2026-01-16T10:39:34+00:00\",\"description\":\"\u010crne menstrualne hla\u010dke s \u010dipko, ki imajo 4 za\u0161\u010ditne plasti in izgledajo fantasti\u010dno &lt;3\",\"breadcrumb\":{\"@id\":\"https:\/\/www.iskreni.net\/trgovina\/product\/zascitne-hlacke-lalipanties-crne\/#breadcrumb\"},\"inLanguage\":\"sl-SI\",\"potentialAction\":[{\"@type\":\"ReadAction\",\"target\":[\"https:\/\/www.iskreni.net\/trgovina\/product\/zascitne-hlacke-lalipanties-crne\/\"]}]},{\"@type\":\"ImageObject\",\"inLanguage\":\"sl-SI\",\"@id\":\"https:\/\/www.iskreni.net\/trgovina\/product\/zascitne-hlacke-lalipanties-crne\/#primaryimage\",\"url\":\"https:\/\/www.iskreni.net\/trgovina\/wp-content\/uploads\/2022\/03\/Lali-crne-1.jpg\",\"contentUrl\":\"https:\/\/www.iskreni.net\/trgovina\/wp-content\/uploads\/2022\/03\/Lali-crne-1.jpg\",\"width\":600,\"height\":600},{\"@type\":\"BreadcrumbList\",\"@id\":\"https:\/\/www.iskreni.net\/trgovina\/product\/zascitne-hlacke-lalipanties-crne\/#breadcrumb\",\"itemListElement\":[{\"@type\":\"ListItem\",\"position\":1,\"name\":\"Home\",\"item\":\"https:\/\/www.iskreni.net\/trgovina\/\"},{\"@type\":\"ListItem\",\"position\":2,\"name\":\"Trgovina\",\"item\":\"https:\/\/www.iskreni.net\/trgovina\/trgovina\/\"},{\"@type\":\"ListItem\",\"position\":3,\"name\":\"Za\u0161\u010ditne hla\u010dke LaliPanties &#8211; \u010drne\"}]},{\"@type\":\"WebSite\",\"@id\":\"https:\/\/www.iskreni.net\/trgovina\/#website\",\"url\":\"https:\/\/www.iskreni.net\/trgovina\/\",\"name\":\"Zavod Iskreni\",\"description\":\"trgovina\",\"potentialAction\":[{\"@type\":\"SearchAction\",\"target\":{\"@type\":\"EntryPoint\",\"urlTemplate\":\"https:\/\/www.iskreni.net\/trgovina\/?s={search_term_string}\"},\"query-input\":{\"@type\":\"PropertyValueSpecification\",\"valueRequired\":true,\"valueName\":\"search_term_string\"}}],\"inLanguage\":\"sl-SI\"}]}<\/script>\n<!-- \/ Yoast SEO plugin. -->","yoast_head_json":{"title":"Za\u0161\u010ditne hla\u010dke LaliPanties - \u010drne - trgovina Iskreni","description":"\u010crne menstrualne hla\u010dke s \u010dipko, ki imajo 4 za\u0161\u010ditne plasti in izgledajo fantasti\u010dno &lt;3","robots":{"index":"index","follow":"follow","max-snippet":"max-snippet:-1","max-image-preview":"max-image-preview:large","max-video-preview":"max-video-preview:-1"},"canonical":"https:\/\/www.iskreni.net\/trgovina\/product\/zascitne-hlacke-lalipanties-crne\/","og_locale":"sl_SI","og_type":"article","og_title":"Za\u0161\u010ditne hla\u010dke LaliPanties - \u010drne - trgovina Iskreni","og_description":"\u010crne menstrualne hla\u010dke s \u010dipko, ki imajo 4 za\u0161\u010ditne plasti in izgledajo fantasti\u010dno &lt;3","og_url":"https:\/\/www.iskreni.net\/trgovina\/product\/zascitne-hlacke-lalipanties-crne\/","og_site_name":"Zavod Iskreni","article_modified_time":"2026-01-16T10:39:34+00:00","og_image":[{"width":600,"height":600,"url":"https:\/\/www.iskreni.net\/trgovina\/wp-content\/uploads\/2022\/03\/Lali-crne-1.jpg","type":"image\/jpeg"}],"twitter_card":"summary_large_image","twitter_misc":{"Est. reading time":"2 minuti"},"schema":{"@context":"https:\/\/schema.org","@graph":[{"@type":"WebPage","@id":"https:\/\/www.iskreni.net\/trgovina\/product\/zascitne-hlacke-lalipanties-crne\/","url":"https:\/\/www.iskreni.net\/trgovina\/product\/zascitne-hlacke-lalipanties-crne\/","name":"Za\u0161\u010ditne hla\u010dke LaliPanties - \u010drne - trgovina Iskreni","isPartOf":{"@id":"https:\/\/www.iskreni.net\/trgovina\/#website"},"primaryImageOfPage":{"@id":"https:\/\/www.iskreni.net\/trgovina\/product\/zascitne-hlacke-lalipanties-crne\/#primaryimage"},"image":{"@id":"https:\/\/www.iskreni.net\/trgovina\/product\/zascitne-hlacke-lalipanties-crne\/#primaryimage"},"thumbnailUrl":"https:\/\/www.iskreni.net\/trgovina\/wp-content\/uploads\/2022\/03\/Lali-crne-1.jpg","datePublished":"2022-03-30T10:01:03+00:00","dateModified":"2026-01-16T10:39:34+00:00","description":"\u010crne menstrualne hla\u010dke s \u010dipko, ki imajo 4 za\u0161\u010ditne plasti in izgledajo fantasti\u010dno &lt;3","breadcrumb":{"@id":"https:\/\/www.iskreni.net\/trgovina\/product\/zascitne-hlacke-lalipanties-crne\/#breadcrumb"},"inLanguage":"sl-SI","potentialAction":[{"@type":"ReadAction","target":["https:\/\/www.iskreni.net\/trgovina\/product\/zascitne-hlacke-lalipanties-crne\/"]}]},{"@type":"ImageObject","inLanguage":"sl-SI","@id":"https:\/\/www.iskreni.net\/trgovina\/product\/zascitne-hlacke-lalipanties-crne\/#primaryimage","url":"https:\/\/www.iskreni.net\/trgovina\/wp-content\/uploads\/2022\/03\/Lali-crne-1.jpg","contentUrl":"https:\/\/www.iskreni.net\/trgovina\/wp-content\/uploads\/2022\/03\/Lali-crne-1.jpg","width":600,"height":600},{"@type":"BreadcrumbList","@id":"https:\/\/www.iskreni.net\/trgovina\/product\/zascitne-hlacke-lalipanties-crne\/#breadcrumb","itemListElement":[{"@type":"ListItem","position":1,"name":"Home","item":"https:\/\/www.iskreni.net\/trgovina\/"},{"@type":"ListItem","position":2,"name":"Trgovina","item":"https:\/\/www.iskreni.net\/trgovina\/trgovina\/"},{"@type":"ListItem","position":3,"name":"Za\u0161\u010ditne hla\u010dke LaliPanties &#8211; \u010drne"}]},{"@type":"WebSite","@id":"https:\/\/www.iskreni.net\/trgovina\/#website","url":"https:\/\/www.iskreni.net\/trgovina\/","name":"Zavod Iskreni","description":"trgovina","potentialAction":[{"@type":"SearchAction","target":{"@type":"EntryPoint","urlTemplate":"https:\/\/www.iskreni.net\/trgovina\/?s={search_term_string}"},"query-input":{"@type":"PropertyValueSpecification","valueRequired":true,"valueName":"search_term_string"}}],"inLanguage":"sl-SI"}]}},"_links":{"self":[{"href":"https:\/\/www.iskreni.net\/trgovina\/wp-json\/wp\/v2\/product\/53036","targetHints":{"allow":["GET"]}}],"collection":[{"href":"https:\/\/www.iskreni.net\/trgovina\/wp-json\/wp\/v2\/product"}],"about":[{"href":"https:\/\/www.iskreni.net\/trgovina\/wp-json\/wp\/v2\/types\/product"}],"replies":[{"embeddable":true,"href":"https:\/\/www.iskreni.net\/trgovina\/wp-json\/wp\/v2\/comments?post=53036"}],"version-history":[{"count":11,"href":"https:\/\/www.iskreni.net\/trgovina\/wp-json\/wp\/v2\/product\/53036\/revisions"}],"predecessor-version":[{"id":58941,"href":"https:\/\/www.iskreni.net\/trgovina\/wp-json\/wp\/v2\/product\/53036\/revisions\/58941"}],"wp:featuredmedia":[{"embeddable":true,"href":"https:\/\/www.iskreni.net\/trgovina\/wp-json\/wp\/v2\/media\/53049"}],"wp:attachment":[{"href":"https:\/\/www.iskreni.net\/trgovina\/wp-json\/wp\/v2\/media?parent=53036"}],"wp:term":[{"taxonomy":"product_brand","embeddable":true,"href":"https:\/\/www.iskreni.net\/trgovina\/wp-json\/wp\/v2\/product_brand?post=53036"},{"taxonomy":"product_cat","embeddable":true,"href":"https:\/\/www.iskreni.net\/trgovina\/wp-json\/wp\/v2\/product_cat?post=53036"},{"taxonomy":"product_tag","embeddable":true,"href":"https:\/\/www.iskreni.net\/trgovina\/wp-json\/wp\/v2\/product_tag?post=53036"},{"taxonomy":"avtor","embeddable":true,"href":"https:\/\/www.iskreni.net\/trgovina\/wp-json\/wp\/v2\/avtor?post=53036"},{"taxonomy":"zalozba","embeddable":true,"href":"https:\/\/www.iskreni.net\/trgovina\/wp-json\/wp\/v2\/zalozba?post=53036"},{"taxonomy":"vezava","embeddable":true,"href":"https:\/\/www.iskreni.net\/trgovina\/wp-json\/wp\/v2\/vezava?post=53036"}],"curies":[{"name":"wp","href":"https:\/\/api.w.org\/{rel}","templated":true}]}}