{"id":52976,"date":"2022-03-28T14:38:39","date_gmt":"2022-03-28T12:38:39","guid":{"rendered":"https:\/\/www.iskreni.net\/trgovina\/?post_type=product&#038;p=52976"},"modified":"2023-10-20T11:46:16","modified_gmt":"2023-10-20T09:46:16","slug":"vrtec-pri-stari-mami","status":"publish","type":"product","link":"https:\/\/www.iskreni.net\/trgovina\/product\/vrtec-pri-stari-mami\/","title":{"rendered":"Vrtec pri stari mami"},"content":{"rendered":"<h3 id=\"anchor-o-izdelku\" class=\"title\">O izdelku<\/h3>\n<div class=\"tab-description js-tab-singleProduct-description content-tab\">\n<p>Majda Hostnik si je od nekdaj \u017eelela postati u\u010diteljica. \u017delja se ji je uresni\u010dila in postala je u\u010diteljica razrednega pouka. To je bil zanjo sanjski poklic, ki ga po upokojitvi \u0161e naprej uresni\u010duje doma s svojimi vnuki.<\/p>\n<p>V tej knjigi podeli z bralcem izku\u0161nje, ki jih je pridobila pri svojem delu v \u0161oli in doma. Izvedeli boste, kako poteka dan, ki ga pre\u017eivi s pred\u0161olskimi vnu\u010dki, ki jih \u010duvata z mo\u017eem na svojem domu, ter katere dejavnosti spremljajo njihove dneve.<\/p>\n<p>Opisanih je veliko idej za igre doma in v naravi ter nasvetov, kako pri\u010darati okolje, v katerem bodo otroci delavni, spro\u0161\u010deni in vztrajni, da boste skupaj do\u017eiveli veliko neprecenljivih trenutkov zadovoljstva ob ustvarjanju ter pridobivali nova znanja preko igre.<\/p>\n<\/div>\n<p><a href=\"https:\/\/www.iskreni.net\/trgovina\/wp-content\/uploads\/2023\/10\/Vrtec-pri-stari-mami_vzorcne-strani.pdf\">Prelistajte knjigo<\/a><\/p>\n","protected":false},"excerpt":{"rendered":"<p><strong>Leto izdaje:<\/strong> 2022<br \/>\n<strong>\u0160tevilo strani:<\/strong> 304<br \/>\n<strong>Mere:<\/strong> 153 x 228 mm<\/p>\n<p><a href=\"https:\/\/www.iskreni.net\/trgovina\/wp-content\/uploads\/2023\/10\/Vrtec-pri-stari-mami_vzorcne-strani.pdf\">Prelistajte knjigo<\/a><\/p>\n","protected":false},"featured_media":52986,"comment_status":"open","ping_status":"closed","template":"","meta":[],"product_brand":[],"product_cat":[2322,2327,2323,63],"product_tag":[],"avtor":[2539],"zalozba":[2311],"vezava":[2306],"class_list":{"0":"post-52976","1":"product","2":"type-product","3":"status-publish","4":"has-post-thumbnail","6":"product_cat-druzina-in-odnosi","7":"product_cat-prirocniki-in-vodniki","8":"product_cat-vzgoja","9":"product_cat-knjige","10":"avtor-majda-hostnik","11":"zalozba-druzina","12":"vezava-trda","14":"first","15":"instock","16":"taxable","17":"shipping-taxable","18":"purchasable","19":"product-type-simple"},"yoast_head":"<!-- This site is optimized with the Yoast SEO plugin v26.3 - https:\/\/yoast.com\/wordpress\/plugins\/seo\/ -->\n<title>Vrtec pri stari mami - Iskreni<\/title>\n<meta name=\"description\" content=\"Zakladnica idej za pre\u017eivljanje \u010dasa z otroki. Knjiga je zasnovana kot priro\u010dnik, namenjen babicam in dedkom ter vsem, ki se ukvarjate z vzgojo otrok.\" \/>\n<meta name=\"robots\" content=\"index, follow, max-snippet:-1, max-image-preview:large, max-video-preview:-1\" \/>\n<link rel=\"canonical\" href=\"https:\/\/www.iskreni.net\/trgovina\/product\/vrtec-pri-stari-mami\/\" \/>\n<meta property=\"og:locale\" content=\"sl_SI\" \/>\n<meta property=\"og:type\" content=\"article\" \/>\n<meta property=\"og:title\" content=\"Vrtec pri stari mami - Iskreni\" \/>\n<meta property=\"og:description\" content=\"Zakladnica idej za pre\u017eivljanje \u010dasa z otroki. Knjiga je zasnovana kot priro\u010dnik, namenjen babicam in dedkom ter vsem, ki se ukvarjate z vzgojo otrok.\" \/>\n<meta property=\"og:url\" content=\"https:\/\/www.iskreni.net\/trgovina\/product\/vrtec-pri-stari-mami\/\" \/>\n<meta property=\"og:site_name\" content=\"Zavod Iskreni\" \/>\n<meta property=\"article:modified_time\" content=\"2023-10-20T09:46:16+00:00\" \/>\n<meta property=\"og:image\" content=\"https:\/\/www.iskreni.net\/trgovina\/wp-content\/uploads\/2022\/03\/Vrtec-2.jpg\" \/>\n\t<meta property=\"og:image:width\" content=\"600\" \/>\n\t<meta property=\"og:image:height\" content=\"600\" \/>\n\t<meta property=\"og:image:type\" content=\"image\/jpeg\" \/>\n<meta name=\"twitter:card\" content=\"summary_large_image\" \/>\n<meta name=\"twitter:label1\" content=\"Est. reading time\" \/>\n\t<meta name=\"twitter:data1\" content=\"1 minuta\" \/>\n<script type=\"application\/ld+json\" class=\"yoast-schema-graph\">{\"@context\":\"https:\/\/schema.org\",\"@graph\":[{\"@type\":\"WebPage\",\"@id\":\"https:\/\/www.iskreni.net\/trgovina\/product\/vrtec-pri-stari-mami\/\",\"url\":\"https:\/\/www.iskreni.net\/trgovina\/product\/vrtec-pri-stari-mami\/\",\"name\":\"Vrtec pri stari mami - Iskreni\",\"isPartOf\":{\"@id\":\"https:\/\/www.iskreni.net\/trgovina\/#website\"},\"primaryImageOfPage\":{\"@id\":\"https:\/\/www.iskreni.net\/trgovina\/product\/vrtec-pri-stari-mami\/#primaryimage\"},\"image\":{\"@id\":\"https:\/\/www.iskreni.net\/trgovina\/product\/vrtec-pri-stari-mami\/#primaryimage\"},\"thumbnailUrl\":\"https:\/\/www.iskreni.net\/trgovina\/wp-content\/uploads\/2022\/03\/Vrtec-2.jpg\",\"datePublished\":\"2022-03-28T12:38:39+00:00\",\"dateModified\":\"2023-10-20T09:46:16+00:00\",\"description\":\"Zakladnica idej za pre\u017eivljanje \u010dasa z otroki. Knjiga je zasnovana kot priro\u010dnik, namenjen babicam in dedkom ter vsem, ki se ukvarjate z vzgojo otrok.\",\"breadcrumb\":{\"@id\":\"https:\/\/www.iskreni.net\/trgovina\/product\/vrtec-pri-stari-mami\/#breadcrumb\"},\"inLanguage\":\"sl-SI\",\"potentialAction\":[{\"@type\":\"ReadAction\",\"target\":[\"https:\/\/www.iskreni.net\/trgovina\/product\/vrtec-pri-stari-mami\/\"]}]},{\"@type\":\"ImageObject\",\"inLanguage\":\"sl-SI\",\"@id\":\"https:\/\/www.iskreni.net\/trgovina\/product\/vrtec-pri-stari-mami\/#primaryimage\",\"url\":\"https:\/\/www.iskreni.net\/trgovina\/wp-content\/uploads\/2022\/03\/Vrtec-2.jpg\",\"contentUrl\":\"https:\/\/www.iskreni.net\/trgovina\/wp-content\/uploads\/2022\/03\/Vrtec-2.jpg\",\"width\":600,\"height\":600},{\"@type\":\"BreadcrumbList\",\"@id\":\"https:\/\/www.iskreni.net\/trgovina\/product\/vrtec-pri-stari-mami\/#breadcrumb\",\"itemListElement\":[{\"@type\":\"ListItem\",\"position\":1,\"name\":\"Home\",\"item\":\"https:\/\/www.iskreni.net\/trgovina\/\"},{\"@type\":\"ListItem\",\"position\":2,\"name\":\"Trgovina\",\"item\":\"https:\/\/www.iskreni.net\/trgovina\/trgovina\/\"},{\"@type\":\"ListItem\",\"position\":3,\"name\":\"Vrtec pri stari mami\"}]},{\"@type\":\"WebSite\",\"@id\":\"https:\/\/www.iskreni.net\/trgovina\/#website\",\"url\":\"https:\/\/www.iskreni.net\/trgovina\/\",\"name\":\"Zavod Iskreni\",\"description\":\"trgovina\",\"potentialAction\":[{\"@type\":\"SearchAction\",\"target\":{\"@type\":\"EntryPoint\",\"urlTemplate\":\"https:\/\/www.iskreni.net\/trgovina\/?s={search_term_string}\"},\"query-input\":{\"@type\":\"PropertyValueSpecification\",\"valueRequired\":true,\"valueName\":\"search_term_string\"}}],\"inLanguage\":\"sl-SI\"}]}<\/script>\n<!-- \/ Yoast SEO plugin. -->","yoast_head_json":{"title":"Vrtec pri stari mami - Iskreni","description":"Zakladnica idej za pre\u017eivljanje \u010dasa z otroki. Knjiga je zasnovana kot priro\u010dnik, namenjen babicam in dedkom ter vsem, ki se ukvarjate z vzgojo otrok.","robots":{"index":"index","follow":"follow","max-snippet":"max-snippet:-1","max-image-preview":"max-image-preview:large","max-video-preview":"max-video-preview:-1"},"canonical":"https:\/\/www.iskreni.net\/trgovina\/product\/vrtec-pri-stari-mami\/","og_locale":"sl_SI","og_type":"article","og_title":"Vrtec pri stari mami - Iskreni","og_description":"Zakladnica idej za pre\u017eivljanje \u010dasa z otroki. Knjiga je zasnovana kot priro\u010dnik, namenjen babicam in dedkom ter vsem, ki se ukvarjate z vzgojo otrok.","og_url":"https:\/\/www.iskreni.net\/trgovina\/product\/vrtec-pri-stari-mami\/","og_site_name":"Zavod Iskreni","article_modified_time":"2023-10-20T09:46:16+00:00","og_image":[{"width":600,"height":600,"url":"https:\/\/www.iskreni.net\/trgovina\/wp-content\/uploads\/2022\/03\/Vrtec-2.jpg","type":"image\/jpeg"}],"twitter_card":"summary_large_image","twitter_misc":{"Est. reading time":"1 minuta"},"schema":{"@context":"https:\/\/schema.org","@graph":[{"@type":"WebPage","@id":"https:\/\/www.iskreni.net\/trgovina\/product\/vrtec-pri-stari-mami\/","url":"https:\/\/www.iskreni.net\/trgovina\/product\/vrtec-pri-stari-mami\/","name":"Vrtec pri stari mami - Iskreni","isPartOf":{"@id":"https:\/\/www.iskreni.net\/trgovina\/#website"},"primaryImageOfPage":{"@id":"https:\/\/www.iskreni.net\/trgovina\/product\/vrtec-pri-stari-mami\/#primaryimage"},"image":{"@id":"https:\/\/www.iskreni.net\/trgovina\/product\/vrtec-pri-stari-mami\/#primaryimage"},"thumbnailUrl":"https:\/\/www.iskreni.net\/trgovina\/wp-content\/uploads\/2022\/03\/Vrtec-2.jpg","datePublished":"2022-03-28T12:38:39+00:00","dateModified":"2023-10-20T09:46:16+00:00","description":"Zakladnica idej za pre\u017eivljanje \u010dasa z otroki. Knjiga je zasnovana kot priro\u010dnik, namenjen babicam in dedkom ter vsem, ki se ukvarjate z vzgojo otrok.","breadcrumb":{"@id":"https:\/\/www.iskreni.net\/trgovina\/product\/vrtec-pri-stari-mami\/#breadcrumb"},"inLanguage":"sl-SI","potentialAction":[{"@type":"ReadAction","target":["https:\/\/www.iskreni.net\/trgovina\/product\/vrtec-pri-stari-mami\/"]}]},{"@type":"ImageObject","inLanguage":"sl-SI","@id":"https:\/\/www.iskreni.net\/trgovina\/product\/vrtec-pri-stari-mami\/#primaryimage","url":"https:\/\/www.iskreni.net\/trgovina\/wp-content\/uploads\/2022\/03\/Vrtec-2.jpg","contentUrl":"https:\/\/www.iskreni.net\/trgovina\/wp-content\/uploads\/2022\/03\/Vrtec-2.jpg","width":600,"height":600},{"@type":"BreadcrumbList","@id":"https:\/\/www.iskreni.net\/trgovina\/product\/vrtec-pri-stari-mami\/#breadcrumb","itemListElement":[{"@type":"ListItem","position":1,"name":"Home","item":"https:\/\/www.iskreni.net\/trgovina\/"},{"@type":"ListItem","position":2,"name":"Trgovina","item":"https:\/\/www.iskreni.net\/trgovina\/trgovina\/"},{"@type":"ListItem","position":3,"name":"Vrtec pri stari mami"}]},{"@type":"WebSite","@id":"https:\/\/www.iskreni.net\/trgovina\/#website","url":"https:\/\/www.iskreni.net\/trgovina\/","name":"Zavod Iskreni","description":"trgovina","potentialAction":[{"@type":"SearchAction","target":{"@type":"EntryPoint","urlTemplate":"https:\/\/www.iskreni.net\/trgovina\/?s={search_term_string}"},"query-input":{"@type":"PropertyValueSpecification","valueRequired":true,"valueName":"search_term_string"}}],"inLanguage":"sl-SI"}]}},"_links":{"self":[{"href":"https:\/\/www.iskreni.net\/trgovina\/wp-json\/wp\/v2\/product\/52976","targetHints":{"allow":["GET"]}}],"collection":[{"href":"https:\/\/www.iskreni.net\/trgovina\/wp-json\/wp\/v2\/product"}],"about":[{"href":"https:\/\/www.iskreni.net\/trgovina\/wp-json\/wp\/v2\/types\/product"}],"replies":[{"embeddable":true,"href":"https:\/\/www.iskreni.net\/trgovina\/wp-json\/wp\/v2\/comments?post=52976"}],"version-history":[{"count":4,"href":"https:\/\/www.iskreni.net\/trgovina\/wp-json\/wp\/v2\/product\/52976\/revisions"}],"predecessor-version":[{"id":70238,"href":"https:\/\/www.iskreni.net\/trgovina\/wp-json\/wp\/v2\/product\/52976\/revisions\/70238"}],"wp:featuredmedia":[{"embeddable":true,"href":"https:\/\/www.iskreni.net\/trgovina\/wp-json\/wp\/v2\/media\/52986"}],"wp:attachment":[{"href":"https:\/\/www.iskreni.net\/trgovina\/wp-json\/wp\/v2\/media?parent=52976"}],"wp:term":[{"taxonomy":"product_brand","embeddable":true,"href":"https:\/\/www.iskreni.net\/trgovina\/wp-json\/wp\/v2\/product_brand?post=52976"},{"taxonomy":"product_cat","embeddable":true,"href":"https:\/\/www.iskreni.net\/trgovina\/wp-json\/wp\/v2\/product_cat?post=52976"},{"taxonomy":"product_tag","embeddable":true,"href":"https:\/\/www.iskreni.net\/trgovina\/wp-json\/wp\/v2\/product_tag?post=52976"},{"taxonomy":"avtor","embeddable":true,"href":"https:\/\/www.iskreni.net\/trgovina\/wp-json\/wp\/v2\/avtor?post=52976"},{"taxonomy":"zalozba","embeddable":true,"href":"https:\/\/www.iskreni.net\/trgovina\/wp-json\/wp\/v2\/zalozba?post=52976"},{"taxonomy":"vezava","embeddable":true,"href":"https:\/\/www.iskreni.net\/trgovina\/wp-json\/wp\/v2\/vezava?post=52976"}],"curies":[{"name":"wp","href":"https:\/\/api.w.org\/{rel}","templated":true}]}}