{"id":5292,"date":"2018-11-15T11:21:30","date_gmt":"2018-11-15T10:21:30","guid":{"rendered":"https:\/\/www.iskreni.net\/trgovina\/product\/spoznavam-svetopisemske-junake\/"},"modified":"2025-11-27T14:49:32","modified_gmt":"2025-11-27T13:49:32","slug":"spoznavam-svetopisemske-junake","status":"publish","type":"product","link":"https:\/\/www.iskreni.net\/trgovina\/product\/spoznavam-svetopisemske-junake\/","title":{"rendered":"Spoznavam svetopisemske junake"},"content":{"rendered":"<h4>Veliki junaki Svetega pisma<\/h4>\n<p><em>\u017de najmlaj\u0161i otroci se radi zgledujejo po junakih. Delovni zvezek jim v preprostih potezah predstavi zanimivej\u0161e junake stare in nove zaveze. Ob tem, ko bodo besedila z vrzelmi dopolnjevali z nalepkami, barvali ali izrisovali sli\u010dice, iskali razlike med njimi, bodo spoznavali juna\u0161ke zgodbe zaupanja v Boga.<\/em><\/p>\n<p>Poznavanje svetopisemskega izro\u010dila ni le del na\u0161e vere, ampak soustvarja tudi kulturno okolje, v katerem \u017eivimo. V delovnem zvezku so predstavljene nekatere od bolj znanih svetopisemskih zgodb in njihovi junaki: Adam in Eva, Noe, Abraham, Mojzes, David in Goljat, seveda tudi Marija, Jezus in ob njem mali nadobudne\u017ei \u2013 junaki prihodnosti!<\/p>\n<h4><strong>O avtorjih<\/strong><\/h4>\n<p><strong>Jade Malauss\u00e8ne\u00a0<\/strong>je sodelavka francoske katoli\u0161ke revije za otroke Filot\u00e9o. Poleg delovnega zvezka o svetopisemskih junakih je za zalo\u017ebo pripravila \u0161e enega o sveti ma\u0161i.<\/p>\n<p><strong>Charlotte Roederer\u00a0<\/strong>kot ilustratorka sodeluje s \u0161tevilnimi uglednimi francoskimi zalo\u017ebami, ustvarja tudi plakate, grafike in otro\u0161ke igre. Otro\u0161tvo je njen najljub\u0161i svet, v katerega se z veseljem vra\u010da ob ustvarjanju knjig za otroke.<\/p>\n","protected":false},"excerpt":{"rendered":"<p><strong>Ilustracije:<\/strong> Charlotte Roederer<br \/>\n<strong>Prevod:<\/strong> Tadeja Petrov\u010di\u010d Jerina<br \/>\n<strong>Strani:<\/strong> 16<br \/>\n<strong>Leto izdaje:<\/strong> 2018<\/p>\n","protected":false},"featured_media":5293,"comment_status":"open","ping_status":"closed","template":"","meta":[],"product_brand":[247],"product_cat":[63,135],"product_tag":[715,1619],"avtor":[2467],"zalozba":[2337],"vezava":[2307],"class_list":{"0":"post-5292","1":"product","2":"type-product","3":"status-publish","4":"has-post-thumbnail","6":"product_brand-mohorjeva-druzba","7":"product_cat-knjige","8":"product_cat-za-otroke","9":"product_tag-delovni-zvezek","10":"product_tag-svetniki","11":"avtor-jade-malaussene","12":"zalozba-celjska-mohorjeva-druzba","13":"vezava-mehka","15":"first","16":"instock","17":"taxable","18":"shipping-taxable","19":"purchasable","20":"product-type-simple"},"yoast_head":"<!-- This site is optimized with the Yoast SEO plugin v26.3 - https:\/\/yoast.com\/wordpress\/plugins\/seo\/ -->\n<title>Spoznavam svetopisemske junake - trgovina Iskreni<\/title>\n<meta name=\"description\" content=\"Spoznavam svetopisemske junake je delovni zvezek, ki bo otrokom pribli\u017eal svetopisemske like, kot so Adam in Eva, Mojzes, David, pa tudi Marija in Jezus.\" \/>\n<meta name=\"robots\" content=\"index, follow, max-snippet:-1, max-image-preview:large, max-video-preview:-1\" \/>\n<link rel=\"canonical\" href=\"https:\/\/www.iskreni.net\/trgovina\/product\/spoznavam-svetopisemske-junake\/\" \/>\n<meta property=\"og:locale\" content=\"sl_SI\" \/>\n<meta property=\"og:type\" content=\"article\" \/>\n<meta property=\"og:title\" content=\"Spoznavam svetopisemske junake - trgovina Iskreni\" \/>\n<meta property=\"og:description\" content=\"Spoznavam svetopisemske junake je delovni zvezek, ki bo otrokom pribli\u017eal svetopisemske like, kot so Adam in Eva, Mojzes, David, pa tudi Marija in Jezus.\" \/>\n<meta property=\"og:url\" content=\"https:\/\/www.iskreni.net\/trgovina\/product\/spoznavam-svetopisemske-junake\/\" \/>\n<meta property=\"og:site_name\" content=\"Zavod Iskreni\" \/>\n<meta property=\"article:modified_time\" content=\"2025-11-27T13:49:32+00:00\" \/>\n<meta property=\"og:image\" content=\"https:\/\/www.iskreni.net\/trgovina\/wp-content\/uploads\/2018\/11\/predstavitev-novih-izdaj-foto-17426_x250_y.jpg\" \/>\n\t<meta property=\"og:image:width\" content=\"250\" \/>\n\t<meta property=\"og:image:height\" content=\"342\" \/>\n\t<meta property=\"og:image:type\" content=\"image\/jpeg\" \/>\n<meta name=\"twitter:card\" content=\"summary_large_image\" \/>\n<meta name=\"twitter:label1\" content=\"Est. reading time\" \/>\n\t<meta name=\"twitter:data1\" content=\"2 minuti\" \/>\n<script type=\"application\/ld+json\" class=\"yoast-schema-graph\">{\"@context\":\"https:\/\/schema.org\",\"@graph\":[{\"@type\":\"WebPage\",\"@id\":\"https:\/\/www.iskreni.net\/trgovina\/product\/spoznavam-svetopisemske-junake\/\",\"url\":\"https:\/\/www.iskreni.net\/trgovina\/product\/spoznavam-svetopisemske-junake\/\",\"name\":\"Spoznavam svetopisemske junake - trgovina Iskreni\",\"isPartOf\":{\"@id\":\"https:\/\/www.iskreni.net\/trgovina\/#website\"},\"primaryImageOfPage\":{\"@id\":\"https:\/\/www.iskreni.net\/trgovina\/product\/spoznavam-svetopisemske-junake\/#primaryimage\"},\"image\":{\"@id\":\"https:\/\/www.iskreni.net\/trgovina\/product\/spoznavam-svetopisemske-junake\/#primaryimage\"},\"thumbnailUrl\":\"https:\/\/www.iskreni.net\/trgovina\/wp-content\/uploads\/2018\/11\/predstavitev-novih-izdaj-foto-17426_x250_y.jpg\",\"datePublished\":\"2018-11-15T10:21:30+00:00\",\"dateModified\":\"2025-11-27T13:49:32+00:00\",\"description\":\"Spoznavam svetopisemske junake je delovni zvezek, ki bo otrokom pribli\u017eal svetopisemske like, kot so Adam in Eva, Mojzes, David, pa tudi Marija in Jezus.\",\"breadcrumb\":{\"@id\":\"https:\/\/www.iskreni.net\/trgovina\/product\/spoznavam-svetopisemske-junake\/#breadcrumb\"},\"inLanguage\":\"sl-SI\",\"potentialAction\":[{\"@type\":\"ReadAction\",\"target\":[\"https:\/\/www.iskreni.net\/trgovina\/product\/spoznavam-svetopisemske-junake\/\"]}]},{\"@type\":\"ImageObject\",\"inLanguage\":\"sl-SI\",\"@id\":\"https:\/\/www.iskreni.net\/trgovina\/product\/spoznavam-svetopisemske-junake\/#primaryimage\",\"url\":\"https:\/\/www.iskreni.net\/trgovina\/wp-content\/uploads\/2018\/11\/predstavitev-novih-izdaj-foto-17426_x250_y.jpg\",\"contentUrl\":\"https:\/\/www.iskreni.net\/trgovina\/wp-content\/uploads\/2018\/11\/predstavitev-novih-izdaj-foto-17426_x250_y.jpg\",\"width\":250,\"height\":342,\"caption\":\"Spoznavam svetopisemske junake\"},{\"@type\":\"BreadcrumbList\",\"@id\":\"https:\/\/www.iskreni.net\/trgovina\/product\/spoznavam-svetopisemske-junake\/#breadcrumb\",\"itemListElement\":[{\"@type\":\"ListItem\",\"position\":1,\"name\":\"Home\",\"item\":\"https:\/\/www.iskreni.net\/trgovina\/\"},{\"@type\":\"ListItem\",\"position\":2,\"name\":\"Trgovina\",\"item\":\"https:\/\/www.iskreni.net\/trgovina\/trgovina\/\"},{\"@type\":\"ListItem\",\"position\":3,\"name\":\"Spoznavam svetopisemske junake\"}]},{\"@type\":\"WebSite\",\"@id\":\"https:\/\/www.iskreni.net\/trgovina\/#website\",\"url\":\"https:\/\/www.iskreni.net\/trgovina\/\",\"name\":\"Zavod Iskreni\",\"description\":\"trgovina\",\"potentialAction\":[{\"@type\":\"SearchAction\",\"target\":{\"@type\":\"EntryPoint\",\"urlTemplate\":\"https:\/\/www.iskreni.net\/trgovina\/?s={search_term_string}\"},\"query-input\":{\"@type\":\"PropertyValueSpecification\",\"valueRequired\":true,\"valueName\":\"search_term_string\"}}],\"inLanguage\":\"sl-SI\"}]}<\/script>\n<!-- \/ Yoast SEO plugin. -->","yoast_head_json":{"title":"Spoznavam svetopisemske junake - trgovina Iskreni","description":"Spoznavam svetopisemske junake je delovni zvezek, ki bo otrokom pribli\u017eal svetopisemske like, kot so Adam in Eva, Mojzes, David, pa tudi Marija in Jezus.","robots":{"index":"index","follow":"follow","max-snippet":"max-snippet:-1","max-image-preview":"max-image-preview:large","max-video-preview":"max-video-preview:-1"},"canonical":"https:\/\/www.iskreni.net\/trgovina\/product\/spoznavam-svetopisemske-junake\/","og_locale":"sl_SI","og_type":"article","og_title":"Spoznavam svetopisemske junake - trgovina Iskreni","og_description":"Spoznavam svetopisemske junake je delovni zvezek, ki bo otrokom pribli\u017eal svetopisemske like, kot so Adam in Eva, Mojzes, David, pa tudi Marija in Jezus.","og_url":"https:\/\/www.iskreni.net\/trgovina\/product\/spoznavam-svetopisemske-junake\/","og_site_name":"Zavod Iskreni","article_modified_time":"2025-11-27T13:49:32+00:00","og_image":[{"width":250,"height":342,"url":"https:\/\/www.iskreni.net\/trgovina\/wp-content\/uploads\/2018\/11\/predstavitev-novih-izdaj-foto-17426_x250_y.jpg","type":"image\/jpeg"}],"twitter_card":"summary_large_image","twitter_misc":{"Est. reading time":"2 minuti"},"schema":{"@context":"https:\/\/schema.org","@graph":[{"@type":"WebPage","@id":"https:\/\/www.iskreni.net\/trgovina\/product\/spoznavam-svetopisemske-junake\/","url":"https:\/\/www.iskreni.net\/trgovina\/product\/spoznavam-svetopisemske-junake\/","name":"Spoznavam svetopisemske junake - trgovina Iskreni","isPartOf":{"@id":"https:\/\/www.iskreni.net\/trgovina\/#website"},"primaryImageOfPage":{"@id":"https:\/\/www.iskreni.net\/trgovina\/product\/spoznavam-svetopisemske-junake\/#primaryimage"},"image":{"@id":"https:\/\/www.iskreni.net\/trgovina\/product\/spoznavam-svetopisemske-junake\/#primaryimage"},"thumbnailUrl":"https:\/\/www.iskreni.net\/trgovina\/wp-content\/uploads\/2018\/11\/predstavitev-novih-izdaj-foto-17426_x250_y.jpg","datePublished":"2018-11-15T10:21:30+00:00","dateModified":"2025-11-27T13:49:32+00:00","description":"Spoznavam svetopisemske junake je delovni zvezek, ki bo otrokom pribli\u017eal svetopisemske like, kot so Adam in Eva, Mojzes, David, pa tudi Marija in Jezus.","breadcrumb":{"@id":"https:\/\/www.iskreni.net\/trgovina\/product\/spoznavam-svetopisemske-junake\/#breadcrumb"},"inLanguage":"sl-SI","potentialAction":[{"@type":"ReadAction","target":["https:\/\/www.iskreni.net\/trgovina\/product\/spoznavam-svetopisemske-junake\/"]}]},{"@type":"ImageObject","inLanguage":"sl-SI","@id":"https:\/\/www.iskreni.net\/trgovina\/product\/spoznavam-svetopisemske-junake\/#primaryimage","url":"https:\/\/www.iskreni.net\/trgovina\/wp-content\/uploads\/2018\/11\/predstavitev-novih-izdaj-foto-17426_x250_y.jpg","contentUrl":"https:\/\/www.iskreni.net\/trgovina\/wp-content\/uploads\/2018\/11\/predstavitev-novih-izdaj-foto-17426_x250_y.jpg","width":250,"height":342,"caption":"Spoznavam svetopisemske junake"},{"@type":"BreadcrumbList","@id":"https:\/\/www.iskreni.net\/trgovina\/product\/spoznavam-svetopisemske-junake\/#breadcrumb","itemListElement":[{"@type":"ListItem","position":1,"name":"Home","item":"https:\/\/www.iskreni.net\/trgovina\/"},{"@type":"ListItem","position":2,"name":"Trgovina","item":"https:\/\/www.iskreni.net\/trgovina\/trgovina\/"},{"@type":"ListItem","position":3,"name":"Spoznavam svetopisemske junake"}]},{"@type":"WebSite","@id":"https:\/\/www.iskreni.net\/trgovina\/#website","url":"https:\/\/www.iskreni.net\/trgovina\/","name":"Zavod Iskreni","description":"trgovina","potentialAction":[{"@type":"SearchAction","target":{"@type":"EntryPoint","urlTemplate":"https:\/\/www.iskreni.net\/trgovina\/?s={search_term_string}"},"query-input":{"@type":"PropertyValueSpecification","valueRequired":true,"valueName":"search_term_string"}}],"inLanguage":"sl-SI"}]}},"_links":{"self":[{"href":"https:\/\/www.iskreni.net\/trgovina\/wp-json\/wp\/v2\/product\/5292","targetHints":{"allow":["GET"]}}],"collection":[{"href":"https:\/\/www.iskreni.net\/trgovina\/wp-json\/wp\/v2\/product"}],"about":[{"href":"https:\/\/www.iskreni.net\/trgovina\/wp-json\/wp\/v2\/types\/product"}],"replies":[{"embeddable":true,"href":"https:\/\/www.iskreni.net\/trgovina\/wp-json\/wp\/v2\/comments?post=5292"}],"version-history":[{"count":3,"href":"https:\/\/www.iskreni.net\/trgovina\/wp-json\/wp\/v2\/product\/5292\/revisions"}],"predecessor-version":[{"id":70058,"href":"https:\/\/www.iskreni.net\/trgovina\/wp-json\/wp\/v2\/product\/5292\/revisions\/70058"}],"wp:featuredmedia":[{"embeddable":true,"href":"https:\/\/www.iskreni.net\/trgovina\/wp-json\/wp\/v2\/media\/5293"}],"wp:attachment":[{"href":"https:\/\/www.iskreni.net\/trgovina\/wp-json\/wp\/v2\/media?parent=5292"}],"wp:term":[{"taxonomy":"product_brand","embeddable":true,"href":"https:\/\/www.iskreni.net\/trgovina\/wp-json\/wp\/v2\/product_brand?post=5292"},{"taxonomy":"product_cat","embeddable":true,"href":"https:\/\/www.iskreni.net\/trgovina\/wp-json\/wp\/v2\/product_cat?post=5292"},{"taxonomy":"product_tag","embeddable":true,"href":"https:\/\/www.iskreni.net\/trgovina\/wp-json\/wp\/v2\/product_tag?post=5292"},{"taxonomy":"avtor","embeddable":true,"href":"https:\/\/www.iskreni.net\/trgovina\/wp-json\/wp\/v2\/avtor?post=5292"},{"taxonomy":"zalozba","embeddable":true,"href":"https:\/\/www.iskreni.net\/trgovina\/wp-json\/wp\/v2\/zalozba?post=5292"},{"taxonomy":"vezava","embeddable":true,"href":"https:\/\/www.iskreni.net\/trgovina\/wp-json\/wp\/v2\/vezava?post=5292"}],"curies":[{"name":"wp","href":"https:\/\/api.w.org\/{rel}","templated":true}]}}