{"id":51617,"date":"2022-03-11T16:11:01","date_gmt":"2022-03-11T15:11:01","guid":{"rendered":"https:\/\/www.iskreni.net\/trgovina\/?post_type=product&#038;p=51617"},"modified":"2023-07-21T12:03:25","modified_gmt":"2023-07-21T10:03:25","slug":"iz-zzivljenja-urbane-redovnice","status":"publish","type":"product","link":"https:\/\/www.iskreni.net\/trgovina\/product\/iz-zzivljenja-urbane-redovnice\/","title":{"rendered":"Iz \u017e(\u017d)ivljenja urbane redovnice"},"content":{"rendered":"<div id=\"page\" class=\"site grid-container container hfeed grid-parent\">\n<div id=\"content\" class=\"site-content\">\n<div class=\"elementor elementor-22324 elementor-location-single post-24761 post type-post status-publish format-standard has-post-thumbnail hentry category-knjige category-uncategorized\" data-elementor-type=\"single\" data-elementor-id=\"22324\" data-elementor-settings=\"[]\">\n<div class=\"elementor-section-wrap\">\n<section class=\"has_eae_slider elementor-section elementor-top-section elementor-element elementor-element-07d0ef7 elementor-section-boxed elementor-section-height-default elementor-section-height-default\" data-id=\"07d0ef7\" data-element_type=\"section\">\n<div class=\"elementor-container elementor-column-gap-default\">\n<div class=\"elementor-row\">\n<div class=\"has_eae_slider elementor-column elementor-col-100 elementor-top-column elementor-element elementor-element-fbc468d postpost\" data-id=\"fbc468d\" data-element_type=\"column\" data-settings=\"{&quot;background_background&quot;:&quot;classic&quot;}\">\n<div class=\"elementor-column-wrap elementor-element-populated\">\n<div class=\"elementor-widget-wrap\">\n<section class=\"has_eae_slider elementor-section elementor-inner-section elementor-element elementor-element-84495ea elementor-section-boxed elementor-section-height-default elementor-section-height-default\" data-id=\"84495ea\" data-element_type=\"section\">\n<div class=\"elementor-container elementor-column-gap-no\">\n<div class=\"elementor-row\">\n<div class=\"has_eae_slider elementor-column elementor-col-50 elementor-inner-column elementor-element elementor-element-c7b55ad\" data-id=\"c7b55ad\" data-element_type=\"column\">\n<div class=\"elementor-column-wrap elementor-element-populated\">\n<div class=\"elementor-widget-wrap\">\n<div class=\"elementor-element elementor-element-47cbe13 elementor-widget elementor-widget-theme-post-content\" data-id=\"47cbe13\" data-element_type=\"widget\" data-widget_type=\"theme-post-content.default\">\n<div class=\"elementor-widget-container\">\n<p><strong>Nekaj odmevov na knjigo<\/strong>:<\/p>\n<p>Ko sem prvi\u010d prebrala, me je ganilo do solz. Ko sem brala drugi\u010d, spet! <em>vzgojiteljica Ur\u0161ka<\/em><\/p>\n<p>&nbsp;<\/p>\n<p>Ko ne gre, se obrni na Boga in reci: \u201cPomagaj, to je tudi Tvoj problem.\u201d In re\u0161itev se najde. To je nauk te knjige za vse. <em>fizik Primo\u017e<\/em><\/p>\n<p>&nbsp;<\/p>\n<p>Zleze hitro pod ko\u017eo. Blagoslovljeno! <em>duhovnik Milan<\/em><\/p>\n<p>&nbsp;<\/p>\n<p>Branje je lepo, zahtevno in globoko. <em>upokojena u\u010diteljica Marija<\/em><\/p>\n<p>&nbsp;<\/p>\n<p>\u201cPo\u010dasi, po\u010dasi, vsak problem, ko se ga razdeli na manj\u0161e dele, postane bolj re\u0161ljiv.\u201d\u00a0<img decoding=\"async\" class=\"emoji\" role=\"img\" draggable=\"false\" src=\"https:\/\/s.w.org\/images\/core\/emoji\/13.0.0\/svg\/1f44d.svg\" alt=\"?\" \/>\u00a0<em>podjetnik Ambro\u017e<\/em><\/p>\n<p>&nbsp;<\/p>\n<p>Pre\u017eemanje Bo\u017ejega in \u010dlove\u0161kega, nabito z mo\u010djo Duha.\u00a0<em>s. Jasna<\/em><\/p>\n<p>&nbsp;<\/p>\n<p>Ko berem, se spra\u0161ujem, kako pa jaz to \u017eivim.\u00a0<em>mama Monika<\/em><\/p>\n<\/div>\n<\/div>\n<\/div>\n<\/div>\n<\/div>\n<div class=\"has_eae_slider elementor-column elementor-col-50 elementor-inner-column elementor-element elementor-element-6aad2b1\" data-id=\"6aad2b1\" data-element_type=\"column\">\n<div class=\"elementor-column-wrap elementor-element-populated\">\n<div class=\"elementor-widget-wrap\">\n<div class=\"elementor-element elementor-element-f60fbb7 elementor-widget elementor-widget-text-editor\" data-id=\"f60fbb7\" data-element_type=\"widget\" data-widget_type=\"text-editor.default\">\n<div class=\"elementor-widget-container\">\n<div class=\"elementor-text-editor elementor-clearfix\">\n<div id=\"wpcf7-f22846-p24761-o1\" class=\"wpcf7\" dir=\"ltr\" lang=\"sl-SI\" role=\"form\">\n<form class=\"wpcf7-form init\" action=\"https:\/\/www.ursulinke.si\/iz-zzivljenja-urbane-ursulinke\/#wpcf7-f22846-p24761-o1\" method=\"post\" novalidate=\"novalidate\" data-status=\"init\">\n<div class=\"wpcf7-form-control-wrap\">\n<div class=\"wpcf7-form-control g-recaptcha wpcf7-recaptcha\" data-sitekey=\"6LfOQNQZAAAAAG4EebELFpPMaa71i8Lp_CDWvCzg\"><\/div>\n<\/div>\n<\/form>\n<\/div>\n<\/div>\n<\/div>\n<\/div>\n<\/div>\n<\/div>\n<\/div>\n<\/div>\n<\/div>\n<\/section>\n<\/div>\n<\/div>\n<\/div>\n<\/div>\n<\/div>\n<\/section>\n<\/div>\n<\/div>\n<\/div>\n<\/div>\n","protected":false},"excerpt":{"rendered":"<p>Iz \u017e(\u017d)ivljenja urbane redovnice je pustolovsko-duhovni roman. Napeta zgodba o prigodah redovnice, ki \u017eivi v samostanu sredi mesta, je branje, primerno za sprostitev po napornem delavniku. Pripoved o dogodkih se naravno prepleta z duhovnostjo, ki mimogrede obuja spomin na Boga sredi vsakdanjika.<\/p>\n<p><strong>Avtor:<\/strong> s. Marjeta Pija Cevc<br \/>\n<strong>Zalo\u017eba:<\/strong> Ur\u0161ulinski zavod za vzgojo, izobra\u017eevanje, versko dejavnost in kulturo<br \/>\n<strong>Leto izdaje:<\/strong> 2022<br \/>\n<strong>\u0160tevilo strani:<\/strong> 158<br \/>\n<strong>Vezava:<\/strong> mehka<\/p>\n<p>&nbsp;<\/p>\n","protected":false},"featured_media":51619,"comment_status":"open","ping_status":"closed","template":"","meta":[],"product_brand":[],"product_cat":[2324,63],"product_tag":[391],"avtor":[],"zalozba":[],"vezava":[],"class_list":{"0":"post-51617","1":"product","2":"type-product","3":"status-publish","4":"has-post-thumbnail","6":"product_cat-duhovnost-in-osebna-rast","7":"product_cat-knjige","8":"product_tag-jezus","10":"first","11":"instock","12":"taxable","13":"shipping-taxable","14":"purchasable","15":"product-type-simple"},"yoast_head":"<!-- This site is optimized with the Yoast SEO plugin v26.3 - https:\/\/yoast.com\/wordpress\/plugins\/seo\/ -->\n<title>Iz \u017e(\u017d)ivljenja urbane redovnice - Zavod Iskreni<\/title>\n<meta name=\"description\" content=\"Napeta zgodba o prigodah redovnice, ki \u017eivi v samostanu sredi mesta, je branje, primerno za sprostitev po napornem delavniku.\" \/>\n<meta name=\"robots\" content=\"index, follow, max-snippet:-1, max-image-preview:large, max-video-preview:-1\" \/>\n<link rel=\"canonical\" href=\"https:\/\/www.iskreni.net\/trgovina\/product\/iz-zzivljenja-urbane-redovnice\/\" \/>\n<meta property=\"og:locale\" content=\"sl_SI\" \/>\n<meta property=\"og:type\" content=\"article\" \/>\n<meta property=\"og:title\" content=\"Iz \u017e(\u017d)ivljenja urbane redovnice - Zavod Iskreni\" \/>\n<meta property=\"og:description\" content=\"Napeta zgodba o prigodah redovnice, ki \u017eivi v samostanu sredi mesta, je branje, primerno za sprostitev po napornem delavniku.\" \/>\n<meta property=\"og:url\" content=\"https:\/\/www.iskreni.net\/trgovina\/product\/iz-zzivljenja-urbane-redovnice\/\" \/>\n<meta property=\"og:site_name\" content=\"Zavod Iskreni\" \/>\n<meta property=\"article:modified_time\" content=\"2023-07-21T10:03:25+00:00\" \/>\n<meta property=\"og:image\" content=\"https:\/\/www.iskreni.net\/trgovina\/wp-content\/uploads\/2022\/03\/Slike-za-v-spletno-trgovino-2.jpg\" \/>\n\t<meta property=\"og:image:width\" content=\"600\" \/>\n\t<meta property=\"og:image:height\" content=\"600\" \/>\n\t<meta property=\"og:image:type\" content=\"image\/jpeg\" \/>\n<meta name=\"twitter:card\" content=\"summary_large_image\" \/>\n<meta name=\"twitter:label1\" content=\"Est. reading time\" \/>\n\t<meta name=\"twitter:data1\" content=\"1 minuta\" \/>\n<script type=\"application\/ld+json\" class=\"yoast-schema-graph\">{\"@context\":\"https:\/\/schema.org\",\"@graph\":[{\"@type\":\"WebPage\",\"@id\":\"https:\/\/www.iskreni.net\/trgovina\/product\/iz-zzivljenja-urbane-redovnice\/\",\"url\":\"https:\/\/www.iskreni.net\/trgovina\/product\/iz-zzivljenja-urbane-redovnice\/\",\"name\":\"Iz \u017e(\u017d)ivljenja urbane redovnice - Zavod Iskreni\",\"isPartOf\":{\"@id\":\"https:\/\/www.iskreni.net\/trgovina\/#website\"},\"primaryImageOfPage\":{\"@id\":\"https:\/\/www.iskreni.net\/trgovina\/product\/iz-zzivljenja-urbane-redovnice\/#primaryimage\"},\"image\":{\"@id\":\"https:\/\/www.iskreni.net\/trgovina\/product\/iz-zzivljenja-urbane-redovnice\/#primaryimage\"},\"thumbnailUrl\":\"https:\/\/www.iskreni.net\/trgovina\/wp-content\/uploads\/2022\/03\/Slike-za-v-spletno-trgovino-2.jpg\",\"datePublished\":\"2022-03-11T15:11:01+00:00\",\"dateModified\":\"2023-07-21T10:03:25+00:00\",\"description\":\"Napeta zgodba o prigodah redovnice, ki \u017eivi v samostanu sredi mesta, je branje, primerno za sprostitev po napornem delavniku.\",\"breadcrumb\":{\"@id\":\"https:\/\/www.iskreni.net\/trgovina\/product\/iz-zzivljenja-urbane-redovnice\/#breadcrumb\"},\"inLanguage\":\"sl-SI\",\"potentialAction\":[{\"@type\":\"ReadAction\",\"target\":[\"https:\/\/www.iskreni.net\/trgovina\/product\/iz-zzivljenja-urbane-redovnice\/\"]}]},{\"@type\":\"ImageObject\",\"inLanguage\":\"sl-SI\",\"@id\":\"https:\/\/www.iskreni.net\/trgovina\/product\/iz-zzivljenja-urbane-redovnice\/#primaryimage\",\"url\":\"https:\/\/www.iskreni.net\/trgovina\/wp-content\/uploads\/2022\/03\/Slike-za-v-spletno-trgovino-2.jpg\",\"contentUrl\":\"https:\/\/www.iskreni.net\/trgovina\/wp-content\/uploads\/2022\/03\/Slike-za-v-spletno-trgovino-2.jpg\",\"width\":600,\"height\":600},{\"@type\":\"BreadcrumbList\",\"@id\":\"https:\/\/www.iskreni.net\/trgovina\/product\/iz-zzivljenja-urbane-redovnice\/#breadcrumb\",\"itemListElement\":[{\"@type\":\"ListItem\",\"position\":1,\"name\":\"Home\",\"item\":\"https:\/\/www.iskreni.net\/trgovina\/\"},{\"@type\":\"ListItem\",\"position\":2,\"name\":\"Trgovina\",\"item\":\"https:\/\/www.iskreni.net\/trgovina\/trgovina\/\"},{\"@type\":\"ListItem\",\"position\":3,\"name\":\"Iz \u017e(\u017d)ivljenja urbane redovnice\"}]},{\"@type\":\"WebSite\",\"@id\":\"https:\/\/www.iskreni.net\/trgovina\/#website\",\"url\":\"https:\/\/www.iskreni.net\/trgovina\/\",\"name\":\"Zavod Iskreni\",\"description\":\"trgovina\",\"potentialAction\":[{\"@type\":\"SearchAction\",\"target\":{\"@type\":\"EntryPoint\",\"urlTemplate\":\"https:\/\/www.iskreni.net\/trgovina\/?s={search_term_string}\"},\"query-input\":{\"@type\":\"PropertyValueSpecification\",\"valueRequired\":true,\"valueName\":\"search_term_string\"}}],\"inLanguage\":\"sl-SI\"}]}<\/script>\n<!-- \/ Yoast SEO plugin. -->","yoast_head_json":{"title":"Iz \u017e(\u017d)ivljenja urbane redovnice - Zavod Iskreni","description":"Napeta zgodba o prigodah redovnice, ki \u017eivi v samostanu sredi mesta, je branje, primerno za sprostitev po napornem delavniku.","robots":{"index":"index","follow":"follow","max-snippet":"max-snippet:-1","max-image-preview":"max-image-preview:large","max-video-preview":"max-video-preview:-1"},"canonical":"https:\/\/www.iskreni.net\/trgovina\/product\/iz-zzivljenja-urbane-redovnice\/","og_locale":"sl_SI","og_type":"article","og_title":"Iz \u017e(\u017d)ivljenja urbane redovnice - Zavod Iskreni","og_description":"Napeta zgodba o prigodah redovnice, ki \u017eivi v samostanu sredi mesta, je branje, primerno za sprostitev po napornem delavniku.","og_url":"https:\/\/www.iskreni.net\/trgovina\/product\/iz-zzivljenja-urbane-redovnice\/","og_site_name":"Zavod Iskreni","article_modified_time":"2023-07-21T10:03:25+00:00","og_image":[{"width":600,"height":600,"url":"https:\/\/www.iskreni.net\/trgovina\/wp-content\/uploads\/2022\/03\/Slike-za-v-spletno-trgovino-2.jpg","type":"image\/jpeg"}],"twitter_card":"summary_large_image","twitter_misc":{"Est. reading time":"1 minuta"},"schema":{"@context":"https:\/\/schema.org","@graph":[{"@type":"WebPage","@id":"https:\/\/www.iskreni.net\/trgovina\/product\/iz-zzivljenja-urbane-redovnice\/","url":"https:\/\/www.iskreni.net\/trgovina\/product\/iz-zzivljenja-urbane-redovnice\/","name":"Iz \u017e(\u017d)ivljenja urbane redovnice - Zavod Iskreni","isPartOf":{"@id":"https:\/\/www.iskreni.net\/trgovina\/#website"},"primaryImageOfPage":{"@id":"https:\/\/www.iskreni.net\/trgovina\/product\/iz-zzivljenja-urbane-redovnice\/#primaryimage"},"image":{"@id":"https:\/\/www.iskreni.net\/trgovina\/product\/iz-zzivljenja-urbane-redovnice\/#primaryimage"},"thumbnailUrl":"https:\/\/www.iskreni.net\/trgovina\/wp-content\/uploads\/2022\/03\/Slike-za-v-spletno-trgovino-2.jpg","datePublished":"2022-03-11T15:11:01+00:00","dateModified":"2023-07-21T10:03:25+00:00","description":"Napeta zgodba o prigodah redovnice, ki \u017eivi v samostanu sredi mesta, je branje, primerno za sprostitev po napornem delavniku.","breadcrumb":{"@id":"https:\/\/www.iskreni.net\/trgovina\/product\/iz-zzivljenja-urbane-redovnice\/#breadcrumb"},"inLanguage":"sl-SI","potentialAction":[{"@type":"ReadAction","target":["https:\/\/www.iskreni.net\/trgovina\/product\/iz-zzivljenja-urbane-redovnice\/"]}]},{"@type":"ImageObject","inLanguage":"sl-SI","@id":"https:\/\/www.iskreni.net\/trgovina\/product\/iz-zzivljenja-urbane-redovnice\/#primaryimage","url":"https:\/\/www.iskreni.net\/trgovina\/wp-content\/uploads\/2022\/03\/Slike-za-v-spletno-trgovino-2.jpg","contentUrl":"https:\/\/www.iskreni.net\/trgovina\/wp-content\/uploads\/2022\/03\/Slike-za-v-spletno-trgovino-2.jpg","width":600,"height":600},{"@type":"BreadcrumbList","@id":"https:\/\/www.iskreni.net\/trgovina\/product\/iz-zzivljenja-urbane-redovnice\/#breadcrumb","itemListElement":[{"@type":"ListItem","position":1,"name":"Home","item":"https:\/\/www.iskreni.net\/trgovina\/"},{"@type":"ListItem","position":2,"name":"Trgovina","item":"https:\/\/www.iskreni.net\/trgovina\/trgovina\/"},{"@type":"ListItem","position":3,"name":"Iz \u017e(\u017d)ivljenja urbane redovnice"}]},{"@type":"WebSite","@id":"https:\/\/www.iskreni.net\/trgovina\/#website","url":"https:\/\/www.iskreni.net\/trgovina\/","name":"Zavod Iskreni","description":"trgovina","potentialAction":[{"@type":"SearchAction","target":{"@type":"EntryPoint","urlTemplate":"https:\/\/www.iskreni.net\/trgovina\/?s={search_term_string}"},"query-input":{"@type":"PropertyValueSpecification","valueRequired":true,"valueName":"search_term_string"}}],"inLanguage":"sl-SI"}]}},"_links":{"self":[{"href":"https:\/\/www.iskreni.net\/trgovina\/wp-json\/wp\/v2\/product\/51617","targetHints":{"allow":["GET"]}}],"collection":[{"href":"https:\/\/www.iskreni.net\/trgovina\/wp-json\/wp\/v2\/product"}],"about":[{"href":"https:\/\/www.iskreni.net\/trgovina\/wp-json\/wp\/v2\/types\/product"}],"replies":[{"embeddable":true,"href":"https:\/\/www.iskreni.net\/trgovina\/wp-json\/wp\/v2\/comments?post=51617"}],"version-history":[{"count":4,"href":"https:\/\/www.iskreni.net\/trgovina\/wp-json\/wp\/v2\/product\/51617\/revisions"}],"predecessor-version":[{"id":53455,"href":"https:\/\/www.iskreni.net\/trgovina\/wp-json\/wp\/v2\/product\/51617\/revisions\/53455"}],"wp:featuredmedia":[{"embeddable":true,"href":"https:\/\/www.iskreni.net\/trgovina\/wp-json\/wp\/v2\/media\/51619"}],"wp:attachment":[{"href":"https:\/\/www.iskreni.net\/trgovina\/wp-json\/wp\/v2\/media?parent=51617"}],"wp:term":[{"taxonomy":"product_brand","embeddable":true,"href":"https:\/\/www.iskreni.net\/trgovina\/wp-json\/wp\/v2\/product_brand?post=51617"},{"taxonomy":"product_cat","embeddable":true,"href":"https:\/\/www.iskreni.net\/trgovina\/wp-json\/wp\/v2\/product_cat?post=51617"},{"taxonomy":"product_tag","embeddable":true,"href":"https:\/\/www.iskreni.net\/trgovina\/wp-json\/wp\/v2\/product_tag?post=51617"},{"taxonomy":"avtor","embeddable":true,"href":"https:\/\/www.iskreni.net\/trgovina\/wp-json\/wp\/v2\/avtor?post=51617"},{"taxonomy":"zalozba","embeddable":true,"href":"https:\/\/www.iskreni.net\/trgovina\/wp-json\/wp\/v2\/zalozba?post=51617"},{"taxonomy":"vezava","embeddable":true,"href":"https:\/\/www.iskreni.net\/trgovina\/wp-json\/wp\/v2\/vezava?post=51617"}],"curies":[{"name":"wp","href":"https:\/\/api.w.org\/{rel}","templated":true}]}}