{"id":51138,"date":"2022-02-22T15:06:55","date_gmt":"2022-02-22T14:06:55","guid":{"rendered":"https:\/\/www.iskreni.net\/trgovina\/?post_type=product&#038;p=51138"},"modified":"2024-01-18T15:17:16","modified_gmt":"2024-01-18T14:17:16","slug":"cudez-hvaleznosti","status":"publish","type":"product","link":"https:\/\/www.iskreni.net\/trgovina\/product\/cudez-hvaleznosti\/","title":{"rendered":"\u010cude\u017e hvale\u017enosti"},"content":{"rendered":"<h4>O knjigi \u010cude\u017e hvale\u017enosti:<\/h4>\n<h5>Ste pripravljeni v svojem \u017eivljenju do\u017eiveti \u010dude\u017e hvale\u017enosti?<\/h5>\n<p>Hvale\u017enost je za vsakogar. Dostopna je vsem ne glede na starost. Ima raznotere in trajne u\u010dinke. Dokazano izbolj\u0161uje telesno in duhovno po\u010dutje posameznika in izbolj\u0161uje medsebojne odnose. Zagotovo je najbolj dobrodejna in najbolj preobra\u017eajo\u010da od vseh notranjih naravnanosti.<\/p>\n<p>V tej vrhunski knjigi avtor predlaga preprost in prakti\u010den program odkrivanja mo\u010di hvale\u017enosti. \u0160tevilni nasveti, pri\u010devanja in vaje nam bodo pomagali postopoma za\u017eiveti hvale\u017enost v vsakdanu in vstopiti v novo \u017eivljenje z Jezusom.<\/p>\n<p>&nbsp;<\/p>\n<h4>O avtorju:<\/h4>\n<p>Lionel Dalle je duhovnik skupnosti Emanuel in generalni vikar \u0161kofije Fr\u00e9jus-Toulon. Ustvaril je program\u00a0<em>\u010cude\u017e hvale\u017enosti.<\/em> Izvedba po \u0161tevilnih \u017eupnijah ka\u017ee na velik uspeh programa.<\/p>\n<p>&nbsp;<\/p>\n","protected":false},"excerpt":{"rendered":"<p><strong>Leto izdaje:<\/strong> 2021<br \/>\n<strong>\u0160tevilo strani:<\/strong> 176<br \/>\n<strong>Format:<\/strong> 13 x 18,5 cm<br \/>\nNapisano v sodelovanju z Laetitio d&#8217;H\u00e9rouville<\/p>\n<p>&nbsp;<\/p>\n","protected":false},"featured_media":51151,"comment_status":"open","ping_status":"closed","template":"","meta":[],"product_brand":[],"product_cat":[2324,63],"product_tag":[391,390],"avtor":[2724],"zalozba":[2335],"vezava":[2307],"class_list":{"0":"post-51138","1":"product","2":"type-product","3":"status-publish","4":"has-post-thumbnail","6":"product_cat-duhovnost-in-osebna-rast","7":"product_cat-knjige","8":"product_tag-jezus","9":"product_tag-sveto-pismo","10":"avtor-lionel-dalle","11":"zalozba-zalozba-emanuel","12":"vezava-mehka","14":"first","15":"instock","16":"taxable","17":"shipping-taxable","18":"purchasable","19":"product-type-simple"},"yoast_head":"<!-- This site is optimized with the Yoast SEO plugin v26.3 - https:\/\/yoast.com\/wordpress\/plugins\/seo\/ -->\n<title>\u010cude\u017e hvale\u017enosti - Zavod Iskreni<\/title>\n<meta name=\"description\" content=\"\u010cude\u017e hvale\u017enosti: V tej vrhunski knjigi avtor s \u0161tevilnimi nasveti, pri\u010devanji in vajami predlaga preprost in prakti\u010den program odkrivanja mo\u010di hvale\u017enosti.\" \/>\n<meta name=\"robots\" content=\"index, follow, max-snippet:-1, max-image-preview:large, max-video-preview:-1\" \/>\n<link rel=\"canonical\" href=\"https:\/\/www.iskreni.net\/trgovina\/product\/cudez-hvaleznosti\/\" \/>\n<meta property=\"og:locale\" content=\"sl_SI\" \/>\n<meta property=\"og:type\" content=\"article\" \/>\n<meta property=\"og:title\" content=\"\u010cude\u017e hvale\u017enosti - Zavod Iskreni\" \/>\n<meta property=\"og:description\" content=\"\u010cude\u017e hvale\u017enosti: V tej vrhunski knjigi avtor s \u0161tevilnimi nasveti, pri\u010devanji in vajami predlaga preprost in prakti\u010den program odkrivanja mo\u010di hvale\u017enosti.\" \/>\n<meta property=\"og:url\" content=\"https:\/\/www.iskreni.net\/trgovina\/product\/cudez-hvaleznosti\/\" \/>\n<meta property=\"og:site_name\" content=\"Zavod Iskreni\" \/>\n<meta property=\"article:modified_time\" content=\"2024-01-18T14:17:16+00:00\" \/>\n<meta property=\"og:image\" content=\"https:\/\/www.iskreni.net\/trgovina\/wp-content\/uploads\/2022\/02\/Slike-za-v-spletno-trgovino.jpg\" \/>\n\t<meta property=\"og:image:width\" content=\"600\" \/>\n\t<meta property=\"og:image:height\" content=\"600\" \/>\n\t<meta property=\"og:image:type\" content=\"image\/jpeg\" \/>\n<meta name=\"twitter:card\" content=\"summary_large_image\" \/>\n<meta name=\"twitter:label1\" content=\"Est. reading time\" \/>\n\t<meta name=\"twitter:data1\" content=\"1 minuta\" \/>\n<script type=\"application\/ld+json\" class=\"yoast-schema-graph\">{\"@context\":\"https:\/\/schema.org\",\"@graph\":[{\"@type\":\"WebPage\",\"@id\":\"https:\/\/www.iskreni.net\/trgovina\/product\/cudez-hvaleznosti\/\",\"url\":\"https:\/\/www.iskreni.net\/trgovina\/product\/cudez-hvaleznosti\/\",\"name\":\"\u010cude\u017e hvale\u017enosti - Zavod Iskreni\",\"isPartOf\":{\"@id\":\"https:\/\/www.iskreni.net\/trgovina\/#website\"},\"primaryImageOfPage\":{\"@id\":\"https:\/\/www.iskreni.net\/trgovina\/product\/cudez-hvaleznosti\/#primaryimage\"},\"image\":{\"@id\":\"https:\/\/www.iskreni.net\/trgovina\/product\/cudez-hvaleznosti\/#primaryimage\"},\"thumbnailUrl\":\"https:\/\/www.iskreni.net\/trgovina\/wp-content\/uploads\/2022\/02\/Slike-za-v-spletno-trgovino.jpg\",\"datePublished\":\"2022-02-22T14:06:55+00:00\",\"dateModified\":\"2024-01-18T14:17:16+00:00\",\"description\":\"\u010cude\u017e hvale\u017enosti: V tej vrhunski knjigi avtor s \u0161tevilnimi nasveti, pri\u010devanji in vajami predlaga preprost in prakti\u010den program odkrivanja mo\u010di hvale\u017enosti.\",\"breadcrumb\":{\"@id\":\"https:\/\/www.iskreni.net\/trgovina\/product\/cudez-hvaleznosti\/#breadcrumb\"},\"inLanguage\":\"sl-SI\",\"potentialAction\":[{\"@type\":\"ReadAction\",\"target\":[\"https:\/\/www.iskreni.net\/trgovina\/product\/cudez-hvaleznosti\/\"]}]},{\"@type\":\"ImageObject\",\"inLanguage\":\"sl-SI\",\"@id\":\"https:\/\/www.iskreni.net\/trgovina\/product\/cudez-hvaleznosti\/#primaryimage\",\"url\":\"https:\/\/www.iskreni.net\/trgovina\/wp-content\/uploads\/2022\/02\/Slike-za-v-spletno-trgovino.jpg\",\"contentUrl\":\"https:\/\/www.iskreni.net\/trgovina\/wp-content\/uploads\/2022\/02\/Slike-za-v-spletno-trgovino.jpg\",\"width\":600,\"height\":600},{\"@type\":\"BreadcrumbList\",\"@id\":\"https:\/\/www.iskreni.net\/trgovina\/product\/cudez-hvaleznosti\/#breadcrumb\",\"itemListElement\":[{\"@type\":\"ListItem\",\"position\":1,\"name\":\"Home\",\"item\":\"https:\/\/www.iskreni.net\/trgovina\/\"},{\"@type\":\"ListItem\",\"position\":2,\"name\":\"Trgovina\",\"item\":\"https:\/\/www.iskreni.net\/trgovina\/trgovina\/\"},{\"@type\":\"ListItem\",\"position\":3,\"name\":\"\u010cude\u017e hvale\u017enosti\"}]},{\"@type\":\"WebSite\",\"@id\":\"https:\/\/www.iskreni.net\/trgovina\/#website\",\"url\":\"https:\/\/www.iskreni.net\/trgovina\/\",\"name\":\"Zavod Iskreni\",\"description\":\"trgovina\",\"potentialAction\":[{\"@type\":\"SearchAction\",\"target\":{\"@type\":\"EntryPoint\",\"urlTemplate\":\"https:\/\/www.iskreni.net\/trgovina\/?s={search_term_string}\"},\"query-input\":{\"@type\":\"PropertyValueSpecification\",\"valueRequired\":true,\"valueName\":\"search_term_string\"}}],\"inLanguage\":\"sl-SI\"}]}<\/script>\n<!-- \/ Yoast SEO plugin. -->","yoast_head_json":{"title":"\u010cude\u017e hvale\u017enosti - Zavod Iskreni","description":"\u010cude\u017e hvale\u017enosti: V tej vrhunski knjigi avtor s \u0161tevilnimi nasveti, pri\u010devanji in vajami predlaga preprost in prakti\u010den program odkrivanja mo\u010di hvale\u017enosti.","robots":{"index":"index","follow":"follow","max-snippet":"max-snippet:-1","max-image-preview":"max-image-preview:large","max-video-preview":"max-video-preview:-1"},"canonical":"https:\/\/www.iskreni.net\/trgovina\/product\/cudez-hvaleznosti\/","og_locale":"sl_SI","og_type":"article","og_title":"\u010cude\u017e hvale\u017enosti - Zavod Iskreni","og_description":"\u010cude\u017e hvale\u017enosti: V tej vrhunski knjigi avtor s \u0161tevilnimi nasveti, pri\u010devanji in vajami predlaga preprost in prakti\u010den program odkrivanja mo\u010di hvale\u017enosti.","og_url":"https:\/\/www.iskreni.net\/trgovina\/product\/cudez-hvaleznosti\/","og_site_name":"Zavod Iskreni","article_modified_time":"2024-01-18T14:17:16+00:00","og_image":[{"width":600,"height":600,"url":"https:\/\/www.iskreni.net\/trgovina\/wp-content\/uploads\/2022\/02\/Slike-za-v-spletno-trgovino.jpg","type":"image\/jpeg"}],"twitter_card":"summary_large_image","twitter_misc":{"Est. reading time":"1 minuta"},"schema":{"@context":"https:\/\/schema.org","@graph":[{"@type":"WebPage","@id":"https:\/\/www.iskreni.net\/trgovina\/product\/cudez-hvaleznosti\/","url":"https:\/\/www.iskreni.net\/trgovina\/product\/cudez-hvaleznosti\/","name":"\u010cude\u017e hvale\u017enosti - Zavod Iskreni","isPartOf":{"@id":"https:\/\/www.iskreni.net\/trgovina\/#website"},"primaryImageOfPage":{"@id":"https:\/\/www.iskreni.net\/trgovina\/product\/cudez-hvaleznosti\/#primaryimage"},"image":{"@id":"https:\/\/www.iskreni.net\/trgovina\/product\/cudez-hvaleznosti\/#primaryimage"},"thumbnailUrl":"https:\/\/www.iskreni.net\/trgovina\/wp-content\/uploads\/2022\/02\/Slike-za-v-spletno-trgovino.jpg","datePublished":"2022-02-22T14:06:55+00:00","dateModified":"2024-01-18T14:17:16+00:00","description":"\u010cude\u017e hvale\u017enosti: V tej vrhunski knjigi avtor s \u0161tevilnimi nasveti, pri\u010devanji in vajami predlaga preprost in prakti\u010den program odkrivanja mo\u010di hvale\u017enosti.","breadcrumb":{"@id":"https:\/\/www.iskreni.net\/trgovina\/product\/cudez-hvaleznosti\/#breadcrumb"},"inLanguage":"sl-SI","potentialAction":[{"@type":"ReadAction","target":["https:\/\/www.iskreni.net\/trgovina\/product\/cudez-hvaleznosti\/"]}]},{"@type":"ImageObject","inLanguage":"sl-SI","@id":"https:\/\/www.iskreni.net\/trgovina\/product\/cudez-hvaleznosti\/#primaryimage","url":"https:\/\/www.iskreni.net\/trgovina\/wp-content\/uploads\/2022\/02\/Slike-za-v-spletno-trgovino.jpg","contentUrl":"https:\/\/www.iskreni.net\/trgovina\/wp-content\/uploads\/2022\/02\/Slike-za-v-spletno-trgovino.jpg","width":600,"height":600},{"@type":"BreadcrumbList","@id":"https:\/\/www.iskreni.net\/trgovina\/product\/cudez-hvaleznosti\/#breadcrumb","itemListElement":[{"@type":"ListItem","position":1,"name":"Home","item":"https:\/\/www.iskreni.net\/trgovina\/"},{"@type":"ListItem","position":2,"name":"Trgovina","item":"https:\/\/www.iskreni.net\/trgovina\/trgovina\/"},{"@type":"ListItem","position":3,"name":"\u010cude\u017e hvale\u017enosti"}]},{"@type":"WebSite","@id":"https:\/\/www.iskreni.net\/trgovina\/#website","url":"https:\/\/www.iskreni.net\/trgovina\/","name":"Zavod Iskreni","description":"trgovina","potentialAction":[{"@type":"SearchAction","target":{"@type":"EntryPoint","urlTemplate":"https:\/\/www.iskreni.net\/trgovina\/?s={search_term_string}"},"query-input":{"@type":"PropertyValueSpecification","valueRequired":true,"valueName":"search_term_string"}}],"inLanguage":"sl-SI"}]}},"_links":{"self":[{"href":"https:\/\/www.iskreni.net\/trgovina\/wp-json\/wp\/v2\/product\/51138","targetHints":{"allow":["GET"]}}],"collection":[{"href":"https:\/\/www.iskreni.net\/trgovina\/wp-json\/wp\/v2\/product"}],"about":[{"href":"https:\/\/www.iskreni.net\/trgovina\/wp-json\/wp\/v2\/types\/product"}],"replies":[{"embeddable":true,"href":"https:\/\/www.iskreni.net\/trgovina\/wp-json\/wp\/v2\/comments?post=51138"}],"version-history":[{"count":10,"href":"https:\/\/www.iskreni.net\/trgovina\/wp-json\/wp\/v2\/product\/51138\/revisions"}],"predecessor-version":[{"id":72772,"href":"https:\/\/www.iskreni.net\/trgovina\/wp-json\/wp\/v2\/product\/51138\/revisions\/72772"}],"wp:featuredmedia":[{"embeddable":true,"href":"https:\/\/www.iskreni.net\/trgovina\/wp-json\/wp\/v2\/media\/51151"}],"wp:attachment":[{"href":"https:\/\/www.iskreni.net\/trgovina\/wp-json\/wp\/v2\/media?parent=51138"}],"wp:term":[{"taxonomy":"product_brand","embeddable":true,"href":"https:\/\/www.iskreni.net\/trgovina\/wp-json\/wp\/v2\/product_brand?post=51138"},{"taxonomy":"product_cat","embeddable":true,"href":"https:\/\/www.iskreni.net\/trgovina\/wp-json\/wp\/v2\/product_cat?post=51138"},{"taxonomy":"product_tag","embeddable":true,"href":"https:\/\/www.iskreni.net\/trgovina\/wp-json\/wp\/v2\/product_tag?post=51138"},{"taxonomy":"avtor","embeddable":true,"href":"https:\/\/www.iskreni.net\/trgovina\/wp-json\/wp\/v2\/avtor?post=51138"},{"taxonomy":"zalozba","embeddable":true,"href":"https:\/\/www.iskreni.net\/trgovina\/wp-json\/wp\/v2\/zalozba?post=51138"},{"taxonomy":"vezava","embeddable":true,"href":"https:\/\/www.iskreni.net\/trgovina\/wp-json\/wp\/v2\/vezava?post=51138"}],"curies":[{"name":"wp","href":"https:\/\/api.w.org\/{rel}","templated":true}]}}