{"id":50999,"date":"2022-02-14T09:42:57","date_gmt":"2022-02-14T08:42:57","guid":{"rendered":"https:\/\/www.iskreni.net\/trgovina\/?post_type=product&#038;p=50999"},"modified":"2023-10-20T11:39:09","modified_gmt":"2023-10-20T09:39:09","slug":"trije-totalitarizmi-fasizem-nacizem-komunizem","status":"publish","type":"product","link":"https:\/\/www.iskreni.net\/trgovina\/product\/trije-totalitarizmi-fasizem-nacizem-komunizem\/","title":{"rendered":"Trije totalitarizmi: fa\u0161izem, nacizem, komunizem"},"content":{"rendered":"<p><strong>O knjigi:<\/strong><\/p>\n<div class=\"elementor-element elementor-element-c9b94b2 elementor-widget elementor-widget-woocommerce-product-short-description\" data-id=\"c9b94b2\" data-element_type=\"widget\" data-widget_type=\"woocommerce-product-short-description.default\">\n<div class=\"elementor-widget-container\">\n<div class=\"woocommerce-product-details__short-description\">\n<div id=\"product-15610-description\" class=\"single-product__content\">\n<section class=\"single-product__accordions\">\n<div class=\"product-content col-span-9\">\n<div class=\"tab-description js-tab-singleProduct-description content-tab\">\n<p>Komar s fascinantno prodornostjo poka\u017ee, da so vsi trije re\u017eimi zgradili svoje nasilne ideologije na filozofskih idejah, ki jim je skupno to, da zanikajo kreacionisti\u010dno, stvarjenjsko vizijo sveta in \u010dloveka ter od tod izvirajo\u010di pojem naravnega reda. Namesto naravnega reda, ki biva v bitjih samih, vsiljujejo totalitarizmi svoj red, ki povzro\u010da uni\u010denje in gorje. Ta raven razprave se giblje dale\u010d nad politiko, zato jo je Komar sam imenoval transpoliti\u010dna perspektiva. Bistveno vpra\u0161anje, kot nam ka\u017ee Komar, je tudi danes v tem, ali smo zmo\u017eni priznati naravni red, ki je s stvarjenjem polo\u017een v ustvarjena bitja, ali pa bomo, nasprotno, uveljavljali umetno konstruiran nasilni red, ki prej ali pozneje razkrije svojo uni\u010devalno naravo.<\/p>\n<p><a href=\"https:\/\/www.iskreni.net\/trgovina\/wp-content\/uploads\/2023\/10\/Trije-totalitarizmi_prelom_vzorcne-strani.pdf\">Prelistajte knjigo<\/a><\/p>\n<\/div>\n<\/div>\n<\/section>\n<\/div>\n<\/div>\n<\/div>\n<\/div>\n<div class=\"elementor-element elementor-element-bf71032 elementor-widget elementor-widget-theme-post-content\" data-id=\"bf71032\" data-element_type=\"widget\" data-widget_type=\"theme-post-content.default\">\n<h4>O avtorju<\/h4>\n<p>Milan Komar (1921-2006), slovenski filozof, ki je bistveno zaznamoval filozofsko misel ne le v Argentini, kjer je deloval od leta 1948, temve\u010d tudi drugod po svetu.<\/p>\n<\/div>\n","protected":false},"excerpt":{"rendered":"<p><strong>\u0160tevilo strani:<\/strong> 256<br \/>\n<strong>Leto izdaje:<\/strong> 2021<\/p>\n<p><a href=\"https:\/\/www.iskreni.net\/trgovina\/wp-content\/uploads\/2023\/10\/Trije-totalitarizmi_prelom_vzorcne-strani.pdf\">Prelistajte knjigo<\/a><\/p>\n","protected":false},"featured_media":51004,"comment_status":"open","ping_status":"closed","template":"","meta":[],"product_brand":[],"product_cat":[2326,63],"product_tag":[1574],"avtor":[2535],"zalozba":[2311],"vezava":[2307],"class_list":{"0":"post-50999","1":"product","2":"type-product","3":"status-publish","4":"has-post-thumbnail","6":"product_cat-druzbena-vprasanja-in-humanistika","7":"product_cat-knjige","8":"product_tag-esejistika","9":"avtor-milan-komar","10":"zalozba-druzina","11":"vezava-mehka","13":"first","14":"instock","15":"taxable","16":"shipping-taxable","17":"purchasable","18":"product-type-simple"},"yoast_head":"<!-- This site is optimized with the Yoast SEO plugin v26.3 - https:\/\/yoast.com\/wordpress\/plugins\/seo\/ -->\n<title>Trije totalitarizmi: fa\u0161izem, nacizem, komunizem - trgovina Iskreni.net<\/title>\n<meta name=\"description\" content=\"Komar v knjigi poka\u017ee, da so vsi trije re\u017eimi zgradili svoje nasilne ideologije na filozofskih idejah, ki jim je skupno to, da zanikajo kreacionisti\u010dno, stvarjenjsko vizijo sveta in \u010dloveka ter od tod izvirajo\u010di pojem naravnega reda.\" \/>\n<meta name=\"robots\" content=\"index, follow, max-snippet:-1, max-image-preview:large, max-video-preview:-1\" \/>\n<link rel=\"canonical\" href=\"https:\/\/www.iskreni.net\/trgovina\/product\/trije-totalitarizmi-fasizem-nacizem-komunizem\/\" \/>\n<meta property=\"og:locale\" content=\"sl_SI\" \/>\n<meta property=\"og:type\" content=\"article\" \/>\n<meta property=\"og:title\" content=\"Trije totalitarizmi: fa\u0161izem, nacizem, komunizem - trgovina Iskreni.net\" \/>\n<meta property=\"og:description\" content=\"Komar v knjigi poka\u017ee, da so vsi trije re\u017eimi zgradili svoje nasilne ideologije na filozofskih idejah, ki jim je skupno to, da zanikajo kreacionisti\u010dno, stvarjenjsko vizijo sveta in \u010dloveka ter od tod izvirajo\u010di pojem naravnega reda.\" \/>\n<meta property=\"og:url\" content=\"https:\/\/www.iskreni.net\/trgovina\/product\/trije-totalitarizmi-fasizem-nacizem-komunizem\/\" \/>\n<meta property=\"og:site_name\" content=\"Zavod Iskreni\" \/>\n<meta property=\"article:modified_time\" content=\"2023-10-20T09:39:09+00:00\" \/>\n<meta property=\"og:image\" content=\"https:\/\/www.iskreni.net\/trgovina\/wp-content\/uploads\/2022\/02\/Trije-totalitarizmi.jpg\" \/>\n\t<meta property=\"og:image:width\" content=\"600\" \/>\n\t<meta property=\"og:image:height\" content=\"600\" \/>\n\t<meta property=\"og:image:type\" content=\"image\/jpeg\" \/>\n<meta name=\"twitter:card\" content=\"summary_large_image\" \/>\n<meta name=\"twitter:label1\" content=\"Est. reading time\" \/>\n\t<meta name=\"twitter:data1\" content=\"1 minuta\" \/>\n<script type=\"application\/ld+json\" class=\"yoast-schema-graph\">{\"@context\":\"https:\/\/schema.org\",\"@graph\":[{\"@type\":\"WebPage\",\"@id\":\"https:\/\/www.iskreni.net\/trgovina\/product\/trije-totalitarizmi-fasizem-nacizem-komunizem\/\",\"url\":\"https:\/\/www.iskreni.net\/trgovina\/product\/trije-totalitarizmi-fasizem-nacizem-komunizem\/\",\"name\":\"Trije totalitarizmi: fa\u0161izem, nacizem, komunizem - trgovina Iskreni.net\",\"isPartOf\":{\"@id\":\"https:\/\/www.iskreni.net\/trgovina\/#website\"},\"primaryImageOfPage\":{\"@id\":\"https:\/\/www.iskreni.net\/trgovina\/product\/trije-totalitarizmi-fasizem-nacizem-komunizem\/#primaryimage\"},\"image\":{\"@id\":\"https:\/\/www.iskreni.net\/trgovina\/product\/trije-totalitarizmi-fasizem-nacizem-komunizem\/#primaryimage\"},\"thumbnailUrl\":\"https:\/\/www.iskreni.net\/trgovina\/wp-content\/uploads\/2022\/02\/Trije-totalitarizmi.jpg\",\"datePublished\":\"2022-02-14T08:42:57+00:00\",\"dateModified\":\"2023-10-20T09:39:09+00:00\",\"description\":\"Komar v knjigi poka\u017ee, da so vsi trije re\u017eimi zgradili svoje nasilne ideologije na filozofskih idejah, ki jim je skupno to, da zanikajo kreacionisti\u010dno, stvarjenjsko vizijo sveta in \u010dloveka ter od tod izvirajo\u010di pojem naravnega reda.\",\"breadcrumb\":{\"@id\":\"https:\/\/www.iskreni.net\/trgovina\/product\/trije-totalitarizmi-fasizem-nacizem-komunizem\/#breadcrumb\"},\"inLanguage\":\"sl-SI\",\"potentialAction\":[{\"@type\":\"ReadAction\",\"target\":[\"https:\/\/www.iskreni.net\/trgovina\/product\/trije-totalitarizmi-fasizem-nacizem-komunizem\/\"]}]},{\"@type\":\"ImageObject\",\"inLanguage\":\"sl-SI\",\"@id\":\"https:\/\/www.iskreni.net\/trgovina\/product\/trije-totalitarizmi-fasizem-nacizem-komunizem\/#primaryimage\",\"url\":\"https:\/\/www.iskreni.net\/trgovina\/wp-content\/uploads\/2022\/02\/Trije-totalitarizmi.jpg\",\"contentUrl\":\"https:\/\/www.iskreni.net\/trgovina\/wp-content\/uploads\/2022\/02\/Trije-totalitarizmi.jpg\",\"width\":600,\"height\":600},{\"@type\":\"BreadcrumbList\",\"@id\":\"https:\/\/www.iskreni.net\/trgovina\/product\/trije-totalitarizmi-fasizem-nacizem-komunizem\/#breadcrumb\",\"itemListElement\":[{\"@type\":\"ListItem\",\"position\":1,\"name\":\"Home\",\"item\":\"https:\/\/www.iskreni.net\/trgovina\/\"},{\"@type\":\"ListItem\",\"position\":2,\"name\":\"Trgovina\",\"item\":\"https:\/\/www.iskreni.net\/trgovina\/trgovina\/\"},{\"@type\":\"ListItem\",\"position\":3,\"name\":\"Trije totalitarizmi: fa\u0161izem, nacizem, komunizem\"}]},{\"@type\":\"WebSite\",\"@id\":\"https:\/\/www.iskreni.net\/trgovina\/#website\",\"url\":\"https:\/\/www.iskreni.net\/trgovina\/\",\"name\":\"Zavod Iskreni\",\"description\":\"trgovina\",\"potentialAction\":[{\"@type\":\"SearchAction\",\"target\":{\"@type\":\"EntryPoint\",\"urlTemplate\":\"https:\/\/www.iskreni.net\/trgovina\/?s={search_term_string}\"},\"query-input\":{\"@type\":\"PropertyValueSpecification\",\"valueRequired\":true,\"valueName\":\"search_term_string\"}}],\"inLanguage\":\"sl-SI\"}]}<\/script>\n<!-- \/ Yoast SEO plugin. -->","yoast_head_json":{"title":"Trije totalitarizmi: fa\u0161izem, nacizem, komunizem - trgovina Iskreni.net","description":"Komar v knjigi poka\u017ee, da so vsi trije re\u017eimi zgradili svoje nasilne ideologije na filozofskih idejah, ki jim je skupno to, da zanikajo kreacionisti\u010dno, stvarjenjsko vizijo sveta in \u010dloveka ter od tod izvirajo\u010di pojem naravnega reda.","robots":{"index":"index","follow":"follow","max-snippet":"max-snippet:-1","max-image-preview":"max-image-preview:large","max-video-preview":"max-video-preview:-1"},"canonical":"https:\/\/www.iskreni.net\/trgovina\/product\/trije-totalitarizmi-fasizem-nacizem-komunizem\/","og_locale":"sl_SI","og_type":"article","og_title":"Trije totalitarizmi: fa\u0161izem, nacizem, komunizem - trgovina Iskreni.net","og_description":"Komar v knjigi poka\u017ee, da so vsi trije re\u017eimi zgradili svoje nasilne ideologije na filozofskih idejah, ki jim je skupno to, da zanikajo kreacionisti\u010dno, stvarjenjsko vizijo sveta in \u010dloveka ter od tod izvirajo\u010di pojem naravnega reda.","og_url":"https:\/\/www.iskreni.net\/trgovina\/product\/trije-totalitarizmi-fasizem-nacizem-komunizem\/","og_site_name":"Zavod Iskreni","article_modified_time":"2023-10-20T09:39:09+00:00","og_image":[{"width":600,"height":600,"url":"https:\/\/www.iskreni.net\/trgovina\/wp-content\/uploads\/2022\/02\/Trije-totalitarizmi.jpg","type":"image\/jpeg"}],"twitter_card":"summary_large_image","twitter_misc":{"Est. reading time":"1 minuta"},"schema":{"@context":"https:\/\/schema.org","@graph":[{"@type":"WebPage","@id":"https:\/\/www.iskreni.net\/trgovina\/product\/trije-totalitarizmi-fasizem-nacizem-komunizem\/","url":"https:\/\/www.iskreni.net\/trgovina\/product\/trije-totalitarizmi-fasizem-nacizem-komunizem\/","name":"Trije totalitarizmi: fa\u0161izem, nacizem, komunizem - trgovina Iskreni.net","isPartOf":{"@id":"https:\/\/www.iskreni.net\/trgovina\/#website"},"primaryImageOfPage":{"@id":"https:\/\/www.iskreni.net\/trgovina\/product\/trije-totalitarizmi-fasizem-nacizem-komunizem\/#primaryimage"},"image":{"@id":"https:\/\/www.iskreni.net\/trgovina\/product\/trije-totalitarizmi-fasizem-nacizem-komunizem\/#primaryimage"},"thumbnailUrl":"https:\/\/www.iskreni.net\/trgovina\/wp-content\/uploads\/2022\/02\/Trije-totalitarizmi.jpg","datePublished":"2022-02-14T08:42:57+00:00","dateModified":"2023-10-20T09:39:09+00:00","description":"Komar v knjigi poka\u017ee, da so vsi trije re\u017eimi zgradili svoje nasilne ideologije na filozofskih idejah, ki jim je skupno to, da zanikajo kreacionisti\u010dno, stvarjenjsko vizijo sveta in \u010dloveka ter od tod izvirajo\u010di pojem naravnega reda.","breadcrumb":{"@id":"https:\/\/www.iskreni.net\/trgovina\/product\/trije-totalitarizmi-fasizem-nacizem-komunizem\/#breadcrumb"},"inLanguage":"sl-SI","potentialAction":[{"@type":"ReadAction","target":["https:\/\/www.iskreni.net\/trgovina\/product\/trije-totalitarizmi-fasizem-nacizem-komunizem\/"]}]},{"@type":"ImageObject","inLanguage":"sl-SI","@id":"https:\/\/www.iskreni.net\/trgovina\/product\/trije-totalitarizmi-fasizem-nacizem-komunizem\/#primaryimage","url":"https:\/\/www.iskreni.net\/trgovina\/wp-content\/uploads\/2022\/02\/Trije-totalitarizmi.jpg","contentUrl":"https:\/\/www.iskreni.net\/trgovina\/wp-content\/uploads\/2022\/02\/Trije-totalitarizmi.jpg","width":600,"height":600},{"@type":"BreadcrumbList","@id":"https:\/\/www.iskreni.net\/trgovina\/product\/trije-totalitarizmi-fasizem-nacizem-komunizem\/#breadcrumb","itemListElement":[{"@type":"ListItem","position":1,"name":"Home","item":"https:\/\/www.iskreni.net\/trgovina\/"},{"@type":"ListItem","position":2,"name":"Trgovina","item":"https:\/\/www.iskreni.net\/trgovina\/trgovina\/"},{"@type":"ListItem","position":3,"name":"Trije totalitarizmi: fa\u0161izem, nacizem, komunizem"}]},{"@type":"WebSite","@id":"https:\/\/www.iskreni.net\/trgovina\/#website","url":"https:\/\/www.iskreni.net\/trgovina\/","name":"Zavod Iskreni","description":"trgovina","potentialAction":[{"@type":"SearchAction","target":{"@type":"EntryPoint","urlTemplate":"https:\/\/www.iskreni.net\/trgovina\/?s={search_term_string}"},"query-input":{"@type":"PropertyValueSpecification","valueRequired":true,"valueName":"search_term_string"}}],"inLanguage":"sl-SI"}]}},"_links":{"self":[{"href":"https:\/\/www.iskreni.net\/trgovina\/wp-json\/wp\/v2\/product\/50999","targetHints":{"allow":["GET"]}}],"collection":[{"href":"https:\/\/www.iskreni.net\/trgovina\/wp-json\/wp\/v2\/product"}],"about":[{"href":"https:\/\/www.iskreni.net\/trgovina\/wp-json\/wp\/v2\/types\/product"}],"replies":[{"embeddable":true,"href":"https:\/\/www.iskreni.net\/trgovina\/wp-json\/wp\/v2\/comments?post=50999"}],"version-history":[{"count":4,"href":"https:\/\/www.iskreni.net\/trgovina\/wp-json\/wp\/v2\/product\/50999\/revisions"}],"predecessor-version":[{"id":70228,"href":"https:\/\/www.iskreni.net\/trgovina\/wp-json\/wp\/v2\/product\/50999\/revisions\/70228"}],"wp:featuredmedia":[{"embeddable":true,"href":"https:\/\/www.iskreni.net\/trgovina\/wp-json\/wp\/v2\/media\/51004"}],"wp:attachment":[{"href":"https:\/\/www.iskreni.net\/trgovina\/wp-json\/wp\/v2\/media?parent=50999"}],"wp:term":[{"taxonomy":"product_brand","embeddable":true,"href":"https:\/\/www.iskreni.net\/trgovina\/wp-json\/wp\/v2\/product_brand?post=50999"},{"taxonomy":"product_cat","embeddable":true,"href":"https:\/\/www.iskreni.net\/trgovina\/wp-json\/wp\/v2\/product_cat?post=50999"},{"taxonomy":"product_tag","embeddable":true,"href":"https:\/\/www.iskreni.net\/trgovina\/wp-json\/wp\/v2\/product_tag?post=50999"},{"taxonomy":"avtor","embeddable":true,"href":"https:\/\/www.iskreni.net\/trgovina\/wp-json\/wp\/v2\/avtor?post=50999"},{"taxonomy":"zalozba","embeddable":true,"href":"https:\/\/www.iskreni.net\/trgovina\/wp-json\/wp\/v2\/zalozba?post=50999"},{"taxonomy":"vezava","embeddable":true,"href":"https:\/\/www.iskreni.net\/trgovina\/wp-json\/wp\/v2\/vezava?post=50999"}],"curies":[{"name":"wp","href":"https:\/\/api.w.org\/{rel}","templated":true}]}}