{"id":5096,"date":"2018-11-02T12:12:33","date_gmt":"2018-11-02T11:12:33","guid":{"rendered":"https:\/\/www.iskreni.net\/trgovina\/product\/stenske-nalepke-besede\/"},"modified":"2025-09-17T11:45:51","modified_gmt":"2025-09-17T09:45:51","slug":"stenske-nalepke-besede","status":"publish","type":"product","link":"https:\/\/www.iskreni.net\/trgovina\/product\/stenske-nalepke-besede\/","title":{"rendered":"Stenske nalepke &#8211; besede"},"content":{"rendered":"<p>Stenske nalepke &#8211; besede so na voljo v obliki izrezanih \u010drk iz visoko kvalitetne in zelo obstojne srebrne in zlate mat folije. Primerni so za lepljenje na steklene povr\u0161ine in stene. Lepljenje je enostavno s pomo\u010djo prenosne folije.<br \/>\nPisava je preprosta a klasi\u010dna, saj \u017eelimo, da je poudarjena beseda, ne pa da je pozornost namenjena izumetni\u010deni pisavi.<br \/>\nVelikost \u010drk pri besedah je pribli\u017eno 5 cm, dol\u017eina pa od 15 do 60 cm. Nalepke so pakirane v manj\u0161i kartonski \u0161katlici, ki je primerna tudi za darilo. Velikost \u0161katlic je 14 cm x 11,8 cm x 8 cm.<br \/>\nNalepke zelo lepo delujejo na razli\u010dnih povr\u0161inah. Posebej na stenah stanovanja (spalnica, dnevna soba, otro\u0161ka soba, hodnik, &#8230;) ali hi\u0161e. Primerne so tudi za poslovne prostore, saj so opazni, pa hkrati ravno dovolj nevpadljivi. Njihov namen je, da nas dnevno spodbujajo in usmerjajo na na\u0161ih \u017eivljenjskih poteh. So tista dobra misel, ki nam polep\u0161a dan.<\/p>\n<p>&nbsp;<\/p>\n<h4>BESEDE, ki so na voljo:<\/h4>\n<ul>\n<li>LJUBEZEN<\/li>\n<li>MIDVA<\/li>\n<li>ZAUPAJ<\/li>\n<li>ZA VEDNO<\/li>\n<li>FOREVER<\/li>\n<li>LOVE<\/li>\n<li>ME&amp;YOU<\/li>\n<li>BELIEVE<\/li>\n<li>PERFECT<\/li>\n<\/ul>\n<p>Stenske nalepke izdeluje Gnezdo umetnin.<\/p>\n","protected":false},"excerpt":{"rendered":"<p>Stenske nalepke iz visoko kvalitetne folije s\u00a0spodbudnimi besedami.<\/p>\n<p>Velikost \u010drk je pribli\u017eno 5 cm, dol\u017eina pa od 15 do 60 cm.<\/p>\n","protected":false},"featured_media":5263,"comment_status":"open","ping_status":"closed","template":"","meta":[],"product_brand":[],"product_cat":[665],"product_tag":[],"avtor":[],"zalozba":[],"vezava":[],"class_list":{"0":"post-5096","1":"product","2":"type-product","3":"status-publish","4":"has-post-thumbnail","6":"product_cat-stenske-nalepke","8":"first","9":"instock","10":"taxable","11":"shipping-taxable","12":"purchasable","13":"product-type-variable"},"yoast_head":"<!-- This site is optimized with the Yoast SEO plugin v26.3 - https:\/\/yoast.com\/wordpress\/plugins\/seo\/ -->\n<title>Stenske nalepke - besede - trgovina Iskreni.net<\/title>\n<meta name=\"description\" content=\"Stenske nalepke s spodbudno besedo vas bodo usmerjali na \u017eivljenjskih poteh ter vam polep\u0161ali dan. Na voljo v sloven\u0161\u010dini ali angle\u0161\u010dini.\" \/>\n<meta name=\"robots\" content=\"index, follow, max-snippet:-1, max-image-preview:large, max-video-preview:-1\" \/>\n<link rel=\"canonical\" href=\"https:\/\/www.iskreni.net\/trgovina\/product\/stenske-nalepke-besede\/\" \/>\n<meta property=\"og:locale\" content=\"sl_SI\" \/>\n<meta property=\"og:type\" content=\"article\" \/>\n<meta property=\"og:title\" content=\"Stenske nalepke - besede - trgovina Iskreni.net\" \/>\n<meta property=\"og:description\" content=\"Stenske nalepke s spodbudno besedo vas bodo usmerjali na \u017eivljenjskih poteh ter vam polep\u0161ali dan. Na voljo v sloven\u0161\u010dini ali angle\u0161\u010dini.\" \/>\n<meta property=\"og:url\" content=\"https:\/\/www.iskreni.net\/trgovina\/product\/stenske-nalepke-besede\/\" \/>\n<meta property=\"og:site_name\" content=\"Zavod Iskreni\" \/>\n<meta property=\"article:modified_time\" content=\"2025-09-17T09:45:51+00:00\" \/>\n<meta property=\"og:image\" content=\"https:\/\/www.iskreni.net\/trgovina\/wp-content\/uploads\/2018\/11\/vse-besede-4.jpg\" \/>\n\t<meta property=\"og:image:width\" content=\"1072\" \/>\n\t<meta property=\"og:image:height\" content=\"1429\" \/>\n\t<meta property=\"og:image:type\" content=\"image\/jpeg\" \/>\n<meta name=\"twitter:card\" content=\"summary_large_image\" \/>\n<meta name=\"twitter:label1\" content=\"Est. reading time\" \/>\n\t<meta name=\"twitter:data1\" content=\"1 minuta\" \/>\n<script type=\"application\/ld+json\" class=\"yoast-schema-graph\">{\"@context\":\"https:\/\/schema.org\",\"@graph\":[{\"@type\":\"WebPage\",\"@id\":\"https:\/\/www.iskreni.net\/trgovina\/product\/stenske-nalepke-besede\/\",\"url\":\"https:\/\/www.iskreni.net\/trgovina\/product\/stenske-nalepke-besede\/\",\"name\":\"Stenske nalepke - besede - trgovina Iskreni.net\",\"isPartOf\":{\"@id\":\"https:\/\/www.iskreni.net\/trgovina\/#website\"},\"primaryImageOfPage\":{\"@id\":\"https:\/\/www.iskreni.net\/trgovina\/product\/stenske-nalepke-besede\/#primaryimage\"},\"image\":{\"@id\":\"https:\/\/www.iskreni.net\/trgovina\/product\/stenske-nalepke-besede\/#primaryimage\"},\"thumbnailUrl\":\"https:\/\/www.iskreni.net\/trgovina\/wp-content\/uploads\/2018\/11\/vse-besede-4.jpg\",\"datePublished\":\"2018-11-02T11:12:33+00:00\",\"dateModified\":\"2025-09-17T09:45:51+00:00\",\"description\":\"Stenske nalepke s spodbudno besedo vas bodo usmerjali na \u017eivljenjskih poteh ter vam polep\u0161ali dan. Na voljo v sloven\u0161\u010dini ali angle\u0161\u010dini.\",\"breadcrumb\":{\"@id\":\"https:\/\/www.iskreni.net\/trgovina\/product\/stenske-nalepke-besede\/#breadcrumb\"},\"inLanguage\":\"sl-SI\",\"potentialAction\":[{\"@type\":\"ReadAction\",\"target\":[\"https:\/\/www.iskreni.net\/trgovina\/product\/stenske-nalepke-besede\/\"]}]},{\"@type\":\"ImageObject\",\"inLanguage\":\"sl-SI\",\"@id\":\"https:\/\/www.iskreni.net\/trgovina\/product\/stenske-nalepke-besede\/#primaryimage\",\"url\":\"https:\/\/www.iskreni.net\/trgovina\/wp-content\/uploads\/2018\/11\/vse-besede-4.jpg\",\"contentUrl\":\"https:\/\/www.iskreni.net\/trgovina\/wp-content\/uploads\/2018\/11\/vse-besede-4.jpg\",\"width\":1072,\"height\":1429},{\"@type\":\"BreadcrumbList\",\"@id\":\"https:\/\/www.iskreni.net\/trgovina\/product\/stenske-nalepke-besede\/#breadcrumb\",\"itemListElement\":[{\"@type\":\"ListItem\",\"position\":1,\"name\":\"Home\",\"item\":\"https:\/\/www.iskreni.net\/trgovina\/\"},{\"@type\":\"ListItem\",\"position\":2,\"name\":\"Trgovina\",\"item\":\"https:\/\/www.iskreni.net\/trgovina\/trgovina\/\"},{\"@type\":\"ListItem\",\"position\":3,\"name\":\"Stenske nalepke &#8211; besede\"}]},{\"@type\":\"WebSite\",\"@id\":\"https:\/\/www.iskreni.net\/trgovina\/#website\",\"url\":\"https:\/\/www.iskreni.net\/trgovina\/\",\"name\":\"Zavod Iskreni\",\"description\":\"trgovina\",\"potentialAction\":[{\"@type\":\"SearchAction\",\"target\":{\"@type\":\"EntryPoint\",\"urlTemplate\":\"https:\/\/www.iskreni.net\/trgovina\/?s={search_term_string}\"},\"query-input\":{\"@type\":\"PropertyValueSpecification\",\"valueRequired\":true,\"valueName\":\"search_term_string\"}}],\"inLanguage\":\"sl-SI\"}]}<\/script>\n<!-- \/ Yoast SEO plugin. -->","yoast_head_json":{"title":"Stenske nalepke - besede - trgovina Iskreni.net","description":"Stenske nalepke s spodbudno besedo vas bodo usmerjali na \u017eivljenjskih poteh ter vam polep\u0161ali dan. Na voljo v sloven\u0161\u010dini ali angle\u0161\u010dini.","robots":{"index":"index","follow":"follow","max-snippet":"max-snippet:-1","max-image-preview":"max-image-preview:large","max-video-preview":"max-video-preview:-1"},"canonical":"https:\/\/www.iskreni.net\/trgovina\/product\/stenske-nalepke-besede\/","og_locale":"sl_SI","og_type":"article","og_title":"Stenske nalepke - besede - trgovina Iskreni.net","og_description":"Stenske nalepke s spodbudno besedo vas bodo usmerjali na \u017eivljenjskih poteh ter vam polep\u0161ali dan. Na voljo v sloven\u0161\u010dini ali angle\u0161\u010dini.","og_url":"https:\/\/www.iskreni.net\/trgovina\/product\/stenske-nalepke-besede\/","og_site_name":"Zavod Iskreni","article_modified_time":"2025-09-17T09:45:51+00:00","og_image":[{"width":1072,"height":1429,"url":"https:\/\/www.iskreni.net\/trgovina\/wp-content\/uploads\/2018\/11\/vse-besede-4.jpg","type":"image\/jpeg"}],"twitter_card":"summary_large_image","twitter_misc":{"Est. reading time":"1 minuta"},"schema":{"@context":"https:\/\/schema.org","@graph":[{"@type":"WebPage","@id":"https:\/\/www.iskreni.net\/trgovina\/product\/stenske-nalepke-besede\/","url":"https:\/\/www.iskreni.net\/trgovina\/product\/stenske-nalepke-besede\/","name":"Stenske nalepke - besede - trgovina Iskreni.net","isPartOf":{"@id":"https:\/\/www.iskreni.net\/trgovina\/#website"},"primaryImageOfPage":{"@id":"https:\/\/www.iskreni.net\/trgovina\/product\/stenske-nalepke-besede\/#primaryimage"},"image":{"@id":"https:\/\/www.iskreni.net\/trgovina\/product\/stenske-nalepke-besede\/#primaryimage"},"thumbnailUrl":"https:\/\/www.iskreni.net\/trgovina\/wp-content\/uploads\/2018\/11\/vse-besede-4.jpg","datePublished":"2018-11-02T11:12:33+00:00","dateModified":"2025-09-17T09:45:51+00:00","description":"Stenske nalepke s spodbudno besedo vas bodo usmerjali na \u017eivljenjskih poteh ter vam polep\u0161ali dan. Na voljo v sloven\u0161\u010dini ali angle\u0161\u010dini.","breadcrumb":{"@id":"https:\/\/www.iskreni.net\/trgovina\/product\/stenske-nalepke-besede\/#breadcrumb"},"inLanguage":"sl-SI","potentialAction":[{"@type":"ReadAction","target":["https:\/\/www.iskreni.net\/trgovina\/product\/stenske-nalepke-besede\/"]}]},{"@type":"ImageObject","inLanguage":"sl-SI","@id":"https:\/\/www.iskreni.net\/trgovina\/product\/stenske-nalepke-besede\/#primaryimage","url":"https:\/\/www.iskreni.net\/trgovina\/wp-content\/uploads\/2018\/11\/vse-besede-4.jpg","contentUrl":"https:\/\/www.iskreni.net\/trgovina\/wp-content\/uploads\/2018\/11\/vse-besede-4.jpg","width":1072,"height":1429},{"@type":"BreadcrumbList","@id":"https:\/\/www.iskreni.net\/trgovina\/product\/stenske-nalepke-besede\/#breadcrumb","itemListElement":[{"@type":"ListItem","position":1,"name":"Home","item":"https:\/\/www.iskreni.net\/trgovina\/"},{"@type":"ListItem","position":2,"name":"Trgovina","item":"https:\/\/www.iskreni.net\/trgovina\/trgovina\/"},{"@type":"ListItem","position":3,"name":"Stenske nalepke &#8211; besede"}]},{"@type":"WebSite","@id":"https:\/\/www.iskreni.net\/trgovina\/#website","url":"https:\/\/www.iskreni.net\/trgovina\/","name":"Zavod Iskreni","description":"trgovina","potentialAction":[{"@type":"SearchAction","target":{"@type":"EntryPoint","urlTemplate":"https:\/\/www.iskreni.net\/trgovina\/?s={search_term_string}"},"query-input":{"@type":"PropertyValueSpecification","valueRequired":true,"valueName":"search_term_string"}}],"inLanguage":"sl-SI"}]}},"_links":{"self":[{"href":"https:\/\/www.iskreni.net\/trgovina\/wp-json\/wp\/v2\/product\/5096","targetHints":{"allow":["GET"]}}],"collection":[{"href":"https:\/\/www.iskreni.net\/trgovina\/wp-json\/wp\/v2\/product"}],"about":[{"href":"https:\/\/www.iskreni.net\/trgovina\/wp-json\/wp\/v2\/types\/product"}],"replies":[{"embeddable":true,"href":"https:\/\/www.iskreni.net\/trgovina\/wp-json\/wp\/v2\/comments?post=5096"}],"version-history":[{"count":0,"href":"https:\/\/www.iskreni.net\/trgovina\/wp-json\/wp\/v2\/product\/5096\/revisions"}],"wp:featuredmedia":[{"embeddable":true,"href":"https:\/\/www.iskreni.net\/trgovina\/wp-json\/wp\/v2\/media\/5263"}],"wp:attachment":[{"href":"https:\/\/www.iskreni.net\/trgovina\/wp-json\/wp\/v2\/media?parent=5096"}],"wp:term":[{"taxonomy":"product_brand","embeddable":true,"href":"https:\/\/www.iskreni.net\/trgovina\/wp-json\/wp\/v2\/product_brand?post=5096"},{"taxonomy":"product_cat","embeddable":true,"href":"https:\/\/www.iskreni.net\/trgovina\/wp-json\/wp\/v2\/product_cat?post=5096"},{"taxonomy":"product_tag","embeddable":true,"href":"https:\/\/www.iskreni.net\/trgovina\/wp-json\/wp\/v2\/product_tag?post=5096"},{"taxonomy":"avtor","embeddable":true,"href":"https:\/\/www.iskreni.net\/trgovina\/wp-json\/wp\/v2\/avtor?post=5096"},{"taxonomy":"zalozba","embeddable":true,"href":"https:\/\/www.iskreni.net\/trgovina\/wp-json\/wp\/v2\/zalozba?post=5096"},{"taxonomy":"vezava","embeddable":true,"href":"https:\/\/www.iskreni.net\/trgovina\/wp-json\/wp\/v2\/vezava?post=5096"}],"curies":[{"name":"wp","href":"https:\/\/api.w.org\/{rel}","templated":true}]}}