{"id":50938,"date":"2022-02-10T12:11:30","date_gmt":"2022-02-10T11:11:30","guid":{"rendered":"https:\/\/www.iskreni.net\/trgovina\/?post_type=product&#038;p=50938"},"modified":"2026-02-20T11:03:57","modified_gmt":"2026-02-20T10:03:57","slug":"tukaj-sem-zate-pobarvanka","status":"publish","type":"product","link":"https:\/\/www.iskreni.net\/trgovina\/product\/tukaj-sem-zate-pobarvanka\/","title":{"rendered":"Tukaj sem zate &#8211; pobarvanka"},"content":{"rendered":"<h3><strong>O knjigi:<\/strong><\/h3>\n<p style=\"font-weight: 400;\">Pred vami je knjiga v pobarvanki in pobarvanka v knjigi &#8230; za vse tiste, ki radi barvate in se ob tem dru\u017eite z Jezusom. Vsako risbo, ki jo lahko pobarvate, spremlja Jezusov nagovor. Vsak nagovor temelji na Bo\u017eji Besedi. Pisan je preprosto in spodbuja k popolnemu zaupanju Vanj.<\/p>\n<p>Ta pobarvanka je resni\u010dno nekaj posebnega. Zakaj? Ker jo lahko pobarvate in ker jo lahko berete!<\/p>\n<p>Pobarvanka je tiskana na 170-gramskem, kvalitetnem brezlesnem papirju in je primerna za razli\u010dne tehnike barvanja.<\/p>\n<h3><strong>O avtorici:<\/strong><\/h3>\n<p style=\"font-weight: 400;\">Nata\u0161a Rupena je na akademiji Belle Arti v Benetkah do\u0161tudirala oblikovanje. Med \u0161tudijem je do\u017eivela spreobrnjenje v kr\u0161\u010dansko (katoli\u0161ko) vero, ki je mo\u010dno preobrnil njeno \u017eivljenjsko pot. Spoznala je, da jo \u017eivljenje kot umetnice ne osre\u010duje, zato je zapustila okolje galerij in ateljeja ter se poglobila v \u0161tudij teologije. Zaljubljena v Jezusa in njegove prijatelje v nebesih je Bogu izro\u010dila vse svoje talente in dolga leta v svojem delu ni na\u0161la pravega miru.<\/p>\n<p style=\"font-weight: 400;\">Njeno \u017eivljenje je bilo duhovno vseskozi nadvse pestro in bogato: globoko do\u017eivljanje Boga in Njegove navzo\u010dnosti jo je vedno znova spodbujalo k pisanju in tako so nastajale molitve, zapiski in \u010dlanki, objavljeni v katoli\u0161kih medijih. Po bolezni, zaradi katere je za ve\u010d mesecev oble\u017eala in hudem duhovnem boju, je nastala njena prva knjiga \u00bbVsega hudega \u2013 re\u0161i nas, o Gospod!\u00ab. Kmalu za tem so za\u010dela nastajati \u0161e besedila in ilustracije za otro\u0161ke knjige.<\/p>\n","protected":false},"excerpt":{"rendered":"<p><strong>\u0160tevilo strani:<\/strong> 32<br \/>\n<strong>\u0160tevilo slik za barvanje:<\/strong> 14<br \/>\n<strong>Leto izdaje:<\/strong> 2022<\/p>\n<p><em>Za male in velike, de\u010dke in dekleta, zame in zate.<\/em><\/p>\n<p>&nbsp;<\/p>\n","protected":false},"featured_media":50944,"comment_status":"open","ping_status":"closed","template":"","meta":[],"product_brand":[],"product_cat":[2324,63,135],"product_tag":[391,726,2634],"avtor":[2369],"zalozba":[2346],"vezava":[2307],"class_list":{"0":"post-50938","1":"product","2":"type-product","3":"status-publish","4":"has-post-thumbnail","6":"product_cat-duhovnost-in-osebna-rast","7":"product_cat-knjige","8":"product_cat-za-otroke","9":"product_tag-jezus","10":"product_tag-pobarvanka","11":"product_tag-tukaj-sem-zate","12":"avtor-natasa-rupena","13":"zalozba-samozalozba-fede-natasa-rupena-s-p","14":"vezava-mehka","16":"first","17":"instock","18":"taxable","19":"shipping-taxable","20":"purchasable","21":"product-type-simple"},"yoast_head":"<!-- This site is optimized with the Yoast SEO plugin v26.3 - https:\/\/yoast.com\/wordpress\/plugins\/seo\/ -->\n<title>Tukaj sem zate - pobarvanka - trgovina Iskreni<\/title>\n<meta name=\"description\" content=\"Tukaj sem zate - knjiga v pobarvanki in pobarvanka v knjigi. Vsako risbo spremlja Jezusov nagovor. Pisan je preprosto in spodbuja k popolnemu zaupanju Vanj.\" \/>\n<meta name=\"robots\" content=\"index, follow, max-snippet:-1, max-image-preview:large, max-video-preview:-1\" \/>\n<link rel=\"canonical\" href=\"https:\/\/www.iskreni.net\/trgovina\/product\/tukaj-sem-zate-pobarvanka\/\" \/>\n<meta property=\"og:locale\" content=\"sl_SI\" \/>\n<meta property=\"og:type\" content=\"article\" \/>\n<meta property=\"og:title\" content=\"Tukaj sem zate - pobarvanka - trgovina Iskreni\" \/>\n<meta property=\"og:description\" content=\"Tukaj sem zate - knjiga v pobarvanki in pobarvanka v knjigi. Vsako risbo spremlja Jezusov nagovor. Pisan je preprosto in spodbuja k popolnemu zaupanju Vanj.\" \/>\n<meta property=\"og:url\" content=\"https:\/\/www.iskreni.net\/trgovina\/product\/tukaj-sem-zate-pobarvanka\/\" \/>\n<meta property=\"og:site_name\" content=\"Zavod Iskreni\" \/>\n<meta property=\"article:modified_time\" content=\"2026-02-20T10:03:57+00:00\" \/>\n<meta property=\"og:image\" content=\"https:\/\/www.iskreni.net\/trgovina\/wp-content\/uploads\/2022\/02\/Tukaj-sem-zate-pobarvanka.jpg\" \/>\n\t<meta property=\"og:image:width\" content=\"600\" \/>\n\t<meta property=\"og:image:height\" content=\"600\" \/>\n\t<meta property=\"og:image:type\" content=\"image\/jpeg\" \/>\n<meta name=\"twitter:card\" content=\"summary_large_image\" \/>\n<meta name=\"twitter:label1\" content=\"Est. reading time\" \/>\n\t<meta name=\"twitter:data1\" content=\"2 minuti\" \/>\n<script type=\"application\/ld+json\" class=\"yoast-schema-graph\">{\"@context\":\"https:\/\/schema.org\",\"@graph\":[{\"@type\":\"WebPage\",\"@id\":\"https:\/\/www.iskreni.net\/trgovina\/product\/tukaj-sem-zate-pobarvanka\/\",\"url\":\"https:\/\/www.iskreni.net\/trgovina\/product\/tukaj-sem-zate-pobarvanka\/\",\"name\":\"Tukaj sem zate - pobarvanka - trgovina Iskreni\",\"isPartOf\":{\"@id\":\"https:\/\/www.iskreni.net\/trgovina\/#website\"},\"primaryImageOfPage\":{\"@id\":\"https:\/\/www.iskreni.net\/trgovina\/product\/tukaj-sem-zate-pobarvanka\/#primaryimage\"},\"image\":{\"@id\":\"https:\/\/www.iskreni.net\/trgovina\/product\/tukaj-sem-zate-pobarvanka\/#primaryimage\"},\"thumbnailUrl\":\"https:\/\/www.iskreni.net\/trgovina\/wp-content\/uploads\/2022\/02\/Tukaj-sem-zate-pobarvanka.jpg\",\"datePublished\":\"2022-02-10T11:11:30+00:00\",\"dateModified\":\"2026-02-20T10:03:57+00:00\",\"description\":\"Tukaj sem zate - knjiga v pobarvanki in pobarvanka v knjigi. Vsako risbo spremlja Jezusov nagovor. Pisan je preprosto in spodbuja k popolnemu zaupanju Vanj.\",\"breadcrumb\":{\"@id\":\"https:\/\/www.iskreni.net\/trgovina\/product\/tukaj-sem-zate-pobarvanka\/#breadcrumb\"},\"inLanguage\":\"sl-SI\",\"potentialAction\":[{\"@type\":\"ReadAction\",\"target\":[\"https:\/\/www.iskreni.net\/trgovina\/product\/tukaj-sem-zate-pobarvanka\/\"]}]},{\"@type\":\"ImageObject\",\"inLanguage\":\"sl-SI\",\"@id\":\"https:\/\/www.iskreni.net\/trgovina\/product\/tukaj-sem-zate-pobarvanka\/#primaryimage\",\"url\":\"https:\/\/www.iskreni.net\/trgovina\/wp-content\/uploads\/2022\/02\/Tukaj-sem-zate-pobarvanka.jpg\",\"contentUrl\":\"https:\/\/www.iskreni.net\/trgovina\/wp-content\/uploads\/2022\/02\/Tukaj-sem-zate-pobarvanka.jpg\",\"width\":600,\"height\":600},{\"@type\":\"BreadcrumbList\",\"@id\":\"https:\/\/www.iskreni.net\/trgovina\/product\/tukaj-sem-zate-pobarvanka\/#breadcrumb\",\"itemListElement\":[{\"@type\":\"ListItem\",\"position\":1,\"name\":\"Home\",\"item\":\"https:\/\/www.iskreni.net\/trgovina\/\"},{\"@type\":\"ListItem\",\"position\":2,\"name\":\"Trgovina\",\"item\":\"https:\/\/www.iskreni.net\/trgovina\/trgovina\/\"},{\"@type\":\"ListItem\",\"position\":3,\"name\":\"Tukaj sem zate &#8211; pobarvanka\"}]},{\"@type\":\"WebSite\",\"@id\":\"https:\/\/www.iskreni.net\/trgovina\/#website\",\"url\":\"https:\/\/www.iskreni.net\/trgovina\/\",\"name\":\"Zavod Iskreni\",\"description\":\"trgovina\",\"potentialAction\":[{\"@type\":\"SearchAction\",\"target\":{\"@type\":\"EntryPoint\",\"urlTemplate\":\"https:\/\/www.iskreni.net\/trgovina\/?s={search_term_string}\"},\"query-input\":{\"@type\":\"PropertyValueSpecification\",\"valueRequired\":true,\"valueName\":\"search_term_string\"}}],\"inLanguage\":\"sl-SI\"}]}<\/script>\n<!-- \/ Yoast SEO plugin. -->","yoast_head_json":{"title":"Tukaj sem zate - pobarvanka - trgovina Iskreni","description":"Tukaj sem zate - knjiga v pobarvanki in pobarvanka v knjigi. Vsako risbo spremlja Jezusov nagovor. Pisan je preprosto in spodbuja k popolnemu zaupanju Vanj.","robots":{"index":"index","follow":"follow","max-snippet":"max-snippet:-1","max-image-preview":"max-image-preview:large","max-video-preview":"max-video-preview:-1"},"canonical":"https:\/\/www.iskreni.net\/trgovina\/product\/tukaj-sem-zate-pobarvanka\/","og_locale":"sl_SI","og_type":"article","og_title":"Tukaj sem zate - pobarvanka - trgovina Iskreni","og_description":"Tukaj sem zate - knjiga v pobarvanki in pobarvanka v knjigi. Vsako risbo spremlja Jezusov nagovor. Pisan je preprosto in spodbuja k popolnemu zaupanju Vanj.","og_url":"https:\/\/www.iskreni.net\/trgovina\/product\/tukaj-sem-zate-pobarvanka\/","og_site_name":"Zavod Iskreni","article_modified_time":"2026-02-20T10:03:57+00:00","og_image":[{"width":600,"height":600,"url":"https:\/\/www.iskreni.net\/trgovina\/wp-content\/uploads\/2022\/02\/Tukaj-sem-zate-pobarvanka.jpg","type":"image\/jpeg"}],"twitter_card":"summary_large_image","twitter_misc":{"Est. reading time":"2 minuti"},"schema":{"@context":"https:\/\/schema.org","@graph":[{"@type":"WebPage","@id":"https:\/\/www.iskreni.net\/trgovina\/product\/tukaj-sem-zate-pobarvanka\/","url":"https:\/\/www.iskreni.net\/trgovina\/product\/tukaj-sem-zate-pobarvanka\/","name":"Tukaj sem zate - pobarvanka - trgovina Iskreni","isPartOf":{"@id":"https:\/\/www.iskreni.net\/trgovina\/#website"},"primaryImageOfPage":{"@id":"https:\/\/www.iskreni.net\/trgovina\/product\/tukaj-sem-zate-pobarvanka\/#primaryimage"},"image":{"@id":"https:\/\/www.iskreni.net\/trgovina\/product\/tukaj-sem-zate-pobarvanka\/#primaryimage"},"thumbnailUrl":"https:\/\/www.iskreni.net\/trgovina\/wp-content\/uploads\/2022\/02\/Tukaj-sem-zate-pobarvanka.jpg","datePublished":"2022-02-10T11:11:30+00:00","dateModified":"2026-02-20T10:03:57+00:00","description":"Tukaj sem zate - knjiga v pobarvanki in pobarvanka v knjigi. Vsako risbo spremlja Jezusov nagovor. Pisan je preprosto in spodbuja k popolnemu zaupanju Vanj.","breadcrumb":{"@id":"https:\/\/www.iskreni.net\/trgovina\/product\/tukaj-sem-zate-pobarvanka\/#breadcrumb"},"inLanguage":"sl-SI","potentialAction":[{"@type":"ReadAction","target":["https:\/\/www.iskreni.net\/trgovina\/product\/tukaj-sem-zate-pobarvanka\/"]}]},{"@type":"ImageObject","inLanguage":"sl-SI","@id":"https:\/\/www.iskreni.net\/trgovina\/product\/tukaj-sem-zate-pobarvanka\/#primaryimage","url":"https:\/\/www.iskreni.net\/trgovina\/wp-content\/uploads\/2022\/02\/Tukaj-sem-zate-pobarvanka.jpg","contentUrl":"https:\/\/www.iskreni.net\/trgovina\/wp-content\/uploads\/2022\/02\/Tukaj-sem-zate-pobarvanka.jpg","width":600,"height":600},{"@type":"BreadcrumbList","@id":"https:\/\/www.iskreni.net\/trgovina\/product\/tukaj-sem-zate-pobarvanka\/#breadcrumb","itemListElement":[{"@type":"ListItem","position":1,"name":"Home","item":"https:\/\/www.iskreni.net\/trgovina\/"},{"@type":"ListItem","position":2,"name":"Trgovina","item":"https:\/\/www.iskreni.net\/trgovina\/trgovina\/"},{"@type":"ListItem","position":3,"name":"Tukaj sem zate &#8211; pobarvanka"}]},{"@type":"WebSite","@id":"https:\/\/www.iskreni.net\/trgovina\/#website","url":"https:\/\/www.iskreni.net\/trgovina\/","name":"Zavod Iskreni","description":"trgovina","potentialAction":[{"@type":"SearchAction","target":{"@type":"EntryPoint","urlTemplate":"https:\/\/www.iskreni.net\/trgovina\/?s={search_term_string}"},"query-input":{"@type":"PropertyValueSpecification","valueRequired":true,"valueName":"search_term_string"}}],"inLanguage":"sl-SI"}]}},"_links":{"self":[{"href":"https:\/\/www.iskreni.net\/trgovina\/wp-json\/wp\/v2\/product\/50938","targetHints":{"allow":["GET"]}}],"collection":[{"href":"https:\/\/www.iskreni.net\/trgovina\/wp-json\/wp\/v2\/product"}],"about":[{"href":"https:\/\/www.iskreni.net\/trgovina\/wp-json\/wp\/v2\/types\/product"}],"replies":[{"embeddable":true,"href":"https:\/\/www.iskreni.net\/trgovina\/wp-json\/wp\/v2\/comments?post=50938"}],"version-history":[{"count":8,"href":"https:\/\/www.iskreni.net\/trgovina\/wp-json\/wp\/v2\/product\/50938\/revisions"}],"predecessor-version":[{"id":71482,"href":"https:\/\/www.iskreni.net\/trgovina\/wp-json\/wp\/v2\/product\/50938\/revisions\/71482"}],"wp:featuredmedia":[{"embeddable":true,"href":"https:\/\/www.iskreni.net\/trgovina\/wp-json\/wp\/v2\/media\/50944"}],"wp:attachment":[{"href":"https:\/\/www.iskreni.net\/trgovina\/wp-json\/wp\/v2\/media?parent=50938"}],"wp:term":[{"taxonomy":"product_brand","embeddable":true,"href":"https:\/\/www.iskreni.net\/trgovina\/wp-json\/wp\/v2\/product_brand?post=50938"},{"taxonomy":"product_cat","embeddable":true,"href":"https:\/\/www.iskreni.net\/trgovina\/wp-json\/wp\/v2\/product_cat?post=50938"},{"taxonomy":"product_tag","embeddable":true,"href":"https:\/\/www.iskreni.net\/trgovina\/wp-json\/wp\/v2\/product_tag?post=50938"},{"taxonomy":"avtor","embeddable":true,"href":"https:\/\/www.iskreni.net\/trgovina\/wp-json\/wp\/v2\/avtor?post=50938"},{"taxonomy":"zalozba","embeddable":true,"href":"https:\/\/www.iskreni.net\/trgovina\/wp-json\/wp\/v2\/zalozba?post=50938"},{"taxonomy":"vezava","embeddable":true,"href":"https:\/\/www.iskreni.net\/trgovina\/wp-json\/wp\/v2\/vezava?post=50938"}],"curies":[{"name":"wp","href":"https:\/\/api.w.org\/{rel}","templated":true}]}}