{"id":5081,"date":"2018-11-02T11:43:17","date_gmt":"2018-11-02T10:43:17","guid":{"rendered":"https:\/\/www.iskreni.net\/trgovina\/product\/stenske-nalepke-citat\/"},"modified":"2021-08-11T12:21:46","modified_gmt":"2021-08-11T10:21:46","slug":"stenske-nalepke-citat","status":"publish","type":"product","link":"https:\/\/www.iskreni.net\/trgovina\/product\/stenske-nalepke-citat\/","title":{"rendered":"Stenske nalepke &#8211; citat iz Svetega pisma"},"content":{"rendered":"<p>Stenske nalepke\u00a0so na voljo v obliki izrezanih \u010drk iz visoko kvalitetne in zelo obstojne srebrne in zlate mat folije. Primerni so za lepljenje na steklene povr\u0161ine in stene. Lepljenje je enostavno s pomo\u010djo prenosne folije.<br \/>\nPisava je preprosta, a klasi\u010dna, saj \u017eelimo, da je poudarjen citat, ne pa da je pozornost namenjena izumetni\u010deni pisavi.<br \/>\nVelikost \u010drk pri citatih je pribli\u017eno 3 cm, dol\u017eina pa od 60 do 100 cm. Nalepke so pakirane v manj\u0161i kartonski \u0161katlici, ki je primerna tudi za darilo. Velikost \u0161katlic je 14 cm x 11,8 cm x 8 cm.<br \/>\nNalepke zelo lepo delujejo na razli\u010dnih povr\u0161inah. Posebej na stenah stanovanja (spalnica, dnevna soba, otro\u0161ka soba, hodnik, &#8230;) ali hi\u0161e. Primerni so tudi za poslovne prostore, saj so opazni, pa hkrati ravno dovolj nevpadljivi. Njihov namen je, da nas dnevno spodbujajo in usmerjajo na na\u0161ih \u017eivljenjskih poteh. So tista dobra misel, ki nam polep\u0161a dan in v nas zbudi zavedanje Bo\u017ejega v \u017eivljenju.<\/p>\n<p>&nbsp;<\/p>\n<h4>STAVKI, ki so na voljo:<\/h4>\n<ul>\n<li>\u00bbDeni me kakor pe\u010dat na svoje srce, kot pe\u010dat na svojo roko!\u00ab Vp 8, 6<\/li>\n<li>\u00bbGospoda, svojega Boga, moli in njemu samemu slu\u017ei!\u00ab Lk 4, 8<\/li>\n<li>\u00bbVse ima svojo uro, vsako veselje ima svoj \u010das pod nebom.\u00ab Prd 3,1<\/li>\n<li>\u00bbPri vas naj se vse dela iz ljubezni.\u00ab 1 Kor 16, 14<\/li>\n<li>\u00bbVeselite se v upanju, potrpite v stiski, vztrajajte v molitvi.\u00ab Rim 12, 12<\/li>\n<li>\u00bbRazveseljuj se v Gospodu, pa ti bo dal, kar \u017eeli tvoje srce.\u00ab Ps 37,4<\/li>\n<li>\u00bbMoj ljubi je moj in jaz sem njegova.\u00ab Vp 2, 16<\/li>\n<li>\u00bbNad vsem tem pa naj bo ljubezen, ki je vez popolnosti.\u00ab Kol 3, 14<\/li>\n<li>\u00bb\u010ce boste verovali, boste prejeli vse, kar boste prosili v molitvi.\u00ab Mt 21, 22<\/li>\n<li>\u00bbGospod je moj pastir, ni\u010d mi ne manjka.\u00ab Ps 23, 1<\/li>\n<li>\u00bbVelike vode ne morejo pogasiti ljubezni in reke je ne morejo preplaviti.\u00ab Vp 8, 7<\/li>\n<li>\u00bbTo je moja zapoved, da se ljubite med seboj, kakor sem vas jaz ljubil.\u00ab Jn 15, 12<\/li>\n<\/ul>\n<p>Stenske nalepke izdeluje Gnezdo umetnin.<\/p>\n","protected":false},"excerpt":{"rendered":"<p>Stenske nalepke iz visoko kvalitetne folije s citati iz Svetega pisma.<\/p>\n<p>Velikost \u010drk je pribli\u017eno\u00a03 cm, dol\u017eina pa od 60 do 100 cm.<\/p>\n","protected":false},"featured_media":5268,"comment_status":"open","ping_status":"closed","template":"","meta":[],"product_brand":[],"product_cat":[665],"product_tag":[390],"avtor":[],"zalozba":[],"vezava":[],"class_list":{"0":"post-5081","1":"product","2":"type-product","3":"status-publish","4":"has-post-thumbnail","6":"product_cat-stenske-nalepke","7":"product_tag-sveto-pismo","9":"first","10":"instock","11":"taxable","12":"shipping-taxable","13":"purchasable","14":"product-type-variable"},"yoast_head":"<!-- This site is optimized with the Yoast SEO plugin v26.3 - https:\/\/yoast.com\/wordpress\/plugins\/seo\/ -->\n<title>Stenske nalepke - citat iz Svetega pisma - trgovina Iskreni.net<\/title>\n<meta name=\"description\" content=\"Stenske nalepke s citatom iz Svetega pisma vas bodo usmerjali na \u017eivljenjskih poteh ter vam polep\u0161ali dan in vas spodbujali k zavedanju Bo\u017ejega v \u017eivljenju.\" \/>\n<meta name=\"robots\" content=\"index, follow, max-snippet:-1, max-image-preview:large, max-video-preview:-1\" \/>\n<link rel=\"canonical\" href=\"https:\/\/www.iskreni.net\/trgovina\/product\/stenske-nalepke-citat\/\" \/>\n<meta property=\"og:locale\" content=\"sl_SI\" \/>\n<meta property=\"og:type\" content=\"article\" \/>\n<meta property=\"og:title\" content=\"Stenske nalepke - citat iz Svetega pisma - trgovina Iskreni.net\" \/>\n<meta property=\"og:description\" content=\"Stenske nalepke s citatom iz Svetega pisma vas bodo usmerjali na \u017eivljenjskih poteh ter vam polep\u0161ali dan in vas spodbujali k zavedanju Bo\u017ejega v \u017eivljenju.\" \/>\n<meta property=\"og:url\" content=\"https:\/\/www.iskreni.net\/trgovina\/product\/stenske-nalepke-citat\/\" \/>\n<meta property=\"og:site_name\" content=\"Zavod Iskreni\" \/>\n<meta property=\"article:modified_time\" content=\"2021-08-11T10:21:46+00:00\" \/>\n<meta property=\"og:image\" content=\"https:\/\/www.iskreni.net\/trgovina\/wp-content\/uploads\/2018\/11\/Nad-vsem-tem-pa-naj-bo1.jpg\" \/>\n\t<meta property=\"og:image:width\" content=\"1083\" \/>\n\t<meta property=\"og:image:height\" content=\"1444\" \/>\n\t<meta property=\"og:image:type\" content=\"image\/jpeg\" \/>\n<meta name=\"twitter:card\" content=\"summary_large_image\" \/>\n<meta name=\"twitter:label1\" content=\"Est. reading time\" \/>\n\t<meta name=\"twitter:data1\" content=\"2 minuti\" \/>\n<script type=\"application\/ld+json\" class=\"yoast-schema-graph\">{\"@context\":\"https:\/\/schema.org\",\"@graph\":[{\"@type\":\"WebPage\",\"@id\":\"https:\/\/www.iskreni.net\/trgovina\/product\/stenske-nalepke-citat\/\",\"url\":\"https:\/\/www.iskreni.net\/trgovina\/product\/stenske-nalepke-citat\/\",\"name\":\"Stenske nalepke - citat iz Svetega pisma - trgovina Iskreni.net\",\"isPartOf\":{\"@id\":\"https:\/\/www.iskreni.net\/trgovina\/#website\"},\"primaryImageOfPage\":{\"@id\":\"https:\/\/www.iskreni.net\/trgovina\/product\/stenske-nalepke-citat\/#primaryimage\"},\"image\":{\"@id\":\"https:\/\/www.iskreni.net\/trgovina\/product\/stenske-nalepke-citat\/#primaryimage\"},\"thumbnailUrl\":\"https:\/\/www.iskreni.net\/trgovina\/wp-content\/uploads\/2018\/11\/Nad-vsem-tem-pa-naj-bo1.jpg\",\"datePublished\":\"2018-11-02T10:43:17+00:00\",\"dateModified\":\"2021-08-11T10:21:46+00:00\",\"description\":\"Stenske nalepke s citatom iz Svetega pisma vas bodo usmerjali na \u017eivljenjskih poteh ter vam polep\u0161ali dan in vas spodbujali k zavedanju Bo\u017ejega v \u017eivljenju.\",\"breadcrumb\":{\"@id\":\"https:\/\/www.iskreni.net\/trgovina\/product\/stenske-nalepke-citat\/#breadcrumb\"},\"inLanguage\":\"sl-SI\",\"potentialAction\":[{\"@type\":\"ReadAction\",\"target\":[\"https:\/\/www.iskreni.net\/trgovina\/product\/stenske-nalepke-citat\/\"]}]},{\"@type\":\"ImageObject\",\"inLanguage\":\"sl-SI\",\"@id\":\"https:\/\/www.iskreni.net\/trgovina\/product\/stenske-nalepke-citat\/#primaryimage\",\"url\":\"https:\/\/www.iskreni.net\/trgovina\/wp-content\/uploads\/2018\/11\/Nad-vsem-tem-pa-naj-bo1.jpg\",\"contentUrl\":\"https:\/\/www.iskreni.net\/trgovina\/wp-content\/uploads\/2018\/11\/Nad-vsem-tem-pa-naj-bo1.jpg\",\"width\":1083,\"height\":1444},{\"@type\":\"BreadcrumbList\",\"@id\":\"https:\/\/www.iskreni.net\/trgovina\/product\/stenske-nalepke-citat\/#breadcrumb\",\"itemListElement\":[{\"@type\":\"ListItem\",\"position\":1,\"name\":\"Home\",\"item\":\"https:\/\/www.iskreni.net\/trgovina\/\"},{\"@type\":\"ListItem\",\"position\":2,\"name\":\"Trgovina\",\"item\":\"https:\/\/www.iskreni.net\/trgovina\/trgovina\/\"},{\"@type\":\"ListItem\",\"position\":3,\"name\":\"Stenske nalepke &#8211; citat iz Svetega pisma\"}]},{\"@type\":\"WebSite\",\"@id\":\"https:\/\/www.iskreni.net\/trgovina\/#website\",\"url\":\"https:\/\/www.iskreni.net\/trgovina\/\",\"name\":\"Zavod Iskreni\",\"description\":\"trgovina\",\"potentialAction\":[{\"@type\":\"SearchAction\",\"target\":{\"@type\":\"EntryPoint\",\"urlTemplate\":\"https:\/\/www.iskreni.net\/trgovina\/?s={search_term_string}\"},\"query-input\":{\"@type\":\"PropertyValueSpecification\",\"valueRequired\":true,\"valueName\":\"search_term_string\"}}],\"inLanguage\":\"sl-SI\"}]}<\/script>\n<!-- \/ Yoast SEO plugin. -->","yoast_head_json":{"title":"Stenske nalepke - citat iz Svetega pisma - trgovina Iskreni.net","description":"Stenske nalepke s citatom iz Svetega pisma vas bodo usmerjali na \u017eivljenjskih poteh ter vam polep\u0161ali dan in vas spodbujali k zavedanju Bo\u017ejega v \u017eivljenju.","robots":{"index":"index","follow":"follow","max-snippet":"max-snippet:-1","max-image-preview":"max-image-preview:large","max-video-preview":"max-video-preview:-1"},"canonical":"https:\/\/www.iskreni.net\/trgovina\/product\/stenske-nalepke-citat\/","og_locale":"sl_SI","og_type":"article","og_title":"Stenske nalepke - citat iz Svetega pisma - trgovina Iskreni.net","og_description":"Stenske nalepke s citatom iz Svetega pisma vas bodo usmerjali na \u017eivljenjskih poteh ter vam polep\u0161ali dan in vas spodbujali k zavedanju Bo\u017ejega v \u017eivljenju.","og_url":"https:\/\/www.iskreni.net\/trgovina\/product\/stenske-nalepke-citat\/","og_site_name":"Zavod Iskreni","article_modified_time":"2021-08-11T10:21:46+00:00","og_image":[{"width":1083,"height":1444,"url":"https:\/\/www.iskreni.net\/trgovina\/wp-content\/uploads\/2018\/11\/Nad-vsem-tem-pa-naj-bo1.jpg","type":"image\/jpeg"}],"twitter_card":"summary_large_image","twitter_misc":{"Est. reading time":"2 minuti"},"schema":{"@context":"https:\/\/schema.org","@graph":[{"@type":"WebPage","@id":"https:\/\/www.iskreni.net\/trgovina\/product\/stenske-nalepke-citat\/","url":"https:\/\/www.iskreni.net\/trgovina\/product\/stenske-nalepke-citat\/","name":"Stenske nalepke - citat iz Svetega pisma - trgovina Iskreni.net","isPartOf":{"@id":"https:\/\/www.iskreni.net\/trgovina\/#website"},"primaryImageOfPage":{"@id":"https:\/\/www.iskreni.net\/trgovina\/product\/stenske-nalepke-citat\/#primaryimage"},"image":{"@id":"https:\/\/www.iskreni.net\/trgovina\/product\/stenske-nalepke-citat\/#primaryimage"},"thumbnailUrl":"https:\/\/www.iskreni.net\/trgovina\/wp-content\/uploads\/2018\/11\/Nad-vsem-tem-pa-naj-bo1.jpg","datePublished":"2018-11-02T10:43:17+00:00","dateModified":"2021-08-11T10:21:46+00:00","description":"Stenske nalepke s citatom iz Svetega pisma vas bodo usmerjali na \u017eivljenjskih poteh ter vam polep\u0161ali dan in vas spodbujali k zavedanju Bo\u017ejega v \u017eivljenju.","breadcrumb":{"@id":"https:\/\/www.iskreni.net\/trgovina\/product\/stenske-nalepke-citat\/#breadcrumb"},"inLanguage":"sl-SI","potentialAction":[{"@type":"ReadAction","target":["https:\/\/www.iskreni.net\/trgovina\/product\/stenske-nalepke-citat\/"]}]},{"@type":"ImageObject","inLanguage":"sl-SI","@id":"https:\/\/www.iskreni.net\/trgovina\/product\/stenske-nalepke-citat\/#primaryimage","url":"https:\/\/www.iskreni.net\/trgovina\/wp-content\/uploads\/2018\/11\/Nad-vsem-tem-pa-naj-bo1.jpg","contentUrl":"https:\/\/www.iskreni.net\/trgovina\/wp-content\/uploads\/2018\/11\/Nad-vsem-tem-pa-naj-bo1.jpg","width":1083,"height":1444},{"@type":"BreadcrumbList","@id":"https:\/\/www.iskreni.net\/trgovina\/product\/stenske-nalepke-citat\/#breadcrumb","itemListElement":[{"@type":"ListItem","position":1,"name":"Home","item":"https:\/\/www.iskreni.net\/trgovina\/"},{"@type":"ListItem","position":2,"name":"Trgovina","item":"https:\/\/www.iskreni.net\/trgovina\/trgovina\/"},{"@type":"ListItem","position":3,"name":"Stenske nalepke &#8211; citat iz Svetega pisma"}]},{"@type":"WebSite","@id":"https:\/\/www.iskreni.net\/trgovina\/#website","url":"https:\/\/www.iskreni.net\/trgovina\/","name":"Zavod Iskreni","description":"trgovina","potentialAction":[{"@type":"SearchAction","target":{"@type":"EntryPoint","urlTemplate":"https:\/\/www.iskreni.net\/trgovina\/?s={search_term_string}"},"query-input":{"@type":"PropertyValueSpecification","valueRequired":true,"valueName":"search_term_string"}}],"inLanguage":"sl-SI"}]}},"_links":{"self":[{"href":"https:\/\/www.iskreni.net\/trgovina\/wp-json\/wp\/v2\/product\/5081","targetHints":{"allow":["GET"]}}],"collection":[{"href":"https:\/\/www.iskreni.net\/trgovina\/wp-json\/wp\/v2\/product"}],"about":[{"href":"https:\/\/www.iskreni.net\/trgovina\/wp-json\/wp\/v2\/types\/product"}],"replies":[{"embeddable":true,"href":"https:\/\/www.iskreni.net\/trgovina\/wp-json\/wp\/v2\/comments?post=5081"}],"version-history":[{"count":2,"href":"https:\/\/www.iskreni.net\/trgovina\/wp-json\/wp\/v2\/product\/5081\/revisions"}],"predecessor-version":[{"id":45242,"href":"https:\/\/www.iskreni.net\/trgovina\/wp-json\/wp\/v2\/product\/5081\/revisions\/45242"}],"wp:featuredmedia":[{"embeddable":true,"href":"https:\/\/www.iskreni.net\/trgovina\/wp-json\/wp\/v2\/media\/5268"}],"wp:attachment":[{"href":"https:\/\/www.iskreni.net\/trgovina\/wp-json\/wp\/v2\/media?parent=5081"}],"wp:term":[{"taxonomy":"product_brand","embeddable":true,"href":"https:\/\/www.iskreni.net\/trgovina\/wp-json\/wp\/v2\/product_brand?post=5081"},{"taxonomy":"product_cat","embeddable":true,"href":"https:\/\/www.iskreni.net\/trgovina\/wp-json\/wp\/v2\/product_cat?post=5081"},{"taxonomy":"product_tag","embeddable":true,"href":"https:\/\/www.iskreni.net\/trgovina\/wp-json\/wp\/v2\/product_tag?post=5081"},{"taxonomy":"avtor","embeddable":true,"href":"https:\/\/www.iskreni.net\/trgovina\/wp-json\/wp\/v2\/avtor?post=5081"},{"taxonomy":"zalozba","embeddable":true,"href":"https:\/\/www.iskreni.net\/trgovina\/wp-json\/wp\/v2\/zalozba?post=5081"},{"taxonomy":"vezava","embeddable":true,"href":"https:\/\/www.iskreni.net\/trgovina\/wp-json\/wp\/v2\/vezava?post=5081"}],"curies":[{"name":"wp","href":"https:\/\/api.w.org\/{rel}","templated":true}]}}