{"id":5076,"date":"2018-11-02T11:01:25","date_gmt":"2018-11-02T10:01:25","guid":{"rendered":"https:\/\/www.iskreni.net\/trgovina\/product\/pet-jezikov-ljubezni-za-samske\/"},"modified":"2024-01-12T10:45:54","modified_gmt":"2024-01-12T09:45:54","slug":"pet-jezikov-ljubezni-za-samske","status":"publish","type":"product","link":"https:\/\/www.iskreni.net\/trgovina\/product\/pet-jezikov-ljubezni-za-samske\/","title":{"rendered":"5 jezikov ljubezni za samske"},"content":{"rendered":"<h4>O knjigi:<\/h4>\n<p>Prva uspe\u0161nica Garyja Chapmana Pet jezikov ljubezni je \u017ee osvojila ve\u010d kot tri milijone bralcev po vsem svetu. Njeno sporo\u010dilo in bistvo je dr. Chapman prilagodil \u0161e posebnim potrebam in okoli\u0161\u010dinam samskih ljudi; tako je pred nami novost: Pet jezikov ljubezni za samske.<\/p>\n<p>Knjiga razkriva raznolike na\u010dine izra\u017eanja ljubezni, ki veljajo za vse odnose &#8211; ne glede na to, ali ste mladi, stari, ovdoveli, poro\u010deni, razvezani ali nikoli poro\u010deni. Knjigi je dodan vpra\u0161alnik za odkrivanjejezika ljubezni. Pri pisanju tega dela je avtor uporabil primere in anekdote iz bogatega 30-letnega terapevtskega dela s samskimi. V knjigi predstavljena na\u010dela sporazumevanja in sprejemanja brezpogojne ljubezni veljajo za vse na\u0161e odnose, vklju\u010dno tiste s prijatelji, sodelavci, so\u0161olci ali sostanovalci &#8211; ne glede na to, ali ste mladi ali stari, ovdoveli, poro\u010deni, razvezani ali nikoli poro\u010deni.<\/p>\n<p>Dr. Gary Chapman verjame, da vsi ljudje hrepenimo po popolni in brezpogojni ljubezni. Vendar take ljubezni ne bomo nikoli znali izraziti ali sprejeti, dokler se ne bomo nau\u010dili govoriti pravega &#8220;jezika ljubezni&#8221;. Knjiga Pet jezikov ljubezni za samske razkriva raznolike na\u010dine izra\u017eanja ljubezni. Tako poznamo pet jezikov ljubezni:<\/p>\n<ul>\n<li>Posve\u010den \u010das<\/li>\n<li>Besede potrditve<\/li>\n<li>Darila<\/li>\n<li>Usluge<\/li>\n<li>Dotik<\/li>\n<\/ul>\n<p>Avtor poziva samske ljudi, naj odkrijejo radost izra\u017eanja ljubezni in si s tem pridobijo ob\u010dutek, da so resni\u010dno ljubljeni.<\/p>\n<p>&nbsp;<\/p>\n<h4>O avtorju:<\/h4>\n<p>Dr. Gary Chapman je s svojo metodo petih jezikov ljubezni navdu\u0161il bralce vsepovsod po svetu zaradi preprostega recepta, kako ohraniti in spodbujati ljubezen. Jeziki ljubezni \u2013 Besede potrditve, Posve\u010den \u010das, Sprejemanje daril, Usluge in Dotik \u2013 imajo svoj pomen in svoje zakonitosti tudi pri samskih ljudeh. Pomagali vam bodo, da samsko \u017eivljenje ne bo tudi osamljeno \u017eivljenje.<\/p>\n<p><a href=\"https:\/\/www.iskreni.net\/trgovina\/wp-content\/uploads\/2024\/01\/pet-jezikov-ljubezni-za-samske.pdf\">Prelistajte knjigo:<\/a><\/p>\n<h4>Odlomek iz knjige:<\/h4>\n<p><em>Jasno, samski odrasli so raznolika skupina ljudi. Vendar pa so jim skupni tisti dejavniki, ki nas dru\u017eijo kot ljudi. Vsak se bori z vrednotami, na\u010deli, odnosi in smislom. \u010ce ste samski, tako kot drugi sku\u0161ate bolje spoznati sebe in najti svoje mesto v svetu. V srcu te \u017eelje je potreba, da bi kot neporo\u010dena oseba dajali in prejemali \u010dustveno ljubezen. Ne moremo zanikati, da bi samsko \u017eivljenje v\u010dasih bolje poimenovali osamljeno \u017eivljenje. Osamljenost lahko pomeni hrepeneti po spolnosti, vzgajati sam otroke, \u017ealovati za zakoncem ali drugo ljubljeno osebo, te\u017eko najti nekoga, s katerim bi se lahko povezali, fi nan\u010dno negotovost, soo\u010dati se s praznino petkovega ve\u010dera in \u0161e marsikaj. Toda v jedru se ti ljudje spoprijemajo z isto stvarjo: potrebo po tesnih, pomembnih odnosih z ljudmi, ki bi jim bilo mar zanje, bi jim bili na voljo in ki bi \u0161li z njimi skozi \u017eivljenje. <\/em><\/p>\n","protected":false},"excerpt":{"rendered":"<p><strong>Prevod:<\/strong> Ana Pavec<br \/>\n<strong>Zbirka:<\/strong>\u00a05 jezikov<br \/>\n<strong>\u0160tevilo strani:<\/strong> 200<br \/>\n<strong>Leto izdaje:<\/strong> 2018<\/p>\n<p><a href=\"https:\/\/www.iskreni.net\/trgovina\/wp-content\/uploads\/2024\/01\/pet-jezikov-ljubezni-za-samske.pdf\">Prelistajte knjigo:<\/a><\/p>\n<p><i>5 jezikov ljubezni za samske razkriva, kako na raznolike na\u010dine izraziti ljubezen in spodbuja samske, naj odkrijejo radost izra\u017eanja ljubezni in si s tem pridobijo ob\u010dutek, da so resni\u010dno ljubljeni.<\/i><\/p>\n","protected":false},"featured_media":5078,"comment_status":"open","ping_status":"closed","template":"","meta":[],"product_brand":[253],"product_cat":[2322,63],"product_tag":[654],"avtor":[2366],"zalozba":[2311],"vezava":[2306],"class_list":{"0":"post-5076","1":"product","2":"type-product","3":"status-publish","4":"has-post-thumbnail","6":"product_brand-druzina","7":"product_cat-druzina-in-odnosi","8":"product_cat-knjige","9":"product_tag-pet-jezikov-ljubezni","10":"avtor-gary-chapman","11":"zalozba-druzina","12":"vezava-trda","14":"first","15":"instock","16":"taxable","17":"shipping-taxable","18":"purchasable","19":"product-type-simple"},"yoast_head":"<!-- This site is optimized with the Yoast SEO plugin v26.3 - https:\/\/yoast.com\/wordpress\/plugins\/seo\/ -->\n<title>GaryChapman: Pet jezikov ljubezni za samske - trgovina Iskreni<\/title>\n<meta name=\"description\" content=\"Pet jezikov ljubezni za samske razkriva, kako na raznolike na\u010dine izraziti ljubezen in spodbuja samske, naj odkrijejo radost izra\u017eanja ljubezni.\" \/>\n<meta name=\"robots\" content=\"index, follow, max-snippet:-1, max-image-preview:large, max-video-preview:-1\" \/>\n<link rel=\"canonical\" href=\"https:\/\/www.iskreni.net\/trgovina\/product\/pet-jezikov-ljubezni-za-samske\/\" \/>\n<meta property=\"og:locale\" content=\"sl_SI\" \/>\n<meta property=\"og:type\" content=\"article\" \/>\n<meta property=\"og:title\" content=\"GaryChapman: Pet jezikov ljubezni za samske - trgovina Iskreni\" \/>\n<meta property=\"og:description\" content=\"Pet jezikov ljubezni za samske razkriva, kako na raznolike na\u010dine izraziti ljubezen in spodbuja samske, naj odkrijejo radost izra\u017eanja ljubezni.\" \/>\n<meta property=\"og:url\" content=\"https:\/\/www.iskreni.net\/trgovina\/product\/pet-jezikov-ljubezni-za-samske\/\" \/>\n<meta property=\"og:site_name\" content=\"Zavod Iskreni\" \/>\n<meta property=\"article:modified_time\" content=\"2024-01-12T09:45:54+00:00\" \/>\n<meta property=\"og:image\" content=\"https:\/\/www.iskreni.net\/trgovina\/wp-content\/uploads\/2018\/11\/Pet-jezikov-za-samske.jpg\" \/>\n\t<meta property=\"og:image:width\" content=\"500\" \/>\n\t<meta property=\"og:image:height\" content=\"744\" \/>\n\t<meta property=\"og:image:type\" content=\"image\/jpeg\" \/>\n<meta name=\"twitter:card\" content=\"summary_large_image\" \/>\n<meta name=\"twitter:label1\" content=\"Est. reading time\" \/>\n\t<meta name=\"twitter:data1\" content=\"3 minute\" \/>\n<script type=\"application\/ld+json\" class=\"yoast-schema-graph\">{\"@context\":\"https:\/\/schema.org\",\"@graph\":[{\"@type\":\"WebPage\",\"@id\":\"https:\/\/www.iskreni.net\/trgovina\/product\/pet-jezikov-ljubezni-za-samske\/\",\"url\":\"https:\/\/www.iskreni.net\/trgovina\/product\/pet-jezikov-ljubezni-za-samske\/\",\"name\":\"GaryChapman: Pet jezikov ljubezni za samske - trgovina Iskreni\",\"isPartOf\":{\"@id\":\"https:\/\/www.iskreni.net\/trgovina\/#website\"},\"primaryImageOfPage\":{\"@id\":\"https:\/\/www.iskreni.net\/trgovina\/product\/pet-jezikov-ljubezni-za-samske\/#primaryimage\"},\"image\":{\"@id\":\"https:\/\/www.iskreni.net\/trgovina\/product\/pet-jezikov-ljubezni-za-samske\/#primaryimage\"},\"thumbnailUrl\":\"https:\/\/www.iskreni.net\/trgovina\/wp-content\/uploads\/2018\/11\/Pet-jezikov-za-samske.jpg\",\"datePublished\":\"2018-11-02T10:01:25+00:00\",\"dateModified\":\"2024-01-12T09:45:54+00:00\",\"description\":\"Pet jezikov ljubezni za samske razkriva, kako na raznolike na\u010dine izraziti ljubezen in spodbuja samske, naj odkrijejo radost izra\u017eanja ljubezni.\",\"breadcrumb\":{\"@id\":\"https:\/\/www.iskreni.net\/trgovina\/product\/pet-jezikov-ljubezni-za-samske\/#breadcrumb\"},\"inLanguage\":\"sl-SI\",\"potentialAction\":[{\"@type\":\"ReadAction\",\"target\":[\"https:\/\/www.iskreni.net\/trgovina\/product\/pet-jezikov-ljubezni-za-samske\/\"]}]},{\"@type\":\"ImageObject\",\"inLanguage\":\"sl-SI\",\"@id\":\"https:\/\/www.iskreni.net\/trgovina\/product\/pet-jezikov-ljubezni-za-samske\/#primaryimage\",\"url\":\"https:\/\/www.iskreni.net\/trgovina\/wp-content\/uploads\/2018\/11\/Pet-jezikov-za-samske.jpg\",\"contentUrl\":\"https:\/\/www.iskreni.net\/trgovina\/wp-content\/uploads\/2018\/11\/Pet-jezikov-za-samske.jpg\",\"width\":500,\"height\":744,\"caption\":\"Pet jezikov ljubezni za samske\"},{\"@type\":\"BreadcrumbList\",\"@id\":\"https:\/\/www.iskreni.net\/trgovina\/product\/pet-jezikov-ljubezni-za-samske\/#breadcrumb\",\"itemListElement\":[{\"@type\":\"ListItem\",\"position\":1,\"name\":\"Home\",\"item\":\"https:\/\/www.iskreni.net\/trgovina\/\"},{\"@type\":\"ListItem\",\"position\":2,\"name\":\"Trgovina\",\"item\":\"https:\/\/www.iskreni.net\/trgovina\/trgovina\/\"},{\"@type\":\"ListItem\",\"position\":3,\"name\":\"5 jezikov ljubezni za samske\"}]},{\"@type\":\"WebSite\",\"@id\":\"https:\/\/www.iskreni.net\/trgovina\/#website\",\"url\":\"https:\/\/www.iskreni.net\/trgovina\/\",\"name\":\"Zavod Iskreni\",\"description\":\"trgovina\",\"potentialAction\":[{\"@type\":\"SearchAction\",\"target\":{\"@type\":\"EntryPoint\",\"urlTemplate\":\"https:\/\/www.iskreni.net\/trgovina\/?s={search_term_string}\"},\"query-input\":{\"@type\":\"PropertyValueSpecification\",\"valueRequired\":true,\"valueName\":\"search_term_string\"}}],\"inLanguage\":\"sl-SI\"}]}<\/script>\n<!-- \/ Yoast SEO plugin. -->","yoast_head_json":{"title":"GaryChapman: Pet jezikov ljubezni za samske - trgovina Iskreni","description":"Pet jezikov ljubezni za samske razkriva, kako na raznolike na\u010dine izraziti ljubezen in spodbuja samske, naj odkrijejo radost izra\u017eanja ljubezni.","robots":{"index":"index","follow":"follow","max-snippet":"max-snippet:-1","max-image-preview":"max-image-preview:large","max-video-preview":"max-video-preview:-1"},"canonical":"https:\/\/www.iskreni.net\/trgovina\/product\/pet-jezikov-ljubezni-za-samske\/","og_locale":"sl_SI","og_type":"article","og_title":"GaryChapman: Pet jezikov ljubezni za samske - trgovina Iskreni","og_description":"Pet jezikov ljubezni za samske razkriva, kako na raznolike na\u010dine izraziti ljubezen in spodbuja samske, naj odkrijejo radost izra\u017eanja ljubezni.","og_url":"https:\/\/www.iskreni.net\/trgovina\/product\/pet-jezikov-ljubezni-za-samske\/","og_site_name":"Zavod Iskreni","article_modified_time":"2024-01-12T09:45:54+00:00","og_image":[{"width":500,"height":744,"url":"https:\/\/www.iskreni.net\/trgovina\/wp-content\/uploads\/2018\/11\/Pet-jezikov-za-samske.jpg","type":"image\/jpeg"}],"twitter_card":"summary_large_image","twitter_misc":{"Est. reading time":"3 minute"},"schema":{"@context":"https:\/\/schema.org","@graph":[{"@type":"WebPage","@id":"https:\/\/www.iskreni.net\/trgovina\/product\/pet-jezikov-ljubezni-za-samske\/","url":"https:\/\/www.iskreni.net\/trgovina\/product\/pet-jezikov-ljubezni-za-samske\/","name":"GaryChapman: Pet jezikov ljubezni za samske - trgovina Iskreni","isPartOf":{"@id":"https:\/\/www.iskreni.net\/trgovina\/#website"},"primaryImageOfPage":{"@id":"https:\/\/www.iskreni.net\/trgovina\/product\/pet-jezikov-ljubezni-za-samske\/#primaryimage"},"image":{"@id":"https:\/\/www.iskreni.net\/trgovina\/product\/pet-jezikov-ljubezni-za-samske\/#primaryimage"},"thumbnailUrl":"https:\/\/www.iskreni.net\/trgovina\/wp-content\/uploads\/2018\/11\/Pet-jezikov-za-samske.jpg","datePublished":"2018-11-02T10:01:25+00:00","dateModified":"2024-01-12T09:45:54+00:00","description":"Pet jezikov ljubezni za samske razkriva, kako na raznolike na\u010dine izraziti ljubezen in spodbuja samske, naj odkrijejo radost izra\u017eanja ljubezni.","breadcrumb":{"@id":"https:\/\/www.iskreni.net\/trgovina\/product\/pet-jezikov-ljubezni-za-samske\/#breadcrumb"},"inLanguage":"sl-SI","potentialAction":[{"@type":"ReadAction","target":["https:\/\/www.iskreni.net\/trgovina\/product\/pet-jezikov-ljubezni-za-samske\/"]}]},{"@type":"ImageObject","inLanguage":"sl-SI","@id":"https:\/\/www.iskreni.net\/trgovina\/product\/pet-jezikov-ljubezni-za-samske\/#primaryimage","url":"https:\/\/www.iskreni.net\/trgovina\/wp-content\/uploads\/2018\/11\/Pet-jezikov-za-samske.jpg","contentUrl":"https:\/\/www.iskreni.net\/trgovina\/wp-content\/uploads\/2018\/11\/Pet-jezikov-za-samske.jpg","width":500,"height":744,"caption":"Pet jezikov ljubezni za samske"},{"@type":"BreadcrumbList","@id":"https:\/\/www.iskreni.net\/trgovina\/product\/pet-jezikov-ljubezni-za-samske\/#breadcrumb","itemListElement":[{"@type":"ListItem","position":1,"name":"Home","item":"https:\/\/www.iskreni.net\/trgovina\/"},{"@type":"ListItem","position":2,"name":"Trgovina","item":"https:\/\/www.iskreni.net\/trgovina\/trgovina\/"},{"@type":"ListItem","position":3,"name":"5 jezikov ljubezni za samske"}]},{"@type":"WebSite","@id":"https:\/\/www.iskreni.net\/trgovina\/#website","url":"https:\/\/www.iskreni.net\/trgovina\/","name":"Zavod Iskreni","description":"trgovina","potentialAction":[{"@type":"SearchAction","target":{"@type":"EntryPoint","urlTemplate":"https:\/\/www.iskreni.net\/trgovina\/?s={search_term_string}"},"query-input":{"@type":"PropertyValueSpecification","valueRequired":true,"valueName":"search_term_string"}}],"inLanguage":"sl-SI"}]}},"_links":{"self":[{"href":"https:\/\/www.iskreni.net\/trgovina\/wp-json\/wp\/v2\/product\/5076","targetHints":{"allow":["GET"]}}],"collection":[{"href":"https:\/\/www.iskreni.net\/trgovina\/wp-json\/wp\/v2\/product"}],"about":[{"href":"https:\/\/www.iskreni.net\/trgovina\/wp-json\/wp\/v2\/types\/product"}],"replies":[{"embeddable":true,"href":"https:\/\/www.iskreni.net\/trgovina\/wp-json\/wp\/v2\/comments?post=5076"}],"version-history":[{"count":4,"href":"https:\/\/www.iskreni.net\/trgovina\/wp-json\/wp\/v2\/product\/5076\/revisions"}],"predecessor-version":[{"id":72379,"href":"https:\/\/www.iskreni.net\/trgovina\/wp-json\/wp\/v2\/product\/5076\/revisions\/72379"}],"wp:featuredmedia":[{"embeddable":true,"href":"https:\/\/www.iskreni.net\/trgovina\/wp-json\/wp\/v2\/media\/5078"}],"wp:attachment":[{"href":"https:\/\/www.iskreni.net\/trgovina\/wp-json\/wp\/v2\/media?parent=5076"}],"wp:term":[{"taxonomy":"product_brand","embeddable":true,"href":"https:\/\/www.iskreni.net\/trgovina\/wp-json\/wp\/v2\/product_brand?post=5076"},{"taxonomy":"product_cat","embeddable":true,"href":"https:\/\/www.iskreni.net\/trgovina\/wp-json\/wp\/v2\/product_cat?post=5076"},{"taxonomy":"product_tag","embeddable":true,"href":"https:\/\/www.iskreni.net\/trgovina\/wp-json\/wp\/v2\/product_tag?post=5076"},{"taxonomy":"avtor","embeddable":true,"href":"https:\/\/www.iskreni.net\/trgovina\/wp-json\/wp\/v2\/avtor?post=5076"},{"taxonomy":"zalozba","embeddable":true,"href":"https:\/\/www.iskreni.net\/trgovina\/wp-json\/wp\/v2\/zalozba?post=5076"},{"taxonomy":"vezava","embeddable":true,"href":"https:\/\/www.iskreni.net\/trgovina\/wp-json\/wp\/v2\/vezava?post=5076"}],"curies":[{"name":"wp","href":"https:\/\/api.w.org\/{rel}","templated":true}]}}