{"id":4926,"date":"2018-10-08T16:12:25","date_gmt":"2018-10-08T14:12:25","guid":{"rendered":"https:\/\/www.iskreni.net\/trgovina\/?post_type=product&#038;p=4926"},"modified":"2025-11-28T11:24:50","modified_gmt":"2025-11-28T10:24:50","slug":"okrasni-kamen","status":"publish","type":"product","link":"https:\/\/www.iskreni.net\/trgovina\/product\/okrasni-kamen\/","title":{"rendered":"Okrasni kamen"},"content":{"rendered":"<p style=\"font-weight: 400;\">Okrasni kamen je unikaten, ro\u010dno poslikan kamen z barvami, odpornimi na vlago in UV svetlobo. \u010ceprav je namenjen za zunanjo uporabo, saj je nastal prav z mislijo, da bi ga na grob polo\u017eili namesto sve\u010de (in s tem pomagali varovati okolje), pa je lahko tudi \u010dudovit okras pisarni\u0161ke mize ali lep spomin\u010dek.<\/p>\n<p style=\"font-weight: 400;\">Okrasni kamen dobite v li\u010dni darilni embala\u017ei, vsakemu okrasnemu kamnu pa je prilo\u017een tudi opis simbolike, ki jo nosi. Prilagamo tudi t.i. certifikat, ki pomeni, da je bil ta kamen naslikan v kr\u0161\u010danskem domu, z mislijo na kupca in prejemnika (ob prepevanju in nemalokrat tudi hihitanju deklet). Certifikat tudi pomeni, da je ve\u010dina zneska namenjena Zavod Iskreni za njegovo delovanje.<\/p>\n<p>&nbsp;<\/p>\n<h4><\/h4>\n<h4><strong>VZORCI:<\/strong><\/h4>\n<p style=\"font-weight: 400;\"><strong>KRI\u017d &#8211;\u00a0<\/strong>simbol upanja v vstajenje umrlega<\/p>\n<p style=\"font-weight: 400;\"><strong>KROG\u00a0<\/strong>\u00a0&#8211; rozeta ali spirala &#8211; krog ponazarja neskon\u010dno, brezpogojno Bo\u017ejo ljubezen, ki nima za\u010detka, ne konca. V obliki spirale je poudarjen ob\u010dutek &#8220;\u0161irjenja&#8221; Bo\u017eje ljubezni na vsa na\u0161a podro\u010dja delovanja. Ponazarja tudi na\u0161o ljubezen do umrlega, ki se s smrtjo ni kon\u010dala.<\/p>\n<p style=\"font-weight: 400;\">Krog hkrati predstavlja tudi Bo\u017ejo popolnost in s tem na\u0161e zaupanje v popoln Bo\u017eji na\u010drt, ki presega konec \u017eivljenja na zemlji.<\/p>\n<p style=\"font-weight: 400;\"><strong>SRCE<\/strong>\u00a0ima mo\u010dan simbolni pomen, kot simbol ljubezni do pokojnega, ter simbol izro\u010danja pokojnega v Marijino brezmade\u017eno in v Jezusovo presveto srce.<\/p>\n<p>&nbsp;<\/p>\n<h4><\/h4>\n<h4><strong>BARVE:<\/strong><\/h4>\n<p style=\"font-weight: 400;\"><strong>\u010cRNA\u00a0\u2013 ponavadi izbrana za ozadje, saj daje odli\u010den kontrast vsebini <\/strong>&#8211;\u00a0spominja na \u017ealost nad izgubo, smrt, lo\u010ditev<\/p>\n<p style=\"font-weight: 400;\"><strong>BELA\u00a0<\/strong>spominja na \u010distost, nedol\u017enost<\/p>\n<p style=\"font-weight: 400;\"><strong>ZLATA &#8211; pogosto uporabljena \u017ee med prvimi kristjani <\/strong>&#8211;\u00a0odseva \u017eare\u010do Bo\u017ejo lu\u010d in nas spominja, da za vse, ki so v nebesih, na svetu ni senc.<\/p>\n<p style=\"font-weight: 400;\"><strong>RDE\u010cA:\u00a0<\/strong>ljubezen, veselje, Sv. duh, ogenj, Kristusova kri, mu\u010deni\u0161tvo<\/p>\n<p style=\"font-weight: 400;\"><strong>VIJOLI\u010cNA:\u00a0<\/strong>barva pokore, spokornosti, spreobrnitve, zavesti. Je pa tudi barva presti\u017ea, kraljevska barva, zato nas spominja na Jezusa, ki je Kralj vseh kraljev. Vijoli\u010dna zdru\u017euje rde\u010do in modro &#8211; kar je simbol Jezusove krvi &#8211; rde\u010de &#8211; \u010dlove\u0161ke in modre &#8211; kraljevske, bo\u017eje, nebe\u0161ke<\/p>\n<p style=\"font-weight: 400;\"><strong>ZELENA:\u00a0<\/strong>barva ve\u010dnega \u017eivljenja, upanja, stvarjenja, narave<\/p>\n<p style=\"font-weight: 400;\"><strong>ROZA<\/strong>: Barva veselja<\/p>\n<p style=\"font-weight: 400;\"><strong>MODRA:\u00a0<\/strong>Barva duhovnega, prese\u017enega, nebes. Tudi Marijina barva.<\/p>\n<p style=\"font-weight: 400;\">Kljub pravilom pa smo si jih dovolile tudi malo kr\u0161iti. Tako so naprimer nastali kamni s podobo na\u0161e mame Marije.<\/p>\n<p style=\"font-weight: 400;\"><em><strong>1 evro od vsakega prodanega kamna bomo namenili akciji Manj sve\u010dk za manj grobov, ki z zbranimi sredstvi pomaga financirati nakup medicinske opreme.<\/strong><\/em><\/p>\n","protected":false},"excerpt":{"rendered":"<p>Res je nekaj posebnega zreti lu\u010dko. Pravzaprav je mali obred, ko pristopi\u0161 k grobu, se skloni\u0161 in pri\u017ege\u0161 sve\u010dko \u2026 a kaj, ko ta lu\u010dka s seboj prina\u0161a tudi tolik\u0161no koli\u010dino plastike, ki res po nepotrebnem obremenjuje na\u0161 planet.<\/p>\n<p>Okrasni kamen je lahko lep spomin na na\u0161e rajne, lahko pa z njim okrasite tudi doma\u010do mizo.<\/p>\n","protected":false},"featured_media":5035,"comment_status":"open","ping_status":"closed","template":"","meta":[],"product_brand":[],"product_cat":[2420,421,65],"product_tag":[2429],"avtor":[],"zalozba":[],"vezava":[],"class_list":{"0":"post-4926","1":"product","2":"type-product","3":"status-publish","4":"has-post-thumbnail","6":"product_cat-posebne-priloznosti","7":"product_cat-spominki-in-drobni-predmeti","8":"product_cat-izdelki-iskreni-net","9":"product_tag-zalni-program","11":"first","12":"instock","13":"taxable","14":"shipping-taxable","15":"purchasable","16":"product-type-variable"},"yoast_head":"<!-- This site is optimized with the Yoast SEO plugin v26.3 - https:\/\/yoast.com\/wordpress\/plugins\/seo\/ -->\n<title>Okrasni kamen - v spomin na va\u0161e rajne ali v okras na va\u0161i mizi<\/title>\n<meta name=\"description\" content=\"Okrasni kamen, ki ga lahko namesto sve\u010dke polo\u017eite na grob ali pa z njim okrasite doma\u010do mizo. V spomin na rajne prijatelje ali znance, ali pa le kot okras.\" \/>\n<meta name=\"robots\" content=\"index, follow, max-snippet:-1, max-image-preview:large, max-video-preview:-1\" \/>\n<link rel=\"canonical\" href=\"https:\/\/www.iskreni.net\/trgovina\/product\/okrasni-kamen\/\" \/>\n<meta property=\"og:locale\" content=\"sl_SI\" \/>\n<meta property=\"og:type\" content=\"article\" \/>\n<meta property=\"og:title\" content=\"Okrasni kamen - v spomin na va\u0161e rajne ali v okras na va\u0161i mizi\" \/>\n<meta property=\"og:description\" content=\"Okrasni kamen, ki ga lahko namesto sve\u010dke polo\u017eite na grob ali pa z njim okrasite doma\u010do mizo. V spomin na rajne prijatelje ali znance, ali pa le kot okras.\" \/>\n<meta property=\"og:url\" content=\"https:\/\/www.iskreni.net\/trgovina\/product\/okrasni-kamen\/\" \/>\n<meta property=\"og:site_name\" content=\"Zavod Iskreni\" \/>\n<meta property=\"article:modified_time\" content=\"2025-11-28T10:24:50+00:00\" \/>\n<meta property=\"og:image\" content=\"https:\/\/www.iskreni.net\/trgovina\/wp-content\/uploads\/2018\/10\/Copy-of-IMG_20181009_150634-scaled.jpg\" \/>\n\t<meta property=\"og:image:width\" content=\"2560\" \/>\n\t<meta property=\"og:image:height\" content=\"2102\" \/>\n\t<meta property=\"og:image:type\" content=\"image\/jpeg\" \/>\n<meta name=\"twitter:card\" content=\"summary_large_image\" \/>\n<meta name=\"twitter:label1\" content=\"Est. reading time\" \/>\n\t<meta name=\"twitter:data1\" content=\"3 minute\" \/>\n<script type=\"application\/ld+json\" class=\"yoast-schema-graph\">{\"@context\":\"https:\/\/schema.org\",\"@graph\":[{\"@type\":\"WebPage\",\"@id\":\"https:\/\/www.iskreni.net\/trgovina\/product\/okrasni-kamen\/\",\"url\":\"https:\/\/www.iskreni.net\/trgovina\/product\/okrasni-kamen\/\",\"name\":\"Okrasni kamen - v spomin na va\u0161e rajne ali v okras na va\u0161i mizi\",\"isPartOf\":{\"@id\":\"https:\/\/www.iskreni.net\/trgovina\/#website\"},\"primaryImageOfPage\":{\"@id\":\"https:\/\/www.iskreni.net\/trgovina\/product\/okrasni-kamen\/#primaryimage\"},\"image\":{\"@id\":\"https:\/\/www.iskreni.net\/trgovina\/product\/okrasni-kamen\/#primaryimage\"},\"thumbnailUrl\":\"https:\/\/www.iskreni.net\/trgovina\/wp-content\/uploads\/2018\/10\/Copy-of-IMG_20181009_150634-scaled.jpg\",\"datePublished\":\"2018-10-08T14:12:25+00:00\",\"dateModified\":\"2025-11-28T10:24:50+00:00\",\"description\":\"Okrasni kamen, ki ga lahko namesto sve\u010dke polo\u017eite na grob ali pa z njim okrasite doma\u010do mizo. V spomin na rajne prijatelje ali znance, ali pa le kot okras.\",\"breadcrumb\":{\"@id\":\"https:\/\/www.iskreni.net\/trgovina\/product\/okrasni-kamen\/#breadcrumb\"},\"inLanguage\":\"sl-SI\",\"potentialAction\":[{\"@type\":\"ReadAction\",\"target\":[\"https:\/\/www.iskreni.net\/trgovina\/product\/okrasni-kamen\/\"]}]},{\"@type\":\"ImageObject\",\"inLanguage\":\"sl-SI\",\"@id\":\"https:\/\/www.iskreni.net\/trgovina\/product\/okrasni-kamen\/#primaryimage\",\"url\":\"https:\/\/www.iskreni.net\/trgovina\/wp-content\/uploads\/2018\/10\/Copy-of-IMG_20181009_150634-scaled.jpg\",\"contentUrl\":\"https:\/\/www.iskreni.net\/trgovina\/wp-content\/uploads\/2018\/10\/Copy-of-IMG_20181009_150634-scaled.jpg\",\"width\":2560,\"height\":2102,\"caption\":\"okrasni kamen\"},{\"@type\":\"BreadcrumbList\",\"@id\":\"https:\/\/www.iskreni.net\/trgovina\/product\/okrasni-kamen\/#breadcrumb\",\"itemListElement\":[{\"@type\":\"ListItem\",\"position\":1,\"name\":\"Home\",\"item\":\"https:\/\/www.iskreni.net\/trgovina\/\"},{\"@type\":\"ListItem\",\"position\":2,\"name\":\"Trgovina\",\"item\":\"https:\/\/www.iskreni.net\/trgovina\/trgovina\/\"},{\"@type\":\"ListItem\",\"position\":3,\"name\":\"Okrasni kamen\"}]},{\"@type\":\"WebSite\",\"@id\":\"https:\/\/www.iskreni.net\/trgovina\/#website\",\"url\":\"https:\/\/www.iskreni.net\/trgovina\/\",\"name\":\"Zavod Iskreni\",\"description\":\"trgovina\",\"potentialAction\":[{\"@type\":\"SearchAction\",\"target\":{\"@type\":\"EntryPoint\",\"urlTemplate\":\"https:\/\/www.iskreni.net\/trgovina\/?s={search_term_string}\"},\"query-input\":{\"@type\":\"PropertyValueSpecification\",\"valueRequired\":true,\"valueName\":\"search_term_string\"}}],\"inLanguage\":\"sl-SI\"}]}<\/script>\n<!-- \/ Yoast SEO plugin. -->","yoast_head_json":{"title":"Okrasni kamen - v spomin na va\u0161e rajne ali v okras na va\u0161i mizi","description":"Okrasni kamen, ki ga lahko namesto sve\u010dke polo\u017eite na grob ali pa z njim okrasite doma\u010do mizo. V spomin na rajne prijatelje ali znance, ali pa le kot okras.","robots":{"index":"index","follow":"follow","max-snippet":"max-snippet:-1","max-image-preview":"max-image-preview:large","max-video-preview":"max-video-preview:-1"},"canonical":"https:\/\/www.iskreni.net\/trgovina\/product\/okrasni-kamen\/","og_locale":"sl_SI","og_type":"article","og_title":"Okrasni kamen - v spomin na va\u0161e rajne ali v okras na va\u0161i mizi","og_description":"Okrasni kamen, ki ga lahko namesto sve\u010dke polo\u017eite na grob ali pa z njim okrasite doma\u010do mizo. V spomin na rajne prijatelje ali znance, ali pa le kot okras.","og_url":"https:\/\/www.iskreni.net\/trgovina\/product\/okrasni-kamen\/","og_site_name":"Zavod Iskreni","article_modified_time":"2025-11-28T10:24:50+00:00","og_image":[{"width":2560,"height":2102,"url":"https:\/\/www.iskreni.net\/trgovina\/wp-content\/uploads\/2018\/10\/Copy-of-IMG_20181009_150634-scaled.jpg","type":"image\/jpeg"}],"twitter_card":"summary_large_image","twitter_misc":{"Est. reading time":"3 minute"},"schema":{"@context":"https:\/\/schema.org","@graph":[{"@type":"WebPage","@id":"https:\/\/www.iskreni.net\/trgovina\/product\/okrasni-kamen\/","url":"https:\/\/www.iskreni.net\/trgovina\/product\/okrasni-kamen\/","name":"Okrasni kamen - v spomin na va\u0161e rajne ali v okras na va\u0161i mizi","isPartOf":{"@id":"https:\/\/www.iskreni.net\/trgovina\/#website"},"primaryImageOfPage":{"@id":"https:\/\/www.iskreni.net\/trgovina\/product\/okrasni-kamen\/#primaryimage"},"image":{"@id":"https:\/\/www.iskreni.net\/trgovina\/product\/okrasni-kamen\/#primaryimage"},"thumbnailUrl":"https:\/\/www.iskreni.net\/trgovina\/wp-content\/uploads\/2018\/10\/Copy-of-IMG_20181009_150634-scaled.jpg","datePublished":"2018-10-08T14:12:25+00:00","dateModified":"2025-11-28T10:24:50+00:00","description":"Okrasni kamen, ki ga lahko namesto sve\u010dke polo\u017eite na grob ali pa z njim okrasite doma\u010do mizo. V spomin na rajne prijatelje ali znance, ali pa le kot okras.","breadcrumb":{"@id":"https:\/\/www.iskreni.net\/trgovina\/product\/okrasni-kamen\/#breadcrumb"},"inLanguage":"sl-SI","potentialAction":[{"@type":"ReadAction","target":["https:\/\/www.iskreni.net\/trgovina\/product\/okrasni-kamen\/"]}]},{"@type":"ImageObject","inLanguage":"sl-SI","@id":"https:\/\/www.iskreni.net\/trgovina\/product\/okrasni-kamen\/#primaryimage","url":"https:\/\/www.iskreni.net\/trgovina\/wp-content\/uploads\/2018\/10\/Copy-of-IMG_20181009_150634-scaled.jpg","contentUrl":"https:\/\/www.iskreni.net\/trgovina\/wp-content\/uploads\/2018\/10\/Copy-of-IMG_20181009_150634-scaled.jpg","width":2560,"height":2102,"caption":"okrasni kamen"},{"@type":"BreadcrumbList","@id":"https:\/\/www.iskreni.net\/trgovina\/product\/okrasni-kamen\/#breadcrumb","itemListElement":[{"@type":"ListItem","position":1,"name":"Home","item":"https:\/\/www.iskreni.net\/trgovina\/"},{"@type":"ListItem","position":2,"name":"Trgovina","item":"https:\/\/www.iskreni.net\/trgovina\/trgovina\/"},{"@type":"ListItem","position":3,"name":"Okrasni kamen"}]},{"@type":"WebSite","@id":"https:\/\/www.iskreni.net\/trgovina\/#website","url":"https:\/\/www.iskreni.net\/trgovina\/","name":"Zavod Iskreni","description":"trgovina","potentialAction":[{"@type":"SearchAction","target":{"@type":"EntryPoint","urlTemplate":"https:\/\/www.iskreni.net\/trgovina\/?s={search_term_string}"},"query-input":{"@type":"PropertyValueSpecification","valueRequired":true,"valueName":"search_term_string"}}],"inLanguage":"sl-SI"}]}},"_links":{"self":[{"href":"https:\/\/www.iskreni.net\/trgovina\/wp-json\/wp\/v2\/product\/4926","targetHints":{"allow":["GET"]}}],"collection":[{"href":"https:\/\/www.iskreni.net\/trgovina\/wp-json\/wp\/v2\/product"}],"about":[{"href":"https:\/\/www.iskreni.net\/trgovina\/wp-json\/wp\/v2\/types\/product"}],"replies":[{"embeddable":true,"href":"https:\/\/www.iskreni.net\/trgovina\/wp-json\/wp\/v2\/comments?post=4926"}],"version-history":[{"count":2,"href":"https:\/\/www.iskreni.net\/trgovina\/wp-json\/wp\/v2\/product\/4926\/revisions"}],"predecessor-version":[{"id":67994,"href":"https:\/\/www.iskreni.net\/trgovina\/wp-json\/wp\/v2\/product\/4926\/revisions\/67994"}],"wp:featuredmedia":[{"embeddable":true,"href":"https:\/\/www.iskreni.net\/trgovina\/wp-json\/wp\/v2\/media\/5035"}],"wp:attachment":[{"href":"https:\/\/www.iskreni.net\/trgovina\/wp-json\/wp\/v2\/media?parent=4926"}],"wp:term":[{"taxonomy":"product_brand","embeddable":true,"href":"https:\/\/www.iskreni.net\/trgovina\/wp-json\/wp\/v2\/product_brand?post=4926"},{"taxonomy":"product_cat","embeddable":true,"href":"https:\/\/www.iskreni.net\/trgovina\/wp-json\/wp\/v2\/product_cat?post=4926"},{"taxonomy":"product_tag","embeddable":true,"href":"https:\/\/www.iskreni.net\/trgovina\/wp-json\/wp\/v2\/product_tag?post=4926"},{"taxonomy":"avtor","embeddable":true,"href":"https:\/\/www.iskreni.net\/trgovina\/wp-json\/wp\/v2\/avtor?post=4926"},{"taxonomy":"zalozba","embeddable":true,"href":"https:\/\/www.iskreni.net\/trgovina\/wp-json\/wp\/v2\/zalozba?post=4926"},{"taxonomy":"vezava","embeddable":true,"href":"https:\/\/www.iskreni.net\/trgovina\/wp-json\/wp\/v2\/vezava?post=4926"}],"curies":[{"name":"wp","href":"https:\/\/api.w.org\/{rel}","templated":true}]}}